{"id":9989,"date":"2024-12-11T08:27:25","date_gmt":"2024-12-11T08:27:25","guid":{"rendered":"https:\/\/bangvietbavicoboard.com\/?post_type=product&#038;p=9989"},"modified":"2025-02-25T11:06:57","modified_gmt":"2025-02-25T11:06:57","slug":"bang-viet-phan-cao-cap-an-do","status":"publish","type":"product","link":"https:\/\/bangvietbavicoboard.com\/en\/product\/bang-viet-phan-cao-cap-an-do\/","title":{"rendered":"B\u1ea3ng vi\u1ebft ph\u1ea5n cao c\u1ea5p \u1ea4n \u0110\u1ed9"},"content":{"rendered":"<p><strong>B\u1ea3ng vi\u1ebft ph\u1ea5n cao c\u1ea5p\u00a0\u1ea4n \u0110\u1ed9\u00a0<\/strong>l\u00e0 d\u00f2ng s\u1ea3n ph\u1ea9m cao c\u1ea5p c\u00f3 \u0111\u1ed9 b\u1ec1n cao, d\u1ec5 lau, ch\u1ed1ng m\u00e0i m\u00f2n, c\u00f3 2 m\u00e0u: xanh ng\u1ecdc ho\u1eb7c \u0111en.<\/p>\n<p><img loading=\"lazy\" decoding=\"async\" class=\"alignnone size-full wp-image-9990\" src=\"https:\/\/bangvietbavicoboard.com\/wp-content\/uploads\/2024\/12\/bang-viet-phan-cao-cap-120x90-1.png\" alt=\"\" width=\"1200\" height=\"900\" srcset=\"https:\/\/bangvietbavicoboard.com\/wp-content\/uploads\/2024\/12\/bang-viet-phan-cao-cap-120x90-1.png 1200w, https:\/\/bangvietbavicoboard.com\/wp-content\/uploads\/2024\/12\/bang-viet-phan-cao-cap-120x90-1-533x400.png 533w, https:\/\/bangvietbavicoboard.com\/wp-content\/uploads\/2024\/12\/bang-viet-phan-cao-cap-120x90-1-1067x800.png 1067w, https:\/\/bangvietbavicoboard.com\/wp-content\/uploads\/2024\/12\/bang-viet-phan-cao-cap-120x90-1-768x576.png 768w, https:\/\/bangvietbavicoboard.com\/wp-content\/uploads\/2024\/12\/bang-viet-phan-cao-cap-120x90-1-16x12.png 16w, https:\/\/bangvietbavicoboard.com\/wp-content\/uploads\/2024\/12\/bang-viet-phan-cao-cap-120x90-1-300x225.png 300w, https:\/\/bangvietbavicoboard.com\/wp-content\/uploads\/2024\/12\/bang-viet-phan-cao-cap-120x90-1-600x450.png 600w\" sizes=\"auto, (max-width: 1200px) 100vw, 1200px\" \/><\/p>\n<p><strong>B\u1ea3ng vi\u1ebft ph\u1ea5n cao c\u1ea5p\u00a0\u1ea4n \u0110\u1ed9<\/strong>\u00a0c\u00f3 c\u1ea5u t\u1ea1o nh\u01b0 sau:<\/p>\n<p>1. M\u1eb7t b\u1ea3ng: v\u1edbi ch\u1ea5t li\u1ec7u ch\u00ednh b\u1eb1ng Greenlam nh\u1eadp kh\u1ea9u t\u1eeb \u1ea4n \u0110\u1ed9.\u00a0M\u1eb7t\u00a0<strong>b\u1ea3ng vi\u1ebft ph\u1ea5n cao c\u1ea5p\u00a0\u1ea4n \u0110\u1ed9<\/strong>\u00a0c\u00f3 m\u00e0u xanh ng\u1ecdc ho\u1eb7c m\u00e0u \u0111en ch\u1ed1ng l\u00f3a, vi\u1ebft \u00eam, \u0111\u1eb7c bi\u1ec7t lau d\u1ec5 d\u00e0ng m\u00e0 kh\u00f4ng \u0111\u1ec3 l\u1ea1i d\u1ea5u. C\u00f3 th\u1ec3 k\u1ebb \u00f4 ly ho\u1eb7c kh\u00f4ng k\u1ebb \u00f4 ly theo y\u00eau c\u1ea7u.<\/p>\n<p>&gt;&gt;&gt; <span style=\"color: #0000ff;\"><strong><a style=\"color: #0000ff;\" href=\"https:\/\/www.youtube.com\/watch?v=T5ICoOMif2c&amp;pp=ygUXYuG6o25nIHBo4bqlbiBjYW8gY-G6pXA%3D\" target=\"_blank\" rel=\"noopener\"><em>(Click xem video) M\u1eb7t b\u1ea3ng Cao c\u1ea5p \u1ea4n \u0110\u1ed9<\/em><\/a><\/strong><\/span><\/p>\n<p>2. T\u1ea5m l\u00f3t b\u1ea3ng:\u00a0\u0111\u01b0\u1ee3c l\u00f3t b\u1eb1ng t\u1ea5m v\u00e1n MDF c\u00f3 v\u00e2n g\u1ed7 ch\u1ed1ng \u1ea9m, ch\u1ed1ng cong, mo, v\u00eanh, vi\u1ebft kh\u00f4ng b\u1ecb rung.<\/p>\n<p>3. Khung b\u1ea3ng:\u00a0\u0111\u01b0\u1ee3c vi\u1ec1n khung nh\u00f4m tr\u1eafng b\u00f3ng, \u0111\u01b0\u1ee3c thi\u1ebft k\u1ebf \u0111\u1ea3m b\u1ea3o t\u00ednh ch\u1ecbu l\u1ef1c cao.<\/p>\n<p>4. G\u00f3c b\u1ea3ng: gi\u1eefa hai g\u00f3c b\u1ea3ng vi\u1ebft ph\u1ea5n cao c\u1ea5p n\u1ed1i l\u1ea1i v\u1edbi nhau b\u1eb1ng m\u1ed9t co g\u00f3c b\u1ea3ng l\u00e0m b\u1eb1ng nh\u1ef1a, g\u00f3c b\u1ea3ng \u0111\u1eb9p v\u00e0 h\u00e0i h\u00f2a v\u1edbi khung b\u1ea3ng.<\/p>\n<p><img loading=\"lazy\" decoding=\"async\" class=\"size-full wp-image-8808\" src=\"https:\/\/bangvietbavicoboard.com\/wp-content\/uploads\/2024\/11\/bang-viet-phan-den-230x120-1.png\" alt=\"bang-viet-phan-truong-hoc\" width=\"2386\" height=\"1200\" srcset=\"https:\/\/bangvietbavicoboard.com\/wp-content\/uploads\/2024\/11\/bang-viet-phan-den-230x120-1.png 2386w, https:\/\/bangvietbavicoboard.com\/wp-content\/uploads\/2024\/11\/bang-viet-phan-den-230x120-1-795x400.png 795w, https:\/\/bangvietbavicoboard.com\/wp-content\/uploads\/2024\/11\/bang-viet-phan-den-230x120-1-1400x704.png 1400w, https:\/\/bangvietbavicoboard.com\/wp-content\/uploads\/2024\/11\/bang-viet-phan-den-230x120-1-768x386.png 768w, https:\/\/bangvietbavicoboard.com\/wp-content\/uploads\/2024\/11\/bang-viet-phan-den-230x120-1-1536x773.png 1536w, https:\/\/bangvietbavicoboard.com\/wp-content\/uploads\/2024\/11\/bang-viet-phan-den-230x120-1-2048x1030.png 2048w, https:\/\/bangvietbavicoboard.com\/wp-content\/uploads\/2024\/11\/bang-viet-phan-den-230x120-1-18x9.png 18w, https:\/\/bangvietbavicoboard.com\/wp-content\/uploads\/2024\/11\/bang-viet-phan-den-230x120-1-300x151.png 300w, https:\/\/bangvietbavicoboard.com\/wp-content\/uploads\/2024\/11\/bang-viet-phan-den-230x120-1-600x302.png 600w\" sizes=\"auto, (max-width: 2386px) 100vw, 2386px\" \/><\/p>\n<h1><span class=\"ez-toc-section\" id=\"Su_dung_bang_viet_phan_nhu_the_nao_cho_hieu_qua\"><\/span><strong>S\u1eed d\u1ee5ng b\u1ea3ng vi\u1ebft ph\u1ea5n nh\u01b0 th\u1ebf n\u00e0o cho hi\u1ec7u qu\u1ea3?<\/strong><span class=\"ez-toc-section-end\"><\/span><\/h1>\n<ol>\n<li><span style=\"font-family: arial, helvetica, sans-serif;\"><strong>Gi\u1ea3ng d\u1ea1y b\u00e0i h\u1ecdc<\/strong>: Gi\u00e1o vi\u00ean c\u00f3 th\u1ec3 s\u1eed d\u1ee5ng b\u1ea3ng \u0111\u1ec3 tr\u00ecnh b\u00e0y n\u1ed9i dung b\u00e0i h\u1ecdc, ghi ch\u00fa c\u00e1c \u0111i\u1ec3m quan tr\u1ecdng v\u00e0 gi\u1ea3i th\u00edch c\u00e1c kh\u00e1i ni\u1ec7m cho h\u1ecdc sinh.<\/span><\/li>\n<li><span style=\"font-family: arial, helvetica, sans-serif;\"><strong>Ghi ch\u00fa v\u00e0 t\u00f3m t\u1eaft<\/strong>: Trong qu\u00e1 tr\u00ecnh gi\u1ea3ng d\u1ea1y, gi\u00e1o vi\u00ean c\u00f3 th\u1ec3 ghi l\u1ea1i c\u00e1c \u00fd t\u01b0\u1edfng, th\u00f4ng tin v\u00e0 t\u00f3m t\u1eaft n\u1ed9i dung b\u00e0i h\u1ecdc \u0111\u1ec3 h\u1ecdc sinh d\u1ec5 d\u00e0ng theo d\u00f5i.<\/span><\/li>\n<li><span style=\"font-family: arial, helvetica, sans-serif;\"><strong>Khuy\u1ebfn kh\u00edch t\u01b0\u01a1ng t\u00e1c<\/strong>: H\u1ecdc sinh c\u00f3 th\u1ec3 \u0111\u01b0\u1ee3c m\u1eddi l\u00ean b\u1ea3ng \u0111\u1ec3 vi\u1ebft ho\u1eb7c gi\u1ea3i b\u00e0i t\u1eadp, t\u1eeb \u0111\u00f3 t\u1ea1o ra s\u1ef1 t\u01b0\u01a1ng t\u00e1c gi\u1eefa gi\u00e1o vi\u00ean v\u00e0 h\u1ecdc sinh.<\/span><\/li>\n<li><span style=\"font-family: arial, helvetica, sans-serif;\"><strong>Th\u1ef1c h\u00e0nh v\u00e0 luy\u1ec7n t\u1eadp<\/strong>: B\u1ea3ng vi\u1ebft ph\u1ea5n c\u00f3 th\u1ec3 \u0111\u01b0\u1ee3c s\u1eed d\u1ee5ng \u0111\u1ec3 h\u1ecdc sinh th\u1ef1c h\u00e0nh vi\u1ebft, gi\u1ea3i to\u00e1n ho\u1eb7c tr\u00ecnh b\u00e0y \u00fd t\u01b0\u1edfng c\u1ee7a m\u00ecnh.<\/span><\/li>\n<li><span style=\"font-family: arial, helvetica, sans-serif;\"><strong>S\u1eed d\u1ee5ng trong c\u00e1c ho\u1ea1t \u0111\u1ed9ng nh\u00f3m<\/strong>: Trong c\u00e1c bu\u1ed5i th\u1ea3o lu\u1eadn nh\u00f3m, b\u1ea3ng c\u00f3 th\u1ec3 \u0111\u01b0\u1ee3c s\u1eed d\u1ee5ng \u0111\u1ec3 ghi l\u1ea1i \u00fd ki\u1ebfn v\u00e0 ph\u1ea3n h\u1ed3i t\u1eeb c\u00e1c th\u00e0nh vi\u00ean, gi\u00fap t\u1ed5 ch\u1ee9c th\u00f4ng tin m\u1ed9t c\u00e1ch r\u00f5 r\u00e0ng.<\/span><\/li>\n<li><span style=\"font-family: arial, helvetica, sans-serif;\"><strong>D\u1ec5 d\u00e0ng thay \u0111\u1ed5i n\u1ed9i dung<\/strong>: Gi\u00e1o vi\u00ean c\u00f3 th\u1ec3 d\u1ec5 d\u00e0ng x\u00f3a v\u00e0 vi\u1ebft l\u1ea1i th\u00f4ng tin, gi\u00fap c\u1eadp nh\u1eadt n\u1ed9i dung b\u00e0i h\u1ecdc m\u1ed9t c\u00e1ch linh ho\u1ea1t v\u00e0 nhanh ch\u00f3ng.<\/span><\/li>\n<li><span style=\"font-family: arial, helvetica, sans-serif;\"><strong>T\u1ea1o kh\u00f4ng gian h\u1ecdc t\u1eadp t\u00edch c\u1ef1c<\/strong>: B\u1ea3ng vi\u1ebft ph\u1ea5n gi\u00fap t\u1ea1o ra m\u1ed9t kh\u00f4ng gian h\u1ecdc t\u1eadp n\u0103ng \u0111\u1ed9ng, khuy\u1ebfn kh\u00edch s\u1ef1 s\u00e1ng t\u1ea1o v\u00e0 kh\u00e1m ph\u00e1 ki\u1ebfn th\u1ee9c.<\/span><\/li>\n<\/ol>\n<p><span style=\"font-family: arial, helvetica, sans-serif;\">Vi\u1ec7c s\u1eed d\u1ee5ng b\u1ea3ng vi\u1ebft ph\u1ea5n m\u1ed9t c\u00e1ch hi\u1ec7u qu\u1ea3 c\u00f3 th\u1ec3 n\u00e2ng cao ch\u1ea5t l\u01b0\u1ee3ng gi\u1ea3ng d\u1ea1y v\u00e0 t\u1ea1o \u0111i\u1ec1u ki\u1ec7n t\u1ed1t nh\u1ea5t cho h\u1ecdc sinh trong qu\u00e1 tr\u00ecnh h\u1ecdc t\u1eadp.<\/span><\/p>\n<h1><span class=\"ez-toc-section\" id=\"Giao_hang\"><\/span><b>Giao h\u00e0ng<\/b><span class=\"ez-toc-section-end\"><\/span><\/h1>\n<p><span style=\"font-family: arial, helvetica, sans-serif;\">+ Qu\u00fd kh\u00e1ch h\u00e0ng gi\u1eef l\u1ea1i Gi\u1ea5y giao h\u00e0ng v\u00e0 g\u1ecdi cho s\u1ed1 Hotline <span style=\"color: #0000ff;\"><strong>0938 623 068<\/strong><\/span> ho\u1eb7c kinh doanh tr\u00ean gi\u1ea5y giao h\u00e0ng\/ tr\u00ean website n\u00e0y \u0111\u1ec3 \u0111\u01b0\u1ee3c h\u1ed7 tr\u1ee3 !<\/span><\/p>\n<p><img decoding=\"async\" src=\"https:\/\/bangvietbavico.edu.vn\/wp-content\/uploads\/2024\/10\/XE-TAI.png\" \/><\/p>\n<h1><span class=\"ez-toc-section\" id=\"Li_do_nen_mua_san_pham_cua_Bang_viet_Bavico\"><\/span><strong>L\u00ed do n\u00ean mua s\u1ea3n ph\u1ea9m c\u1ee7a B\u1ea3ng vi\u1ebft Bavico<\/strong><span class=\"ez-toc-section-end\"><\/span><\/h1>\n<ul>\n<li><span style=\"font-family: arial, helvetica, sans-serif;\">B\u1ea3ng vi\u1ebft BAVICO l\u00e0 th\u01b0\u01a1ng hi\u1ec7u uy t\u00edn trong l\u0129nh v\u1ef1c s\u1ea3n xu\u1ea5t b\u1ea3ng v\u1edbi h\u01a1n 22 n\u0103m kinh nghi\u1ec7m (Th\u00e0nh l\u1eadp t\u1eeb n\u0103m 2003 v\u00e0 ch\u1ec9 s\u1ea3n xu\u1ea5t, kinh doanh b\u1ea3ng)<\/span><\/li>\n<li><span style=\"font-family: arial, helvetica, sans-serif;\">Doanh nghi\u1ec7p \u0111\u1ea7u ti\u00ean trong ng\u00e0nh \u0111\u01b0a b\u1ea3ng t\u1eeb v\u1ec1 Vi\u1ec7t Nam v\u00e0 t\u01b0 v\u1ea5n thay th\u1ebf b\u1ea3ng t\u1eeb trong tr\u01b0\u1eddng h\u1ecdc cho B\u1ed9 Gi\u00e1o d\u1ee5c v\u00e0 \u0110\u00e0o t\u1ea1o.<\/span><\/li>\n<li><span style=\"font-family: arial, helvetica, sans-serif;\">C\u00f3 ch\u1ee9ng nh\u1eadn nh\u1eadp kh\u1ea9u h\u00e0ng h\u00f3a theo \u0111\u00fang quy \u0111\u1ecbnh (CO \u2013 CQ).<\/span><\/li>\n<li><span style=\"font-family: arial, helvetica, sans-serif;\">\u0110\u1ed1i t\u00e1c ngu\u1ed3n nguy\u00ean li\u1ec7u ch\u00ednh (m\u1eb7t b\u1ea3ng) uy t\u00edn tr\u00ean to\u00e0n c\u1ea7u: Polyvion cho b\u1ec1 m\u1eb7t Ceramic v\u00e0 Dongshin (1 trong 3 nh\u00e0 m\u00e1y th\u00e9p l\u1edbn nh\u1ea5t H\u00e0n Qu\u1ed1c) cho b\u1ec1 m\u1eb7t th\u00e9p ph\u1ee7 s\u01a1n.<\/span><\/li>\n<li><span style=\"font-family: arial, helvetica, sans-serif;\">BAVICO t\u1ef1 h\u00e0o C\u00f4ng ty s\u1ea3n xu\u1ea5t v\u00e0 c\u1ea5p cung s\u1ea3n ph\u1ea9m tr\u1ef1c ti\u1ebfp\u00a0 \u2013 \u0110\u1ea3m b\u1ea3o s\u1ea3n ph\u1ea9m ch\u00ednh h\u00e3ng 100%.<\/span><\/li>\n<li><span style=\"font-family: arial, helvetica, sans-serif;\">B\u1ea3ng vi\u1ebft BAVICO \u0111\u00e3 ph\u1ee5c v\u1ee5 r\u1ea5t nhi\u1ec1u kh\u00e1ch h\u00e0ng l\u1edbn v\u1edbi y\u00eau c\u1ea7u kh\u1eaft khe v\u1ec1 ch\u1ea5t l\u01b0\u1ee3ng nh\u01b0: T\u1eadp \u0111o\u00e0n Samsung, Viettel, C\u00e1c Tr\u01b0\u1eddng Qu\u1ed1c T\u1ebf \u00c1 Ch\u00e2u, M\u1ef9, Ph\u00e1p, Nh\u1eadt,\u2026<\/span><\/li>\n<li><span style=\"font-family: arial, helvetica, sans-serif;\">S\u1ea3n ph\u1ea9m \u0111a d\u1ea1ng v\u1edbi nhi\u1ec1u s\u1ef1 l\u1ef1a ch\u1ecdn, thi\u1ebft k\u1ebf v\u00e0 s\u1ea3n xu\u1ea5t theo y\u00eau c\u1ea7u kh\u00e1ch h\u00e0ng.<\/span><\/li>\n<li><span style=\"font-family: arial, helvetica, sans-serif;\">Ch\u00ednh s\u00e1ch b\u1ea3o h\u00e0nh t\u1eeb 12 th\u00e1ng \u2013 36 th\u00e1ng gi\u00fap kh\u00e1ch h\u00e0ng y\u00ean t\u00e2m khi mua h\u00e0ng.<\/span><\/li>\n<\/ul>\n<h2><span class=\"ez-toc-section\" id=\"%3E%3E%3E_Moi_Quy_khach_hang_click_tham_khao_cac_loai_Bang_viet_phan_khac\"><\/span><span style=\"font-family: arial, helvetica, sans-serif; color: #800080;\"><a style=\"color: #800080;\" href=\"https:\/\/bangvietbavicoboard.com\/en\/product-category\/bang-viet-phan\/\"><em>&gt;&gt;&gt; M\u1eddi Qu\u00fd kh\u00e1ch h\u00e0ng click tham kh\u1ea3o c\u00e1c lo\u1ea1i B\u1ea3ng vi\u1ebft ph\u1ea5n kh\u00e1c<\/em><\/a><\/span><span class=\"ez-toc-section-end\"><\/span><\/h2>\n<p>&nbsp;<\/p>\n<p>&nbsp;<\/p>\n<p>&nbsp;<\/p>","protected":false},"excerpt":{"rendered":"<p><strong>B\u1ea3ng vi\u1ebft ph\u1ea5n cao c\u1ea5p\u00a0\u1ea4n \u0110\u1ed9\u00a0<\/strong>l\u00e0 d\u00f2ng s\u1ea3n ph\u1ea9m cao c\u1ea5p c\u00f3 \u0111\u1ed9 b\u1ec1n cao, d\u1ec5 lau, ch\u1ed1ng m\u00e0i m\u00f2n, c\u00f3 2 m\u00e0u: xanh ng\u1ecdc ho\u1eb7c \u0111en.<\/p>\n<p>Gi\u00e1 \u00e1p d\u1ee5ng t\u1ea1i H\u00f3c M\u00f4n, C\u1ee7 Chi v\u00e0 khu v\u1ef1c n\u1ed9i th\u00e0nh TPHCM (Q1,2,3,4,5,6,7,8,9,10,11,12,T\u00e2n B\u00ecnh, B\u00ecnh T\u00e2n, T\u00e2n Ph\u00fa, Ph\u00fa Nhu\u1eadn, B\u00ecnh Th\u1ea1nh, G\u00f2 V\u1ea5p)<br \/>\nMI\u1ec4N PH\u00cd giao h\u00e0ng &amp;\u00a0 l\u1eafp \u0111\u1eb7t<\/p>","protected":false},"featured_media":9812,"comment_status":"open","ping_status":"closed","template":"","meta":{"_acf_changed":false},"product_brand":[],"product_cat":[521],"product_tag":[],"class_list":{"0":"post-9989","1":"product","2":"type-product","3":"status-publish","4":"has-post-thumbnail","6":"product_cat-bang-viet-phan","8":"first","9":"instock","10":"shipping-taxable","11":"purchasable","12":"product-type-variable"},"acf":[],"_links":{"self":[{"href":"https:\/\/bangvietbavicoboard.com\/en\/wp-json\/wp\/v2\/product\/9989","targetHints":{"allow":["GET"]}}],"collection":[{"href":"https:\/\/bangvietbavicoboard.com\/en\/wp-json\/wp\/v2\/product"}],"about":[{"href":"https:\/\/bangvietbavicoboard.com\/en\/wp-json\/wp\/v2\/types\/product"}],"replies":[{"embeddable":true,"href":"https:\/\/bangvietbavicoboard.com\/en\/wp-json\/wp\/v2\/comments?post=9989"}],"wp:featuredmedia":[{"embeddable":true,"href":"https:\/\/bangvietbavicoboard.com\/en\/wp-json\/wp\/v2\/media\/9812"}],"wp:attachment":[{"href":"https:\/\/bangvietbavicoboard.com\/en\/wp-json\/wp\/v2\/media?parent=9989"}],"wp:term":[{"taxonomy":"product_brand","embeddable":true,"href":"https:\/\/bangvietbavicoboard.com\/en\/wp-json\/wp\/v2\/product_brand?post=9989"},{"taxonomy":"product_cat","embeddable":true,"href":"https:\/\/bangvietbavicoboard.com\/en\/wp-json\/wp\/v2\/product_cat?post=9989"},{"taxonomy":"product_tag","embeddable":true,"href":"https:\/\/bangvietbavicoboard.com\/en\/wp-json\/wp\/v2\/product_tag?post=9989"}],"curies":[{"name":"wp","href":"https:\/\/api.w.org\/{rel}","templated":true}]}}