{"id":9979,"date":"2024-12-11T02:53:49","date_gmt":"2024-12-11T02:53:49","guid":{"rendered":"https:\/\/bangvietbavicoboard.com\/?post_type=product&#038;p=9979"},"modified":"2025-02-24T11:48:55","modified_gmt":"2025-02-24T11:48:55","slug":"bang-flipchart-f3-viet-but-long-poly-taiwan","status":"publish","type":"product","link":"https:\/\/bangvietbavicoboard.com\/en\/product\/bang-flipchart-f3-viet-but-long-poly-taiwan\/","title":{"rendered":"B\u1ea3ng Flipchart F3 vi\u1ebft b\u00fat l\u00f4ng Poly Taiwan"},"content":{"rendered":"<div>\n<table style=\"border-collapse: collapse; width: 100%;\">\n<tbody>\n<tr>\n<td style=\"width: 50%;\"><\/td>\n<td style=\"width: 50%;\"><\/td>\n<\/tr>\n<\/tbody>\n<\/table>\n<p><strong>B\u1ea3ng Flipchart F3 vi\u1ebft b\u00fat l\u00f4ng Poly Taiwan<\/strong>\u00a0l\u00e0\u00a0d\u00f2ng s\u1ea3n ph\u1ea9m c\u00f3 th\u1ec3 x\u1ebfp g\u1ecdn v\u00e0 c\u00f3 k\u1eb9p gi\u1ea5y, \u0111\u1eb7c bi\u1ec7t hi\u1ec7n c\u00f3\u00a0gi\u00e1 t\u1ed1t nh\u1ea5t tr\u00ean th\u1ecb tr\u01b0\u1eddng hi\u1ec7n nay.<\/p>\n<\/div>\n<div>\n<figure id=\"attachment_7949\" aria-describedby=\"caption-attachment-7949\" style=\"width: 1200px\" class=\"wp-caption alignnone\"><img loading=\"lazy\" decoding=\"async\" class=\"size-full wp-image-7949\" src=\"https:\/\/bangvietbavicoboard.com\/wp-content\/uploads\/2024\/11\/bang-flipchart-f3-the-he-moi-viet-but-long-120x80-1.png\" alt=\"bang-viet-but-long-co-chan\" width=\"1200\" height=\"799\" srcset=\"https:\/\/bangvietbavicoboard.com\/wp-content\/uploads\/2024\/11\/bang-flipchart-f3-the-he-moi-viet-but-long-120x80-1.png 1200w, https:\/\/bangvietbavicoboard.com\/wp-content\/uploads\/2024\/11\/bang-flipchart-f3-the-he-moi-viet-but-long-120x80-1-601x400.png 601w, https:\/\/bangvietbavicoboard.com\/wp-content\/uploads\/2024\/11\/bang-flipchart-f3-the-he-moi-viet-but-long-120x80-1-768x511.png 768w, https:\/\/bangvietbavicoboard.com\/wp-content\/uploads\/2024\/11\/bang-flipchart-f3-the-he-moi-viet-but-long-120x80-1-18x12.png 18w, https:\/\/bangvietbavicoboard.com\/wp-content\/uploads\/2024\/11\/bang-flipchart-f3-the-he-moi-viet-but-long-120x80-1-300x200.png 300w, https:\/\/bangvietbavicoboard.com\/wp-content\/uploads\/2024\/11\/bang-flipchart-f3-the-he-moi-viet-but-long-120x80-1-600x400.png 600w\" sizes=\"auto, (max-width: 1200px) 100vw, 1200px\" \/><figcaption id=\"caption-attachment-7949\" class=\"wp-caption-text\"><em>(B\u1ea3ng Flipchart F3 vi\u1ebft b\u00fat l\u00f4ng Poly Taiwan)<\/em><\/figcaption><\/figure>\n<h2><span class=\"ez-toc-section\" id=\"BANG_FLIPCHART_F3_VIET_BUT_LONG_POLY_TAIWAN_co_cau_tao_nhu_sau\"><\/span><strong>B\u1ea2NG FLIPCHART F3 VI\u1ebeT B\u00daT L\u00d4NG POLY TAIWAN<\/strong> c\u00f3 c\u1ea5u t\u1ea1o nh\u01b0 sau:<span class=\"ez-toc-section-end\"><\/span><\/h2>\n<p>+ M\u1eb7t b\u1ea3ng b\u1eb1ng ch\u1ea5t li\u1ec7u Poly Taiwan vi\u1ebft b\u00fat l\u00f4ng lau s\u1ea1ch b\u00f3ng, kh\u00f4ng \u0111\u1ec3 l\u1ea1i v\u1ebft m\u1ef1c. <em><span style=\"color: #800080;\"><a style=\"color: #800080;\" href=\"https:\/\/www.tiktok.com\/@bangvietbavico\/video\/7213300981356842242\" target=\"_blank\" rel=\"noopener\">(M\u1edcI XEM VIDEO CH\u1ea4T LI\u1ec6U M\u1eb6T B\u1ea2NG)<\/a><\/span><\/em><\/p>\n<p>&#8211; T\u1ea5m l\u00f3t b\u1ea3ng: b\u1eb1ng v\u00e1n MDF \u00e9p gi\u1ea5y b\u00f3ng v\u00e2n g\u1ed7 ch\u1ed1ng \u1ea9m, ch\u1ed1ng cong mo v\u00e0 \u0111\u1ea3m b\u1ea3o b\u1ea3ng vi\u1ebft kh\u00f4ng b\u1ecb rung ho\u1eb7c b\u1eb1ng t\u1ea5m nh\u1ef1a d\u1ea7y 10ly ch\u1ed1ng n\u01b0\u1edbc, ch\u1ed1ng cong mo.<\/p>\n<p>&#8211; Khung\/bo b\u1ea3ng: b\u1eb1ng nh\u00f4m Vi\u1ec7t Nh\u1eadt chuy\u00ean d\u1ee5ng ch\u1ed1ng oxy h\u00f3a.<\/p>\n<p>&#8211; Co g\u00f3c: B\u1ed1n g\u00f3c b\u1ea3ng c\u00f3 co nh\u1ef1a m\u00e0u tr\u1eafng s\u1eefa r\u1ea5t h\u00e0i h\u00f2a, ch\u1ed1ng b\u1ecb tr\u1ea7y x\u01b0\u1edbc.<\/p>\n<p>&#8211; M\u00e1ng \u0111\u1ef1ng b\u00fat b\u1eb1ng nh\u00f4m chuy\u00ean d\u1ee5ng d\u00e0i 50cm, hai \u0111\u1ea7u c\u00f3 co nh\u1ef1a.<\/p>\n<p>&#8211; B\u1ea3ng c\u00f3 g\u1eafn 2 k\u1eb9p gi\u1ea5y b\u1eb1ng inox s\u00e1ng b\u00f3ng ch\u1ed1ng r\u1ec9 s\u00e9t.<\/p>\n<p>CH\u00c2N\u00a0<strong>B\u1ea2NG FLIPCHART F3<\/strong>:<\/p>\n<p>&#8211; B\u1eb1ng s\u1eaft s\u01a1n t\u0129nh \u0111i\u1ec7n ch\u1ed1ng s\u00e9t, ch\u1ed1ng tr\u1ea7y<\/p>\n<p>&#8211; Ch\u00e2n b\u1ea3ng x\u1ebfp g\u1ecdn \u0111\u01b0\u1ee3c v\u00e0 cho ph\u00e9p \u0111i\u1ec1u ch\u1ec9nh b\u1ea3ng theo chi\u1ec1u cao theo y\u00eau c\u1ea7u s\u1eed d\u1ee5ng.<\/p>\n<p>&#8211; Ch\u00e2n b\u1ea3ng c\u00f3 g\u1eafn 4 b\u00e1nh xe Taiwan di chuy\u1ec3n v\u00e0 c\u1ed1 \u0111\u1ecbnh d\u1ec5 d\u00e0ng.<\/p>\n<table style=\"border-collapse: collapse; width: 100%;\">\n<tbody>\n<tr>\n<td style=\"width: 53.2786%;\"><img loading=\"lazy\" decoding=\"async\" class=\"aligncenter\" style=\"color: #555555;\" src=\"https:\/\/bangvietbavico.com\/vnt_upload\/product\/08_2023\/bang_flipchart_f3_120x80cm_bvc.jpg\" alt=\"B\u1ea3ng Flipchart F3 vi\u1ebft b\u00fat l\u00f4ng Poly Taiwan\" width=\"410\" height=\"410\" \/><\/td>\n<td style=\"width: 46.7214%;\"><img loading=\"lazy\" decoding=\"async\" class=\"aligncenter\" src=\"https:\/\/bangvietbavico.com\/vnt_upload\/product\/11_2022\/bang_flipchart_f3_k_ke_100x60cm.jpg\" alt=\"B\u1ea3ng Flipchart F3 vi\u1ebft b\u00fat l\u00f4ng Poly Taiwan\" width=\"355\" height=\"409\" \/><\/td>\n<\/tr>\n<\/tbody>\n<\/table>\n<\/div>\n<p>&nbsp;<\/p>\n<h1><span class=\"ez-toc-section\" id=\"Muc_dich_su_dung_cua_bang_Flipchart_F3\"><\/span><strong>M\u1ee5c \u0111\u00edch s\u1eed d\u1ee5ng c\u1ee7a b\u1ea3ng Flipchart F3<\/strong><span class=\"ez-toc-section-end\"><\/span><\/h1>\n<p><strong>B\u1ea3ng Flipchart F3<\/strong>\u00a0th\u1ef1c s\u1ef1 l\u00e0 m\u1ed9t c\u00f4ng c\u1ee5 \u0111a n\u0103ng v\u00ec c\u00f3 nhi\u1ec1u m\u1ee5c \u0111\u00edch s\u1eed d\u1ee5ng, bao g\u1ed3m:<\/p>\n<ul style=\"list-style-type: circle;\">\n<li><strong>Tr\u00ecnh b\u00e0y th\u00f4ng tin<\/strong>: Gi\u00fap ng\u01b0\u1eddi thuy\u1ebft tr\u00ecnh ghi l\u1ea1i v\u00e0 tr\u00ecnh b\u00e0y c\u00e1c \u00fd t\u01b0\u1edfng, s\u1ed1 li\u1ec7u ho\u1eb7c th\u00f4ng tin m\u1ed9t c\u00e1ch tr\u1ef1c quan v\u00e0 d\u1ec5 hi\u1ec3u.<\/li>\n<li><strong>H\u1ecdp v\u00e0 Th\u1ea3o lu\u1eadn<\/strong>: Th\u00edch h\u1ee3p cho c\u00e1c cu\u1ed9c h\u1ecdp, n\u01a1i b\u1ea1n c\u00f3 th\u1ec3 ghi l\u1ea1i c\u00e1c \u0111i\u1ec3m quan tr\u1ecdng, \u00fd ki\u1ebfn v\u00e0 ph\u1ea3n h\u1ed3i t\u1eeb c\u00e1c th\u00e0nh vi\u00ean tham gia.<\/li>\n<li><strong>Brainstorming<\/strong>: L\u00e0 c\u00f4ng c\u1ee5 h\u1eefu \u00edch trong c\u00e1c bu\u1ed5i brainstorming, gi\u00fap nh\u00f3m ghi l\u1ea1i c\u00e1c \u00fd t\u01b0\u1edfng m\u1ed9t c\u00e1ch nhanh ch\u00f3ng v\u00e0 d\u1ec5 d\u00e0ng.<\/li>\n<li><strong>Gi\u00e1o d\u1ee5c v\u00e0 \u0110\u00e0o t\u1ea1o<\/strong>: \u0110\u01b0\u1ee3c s\u1eed d\u1ee5ng trong c\u00e1c bu\u1ed5i \u0111\u00e0o t\u1ea1o ho\u1eb7c gi\u1ea3ng d\u1ea1y, gi\u00fap gi\u00e1o vi\u00ean ho\u1eb7c ng\u01b0\u1eddi h\u01b0\u1edbng d\u1eabn truy\u1ec1n \u0111\u1ea1t ki\u1ebfn th\u1ee9c m\u1ed9t c\u00e1ch sinh \u0111\u1ed9ng.<\/li>\n<li><strong>T\u1ed5 ch\u1ee9c th\u00f4ng tin<\/strong>: Gi\u00fap s\u1eafp x\u1ebfp v\u00e0 ph\u00e2n lo\u1ea1i th\u00f4ng tin m\u1ed9t c\u00e1ch r\u00f5 r\u00e0ng, d\u1ec5 d\u00e0ng theo d\u00f5i v\u00e0 c\u1eadp nh\u1eadt.<\/li>\n<li><strong>Trang tr\u00ed kh\u00f4ng gian<\/strong>: V\u1edbi thi\u1ebft k\u1ebf \u0111\u01a1n gi\u1ea3n v\u00e0 hi\u1ec7n \u0111\u1ea1i, b\u1ea3ng flipchart c\u00f3 th\u1ec3 g\u00f3p ph\u1ea7n l\u00e0m cho kh\u00f4ng gian v\u0103n ph\u00f2ng tr\u1edf n\u00ean chuy\u00ean nghi\u1ec7p h\u01a1n.<\/li>\n<\/ul>\n<h1><span class=\"ez-toc-section\" id=\"Bao_quan_bang_Flipchart_F3_sao_cho_dung\"><\/span><strong>B\u1ea3o qu\u1ea3n b\u1ea3ng Flipchart F3 sao cho \u0111\u00fang?<\/strong><span class=\"ez-toc-section-end\"><\/span><\/h1>\n<p>\u0110\u1ec3 \u0111\u1ea3m b\u1ea3o<strong> Flipchart Board<\/strong>\u00a0lu\u00f4n trong t\u00ecnh tr\u1ea1ng t\u1ed1t nh\u1ea5t, b\u1ea1n c\u1ea7n l\u01b0u \u00fd m\u1ed9t s\u1ed1 c\u00e1ch b\u1ea3o qu\u1ea3n sau \u0111\u00e2y:<\/p>\n<ul>\n<li><em>V\u1ec7 Sinh \u0110\u1ecbnh K\u1ef3<\/em>: S\u1eed d\u1ee5ng kh\u0103n m\u1ec1m v\u00e0 dung d\u1ecbch v\u1ec7 sinh nh\u1eb9 nh\u00e0ng \u0111\u1ec3 lau s\u1ea1ch b\u1ec1 m\u1eb7t b\u1ea3ng. Tr\u00e1nh s\u1eed d\u1ee5ng c\u00e1c ch\u1ea5t t\u1ea9y r\u1eeda m\u1ea1nh c\u00f3 th\u1ec3 l\u00e0m h\u1ecfng b\u1ec1 m\u1eb7t b\u1ea3ng.<\/li>\n<li><em>Tr\u00e1nh \u00c1nh N\u1eafng Tr\u1ef1c Ti\u1ebfp<\/em>: \u0110\u1eb7t b\u1ea3ng \u1edf v\u1ecb tr\u00ed kh\u00f4ng b\u1ecb \u00e1nh n\u1eafng m\u1eb7t tr\u1eddi chi\u1ebfu tr\u1ef1c ti\u1ebfp \u0111\u1ec3 tr\u00e1nh t\u00ecnh tr\u1ea1ng phai m\u00e0u v\u00e0 gi\u1ea3m \u0111\u1ed9 b\u1ec1n c\u1ee7a s\u1ea3n ph\u1ea9m.<\/li>\n<li><em>S\u1eed D\u1ee5ng B\u00fat Ch\u1ea5t L\u01b0\u1ee3ng<\/em>: \u0110\u1ed1i v\u1edbi b\u1ea3ng vi\u1ebft b\u00fat l\u00f4ng, h\u00e3y s\u1eed d\u1ee5ng b\u00fat ch\u1ea5t l\u01b0\u1ee3ng cao,\u00a0<em><span style=\"color: #ed1c24;\">tuy\u1ec7t \u0111\u1ed1i kh\u00f4ng s\u1eed d\u1ee5ng b\u00fat l\u00f4ng d\u1ea7u<\/span><\/em> tr\u00e1nh l\u00e0m h\u01b0 h\u1ea1i m\u1eb7t b\u1ea3ng khi lau ch\u00f9i<span style=\"color: #000000; font-size: 14.4px;\">\u00a0<\/span>v\u00e0 \u0111\u1ea3m b\u1ea3o n\u1eafp b\u00fat \u0111\u01b0\u1ee3c \u0111\u1eady k\u00edn sau khi s\u1eed d\u1ee5ng \u0111\u1ec3 tr\u00e1nh l\u00e0m kh\u00f4 m\u1ef1c.<\/li>\n<li><em>Ki\u1ec3m Tra Khung B\u1ea3ng<\/em>: \u0110\u1ecbnh k\u1ef3 ki\u1ec3m tra khung b\u1ea3ng v\u00e0 c\u00e1c b\u1ed9 ph\u1eadn g\u1eafn t\u01b0\u1eddng \u0111\u1ec3 \u0111\u1ea3m b\u1ea3o ch\u00fang kh\u00f4ng b\u1ecb l\u1ecfng l\u1ebbo ho\u1eb7c h\u01b0 h\u1ecfng.<\/li>\n<li><em>Tr\u00e1nh Va Ch\u1ea1m M\u1ea1nh<\/em>: Khi di chuy\u1ec3n b\u1ea3ng, h\u1ea1n ch\u1ebf va ch\u1ea1m m\u1ea1nh v\u1edbi b\u1ea3ng \u0111\u1ec3 tr\u00e1nh l\u00e0m tr\u1ea7y x\u01b0\u1edbc ho\u1eb7c h\u01b0 h\u1ecfng b\u1ec1 m\u1eb7t.<\/li>\n<\/ul>\n<h1><span class=\"ez-toc-section\" id=\"Li_do_nen_mua_san_pham_cua_Bang_viet_Bavico\"><\/span><strong>L\u00ed do n\u00ean mua s\u1ea3n ph\u1ea9m c\u1ee7a B\u1ea3ng vi\u1ebft Bavico<\/strong><span class=\"ez-toc-section-end\"><\/span><\/h1>\n<ul>\n<li><span style=\"font-family: arial, helvetica, sans-serif; color: #000080;\">B\u1ea3ng vi\u1ebft BAVICO l\u00e0 th\u01b0\u01a1ng hi\u1ec7u uy t\u00edn trong l\u0129nh v\u1ef1c s\u1ea3n xu\u1ea5t b\u1ea3ng v\u1edbi h\u01a1n 22 n\u0103m kinh nghi\u1ec7m.<\/span><\/li>\n<li><span style=\"font-family: arial, helvetica, sans-serif; color: #000080;\">Doanh nghi\u1ec7p \u0111\u1ea7u ti\u00ean trong ng\u00e0nh \u0111\u01b0a b\u1ea3ng t\u1eeb v\u1ec1 Vi\u1ec7t Nam v\u00e0 t\u01b0 v\u1ea5n thay th\u1ebf b\u1ea3ng t\u1eeb trong tr\u01b0\u1eddng h\u1ecdc cho B\u1ed9 Gi\u00e1o d\u1ee5c v\u00e0 \u0110\u00e0o t\u1ea1o.<\/span><\/li>\n<li><span style=\"font-family: arial, helvetica, sans-serif; color: #000080;\">C\u00f3 ch\u1ee9ng nh\u1eadn nh\u1eadp kh\u1ea9u h\u00e0ng h\u00f3a theo \u0111\u00fang quy \u0111\u1ecbnh (CO \u2013 CQ).<\/span><\/li>\n<li><span style=\"font-family: arial, helvetica, sans-serif; color: #000080;\">\u0110\u1ed1i t\u00e1c ngu\u1ed3n nguy\u00ean li\u1ec7u ch\u00ednh (m\u1eb7t b\u1ea3ng) uy t\u00edn tr\u00ean to\u00e0n c\u1ea7u: Polyvion cho b\u1ec1 m\u1eb7t Ceramic v\u00e0 Dongshin cho b\u1ec1 m\u1eb7t th\u00e9p ph\u1ee7 s\u01a1n.<\/span><\/li>\n<li><span style=\"font-family: arial, helvetica, sans-serif; color: #000080;\">BAVICO t\u1ef1 h\u00e0o C\u00f4ng ty s\u1ea3n xu\u1ea5t v\u00e0 c\u1ea5p cung s\u1ea3n ph\u1ea9m tr\u1ef1c ti\u1ebfp\u00a0 \u2013 \u0110\u1ea3m b\u1ea3o s\u1ea3n ph\u1ea9m ch\u00ednh h\u00e3ng 100%.<\/span><\/li>\n<li><span style=\"font-family: arial, helvetica, sans-serif; color: #000080;\">B\u1ea3ng vi\u1ebft BAVICO \u0111\u00e3 ph\u1ee5c v\u1ee5 r\u1ea5t nhi\u1ec1u kh\u00e1ch h\u00e0ng l\u1edbn nh\u01b0: T\u1eadp \u0111o\u00e0n Samsung, Viettel, C\u00e1c Tr\u01b0\u1eddng Qu\u1ed1c T\u1ebf \u00c1 Ch\u00e2u, M\u1ef9, Ph\u00e1p, Nh\u1eadt,\u2026<\/span><\/li>\n<li><span style=\"font-family: arial, helvetica, sans-serif; color: #000080;\">S\u1ea3n ph\u1ea9m \u0111a d\u1ea1ng v\u1edbi nhi\u1ec1u s\u1ef1 l\u1ef1a ch\u1ecdn, thi\u1ebft k\u1ebf v\u00e0 s\u1ea3n xu\u1ea5t theo y\u00eau c\u1ea7u kh\u00e1ch h\u00e0ng.<\/span><\/li>\n<li><span style=\"font-family: arial, helvetica, sans-serif; color: #000080;\">Ch\u00ednh s\u00e1ch b\u1ea3o h\u00e0nh t\u1eeb 12 th\u00e1ng \u2013 36 th\u00e1ng gi\u00fap kh\u00e1ch h\u00e0ng y\u00ean t\u00e2m khi mua h\u00e0ng.<\/span><\/li>\n<\/ul>\n<h2><span class=\"ez-toc-section\" id=\"%3E%3E%3E_Moi_Quy_khach_hang_click_tham_khao_cac_loai_Bang_Flipchart_khac\"><\/span><a href=\"https:\/\/bangvietbavicoboard.com\/en\/product-category\/bang-flipchart\/\"><em>&gt;&gt;&gt; M\u1eddi Qu\u00fd kh\u00e1ch h\u00e0ng click tham kh\u1ea3o c\u00e1c lo\u1ea1i B\u1ea3ng Flipchart kh\u00e1c<\/em><\/a><span class=\"ez-toc-section-end\"><\/span><\/h2>\n<p>&nbsp;<\/p>\n<p>&nbsp;<\/p>","protected":false},"excerpt":{"rendered":"<p><strong>B\u1ea3ng Flipchart F3 vi\u1ebft b\u00fat l\u00f4ng Poly Taiwan<\/strong>\u00a0l\u00e0\u00a0d\u00f2ng s\u1ea3n ph\u1ea9m c\u00f3 th\u1ec3 x\u1ebfp g\u1ecdn v\u00e0 c\u00f3 k\u1eb9p gi\u1ea5y, \u0111\u1eb7c bi\u1ec7t hi\u1ec7n c\u00f3\u00a0gi\u00e1 t\u1ed1t nh\u1ea5t tr\u00ean th\u1ecb tr\u01b0\u1eddng hi\u1ec7n nay.<\/p>\n<p>Gi\u00e1 \u00e1p d\u1ee5ng t\u1ea1i H\u00f3c M\u00f4n, C\u1ee7 Chi v\u00e0 khu v\u1ef1c n\u1ed9i th\u00e0nh TPHCM (Q1,2,3,4,5,6,7,8,9,10,11,12,T\u00e2n B\u00ecnh, B\u00ecnh T\u00e2n, T\u00e2n Ph\u00fa, Ph\u00fa Nhu\u1eadn, B\u00ecnh Th\u1ea1nh, G\u00f2 V\u1ea5p)<br \/>\nMI\u1ec4N PH\u00cd giao h\u00e0ng &amp; l\u1eafp \u0111\u1eb7t.<\/p>","protected":false},"featured_media":7425,"comment_status":"open","ping_status":"closed","template":"","meta":{"_acf_changed":false},"product_brand":[],"product_cat":[469],"product_tag":[],"class_list":{"0":"post-9979","1":"product","2":"type-product","3":"status-publish","4":"has-post-thumbnail","6":"product_cat-bang-flipchart","8":"first","9":"instock","10":"shipping-taxable","11":"purchasable","12":"product-type-variable"},"acf":[],"_links":{"self":[{"href":"https:\/\/bangvietbavicoboard.com\/en\/wp-json\/wp\/v2\/product\/9979","targetHints":{"allow":["GET"]}}],"collection":[{"href":"https:\/\/bangvietbavicoboard.com\/en\/wp-json\/wp\/v2\/product"}],"about":[{"href":"https:\/\/bangvietbavicoboard.com\/en\/wp-json\/wp\/v2\/types\/product"}],"replies":[{"embeddable":true,"href":"https:\/\/bangvietbavicoboard.com\/en\/wp-json\/wp\/v2\/comments?post=9979"}],"wp:featuredmedia":[{"embeddable":true,"href":"https:\/\/bangvietbavicoboard.com\/en\/wp-json\/wp\/v2\/media\/7425"}],"wp:attachment":[{"href":"https:\/\/bangvietbavicoboard.com\/en\/wp-json\/wp\/v2\/media?parent=9979"}],"wp:term":[{"taxonomy":"product_brand","embeddable":true,"href":"https:\/\/bangvietbavicoboard.com\/en\/wp-json\/wp\/v2\/product_brand?post=9979"},{"taxonomy":"product_cat","embeddable":true,"href":"https:\/\/bangvietbavicoboard.com\/en\/wp-json\/wp\/v2\/product_cat?post=9979"},{"taxonomy":"product_tag","embeddable":true,"href":"https:\/\/bangvietbavicoboard.com\/en\/wp-json\/wp\/v2\/product_tag?post=9979"}],"curies":[{"name":"wp","href":"https:\/\/api.w.org\/{rel}","templated":true}]}}