{"id":9967,"date":"2024-12-11T01:41:13","date_gmt":"2024-12-11T01:41:13","guid":{"rendered":"https:\/\/bangvietbavicoboard.com\/?post_type=product&#038;p=9967"},"modified":"2025-10-07T01:26:13","modified_gmt":"2025-10-07T01:26:13","slug":"bang-viet-but-long-gia-re","status":"publish","type":"product","link":"https:\/\/bangvietbavicoboard.com\/en\/product\/bang-viet-but-long-gia-re\/","title":{"rendered":"B\u1ea3ng vi\u1ebft b\u00fat l\u00f4ng gi\u00e1 r\u1ebb"},"content":{"rendered":"<p><strong>B\u1ea3ng vi\u1ebft b\u00fat l\u00f4ng gi\u00e1 r\u1ebb <\/strong>l\u00e0 s\u1ea3n ph\u1ea9m th\u00f4ng d\u1ee5ng nh\u1ea5t hi\u1ec7n nay v\u00ec gi\u00e1 m\u1ec1m v\u00e0 kh\u00f4ng cho\u00e1ng kh\u00f4ng gian nh\u01b0 b\u1ea3ng c\u00f3 ch\u00e2n.<\/p>\n<p>V\u1edbi m\u1eb7t\u00a0<strong>b\u1ea3ng vi\u1ebft b\u00fat l\u00f4ng gi\u00e1 r\u1ebb treo t\u01b0\u1eddng<\/strong>\u00a0c\u1ee7a Taiwan vi\u1ebft lau d\u1ec5 d\u00e0ng v\u00e0 kh\u00f4ng \u0111\u1ec3 l\u1ea1i d\u1ea5u, m\u1eb7t b\u1ea3ng c\u00f3 th\u1ec3 ch\u1ecdn tr\u1eafng tr\u01a1n ho\u1eb7c k\u1ebb \u00f4 ly mi\u1ec5n ph\u00ed theo y\u00eau c\u1ea7u.<\/p>\n<p><img loading=\"lazy\" decoding=\"async\" class=\"alignnone size-full wp-image-7939\" src=\"https:\/\/bangvietbavicoboard.com\/wp-content\/uploads\/2024\/11\/bang-viet-bl-poly-taiwan-1.jpg\" alt=\"\" width=\"1600\" height=\"1200\" srcset=\"https:\/\/bangvietbavicoboard.com\/wp-content\/uploads\/2024\/11\/bang-viet-bl-poly-taiwan-1.jpg 1600w, https:\/\/bangvietbavicoboard.com\/wp-content\/uploads\/2024\/11\/bang-viet-bl-poly-taiwan-1-533x400.jpg 533w, https:\/\/bangvietbavicoboard.com\/wp-content\/uploads\/2024\/11\/bang-viet-bl-poly-taiwan-1-1067x800.jpg 1067w, https:\/\/bangvietbavicoboard.com\/wp-content\/uploads\/2024\/11\/bang-viet-bl-poly-taiwan-1-768x576.jpg 768w, https:\/\/bangvietbavicoboard.com\/wp-content\/uploads\/2024\/11\/bang-viet-bl-poly-taiwan-1-1536x1152.jpg 1536w, https:\/\/bangvietbavicoboard.com\/wp-content\/uploads\/2024\/11\/bang-viet-bl-poly-taiwan-1-16x12.jpg 16w, https:\/\/bangvietbavicoboard.com\/wp-content\/uploads\/2024\/11\/bang-viet-bl-poly-taiwan-1-300x225.jpg 300w, https:\/\/bangvietbavicoboard.com\/wp-content\/uploads\/2024\/11\/bang-viet-bl-poly-taiwan-1-600x450.jpg 600w\" sizes=\"auto, (max-width: 1600px) 100vw, 1600px\" \/><\/p>\n<h1><\/h1>\n<h1><span class=\"ez-toc-section\" id=\"Cau_tao_cua_bang\"><\/span><strong>C\u1ea5u t\u1ea1o c\u1ee7a b\u1ea3ng<\/strong><span class=\"ez-toc-section-end\"><\/span><\/h1>\n<h2><span class=\"ez-toc-section\" id=\"Mat_bang_viet_but_long_gia_re_treo_tuong\"><\/span><strong>M\u1eb7t b\u1ea3ng vi\u1ebft b\u00fat l\u00f4ng gi\u00e1 r\u1ebb treo t\u01b0\u1eddng<\/strong><span class=\"ez-toc-section-end\"><\/span><\/h2>\n<ul>\n<li style=\"list-style-type: none;\">\n<ul>\n<li>B\u1eb1ng ch\u1ea5t li\u1ec7u Poly Taiwan kh\u00f4ng t\u1eeb vi\u1ebft lau s\u1ea1ch b\u00f3ng.\u00a0<span style=\"color: #800080;\"><a style=\"color: #800080;\" href=\"https:\/\/www.tiktok.com\/@bangvietbavico\/video\/7213300981356842242\" target=\"_blank\" rel=\"noopener\">M\u1edcI XEM VIDEO CH\u1ea4T LI\u1ec6U M\u1eb6T B\u1ea2NG<\/a><\/span><\/li>\n<li>Cho ph\u00e9p \u0111\u1ec3 tr\u1eafng tr\u01a1n ho\u1eb7c k\u1ebb \u00f4 ly vu\u00f4ng, \u00f4 ly \u00e2m nh\u1ea1c theo y\u00eau c\u1ea7u.<\/li>\n<\/ul>\n<\/li>\n<\/ul>\n<p><img decoding=\"async\" src=\"https:\/\/bangvietbavico.net\/wp-content\/uploads\/2024\/02\/bang-viet-but-long-treo-tuong-gia-re-cac-loai.jpg.webp\" alt=\"B\u1ea3ng vi\u1ebft b\u00fat l\u00f4ng treo t\u01b0\u1eddng gi\u00e1 r\u1ebb c\u00e1c lo\u1ea1i\" \/><\/p>\n<h2><span class=\"ez-toc-section\" id=\"Tam_lot_bang_viet_but_long_gia_re_treo_tuong\"><\/span><strong>T\u1ea5m l\u00f3t b\u1ea3ng vi\u1ebft b\u00fat l\u00f4ng gi\u00e1 r\u1ebb treo t\u01b0\u1eddng<\/strong><span class=\"ez-toc-section-end\"><\/span><\/h2>\n<ul>\n<li style=\"list-style-type: none;\">\n<ul>\n<li>B\u1eb1ng v\u00e1n MDF Th\u00e1i Lan \u00e9p gi\u1ea5y b\u00f3ng v\u00e2n g\u1ed7.<\/li>\n<li>\u0110\u1eb7c \u0111i\u1ec3m: ch\u1ed1ng \u1ea9m, ch\u1ed1ng rung khi vi\u1ebft.<\/li>\n<\/ul>\n<\/li>\n<\/ul>\n<h3><span class=\"ez-toc-section\" id=\"Khung_bang_viet_but_long_gia_re_treo_tuong\"><\/span><strong>Khung <\/strong><strong>b\u1ea3ng vi\u1ebft b\u00fat l\u00f4ng gi\u00e1 r\u1ebb treo t\u01b0\u1eddng<\/strong><span class=\"ez-toc-section-end\"><\/span><\/h3>\n<ul>\n<li style=\"list-style-type: none;\">\n<ul>\n<li>B\u1eb1ng nh\u00f4m Vi\u1ec7t Nh\u1eadt ho\u1eb7c b\u1eb1ng khung g\u1ed7 m\u00e0 gi\u00e1 kh\u00f4ng thay \u0111\u1ed3i.<\/li>\n<li>B\u1ed1n g\u00f3c b\u1ea3ng k\u1ebft n\u1ed1i b\u1eb1ng co g\u00f3c b\u1eb1ng nh\u1ef1a cao c\u1ea5p ch\u1ed1ng tr\u1ea7y khi s\u1eed d\u1ee5ng.<\/li>\n<\/ul>\n<\/li>\n<\/ul>\n<h1><span class=\"ez-toc-section\" id=\"Thiet_ke_noi_dung_cho_bang_viet_but_long_gia_re_treo_tuong\"><\/span><strong>Thi\u1ebft k\u1ebf n\u1ed9i dung cho b\u1ea3ng vi\u1ebft b\u00fat l\u00f4ng gi\u00e1 r\u1ebb <\/strong><strong>treo t\u01b0\u1eddng<\/strong><span class=\"ez-toc-section-end\"><\/span><\/h1>\n<ul>\n<li>Thi\u1ebft k\u1ebf v\u00e0 s\u1ea3n xu\u1ea5t tr\u1ef1c ti\u1ebfp: v\u1edbi c\u01a1 s\u1edf m\u00e1y m\u00f3c nh\u01b0 m\u00e1y laser, m\u00e1y in, m\u00e1y c\u1eaft decal\u2026v\u00e0 \u0111\u1ed9i ng\u0169 thi\u1ebft k\u1ebf l\u00e2u n\u0103m<\/li>\n<li>B\u1ea3ng Vi\u1ebft BAVICO lu\u00f4n \u0111\u1ea3m b\u1ea3o ph\u1ee5c v\u1ee5 m\u1ecdi nhu c\u1ea7u kh\u00e1ch h\u00e0ng v\u1ec1 b\u1ea3ng c\u00f3 n\u1ed9i dung v\u1edbi gi\u00e1 nh\u00e0 m\u00e1y.<\/li>\n<li>C\u00e1c lo\u1ea1i b\u1ea3ng th\u01b0\u1eddng l\u00e0m cho kh\u00e1ch h\u00e0ng r\u1ea5t \u0111a d\u1ea1ng t\u1eeb b\u1ea3ng l\u1ecbch c\u00f4ng t\u00e1c, k\u1ebf ho\u1ea1ch kinh doanh, theo d\u00f5i s\u1ea3n xu\u1ea5t\u2026<\/li>\n<\/ul>\n<figure style=\"width: 1200px\" class=\"wp-caption alignnone\"><img loading=\"lazy\" decoding=\"async\" src=\"https:\/\/bangvietbavico.net\/wp-content\/uploads\/2024\/02\/bang-viet-but-long-treo-tuong-gia-re-co-noi-dung.jpg.webp\" alt=\"B\u1ea3ng vi\u1ebft b\u00fat l\u00f4ng treo t\u01b0\u1eddng gi\u00e1 r\u1ebb c\u00f3 n\u1ed9i dung\" width=\"1200\" height=\"665\" \/><figcaption class=\"wp-caption-text\"><em>(B\u1ea3ng vi\u1ebft b\u00fat l\u00f4ng treo t\u01b0\u1eddng gi\u00e1 r\u1ebb c\u00f3 n\u1ed9i dung)<\/em><\/figcaption><\/figure>\n<ul>\n<li>Ngo\u00e0i c\u00e1c m\u1eabu b\u1ea3ng cho doanh nghi\u1ec7p, BAVICO chuy\u00ean s\u1ea3n xu\u1ea5t c\u00e1c lo\u1ea1i b\u1ea3ng bi\u1ec3u cho tr\u01b0\u1eddng h\u1ecdc 22 n\u0103m qua nh\u01b0: b\u1ea3ng ch\u1eef c\u00e1i, b\u1ea3ng ti\u00eau l\u1ec7nh, b\u1ea3ng \u0111\u1ed3, \u1ea3nh B\u00e1c H\u1ed3, b\u1ea3ng nghi\u1ec7p v\u1ee5\u2026<\/li>\n<\/ul>\n<p><img decoding=\"async\" src=\"https:\/\/bangvietbavico.net\/wp-content\/uploads\/2024\/02\/bang-viet-but-long-treo-tuong-gia-re-co-noi-dung-cho-truong-hoc.jpg.webp\" alt=\"B\u1ea3ng vi\u1ebft b\u00fat l\u00f4ng treo t\u01b0\u1eddng gi\u00e1 r\u1ebb c\u00f3 n\u1ed9i dung cho tr\u01b0\u1eddng h\u1ecdc\" \/><\/p>\n<h2><\/h2>\n<h1><span class=\"ez-toc-section\" id=\"Lap_dat_bang_viet_but_long_gia_re_treo_tuong\"><\/span><strong>L\u1eafp \u0111\u1eb7t b\u1ea3ng vi\u1ebft b\u00fat l\u00f4ng gi\u00e1 r\u1ebb <\/strong><strong>treo t\u01b0\u1eddng<\/strong><span class=\"ez-toc-section-end\"><\/span><\/h1>\n<ul>\n<li>Giao v\u00e0 l\u1eafp mi\u1ec5n ph\u00ed khu v\u1ef1c TP.HCM trong vong 24h ho\u1eb7c nhanh h\u01a1n theo y\u00eau c\u1ea7u.<\/li>\n<li>BAVICO l\u00e0 nh\u00e0 s\u1ea3n xu\u1ea5t tr\u1ef1c ti\u1ebfp n\u00ean kh\u00e1ch h\u00e0ng c\u00f3 th\u1ec3 \u0111\u1eb7t\u00a0<strong>B\u1ea3ng vi\u1ebft b\u00fat l\u00f4ng gi\u00e1 r\u1ebb treo tr\u01b0\u1eddng<\/strong>\u00a0theo k\u00edch th\u01b0\u1edbc, \u00f4 ly hay n\u1ed9i dung tr\u00ean b\u1ea3ng theo y\u00eau c\u1ea7u.<\/li>\n<li>L\u1eafp \u0111\u1eb7t: b\u1ea3ng nh\u1ecf c\u00f3 g\u1eafn s\u1eb1n m\u00f3c treo. B\u1ea3ng l\u1edbn \u0111\u01b0\u1ee3c nh\u00e2n vi\u00ean giao h\u00e0ng l\u1eafp v\u00e0o t\u01b0\u1eddng b\u1eb1ng t\u1eafc k\u00ea v\u00e0 b\u00e1t treo ch\u1eafc ch\u1eafn.<\/li>\n<\/ul>\n<p>&nbsp;<\/p>\n<p><img decoding=\"async\" src=\"https:\/\/bangvietbavico.edu.vn\/wp-content\/uploads\/2024\/10\/XE-TAI.png\" \/><\/p>\n<h1><span class=\"ez-toc-section\" id=\"Li_do_nen_mua_san_pham_cua_Bang_viet_Bavico\"><\/span><strong>L\u00ed do n\u00ean mua s\u1ea3n ph\u1ea9m c\u1ee7a B\u1ea3ng vi\u1ebft Bavico<\/strong><span class=\"ez-toc-section-end\"><\/span><\/h1>\n<ul>\n<li><span style=\"font-family: arial, helvetica, sans-serif; color: #000080;\">B\u1ea3ng vi\u1ebft BAVICO l\u00e0 th\u01b0\u01a1ng hi\u1ec7u uy t\u00edn trong l\u0129nh v\u1ef1c s\u1ea3n xu\u1ea5t b\u1ea3ng v\u1edbi h\u01a1n 22 n\u0103m kinh nghi\u1ec7m.<\/span><\/li>\n<li><span style=\"font-family: arial, helvetica, sans-serif; color: #000080;\">Doanh nghi\u1ec7p \u0111\u1ea7u ti\u00ean trong ng\u00e0nh \u0111\u01b0a b\u1ea3ng t\u1eeb v\u1ec1 Vi\u1ec7t Nam v\u00e0 t\u01b0 v\u1ea5n thay th\u1ebf b\u1ea3ng t\u1eeb trong tr\u01b0\u1eddng h\u1ecdc cho B\u1ed9 Gi\u00e1o d\u1ee5c v\u00e0 \u0110\u00e0o t\u1ea1o.<\/span><\/li>\n<li><span style=\"font-family: arial, helvetica, sans-serif; color: #000080;\">C\u00f3 ch\u1ee9ng nh\u1eadn nh\u1eadp kh\u1ea9u h\u00e0ng h\u00f3a theo \u0111\u00fang quy \u0111\u1ecbnh (CO \u2013 CQ).<\/span><\/li>\n<li><span style=\"font-family: arial, helvetica, sans-serif; color: #000080;\">\u0110\u1ed1i t\u00e1c ngu\u1ed3n nguy\u00ean li\u1ec7u ch\u00ednh (m\u1eb7t b\u1ea3ng) uy t\u00edn tr\u00ean to\u00e0n c\u1ea7u: Polyvion cho b\u1ec1 m\u1eb7t Ceramic v\u00e0 Dongshin cho b\u1ec1 m\u1eb7t th\u00e9p ph\u1ee7 s\u01a1n.<\/span><\/li>\n<li><span style=\"font-family: arial, helvetica, sans-serif; color: #000080;\">BAVICO t\u1ef1 h\u00e0o C\u00f4ng ty s\u1ea3n xu\u1ea5t v\u00e0 c\u1ea5p cung s\u1ea3n ph\u1ea9m tr\u1ef1c ti\u1ebfp\u00a0 \u2013 \u0110\u1ea3m b\u1ea3o s\u1ea3n ph\u1ea9m ch\u00ednh h\u00e3ng 100%.<\/span><\/li>\n<li><span style=\"font-family: arial, helvetica, sans-serif; color: #000080;\">B\u1ea3ng vi\u1ebft BAVICO \u0111\u00e3 ph\u1ee5c v\u1ee5 r\u1ea5t nhi\u1ec1u kh\u00e1ch h\u00e0ng l\u1edbn nh\u01b0: T\u1eadp \u0111o\u00e0n Samsung, Viettel, C\u00e1c Tr\u01b0\u1eddng Qu\u1ed1c T\u1ebf \u00c1 Ch\u00e2u, M\u1ef9, Ph\u00e1p, Nh\u1eadt,\u2026<\/span><\/li>\n<li><span style=\"font-family: arial, helvetica, sans-serif; color: #000080;\">S\u1ea3n ph\u1ea9m \u0111a d\u1ea1ng v\u1edbi nhi\u1ec1u s\u1ef1 l\u1ef1a ch\u1ecdn, thi\u1ebft k\u1ebf v\u00e0 s\u1ea3n xu\u1ea5t theo y\u00eau c\u1ea7u kh\u00e1ch h\u00e0ng.<\/span><\/li>\n<li><span style=\"font-family: arial, helvetica, sans-serif; color: #000080;\">Ch\u00ednh s\u00e1ch b\u1ea3o h\u00e0nh t\u1eeb 12 th\u00e1ng \u2013 36 th\u00e1ng gi\u00fap kh\u00e1ch h\u00e0ng y\u00ean t\u00e2m khi mua h\u00e0ng.<\/span><\/li>\n<\/ul>\n<h2><span class=\"ez-toc-section\" id=\"%3E%3E%3E_Moi_Quy_khach_hang_click_tham_khao_cac_loai_Bang_viet_but_long_khac\"><\/span><span style=\"font-family: arial, helvetica, sans-serif; color: #008000;\"><a style=\"color: #008000;\" href=\"https:\/\/bangvietbavicoboard.com\/en\/product-category\/bang-viet-but-long\/\"><em>&gt;&gt;&gt; M\u1eddi Qu\u00fd kh\u00e1ch h\u00e0ng click tham kh\u1ea3o c\u00e1c lo\u1ea1i B\u1ea3ng vi\u1ebft b\u00fat l\u00f4ng kh\u00e1c<\/em><\/a><\/span><span class=\"ez-toc-section-end\"><\/span><\/h2>\n<p>&nbsp;<\/p>\n<p>&nbsp;<\/p>","protected":false},"excerpt":{"rendered":"<p><strong>B\u1ea3ng vi\u1ebft b\u00fat l\u00f4ng gi\u00e1 r\u1ebb <\/strong>l\u00e0 s\u1ea3n ph\u1ea9m th\u00f4ng d\u1ee5ng nh\u1ea5t hi\u1ec7n nay v\u00ec gi\u00e1 m\u1ec1m v\u00e0 kh\u00f4ng cho\u00e1ng kh\u00f4ng gian nh\u01b0 b\u1ea3ng c\u00f3 ch\u00e2n.<\/p>","protected":false},"featured_media":7524,"comment_status":"open","ping_status":"closed","template":"","meta":{"_acf_changed":false},"product_brand":[],"product_cat":[487],"product_tag":[],"class_list":{"0":"post-9967","1":"product","2":"type-product","3":"status-publish","4":"has-post-thumbnail","6":"product_cat-bang-viet-but-long","8":"first","9":"instock","10":"shipping-taxable","11":"purchasable","12":"product-type-variable"},"acf":[],"_links":{"self":[{"href":"https:\/\/bangvietbavicoboard.com\/en\/wp-json\/wp\/v2\/product\/9967","targetHints":{"allow":["GET"]}}],"collection":[{"href":"https:\/\/bangvietbavicoboard.com\/en\/wp-json\/wp\/v2\/product"}],"about":[{"href":"https:\/\/bangvietbavicoboard.com\/en\/wp-json\/wp\/v2\/types\/product"}],"replies":[{"embeddable":true,"href":"https:\/\/bangvietbavicoboard.com\/en\/wp-json\/wp\/v2\/comments?post=9967"}],"wp:featuredmedia":[{"embeddable":true,"href":"https:\/\/bangvietbavicoboard.com\/en\/wp-json\/wp\/v2\/media\/7524"}],"wp:attachment":[{"href":"https:\/\/bangvietbavicoboard.com\/en\/wp-json\/wp\/v2\/media?parent=9967"}],"wp:term":[{"taxonomy":"product_brand","embeddable":true,"href":"https:\/\/bangvietbavicoboard.com\/en\/wp-json\/wp\/v2\/product_brand?post=9967"},{"taxonomy":"product_cat","embeddable":true,"href":"https:\/\/bangvietbavicoboard.com\/en\/wp-json\/wp\/v2\/product_cat?post=9967"},{"taxonomy":"product_tag","embeddable":true,"href":"https:\/\/bangvietbavicoboard.com\/en\/wp-json\/wp\/v2\/product_tag?post=9967"}],"curies":[{"name":"wp","href":"https:\/\/api.w.org\/{rel}","templated":true}]}}