{"id":9919,"date":"2024-12-06T06:23:19","date_gmt":"2024-12-06T06:23:19","guid":{"rendered":"https:\/\/bangvietbavicoboard.com\/?post_type=product&#038;p=9919"},"modified":"2025-02-27T11:43:55","modified_gmt":"2025-02-27T11:43:55","slug":"bang-viet-phan-tu-han-quoc-in-o-ly-tieu-hoc-theo-yeu-cau","status":"publish","type":"product","link":"https:\/\/bangvietbavicoboard.com\/en\/product\/bang-viet-phan-tu-han-quoc-in-o-ly-tieu-hoc-theo-yeu-cau\/","title":{"rendered":"B\u1ea3ng vi\u1ebft ph\u1ea5n t\u1eeb H\u00e0n Qu\u1ed1c in \u00f4 ly ti\u1ec3u h\u1ecdc theo y\u00eau c\u1ea7u"},"content":{"rendered":"<p><strong>B\u1ea3ng t\u1eeb vi\u1ebft ph\u1ea5n t\u1eeb H\u00e0n Qu\u1ed1c in \u00f4 ly ti\u1ec3u h\u1ecdc<\/strong>\u00a0c\u00f3 m\u1eb7t b\u1ea3ng m\u00e0u xanh ng\u1ecdc in l\u1ee5a gi\u00fap cho c\u00e1c b\u00e9 r\u00e8n luy\u1ec7n ch\u1eef vi\u1ebft tr\u00ean b\u1ea3ng gi\u1ed1ng\u00a0nh\u01b0 vi\u1ebft tr\u00ean t\u1eadp. M\u1eb7t b\u1ea3ng nh\u1eadp kh\u1ea9u tr\u1ef1c ti\u1ebfp t\u1eeb H\u00e0n Qu\u1ed1c vi\u1ebft ph\u1ea5n \u00eam, ch\u1ed1ng lo\u00e1 v\u1edbi m\u1ecdi g\u00f3c nh\u00ecn c\u1ee7a b\u00e9.<\/p>\n<p><strong>B\u1ea3ng t\u1eeb vi\u1ebft ph\u1ea5n t\u1eeb H\u00e0n Qu\u1ed1c in \u00f4 ly ti\u1ec3u h\u1ecdc<\/strong>\u00a0c\u00f3 m\u1eb7t b\u1ea3ng l\u00e0 h\u00e0ng ch\u00ednh h\u00e3ng &#8220;<strong>MADE IN KOREA<\/strong>&#8220;.<\/p>\n<figure id=\"attachment_8979\" aria-describedby=\"caption-attachment-8979\" style=\"width: 1200px\" class=\"wp-caption alignnone\"><img loading=\"lazy\" decoding=\"async\" class=\"size-full wp-image-8979\" src=\"https:\/\/bangvietbavicoboard.com\/wp-content\/uploads\/2024\/11\/bang-viet-phan-tu-ke-o-ly-tap-120x80-1.png\" alt=\"bang-viet-phan-treo-tuong\" width=\"1200\" height=\"800\" srcset=\"https:\/\/bangvietbavicoboard.com\/wp-content\/uploads\/2024\/11\/bang-viet-phan-tu-ke-o-ly-tap-120x80-1.png 1200w, https:\/\/bangvietbavicoboard.com\/wp-content\/uploads\/2024\/11\/bang-viet-phan-tu-ke-o-ly-tap-120x80-1-600x400.png 600w, https:\/\/bangvietbavicoboard.com\/wp-content\/uploads\/2024\/11\/bang-viet-phan-tu-ke-o-ly-tap-120x80-1-768x512.png 768w, https:\/\/bangvietbavicoboard.com\/wp-content\/uploads\/2024\/11\/bang-viet-phan-tu-ke-o-ly-tap-120x80-1-18x12.png 18w, https:\/\/bangvietbavicoboard.com\/wp-content\/uploads\/2024\/11\/bang-viet-phan-tu-ke-o-ly-tap-120x80-1-300x200.png 300w\" sizes=\"auto, (max-width: 1200px) 100vw, 1200px\" \/><figcaption id=\"caption-attachment-8979\" class=\"wp-caption-text\">(B\u1ea3ng t\u1eeb vi\u1ebft ph\u1ea5n treo t\u01b0\u1eddng c\u00f3 k\u1ebb \u00f4 ly)<\/figcaption><\/figure>\n<h3><span class=\"ez-toc-section\" id=\"Bang_tu_viet_phan_Han_Quoc_in_o_ly_tieu_hoc_co_cau_tao_nhu_sau\"><\/span><strong>B\u1ea3ng t\u1eeb vi\u1ebft ph\u1ea5n H\u00e0n Qu\u1ed1c in \u00f4 ly ti\u1ec3u h\u1ecdc<\/strong>\u00a0c\u00f3 c\u1ea5u t\u1ea1o nh\u01b0 sau:<span class=\"ez-toc-section-end\"><\/span><\/h3>\n<p>1. \u00a0M\u1eb7t b\u1ea3ng: nguy\u00ean li\u1ec7u ch\u00ednh b\u1eb1ng th\u00e9p s\u01a1n t\u0129nh \u0111i\u1ec7n nh\u1eadp kh\u1ea9u t\u1eeb Dongshin \u2013 Korea. C\u00f4ng ty th\u00e9p \u0111\u1ee9ng \u0111\u1ea7u H\u00e0n Qu\u1ed1c.<\/p>\n<p>Ch\u1ea5t li\u1ec7u ch\u00ednh b\u1eb1ng th\u00e9p s\u01a1n t\u0129nh \u0111i\u1ec7n, qua thi\u1ebft k\u1ebf 17 l\u1edbp s\u01a1n t\u0129nh \u0111i\u1ec7n tr\u00ean n\u1ec1n m\u00e0u xanh, \u0111\u1ed9 d\u00e0y m\u1eb7t b\u1ea3ng l\u00e0 3,5dem, m\u1eb7t b\u1ea3ng ch\u1ed1ng lo\u00e1, ch\u1ed1ng m\u00e0i m\u00f2n, tr\u01a1n tr\u1ee3t. V\u1edbi n\u00e9t k\u1ebb \u00f4 ly ti\u1ec3u h\u1ecdc 10cm s\u1ebd kh\u00f4ng b\u1ecb m\u00e0i m\u00f2n theo th\u1eddi gian.<\/p>\n<p><strong>Table from<\/strong>\u00a0vi\u1ebft ph\u1ea5n \u00eam, d\u1ec5 x\u00f3a &amp; kh\u00f4ng \u0111\u1ec3 l\u1ea1i d\u1ea5u, c\u00f3 \u00f4 ly ch\u00ecm 5cm, c\u00f3 th\u1ec3 d\u00f9ng nam ch\u00e2m \u0111\u00ednh h\u00ecnh \u1ea3nh minh h\u1ecda. M\u1eb7t b\u1ea3ng m\u00e0u xanh ng\u1ecdc c\u00f3 th\u1ec3\u00a0<em><strong>in \u00f4 ly ti\u1ec3u h\u1ecdc ho\u1eb7c \u00f4 ly t\u1eadp<\/strong><\/em>\u00a0t\u00f9y theo y\u00eau c\u1ea7u kh\u00e1ch h\u00e0ng<\/p>\n<table>\n<tbody>\n<tr>\n<td width=\"293\"><img loading=\"lazy\" decoding=\"async\" class=\"aligncenter size-full wp-image-1342\" src=\"https:\/\/bangvietbavico.edu.vn\/wp-content\/uploads\/2019\/12\/%C3%94-LY-TI%E1%BB%82U-H%E1%BB%8CC.jpg\" sizes=\"auto, (max-width: 1280px) 100vw, 1280px\" srcset=\"https:\/\/bangvietbavico.edu.vn\/wp-content\/uploads\/2019\/12\/\u00d4-LY-TI\u1ec2U-H\u1eccC.jpg 1280w, https:\/\/bangvietbavico.edu.vn\/wp-content\/uploads\/2019\/12\/\u00d4-LY-TI\u1ec2U-H\u1eccC-300x195.jpg 300w, https:\/\/bangvietbavico.edu.vn\/wp-content\/uploads\/2019\/12\/\u00d4-LY-TI\u1ec2U-H\u1eccC-768x499.jpg 768w, https:\/\/bangvietbavico.edu.vn\/wp-content\/uploads\/2019\/12\/\u00d4-LY-TI\u1ec2U-H\u1eccC-1024x666.jpg 1024w\" alt=\"\" width=\"1280\" height=\"832\" \/><strong>\u00d4 ly ti\u1ec3u h\u1ecdc<\/strong><\/td>\n<td width=\"293\"><img loading=\"lazy\" decoding=\"async\" class=\"aligncenter size-full wp-image-1343\" src=\"https:\/\/bangvietbavico.edu.vn\/wp-content\/uploads\/2019\/12\/%C3%94-LY-T%E1%BA%ACP-4-%C3%94.png\" sizes=\"auto, (max-width: 1280px) 100vw, 1280px\" srcset=\"https:\/\/bangvietbavico.edu.vn\/wp-content\/uploads\/2019\/12\/\u00d4-LY-T\u1eacP-4-\u00d4.png 1280w, https:\/\/bangvietbavico.edu.vn\/wp-content\/uploads\/2019\/12\/\u00d4-LY-T\u1eacP-4-\u00d4-300x200.png 300w, https:\/\/bangvietbavico.edu.vn\/wp-content\/uploads\/2019\/12\/\u00d4-LY-T\u1eacP-4-\u00d4-768x512.png 768w, https:\/\/bangvietbavico.edu.vn\/wp-content\/uploads\/2019\/12\/\u00d4-LY-T\u1eacP-4-\u00d4-1024x683.png 1024w\" alt=\"\" width=\"1280\" height=\"854\" \/><strong>\u00d4 ly t\u1eadp 4 \u00f4<\/strong><\/td>\n<td width=\"293\"><img loading=\"lazy\" decoding=\"async\" class=\"size-full wp-image-1344 aligncenter\" src=\"https:\/\/bangvietbavico.edu.vn\/wp-content\/uploads\/2019\/12\/%C3%94-LY-T%E1%BA%ACP-5-%C3%94.jpg\" sizes=\"auto, (max-width: 1280px) 100vw, 1280px\" srcset=\"https:\/\/bangvietbavico.edu.vn\/wp-content\/uploads\/2019\/12\/\u00d4-LY-T\u1eacP-5-\u00d4.jpg 1280w, https:\/\/bangvietbavico.edu.vn\/wp-content\/uploads\/2019\/12\/\u00d4-LY-T\u1eacP-5-\u00d4-300x192.jpg 300w, https:\/\/bangvietbavico.edu.vn\/wp-content\/uploads\/2019\/12\/\u00d4-LY-T\u1eacP-5-\u00d4-768x491.jpg 768w, https:\/\/bangvietbavico.edu.vn\/wp-content\/uploads\/2019\/12\/\u00d4-LY-T\u1eacP-5-\u00d4-1024x655.jpg 1024w\" alt=\"\" width=\"1280\" height=\"819\" \/><strong>\u00d4 ly t\u1eadp 5 \u00f4<\/strong><\/td>\n<\/tr>\n<\/tbody>\n<\/table>\n<p>&nbsp;<\/p>\n<p>2. T\u1ea5m l\u00f3t b\u1ea3ng: \u0111\u01b0\u1ee3c l\u00f3t b\u1eb1ng v\u00e1n MDF 6ly v\u00e2n g\u1ed7 ch\u1ed1ng \u1ea9m, ch\u1ed1ng cong, mo, v\u00eanh b\u1ea3ng.<\/p>\n<p>3. Khung b\u1ea3ng: B\u1ea3ng t\u1eeb vi\u1ebft ph\u1ea5n \u0111\u01b0\u1ee3c vi\u1ec1n khung nh\u00f4m chuy\u00ean d\u1ee5ng Vi\u1ec7t &#8211; Nh\u1eadt ch\u1ed1ng r\u1ec9, ch\u1ecbu l\u1ef1c t\u1ed1t.<\/p>\n<p>4 Co b\u1ea3ng: gi\u1eefa hai thanh nh\u00f4m \u0111\u01b0\u1ee3c n\u1ed1i v\u1edbi nhau b\u1eb1ng co nh\u1ef1a ch\u1ed1ng tr\u1ea7y v\u00e0 t\u1ea1o c\u1ea3m gi\u00e1c h\u00e0i ho\u00e0 v\u1edbi khung nh\u00f4m<\/p>\n<p>5. M\u00e1ng \u0111\u1ef1ng ph\u1ea5n: b\u1eb1ng nh\u00f4m chuy\u00ean d\u1ee5ng<\/p>\n<h3 style=\"text-align: center;\"><span class=\"ez-toc-section\" id=\"Chung_nhan_xuat_xu_va_nhap_khau_COCQ_MILL_TEST\"><\/span><strong><span style=\"color: #000080;\">Ch\u1ee9ng nh\u1eadn xu\u1ea5t x\u1ee9 v\u00e0 nh\u1eadp kh\u1ea9u CO\/CQ\/ MILL TEST<\/span><\/strong><span class=\"ez-toc-section-end\"><\/span><\/h3>\n<table>\n<tbody>\n<tr>\n<td><span style=\"font-family: arial, helvetica, sans-serif;\"><img loading=\"lazy\" decoding=\"async\" class=\"aligncenter size-full wp-image-11457\" src=\"https:\/\/bangvietbavico.edu.vn\/wp-content\/uploads\/2023\/11\/CO-2024-1200.jpg\" sizes=\"auto, (max-width: 1200px) 100vw, 1200px\" srcset=\"https:\/\/bangvietbavico.edu.vn\/wp-content\/uploads\/2023\/11\/CO-2024-1200.jpg 1200w, https:\/\/bangvietbavico.edu.vn\/wp-content\/uploads\/2023\/11\/CO-2024-1200-300x300.jpg 300w, https:\/\/bangvietbavico.edu.vn\/wp-content\/uploads\/2023\/11\/CO-2024-1200-1024x1024.jpg 1024w, https:\/\/bangvietbavico.edu.vn\/wp-content\/uploads\/2023\/11\/CO-2024-1200-150x150.jpg 150w, https:\/\/bangvietbavico.edu.vn\/wp-content\/uploads\/2023\/11\/CO-2024-1200-768x768.jpg 768w, https:\/\/bangvietbavico.edu.vn\/wp-content\/uploads\/2023\/11\/CO-2024-1200-180x180.jpg 180w, https:\/\/bangvietbavico.edu.vn\/wp-content\/uploads\/2023\/11\/CO-2024-1200-600x600.jpg 600w\" alt=\"\" width=\"1200\" height=\"1200\" \/><\/span><\/td>\n<td><span style=\"font-family: arial, helvetica, sans-serif;\"><img loading=\"lazy\" decoding=\"async\" class=\"aligncenter size-full wp-image-11458\" src=\"https:\/\/bangvietbavico.edu.vn\/wp-content\/uploads\/2023\/11\/CQ-2024-Mill-test-1200.jpg\" sizes=\"auto, (max-width: 1200px) 100vw, 1200px\" srcset=\"https:\/\/bangvietbavico.edu.vn\/wp-content\/uploads\/2023\/11\/CQ-2024-Mill-test-1200.jpg 1200w, https:\/\/bangvietbavico.edu.vn\/wp-content\/uploads\/2023\/11\/CQ-2024-Mill-test-1200-300x300.jpg 300w, https:\/\/bangvietbavico.edu.vn\/wp-content\/uploads\/2023\/11\/CQ-2024-Mill-test-1200-1024x1024.jpg 1024w, https:\/\/bangvietbavico.edu.vn\/wp-content\/uploads\/2023\/11\/CQ-2024-Mill-test-1200-150x150.jpg 150w, https:\/\/bangvietbavico.edu.vn\/wp-content\/uploads\/2023\/11\/CQ-2024-Mill-test-1200-768x768.jpg 768w, https:\/\/bangvietbavico.edu.vn\/wp-content\/uploads\/2023\/11\/CQ-2024-Mill-test-1200-180x180.jpg 180w, https:\/\/bangvietbavico.edu.vn\/wp-content\/uploads\/2023\/11\/CQ-2024-Mill-test-1200-600x600.jpg 600w\" alt=\"\" width=\"1200\" height=\"1200\" \/><\/span><\/td>\n<\/tr>\n<\/tbody>\n<\/table>\n<p>&nbsp;<\/p>\n<h1><span class=\"ez-toc-section\" id=\"Su_dung_bang_viet_phan_nhu_the_nao_cho_hieu_qua\"><\/span><strong>S\u1eed d\u1ee5ng b\u1ea3ng vi\u1ebft ph\u1ea5n nh\u01b0 th\u1ebf n\u00e0o cho hi\u1ec7u qu\u1ea3?<\/strong><span class=\"ez-toc-section-end\"><\/span><\/h1>\n<p><img loading=\"lazy\" decoding=\"async\" class=\"alignnone size-full wp-image-9753\" src=\"https:\/\/bangvietbavicoboard.com\/wp-content\/uploads\/2024\/12\/bang-viet-phan-treo-tuong-cho-be-120x80-1.png\" alt=\"\" width=\"1200\" height=\"900\" srcset=\"https:\/\/bangvietbavicoboard.com\/wp-content\/uploads\/2024\/12\/bang-viet-phan-treo-tuong-cho-be-120x80-1.png 1200w, https:\/\/bangvietbavicoboard.com\/wp-content\/uploads\/2024\/12\/bang-viet-phan-treo-tuong-cho-be-120x80-1-533x400.png 533w, https:\/\/bangvietbavicoboard.com\/wp-content\/uploads\/2024\/12\/bang-viet-phan-treo-tuong-cho-be-120x80-1-1067x800.png 1067w, https:\/\/bangvietbavicoboard.com\/wp-content\/uploads\/2024\/12\/bang-viet-phan-treo-tuong-cho-be-120x80-1-768x576.png 768w, https:\/\/bangvietbavicoboard.com\/wp-content\/uploads\/2024\/12\/bang-viet-phan-treo-tuong-cho-be-120x80-1-16x12.png 16w, https:\/\/bangvietbavicoboard.com\/wp-content\/uploads\/2024\/12\/bang-viet-phan-treo-tuong-cho-be-120x80-1-300x225.png 300w, https:\/\/bangvietbavicoboard.com\/wp-content\/uploads\/2024\/12\/bang-viet-phan-treo-tuong-cho-be-120x80-1-600x450.png 600w\" sizes=\"auto, (max-width: 1200px) 100vw, 1200px\" \/><\/p>\n<ol>\n<li><span style=\"font-family: arial, helvetica, sans-serif;\"><strong>Gi\u1ea3ng d\u1ea1y b\u00e0i h\u1ecdc<\/strong>: Gi\u00e1o vi\u00ean c\u00f3 th\u1ec3 s\u1eed d\u1ee5ng b\u1ea3ng \u0111\u1ec3 tr\u00ecnh b\u00e0y n\u1ed9i dung b\u00e0i h\u1ecdc, ghi ch\u00fa c\u00e1c \u0111i\u1ec3m quan tr\u1ecdng v\u00e0 gi\u1ea3i th\u00edch c\u00e1c kh\u00e1i ni\u1ec7m cho h\u1ecdc sinh.<\/span><\/li>\n<li><span style=\"font-family: arial, helvetica, sans-serif;\"><strong>Ghi ch\u00fa v\u00e0 t\u00f3m t\u1eaft<\/strong>: Trong qu\u00e1 tr\u00ecnh gi\u1ea3ng d\u1ea1y, gi\u00e1o vi\u00ean c\u00f3 th\u1ec3 ghi l\u1ea1i c\u00e1c \u00fd t\u01b0\u1edfng, th\u00f4ng tin v\u00e0 t\u00f3m t\u1eaft n\u1ed9i dung b\u00e0i h\u1ecdc \u0111\u1ec3 h\u1ecdc sinh d\u1ec5 d\u00e0ng theo d\u00f5i.<\/span><\/li>\n<li><span style=\"font-family: arial, helvetica, sans-serif;\"><strong>Khuy\u1ebfn kh\u00edch t\u01b0\u01a1ng t\u00e1c<\/strong>: H\u1ecdc sinh c\u00f3 th\u1ec3 \u0111\u01b0\u1ee3c m\u1eddi l\u00ean b\u1ea3ng \u0111\u1ec3 vi\u1ebft ho\u1eb7c gi\u1ea3i b\u00e0i t\u1eadp, t\u1eeb \u0111\u00f3 t\u1ea1o ra s\u1ef1 t\u01b0\u01a1ng t\u00e1c gi\u1eefa gi\u00e1o vi\u00ean v\u00e0 h\u1ecdc sinh.<\/span><\/li>\n<li><span style=\"font-family: arial, helvetica, sans-serif;\"><strong>Th\u1ef1c h\u00e0nh v\u00e0 luy\u1ec7n t\u1eadp<\/strong>: B\u1ea3ng vi\u1ebft ph\u1ea5n c\u00f3 th\u1ec3 \u0111\u01b0\u1ee3c s\u1eed d\u1ee5ng \u0111\u1ec3 h\u1ecdc sinh th\u1ef1c h\u00e0nh vi\u1ebft, gi\u1ea3i to\u00e1n ho\u1eb7c tr\u00ecnh b\u00e0y \u00fd t\u01b0\u1edfng c\u1ee7a m\u00ecnh.<\/span><\/li>\n<li><span style=\"font-family: arial, helvetica, sans-serif;\"><strong>D\u1ec5 d\u00e0ng thay \u0111\u1ed5i n\u1ed9i dung<\/strong>: Gi\u00e1o vi\u00ean c\u00f3 th\u1ec3 d\u1ec5 d\u00e0ng x\u00f3a v\u00e0 vi\u1ebft l\u1ea1i th\u00f4ng tin, gi\u00fap c\u1eadp nh\u1eadt n\u1ed9i dung b\u00e0i h\u1ecdc m\u1ed9t c\u00e1ch linh ho\u1ea1t v\u00e0 nhanh ch\u00f3ng.<\/span><\/li>\n<li><span style=\"font-family: arial, helvetica, sans-serif;\"><strong>T\u1ea1o kh\u00f4ng gian h\u1ecdc t\u1eadp t\u00edch c\u1ef1c<\/strong>: B\u1ea3ng vi\u1ebft ph\u1ea5n gi\u00fap t\u1ea1o ra m\u1ed9t kh\u00f4ng gian h\u1ecdc t\u1eadp n\u0103ng \u0111\u1ed9ng, khuy\u1ebfn kh\u00edch s\u1ef1 s\u00e1ng t\u1ea1o v\u00e0 kh\u00e1m ph\u00e1 ki\u1ebfn th\u1ee9c.<\/span><\/li>\n<\/ol>\n<p><span style=\"font-family: arial, helvetica, sans-serif;\">Vi\u1ec7c s\u1eed d\u1ee5ng b\u1ea3ng vi\u1ebft ph\u1ea5n m\u1ed9t c\u00e1ch hi\u1ec7u qu\u1ea3 c\u00f3 th\u1ec3 n\u00e2ng cao ch\u1ea5t l\u01b0\u1ee3ng gi\u1ea3ng d\u1ea1y v\u00e0 t\u1ea1o \u0111i\u1ec1u ki\u1ec7n t\u1ed1t nh\u1ea5t cho h\u1ecdc sinh trong qu\u00e1 tr\u00ecnh h\u1ecdc t\u1eadp.<\/span><\/p>\n<p><img loading=\"lazy\" decoding=\"async\" class=\"alignnone size-full wp-image-9920\" src=\"https:\/\/bangvietbavicoboard.com\/wp-content\/uploads\/2024\/12\/bang-viet-phan-tu-ke-o-ly-tap-120x80-2.png\" alt=\"\" width=\"1200\" height=\"599\" srcset=\"https:\/\/bangvietbavicoboard.com\/wp-content\/uploads\/2024\/12\/bang-viet-phan-tu-ke-o-ly-tap-120x80-2.png 1200w, https:\/\/bangvietbavicoboard.com\/wp-content\/uploads\/2024\/12\/bang-viet-phan-tu-ke-o-ly-tap-120x80-2-800x400.png 800w, https:\/\/bangvietbavicoboard.com\/wp-content\/uploads\/2024\/12\/bang-viet-phan-tu-ke-o-ly-tap-120x80-2-768x383.png 768w, https:\/\/bangvietbavicoboard.com\/wp-content\/uploads\/2024\/12\/bang-viet-phan-tu-ke-o-ly-tap-120x80-2-18x9.png 18w, https:\/\/bangvietbavicoboard.com\/wp-content\/uploads\/2024\/12\/bang-viet-phan-tu-ke-o-ly-tap-120x80-2-300x150.png 300w, https:\/\/bangvietbavicoboard.com\/wp-content\/uploads\/2024\/12\/bang-viet-phan-tu-ke-o-ly-tap-120x80-2-600x300.png 600w\" sizes=\"auto, (max-width: 1200px) 100vw, 1200px\" \/><\/p>\n<h1><span class=\"ez-toc-section\" id=\"Bao_hanh\"><\/span><strong>B\u1ea3o h\u00e0nh<\/strong><span class=\"ez-toc-section-end\"><\/span><\/h1>\n<p><span style=\"font-family: arial, helvetica, sans-serif;\">+ Th\u1eddi gian b\u1ea3o h\u00e0nh t\u1eeb 12 th\u00e1ng n\u1ebfu do l\u1ed7i c\u1ee7a nh\u00e0 s\u1ea3n xu\u1ea5t.<\/span><br \/>\n<span style=\"font-family: arial, helvetica, sans-serif;\">+ Qu\u00fd kh\u00e1ch h\u00e0ng gi\u1eef l\u1ea1i Gi\u1ea5y giao h\u00e0ng v\u00e0 g\u1ecdi cho s\u1ed1 Hotline <span style=\"color: #0000ff;\"><strong>0938 623 068<\/strong><\/span> ho\u1eb7c kinh doanh tr\u00ean gi\u1ea5y giao h\u00e0ng\/ tr\u00ean website n\u00e0y \u0111\u1ec3 \u0111\u01b0\u1ee3c h\u1ed7 tr\u1ee3 !<\/span><\/p>\n<p><img decoding=\"async\" src=\"https:\/\/bangvietbavico.edu.vn\/wp-content\/uploads\/2024\/10\/XE-TAI.png\" \/><\/p>\n<h1><span class=\"ez-toc-section\" id=\"Li_do_nen_mua_san_pham_cua_Bang_viet_Bavico\"><\/span><strong>L\u00ed do n\u00ean mua s\u1ea3n ph\u1ea9m c\u1ee7a B\u1ea3ng vi\u1ebft Bavico<\/strong><span class=\"ez-toc-section-end\"><\/span><\/h1>\n<ul>\n<li><span style=\"font-family: arial, helvetica, sans-serif;\">B\u1ea3ng vi\u1ebft BAVICO l\u00e0 th\u01b0\u01a1ng hi\u1ec7u uy t\u00edn trong l\u0129nh v\u1ef1c s\u1ea3n xu\u1ea5t b\u1ea3ng v\u1edbi h\u01a1n 22 n\u0103m kinh nghi\u1ec7m.<\/span><\/li>\n<li><span style=\"font-family: arial, helvetica, sans-serif;\">Doanh nghi\u1ec7p \u0111\u1ea7u ti\u00ean trong ng\u00e0nh \u0111\u01b0a b\u1ea3ng t\u1eeb v\u1ec1 Vi\u1ec7t Nam v\u00e0 t\u01b0 v\u1ea5n thay th\u1ebf b\u1ea3ng t\u1eeb trong tr\u01b0\u1eddng h\u1ecdc cho B\u1ed9 Gi\u00e1o d\u1ee5c v\u00e0 \u0110\u00e0o t\u1ea1o.<\/span><\/li>\n<li><span style=\"font-family: arial, helvetica, sans-serif;\">C\u00f3 ch\u1ee9ng nh\u1eadn nh\u1eadp kh\u1ea9u h\u00e0ng h\u00f3a theo \u0111\u00fang quy \u0111\u1ecbnh (CO \u2013 CQ).<\/span><\/li>\n<li><span style=\"font-family: arial, helvetica, sans-serif;\">\u0110\u1ed1i t\u00e1c ngu\u1ed3n nguy\u00ean li\u1ec7u ch\u00ednh (m\u1eb7t b\u1ea3ng) uy t\u00edn tr\u00ean to\u00e0n c\u1ea7u: Polyvion cho b\u1ec1 m\u1eb7t Ceramic v\u00e0 Dongshin cho b\u1ec1 m\u1eb7t th\u00e9p ph\u1ee7 s\u01a1n.<\/span><\/li>\n<li><span style=\"font-family: arial, helvetica, sans-serif;\">BAVICO t\u1ef1 h\u00e0o C\u00f4ng ty s\u1ea3n xu\u1ea5t v\u00e0 c\u1ea5p cung s\u1ea3n ph\u1ea9m tr\u1ef1c ti\u1ebfp\u00a0 \u2013 \u0110\u1ea3m b\u1ea3o s\u1ea3n ph\u1ea9m ch\u00ednh h\u00e3ng 100%.<\/span><\/li>\n<li><span style=\"font-family: arial, helvetica, sans-serif;\">B\u1ea3ng vi\u1ebft BAVICO \u0111\u00e3 ph\u1ee5c v\u1ee5 r\u1ea5t nhi\u1ec1u kh\u00e1ch h\u00e0ng l\u1edbn nh\u01b0: T\u1eadp \u0111o\u00e0n Samsung, Viettel, C\u00e1c Tr\u01b0\u1eddng Qu\u1ed1c T\u1ebf \u00c1 Ch\u00e2u, M\u1ef9, Ph\u00e1p, Nh\u1eadt,\u2026<\/span><\/li>\n<li><span style=\"font-family: arial, helvetica, sans-serif;\">S\u1ea3n ph\u1ea9m \u0111a d\u1ea1ng v\u1edbi nhi\u1ec1u s\u1ef1 l\u1ef1a ch\u1ecdn, thi\u1ebft k\u1ebf v\u00e0 s\u1ea3n xu\u1ea5t theo y\u00eau c\u1ea7u kh\u00e1ch h\u00e0ng.<\/span><\/li>\n<li><span style=\"font-family: arial, helvetica, sans-serif;\">Ch\u00ednh s\u00e1ch b\u1ea3o h\u00e0nh t\u1eeb 12 th\u00e1ng \u2013 36 th\u00e1ng gi\u00fap kh\u00e1ch h\u00e0ng y\u00ean t\u00e2m khi mua h\u00e0ng.<\/span><\/li>\n<\/ul>\n<h2><span class=\"ez-toc-section\" id=\"%3E%3E%3E_Moi_Quy_khach_hang_click_tham_khao_cac_loai_Bang_viet_phan_khac\"><\/span><span style=\"font-family: arial, helvetica, sans-serif; color: #800080;\"><a style=\"color: #800080;\" href=\"https:\/\/bangvietbavicoboard.com\/en\/product-category\/bang-viet-phan\/\"><em>&gt;&gt;&gt; M\u1eddi Qu\u00fd kh\u00e1ch h\u00e0ng click tham kh\u1ea3o c\u00e1c lo\u1ea1i B\u1ea3ng vi\u1ebft ph\u1ea5n kh\u00e1c<\/em><\/a><\/span><span class=\"ez-toc-section-end\"><\/span><\/h2>\n<p>&nbsp;<\/p>\n<p>&nbsp;<\/p>\n<p>&nbsp;<\/p>","protected":false},"excerpt":{"rendered":"<p><strong><span style=\"color: #0000ff;\">Khuy\u1ebfn m\u00e3i gi\u1ea3m t\u1eeb<\/span><span style=\"color: #ed1c24; font-size: 150%;\">\u00a060%<\/span> <span style=\"color: #0000ff;\">cho k\u00edch th\u01b0\u1edbc 400&#215;600<\/span><\/strong><\/p>\n<p><strong>B\u1ea3ng t\u1eeb vi\u1ebft ph\u1ea5n t\u1eeb H\u00e0n Qu\u1ed1c in \u00f4 ly ti\u1ec3u h\u1ecdc<\/strong> c\u00f3 m\u1eb7t b\u1ea3ng m\u00e0u xanh ng\u1ecdc in l\u1ee5a gi\u00fap cho c\u00e1c b\u00e9 r\u00e8n luy\u1ec7n ch\u1eef vi\u1ebft tr\u00ean b\u1ea3ng gi\u1ed1ng\u00a0nh\u01b0 vi\u1ebft tr\u00ean t\u1eadp.<\/p>\n<p>Gi\u00e1 \u00e1p d\u1ee5ng t\u1ea1i H\u00f3c M\u00f4n, C\u1ee7 Chi v\u00e0 khu v\u1ef1c n\u1ed9i th\u00e0nh TPHCM (Q1,2,3,4,5,6,7,8,9,10,11,12,T\u00e2n B\u00ecnh, B\u00ecnh T\u00e2n, T\u00e2n Ph\u00fa, Ph\u00fa Nhu\u1eadn, B\u00ecnh Th\u1ea1nh, G\u00f2 V\u1ea5p)<br \/>\nMI\u1ec4N PH\u00cd giao h\u00e0ng &amp; l\u1eafp \u0111\u1eb7t.<\/p>","protected":false},"featured_media":9921,"comment_status":"open","ping_status":"closed","template":"","meta":{"_acf_changed":false},"product_brand":[],"product_cat":[521],"product_tag":[],"class_list":{"0":"post-9919","1":"product","2":"type-product","3":"status-publish","4":"has-post-thumbnail","6":"product_cat-bang-viet-phan","8":"first","9":"instock","10":"shipping-taxable","11":"purchasable","12":"product-type-variable"},"acf":[],"_links":{"self":[{"href":"https:\/\/bangvietbavicoboard.com\/en\/wp-json\/wp\/v2\/product\/9919","targetHints":{"allow":["GET"]}}],"collection":[{"href":"https:\/\/bangvietbavicoboard.com\/en\/wp-json\/wp\/v2\/product"}],"about":[{"href":"https:\/\/bangvietbavicoboard.com\/en\/wp-json\/wp\/v2\/types\/product"}],"replies":[{"embeddable":true,"href":"https:\/\/bangvietbavicoboard.com\/en\/wp-json\/wp\/v2\/comments?post=9919"}],"wp:featuredmedia":[{"embeddable":true,"href":"https:\/\/bangvietbavicoboard.com\/en\/wp-json\/wp\/v2\/media\/9921"}],"wp:attachment":[{"href":"https:\/\/bangvietbavicoboard.com\/en\/wp-json\/wp\/v2\/media?parent=9919"}],"wp:term":[{"taxonomy":"product_brand","embeddable":true,"href":"https:\/\/bangvietbavicoboard.com\/en\/wp-json\/wp\/v2\/product_brand?post=9919"},{"taxonomy":"product_cat","embeddable":true,"href":"https:\/\/bangvietbavicoboard.com\/en\/wp-json\/wp\/v2\/product_cat?post=9919"},{"taxonomy":"product_tag","embeddable":true,"href":"https:\/\/bangvietbavicoboard.com\/en\/wp-json\/wp\/v2\/product_tag?post=9919"}],"curies":[{"name":"wp","href":"https:\/\/api.w.org\/{rel}","templated":true}]}}