{"id":9897,"date":"2024-12-06T04:52:28","date_gmt":"2024-12-06T04:52:28","guid":{"rendered":"https:\/\/bangvietbavicoboard.com\/?post_type=product&#038;p=9897"},"modified":"2025-02-28T12:07:32","modified_gmt":"2025-02-28T12:07:32","slug":"bang-viet-phan-tu-ceramic-cua-bi","status":"publish","type":"product","link":"https:\/\/bangvietbavicoboard.com\/en\/product\/bang-viet-phan-tu-ceramic-cua-bi\/","title":{"rendered":"B\u1ea3ng vi\u1ebft ph\u1ea5n t\u1eeb Ceramic c\u1ee7a B\u1ec9"},"content":{"rendered":"<p><strong>B\u1ea3ng vi\u1ebft ph\u1ea5n t\u1eeb Ceramic c\u1ee7a B\u1ec9\u00a0<\/strong>s\u1ea3n xu\u1ea5t theo ti\u00eau chu\u1ea9n Ch\u00e2u \u00c2u.<\/p>\n<p>M\u1eb7t b\u1ea3ng nh\u1eadp kh\u1ea9u tr\u1ef1c ti\u1ebfp t\u1eeb B\u1ec9,\u00a0<em><strong>ch\u1ed1ng tr\u1ea7y, ch\u1ed1ng ch\u00f3i, lau kh\u00f4ng \u0111\u1ec3 l\u1ea1i d\u1ea5u, ch\u1ed1ng ch\u00e1y, ch\u1ed1ng m\u00e0i m\u00f2n, ch\u1ed1ng h\u01b0 h\u1ea1i b\u1edfi h\u00f3a ch\u1ea5t, kh\u00e1ng khu\u1ea9n, vi\u1ebft \u00eam.\u00a0<\/strong><\/em><\/p>\n<p><strong>B\u1ea3ng vi\u1ebft ph\u1ea5n t\u1eeb Ceramic c\u1ee7a B\u1ec9<\/strong>\u00a0c\u00f3 \u0111\u1ed9 b\u1ec1n 40 n\u0103m.<\/p>\n<p><img loading=\"lazy\" decoding=\"async\" class=\"alignnone size-full wp-image-9902\" src=\"https:\/\/bangvietbavicoboard.com\/wp-content\/uploads\/2024\/12\/bang-phan-tu-ceramic-120x80-1.png\" alt=\"bang-phan-tu-ceramic\" width=\"1200\" height=\"882\" srcset=\"https:\/\/bangvietbavicoboard.com\/wp-content\/uploads\/2024\/12\/bang-phan-tu-ceramic-120x80-1.png 1200w, https:\/\/bangvietbavicoboard.com\/wp-content\/uploads\/2024\/12\/bang-phan-tu-ceramic-120x80-1-544x400.png 544w, https:\/\/bangvietbavicoboard.com\/wp-content\/uploads\/2024\/12\/bang-phan-tu-ceramic-120x80-1-1088x800.png 1088w, https:\/\/bangvietbavicoboard.com\/wp-content\/uploads\/2024\/12\/bang-phan-tu-ceramic-120x80-1-768x564.png 768w, https:\/\/bangvietbavicoboard.com\/wp-content\/uploads\/2024\/12\/bang-phan-tu-ceramic-120x80-1-16x12.png 16w, https:\/\/bangvietbavicoboard.com\/wp-content\/uploads\/2024\/12\/bang-phan-tu-ceramic-120x80-1-300x221.png 300w, https:\/\/bangvietbavicoboard.com\/wp-content\/uploads\/2024\/12\/bang-phan-tu-ceramic-120x80-1-600x441.png 600w\" sizes=\"auto, (max-width: 1200px) 100vw, 1200px\" \/><\/p>\n<h3><span class=\"ez-toc-section\" id=\"Bang_viet_phan_tu_Ceramic_cua_Bi_co_cau_tao_nhu_sau\"><\/span><strong>B\u1ea3ng vi\u1ebft ph\u1ea5n t\u1eeb Ceramic c\u1ee7a B\u1ec9\u00a0<\/strong>c\u00f3 c\u1ea5u t\u1ea1o nh\u01b0 sau:<span class=\"ez-toc-section-end\"><\/span><\/h3>\n<p>1. M\u1eb7t b\u1ea3ng t\u1eeb xanh Ceramic nh\u1eadp tr\u1ef1c ti\u1ebfp t\u1eeb B\u1ec9, s\u1ea3n xu\u1ea5t theo ti\u00eau chu\u1ea9n Ch\u00e2u \u00c2u, ki\u1ec3m \u0111\u1ecbnh b\u1edfi QUATEST3. M\u1eb7t <strong>b\u1ea3ng t\u1eeb<\/strong>\u00a0m\u00e0u xanh r\u00eau ch\u1ed1ng l\u00f3a v\u00e0 c\u00f3 kh\u1ea3 n\u0103ng ch\u1ed1ng tr\u1ea7y, ch\u1ed1ng ch\u00e1y, ch\u1ed1ng nhi\u1ec3m khu\u1ea9n, ch\u1ed1ng h\u01b0 h\u1ea1i b\u1edfi h\u00f3a ch\u1ea5t, vi\u1ebft \u00eam, \u0111\u1ed9 n\u00e9t tuy\u1ec7t \u0111\u1ed1i, b\u1ea3o v\u1ec7 m\u00f4i tr\u01b0\u1eddng.<\/p>\n<p>2. T\u1ea5m l\u00f3t b\u1ea3ng: b\u1eb1ng v\u00e1n MDF c\u00f3 \u00e9p gi\u1ea5y b\u00f3ng v\u00e2n g\u1ed7 ch\u1ed1ng \u1ea9m, ch\u1ed1ng rung.<\/p>\n<p>3. Khung b\u1ea3ng t\u1eeb: b\u1eb1ng nh\u00f4m tr\u1eafng b\u00f3ng Vi\u1ec7t Nh\u1eadt.<\/p>\n<p>4. Co g\u00f3c: b\u1eb1ng nh\u1ef1a ch\u1ed1ng tr\u1ea7y.<\/p>\n<p>5. M\u00e1ng \u0111\u1ef1ng ph\u1ea5n: b\u1eb1ng nh\u00f4m chuy\u00ean d\u1ee5ng<\/p>\n<p><strong>B\u1ea3ng vi\u1ebft ph\u1ea5n t\u1eeb Ceramic c\u1ee7a B\u1ec9<\/strong>\u00a0c\u00f3 ch\u1ee9ng nh\u1eadn \u0111\u1ea1i l\u00fd ph\u00e2n ph\u1ed1i v\u00e0 s\u1ea3n xu\u1ea5t b\u1ea3ng ceramic t\u1ea1i Vi\u1ec7t Nam c\u1ee7a Polyvision &#8211; B\u1ec9 2024<\/p>\n<h3><span class=\"ez-toc-section\" id=\"VIDEO_Bang_viet_phan_tu_Ceramic_cua_Bi\"><\/span><strong>(VIDEO) B\u1ea3ng vi\u1ebft ph\u1ea5n t\u1eeb Ceramic c\u1ee7a B\u1ec9\u00a0<\/strong><span class=\"ez-toc-section-end\"><\/span><\/h3>\n<p><iframe loading=\"lazy\" title=\"e3 CeramicSteel Product Features (Hindi)\" width=\"1020\" height=\"574\" src=\"https:\/\/www.youtube.com\/embed\/5QhlliLXzpA?feature=oembed\" frameborder=\"0\" allow=\"accelerometer; autoplay; clipboard-write; encrypted-media; gyroscope; picture-in-picture; web-share\" referrerpolicy=\"strict-origin-when-cross-origin\" allowfullscreen><\/iframe><\/p>\n<h3 style=\"text-align: center;\"><span class=\"ez-toc-section\" id=\"GIAY_CHUNG_NHAN_CO_%E2%80%93_CQ_NHAP_KHAU_MAT_BANG\"><\/span><strong>GI\u1ea4Y CH\u1ee8NG NH\u1eacN CO \u2013 CQ NH\u1eacP KH\u1ea8U M\u1eb6T B\u1ea2NG<\/strong><span class=\"ez-toc-section-end\"><\/span><\/h3>\n<table>\n<tbody>\n<tr>\n<td>\n<h3><strong><img loading=\"lazy\" decoding=\"async\" class=\"aligncenter size-full wp-image-12326\" src=\"https:\/\/bangvietbavico.edu.vn\/wp-content\/uploads\/2024\/10\/CN-Ceramic3.jpg\" sizes=\"auto, (max-width: 1200px) 100vw, 1200px\" srcset=\"https:\/\/bangvietbavico.edu.vn\/wp-content\/uploads\/2024\/10\/CN-Ceramic3.jpg 1200w, https:\/\/bangvietbavico.edu.vn\/wp-content\/uploads\/2024\/10\/CN-Ceramic3-224x300.jpg 224w, https:\/\/bangvietbavico.edu.vn\/wp-content\/uploads\/2024\/10\/CN-Ceramic3-764x1024.jpg 764w, https:\/\/bangvietbavico.edu.vn\/wp-content\/uploads\/2024\/10\/CN-Ceramic3-768x1029.jpg 768w, https:\/\/bangvietbavico.edu.vn\/wp-content\/uploads\/2024\/10\/CN-Ceramic3-1146x1536.jpg 1146w\" alt=\"\" width=\"1200\" height=\"1608\" \/><\/strong><\/h3>\n<\/td>\n<td><img loading=\"lazy\" decoding=\"async\" class=\"aligncenter size-full wp-image-12327\" src=\"https:\/\/bangvietbavico.edu.vn\/wp-content\/uploads\/2024\/10\/CN-Ceramic4.jpg\" sizes=\"auto, (max-width: 1200px) 100vw, 1200px\" srcset=\"https:\/\/bangvietbavico.edu.vn\/wp-content\/uploads\/2024\/10\/CN-Ceramic4.jpg 1200w, https:\/\/bangvietbavico.edu.vn\/wp-content\/uploads\/2024\/10\/CN-Ceramic4-215x300.jpg 215w, https:\/\/bangvietbavico.edu.vn\/wp-content\/uploads\/2024\/10\/CN-Ceramic4-734x1024.jpg 734w, https:\/\/bangvietbavico.edu.vn\/wp-content\/uploads\/2024\/10\/CN-Ceramic4-768x1072.jpg 768w, https:\/\/bangvietbavico.edu.vn\/wp-content\/uploads\/2024\/10\/CN-Ceramic4-1100x1536.jpg 1100w\" alt=\"\" width=\"1200\" height=\"1675\" \/><\/td>\n<\/tr>\n<\/tbody>\n<\/table>\n<h1><span class=\"ez-toc-section\" id=\"Su_dung_bang_viet_phan_nhu_the_nao_cho_hieu_qua\"><\/span><strong>S\u1eed d\u1ee5ng b\u1ea3ng vi\u1ebft ph\u1ea5n nh\u01b0 th\u1ebf n\u00e0o cho hi\u1ec7u qu\u1ea3?<\/strong><span class=\"ez-toc-section-end\"><\/span><\/h1>\n<p><span style=\"font-family: arial, helvetica, sans-serif;\"><img loading=\"lazy\" decoding=\"async\" class=\"alignnone size-full wp-image-8813\" src=\"https:\/\/bangvietbavicoboard.com\/wp-content\/uploads\/2024\/11\/bang-phan-tu.jpg\" alt=\"\" width=\"1478\" height=\"1139\" srcset=\"https:\/\/bangvietbavicoboard.com\/wp-content\/uploads\/2024\/11\/bang-phan-tu.jpg 1478w, https:\/\/bangvietbavicoboard.com\/wp-content\/uploads\/2024\/11\/bang-phan-tu-519x400.jpg 519w, https:\/\/bangvietbavicoboard.com\/wp-content\/uploads\/2024\/11\/bang-phan-tu-1038x800.jpg 1038w, https:\/\/bangvietbavicoboard.com\/wp-content\/uploads\/2024\/11\/bang-phan-tu-768x592.jpg 768w, https:\/\/bangvietbavicoboard.com\/wp-content\/uploads\/2024\/11\/bang-phan-tu-16x12.jpg 16w, https:\/\/bangvietbavicoboard.com\/wp-content\/uploads\/2024\/11\/bang-phan-tu-300x231.jpg 300w, https:\/\/bangvietbavicoboard.com\/wp-content\/uploads\/2024\/11\/bang-phan-tu-600x462.jpg 600w\" sizes=\"auto, (max-width: 1478px) 100vw, 1478px\" \/><\/span><\/p>\n<ol>\n<li><span style=\"font-family: arial, helvetica, sans-serif;\"><strong>Gi\u1ea3ng d\u1ea1y b\u00e0i h\u1ecdc<\/strong>: Gi\u00e1o vi\u00ean c\u00f3 th\u1ec3 s\u1eed d\u1ee5ng b\u1ea3ng \u0111\u1ec3 tr\u00ecnh b\u00e0y n\u1ed9i dung b\u00e0i h\u1ecdc, ghi ch\u00fa c\u00e1c \u0111i\u1ec3m quan tr\u1ecdng v\u00e0 gi\u1ea3i th\u00edch c\u00e1c kh\u00e1i ni\u1ec7m cho h\u1ecdc sinh.<\/span><\/li>\n<li><span style=\"font-family: arial, helvetica, sans-serif;\"><strong>Ghi ch\u00fa v\u00e0 t\u00f3m t\u1eaft<\/strong>: Trong qu\u00e1 tr\u00ecnh gi\u1ea3ng d\u1ea1y, gi\u00e1o vi\u00ean c\u00f3 th\u1ec3 ghi l\u1ea1i c\u00e1c \u00fd t\u01b0\u1edfng, th\u00f4ng tin v\u00e0 t\u00f3m t\u1eaft n\u1ed9i dung b\u00e0i h\u1ecdc \u0111\u1ec3 h\u1ecdc sinh d\u1ec5 d\u00e0ng theo d\u00f5i.<\/span><\/li>\n<li><span style=\"font-family: arial, helvetica, sans-serif;\"><strong>Khuy\u1ebfn kh\u00edch t\u01b0\u01a1ng t\u00e1c<\/strong>: H\u1ecdc sinh c\u00f3 th\u1ec3 \u0111\u01b0\u1ee3c m\u1eddi l\u00ean b\u1ea3ng \u0111\u1ec3 vi\u1ebft ho\u1eb7c gi\u1ea3i b\u00e0i t\u1eadp, t\u1eeb \u0111\u00f3 t\u1ea1o ra s\u1ef1 t\u01b0\u01a1ng t\u00e1c gi\u1eefa gi\u00e1o vi\u00ean v\u00e0 h\u1ecdc sinh.<\/span><\/li>\n<li><span style=\"font-family: arial, helvetica, sans-serif;\"><strong>Th\u1ef1c h\u00e0nh v\u00e0 luy\u1ec7n t\u1eadp<\/strong>: B\u1ea3ng vi\u1ebft ph\u1ea5n c\u00f3 th\u1ec3 \u0111\u01b0\u1ee3c s\u1eed d\u1ee5ng \u0111\u1ec3 h\u1ecdc sinh th\u1ef1c h\u00e0nh vi\u1ebft, gi\u1ea3i to\u00e1n ho\u1eb7c tr\u00ecnh b\u00e0y \u00fd t\u01b0\u1edfng c\u1ee7a m\u00ecnh.<\/span><\/li>\n<li><span style=\"font-family: arial, helvetica, sans-serif;\"><strong>D\u1ec5 d\u00e0ng thay \u0111\u1ed5i n\u1ed9i dung<\/strong>: Gi\u00e1o vi\u00ean c\u00f3 th\u1ec3 d\u1ec5 d\u00e0ng x\u00f3a v\u00e0 vi\u1ebft l\u1ea1i th\u00f4ng tin, gi\u00fap c\u1eadp nh\u1eadt n\u1ed9i dung b\u00e0i h\u1ecdc m\u1ed9t c\u00e1ch linh ho\u1ea1t v\u00e0 nhanh ch\u00f3ng.<\/span><\/li>\n<li><span style=\"font-family: arial, helvetica, sans-serif;\"><strong>T\u1ea1o kh\u00f4ng gian h\u1ecdc t\u1eadp t\u00edch c\u1ef1c<\/strong>: B\u1ea3ng vi\u1ebft ph\u1ea5n gi\u00fap t\u1ea1o ra m\u1ed9t kh\u00f4ng gian h\u1ecdc t\u1eadp n\u0103ng \u0111\u1ed9ng, khuy\u1ebfn kh\u00edch s\u1ef1 s\u00e1ng t\u1ea1o v\u00e0 kh\u00e1m ph\u00e1 ki\u1ebfn th\u1ee9c.<\/span><\/li>\n<\/ol>\n<p><span style=\"font-family: arial, helvetica, sans-serif;\">Vi\u1ec7c s\u1eed d\u1ee5ng b\u1ea3ng vi\u1ebft ph\u1ea5n m\u1ed9t c\u00e1ch hi\u1ec7u qu\u1ea3 c\u00f3 th\u1ec3 n\u00e2ng cao ch\u1ea5t l\u01b0\u1ee3ng gi\u1ea3ng d\u1ea1y v\u00e0 t\u1ea1o \u0111i\u1ec1u ki\u1ec7n t\u1ed1t nh\u1ea5t cho h\u1ecdc sinh trong qu\u00e1 tr\u00ecnh h\u1ecdc t\u1eadp.<\/span><\/p>\n<p><img loading=\"lazy\" decoding=\"async\" class=\"alignnone size-full wp-image-9874\" src=\"https:\/\/bangvietbavicoboard.com\/wp-content\/uploads\/2024\/12\/bang-viet-phan-120x80-1.png\" alt=\"\" width=\"1200\" height=\"800\" srcset=\"https:\/\/bangvietbavicoboard.com\/wp-content\/uploads\/2024\/12\/bang-viet-phan-120x80-1.png 1200w, https:\/\/bangvietbavicoboard.com\/wp-content\/uploads\/2024\/12\/bang-viet-phan-120x80-1-600x400.png 600w, https:\/\/bangvietbavicoboard.com\/wp-content\/uploads\/2024\/12\/bang-viet-phan-120x80-1-768x512.png 768w, https:\/\/bangvietbavicoboard.com\/wp-content\/uploads\/2024\/12\/bang-viet-phan-120x80-1-18x12.png 18w, https:\/\/bangvietbavicoboard.com\/wp-content\/uploads\/2024\/12\/bang-viet-phan-120x80-1-300x200.png 300w\" sizes=\"auto, (max-width: 1200px) 100vw, 1200px\" \/><\/p>\n<h1><span class=\"ez-toc-section\" id=\"Bao_hanh\"><\/span><strong>B\u1ea3o h\u00e0nh<\/strong><span class=\"ez-toc-section-end\"><\/span><\/h1>\n<p><span style=\"font-family: arial, helvetica, sans-serif;\">+ Th\u1eddi gian b\u1ea3o h\u00e0nh 36 th\u00e1ng do l\u1ed7i c\u1ee7a nh\u00e0 s\u1ea3n xu\u1ea5t.<\/span><br \/>\n<span style=\"font-family: arial, helvetica, sans-serif;\">+ Qu\u00fd kh\u00e1ch h\u00e0ng gi\u1eef l\u1ea1i Gi\u1ea5y giao h\u00e0ng v\u00e0 g\u1ecdi cho s\u1ed1 Hotline <span style=\"color: #0000ff;\"><strong>0938 623 068<\/strong><\/span> ho\u1eb7c kinh doanh tr\u00ean gi\u1ea5y giao h\u00e0ng\/ tr\u00ean website n\u00e0y \u0111\u1ec3 \u0111\u01b0\u1ee3c h\u1ed7 tr\u1ee3 !<\/span><\/p>\n<p><img decoding=\"async\" src=\"https:\/\/bangvietbavico.edu.vn\/wp-content\/uploads\/2024\/10\/XE-TAI.png\" \/><\/p>\n<h1><span class=\"ez-toc-section\" id=\"Li_do_nen_mua_san_pham_cua_Bang_viet_Bavico\"><\/span><strong>L\u00ed do n\u00ean mua s\u1ea3n ph\u1ea9m c\u1ee7a B\u1ea3ng vi\u1ebft Bavico<\/strong><span class=\"ez-toc-section-end\"><\/span><\/h1>\n<ul>\n<li><span style=\"font-family: arial, helvetica, sans-serif;\">B\u1ea3ng vi\u1ebft BAVICO l\u00e0 th\u01b0\u01a1ng hi\u1ec7u uy t\u00edn trong l\u0129nh v\u1ef1c s\u1ea3n xu\u1ea5t b\u1ea3ng v\u1edbi h\u01a1n 22 n\u0103m kinh nghi\u1ec7m.<\/span><\/li>\n<li><span style=\"font-family: arial, helvetica, sans-serif;\">Doanh nghi\u1ec7p \u0111\u1ea7u ti\u00ean trong ng\u00e0nh \u0111\u01b0a b\u1ea3ng t\u1eeb v\u1ec1 Vi\u1ec7t Nam v\u00e0 t\u01b0 v\u1ea5n thay th\u1ebf b\u1ea3ng t\u1eeb trong tr\u01b0\u1eddng h\u1ecdc cho B\u1ed9 Gi\u00e1o d\u1ee5c v\u00e0 \u0110\u00e0o t\u1ea1o.<\/span><\/li>\n<li><span style=\"font-family: arial, helvetica, sans-serif;\">C\u00f3 ch\u1ee9ng nh\u1eadn nh\u1eadp kh\u1ea9u h\u00e0ng h\u00f3a theo \u0111\u00fang quy \u0111\u1ecbnh (CO \u2013 CQ).<\/span><\/li>\n<li><span style=\"font-family: arial, helvetica, sans-serif;\">\u0110\u1ed1i t\u00e1c ngu\u1ed3n nguy\u00ean li\u1ec7u ch\u00ednh (m\u1eb7t b\u1ea3ng) uy t\u00edn tr\u00ean to\u00e0n c\u1ea7u: Polyvion cho b\u1ec1 m\u1eb7t Ceramic v\u00e0 Dongshin cho b\u1ec1 m\u1eb7t th\u00e9p ph\u1ee7 s\u01a1n.<\/span><\/li>\n<li><span style=\"font-family: arial, helvetica, sans-serif;\">BAVICO t\u1ef1 h\u00e0o C\u00f4ng ty s\u1ea3n xu\u1ea5t v\u00e0 c\u1ea5p cung s\u1ea3n ph\u1ea9m tr\u1ef1c ti\u1ebfp\u00a0 \u2013 \u0110\u1ea3m b\u1ea3o s\u1ea3n ph\u1ea9m ch\u00ednh h\u00e3ng 100%.<\/span><\/li>\n<li><span style=\"font-family: arial, helvetica, sans-serif;\">B\u1ea3ng vi\u1ebft BAVICO \u0111\u00e3 ph\u1ee5c v\u1ee5 r\u1ea5t nhi\u1ec1u kh\u00e1ch h\u00e0ng l\u1edbn nh\u01b0: T\u1eadp \u0111o\u00e0n Samsung, Viettel, C\u00e1c Tr\u01b0\u1eddng Qu\u1ed1c T\u1ebf \u00c1 Ch\u00e2u, M\u1ef9, Ph\u00e1p, Nh\u1eadt,\u2026<\/span><\/li>\n<li><span style=\"font-family: arial, helvetica, sans-serif;\">S\u1ea3n ph\u1ea9m \u0111a d\u1ea1ng v\u1edbi nhi\u1ec1u s\u1ef1 l\u1ef1a ch\u1ecdn, thi\u1ebft k\u1ebf v\u00e0 s\u1ea3n xu\u1ea5t theo y\u00eau c\u1ea7u kh\u00e1ch h\u00e0ng.<\/span><\/li>\n<li><span style=\"font-family: arial, helvetica, sans-serif;\">Ch\u00ednh s\u00e1ch b\u1ea3o h\u00e0nh t\u1eeb 12 th\u00e1ng \u2013 36 th\u00e1ng gi\u00fap kh\u00e1ch h\u00e0ng y\u00ean t\u00e2m khi mua h\u00e0ng.<\/span><\/li>\n<\/ul>\n<h2><span class=\"ez-toc-section\" id=\"%3E%3E%3E_Moi_Quy_khach_hang_click_tham_khao_cac_loai_Bang_viet_phan_khac\"><\/span><span style=\"font-family: arial, helvetica, sans-serif; color: #800080;\"><a style=\"color: #800080;\" href=\"https:\/\/bangvietbavicoboard.com\/en\/product-category\/bang-viet-phan\/\"><em>&gt;&gt;&gt; M\u1eddi Qu\u00fd kh\u00e1ch h\u00e0ng click tham kh\u1ea3o c\u00e1c lo\u1ea1i B\u1ea3ng vi\u1ebft ph\u1ea5n kh\u00e1c<\/em><\/a><\/span><span class=\"ez-toc-section-end\"><\/span><\/h2>\n<p>&nbsp;<\/p>","protected":false},"excerpt":{"rendered":"<p><strong>B\u1ea3ng vi\u1ebft ph\u1ea5n t\u1eeb Ceramic c\u1ee7a B\u1ec9\u00a0<\/strong>s\u1ea3n xu\u1ea5t theo ti\u00eau chu\u1ea9n Ch\u00e2u \u00c2u v\u1edbi nhi\u1ec1u t\u00ednh n\u0103ng n\u1ed5i b\u1eadt, c\u00f3 \u0111\u1ed9 b\u1ec1n tr\u00ean 40 n\u0103m.<\/p>\n<p>Gi\u00e1 \u00e1p d\u1ee5ng t\u1ea1i H\u00f3c M\u00f4n, C\u1ee7 Chi v\u00e0 khu v\u1ef1c n\u1ed9i th\u00e0nh TPHCM (Q1,2,3,4,5,6,7,8,9,10,11,12,T\u00e2n B\u00ecnh, B\u00ecnh T\u00e2n, T\u00e2n Ph\u00fa, Ph\u00fa Nhu\u1eadn, B\u00ecnh Th\u1ea1nh, G\u00f2 V\u1ea5p)<br \/>\nMI\u1ec4N PH\u00cd giao h\u00e0ng &amp; l\u1eafp \u0111\u1eb7t.<\/p>","protected":false},"featured_media":9898,"comment_status":"open","ping_status":"closed","template":"","meta":{"_acf_changed":false},"product_brand":[],"product_cat":[521],"product_tag":[],"class_list":{"0":"post-9897","1":"product","2":"type-product","3":"status-publish","4":"has-post-thumbnail","6":"product_cat-bang-viet-phan","8":"first","9":"instock","10":"sale","11":"shipping-taxable","12":"purchasable","13":"product-type-variable"},"acf":[],"_links":{"self":[{"href":"https:\/\/bangvietbavicoboard.com\/en\/wp-json\/wp\/v2\/product\/9897","targetHints":{"allow":["GET"]}}],"collection":[{"href":"https:\/\/bangvietbavicoboard.com\/en\/wp-json\/wp\/v2\/product"}],"about":[{"href":"https:\/\/bangvietbavicoboard.com\/en\/wp-json\/wp\/v2\/types\/product"}],"replies":[{"embeddable":true,"href":"https:\/\/bangvietbavicoboard.com\/en\/wp-json\/wp\/v2\/comments?post=9897"}],"wp:featuredmedia":[{"embeddable":true,"href":"https:\/\/bangvietbavicoboard.com\/en\/wp-json\/wp\/v2\/media\/9898"}],"wp:attachment":[{"href":"https:\/\/bangvietbavicoboard.com\/en\/wp-json\/wp\/v2\/media?parent=9897"}],"wp:term":[{"taxonomy":"product_brand","embeddable":true,"href":"https:\/\/bangvietbavicoboard.com\/en\/wp-json\/wp\/v2\/product_brand?post=9897"},{"taxonomy":"product_cat","embeddable":true,"href":"https:\/\/bangvietbavicoboard.com\/en\/wp-json\/wp\/v2\/product_cat?post=9897"},{"taxonomy":"product_tag","embeddable":true,"href":"https:\/\/bangvietbavicoboard.com\/en\/wp-json\/wp\/v2\/product_tag?post=9897"}],"curies":[{"name":"wp","href":"https:\/\/api.w.org\/{rel}","templated":true}]}}