{"id":9873,"date":"2024-12-06T03:50:32","date_gmt":"2024-12-06T03:50:32","guid":{"rendered":"https:\/\/bangvietbavicoboard.com\/?post_type=product&#038;p=9873"},"modified":"2025-02-27T11:40:22","modified_gmt":"2025-02-27T11:40:22","slug":"bang-viet-phan-tu-han-quoc","status":"publish","type":"product","link":"https:\/\/bangvietbavicoboard.com\/en\/product\/bang-viet-phan-tu-han-quoc\/","title":{"rendered":"B\u1ea3ng vi\u1ebft ph\u1ea5n t\u1eeb H\u00e0n Qu\u1ed1c"},"content":{"rendered":"<p><strong>B\u1ea3ng vi\u1ebft ph\u1ea5n t\u1eeb H\u00e0n Qu\u1ed1c<\/strong>\u00a0nh\u1eadp kh\u1ea9u tr\u1ef1c ti\u1ebfp t\u1eeb Korea v\u00e0 l\u00e0 d\u00f2ng s\u1ea3n ph\u1ea9m ch\u1ee7 l\u1ef1c cung c\u1ea5p cho tr\u01b0\u1eddng h\u1ecdc hi\u1ec7n nay.<\/p>\n<p><img loading=\"lazy\" decoding=\"async\" class=\"alignnone size-full wp-image-9877\" src=\"https:\/\/bangvietbavicoboard.com\/wp-content\/uploads\/2024\/12\/bang-viet-phan-tu-han-quoc-120x80-1.png\" alt=\"bang-viet-phan-tu-han-quoc\" width=\"1200\" height=\"800\" srcset=\"https:\/\/bangvietbavicoboard.com\/wp-content\/uploads\/2024\/12\/bang-viet-phan-tu-han-quoc-120x80-1.png 1200w, https:\/\/bangvietbavicoboard.com\/wp-content\/uploads\/2024\/12\/bang-viet-phan-tu-han-quoc-120x80-1-600x400.png 600w, https:\/\/bangvietbavicoboard.com\/wp-content\/uploads\/2024\/12\/bang-viet-phan-tu-han-quoc-120x80-1-768x512.png 768w, https:\/\/bangvietbavicoboard.com\/wp-content\/uploads\/2024\/12\/bang-viet-phan-tu-han-quoc-120x80-1-18x12.png 18w, https:\/\/bangvietbavicoboard.com\/wp-content\/uploads\/2024\/12\/bang-viet-phan-tu-han-quoc-120x80-1-300x200.png 300w\" sizes=\"auto, (max-width: 1200px) 100vw, 1200px\" \/><\/p>\n<p><strong>B\u1ea3ng vi\u1ebft ph\u1ea5n t\u1eeb H\u00e0n Qu\u1ed1c <\/strong>c\u00f3 m\u1eb7t b\u1ea3ng l\u00e0 h\u00e0ng ch\u00ednh h\u00e3ng\u00a0<strong>\u201cMADE IN KOREA\u201d<\/strong><strong>\u00a0<\/strong>c\u00f3 th\u1ec3 d\u00f9ng nam ch\u00e2m \u0111\u1ec3 \u0111\u00ednh h\u00ecnh \u1ea3nh minh h\u1ecda, v\u0103n b\u1ea3n l\u00ean m\u1eb7t b\u1ea3ng r\u1ea5t ti\u1ec7n d\u1ee5ng.\u00a0\u0111\u1ed9 b\u1ec1n tr\u00ean 10 n\u0103m.<\/p>\n<h3><span class=\"ez-toc-section\" id=\"CAU_TAO_CUA_SAN_PHAM\"><\/span><b>C\u1ea4U T\u1ea0O C\u1ee6A S\u1ea2N PH\u1ea8M:<\/b><span class=\"ez-toc-section-end\"><\/span><\/h3>\n<p><strong>1. M\u1eb7t b\u1ea3ng:<\/strong> V\u1edbi ch\u1ea5t li\u1ec7u ch\u00ednh b\u1eb1ng th\u00e9p s\u01a1n t\u0129nh \u0111i\u1ec7n 17 l\u1edbp \u0111\u01b0\u1ee3c nh\u1eadp kh\u1ea9u t\u1eeb DK Dongshin \u2013 H\u00e0n Qu\u1ed1c. M\u1eb7t <strong>b\u1ea3ng t\u1eeb<\/strong>\u00a0m\u00e0u xanh ch\u1ed1ng l\u00f3a, vi\u1ebft ph\u1ea5n \u00eam, \u0111\u1eb7c bi\u1ec7t \u00a0lau d\u1ec5 d\u00e0ng m\u00e0 kh\u00f4ng \u0111\u1ec3 l\u1ea1i d\u1ea5u, \u00f4 ly vu\u00f4ng ch\u00ecm 5cm, cho ph\u00e9p s\u1eed d\u1ee5ng nam ch\u00e2m vi\u00ean \u0111\u00ednh h\u00ecnh \u1ea3nh minh h\u1ecda ho\u1eb7c nam ch\u00e2m l\u00e1.<\/p>\n<p><strong>2. T\u1ea5m l\u00f3t b\u1ea3ng:<\/strong>\u00a0\u0110\u01b0\u1ee3c l\u00f3t b\u1eb1ng m\u1ed9t t\u1ea5m V\u00e1n MDF 6 ly ph\u00eda sau m\u1eb7t v\u00e1n l\u00e1 \u00e9p 01 l\u1edbp v\u00e2n g\u1ed5 ho\u1eb7c t\u1ea5m nh\u1ef1a PVC d\u00e0y 9ly gi\u00fap kh\u00f4ng b\u1ecb \u1ea9m th\u1ea5p, mo,cong v\u00eanh b\u1ea3ng, c\u00f3 t\u00ednh th\u1ea9m m\u1ef9 cao , c\u00f3 t\u00ednh ch\u1ecbu l\u1ef1c t\u1ed1t, \u0111\u1ed9 b\u1ec1n t\u1ed1i \u01b0u v\u00e0 \u0111\u01b0\u1ee3c \u00e9p d\u00ednh b\u1edfi m\u1ed9t ch\u1ea5t Polyester gi\u00fap b\u1ea3ng kh\u00f4ng b\u1ecb mo, kh\u00f4ng b\u1ecb rung khi vi\u1ebft.<\/p>\n<p><strong>3. Khung b\u1ea3ng:\u00a0<\/strong>Khung nh\u00f4m h\u1ed9p tr\u1eafng b\u00f3ng 4 c\u1ea1nh b\u1ea3ng, \u0111\u01b0\u1ee3c thi\u1ebft k\u1ebf \u0111\u1ea3m b\u1ea3o t\u00ednh ch\u1ecbu l\u1ef1c cao.<\/p>\n<p><strong>4. G\u00f3c b\u1ea3ng:\u00a0<\/strong>Gi\u1eefa hai g\u00f3c n\u1ed1i l\u1ea1i v\u1edbi nhau b\u1eb1ng m\u1ed9t co g\u00f3c b\u1ea3ng l\u00e0m b\u1eb1ng nh\u1ef1a, g\u00f3c b\u1ea3ng \u0111\u1eb9p v\u00e0 h\u00e0i h\u00f2a v\u1edbi khung b\u1ea3ng.<strong><br \/>\n<\/strong><\/p>\n<p><strong>To\u00e0n b\u1ed9 b\u1ea3ng \u0111\u01b0\u1ee3c thi\u1ebft k\u1ebf m\u1ed9t c\u00e1ch sang tr\u1ecdng, hi\u1ec7n \u0111\u1ea1i, ph\u00f9 h\u1ee3p v\u1edbi m\u1ecdi kh\u00f4ng gian.<\/strong><\/p>\n<h3 style=\"text-align: center;\"><span class=\"ez-toc-section\" id=\"Chung_nhan_xuat_xu_va_nhap_khau_COCQ_MILL_TEST\"><\/span><strong><span style=\"color: #000080;\">Ch\u1ee9ng nh\u1eadn xu\u1ea5t x\u1ee9 v\u00e0 nh\u1eadp kh\u1ea9u CO\/CQ\/ MILL TEST<\/span><\/strong><span class=\"ez-toc-section-end\"><\/span><\/h3>\n<table>\n<tbody>\n<tr>\n<td><span style=\"font-family: arial, helvetica, sans-serif;\"><img loading=\"lazy\" decoding=\"async\" class=\"aligncenter size-full wp-image-11457\" src=\"https:\/\/bangvietbavico.edu.vn\/wp-content\/uploads\/2023\/11\/CO-2024-1200.jpg\" sizes=\"auto, (max-width: 1200px) 100vw, 1200px\" srcset=\"https:\/\/bangvietbavico.edu.vn\/wp-content\/uploads\/2023\/11\/CO-2024-1200.jpg 1200w, https:\/\/bangvietbavico.edu.vn\/wp-content\/uploads\/2023\/11\/CO-2024-1200-300x300.jpg 300w, https:\/\/bangvietbavico.edu.vn\/wp-content\/uploads\/2023\/11\/CO-2024-1200-1024x1024.jpg 1024w, https:\/\/bangvietbavico.edu.vn\/wp-content\/uploads\/2023\/11\/CO-2024-1200-150x150.jpg 150w, https:\/\/bangvietbavico.edu.vn\/wp-content\/uploads\/2023\/11\/CO-2024-1200-768x768.jpg 768w, https:\/\/bangvietbavico.edu.vn\/wp-content\/uploads\/2023\/11\/CO-2024-1200-180x180.jpg 180w, https:\/\/bangvietbavico.edu.vn\/wp-content\/uploads\/2023\/11\/CO-2024-1200-600x600.jpg 600w\" alt=\"\" width=\"1200\" height=\"1200\" \/><\/span><\/td>\n<td><span style=\"font-family: arial, helvetica, sans-serif;\"><img loading=\"lazy\" decoding=\"async\" class=\"aligncenter size-full wp-image-11458\" src=\"https:\/\/bangvietbavico.edu.vn\/wp-content\/uploads\/2023\/11\/CQ-2024-Mill-test-1200.jpg\" sizes=\"auto, (max-width: 1200px) 100vw, 1200px\" srcset=\"https:\/\/bangvietbavico.edu.vn\/wp-content\/uploads\/2023\/11\/CQ-2024-Mill-test-1200.jpg 1200w, https:\/\/bangvietbavico.edu.vn\/wp-content\/uploads\/2023\/11\/CQ-2024-Mill-test-1200-300x300.jpg 300w, https:\/\/bangvietbavico.edu.vn\/wp-content\/uploads\/2023\/11\/CQ-2024-Mill-test-1200-1024x1024.jpg 1024w, https:\/\/bangvietbavico.edu.vn\/wp-content\/uploads\/2023\/11\/CQ-2024-Mill-test-1200-150x150.jpg 150w, https:\/\/bangvietbavico.edu.vn\/wp-content\/uploads\/2023\/11\/CQ-2024-Mill-test-1200-768x768.jpg 768w, https:\/\/bangvietbavico.edu.vn\/wp-content\/uploads\/2023\/11\/CQ-2024-Mill-test-1200-180x180.jpg 180w, https:\/\/bangvietbavico.edu.vn\/wp-content\/uploads\/2023\/11\/CQ-2024-Mill-test-1200-600x600.jpg 600w\" alt=\"\" width=\"1200\" height=\"1200\" \/><\/span><\/td>\n<\/tr>\n<\/tbody>\n<\/table>\n<p>&nbsp;<\/p>\n<h1><span class=\"ez-toc-section\" id=\"Su_dung_bang_viet_phan_nhu_the_nao_cho_hieu_qua\"><\/span><strong>S\u1eed d\u1ee5ng b\u1ea3ng vi\u1ebft ph\u1ea5n nh\u01b0 th\u1ebf n\u00e0o cho hi\u1ec7u qu\u1ea3?<\/strong><span class=\"ez-toc-section-end\"><\/span><\/h1>\n<p><span style=\"font-family: arial, helvetica, sans-serif;\"><img loading=\"lazy\" decoding=\"async\" class=\"alignnone size-full wp-image-8813\" src=\"https:\/\/bangvietbavicoboard.com\/wp-content\/uploads\/2024\/11\/bang-phan-tu.jpg\" alt=\"\" width=\"1478\" height=\"1139\" srcset=\"https:\/\/bangvietbavicoboard.com\/wp-content\/uploads\/2024\/11\/bang-phan-tu.jpg 1478w, https:\/\/bangvietbavicoboard.com\/wp-content\/uploads\/2024\/11\/bang-phan-tu-519x400.jpg 519w, https:\/\/bangvietbavicoboard.com\/wp-content\/uploads\/2024\/11\/bang-phan-tu-1038x800.jpg 1038w, https:\/\/bangvietbavicoboard.com\/wp-content\/uploads\/2024\/11\/bang-phan-tu-768x592.jpg 768w, https:\/\/bangvietbavicoboard.com\/wp-content\/uploads\/2024\/11\/bang-phan-tu-16x12.jpg 16w, https:\/\/bangvietbavicoboard.com\/wp-content\/uploads\/2024\/11\/bang-phan-tu-300x231.jpg 300w, https:\/\/bangvietbavicoboard.com\/wp-content\/uploads\/2024\/11\/bang-phan-tu-600x462.jpg 600w\" sizes=\"auto, (max-width: 1478px) 100vw, 1478px\" \/><\/span><\/p>\n<ol>\n<li><span style=\"font-family: arial, helvetica, sans-serif;\"><strong>Gi\u1ea3ng d\u1ea1y b\u00e0i h\u1ecdc<\/strong>: Gi\u00e1o vi\u00ean c\u00f3 th\u1ec3 s\u1eed d\u1ee5ng b\u1ea3ng \u0111\u1ec3 tr\u00ecnh b\u00e0y n\u1ed9i dung b\u00e0i h\u1ecdc, ghi ch\u00fa c\u00e1c \u0111i\u1ec3m quan tr\u1ecdng v\u00e0 gi\u1ea3i th\u00edch c\u00e1c kh\u00e1i ni\u1ec7m cho h\u1ecdc sinh.<\/span><\/li>\n<li><span style=\"font-family: arial, helvetica, sans-serif;\"><strong>Ghi ch\u00fa v\u00e0 t\u00f3m t\u1eaft<\/strong>: Trong qu\u00e1 tr\u00ecnh gi\u1ea3ng d\u1ea1y, gi\u00e1o vi\u00ean c\u00f3 th\u1ec3 ghi l\u1ea1i c\u00e1c \u00fd t\u01b0\u1edfng, th\u00f4ng tin v\u00e0 t\u00f3m t\u1eaft n\u1ed9i dung b\u00e0i h\u1ecdc \u0111\u1ec3 h\u1ecdc sinh d\u1ec5 d\u00e0ng theo d\u00f5i.<\/span><\/li>\n<li><span style=\"font-family: arial, helvetica, sans-serif;\"><strong>Khuy\u1ebfn kh\u00edch t\u01b0\u01a1ng t\u00e1c<\/strong>: H\u1ecdc sinh c\u00f3 th\u1ec3 \u0111\u01b0\u1ee3c m\u1eddi l\u00ean b\u1ea3ng \u0111\u1ec3 vi\u1ebft ho\u1eb7c gi\u1ea3i b\u00e0i t\u1eadp, t\u1eeb \u0111\u00f3 t\u1ea1o ra s\u1ef1 t\u01b0\u01a1ng t\u00e1c gi\u1eefa gi\u00e1o vi\u00ean v\u00e0 h\u1ecdc sinh.<\/span><\/li>\n<li><span style=\"font-family: arial, helvetica, sans-serif;\"><strong>Th\u1ef1c h\u00e0nh v\u00e0 luy\u1ec7n t\u1eadp<\/strong>: B\u1ea3ng vi\u1ebft ph\u1ea5n c\u00f3 th\u1ec3 \u0111\u01b0\u1ee3c s\u1eed d\u1ee5ng \u0111\u1ec3 h\u1ecdc sinh th\u1ef1c h\u00e0nh vi\u1ebft, gi\u1ea3i to\u00e1n ho\u1eb7c tr\u00ecnh b\u00e0y \u00fd t\u01b0\u1edfng c\u1ee7a m\u00ecnh.<\/span><\/li>\n<li><span style=\"font-family: arial, helvetica, sans-serif;\"><strong>D\u1ec5 d\u00e0ng thay \u0111\u1ed5i n\u1ed9i dung<\/strong>: Gi\u00e1o vi\u00ean c\u00f3 th\u1ec3 d\u1ec5 d\u00e0ng x\u00f3a v\u00e0 vi\u1ebft l\u1ea1i th\u00f4ng tin, gi\u00fap c\u1eadp nh\u1eadt n\u1ed9i dung b\u00e0i h\u1ecdc m\u1ed9t c\u00e1ch linh ho\u1ea1t v\u00e0 nhanh ch\u00f3ng.<\/span><\/li>\n<li><span style=\"font-family: arial, helvetica, sans-serif;\"><strong>T\u1ea1o kh\u00f4ng gian h\u1ecdc t\u1eadp t\u00edch c\u1ef1c<\/strong>: B\u1ea3ng vi\u1ebft ph\u1ea5n gi\u00fap t\u1ea1o ra m\u1ed9t kh\u00f4ng gian h\u1ecdc t\u1eadp n\u0103ng \u0111\u1ed9ng, khuy\u1ebfn kh\u00edch s\u1ef1 s\u00e1ng t\u1ea1o v\u00e0 kh\u00e1m ph\u00e1 ki\u1ebfn th\u1ee9c.<\/span><\/li>\n<\/ol>\n<p><span style=\"font-family: arial, helvetica, sans-serif;\">Vi\u1ec7c s\u1eed d\u1ee5ng b\u1ea3ng vi\u1ebft ph\u1ea5n m\u1ed9t c\u00e1ch hi\u1ec7u qu\u1ea3 c\u00f3 th\u1ec3 n\u00e2ng cao ch\u1ea5t l\u01b0\u1ee3ng gi\u1ea3ng d\u1ea1y v\u00e0 t\u1ea1o \u0111i\u1ec1u ki\u1ec7n t\u1ed1t nh\u1ea5t cho h\u1ecdc sinh trong qu\u00e1 tr\u00ecnh h\u1ecdc t\u1eadp.<\/span><\/p>\n<p><img loading=\"lazy\" decoding=\"async\" class=\"alignnone size-full wp-image-9874\" src=\"https:\/\/bangvietbavicoboard.com\/wp-content\/uploads\/2024\/12\/bang-viet-phan-120x80-1.png\" alt=\"\" width=\"1200\" height=\"800\" srcset=\"https:\/\/bangvietbavicoboard.com\/wp-content\/uploads\/2024\/12\/bang-viet-phan-120x80-1.png 1200w, https:\/\/bangvietbavicoboard.com\/wp-content\/uploads\/2024\/12\/bang-viet-phan-120x80-1-600x400.png 600w, https:\/\/bangvietbavicoboard.com\/wp-content\/uploads\/2024\/12\/bang-viet-phan-120x80-1-768x512.png 768w, https:\/\/bangvietbavicoboard.com\/wp-content\/uploads\/2024\/12\/bang-viet-phan-120x80-1-18x12.png 18w, https:\/\/bangvietbavicoboard.com\/wp-content\/uploads\/2024\/12\/bang-viet-phan-120x80-1-300x200.png 300w\" sizes=\"auto, (max-width: 1200px) 100vw, 1200px\" \/><\/p>\n<h1><span class=\"ez-toc-section\" id=\"Bao_hanh\"><\/span><strong>B\u1ea3o h\u00e0nh<\/strong><span class=\"ez-toc-section-end\"><\/span><\/h1>\n<p><span style=\"font-family: arial, helvetica, sans-serif;\">+ Th\u1eddi gian b\u1ea3o h\u00e0nh t\u1eeb 12 th\u00e1ng do l\u1ed7i c\u1ee7a nh\u00e0 s\u1ea3n xu\u1ea5t.<\/span><br \/>\n<span style=\"font-family: arial, helvetica, sans-serif;\">+ Qu\u00fd kh\u00e1ch h\u00e0ng gi\u1eef l\u1ea1i Gi\u1ea5y giao h\u00e0ng v\u00e0 g\u1ecdi cho s\u1ed1 Hotline <span style=\"color: #0000ff;\"><strong>0938 623 068<\/strong><\/span> ho\u1eb7c kinh doanh tr\u00ean gi\u1ea5y giao h\u00e0ng\/ tr\u00ean website n\u00e0y \u0111\u1ec3 \u0111\u01b0\u1ee3c h\u1ed7 tr\u1ee3 !<\/span><\/p>\n<p><img decoding=\"async\" src=\"https:\/\/bangvietbavico.edu.vn\/wp-content\/uploads\/2024\/10\/XE-TAI.png\" \/><\/p>\n<h1><span class=\"ez-toc-section\" id=\"Li_do_nen_mua_san_pham_cua_Bang_viet_Bavico\"><\/span><strong>L\u00ed do n\u00ean mua s\u1ea3n ph\u1ea9m c\u1ee7a B\u1ea3ng vi\u1ebft Bavico<\/strong><span class=\"ez-toc-section-end\"><\/span><\/h1>\n<ul>\n<li><span style=\"font-family: arial, helvetica, sans-serif;\">B\u1ea3ng vi\u1ebft BAVICO l\u00e0 th\u01b0\u01a1ng hi\u1ec7u uy t\u00edn trong l\u0129nh v\u1ef1c s\u1ea3n xu\u1ea5t b\u1ea3ng v\u1edbi h\u01a1n 22 n\u0103m kinh nghi\u1ec7m.<\/span><\/li>\n<li><span style=\"font-family: arial, helvetica, sans-serif;\">Doanh nghi\u1ec7p \u0111\u1ea7u ti\u00ean trong ng\u00e0nh \u0111\u01b0a b\u1ea3ng t\u1eeb v\u1ec1 Vi\u1ec7t Nam v\u00e0 t\u01b0 v\u1ea5n thay th\u1ebf b\u1ea3ng t\u1eeb trong tr\u01b0\u1eddng h\u1ecdc cho B\u1ed9 Gi\u00e1o d\u1ee5c v\u00e0 \u0110\u00e0o t\u1ea1o.<\/span><\/li>\n<li><span style=\"font-family: arial, helvetica, sans-serif;\">C\u00f3 ch\u1ee9ng nh\u1eadn nh\u1eadp kh\u1ea9u h\u00e0ng h\u00f3a theo \u0111\u00fang quy \u0111\u1ecbnh (CO \u2013 CQ).<\/span><\/li>\n<li><span style=\"font-family: arial, helvetica, sans-serif;\">\u0110\u1ed1i t\u00e1c ngu\u1ed3n nguy\u00ean li\u1ec7u ch\u00ednh (m\u1eb7t b\u1ea3ng) uy t\u00edn tr\u00ean to\u00e0n c\u1ea7u: Polyvion cho b\u1ec1 m\u1eb7t Ceramic v\u00e0 Dongshin cho b\u1ec1 m\u1eb7t th\u00e9p ph\u1ee7 s\u01a1n.<\/span><\/li>\n<li><span style=\"font-family: arial, helvetica, sans-serif;\">BAVICO t\u1ef1 h\u00e0o C\u00f4ng ty s\u1ea3n xu\u1ea5t v\u00e0 c\u1ea5p cung s\u1ea3n ph\u1ea9m tr\u1ef1c ti\u1ebfp\u00a0 \u2013 \u0110\u1ea3m b\u1ea3o s\u1ea3n ph\u1ea9m ch\u00ednh h\u00e3ng 100%.<\/span><\/li>\n<li><span style=\"font-family: arial, helvetica, sans-serif;\">B\u1ea3ng vi\u1ebft BAVICO \u0111\u00e3 ph\u1ee5c v\u1ee5 r\u1ea5t nhi\u1ec1u kh\u00e1ch h\u00e0ng l\u1edbn nh\u01b0: T\u1eadp \u0111o\u00e0n Samsung, Viettel, C\u00e1c Tr\u01b0\u1eddng Qu\u1ed1c T\u1ebf \u00c1 Ch\u00e2u, M\u1ef9, Ph\u00e1p, Nh\u1eadt,\u2026<\/span><\/li>\n<li><span style=\"font-family: arial, helvetica, sans-serif;\">S\u1ea3n ph\u1ea9m \u0111a d\u1ea1ng v\u1edbi nhi\u1ec1u s\u1ef1 l\u1ef1a ch\u1ecdn, thi\u1ebft k\u1ebf v\u00e0 s\u1ea3n xu\u1ea5t theo y\u00eau c\u1ea7u kh\u00e1ch h\u00e0ng.<\/span><\/li>\n<li><span style=\"font-family: arial, helvetica, sans-serif;\">Ch\u00ednh s\u00e1ch b\u1ea3o h\u00e0nh t\u1eeb 12 th\u00e1ng \u2013 36 th\u00e1ng gi\u00fap kh\u00e1ch h\u00e0ng y\u00ean t\u00e2m khi mua h\u00e0ng.<\/span><\/li>\n<\/ul>\n<h2><span class=\"ez-toc-section\" id=\"%3E%3E%3E_Moi_Quy_khach_hang_click_tham_khao_cac_loai_Bang_viet_phan_khac\"><\/span><span style=\"font-family: arial, helvetica, sans-serif; color: #800080;\"><a style=\"color: #800080;\" href=\"https:\/\/bangvietbavicoboard.com\/en\/product-category\/bang-viet-phan\/\"><em>&gt;&gt;&gt; M\u1eddi Qu\u00fd kh\u00e1ch h\u00e0ng click tham kh\u1ea3o c\u00e1c lo\u1ea1i B\u1ea3ng vi\u1ebft ph\u1ea5n kh\u00e1c<\/em><\/a><\/span><span class=\"ez-toc-section-end\"><\/span><\/h2>\n<p>&nbsp;<\/p>\n<p>&nbsp;<\/p>","protected":false},"excerpt":{"rendered":"<p><strong><span style=\"color: #0000ff;\">Khuy\u1ebfn m\u00e3i gi\u1ea3m \u0111\u1ebfn<\/span>\u00a0<span style=\"color: #ed1c24; font-size: 150%;\">60%<\/span> <span style=\"color: #0000ff;\">cho k\u00edch th\u01b0\u1edbc 400&#215;600<\/span><\/strong><\/p>\n<p><strong>B\u1ea3ng vi\u1ebft ph\u1ea5n t\u1eeb H\u00e0n Qu\u1ed1c<\/strong>\u00a0nh\u1eadp kh\u1ea9u tr\u1ef1c ti\u1ebfp t\u1eeb Korea v\u00e0 l\u00e0 d\u00f2ng s\u1ea3n ph\u1ea9m ch\u1ee7 l\u1ef1c cung c\u1ea5p cho tr\u01b0\u1eddng h\u1ecdc hi\u1ec7n nay.<\/p>\n<p>Gi\u00e1 \u00e1p d\u1ee5ng t\u1ea1i H\u00f3c M\u00f4n, C\u1ee7 Chi v\u00e0 khu v\u1ef1c n\u1ed9i th\u00e0nh TPHCM (Q1,2,3,4,5,6,7,8,9,10,11,12,T\u00e2n B\u00ecnh, B\u00ecnh T\u00e2n, T\u00e2n Ph\u00fa, Ph\u00fa Nhu\u1eadn, B\u00ecnh Th\u1ea1nh, G\u00f2 V\u1ea5p)<br \/>\nMI\u1ec4N PH\u00cd giao h\u00e0ng &amp; l\u1eafp \u0111\u1eb7t.<\/p>","protected":false},"featured_media":9876,"comment_status":"open","ping_status":"closed","template":"","meta":{"_acf_changed":false},"product_brand":[],"product_cat":[521],"product_tag":[],"class_list":{"0":"post-9873","1":"product","2":"type-product","3":"status-publish","4":"has-post-thumbnail","6":"product_cat-bang-viet-phan","8":"first","9":"instock","10":"sale","11":"shipping-taxable","12":"purchasable","13":"product-type-variable"},"acf":[],"_links":{"self":[{"href":"https:\/\/bangvietbavicoboard.com\/en\/wp-json\/wp\/v2\/product\/9873","targetHints":{"allow":["GET"]}}],"collection":[{"href":"https:\/\/bangvietbavicoboard.com\/en\/wp-json\/wp\/v2\/product"}],"about":[{"href":"https:\/\/bangvietbavicoboard.com\/en\/wp-json\/wp\/v2\/types\/product"}],"replies":[{"embeddable":true,"href":"https:\/\/bangvietbavicoboard.com\/en\/wp-json\/wp\/v2\/comments?post=9873"}],"wp:featuredmedia":[{"embeddable":true,"href":"https:\/\/bangvietbavicoboard.com\/en\/wp-json\/wp\/v2\/media\/9876"}],"wp:attachment":[{"href":"https:\/\/bangvietbavicoboard.com\/en\/wp-json\/wp\/v2\/media?parent=9873"}],"wp:term":[{"taxonomy":"product_brand","embeddable":true,"href":"https:\/\/bangvietbavicoboard.com\/en\/wp-json\/wp\/v2\/product_brand?post=9873"},{"taxonomy":"product_cat","embeddable":true,"href":"https:\/\/bangvietbavicoboard.com\/en\/wp-json\/wp\/v2\/product_cat?post=9873"},{"taxonomy":"product_tag","embeddable":true,"href":"https:\/\/bangvietbavicoboard.com\/en\/wp-json\/wp\/v2\/product_tag?post=9873"}],"curies":[{"name":"wp","href":"https:\/\/api.w.org\/{rel}","templated":true}]}}