{"id":9854,"date":"2024-12-04T06:44:41","date_gmt":"2024-12-04T06:44:41","guid":{"rendered":"https:\/\/bangvietbavicoboard.com\/?post_type=product&#038;p=9854"},"modified":"2025-07-21T06:23:11","modified_gmt":"2025-07-21T06:23:11","slug":"bang-ghim-vai-bo-pro-bavico","status":"publish","type":"product","link":"https:\/\/bangvietbavicoboard.com\/en\/product\/bang-ghim-vai-bo-pro-bavico\/","title":{"rendered":"B\u1ea3ng ghim v\u1ea3i b\u1ed1 PRO BAVICO"},"content":{"rendered":"<p><strong>B\u1ea3ng ghim v\u1ea3i b\u1ed1 <\/strong>\u0111a n\u0103ng l\u00e0 s\u1ea3n ph\u1ea9m b\u1ea3ng ghim r\u1ea5t \u0111\u01b0\u1ee3c nhi\u1ec1u v\u0103n ph\u00f2ng, tr\u01b0\u1eddng h\u1ecdc hay gia \u0111\u00ecnh \u01b0a chu\u1ed9ng hi\u1ec7n nay. D\u00f9ng \u0111\u1ec3 ghim \u0111\u00ednh h\u00ecnh \u1ea3nh t\u00e0i li\u1ec7u r\u1ea5t th\u1ea9m m\u1ef9 v\u00e0 sang tr\u1ecdng.<\/p>\n<p><img loading=\"lazy\" decoding=\"async\" class=\"alignnone size-full wp-image-9860\" src=\"https:\/\/bangvietbavicoboard.com\/wp-content\/uploads\/2024\/12\/bang_ghim_vai_bo-120x80-3.png\" alt=\"bang_ghim_vai_bo\" width=\"1200\" height=\"799\" srcset=\"https:\/\/bangvietbavicoboard.com\/wp-content\/uploads\/2024\/12\/bang_ghim_vai_bo-120x80-3.png 1200w, https:\/\/bangvietbavicoboard.com\/wp-content\/uploads\/2024\/12\/bang_ghim_vai_bo-120x80-3-601x400.png 601w, https:\/\/bangvietbavicoboard.com\/wp-content\/uploads\/2024\/12\/bang_ghim_vai_bo-120x80-3-768x511.png 768w, https:\/\/bangvietbavicoboard.com\/wp-content\/uploads\/2024\/12\/bang_ghim_vai_bo-120x80-3-18x12.png 18w, https:\/\/bangvietbavicoboard.com\/wp-content\/uploads\/2024\/12\/bang_ghim_vai_bo-120x80-3-300x200.png 300w, https:\/\/bangvietbavicoboard.com\/wp-content\/uploads\/2024\/12\/bang_ghim_vai_bo-120x80-3-600x400.png 600w\" sizes=\"auto, (max-width: 1200px) 100vw, 1200px\" \/><\/p>\n<p><strong>B\u1ea3ng ghim v\u1ea3i b\u1ed1<\/strong>\u00a0c\u00f3 c\u1ea5u t\u1ea1o nh\u01b0 sau:<\/p>\n<p><strong><em>1. M\u1eb7t b\u1ea3ng<\/em>:<\/strong>\u00a0M\u1eb7t b\u1ea3ng b\u1eb1ng v\u1ea3i b\u1ed1 HongKong nhi\u1ec1u m\u00e0u kh\u00e1ch l\u1ef1a ch\u1ecdn: xanh bi\u1ec3n, xanh l\u00e1, x\u00e1m, \u0111\u1ecf, \u0111en\u2026 kh\u00f4ng phai m\u00e0u theo th\u1eddi gian.<\/p>\n<p><strong><em>2. T\u1ea5m l\u00f3t b\u1ea3ng:<\/em><\/strong>\u00a0g\u1ed3m 2 l\u1edbp: l\u1edbp m\u1ed1p EPS \u0111\u1ecbnh l\u01b0\u1ee3ng d\u00e0y 10mm v\u00e0 l\u1edbp sau b\u1eb1ng v\u00e1n MDF d\u00e0y 2,5ly c\u1ee7a Th\u00e1i Lan c\u00f3 \u00e9p v\u00e2n g\u1ed7 ch\u1ed1ng rung, ch\u1ed1ng cong v\u00eanh v\u00e0 ch\u1ed1ng \u1ea9m.<\/p>\n<p><em><strong>3. Khung b\u1ea3ng:<\/strong><\/em>\u00a0Khung nh\u00f4m h\u1ed9p tr\u1eafng b\u00f3ng 4 c\u1ea1nh b\u1ea3ng, \u0111\u01b0\u1ee3c thi\u1ebft k\u1ebf \u0111\u1ea3m b\u1ea3o t\u00ednh ch\u1ecbu l\u1ef1c cao.<\/p>\n<p><strong><em>4. G\u00f3c b\u1ea3ng:\u00a0<\/em><\/strong>L\u00e0m b\u1eb1ng nh\u1ef1a m\u00e0u tr\u1eafng h\u00e0i ho\u00e0 v\u1edbi khung v\u00e0 b\u1ea3ng.<\/p>\n<p>T\u1ed5ng \u0111\u1ed9 d\u00e0y cho ph\u00e9p ghim 11mm n\u00ean \u0111\u1ea3m b\u1ea3o ghim l\u00fat ghim v\u00e0 r\u1ea5t ch\u1eafc ch\u1eafn.<br \/>\nGi\u00e1 tr\u00ean l\u00e0 gi\u00e1 xu\u1ea5t x\u01b0\u1edfng c\u1ee7a th\u01b0\u01a1ng hi\u1ec7u b\u1ea3ng vi\u1ebft BAVICO.<\/p>\n<p>5. B\u1ea3o h\u00e0nh m\u1eb7t b\u1ea3ng: 12 th\u00e1ng.<\/p>\n<p><img loading=\"lazy\" decoding=\"async\" class=\"alignnone size-full wp-image-9859\" src=\"https:\/\/bangvietbavicoboard.com\/wp-content\/uploads\/2024\/12\/bang_ghim_vai_bo-120x80-2.png\" alt=\"\" width=\"1200\" height=\"799\" srcset=\"https:\/\/bangvietbavicoboard.com\/wp-content\/uploads\/2024\/12\/bang_ghim_vai_bo-120x80-2.png 1200w, https:\/\/bangvietbavicoboard.com\/wp-content\/uploads\/2024\/12\/bang_ghim_vai_bo-120x80-2-601x400.png 601w, https:\/\/bangvietbavicoboard.com\/wp-content\/uploads\/2024\/12\/bang_ghim_vai_bo-120x80-2-768x511.png 768w, https:\/\/bangvietbavicoboard.com\/wp-content\/uploads\/2024\/12\/bang_ghim_vai_bo-120x80-2-18x12.png 18w, https:\/\/bangvietbavicoboard.com\/wp-content\/uploads\/2024\/12\/bang_ghim_vai_bo-120x80-2-300x200.png 300w, https:\/\/bangvietbavicoboard.com\/wp-content\/uploads\/2024\/12\/bang_ghim_vai_bo-120x80-2-600x400.png 600w\" sizes=\"auto, (max-width: 1200px) 100vw, 1200px\" \/><\/p>\n<p><img loading=\"lazy\" decoding=\"async\" class=\"alignnone size-full wp-image-9861\" src=\"https:\/\/bangvietbavicoboard.com\/wp-content\/uploads\/2024\/12\/bang_ghim_vai_bo-120x80-1.png\" alt=\"bang_ghim_vai_bo\" width=\"1200\" height=\"799\" srcset=\"https:\/\/bangvietbavicoboard.com\/wp-content\/uploads\/2024\/12\/bang_ghim_vai_bo-120x80-1.png 1200w, https:\/\/bangvietbavicoboard.com\/wp-content\/uploads\/2024\/12\/bang_ghim_vai_bo-120x80-1-601x400.png 601w, https:\/\/bangvietbavicoboard.com\/wp-content\/uploads\/2024\/12\/bang_ghim_vai_bo-120x80-1-768x511.png 768w, https:\/\/bangvietbavicoboard.com\/wp-content\/uploads\/2024\/12\/bang_ghim_vai_bo-120x80-1-18x12.png 18w, https:\/\/bangvietbavicoboard.com\/wp-content\/uploads\/2024\/12\/bang_ghim_vai_bo-120x80-1-300x200.png 300w, https:\/\/bangvietbavicoboard.com\/wp-content\/uploads\/2024\/12\/bang_ghim_vai_bo-120x80-1-600x400.png 600w\" sizes=\"auto, (max-width: 1200px) 100vw, 1200px\" \/><\/p>\n<h1><span class=\"ez-toc-section\" id=\"LY_DO_NEN_MUA_HANG_TAI_BANG_VIET_BAVICO\"><\/span><strong>L\u00dd DO N\u00caN MUA H\u00c0NG T\u1ea0I B\u1ea2NG VI\u1ebeT BAVICO<\/strong><span class=\"ez-toc-section-end\"><\/span><\/h1>\n<p><img loading=\"lazy\" decoding=\"async\" class=\"aligncenter size-full wp-image-3140\" src=\"https:\/\/bangvietbavico.edu.vn\/wp-content\/uploads\/2020\/04\/xe-tai.jpg\" sizes=\"auto, (max-width: 945px) 100vw, 945px\" srcset=\"https:\/\/bangvietbavico.edu.vn\/wp-content\/uploads\/2020\/04\/xe-tai.jpg 945w, https:\/\/bangvietbavico.edu.vn\/wp-content\/uploads\/2020\/04\/xe-tai-300x55.jpg 300w, https:\/\/bangvietbavico.edu.vn\/wp-content\/uploads\/2020\/04\/xe-tai-768x141.jpg 768w\" alt=\"\" width=\"945\" height=\"174\" \/><\/p>\n<ul>\n<li>B\u1ea3ng vi\u1ebft BAVICO l\u00e0 th\u01b0\u01a1ng hi\u1ec7u uy t\u00edn trong l\u0129nh v\u1ef1c s\u1ea3n xu\u1ea5t b\u1ea3ng v\u1edbi h\u01a1n 20 n\u0103m kinh nghi\u1ec7m.<\/li>\n<li>Doanh nghi\u1ec7p \u0111\u1ea7u ti\u00ean trong ng\u00e0nh \u0111\u01b0a b\u1ea3ng t\u1eeb v\u1ec1 Vi\u1ec7t Nam v\u00e0 t\u01b0 v\u1ea5n thay th\u1ebf b\u1ea3ng t\u1eeb trong tr\u01b0\u1eddng h\u1ecdc cho B\u1ed9 Gi\u00e1o d\u1ee5c v\u00e0 \u0110\u00e0o t\u1ea1o.<\/li>\n<li>C\u00f3 ch\u1ee9ng nh\u1eadn nh\u1eadp kh\u1ea9u h\u00e0ng h\u00f3a theo \u0111\u00fang quy \u0111\u1ecbnh (CO \u2013 CQ).<\/li>\n<li>\u0110\u1ed1i t\u00e1c ngu\u1ed3n nguy\u00ean li\u1ec7u ch\u00ednh (m\u1eb7t b\u1ea3ng) uy t\u00edn tr\u00ean to\u00e0n c\u1ea7u: Polyvion cho b\u1ec1 m\u1eb7t Ceramic v\u00e0 Dongshin cho b\u1ec1 m\u1eb7t th\u00e9p ph\u1ee7 s\u01a1n.<\/li>\n<li>B\u1ea3ng vi\u1ebft BAVICO l\u00e0 C\u00f4ng ty s\u1ea3n xu\u1ea5t v\u00e0 c\u1ea5p cung s\u1ea3n ph\u1ea9m tr\u1ef1c ti\u1ebfp\u00a0 \u2013 \u0110\u1ea3m b\u1ea3o s\u1ea3n ph\u1ea9m ch\u00ednh h\u00e3ng 100%.<\/li>\n<li>B\u1ea3ng vi\u1ebft BAVICO \u0111\u00e3 ph\u1ee5c v\u1ee5 r\u1ea5t nhi\u1ec1u kh\u00e1ch h\u00e0ng l\u1edbn nh\u01b0: T\u1eadp \u0111o\u00e0n Samsung, Viettel, C\u00e1c Tr\u01b0\u1eddng Qu\u1ed1c T\u1ebf \u00c1 Ch\u00e2u, M\u1ef9, Ph\u00e1p, Nh\u1eadt,\u2026<\/li>\n<li>S\u1ea3n ph\u1ea9m \u0111a d\u1ea1ng v\u1edbi nhi\u1ec1u s\u1ef1 l\u1ef1a ch\u1ecdn, thi\u1ebft k\u1ebf v\u00e0 s\u1ea3n xu\u1ea5t theo y\u00eau c\u1ea7u kh\u00e1ch h\u00e0ng.<\/li>\n<li>Ch\u00ednh s\u00e1ch b\u1ea3o h\u00e0nh t\u1eeb 12 th\u00e1ng \u2013 24 th\u00e1ng gi\u00fap kh\u00e1ch h\u00e0ng y\u00ean t\u00e2m khi mua h\u00e0ng.<\/li>\n<\/ul>\n<h2><span class=\"ez-toc-section\" id=\"CONG_TY_TNHH_THIET_BI_GIAO_DUC_BAVICO\"><\/span><a href=\"https:\/\/bangvietbavicoboard.com\/en\/\"><strong>EQUIPMENT CO., EDUCATION BAVICO<\/strong><\/a><span class=\"ez-toc-section-end\"><\/span><\/h2>\n<p><a href=\"https:\/\/www.google.com\/maps\/place\/C%C3%B4ng+Ty+TNHH+Thi%E1%BA%BFt+B%E1%BB%8B+Gi%C3%A1o+D%E1%BB%A5c+BAVICO\/@10.8422711,106.6244102,17z\/data=!3m1!4b1!4m5!3m4!1s0x31752a2a33796a47:0x1e4c184654bd6967!8m2!3d10.8422658!4d106.6265989?hl=vi-VN\" target=\"_blank\" rel=\"noopener\"><strong>Tr\u1ee5 s\u1edf ch\u00ednh: S\u1ed1 26 \u2013 28 \u0110\u01b0\u1eddng DD11 Khu bi\u1ec7t th\u1ef1 An S\u01b0\u01a1ng, Ph\u01b0\u1eddng T\u00e2n H\u01b0ng Thu\u1eadn, Qu\u1eadn 12, Th\u00e0nh ph\u1ed1 H\u1ed3 Ch\u00ed Minh, Vi\u1ec7t Nam.<\/strong><\/a><\/p>\n<p><a href=\"https:\/\/www.google.com\/maps\/place\/NH%C3%80+M%C3%81Y+B%E1%BA%A2NG+VI%E1%BA%BET+BAVICO\/data=!4m2!3m1!1s0x3174d54b4766c1e1:0x5e7544f8d3754cf8?hl=vi&amp;trk=https%3A%2F%2Fnotifications.google.com%2Fg%2Fp%2FANiao5qxS1Nm-jYR1J2xq7eGKk7sVofQFkONHZn7ZY1zjo26fUdiIedC5c2mAakkpMKjxMsTnB9fPMAbD18GWiRfE5-oXEHRGqQhobyjs_Hj9u2xUtrFgqGeo2BwkZvvFFFONLfFq-_lNqqzAQIbZ-Py-_UWpcdoJrNPOobHtX1hJYMPfYf7R5DJXHySX2mo-h0Loz8brWxA1Hr1nhML\" target=\"_blank\" rel=\"noopener\"><strong>Nh\u00e0 m\u00e1y s\u1ea3n xu\u1ea5t: S\u1ed1 7\/7 \u0111\u01b0\u1eddng s\u1ed1 65, H\u1ed3 V\u0103n T\u1eafng, \u1ea4p X\u00f3m \u0110\u1ed3ng, X\u00e3 T\u00e2n Ph\u00fa Trung, Huy\u1ec7n C\u1ee7 Chi, Th\u00e0nh Ph\u1ed1 H\u1ed3 Ch\u00ed Minh, Vi\u1ec7t Nam.<\/strong><\/a><\/p>\n<p><strong>MST: 0303030028 \u2013 Ng\u00e0y th\u00e0nh l\u1eadp c\u00f4ng ty: 01\/09\/2003<\/strong><\/p>\n<div data-original-attrs=\"{&quot;style&quot;:&quot;&quot;}\">\u0110\u1ec3 bi\u1ebft th\u00eam chi ti\u1ebft xin vui l\u00f2ng li\u00ean h\u1ec7:<\/div>\n<div>TEL:\u00a0<span style=\"color: #783f04;\" data-keep-original-tag=\"false\" data-original-attrs=\"{&quot;style&quot;:&quot;&quot;}\">0938 623 068 (Viber\/Zalo)<\/span><\/div>\n<div>Email:\u00a0<span style=\"color: #274e13;\" data-keep-original-tag=\"false\" data-original-attrs=\"{&quot;style&quot;:&quot;&quot;}\">csns01@bangvietbavico.vn<\/span><\/div>\n<div><\/div>\n<h2><span class=\"ez-toc-section\" id=\"%3E%3E%3E_Moi_Quy_khach_hang_click_tham_khao_cac_loai_Bang_viet_but_long_khac\"><\/span><span style=\"font-family: arial, helvetica, sans-serif; color: #008000;\"><a style=\"color: #008000;\" href=\"https:\/\/bangvietbavicoboard.com\/en\/product-category\/bang-viet-but-long\/\"><em>&gt;&gt;&gt; M\u1eddi Qu\u00fd kh\u00e1ch h\u00e0ng click tham kh\u1ea3o c\u00e1c lo\u1ea1i B\u1ea3ng vi\u1ebft b\u00fat l\u00f4ng kh\u00e1c<\/em><\/a><\/span><span class=\"ez-toc-section-end\"><\/span><\/h2>\n<div data-original-attrs=\"{&quot;style&quot;:&quot;&quot;}\">\n<h2><span class=\"ez-toc-section\" id=\"%3E%3E%3E_Moi_Quy_khach_hang_click_tham_khao_cac_loai_Bang_ghim_khac\"><\/span><span style=\"font-family: arial, helvetica, sans-serif; color: #800080;\"><a style=\"color: #800080;\" href=\"https:\/\/bangvietbavicoboard.com\/en\/product-category\/bang-ghim\/\"><em>&gt;&gt;&gt; M\u1eddi Qu\u00fd kh\u00e1ch h\u00e0ng click tham kh\u1ea3o c\u00e1c lo\u1ea1i B\u1ea3ng ghim kh\u00e1c<\/em><\/a><\/span><span class=\"ez-toc-section-end\"><\/span><\/h2>\n<\/div>\n<p>&nbsp;<\/p>","protected":false},"excerpt":{"rendered":"<p><strong><span style=\"color: #0000ff;\">Khuy\u1ebfn m\u00e3i gi\u1ea3m \u0111\u1ebfn<\/span> <span style=\"color: #ed1c24; font-size: 150%;\">40%<\/span> <span style=\"color: #0000ff;\">cho c\u00e1c k\u00edch th\u01b0\u1edbc 400&#215;600, 600&#215;800, 600&#215;1000.<\/span><\/strong><\/p>\n<p>B\u1ea3ng ghim v\u1ea3i b\u1ed1 \u0111a n\u0103ng l\u00e0 s\u1ea3n ph\u1ea9m d\u00f9ng \u0111\u1ec3 ghim \u0111\u00ednh h\u00ecnh \u1ea3nh, t\u00e0i li\u1ec7u r\u1ea5t th\u1ea9m m\u1ef9 v\u00e0 sang tr\u1ecdng, \u0111\u01b0\u1ee3c nhi\u1ec1u v\u0103n ph\u00f2ng, tr\u01b0\u1eddng h\u1ecdc hay gia \u0111\u00ecnh \u01b0a chu\u1ed9ng.<\/p>\n<p>Gi\u00e1 \u00e1p d\u1ee5ng t\u1ea1i H\u00f3c M\u00f4n, C\u1ee7 Chi v\u00e0 khu v\u1ef1c n\u1ed9i th\u00e0nh TPHCM (Q1,2,3,4,5,6,7,8,9,10,11,12,T\u00e2n B\u00ecnh, B\u00ecnh T\u00e2n, T\u00e2n Ph\u00fa, Ph\u00fa Nhu\u1eadn, B\u00ecnh Th\u1ea1nh, G\u00f2 V\u1ea5p)<br \/>\nMI\u1ec4N PH\u00cd giao h\u00e0ng &amp; l\u1eafp \u0111\u1eb7t.<\/p>\n<p>&nbsp;<\/p>","protected":false},"featured_media":9858,"comment_status":"open","ping_status":"closed","template":"","meta":{"_acf_changed":false},"product_brand":[],"product_cat":[545],"product_tag":[],"class_list":{"0":"post-9854","1":"product","2":"type-product","3":"status-publish","4":"has-post-thumbnail","6":"product_cat-bang-ghim","8":"first","9":"instock","10":"sale","11":"shipping-taxable","12":"purchasable","13":"product-type-variable"},"acf":[],"_links":{"self":[{"href":"https:\/\/bangvietbavicoboard.com\/en\/wp-json\/wp\/v2\/product\/9854","targetHints":{"allow":["GET"]}}],"collection":[{"href":"https:\/\/bangvietbavicoboard.com\/en\/wp-json\/wp\/v2\/product"}],"about":[{"href":"https:\/\/bangvietbavicoboard.com\/en\/wp-json\/wp\/v2\/types\/product"}],"replies":[{"embeddable":true,"href":"https:\/\/bangvietbavicoboard.com\/en\/wp-json\/wp\/v2\/comments?post=9854"}],"wp:featuredmedia":[{"embeddable":true,"href":"https:\/\/bangvietbavicoboard.com\/en\/wp-json\/wp\/v2\/media\/9858"}],"wp:attachment":[{"href":"https:\/\/bangvietbavicoboard.com\/en\/wp-json\/wp\/v2\/media?parent=9854"}],"wp:term":[{"taxonomy":"product_brand","embeddable":true,"href":"https:\/\/bangvietbavicoboard.com\/en\/wp-json\/wp\/v2\/product_brand?post=9854"},{"taxonomy":"product_cat","embeddable":true,"href":"https:\/\/bangvietbavicoboard.com\/en\/wp-json\/wp\/v2\/product_cat?post=9854"},{"taxonomy":"product_tag","embeddable":true,"href":"https:\/\/bangvietbavicoboard.com\/en\/wp-json\/wp\/v2\/product_tag?post=9854"}],"curies":[{"name":"wp","href":"https:\/\/api.w.org\/{rel}","templated":true}]}}