{"id":9512,"date":"2024-11-27T01:47:21","date_gmt":"2024-11-27T01:47:21","guid":{"rendered":"https:\/\/bangvietbavicoboard.com\/?post_type=product&#038;p=9512"},"modified":"2025-02-27T04:10:11","modified_gmt":"2025-02-27T04:10:11","slug":"bang-viet-phan-co-o-ly","status":"publish","type":"product","link":"https:\/\/bangvietbavicoboard.com\/en\/product\/bang-viet-phan-co-o-ly\/","title":{"rendered":"B\u1ea3ng vi\u1ebft ph\u1ea5n c\u00f3 \u00f4 ly"},"content":{"rendered":"<p><strong>B\u1ea3ng vi\u1ebft ph\u1ea5n c\u00f3 \u00f4 ly<\/strong> gi\u00fap gi\u00e1o vi\u00ean tr\u00ecnh b\u00e0y ki\u1ebfn th\u1ee9c m\u1ed9t c\u00e1ch r\u00f5 r\u00e0ng v\u00e0 tr\u1ef1c quan, t\u1eeb \u0111\u00f3 h\u1ecdc sinh d\u1ec5 d\u00e0ng ti\u1ebfp thu th\u00f4ng tin.<\/p>\n<p><img decoding=\"async\" src=\"https:\/\/maxbuy.com.vn\/Uploads\/nd_6CD3B50025026405E6A566CFB541F54F.jpg\" alt=\"B\u1ea3ng t\u1eeb xanh vi\u1ebft ph\u1ea5n gi\u00e1 r\u1ebb, ch\u1ea5t l\u01b0\u1ee3ng t\u1ed1t cho tr\u01b0\u1eddng h\u1ecdc, v\u0103n ph\u00f2ng\" \/><\/p>\n<h1><span class=\"ez-toc-section\" id=\"Cau_tao_bang_viet_phan_co_o_ly\"><\/span><strong>C\u1ea5u t\u1ea1o b\u1ea3ng vi\u1ebft ph\u1ea5n c\u00f3 \u00f4 ly<\/strong><span class=\"ez-toc-section-end\"><\/span><\/h1>\n<p><span style=\"font-family: arial, helvetica, sans-serif;\">&gt;&gt;&gt; \u00a0<span style=\"color: #0000ff;\"><a style=\"color: #0000ff;\" href=\"https:\/\/www.youtube.com\/watch?app=desktop&amp;v=YPF2iZ0Eacg\" target=\"_blank\" rel=\"noopener\"><em><strong>(Click xem video) M\u1eb7t b\u1ea3ng \u0111en h\u1ecdc sinh Poly Taiwan<\/strong>:<\/em><\/a> <\/span>Ch\u1ea5t li\u1ec7u Polyester gi\u00e1 m\u1ec1m, vi\u1ebft lau d\u1ec5 d\u00e0ng, ch\u1ecdn m\u1eb7t \u0111en tr\u01a1n ho\u1eb7c c\u00f3 \u00f4 ly gi\u00e1 kh\u00f4ng thay \u0111\u1ed5i.<\/span><\/p>\n<p>&gt;&gt;&gt;\u00a0<a href=\"https:\/\/www.youtube.com\/watch?v=0_ktc7UP2as&amp;t=5s\" target=\"_blank\" rel=\"noopener\"><strong><em><span style=\"color: #0000ff;\">(Click xem video) M\u1eb7t b\u1ea3ng t\u1eeb H\u00e0n Qu\u1ed1c:<\/span><\/em><\/strong><\/a> Ch\u1ea5t li\u1ec7u m\u1eb7t b\u1ea3ng nh\u1eadp kh\u1ea9u t\u1eeb DK Dongshin &#8211; Korea, M\u1eb7t b\u1ea3ng t\u1eeb m\u00e0u xanh ch\u1ed1ng l\u00f3a, ch\u1ed1ng m\u00e0i m\u00f2n, tr\u01a1n tr\u01b0\u1ee3t, d\u1ec5 x\u00f3a. <strong>C\u00f3 in \u00f4 ly t\u1eadp 4, \u00f4 ly t\u1eadp 5 ho\u1eb7c \u00f4 ly ti\u1ec3u h\u1ecdc <\/strong>v\u00e0 <strong>m\u1eb7t b\u1ea3ng \u0111\u00ednh nam ch\u00e2m.<\/strong> B\u1ea3o h\u00e0nh: 12 th\u00e1ng.<\/p>\n<h3 style=\"text-align: center;\"><span class=\"ez-toc-section\" id=\"CAC_MAU_O_LY_IN_LUA\"><\/span><strong>C\u00c1C M\u1eaaU \u00d4 LY IN L\u1ee4A<\/strong><span class=\"ez-toc-section-end\"><\/span><\/h3>\n<table class=\"aligncenter\" style=\"width: 48.0291%; height: 168px;\">\n<tbody>\n<tr style=\"height: 21px;\">\n<td style=\"width: 33.5714%; text-align: center; height: 22px;\" width=\"140\"><strong>\u00d4 LY T\u1eacP 4 \u00d4<\/strong><\/td>\n<td style=\"width: 33.4339%; text-align: center; height: 22px;\" width=\"140\"><strong>\u00d4 LY T\u1eacP 5 \u00d4<\/strong><\/td>\n<td style=\"width: 84.9735%; text-align: center; height: 22px;\" width=\"140\"><strong>\u00d4 LY TI\u1ec2U H\u1eccC<\/strong><\/td>\n<\/tr>\n<tr style=\"height: 132px;\">\n<td style=\"width: 33.5714%; text-align: center; height: 132px;\" width=\"140\"><img loading=\"lazy\" decoding=\"async\" class=\"alignnone wp-image-9112\" src=\"https:\/\/bangvietbavicoboard.com\/wp-content\/uploads\/2024\/11\/4-O-LY-TAP.jpg\" alt=\"\" width=\"257\" height=\"170\" srcset=\"https:\/\/bangvietbavicoboard.com\/wp-content\/uploads\/2024\/11\/4-O-LY-TAP.jpg 194w, https:\/\/bangvietbavicoboard.com\/wp-content\/uploads\/2024\/11\/4-O-LY-TAP-18x12.jpg 18w\" sizes=\"auto, (max-width: 257px) 100vw, 257px\" \/><\/td>\n<td style=\"width: 33.4339%; text-align: center; height: 132px;\" width=\"140\"><img loading=\"lazy\" decoding=\"async\" class=\"alignnone wp-image-9113\" src=\"https:\/\/bangvietbavicoboard.com\/wp-content\/uploads\/2024\/11\/5-O-LY-TAP.jpg\" alt=\"\" width=\"205\" height=\"130\" srcset=\"https:\/\/bangvietbavicoboard.com\/wp-content\/uploads\/2024\/11\/5-O-LY-TAP.jpg 200w, https:\/\/bangvietbavicoboard.com\/wp-content\/uploads\/2024\/11\/5-O-LY-TAP-18x12.jpg 18w\" sizes=\"auto, (max-width: 205px) 100vw, 205px\" \/><\/td>\n<td style=\"width: 84.9735%; text-align: center; height: 132px;\" width=\"140\"><img loading=\"lazy\" decoding=\"async\" class=\"alignnone wp-image-9111\" src=\"https:\/\/bangvietbavicoboard.com\/wp-content\/uploads\/2024\/11\/O-LY-TIEU-HOC.jpg\" alt=\"\" width=\"205\" height=\"133\" srcset=\"https:\/\/bangvietbavicoboard.com\/wp-content\/uploads\/2024\/11\/O-LY-TIEU-HOC.jpg 194w, https:\/\/bangvietbavicoboard.com\/wp-content\/uploads\/2024\/11\/O-LY-TIEU-HOC-18x12.jpg 18w\" sizes=\"auto, (max-width: 205px) 100vw, 205px\" \/><\/td>\n<\/tr>\n<\/tbody>\n<\/table>\n<p>&nbsp;<\/p>\n<p><span style=\"font-family: arial, helvetica, sans-serif;\">\u2013\u00a0 <\/span>M\u1eb7t b\u1ea3ng: C\u00f3 th\u1ec3 t\u00f9y ch\u1ecdn c\u00e1c lo\u1ea1i m\u1eb7t b\u1ea3ng: <em>vi\u1ebft ph\u1ea5n Poly Taiwan, vi\u1ebft ph\u1ea5n t\u1eeb H\u00e0n Qu\u1ed1c<\/em><\/p>\n<p><span style=\"font-family: arial, helvetica, sans-serif;\">\u2013 T\u1ea5m l\u00f3t b\u1ea3ng: b\u1eb1ng v\u00e1n MDF \u00e9p gi\u1ea5y b\u00f3ng v\u00e2n g\u1ed7 ch\u1ed1ng \u1ea9m, ch\u1ed1ng cong mo v\u00e0 \u0111\u1ea3m b\u1ea3o b\u1ea3ng vi\u1ebft kh\u00f4ng b\u1ecb rung ho\u1eb7c b\u1eb1ng t\u1ea5m nh\u1ef1a d\u1ea7y 10ly ch\u1ed1ng n\u01b0\u1edbc, ch\u1ed1ng cong mo.<\/span><\/p>\n<p><span style=\"font-family: arial, helvetica, sans-serif;\">\u2013 Khung\/bo b\u1ea3ng: b\u1eb1ng nh\u00f4m Vi\u1ec7t Nh\u1eadt chuy\u00ean d\u1ee5ng ch\u1ed1ng oxy h\u00f3a.<\/span><\/p>\n<p><span style=\"font-family: arial, helvetica, sans-serif;\">\u2013 Co g\u00f3c: B\u1ed1n g\u00f3c b\u1ea3ng c\u00f3 co nh\u1ef1a m\u00e0u s\u1eafc h\u00e0i h\u00f2a, ch\u1ed1ng b\u1ecb tr\u1ea7y x\u01b0\u1edbc.<\/span><\/p>\n<p><span style=\"font-family: arial, helvetica, sans-serif;\">\u2013 M\u00e1ng ph\u1ea5n\/ \u0111\u1ef1ng b\u00fat: d\u00e0i 50cm, b\u1eb1ng nh\u00f4m chuy\u00ean d\u1ee5ng, hai \u0111\u1ea7u c\u00f3 co nh\u1ef1a.<\/span><\/p>\n<h1><span class=\"ez-toc-section\" id=\"Cac_loai_bang_viet_phan_co_o_ly\"><\/span><strong>C\u00e1c lo\u1ea1i b\u1ea3ng <\/strong><strong>vi\u1ebft ph\u1ea5n c\u00f3 \u00f4 ly<\/strong><span class=\"ez-toc-section-end\"><\/span><\/h1>\n<h2><span class=\"ez-toc-section\" id=\"Bang_viet_phan_co_o_ly_treo_tuong\"><\/span><strong>B\u1ea3ng vi\u1ebft ph\u1ea5n c\u00f3 \u00f4 ly treo t\u01b0\u1eddng<\/strong><span class=\"ez-toc-section-end\"><\/span><\/h2>\n<figure id=\"attachment_8808\" aria-describedby=\"caption-attachment-8808\" style=\"width: 2386px\" class=\"wp-caption alignnone\"><img loading=\"lazy\" decoding=\"async\" class=\"size-full wp-image-8808\" src=\"https:\/\/bangvietbavicoboard.com\/wp-content\/uploads\/2024\/11\/bang-viet-phan-den-230x120-1.png\" alt=\"bang-viet-phan-truong-hoc\" width=\"2386\" height=\"1200\" srcset=\"https:\/\/bangvietbavicoboard.com\/wp-content\/uploads\/2024\/11\/bang-viet-phan-den-230x120-1.png 2386w, https:\/\/bangvietbavicoboard.com\/wp-content\/uploads\/2024\/11\/bang-viet-phan-den-230x120-1-795x400.png 795w, https:\/\/bangvietbavicoboard.com\/wp-content\/uploads\/2024\/11\/bang-viet-phan-den-230x120-1-1400x704.png 1400w, https:\/\/bangvietbavicoboard.com\/wp-content\/uploads\/2024\/11\/bang-viet-phan-den-230x120-1-768x386.png 768w, https:\/\/bangvietbavicoboard.com\/wp-content\/uploads\/2024\/11\/bang-viet-phan-den-230x120-1-1536x773.png 1536w, https:\/\/bangvietbavicoboard.com\/wp-content\/uploads\/2024\/11\/bang-viet-phan-den-230x120-1-2048x1030.png 2048w, https:\/\/bangvietbavicoboard.com\/wp-content\/uploads\/2024\/11\/bang-viet-phan-den-230x120-1-18x9.png 18w, https:\/\/bangvietbavicoboard.com\/wp-content\/uploads\/2024\/11\/bang-viet-phan-den-230x120-1-300x151.png 300w, https:\/\/bangvietbavicoboard.com\/wp-content\/uploads\/2024\/11\/bang-viet-phan-den-230x120-1-600x302.png 600w\" sizes=\"auto, (max-width: 2386px) 100vw, 2386px\" \/><figcaption id=\"caption-attachment-8808\" class=\"wp-caption-text\"><em>\u00a0(B\u1ea3ng vi\u1ebft ph\u1ea5n c\u00f3 \u00f4 ly\u00a0 treo t\u01b0\u1eddng kh\u00f4ng t\u1eeb)<\/em><\/figcaption><\/figure>\n<figure style=\"width: 1030px\" class=\"wp-caption alignnone\"><img loading=\"lazy\" decoding=\"async\" class=\"\" src=\"https:\/\/bangvietbavico.net\/wp-content\/uploads\/2024\/03\/bang-viet-phan-co-o-ly-1.jpg.webp\" alt=\"b\u1ea3ng vi\u1ebft ph\u1ea5n c\u00f3 \u00f4 ly\" width=\"1030\" height=\"706\" \/><figcaption class=\"wp-caption-text\"><em>(B\u1ea3ng vi\u1ebft ph\u1ea5n k\u1ebb \u00f4 ly c\u00f3 t\u1eeb t\u00ednh)<\/em><\/figcaption><\/figure>\n<p><span style=\"font-family: arial, helvetica, sans-serif;\">\u2013\u00a0 <\/span>M\u1eb7t b\u1ea3ng: C\u00f3 th\u1ec3 t\u00f9y ch\u1ecdn c\u00e1c lo\u1ea1i m\u1eb7t b\u1ea3ng: <em>vi\u1ebft ph\u1ea5n Poly Taiwan, vi\u1ebft ph\u1ea5n t\u1eeb H\u00e0n Qu\u1ed1c<\/em><\/p>\n<p><span style=\"font-family: arial, helvetica, sans-serif;\">\u2013 T\u1ea5m l\u00f3t b\u1ea3ng: b\u1eb1ng v\u00e1n MDF \u00e9p gi\u1ea5y b\u00f3ng v\u00e2n g\u1ed7 ch\u1ed1ng \u1ea9m, ch\u1ed1ng cong mo v\u00e0 \u0111\u1ea3m b\u1ea3o b\u1ea3ng vi\u1ebft kh\u00f4ng b\u1ecb rung ho\u1eb7c b\u1eb1ng t\u1ea5m nh\u1ef1a d\u1ea7y 10ly ch\u1ed1ng n\u01b0\u1edbc, ch\u1ed1ng cong mo.<\/span><\/p>\n<p><span style=\"font-family: arial, helvetica, sans-serif;\">\u2013 Khung\/bo b\u1ea3ng: b\u1eb1ng nh\u00f4m Vi\u1ec7t Nh\u1eadt chuy\u00ean d\u1ee5ng ch\u1ed1ng oxy h\u00f3a.<\/span><\/p>\n<p><span style=\"font-family: arial, helvetica, sans-serif;\">\u2013 Co g\u00f3c: B\u1ed1n g\u00f3c b\u1ea3ng c\u00f3 co nh\u1ef1a m\u00e0u s\u1eafc h\u00e0i h\u00f2a, ch\u1ed1ng b\u1ecb tr\u1ea7y x\u01b0\u1edbc.<\/span><\/p>\n<p><span style=\"font-family: arial, helvetica, sans-serif;\">\u2013 M\u00e1ng ph\u1ea5n\/ \u0111\u1ef1ng b\u00fat: d\u00e0i 50cm, b\u1eb1ng nh\u00f4m chuy\u00ean d\u1ee5ng, hai \u0111\u1ea7u c\u00f3 co nh\u1ef1a.<\/span><\/p>\n<p><span style=\"font-family: arial, helvetica, sans-serif;\">\u2013 <\/span>KHUNG CH\u00c2N b\u1ea3ng di \u0111\u1ed9ng l\u00e0m b\u1eb1ng s\u1eaft vu\u00f4ng 2 x4 cm s\u1eaft s\u01a1n t\u0129nh \u0111i\u1ec7n m\u00e0u tr\u1eafng s\u1eefa, ch\u1eafc ch\u1eafn. C\u00f3 g\u1eafn b\u1ed1n b\u00e1nh xe hi\u1ec7u Taiwan gi\u00fap di chuy\u1ec3n d\u1ec5 d\u00e0ng v\u00e0 kh\u00f3a c\u1ed1 \u0111\u1ecbnh khi kh\u00f4ng s\u1eed d\u1ee5ng v\u00e0 r\u1ea5t sang tr\u1ecdng cho m\u1ecdi kh\u00f4ng gian.<\/p>\n<h2><span class=\"ez-toc-section\" id=\"Bang_viet_phan_co_o_ly_di_dong\"><\/span><strong>B\u1ea3ng vi\u1ebft ph\u1ea5n c\u00f3 \u00f4 ly\u00a0di \u0111\u1ed9ng<\/strong><span class=\"ez-toc-section-end\"><\/span><\/h2>\n<figure id=\"attachment_7667\" aria-describedby=\"caption-attachment-7667\" style=\"width: 999px\" class=\"wp-caption alignnone\"><img loading=\"lazy\" decoding=\"async\" class=\"wp-image-7667\" src=\"https:\/\/bangvietbavicoboard.com\/wp-content\/uploads\/2024\/08\/bang-den-poly.jpg\" alt=\"\" width=\"999\" height=\"999\" srcset=\"https:\/\/bangvietbavicoboard.com\/wp-content\/uploads\/2024\/08\/bang-den-poly.jpg 900w, https:\/\/bangvietbavicoboard.com\/wp-content\/uploads\/2024\/08\/bang-den-poly-400x400.jpg 400w, https:\/\/bangvietbavicoboard.com\/wp-content\/uploads\/2024\/08\/bang-den-poly-800x800.jpg 800w, https:\/\/bangvietbavicoboard.com\/wp-content\/uploads\/2024\/08\/bang-den-poly-280x280.jpg 280w, https:\/\/bangvietbavicoboard.com\/wp-content\/uploads\/2024\/08\/bang-den-poly-768x768.jpg 768w, https:\/\/bangvietbavicoboard.com\/wp-content\/uploads\/2024\/08\/bang-den-poly-12x12.jpg 12w, https:\/\/bangvietbavicoboard.com\/wp-content\/uploads\/2024\/08\/bang-den-poly-300x300.jpg 300w, https:\/\/bangvietbavicoboard.com\/wp-content\/uploads\/2024\/08\/bang-den-poly-600x600.jpg 600w, https:\/\/bangvietbavicoboard.com\/wp-content\/uploads\/2024\/08\/bang-den-poly-100x100.jpg 100w, https:\/\/bangvietbavicoboard.com\/wp-content\/uploads\/2024\/08\/bang-den-poly-96x96.jpg 96w\" sizes=\"auto, (max-width: 999px) 100vw, 999px\" \/><figcaption id=\"caption-attachment-7667\" class=\"wp-caption-text\"><em>\u00a0(B\u1ea3ng vi\u1ebft ph\u1ea5n cho gi\u00e1o vi\u00ean di \u0111\u1ed9ng kh\u00f4ng t\u1eeb)<\/em><\/figcaption><\/figure>\n<figure style=\"width: 1002px\" class=\"wp-caption alignnone\"><img loading=\"lazy\" decoding=\"async\" src=\"https:\/\/bangvietbavico.net\/wp-content\/uploads\/2024\/03\/bang-viet-phan-co-o-ly-co-chan-1.jpg.webp\" alt=\"b\u1ea3ng vi\u1ebft ph\u1ea5n c\u00f3 \u00f4 ly c\u00f3 ch\u00e2n\" width=\"1002\" height=\"900\" \/><figcaption class=\"wp-caption-text\"><em>\u00a0(B\u1ea3ng vi\u1ebft ph\u1ea5n c\u00f3 \u00f4 ly di \u0111\u1ed9ng c\u00f3 t\u1eeb)<\/em><\/figcaption><\/figure>\n<ul>\n<li>KHUNG CH\u00c2N b\u1ea3ng di \u0111\u1ed9ng l\u00e0m b\u1eb1ng s\u1eaft vu\u00f4ng 2 x4 cm s\u1eaft s\u01a1n t\u0129nh \u0111i\u1ec7n m\u00e0u tr\u1eafng s\u1eefa, ch\u1eafc ch\u1eafn. C\u00f3 g\u1eafn b\u1ed1n b\u00e1nh xe hi\u1ec7u Taiwan gi\u00fap di chuy\u1ec3n d\u1ec5 d\u00e0ng v\u00e0 kh\u00f3a c\u1ed1 \u0111\u1ecbnh khi kh\u00f4ng s\u1eed d\u1ee5ng v\u00e0 r\u1ea5t sang tr\u1ecdng cho m\u1ecdi kh\u00f4ng gian.<\/li>\n<\/ul>\n<h3 style=\"text-align: center;\"><span class=\"ez-toc-section\" id=\"Chung_nhan_xuat_xu_va_nhap_khau_COCQ_MILL_TEST\"><\/span><strong><span style=\"color: #000080;\">Ch\u1ee9ng nh\u1eadn xu\u1ea5t x\u1ee9 v\u00e0 nh\u1eadp kh\u1ea9u CO\/CQ\/ MILL TEST<\/span><\/strong><span class=\"ez-toc-section-end\"><\/span><\/h3>\n<table>\n<tbody>\n<tr>\n<td><span style=\"font-family: arial, helvetica, sans-serif;\"><img loading=\"lazy\" decoding=\"async\" class=\"aligncenter size-full wp-image-11457\" src=\"https:\/\/bangvietbavico.edu.vn\/wp-content\/uploads\/2023\/11\/CO-2024-1200.jpg\" sizes=\"auto, (max-width: 1200px) 100vw, 1200px\" srcset=\"https:\/\/bangvietbavico.edu.vn\/wp-content\/uploads\/2023\/11\/CO-2024-1200.jpg 1200w, https:\/\/bangvietbavico.edu.vn\/wp-content\/uploads\/2023\/11\/CO-2024-1200-300x300.jpg 300w, https:\/\/bangvietbavico.edu.vn\/wp-content\/uploads\/2023\/11\/CO-2024-1200-1024x1024.jpg 1024w, https:\/\/bangvietbavico.edu.vn\/wp-content\/uploads\/2023\/11\/CO-2024-1200-150x150.jpg 150w, https:\/\/bangvietbavico.edu.vn\/wp-content\/uploads\/2023\/11\/CO-2024-1200-768x768.jpg 768w, https:\/\/bangvietbavico.edu.vn\/wp-content\/uploads\/2023\/11\/CO-2024-1200-180x180.jpg 180w, https:\/\/bangvietbavico.edu.vn\/wp-content\/uploads\/2023\/11\/CO-2024-1200-600x600.jpg 600w\" alt=\"\" width=\"1200\" height=\"1200\" \/><\/span><\/td>\n<td><span style=\"font-family: arial, helvetica, sans-serif;\"><img loading=\"lazy\" decoding=\"async\" class=\"aligncenter size-full wp-image-11458\" src=\"https:\/\/bangvietbavico.edu.vn\/wp-content\/uploads\/2023\/11\/CQ-2024-Mill-test-1200.jpg\" sizes=\"auto, (max-width: 1200px) 100vw, 1200px\" srcset=\"https:\/\/bangvietbavico.edu.vn\/wp-content\/uploads\/2023\/11\/CQ-2024-Mill-test-1200.jpg 1200w, https:\/\/bangvietbavico.edu.vn\/wp-content\/uploads\/2023\/11\/CQ-2024-Mill-test-1200-300x300.jpg 300w, https:\/\/bangvietbavico.edu.vn\/wp-content\/uploads\/2023\/11\/CQ-2024-Mill-test-1200-1024x1024.jpg 1024w, https:\/\/bangvietbavico.edu.vn\/wp-content\/uploads\/2023\/11\/CQ-2024-Mill-test-1200-150x150.jpg 150w, https:\/\/bangvietbavico.edu.vn\/wp-content\/uploads\/2023\/11\/CQ-2024-Mill-test-1200-768x768.jpg 768w, https:\/\/bangvietbavico.edu.vn\/wp-content\/uploads\/2023\/11\/CQ-2024-Mill-test-1200-180x180.jpg 180w, https:\/\/bangvietbavico.edu.vn\/wp-content\/uploads\/2023\/11\/CQ-2024-Mill-test-1200-600x600.jpg 600w\" alt=\"\" width=\"1200\" height=\"1200\" \/><\/span><\/td>\n<\/tr>\n<\/tbody>\n<\/table>\n<p>&nbsp;<\/p>\n<h1><span class=\"ez-toc-section\" id=\"Su_dung_bang_viet_phan_nhu_the_nao_cho_hieu_qua\"><\/span><strong>S\u1eed d\u1ee5ng b\u1ea3ng vi\u1ebft ph\u1ea5n nh\u01b0 th\u1ebf n\u00e0o cho hi\u1ec7u qu\u1ea3?<\/strong><span class=\"ez-toc-section-end\"><\/span><\/h1>\n<p><img decoding=\"async\" src=\"https:\/\/bangvietbavico.edu.vn\/wp-content\/uploads\/2023\/06\/bang-di-dong-1-mat-phan-tu-han-quoc-tap-4o-6.jpg\" \/><\/p>\n<ol>\n<li><span style=\"font-family: arial, helvetica, sans-serif;\"><strong>Gi\u1ea3ng d\u1ea1y b\u00e0i h\u1ecdc<\/strong>: Gi\u00e1o vi\u00ean c\u00f3 th\u1ec3 s\u1eed d\u1ee5ng b\u1ea3ng \u0111\u1ec3 tr\u00ecnh b\u00e0y n\u1ed9i dung b\u00e0i h\u1ecdc, ghi ch\u00fa c\u00e1c \u0111i\u1ec3m quan tr\u1ecdng v\u00e0 gi\u1ea3i th\u00edch c\u00e1c kh\u00e1i ni\u1ec7m cho h\u1ecdc sinh.<\/span><\/li>\n<li><span style=\"font-family: arial, helvetica, sans-serif;\"><strong>Ghi ch\u00fa v\u00e0 t\u00f3m t\u1eaft<\/strong>: Trong qu\u00e1 tr\u00ecnh gi\u1ea3ng d\u1ea1y, gi\u00e1o vi\u00ean c\u00f3 th\u1ec3 ghi l\u1ea1i c\u00e1c \u00fd t\u01b0\u1edfng, th\u00f4ng tin v\u00e0 t\u00f3m t\u1eaft n\u1ed9i dung b\u00e0i h\u1ecdc \u0111\u1ec3 h\u1ecdc sinh d\u1ec5 d\u00e0ng theo d\u00f5i.<\/span><\/li>\n<li><span style=\"font-family: arial, helvetica, sans-serif;\"><strong>Khuy\u1ebfn kh\u00edch t\u01b0\u01a1ng t\u00e1c<\/strong>: H\u1ecdc sinh c\u00f3 th\u1ec3 \u0111\u01b0\u1ee3c m\u1eddi l\u00ean b\u1ea3ng \u0111\u1ec3 vi\u1ebft ho\u1eb7c gi\u1ea3i b\u00e0i t\u1eadp, t\u1eeb \u0111\u00f3 t\u1ea1o ra s\u1ef1 t\u01b0\u01a1ng t\u00e1c gi\u1eefa gi\u00e1o vi\u00ean v\u00e0 h\u1ecdc sinh.<\/span><\/li>\n<li><span style=\"font-family: arial, helvetica, sans-serif;\"><strong>Th\u1ef1c h\u00e0nh v\u00e0 luy\u1ec7n t\u1eadp<\/strong>: B\u1ea3ng vi\u1ebft ph\u1ea5n c\u00f3 th\u1ec3 \u0111\u01b0\u1ee3c s\u1eed d\u1ee5ng \u0111\u1ec3 h\u1ecdc sinh th\u1ef1c h\u00e0nh vi\u1ebft, gi\u1ea3i to\u00e1n ho\u1eb7c tr\u00ecnh b\u00e0y \u00fd t\u01b0\u1edfng c\u1ee7a m\u00ecnh.<\/span><\/li>\n<li><span style=\"font-family: arial, helvetica, sans-serif;\"><strong>S\u1eed d\u1ee5ng trong c\u00e1c ho\u1ea1t \u0111\u1ed9ng nh\u00f3m<\/strong>: Trong c\u00e1c bu\u1ed5i th\u1ea3o lu\u1eadn nh\u00f3m, b\u1ea3ng c\u00f3 th\u1ec3 \u0111\u01b0\u1ee3c s\u1eed d\u1ee5ng \u0111\u1ec3 ghi l\u1ea1i \u00fd ki\u1ebfn v\u00e0 ph\u1ea3n h\u1ed3i t\u1eeb c\u00e1c th\u00e0nh vi\u00ean, gi\u00fap t\u1ed5 ch\u1ee9c th\u00f4ng tin m\u1ed9t c\u00e1ch r\u00f5 r\u00e0ng.<\/span><\/li>\n<li><span style=\"font-family: arial, helvetica, sans-serif;\"><strong>D\u1ec5 d\u00e0ng thay \u0111\u1ed5i n\u1ed9i dung<\/strong>: Gi\u00e1o vi\u00ean c\u00f3 th\u1ec3 d\u1ec5 d\u00e0ng x\u00f3a v\u00e0 vi\u1ebft l\u1ea1i th\u00f4ng tin, gi\u00fap c\u1eadp nh\u1eadt n\u1ed9i dung b\u00e0i h\u1ecdc m\u1ed9t c\u00e1ch linh ho\u1ea1t v\u00e0 nhanh ch\u00f3ng.<\/span><\/li>\n<li><span style=\"font-family: arial, helvetica, sans-serif;\"><strong>T\u1ea1o kh\u00f4ng gian h\u1ecdc t\u1eadp t\u00edch c\u1ef1c<\/strong>: B\u1ea3ng vi\u1ebft ph\u1ea5n gi\u00fap t\u1ea1o ra m\u1ed9t kh\u00f4ng gian h\u1ecdc t\u1eadp n\u0103ng \u0111\u1ed9ng, khuy\u1ebfn kh\u00edch s\u1ef1 s\u00e1ng t\u1ea1o v\u00e0 kh\u00e1m ph\u00e1 ki\u1ebfn th\u1ee9c.<\/span><\/li>\n<\/ol>\n<p><span style=\"font-family: arial, helvetica, sans-serif;\">Vi\u1ec7c s\u1eed d\u1ee5ng b\u1ea3ng vi\u1ebft ph\u1ea5n m\u1ed9t c\u00e1ch hi\u1ec7u qu\u1ea3 c\u00f3 th\u1ec3 n\u00e2ng cao ch\u1ea5t l\u01b0\u1ee3ng gi\u1ea3ng d\u1ea1y v\u00e0 t\u1ea1o \u0111i\u1ec1u ki\u1ec7n t\u1ed1t nh\u1ea5t cho h\u1ecdc sinh trong qu\u00e1 tr\u00ecnh h\u1ecdc t\u1eadp.<\/span><\/p>\n<h1><span class=\"ez-toc-section\" id=\"Bao_hanh\"><\/span><strong>B\u1ea3o h\u00e0nh<\/strong><span class=\"ez-toc-section-end\"><\/span><\/h1>\n<p><span style=\"font-family: arial, helvetica, sans-serif;\">+ Th\u1eddi gian b\u1ea3o h\u00e0nh t\u1eeb 12 \u2013 36 th\u00e1ng do l\u1ed7i c\u1ee7a nh\u00e0 s\u1ea3n xu\u1ea5t.<\/span><br \/>\n<span style=\"font-family: arial, helvetica, sans-serif;\">+ Qu\u00fd kh\u00e1ch h\u00e0ng gi\u1eef l\u1ea1i Gi\u1ea5y giao h\u00e0ng v\u00e0 g\u1ecdi cho s\u1ed1 Hotline <span style=\"color: #0000ff;\"><strong>0938 623 068<\/strong><\/span> ho\u1eb7c kinh doanh tr\u00ean gi\u1ea5y giao h\u00e0ng\/ tr\u00ean website n\u00e0y \u0111\u1ec3 \u0111\u01b0\u1ee3c h\u1ed7 tr\u1ee3 !<\/span><\/p>\n<p><img decoding=\"async\" src=\"https:\/\/bangvietbavico.edu.vn\/wp-content\/uploads\/2024\/10\/XE-TAI.png\" \/><\/p>\n<h1><span class=\"ez-toc-section\" id=\"Li_do_nen_mua_san_pham_cua_Bang_viet_Bavico\"><\/span><strong>L\u00ed do n\u00ean mua s\u1ea3n ph\u1ea9m c\u1ee7a B\u1ea3ng vi\u1ebft Bavico<\/strong><span class=\"ez-toc-section-end\"><\/span><\/h1>\n<ul>\n<li><span style=\"font-family: arial, helvetica, sans-serif;\">B\u1ea3ng vi\u1ebft BAVICO l\u00e0 th\u01b0\u01a1ng hi\u1ec7u uy t\u00edn trong l\u0129nh v\u1ef1c s\u1ea3n xu\u1ea5t b\u1ea3ng v\u1edbi h\u01a1n 22 n\u0103m kinh nghi\u1ec7m (Th\u00e0nh l\u1eadp t\u1eeb n\u0103m 2003 v\u00e0 ch\u1ec9 s\u1ea3n xu\u1ea5t, kinh doanh b\u1ea3ng)<\/span><\/li>\n<li><span style=\"font-family: arial, helvetica, sans-serif;\">Doanh nghi\u1ec7p \u0111\u1ea7u ti\u00ean trong ng\u00e0nh \u0111\u01b0a b\u1ea3ng t\u1eeb v\u1ec1 Vi\u1ec7t Nam v\u00e0 t\u01b0 v\u1ea5n thay th\u1ebf b\u1ea3ng t\u1eeb trong tr\u01b0\u1eddng h\u1ecdc cho B\u1ed9 Gi\u00e1o d\u1ee5c v\u00e0 \u0110\u00e0o t\u1ea1o.<\/span><\/li>\n<li><span style=\"font-family: arial, helvetica, sans-serif;\">C\u00f3 ch\u1ee9ng nh\u1eadn nh\u1eadp kh\u1ea9u h\u00e0ng h\u00f3a theo \u0111\u00fang quy \u0111\u1ecbnh (CO \u2013 CQ).<\/span><\/li>\n<li><span style=\"font-family: arial, helvetica, sans-serif;\">\u0110\u1ed1i t\u00e1c ngu\u1ed3n nguy\u00ean li\u1ec7u ch\u00ednh (m\u1eb7t b\u1ea3ng) uy t\u00edn tr\u00ean to\u00e0n c\u1ea7u: Polyvion cho b\u1ec1 m\u1eb7t Ceramic v\u00e0 Dongshin (1 trong 3 nh\u00e0 m\u00e1y th\u00e9p l\u1edbn nh\u1ea5t H\u00e0n Qu\u1ed1c) cho b\u1ec1 m\u1eb7t th\u00e9p ph\u1ee7 s\u01a1n.<\/span><\/li>\n<li><span style=\"font-family: arial, helvetica, sans-serif;\">BAVICO t\u1ef1 h\u00e0o C\u00f4ng ty s\u1ea3n xu\u1ea5t v\u00e0 c\u1ea5p cung s\u1ea3n ph\u1ea9m tr\u1ef1c ti\u1ebfp\u00a0 \u2013 \u0110\u1ea3m b\u1ea3o s\u1ea3n ph\u1ea9m ch\u00ednh h\u00e3ng 100%.<\/span><\/li>\n<li><span style=\"font-family: arial, helvetica, sans-serif;\">B\u1ea3ng vi\u1ebft BAVICO \u0111\u00e3 ph\u1ee5c v\u1ee5 r\u1ea5t nhi\u1ec1u kh\u00e1ch h\u00e0ng l\u1edbn v\u1edbi y\u00eau c\u1ea7u kh\u1eaft khe v\u1ec1 ch\u1ea5t l\u01b0\u1ee3ng nh\u01b0: T\u1eadp \u0111o\u00e0n Samsung, Viettel, C\u00e1c Tr\u01b0\u1eddng Qu\u1ed1c T\u1ebf \u00c1 Ch\u00e2u, M\u1ef9, Ph\u00e1p, Nh\u1eadt,\u2026<\/span><\/li>\n<li><span style=\"font-family: arial, helvetica, sans-serif;\">S\u1ea3n ph\u1ea9m \u0111a d\u1ea1ng v\u1edbi nhi\u1ec1u s\u1ef1 l\u1ef1a ch\u1ecdn, thi\u1ebft k\u1ebf v\u00e0 s\u1ea3n xu\u1ea5t theo y\u00eau c\u1ea7u kh\u00e1ch h\u00e0ng.<\/span><\/li>\n<li><span style=\"font-family: arial, helvetica, sans-serif;\">Ch\u00ednh s\u00e1ch b\u1ea3o h\u00e0nh t\u1eeb 12 th\u00e1ng \u2013 36 th\u00e1ng gi\u00fap kh\u00e1ch h\u00e0ng y\u00ean t\u00e2m khi mua h\u00e0ng.<\/span><\/li>\n<\/ul>\n<h2><span class=\"ez-toc-section\" id=\"%3E%3E%3E_Moi_Quy_khach_hang_click_tham_khao_cac_loai_Bang_viet_phan_khac\"><\/span><span style=\"font-family: arial, helvetica, sans-serif; color: #800080;\"><a style=\"color: #800080;\" href=\"https:\/\/bangvietbavicoboard.com\/en\/product-category\/bang-viet-phan\/\"><em>&gt;&gt;&gt; M\u1eddi Qu\u00fd kh\u00e1ch h\u00e0ng click tham kh\u1ea3o c\u00e1c lo\u1ea1i B\u1ea3ng vi\u1ebft ph\u1ea5n kh\u00e1c<\/em><\/a><\/span><span class=\"ez-toc-section-end\"><\/span><\/h2>\n<p>&nbsp;<\/p>\n<p>&nbsp;<\/p>","protected":false},"excerpt":{"rendered":"<p><strong>B\u1ea3ng vi\u1ebft ph\u1ea5n c\u00f3 \u00f4 ly<\/strong>\u00a0gi\u00fap tr\u00ecnh b\u00e0y ki\u1ebfn th\u1ee9c m\u1ed9t c\u00e1ch r\u00f5 r\u00e0ng v\u00e0 tr\u1ef1c quan, t\u1eeb \u0111\u00f3 h\u1ecdc sinh d\u1ec5 d\u00e0ng ti\u1ebfp thu th\u00f4ng tin.<\/p>\n<p>Gi\u00e1 \u00e1p d\u1ee5ng t\u1ea1i H\u00f3c M\u00f4n, C\u1ee7 Chi v\u00e0 khu v\u1ef1c n\u1ed9i th\u00e0nh TPHCM (Q1,2,3,4,5,6,7,8,9,10,11,12,T\u00e2n B\u00ecnh, B\u00ecnh T\u00e2n, T\u00e2n Ph\u00fa, Ph\u00fa Nhu\u1eadn, B\u00ecnh Th\u1ea1nh, G\u00f2 V\u1ea5p)<br \/>\nMI\u1ec4N PH\u00cd giao h\u00e0ng &amp;\u00a0 l\u1eafp \u0111\u1eb7t<\/p>","protected":false},"featured_media":8980,"comment_status":"open","ping_status":"closed","template":"","meta":{"_acf_changed":false},"product_brand":[],"product_cat":[521],"product_tag":[],"class_list":{"0":"post-9512","1":"product","2":"type-product","3":"status-publish","4":"has-post-thumbnail","6":"product_cat-bang-viet-phan","8":"first","9":"instock","10":"shipping-taxable","11":"purchasable","12":"product-type-variable"},"acf":[],"_links":{"self":[{"href":"https:\/\/bangvietbavicoboard.com\/en\/wp-json\/wp\/v2\/product\/9512","targetHints":{"allow":["GET"]}}],"collection":[{"href":"https:\/\/bangvietbavicoboard.com\/en\/wp-json\/wp\/v2\/product"}],"about":[{"href":"https:\/\/bangvietbavicoboard.com\/en\/wp-json\/wp\/v2\/types\/product"}],"replies":[{"embeddable":true,"href":"https:\/\/bangvietbavicoboard.com\/en\/wp-json\/wp\/v2\/comments?post=9512"}],"wp:featuredmedia":[{"embeddable":true,"href":"https:\/\/bangvietbavicoboard.com\/en\/wp-json\/wp\/v2\/media\/8980"}],"wp:attachment":[{"href":"https:\/\/bangvietbavicoboard.com\/en\/wp-json\/wp\/v2\/media?parent=9512"}],"wp:term":[{"taxonomy":"product_brand","embeddable":true,"href":"https:\/\/bangvietbavicoboard.com\/en\/wp-json\/wp\/v2\/product_brand?post=9512"},{"taxonomy":"product_cat","embeddable":true,"href":"https:\/\/bangvietbavicoboard.com\/en\/wp-json\/wp\/v2\/product_cat?post=9512"},{"taxonomy":"product_tag","embeddable":true,"href":"https:\/\/bangvietbavicoboard.com\/en\/wp-json\/wp\/v2\/product_tag?post=9512"}],"curies":[{"name":"wp","href":"https:\/\/api.w.org\/{rel}","templated":true}]}}