{"id":9149,"date":"2024-11-22T06:27:05","date_gmt":"2024-11-22T06:27:05","guid":{"rendered":"https:\/\/bangvietbavicoboard.com\/?post_type=product&#038;p=9149"},"modified":"2025-02-27T12:41:34","modified_gmt":"2025-02-27T12:41:34","slug":"bang-phan-dan-tuong","status":"publish","type":"product","link":"https:\/\/bangvietbavicoboard.com\/en\/product\/bang-phan-dan-tuong\/","title":{"rendered":"B\u1ea3ng ph\u1ea5n d\u00e1n t\u01b0\u1eddng"},"content":{"rendered":"<p><strong>B\u1ea3ng ph\u1ea5n d\u00e1n t\u01b0\u1eddng<\/strong> kh\u00f4ng khung l\u00e0 m\u1ed9t gi\u1ea3i ph\u00e1p gi\u1ea3ng d\u1ea1y v\u00e0 h\u1ecdc t\u1eadp hi\u1ec7n \u0111\u1ea1i, gi\u00fap ti\u1ebft ki\u1ec7m di\u1ec7n t\u00edch l\u1edbp h\u1ecdc, t\u1ea1o ra kh\u00f4ng gian r\u1ed9ng r\u00e3i h\u01a1n cho c\u00e1c ho\u1ea1t \u0111\u1ed9ng h\u1ecdc t\u1eadp.<\/p>\n<p><img loading=\"lazy\" decoding=\"async\" class=\"alignnone wp-image-9153\" src=\"https:\/\/bangvietbavicoboard.com\/wp-content\/uploads\/2024\/11\/bang_tu_xanh_dan_tuong_korea.jpg\" alt=\"\" width=\"1025\" height=\"656\" srcset=\"https:\/\/bangvietbavicoboard.com\/wp-content\/uploads\/2024\/11\/bang_tu_xanh_dan_tuong_korea.jpg 800w, https:\/\/bangvietbavicoboard.com\/wp-content\/uploads\/2024\/11\/bang_tu_xanh_dan_tuong_korea-625x400.jpg 625w, https:\/\/bangvietbavicoboard.com\/wp-content\/uploads\/2024\/11\/bang_tu_xanh_dan_tuong_korea-768x492.jpg 768w, https:\/\/bangvietbavicoboard.com\/wp-content\/uploads\/2024\/11\/bang_tu_xanh_dan_tuong_korea-18x12.jpg 18w, https:\/\/bangvietbavicoboard.com\/wp-content\/uploads\/2024\/11\/bang_tu_xanh_dan_tuong_korea-300x192.jpg 300w, https:\/\/bangvietbavicoboard.com\/wp-content\/uploads\/2024\/11\/bang_tu_xanh_dan_tuong_korea-600x384.jpg 600w\" sizes=\"auto, (max-width: 1025px) 100vw, 1025px\" \/><\/p>\n<h1><span class=\"ez-toc-section\" id=\"Cau_tao_bang_phan_dan_tuong\"><\/span><strong>C\u1ea5u t\u1ea1o b\u1ea3ng ph\u1ea5n d\u00e1n t\u01b0\u1eddng<\/strong><span class=\"ez-toc-section-end\"><\/span><\/h1>\n<p>&gt;&gt;&gt;<strong><a href=\"https:\/\/www.youtube.com\/watch?v=T5ICoOMif2c&amp;pp=ygUXYuG6o25nIHBo4bqlbiBjYW8gY-G6pXA%3D\" target=\"_blank\" rel=\"noopener\"><em><span style=\"color: #0000ff;\">(Click xem video) M\u1eb7t b\u1ea3ng Cao c\u1ea5p \u1ea4n \u0110\u1ed9<\/span><\/em><\/a><\/strong>: v\u1edbi ch\u1ea5t li\u1ec7u m\u1eb7t b\u1ea3ng s\u1eed d\u1ee5ng b\u1eb1ng Greelam \u0111\u01b0\u1ee3c nh\u1eadp kh\u1ea9u t\u1eeb \u1ea4n \u0110\u1ed9 v\u1edbi c\u00e1c \u01b0u \u0111i\u1ec3m d\u1ec5 vi\u1ebft kh\u00f4ng lem m\u1ef1c, d\u1ec5 x\u00f3a kh\u00f4ng \u0111\u1ec3 l\u1ea1i d\u1ea5u, ch\u1ed1ng l\u00f3a, ch\u1ed1ng m\u00e0i m\u00f2n tr\u01a1n tr\u01b0\u1ee3t. C\u00f3 th\u1ec3 t\u00f9y ch\u1ecdn m\u1eb7t b\u1ea3ng \u0111en tr\u01a1n ho\u1eb7c c\u00f3 k\u1ebb \u00f4 ly gi\u00e1 th\u00e0nh kh\u00f4ng \u0111\u1ed5i.<\/p>\n<p>&gt;&gt;&gt;\u00a0<a href=\"https:\/\/www.youtube.com\/watch?v=0_ktc7UP2as&amp;t=5s\" target=\"_blank\" rel=\"noopener\"><strong><em><span style=\"color: #0000ff;\">(Click xem video) M\u1eb7t b\u1ea3ng t\u1eeb H\u00e0n Qu\u1ed1c:<\/span><\/em><\/strong><\/a> Ch\u1ea5t li\u1ec7u m\u1eb7t b\u1ea3ng nh\u1eadp kh\u1ea9u t\u1eeb DK Dongshin &#8211; Korea, c\u00f3 \u0111\u00ednh nam ch\u00e2m k\u1eb9p t\u00e0i li\u1ec7u, vi\u1ebft \u00eam lau s\u1ea1ch b\u00f3ng, c\u00f3 in s\u1eb3n \u00f4 ly ch\u00ecm vu\u00f4ng 5cm. B\u1ea3o h\u00e0nh: 12 th\u00e1ng.<\/p>\n<p>&gt;&gt;&gt;<span style=\"color: #0000ff;\">\u00a0<a style=\"color: #0000ff;\" href=\"https:\/\/www.youtube.com\/watch?v=5QhlliLXzpA\" target=\"_blank\" rel=\"noopener\"><em><strong>(Click xem video) M\u1eb7t b\u1ea3ng t\u1eeb Ceramic-B\u1ec9:<\/strong><\/em><\/a><\/span>\u00a0ch\u1ed1ng tr\u1ea7y (dao c\u1ea1o kh\u00f4ng tr\u1ea7y), ch\u1ed1ng ch\u00e1y, ch\u1ed1ng h\u01b0 h\u1ea1i b\u1edfi h\u00f3a ch\u1ea5t, kh\u00e1ng khu\u1ea9n, \u0111\u00ednh nam ch\u00e2m k\u1eb9p t\u00e0i li\u1ec7u, m\u1eb7t b\u1ea3ng tr\u1eafng tr\u01a1n kh\u00f4ng \u00f4 ly. \u0110\u1ed9 b\u1ec1n l\u00ean \u0111\u1ebfn\u00a0<strong>40 n\u0103m<\/strong>. B\u1ea3o h\u00e0nh 12-36 th\u00e1ng.<\/p>\n<p><strong>B\u1ea3ng ph\u1ea5n d\u00e1n t\u01b0\u1eddng<\/strong>\u00a0t\u1ea1i Bavico c\u00f3 c\u1ea5u t\u1ea1o bao g\u1ed3m:<\/p>\n<ul>\n<li>M\u1eb7t b\u1ea3ng \u0111\u01b0\u1ee3c nh\u1eadp tr\u1ef1c ti\u1ebfp t\u1eeb c\u00e1c n\u01b0\u1edbc n\u1ed5i ti\u1ebfng nh\u01b0 H\u00c0N QU\u1ed0C, \u1ea4N \u0110\u1ed8, B\u1ec8 v\u1edbi \u0111\u1ea7y \u0111\u1ee7 ch\u1ee9ng t\u1eeb nh\u1eadp kh\u1ea9u.<\/li>\n<li>T\u1ea5m l\u00f3t b\u1ea3ng \u0111\u01b0\u1ee3c l\u00f3t b\u1eb1ng v\u00e1n MDF c\u1ee7a Th\u00e1i Lan ch\u1ed1ng \u1ea9m d\u00e0y 2.5ly.<\/li>\n<li>Khung b\u1ea3ng: Kh\u00f4ng c\u00f3 khung vi\u1ec1n gi\u00fap ti\u1ebft ki\u1ec7m t\u1ed1i \u0111a kh\u00f4ng gian vi\u1ebft cho b\u1ea1n, t\u1ea1o c\u1ea3m gi\u00e1c tho\u1ea3i m\u00e1i nh\u1ea5t khi vi\u1ebft.<\/li>\n<\/ul>\n<p>Ch\u1ee9ng nh\u1eadn xu\u1ea5t x\u1ee9 v\u00e0 nh\u1eadp kh\u1ea9u CO\/CQ r\u00f5 r\u00e0ng.<\/p>\n<table style=\"border-collapse: collapse; width: 100%;\">\n<tbody>\n<tr>\n<td style=\"width: 50%;\"><img loading=\"lazy\" decoding=\"async\" class=\"alignnone size-full wp-image-7608\" src=\"https:\/\/bangvietbavicoboard.com\/wp-content\/uploads\/2024\/08\/CQ-CO_BI.jpg\" alt=\"\" width=\"733\" height=\"536\" srcset=\"https:\/\/bangvietbavicoboard.com\/wp-content\/uploads\/2024\/08\/CQ-CO_BI.jpg 733w, https:\/\/bangvietbavicoboard.com\/wp-content\/uploads\/2024\/08\/CQ-CO_BI-547x400.jpg 547w, https:\/\/bangvietbavicoboard.com\/wp-content\/uploads\/2024\/08\/CQ-CO_BI-16x12.jpg 16w, https:\/\/bangvietbavicoboard.com\/wp-content\/uploads\/2024\/08\/CQ-CO_BI-300x219.jpg 300w, https:\/\/bangvietbavicoboard.com\/wp-content\/uploads\/2024\/08\/CQ-CO_BI-600x439.jpg 600w\" sizes=\"auto, (max-width: 733px) 100vw, 733px\" \/><\/td>\n<td style=\"width: 50%;\"><img loading=\"lazy\" decoding=\"async\" class=\"size-full wp-image-7609\" src=\"https:\/\/bangvietbavicoboard.com\/wp-content\/uploads\/2024\/08\/bang-viet-but-long-tu-ceramic-chung-nhan-sp-bavico.jpg\" alt=\"\" width=\"468\" height=\"346\" srcset=\"https:\/\/bangvietbavicoboard.com\/wp-content\/uploads\/2024\/08\/bang-viet-but-long-tu-ceramic-chung-nhan-sp-bavico.jpg 468w, https:\/\/bangvietbavicoboard.com\/wp-content\/uploads\/2024\/08\/bang-viet-but-long-tu-ceramic-chung-nhan-sp-bavico-16x12.jpg 16w, https:\/\/bangvietbavicoboard.com\/wp-content\/uploads\/2024\/08\/bang-viet-but-long-tu-ceramic-chung-nhan-sp-bavico-300x222.jpg 300w\" sizes=\"auto, (max-width: 468px) 100vw, 468px\" \/><\/td>\n<\/tr>\n<\/tbody>\n<\/table>\n<h1><span class=\"ez-toc-section\" id=\"Cac_loai_Bang_phan_dan_tuong\"><\/span><strong>C\u00e1c lo\u1ea1i B\u1ea3ng ph\u1ea5n d\u00e1n t\u01b0\u1eddng:<\/strong><span class=\"ez-toc-section-end\"><\/span><\/h1>\n<h2><span class=\"ez-toc-section\" id=\"Bang_phan_dan_tuong_khong_tu\"><\/span><strong>B\u1ea3ng ph\u1ea5n d\u00e1n t\u01b0\u1eddng kh\u00f4ng t\u1eeb\u00a0<\/strong><span class=\"ez-toc-section-end\"><\/span><\/h2>\n<p><img loading=\"lazy\" decoding=\"async\" class=\"alignnone size-full wp-image-9151\" src=\"https:\/\/bangvietbavicoboard.com\/wp-content\/uploads\/2024\/11\/bang_den_khong_khung_dan_tuong_120x80-1-1.png\" alt=\"\" width=\"1200\" height=\"801\" srcset=\"https:\/\/bangvietbavicoboard.com\/wp-content\/uploads\/2024\/11\/bang_den_khong_khung_dan_tuong_120x80-1-1.png 1200w, https:\/\/bangvietbavicoboard.com\/wp-content\/uploads\/2024\/11\/bang_den_khong_khung_dan_tuong_120x80-1-1-599x400.png 599w, https:\/\/bangvietbavicoboard.com\/wp-content\/uploads\/2024\/11\/bang_den_khong_khung_dan_tuong_120x80-1-1-768x513.png 768w, https:\/\/bangvietbavicoboard.com\/wp-content\/uploads\/2024\/11\/bang_den_khong_khung_dan_tuong_120x80-1-1-18x12.png 18w, https:\/\/bangvietbavicoboard.com\/wp-content\/uploads\/2024\/11\/bang_den_khong_khung_dan_tuong_120x80-1-1-300x200.png 300w, https:\/\/bangvietbavicoboard.com\/wp-content\/uploads\/2024\/11\/bang_den_khong_khung_dan_tuong_120x80-1-1-600x401.png 600w\" sizes=\"auto, (max-width: 1200px) 100vw, 1200px\" \/><\/p>\n<p>&nbsp;<\/p>\n<h2><span class=\"ez-toc-section\" id=\"Bang_phan_dan_tuong_co_tu\"><\/span><strong>B\u1ea3ng ph\u1ea5n d\u00e1n t\u01b0\u1eddng c\u00f3 t\u1eeb\u00a0<\/strong><span class=\"ez-toc-section-end\"><\/span><\/h2>\n<p><img loading=\"lazy\" decoding=\"async\" class=\"alignnone size-full wp-image-9152\" src=\"https:\/\/bangvietbavicoboard.com\/wp-content\/uploads\/2024\/11\/bang_tu_xanh_dan_tuong_120x80.png\" alt=\"\" width=\"1200\" height=\"900\" srcset=\"https:\/\/bangvietbavicoboard.com\/wp-content\/uploads\/2024\/11\/bang_tu_xanh_dan_tuong_120x80.png 1200w, https:\/\/bangvietbavicoboard.com\/wp-content\/uploads\/2024\/11\/bang_tu_xanh_dan_tuong_120x80-533x400.png 533w, https:\/\/bangvietbavicoboard.com\/wp-content\/uploads\/2024\/11\/bang_tu_xanh_dan_tuong_120x80-1067x800.png 1067w, https:\/\/bangvietbavicoboard.com\/wp-content\/uploads\/2024\/11\/bang_tu_xanh_dan_tuong_120x80-768x576.png 768w, https:\/\/bangvietbavicoboard.com\/wp-content\/uploads\/2024\/11\/bang_tu_xanh_dan_tuong_120x80-16x12.png 16w, https:\/\/bangvietbavicoboard.com\/wp-content\/uploads\/2024\/11\/bang_tu_xanh_dan_tuong_120x80-300x225.png 300w, https:\/\/bangvietbavicoboard.com\/wp-content\/uploads\/2024\/11\/bang_tu_xanh_dan_tuong_120x80-600x450.png 600w\" sizes=\"auto, (max-width: 1200px) 100vw, 1200px\" \/><\/p>\n<h1><span class=\"ez-toc-section\" id=\"Cac_cong_doan_thi_cong_dan_mat_bang_tai_Bavico\"><\/span><strong>C\u00e1c c\u00f4ng \u0111o\u1ea1n thi c\u00f4ng d\u00e1n m\u1eb7t b\u1ea3ng t\u1ea1i Bavico:<\/strong><span class=\"ez-toc-section-end\"><\/span><\/h1>\n<h3><span class=\"ez-toc-section\" id=\"Truoc_khi_thi_cong\"><\/span>Tr\u01b0\u1edbc khi thi c\u00f4ng:<span class=\"ez-toc-section-end\"><\/span><\/h3>\n<ul>\n<li>M\u1eb7t b\u1ea3ng v\u00e0 t\u1ea5m l\u00f3t \u0111\u01b0\u1ee3c \u00e9p b\u1eb1ng keo ch\u1ea5t l\u01b0\u1ee3ng cao.<\/li>\n<li>G\u00f3c b\u1ea3ng \u0111\u01b0\u1ee3c m\u00e0i g\u00f3c b\u1eb1ng m\u00e1y CNC r\u1ea5t chi ti\u1ebft, \u0111\u1ea1t \u0111\u1ed9 th\u1ea9m m\u1ef9 cao cho b\u1ea3ng.<\/li>\n<li>\u0110o v\u00e0 x\u00e1c \u0111\u1ecbnh k\u00edch th\u01b0\u1edbc c\u1ea7n l\u1eafp \u0111\u1eb7t theo y\u00eau c\u1ea7u.<\/li>\n<\/ul>\n<h3><span class=\"ez-toc-section\" id=\"Thi_cong_dan_tuong\"><\/span>Thi c\u00f4ng d\u00e1n t\u01b0\u1eddng:<span class=\"ez-toc-section-end\"><\/span><\/h3>\n<ul>\n<li>\u0110\u1ed1i v\u1edbi b\u1ea3ng d\u00e0i t\u1eeb 2,4m tr\u1edf xu\u1ed1ng: d\u00e1n v\u00e0o t\u01b0\u1eddng b\u1eb1ng keo chuy\u00ean d\u1ee5ng, gi\u00fap m\u1eb7t b\u1ea3ng d\u00ednh ch\u1eb7t v\u00e0o t\u01b0\u1eddng.<\/li>\n<li>\u0110\u1ed1i v\u1edbi b\u1ea3ng d\u00e0i &gt; 2,4m d\u00e1n v\u00e0o t\u01b0\u1eddng b\u1eb1ng keo v\u00e0 c\u00f3 v\u00edt \u0111\u1ea7u b\u1ecbt inox g\u1eafn h\u1ed7 tr\u1ee3 s\u00e1t m\u00ed b\u1ea3ng, \u0111\u1ea3m b\u1ea3o m\u1ef9 quan cho s\u1ea3n ph\u1ea9m sang tr\u1ecdng.<\/li>\n<li>Ki\u1ec3m tra l\u1ea1i \u0111\u1ed9 ch\u1eafc ch\u1eafn v\u00e0 b\u00e0n giao cho kh\u00e1ch h\u00e0ng.<\/li>\n<\/ul>\n<h1><span class=\"ez-toc-section\" id=\"Muc_dich_su_dung_cua_bang_phan_dan_tuong\"><\/span><strong>M\u1ee5c \u0111\u00edch s\u1eed d\u1ee5ng c\u1ee7a b\u1ea3ng ph\u1ea5n d\u00e1n t\u01b0\u1eddng<\/strong><span class=\"ez-toc-section-end\"><\/span><\/h1>\n<ol>\n<li><strong>Ti\u1ebft ki\u1ec7m kh\u00f4ng gian<\/strong>: B\u1ea3ng ph\u1ea5n d\u00e1n t\u01b0\u1eddng kh\u00f4ng khung gi\u00fap ti\u1ebft ki\u1ec7m di\u1ec7n t\u00edch l\u1edbp h\u1ecdc, t\u1ea1o ra kh\u00f4ng gian r\u1ed9ng r\u00e3i h\u01a1n cho c\u00e1c ho\u1ea1t \u0111\u1ed9ng h\u1ecdc t\u1eadp v\u00e0 t\u01b0\u01a1ng t\u00e1c.<\/li>\n<li><strong>D\u1ec5 d\u00e0ng l\u1eafp \u0111\u1eb7t<\/strong>: V\u1edbi thi\u1ebft k\u1ebf kh\u00f4ng khung, vi\u1ec7c l\u1eafp \u0111\u1eb7t b\u1ea3ng ph\u1ea5n tr\u1edf n\u00ean \u0111\u01a1n gi\u1ea3n v\u00e0 nhanh ch\u00f3ng h\u01a1n, c\u00f3 th\u1ec3 d\u00e1n tr\u1ef1c ti\u1ebfp l\u00ean t\u01b0\u1eddng m\u00e0 kh\u00f4ng c\u1ea7n ph\u1ea3i s\u1eed d\u1ee5ng c\u00e1c khung hay gi\u00e1 \u0111\u1ee1 ph\u1ee9c t\u1ea1p.<\/li>\n<li><strong>T\u00ednh linh ho\u1ea1t<\/strong>: B\u1ea3ng ph\u1ea5n d\u00e1n t\u01b0\u1eddng c\u00f3 th\u1ec3 \u0111\u01b0\u1ee3c \u0111\u1eb7t \u1edf nhi\u1ec1u v\u1ecb tr\u00ed kh\u00e1c nhau trong l\u1edbp h\u1ecdc, cho ph\u00e9p gi\u00e1o vi\u00ean d\u1ec5 d\u00e0ng \u0111i\u1ec1u ch\u1ec9nh theo nhu c\u1ea7u gi\u1ea3ng d\u1ea1y v\u00e0 s\u1ef1 s\u1eafp x\u1ebfp c\u1ee7a l\u1edbp.<\/li>\n<li><strong>Gi\u00e1 tr\u1ecb th\u1ea9m m\u1ef9<\/strong>: Thi\u1ebft k\u1ebf kh\u00f4ng khung mang l\u1ea1i v\u1ebb hi\u1ec7n \u0111\u1ea1i v\u00e0 tinh t\u1ebf cho kh\u00f4ng gian h\u1ecdc t\u1eadp, gi\u00fap t\u1ea1o c\u1ea3m h\u1ee9ng cho h\u1ecdc sinh v\u00e0 gi\u00e1o vi\u00ean.<\/li>\n<li><strong>D\u1ec5 d\u00e0ng v\u1ec7 sinh<\/strong>: B\u1ea3ng ph\u1ea5n d\u00e1n t\u01b0\u1eddng th\u01b0\u1eddng \u0111\u01b0\u1ee3c l\u00e0m t\u1eeb v\u1eadt li\u1ec7u d\u1ec5 lau ch\u00f9i, gi\u00fap vi\u1ec7c b\u1ea3o tr\u00ec v\u00e0 v\u1ec7 sinh tr\u1edf n\u00ean thu\u1eadn ti\u1ec7n h\u01a1n.<\/li>\n<li><strong>Khuy\u1ebfn kh\u00edch s\u00e1ng t\u1ea1o<\/strong>: H\u1ecdc sinh c\u00f3 th\u1ec3 t\u1ef1 do vi\u1ebft, v\u1ebd ho\u1eb7c ghi ch\u00fa tr\u00ean b\u1ea3ng m\u00e0 kh\u00f4ng b\u1ecb gi\u1edbi h\u1ea1n b\u1edfi khung, khuy\u1ebfn kh\u00edch s\u1ef1 s\u00e1ng t\u1ea1o v\u00e0 th\u1ec3 hi\u1ec7n \u00fd t\u01b0\u1edfng c\u00e1 nh\u00e2n.<\/li>\n<\/ol>\n<h1><span class=\"ez-toc-section\" id=\"Bao_hanh\"><\/span><strong>B\u1ea3o h\u00e0nh<\/strong><span class=\"ez-toc-section-end\"><\/span><\/h1>\n<p><span style=\"font-family: arial, helvetica, sans-serif;\">+ Th\u1eddi gian b\u1ea3o h\u00e0nh t\u1eeb 12 \u2013 36 th\u00e1ng do l\u1ed7i c\u1ee7a nh\u00e0 s\u1ea3n xu\u1ea5t.<\/span><br \/>\n<span style=\"font-family: arial, helvetica, sans-serif;\">+ Qu\u00fd kh\u00e1ch h\u00e0ng gi\u1eef l\u1ea1i Gi\u1ea5y giao h\u00e0ng v\u00e0 g\u1ecdi cho s\u1ed1 Hotline <span style=\"color: #0000ff;\"><strong>0938 623 068<\/strong><\/span> ho\u1eb7c kinh doanh tr\u00ean gi\u1ea5y giao h\u00e0ng\/ tr\u00ean website n\u00e0y \u0111\u1ec3 \u0111\u01b0\u1ee3c h\u1ed7 tr\u1ee3 !<\/span><\/p>\n<p><img decoding=\"async\" src=\"https:\/\/bangvietbavico.edu.vn\/wp-content\/uploads\/2024\/10\/XE-TAI.png\" \/><\/p>\n<h1><span class=\"ez-toc-section\" id=\"Li_do_nen_mua_san_pham_cua_Bang_viet_Bavico\"><\/span><strong>L\u00ed do n\u00ean mua s\u1ea3n ph\u1ea9m c\u1ee7a B\u1ea3ng vi\u1ebft Bavico<\/strong><span class=\"ez-toc-section-end\"><\/span><\/h1>\n<ul>\n<li><span style=\"font-family: arial, helvetica, sans-serif;\">B\u1ea3ng vi\u1ebft BAVICO l\u00e0 th\u01b0\u01a1ng hi\u1ec7u uy t\u00edn trong l\u0129nh v\u1ef1c s\u1ea3n xu\u1ea5t b\u1ea3ng v\u1edbi h\u01a1n 22 n\u0103m kinh nghi\u1ec7m (Th\u00e0nh l\u1eadp t\u1eeb n\u0103m 2003 v\u00e0 ch\u1ec9 s\u1ea3n xu\u1ea5t, kinh doanh b\u1ea3ng)<\/span><\/li>\n<li><span style=\"font-family: arial, helvetica, sans-serif;\">Doanh nghi\u1ec7p \u0111\u1ea7u ti\u00ean trong ng\u00e0nh \u0111\u01b0a b\u1ea3ng t\u1eeb v\u1ec1 Vi\u1ec7t Nam v\u00e0 t\u01b0 v\u1ea5n thay th\u1ebf b\u1ea3ng t\u1eeb trong tr\u01b0\u1eddng h\u1ecdc cho B\u1ed9 Gi\u00e1o d\u1ee5c v\u00e0 \u0110\u00e0o t\u1ea1o.<\/span><\/li>\n<li><span style=\"font-family: arial, helvetica, sans-serif;\">C\u00f3 ch\u1ee9ng nh\u1eadn nh\u1eadp kh\u1ea9u h\u00e0ng h\u00f3a theo \u0111\u00fang quy \u0111\u1ecbnh (CO \u2013 CQ).<\/span><\/li>\n<li><span style=\"font-family: arial, helvetica, sans-serif;\">\u0110\u1ed1i t\u00e1c ngu\u1ed3n nguy\u00ean li\u1ec7u ch\u00ednh (m\u1eb7t b\u1ea3ng) uy t\u00edn tr\u00ean to\u00e0n c\u1ea7u: Polyvion cho b\u1ec1 m\u1eb7t Ceramic v\u00e0 DK Dongshin (1 trong 3 nh\u00e0 m\u00e1y th\u00e9p l\u1edbn nh\u1ea5t H\u00e0n Qu\u1ed1c) cho b\u1ec1 m\u1eb7t th\u00e9p ph\u1ee7 s\u01a1n.<\/span><\/li>\n<li><span style=\"font-family: arial, helvetica, sans-serif;\">BAVICO t\u1ef1 h\u00e0o C\u00f4ng ty s\u1ea3n xu\u1ea5t v\u00e0 c\u1ea5p cung s\u1ea3n ph\u1ea9m tr\u1ef1c ti\u1ebfp\u00a0 \u2013 \u0110\u1ea3m b\u1ea3o s\u1ea3n ph\u1ea9m ch\u00ednh h\u00e3ng 100%.<\/span><\/li>\n<li><span style=\"font-family: arial, helvetica, sans-serif;\">B\u1ea3ng vi\u1ebft BAVICO \u0111\u00e3 ph\u1ee5c v\u1ee5 r\u1ea5t nhi\u1ec1u kh\u00e1ch h\u00e0ng l\u1edbn v\u1edbi y\u00eau c\u1ea7u kh\u1eaft khe v\u1ec1 ch\u1ea5t l\u01b0\u1ee3ng nh\u01b0: T\u1eadp \u0111o\u00e0n Samsung, Viettel, C\u00e1c Tr\u01b0\u1eddng Qu\u1ed1c T\u1ebf \u00c1 Ch\u00e2u, M\u1ef9, Ph\u00e1p, Nh\u1eadt,\u2026<\/span><\/li>\n<li><span style=\"font-family: arial, helvetica, sans-serif;\">S\u1ea3n ph\u1ea9m \u0111a d\u1ea1ng v\u1edbi nhi\u1ec1u s\u1ef1 l\u1ef1a ch\u1ecdn, thi\u1ebft k\u1ebf v\u00e0 s\u1ea3n xu\u1ea5t theo y\u00eau c\u1ea7u kh\u00e1ch h\u00e0ng.<\/span><\/li>\n<li><span style=\"font-family: arial, helvetica, sans-serif;\">Ch\u00ednh s\u00e1ch b\u1ea3o h\u00e0nh t\u1eeb 12 th\u00e1ng \u2013 36 th\u00e1ng gi\u00fap kh\u00e1ch h\u00e0ng y\u00ean t\u00e2m khi mua h\u00e0ng.<\/span><\/li>\n<\/ul>\n<h2><span class=\"ez-toc-section\" id=\"%3E%3E%3E_Moi_Quy_khach_hang_click_tham_khao_cac_loai_Bang_viet_phan_khac\"><\/span><span style=\"font-family: arial, helvetica, sans-serif; color: #800080;\"><a style=\"color: #800080;\" href=\"https:\/\/bangvietbavicoboard.com\/en\/product-category\/bang-viet-phan\/\"><em>&gt;&gt;&gt; M\u1eddi Qu\u00fd kh\u00e1ch h\u00e0ng click tham kh\u1ea3o c\u00e1c lo\u1ea1i B\u1ea3ng vi\u1ebft ph\u1ea5n kh\u00e1c<\/em><\/a><\/span><span class=\"ez-toc-section-end\"><\/span><\/h2>\n<p>&nbsp;<\/p>","protected":false},"excerpt":{"rendered":"<p><strong>B\u1ea3ng ph\u1ea5n d\u00e1n t\u01b0\u1eddng<\/strong> l\u00e0 m\u1ed9t gi\u1ea3i ph\u00e1p gi\u1ea3ng d\u1ea1y v\u00e0 h\u1ecdc t\u1eadp hi\u1ec7n \u0111\u1ea1i, gi\u00fap ti\u1ebft ki\u1ec7m di\u1ec7n t\u00edch v\u00e0 t\u1ea1o ra kh\u00f4ng gian r\u1ed9ng r\u00e3i h\u01a1n cho c\u00e1c ho\u1ea1t \u0111\u1ed9ng h\u1ecdc t\u1eadp.<\/p>\n<p>Gi\u00e1 \u00e1p d\u1ee5ng t\u1ea1i H\u00f3c M\u00f4n, C\u1ee7 Chi v\u00e0 khu v\u1ef1c n\u1ed9i th\u00e0nh TPHCM (Q1,2,3,4,5,6,7,8,9,10,11,12,T\u00e2n B\u00ecnh, B\u00ecnh T\u00e2n, T\u00e2n Ph\u00fa, Ph\u00fa Nhu\u1eadn, B\u00ecnh Th\u1ea1nh, G\u00f2 V\u1ea5p)<br \/>\nMI\u1ec4N PH\u00cd giao h\u00e0ng &amp;\u00a0 l\u1eafp \u0111\u1eb7t<\/p>","protected":false},"featured_media":9155,"comment_status":"open","ping_status":"closed","template":"","meta":{"_acf_changed":false},"product_brand":[],"product_cat":[521],"product_tag":[],"class_list":{"0":"post-9149","1":"product","2":"type-product","3":"status-publish","4":"has-post-thumbnail","6":"product_cat-bang-viet-phan","8":"first","9":"instock","10":"shipping-taxable","11":"purchasable","12":"product-type-variable"},"acf":[],"_links":{"self":[{"href":"https:\/\/bangvietbavicoboard.com\/en\/wp-json\/wp\/v2\/product\/9149","targetHints":{"allow":["GET"]}}],"collection":[{"href":"https:\/\/bangvietbavicoboard.com\/en\/wp-json\/wp\/v2\/product"}],"about":[{"href":"https:\/\/bangvietbavicoboard.com\/en\/wp-json\/wp\/v2\/types\/product"}],"replies":[{"embeddable":true,"href":"https:\/\/bangvietbavicoboard.com\/en\/wp-json\/wp\/v2\/comments?post=9149"}],"wp:featuredmedia":[{"embeddable":true,"href":"https:\/\/bangvietbavicoboard.com\/en\/wp-json\/wp\/v2\/media\/9155"}],"wp:attachment":[{"href":"https:\/\/bangvietbavicoboard.com\/en\/wp-json\/wp\/v2\/media?parent=9149"}],"wp:term":[{"taxonomy":"product_brand","embeddable":true,"href":"https:\/\/bangvietbavicoboard.com\/en\/wp-json\/wp\/v2\/product_brand?post=9149"},{"taxonomy":"product_cat","embeddable":true,"href":"https:\/\/bangvietbavicoboard.com\/en\/wp-json\/wp\/v2\/product_cat?post=9149"},{"taxonomy":"product_tag","embeddable":true,"href":"https:\/\/bangvietbavicoboard.com\/en\/wp-json\/wp\/v2\/product_tag?post=9149"}],"curies":[{"name":"wp","href":"https:\/\/api.w.org\/{rel}","templated":true}]}}