{"id":9089,"date":"2024-11-20T03:08:28","date_gmt":"2024-11-20T03:08:28","guid":{"rendered":"https:\/\/bangvietbavicoboard.com\/?post_type=product&#038;p=9089"},"modified":"2025-03-31T02:41:37","modified_gmt":"2025-03-31T02:41:37","slug":"bang-di-dong-mat-bang-co-tu-greenlam-viet-but-long-cao-cap","status":"publish","type":"product","link":"https:\/\/bangvietbavicoboard.com\/en\/product\/bang-di-dong-mat-bang-co-tu-greenlam-viet-but-long-cao-cap\/","title":{"rendered":"B\u1ea3ng di \u0111\u1ed9ng m\u1eb7t b\u1ea3ng c\u00f3 t\u1eeb Greenlam vi\u1ebft b\u00fat l\u00f4ng cao c\u1ea5p"},"content":{"rendered":"<p><strong>B\u1ea3ng di \u0111\u1ed9ng m\u1eb7t b\u1ea3ng c\u00f3 t\u1eeb Greenlam vi\u1ebft b\u00fat l\u00f4ng cao c\u1ea5p <\/strong>\u0111\u01b0\u1ee3c l\u00e0m t\u1eeb ch\u1ea5t li\u1ec7u Greenlam nh\u1eadp kh\u1ea9u tr\u1ef1c ti\u1ebfp t\u1eeb \u1ea4n \u0110\u1ed9, \u0111\u00e2y l\u00e0 s\u1ea3n ph\u1ea9m m\u1edbi \u0111\u01b0\u1ee3c c\u1ea3i ti\u1ebfn c\u1ee7a BAVICO.<\/p>\n<p>M\u1eb7t\u00a0b\u1ea3ng\u00a0c\u00f3 m\u00e0u tr\u1eafng tinh,\u00a0 vi\u1ebft d\u1ec5 x\u00f3a, kh\u00f4ng lem, m\u1eb7t sau l\u00e0 v\u00e1n MDF v\u00e2n g\u1ed7 \u0111\u1eb9p &amp; vi\u1ebft kh\u00f4ng b\u1ecb rung, b\u1ed1n g\u00f3c c\u00f3 co nh\u1ef1a h\u00e0i h\u00f2a. B\u1ea3ng c\u00f3 ch\u00e2n g\u1eafn 4 b\u00e1nh xe Taiwan c\u00f3 g\u00e0i di chuy\u1ec3n v\u00e0 c\u1ed1 \u0111\u1ecbnh d\u1ec5 d\u00e0ng.\u00a0<strong>\u0110\u1eb7c bi\u1ec7t b\u1ea3ng c\u00f3 t\u1eeb t\u00ednh s\u1eed d\u1ee5ng \u0111\u01b0\u1ee3c nam ch\u00e2m<\/strong>.<\/p>\n<figure id=\"attachment_9090\" aria-describedby=\"caption-attachment-9090\" style=\"width: 1800px\" class=\"wp-caption alignnone\"><img loading=\"lazy\" decoding=\"async\" class=\"wp-image-9090 size-full\" src=\"https:\/\/bangvietbavicoboard.com\/wp-content\/uploads\/2024\/11\/bang-di-dong-1-mat-but-long-laminate-120x80-1.png\" alt=\"bang-di-dong-1-mat-tu-viet-but-long-cao-cap-laminate\" width=\"1800\" height=\"1350\" srcset=\"https:\/\/bangvietbavicoboard.com\/wp-content\/uploads\/2024\/11\/bang-di-dong-1-mat-but-long-laminate-120x80-1.png 1800w, https:\/\/bangvietbavicoboard.com\/wp-content\/uploads\/2024\/11\/bang-di-dong-1-mat-but-long-laminate-120x80-1-533x400.png 533w, https:\/\/bangvietbavicoboard.com\/wp-content\/uploads\/2024\/11\/bang-di-dong-1-mat-but-long-laminate-120x80-1-1067x800.png 1067w, https:\/\/bangvietbavicoboard.com\/wp-content\/uploads\/2024\/11\/bang-di-dong-1-mat-but-long-laminate-120x80-1-768x576.png 768w, https:\/\/bangvietbavicoboard.com\/wp-content\/uploads\/2024\/11\/bang-di-dong-1-mat-but-long-laminate-120x80-1-1536x1152.png 1536w, https:\/\/bangvietbavicoboard.com\/wp-content\/uploads\/2024\/11\/bang-di-dong-1-mat-but-long-laminate-120x80-1-16x12.png 16w, https:\/\/bangvietbavicoboard.com\/wp-content\/uploads\/2024\/11\/bang-di-dong-1-mat-but-long-laminate-120x80-1-300x225.png 300w, https:\/\/bangvietbavicoboard.com\/wp-content\/uploads\/2024\/11\/bang-di-dong-1-mat-but-long-laminate-120x80-1-600x450.png 600w\" sizes=\"auto, (max-width: 1800px) 100vw, 1800px\" \/><figcaption id=\"caption-attachment-9090\" class=\"wp-caption-text\"><em><strong>B\u1ea3ng di \u0111\u1ed9ng m\u1eb7t b\u1ea3ng c\u00f3 t\u1eeb Greenlam vi\u1ebft b\u00fat l\u00f4ng cao c\u1ea5p<\/strong><\/em><\/figcaption><\/figure>\n<p><strong>B\u1ea3ng di \u0111\u1ed9ng m\u1eb7t b\u1ea3ng c\u00f3 t\u1eeb Greenlam vi\u1ebft b\u00fat l\u00f4ng cao c\u1ea5p<\/strong> c\u00f3 c\u1ea5u t\u1ea1o nh\u01b0 sau:<\/p>\n<p>1. M\u1eb7t b\u1ea3ng t\u1eeb tr\u1eafng ch\u1ea5t li\u1ec7u b\u1eb1ng t\u1ea5m laminate cao c\u1ea5p c\u1ee7a \u1ea4n \u0110\u1ed9 k\u1ebft h\u1ee3p t\u1ea5m th\u00e9p t\u1eeb b\u00ean d\u01b0\u1edbi t\u1ea1o n\u00ean s\u1ea3n ph\u1ea9m \u01b0u \u0111i\u1ec3m n\u1ed5i tr\u1ed9i c\u1ee7a s\u1ea3n ph\u1ea9m: vi\u1ebft lau d\u1ec5 d\u00e0ng, kh\u1eafc ph\u1ee5c nh\u01b0\u1ee3c \u0111i\u1ec3m b\u1ea3ng t\u1eeb H\u00e0n Qu\u1ed1c l\u00e0 ch\u1ed1ng tr\u1ea7y, tr\u1eafng tr\u01a1n ho\u1eb7c k\u1ebb \u00f4 ly ch\u00ecm theo y\u00eau c\u1ea7u, \u0111\u00ednh nam ch\u00e2m \u0111\u01b0\u1ee3c.<\/p>\n<p>2. T\u1ea5m l\u00f3t b\u1ea3ng: b\u1eb1ng v\u00e1n MDF Th\u00e1i Lan \u00e9p gi\u1ea5y v\u00e2n g\u1ed7 ch\u1ed1ng \u1ea9m 4 li nh\u1eb9 nh\u00e0ng nh\u01b0ng ph\u1eb3ng v\u00e0 ch\u1eafc ch\u1eafn.<\/p>\n<p>3. Khung b\u1ea3ng: b\u1eb1ng nh\u00f4m chuy\u00ean d\u1ee5ng tr\u1eafng s\u00e1ng.<\/p>\n<p>4. Co g\u00f3c b\u1ea3ng: l\u00e0m b\u1eb1ng nh\u1ef1a m\u00e0u tr\u1eafng h\u00e0i ho\u00e0 v\u1edbi khung v\u00e0 b\u1ea3ng.<\/p>\n<p>5. Ch\u00e2n b\u1ea3ng: b\u1eb1ng s\u1eaft k\u1ebdm ch\u1ed1t r\u1ec9 2x4cm, s\u01a1n t\u0129nh \u0111i\u1ec7n m\u00e0u tr\u1eafng ch\u1ed1ng tr\u1ea7y. Ch\u00e2n b\u1ea3ng c\u00f3 g\u1eafn 4 b\u00e1nh xe Taiwan c\u00f3 g\u00e0i di chuy\u1ec3n v\u00e0 c\u1ed1 \u0111\u1ecbnh d\u1ec5 d\u00e0ng.<\/p>\n<p>6. B\u1ea3o h\u00e0nh m\u1eb7t b\u1ea3ng: 12 th\u00e1ng, \u0111\u1ed9 b\u1ec1n tr\u00ean 10 n\u0103m.<\/p>\n<p><img loading=\"lazy\" decoding=\"async\" class=\"wp-image-9103 size-full\" src=\"https:\/\/bangvietbavicoboard.com\/wp-content\/uploads\/2024\/11\/bang-di-dong-LAMINATE-120x80-2.png\" alt=\"bang-di-dong-1-mat-tu-viet-but-long-cao-cap-laminate\" width=\"1800\" height=\"1350\" srcset=\"https:\/\/bangvietbavicoboard.com\/wp-content\/uploads\/2024\/11\/bang-di-dong-LAMINATE-120x80-2.png 1800w, https:\/\/bangvietbavicoboard.com\/wp-content\/uploads\/2024\/11\/bang-di-dong-LAMINATE-120x80-2-533x400.png 533w, https:\/\/bangvietbavicoboard.com\/wp-content\/uploads\/2024\/11\/bang-di-dong-LAMINATE-120x80-2-1067x800.png 1067w, https:\/\/bangvietbavicoboard.com\/wp-content\/uploads\/2024\/11\/bang-di-dong-LAMINATE-120x80-2-768x576.png 768w, https:\/\/bangvietbavicoboard.com\/wp-content\/uploads\/2024\/11\/bang-di-dong-LAMINATE-120x80-2-1536x1152.png 1536w, https:\/\/bangvietbavicoboard.com\/wp-content\/uploads\/2024\/11\/bang-di-dong-LAMINATE-120x80-2-16x12.png 16w, https:\/\/bangvietbavicoboard.com\/wp-content\/uploads\/2024\/11\/bang-di-dong-LAMINATE-120x80-2-300x225.png 300w, https:\/\/bangvietbavicoboard.com\/wp-content\/uploads\/2024\/11\/bang-di-dong-LAMINATE-120x80-2-600x450.png 600w\" sizes=\"auto, (max-width: 1800px) 100vw, 1800px\" \/><\/p>\n<h3 style=\"text-align: center;\"><span class=\"ez-toc-section\" id=\"GIAY_CHUNG_NHAN_CO_%E2%80%93_CQ_NHAP_KHAU_MAT_BANG\"><\/span><span style=\"color: #0000ff;\"><strong>GI\u1ea4Y CH\u1ee8NG NH\u1eacN CO \u2013 CQ NH\u1eacP KH\u1ea8U M\u1eb6T B\u1ea2NG<\/strong><\/span><span class=\"ez-toc-section-end\"><\/span><\/h3>\n<table>\n<tbody>\n<tr>\n<td><img loading=\"lazy\" decoding=\"async\" class=\"aligncenter size-full wp-image-11241\" src=\"https:\/\/bangvietbavico.edu.vn\/wp-content\/uploads\/2022\/12\/CO-CQ-AN-2023-2.jpg\" sizes=\"auto, (max-width: 1200px) 100vw, 1200px\" srcset=\"https:\/\/bangvietbavico.edu.vn\/wp-content\/uploads\/2022\/12\/CO-CQ-AN-2023-2.jpg 1200w, https:\/\/bangvietbavico.edu.vn\/wp-content\/uploads\/2022\/12\/CO-CQ-AN-2023-2-300x300.jpg 300w, https:\/\/bangvietbavico.edu.vn\/wp-content\/uploads\/2022\/12\/CO-CQ-AN-2023-2-1024x1024.jpg 1024w, https:\/\/bangvietbavico.edu.vn\/wp-content\/uploads\/2022\/12\/CO-CQ-AN-2023-2-150x150.jpg 150w, https:\/\/bangvietbavico.edu.vn\/wp-content\/uploads\/2022\/12\/CO-CQ-AN-2023-2-768x768.jpg 768w, https:\/\/bangvietbavico.edu.vn\/wp-content\/uploads\/2022\/12\/CO-CQ-AN-2023-2-180x180.jpg 180w, https:\/\/bangvietbavico.edu.vn\/wp-content\/uploads\/2022\/12\/CO-CQ-AN-2023-2-600x600.jpg 600w\" alt=\"\" width=\"1200\" height=\"1200\" \/><\/td>\n<td><img loading=\"lazy\" decoding=\"async\" class=\"aligncenter size-full wp-image-11240\" src=\"https:\/\/bangvietbavico.edu.vn\/wp-content\/uploads\/2022\/12\/CO-CQ-AN-2023-1.jpg\" sizes=\"auto, (max-width: 1200px) 100vw, 1200px\" srcset=\"https:\/\/bangvietbavico.edu.vn\/wp-content\/uploads\/2022\/12\/CO-CQ-AN-2023-1.jpg 1200w, https:\/\/bangvietbavico.edu.vn\/wp-content\/uploads\/2022\/12\/CO-CQ-AN-2023-1-300x300.jpg 300w, https:\/\/bangvietbavico.edu.vn\/wp-content\/uploads\/2022\/12\/CO-CQ-AN-2023-1-1024x1024.jpg 1024w, https:\/\/bangvietbavico.edu.vn\/wp-content\/uploads\/2022\/12\/CO-CQ-AN-2023-1-150x150.jpg 150w, https:\/\/bangvietbavico.edu.vn\/wp-content\/uploads\/2022\/12\/CO-CQ-AN-2023-1-768x768.jpg 768w, https:\/\/bangvietbavico.edu.vn\/wp-content\/uploads\/2022\/12\/CO-CQ-AN-2023-1-180x180.jpg 180w, https:\/\/bangvietbavico.edu.vn\/wp-content\/uploads\/2022\/12\/CO-CQ-AN-2023-1-600x600.jpg 600w\" alt=\"\" width=\"1200\" height=\"1200\" \/><\/td>\n<\/tr>\n<\/tbody>\n<\/table>\n<h2><span class=\"ez-toc-section\" id=\"VIDEO_MAT_BANG_TU_VIET_BUT_LONG_CAO_CAP_GREENLAM\"><\/span><strong>VIDEO M\u1eb6T B\u1ea2NG T\u1eea VI\u1ebeT B\u00daT L\u00d4NG CAO C\u1ea4P GREENLAM<\/strong><span class=\"ez-toc-section-end\"><\/span><\/h2>\n<p><iframe loading=\"lazy\" title=\"B\u1ea3ng flipchart vi\u1ebft b\u00fat l\u00f4ng t\u1eeb laminate ch\u1ed1ng tr\u1ea7y\" width=\"1020\" height=\"574\" src=\"https:\/\/www.youtube.com\/embed\/Lt_QMqqBEVk?start=1&#038;feature=oembed\" frameborder=\"0\" allow=\"accelerometer; autoplay; clipboard-write; encrypted-media; gyroscope; picture-in-picture; web-share\" referrerpolicy=\"strict-origin-when-cross-origin\" allowfullscreen><\/iframe><\/p>\n<h1><span class=\"ez-toc-section\" id=\"Bao_hanh\"><\/span><strong>B\u1ea3o h\u00e0nh<\/strong><span class=\"ez-toc-section-end\"><\/span><\/h1>\n<p>+ Th\u1eddi gian b\u1ea3o h\u00e0nh t\u1eeb 12 th\u00e1ng do l\u1ed7i c\u1ee7a nh\u00e0 s\u1ea3n xu\u1ea5t.<br \/>\n+ Qu\u00fd kh\u00e1ch h\u00e0ng gi\u1eef l\u1ea1i Gi\u1ea5y giao h\u00e0ng v\u00e0 g\u1ecdi cho s\u1ed1 Hotline <span style=\"color: #0000ff;\"><strong>0938 623 068<\/strong><\/span> ho\u1eb7c kinh doanh tr\u00ean gi\u1ea5y giao h\u00e0ng\/ tr\u00ean website n\u00e0y \u0111\u1ec3 \u0111\u01b0\u1ee3c h\u1ed7 tr\u1ee3 !<\/p>\n<p><img decoding=\"async\" src=\"https:\/\/bangvietbavico.edu.vn\/wp-content\/uploads\/2024\/10\/XE-TAI.png\" \/><\/p>\n<h1><span class=\"ez-toc-section\" id=\"Li_do_nen_mua_san_pham_cua_Bang_viet_Bavico\"><\/span><strong>L\u00ed do n\u00ean mua s\u1ea3n ph\u1ea9m c\u1ee7a B\u1ea3ng vi\u1ebft Bavico<\/strong><span class=\"ez-toc-section-end\"><\/span><\/h1>\n<ul>\n<li><span style=\"font-family: arial, helvetica, sans-serif;\">B\u1ea3ng vi\u1ebft BAVICO l\u00e0 th\u01b0\u01a1ng hi\u1ec7u uy t\u00edn trong l\u0129nh v\u1ef1c s\u1ea3n xu\u1ea5t b\u1ea3ng v\u1edbi h\u01a1n 22 n\u0103m kinh nghi\u1ec7m (Th\u00e0nh l\u1eadp t\u1eeb n\u0103m 2003 v\u00e0 ch\u1ec9 s\u1ea3n xu\u1ea5t, kinh doanh b\u1ea3ng)<\/span><\/li>\n<li><span style=\"font-family: arial, helvetica, sans-serif;\">Doanh nghi\u1ec7p \u0111\u1ea7u ti\u00ean trong ng\u00e0nh \u0111\u01b0a b\u1ea3ng t\u1eeb v\u1ec1 Vi\u1ec7t Nam v\u00e0 t\u01b0 v\u1ea5n thay th\u1ebf b\u1ea3ng t\u1eeb trong tr\u01b0\u1eddng h\u1ecdc cho B\u1ed9 Gi\u00e1o d\u1ee5c v\u00e0 \u0110\u00e0o t\u1ea1o.<\/span><\/li>\n<li><span style=\"font-family: arial, helvetica, sans-serif;\">C\u00f3 ch\u1ee9ng nh\u1eadn nh\u1eadp kh\u1ea9u h\u00e0ng h\u00f3a theo \u0111\u00fang quy \u0111\u1ecbnh (CO \u2013 CQ).<\/span><\/li>\n<li><span style=\"font-family: arial, helvetica, sans-serif;\">\u0110\u1ed1i t\u00e1c ngu\u1ed3n nguy\u00ean li\u1ec7u ch\u00ednh (m\u1eb7t b\u1ea3ng) uy t\u00edn tr\u00ean to\u00e0n c\u1ea7u: Polyvion cho b\u1ec1 m\u1eb7t Ceramic v\u00e0 Dongshin (1 trong 3 nh\u00e0 m\u00e1y th\u00e9p l\u1edbn nh\u1ea5t H\u00e0n Qu\u1ed1c) cho b\u1ec1 m\u1eb7t th\u00e9p ph\u1ee7 s\u01a1n.<\/span><\/li>\n<li><span style=\"font-family: arial, helvetica, sans-serif;\">BAVICO t\u1ef1 h\u00e0o C\u00f4ng ty s\u1ea3n xu\u1ea5t v\u00e0 c\u1ea5p cung s\u1ea3n ph\u1ea9m tr\u1ef1c ti\u1ebfp\u00a0 \u2013 \u0110\u1ea3m b\u1ea3o s\u1ea3n ph\u1ea9m ch\u00ednh h\u00e3ng 100%.<\/span><\/li>\n<li><span style=\"font-family: arial, helvetica, sans-serif;\">B\u1ea3ng vi\u1ebft BAVICO \u0111\u00e3 ph\u1ee5c v\u1ee5 r\u1ea5t nhi\u1ec1u kh\u00e1ch h\u00e0ng l\u1edbn v\u1edbi y\u00eau c\u1ea7u kh\u1eaft khe v\u1ec1 ch\u1ea5t l\u01b0\u1ee3ng nh\u01b0: T\u1eadp \u0111o\u00e0n Samsung, Viettel, C\u00e1c Tr\u01b0\u1eddng Qu\u1ed1c T\u1ebf \u00c1 Ch\u00e2u, M\u1ef9, Ph\u00e1p, Nh\u1eadt,\u2026<\/span><\/li>\n<li><span style=\"font-family: arial, helvetica, sans-serif;\">S\u1ea3n ph\u1ea9m \u0111a d\u1ea1ng v\u1edbi nhi\u1ec1u s\u1ef1 l\u1ef1a ch\u1ecdn, thi\u1ebft k\u1ebf v\u00e0 s\u1ea3n xu\u1ea5t theo y\u00eau c\u1ea7u kh\u00e1ch h\u00e0ng.<\/span><\/li>\n<li><span style=\"font-family: arial, helvetica, sans-serif;\">Ch\u00ednh s\u00e1ch b\u1ea3o h\u00e0nh t\u1eeb 12 th\u00e1ng \u2013 36 th\u00e1ng gi\u00fap kh\u00e1ch h\u00e0ng y\u00ean t\u00e2m khi mua h\u00e0ng.<\/span><\/li>\n<\/ul>\n<p>&nbsp;<\/p>\n<h2><span class=\"ez-toc-section\" id=\"CONG_TY_TNHH_THIET_BI_GIAO_DUC_BAVICO\"><\/span><a href=\"https:\/\/bangvietbavicoboard.com\/en\/\"><strong>EQUIPMENT CO., EDUCATION BAVICO<\/strong><\/a><span class=\"ez-toc-section-end\"><\/span><\/h2>\n<p><a href=\"https:\/\/www.google.com\/maps\/place\/C%C3%B4ng+Ty+TNHH+Thi%E1%BA%BFt+B%E1%BB%8B+Gi%C3%A1o+D%E1%BB%A5c+BAVICO\/@10.8422711,106.6244102,17z\/data=!3m1!4b1!4m5!3m4!1s0x31752a2a33796a47:0x1e4c184654bd6967!8m2!3d10.8422658!4d106.6265989?hl=vi-VN\" target=\"_blank\" rel=\"noopener\"><strong>Tr\u1ee5 s\u1edf ch\u00ednh: S\u1ed1 26 \u2013 28 \u0110\u01b0\u1eddng DD11 Khu bi\u1ec7t th\u1ef1 An S\u01b0\u01a1ng, Ph\u01b0\u1eddng T\u00e2n H\u01b0ng Thu\u1eadn, Qu\u1eadn 12, Th\u00e0nh ph\u1ed1 H\u1ed3 Ch\u00ed Minh, Vi\u1ec7t Nam.<\/strong><\/a><\/p>\n<p><a href=\"https:\/\/www.google.com\/maps\/place\/NH%C3%80+M%C3%81Y+B%E1%BA%A2NG+VI%E1%BA%BET+BAVICO\/data=!4m2!3m1!1s0x3174d54b4766c1e1:0x5e7544f8d3754cf8?hl=vi&amp;trk=https%3A%2F%2Fnotifications.google.com%2Fg%2Fp%2FANiao5qxS1Nm-jYR1J2xq7eGKk7sVofQFkONHZn7ZY1zjo26fUdiIedC5c2mAakkpMKjxMsTnB9fPMAbD18GWiRfE5-oXEHRGqQhobyjs_Hj9u2xUtrFgqGeo2BwkZvvFFFONLfFq-_lNqqzAQIbZ-Py-_UWpcdoJrNPOobHtX1hJYMPfYf7R5DJXHySX2mo-h0Loz8brWxA1Hr1nhML\" target=\"_blank\" rel=\"noopener\"><strong>Nh\u00e0 m\u00e1y s\u1ea3n xu\u1ea5t: S\u1ed1 7\/7 \u0111\u01b0\u1eddng s\u1ed1 65, H\u1ed3 V\u0103n T\u1eafng, \u1ea4p X\u00f3m \u0110\u1ed3ng, X\u00e3 T\u00e2n Ph\u00fa Trung, Huy\u1ec7n C\u1ee7 Chi, Th\u00e0nh Ph\u1ed1 H\u1ed3 Ch\u00ed Minh, Vi\u1ec7t Nam.<\/strong><\/a><\/p>\n<p><strong>MST: 0303030028 \u2013 Ng\u00e0y th\u00e0nh l\u1eadp c\u00f4ng ty: 01\/09\/2003<\/strong><\/p>\n<div data-original-attrs=\"{&quot;style&quot;:&quot;&quot;}\">\u0110\u1ec3 bi\u1ebft th\u00eam chi ti\u1ebft xin vui l\u00f2ng li\u00ean h\u1ec7:<\/div>\n<div>TEL:\u00a0<span style=\"color: #783f04;\" data-keep-original-tag=\"false\" data-original-attrs=\"{&quot;style&quot;:&quot;&quot;}\">0938 623 068 (Viber\/Zalo)<\/span><\/div>\n<div>Email:\u00a0<span style=\"color: #274e13;\" data-keep-original-tag=\"false\" data-original-attrs=\"{&quot;style&quot;:&quot;&quot;}\">csns01@bangvietbavico.vn<\/span><\/div>\n<h2><span class=\"ez-toc-section\" id=\"%3E%3E%3E_Moi_Quy_khach_hang_click_tham_khao_cac_loai_Bang_viet_but_long_khac\"><\/span><span style=\"color: #800080;\"><a style=\"color: #800080;\" href=\"https:\/\/bangvietbavicoboard.com\/en\/product-category\/bang-viet-but-long\/\"><em>&gt;&gt;&gt; M\u1eddi Qu\u00fd kh\u00e1ch h\u00e0ng click tham kh\u1ea3o c\u00e1c lo\u1ea1i B\u1ea3ng vi\u1ebft b\u00fat l\u00f4ng kh\u00e1c<\/em><\/a><\/span><span class=\"ez-toc-section-end\"><\/span><\/h2>\n<p>&nbsp;<\/p>\n<h2><\/h2>\n<p>&nbsp;<\/p>","protected":false},"excerpt":{"rendered":"<p><strong>B\u1ea3ng di \u0111\u1ed9ng 1 m\u1eb7t t\u1eeb vi\u1ebft b\u00fat l\u00f4ng cao c\u1ea5p Laminate <\/strong>BAVICO\u00a0nh\u1eadp kh\u1ea9u tr\u1ef1c ti\u1ebfp t\u1eeb \u1ea4n \u0110\u1ed9, s\u1ea3n ph\u1ea9m \u0111\u01b0\u1ee3c s\u1eed d\u1ee5ng ph\u1ed5 bi\u1ebfn trong kh\u00f4ng gian v\u0103n ph\u00f2ng v\u00e0 \u0111\u00e0o t\u1ea1o.<\/p>\n<p>Gi\u00e1 \u00e1p d\u1ee5ng t\u1ea1i H\u00f3c M\u00f4n, C\u1ee7 Chi v\u00e0 khu v\u1ef1c n\u1ed9i th\u00e0nh TPHCM (Q1,2,3,4,5,6,7,8,9,10,11,12,T\u00e2n B\u00ecnh, B\u00ecnh T\u00e2n, T\u00e2n Ph\u00fa, Ph\u00fa Nhu\u1eadn, B\u00ecnh Th\u1ea1nh, G\u00f2 V\u1ea5p)<br \/>\nMI\u1ec4N PH\u00cd giao h\u00e0ng &amp;\u00a0 l\u1eafp \u0111\u1eb7t<\/p>","protected":false},"featured_media":9091,"comment_status":"open","ping_status":"closed","template":"","meta":{"_acf_changed":false},"product_brand":[],"product_cat":[491],"product_tag":[],"class_list":{"0":"post-9089","1":"product","2":"type-product","3":"status-publish","4":"has-post-thumbnail","6":"product_cat-bang-di-dong-co-chan","8":"first","9":"instock","10":"shipping-taxable","11":"purchasable","12":"product-type-variable"},"acf":[],"_links":{"self":[{"href":"https:\/\/bangvietbavicoboard.com\/en\/wp-json\/wp\/v2\/product\/9089","targetHints":{"allow":["GET"]}}],"collection":[{"href":"https:\/\/bangvietbavicoboard.com\/en\/wp-json\/wp\/v2\/product"}],"about":[{"href":"https:\/\/bangvietbavicoboard.com\/en\/wp-json\/wp\/v2\/types\/product"}],"replies":[{"embeddable":true,"href":"https:\/\/bangvietbavicoboard.com\/en\/wp-json\/wp\/v2\/comments?post=9089"}],"wp:featuredmedia":[{"embeddable":true,"href":"https:\/\/bangvietbavicoboard.com\/en\/wp-json\/wp\/v2\/media\/9091"}],"wp:attachment":[{"href":"https:\/\/bangvietbavicoboard.com\/en\/wp-json\/wp\/v2\/media?parent=9089"}],"wp:term":[{"taxonomy":"product_brand","embeddable":true,"href":"https:\/\/bangvietbavicoboard.com\/en\/wp-json\/wp\/v2\/product_brand?post=9089"},{"taxonomy":"product_cat","embeddable":true,"href":"https:\/\/bangvietbavicoboard.com\/en\/wp-json\/wp\/v2\/product_cat?post=9089"},{"taxonomy":"product_tag","embeddable":true,"href":"https:\/\/bangvietbavicoboard.com\/en\/wp-json\/wp\/v2\/product_tag?post=9089"}],"curies":[{"name":"wp","href":"https:\/\/api.w.org\/{rel}","templated":true}]}}