{"id":9076,"date":"2024-11-20T02:08:51","date_gmt":"2024-11-20T02:08:51","guid":{"rendered":"https:\/\/bangvietbavicoboard.com\/?post_type=product&#038;p=9076"},"modified":"2025-03-31T08:48:16","modified_gmt":"2025-03-31T08:48:16","slug":"bang-flipchart-tu-viet-but-long-cao-cap-greenlam","status":"publish","type":"product","link":"https:\/\/bangvietbavicoboard.com\/en\/product\/bang-flipchart-tu-viet-but-long-cao-cap-greenlam\/","title":{"rendered":"B\u1ea3ng flipchart t\u1eeb vi\u1ebft b\u00fat l\u00f4ng cao c\u1ea5p Greenlam"},"content":{"rendered":"<p><strong>B\u1ea3ng flipchart t\u1eeb vi\u1ebft b\u00fat l\u00f4ng cao c\u1ea5p Greenlam <\/strong>\u0111\u01b0\u1ee3c l\u00e0m t\u1eeb ch\u1ea5t li\u1ec7u Greenlam nh\u1eadp kh\u1ea9u tr\u1ef1c ti\u1ebfp t\u1eeb \u1ea4n \u0110\u1ed9, \u0111\u00e2y l\u00e0 s\u1ea3n ph\u1ea9m m\u1edbi \u0111\u01b0\u1ee3c c\u1ea3i ti\u1ebfn c\u1ee7a BAVICO.<\/p>\n<p>M\u1eb7t\u00a0b\u1ea3ng\u00a0c\u00f3 m\u00e0u tr\u1eafng tinh,\u00a0 vi\u1ebft d\u1ec5 x\u00f3a, kh\u00f4ng lem, m\u1eb7t sau l\u00e0 v\u00e1n MDF v\u00e2n g\u1ed7 \u0111\u1eb9p &amp; vi\u1ebft kh\u00f4ng b\u1ecb rung, b\u1ed1n g\u00f3c c\u00f3 co nh\u1ef1a h\u00e0i h\u00f2a.\u00a0<strong>\u0110\u1eb7c bi\u1ec7t b\u1ea3ng c\u00f3 t\u1eeb t\u00ednh s\u1eed d\u1ee5ng \u0111\u01b0\u1ee3c nam ch\u00e2m<\/strong>. B\u1ea3ng c\u00f3 ch\u00e2n n\u00e2ng ch\u1ec9nh \u0111\u1ed9 cao theo nhu c\u1ea7u. \u0110\u01b0\u1ee3c g\u1eafn 02 k\u1eb9p inox \u0111\u1ec3 k\u1eb9p t\u00e0i li\u1ec7u, tranh \u1ea3nh.<\/p>\n<figure id=\"attachment_9077\" aria-describedby=\"caption-attachment-9077\" style=\"width: 1826px\" class=\"wp-caption alignnone\"><img loading=\"lazy\" decoding=\"async\" class=\"wp-image-9077 size-full\" src=\"https:\/\/bangvietbavicoboard.com\/wp-content\/uploads\/2024\/11\/bang-flipchart-but-long-tu-laminate-12080.png\" alt=\"bang-flipchart-but-long-tu-laminate\" width=\"1826\" height=\"1218\" srcset=\"https:\/\/bangvietbavicoboard.com\/wp-content\/uploads\/2024\/11\/bang-flipchart-but-long-tu-laminate-12080.png 1826w, https:\/\/bangvietbavicoboard.com\/wp-content\/uploads\/2024\/11\/bang-flipchart-but-long-tu-laminate-12080-600x400.png 600w, https:\/\/bangvietbavicoboard.com\/wp-content\/uploads\/2024\/11\/bang-flipchart-but-long-tu-laminate-12080-1199x800.png 1199w, https:\/\/bangvietbavicoboard.com\/wp-content\/uploads\/2024\/11\/bang-flipchart-but-long-tu-laminate-12080-768x512.png 768w, https:\/\/bangvietbavicoboard.com\/wp-content\/uploads\/2024\/11\/bang-flipchart-but-long-tu-laminate-12080-1536x1025.png 1536w, https:\/\/bangvietbavicoboard.com\/wp-content\/uploads\/2024\/11\/bang-flipchart-but-long-tu-laminate-12080-18x12.png 18w, https:\/\/bangvietbavicoboard.com\/wp-content\/uploads\/2024\/11\/bang-flipchart-but-long-tu-laminate-12080-300x200.png 300w\" sizes=\"auto, (max-width: 1826px) 100vw, 1826px\" \/><figcaption id=\"caption-attachment-9077\" class=\"wp-caption-text\"><em>B\u1ea3ng flipchart t\u1eeb vi\u1ebft b\u00fat l\u00f4ng cao c\u1ea5p Greenlam<\/em><\/figcaption><\/figure>\n<p><strong>B\u1ea3ng flipchart t\u1eeb vi\u1ebft b\u00fat l\u00f4ng cao c\u1ea5p Greenlam<\/strong> c\u00f3 c\u1ea5u t\u1ea1o nh\u01b0 sau:<\/p>\n<p>1. M\u1eb7t b\u1ea3ng t\u1eeb tr\u1eafng ch\u1ea5t li\u1ec7u b\u1eb1ng t\u1ea5m laminate cao c\u1ea5p c\u1ee7a \u1ea4n \u0110\u1ed9 k\u1ebft h\u1ee3p t\u1ea5m th\u00e9p t\u1eeb b\u00ean d\u01b0\u1edbi t\u1ea1o n\u00ean s\u1ea3n ph\u1ea9m \u01b0u \u0111i\u1ec3m n\u1ed5i tr\u1ed9i c\u1ee7a s\u1ea3n ph\u1ea9m: vi\u1ebft lau d\u1ec5 d\u00e0ng, kh\u1eafc ph\u1ee5c nh\u01b0\u1ee3c \u0111i\u1ec3m b\u1ea3ng t\u1eeb H\u00e0n Qu\u1ed1c l\u00e0 ch\u1ed1ng tr\u1ea7y, tr\u1eafng tr\u01a1n ho\u1eb7c k\u1ebb \u00f4 ly ch\u00ecm theo y\u00eau c\u1ea7u, \u0111\u00ednh nam ch\u00e2m \u0111\u01b0\u1ee3c.<\/p>\n<p>2. T\u1ea5m l\u00f3t b\u1ea3ng: b\u1eb1ng v\u00e1n MDF Th\u00e1i Lan \u00e9p gi\u1ea5y v\u00e2n g\u1ed7 ch\u1ed1ng \u1ea9m 4 li nh\u1eb9 nh\u00e0ng nh\u01b0ng ph\u1eb3ng v\u00e0 ch\u1eafc ch\u1eafn.<\/p>\n<p>3. Khung b\u1ea3ng: b\u1eb1ng nh\u00f4m chuy\u00ean d\u1ee5ng tr\u1eafng s\u00e1ng.<\/p>\n<p>4. Co g\u00f3c b\u1ea3ng: l\u00e0m b\u1eb1ng nh\u1ef1a m\u00e0u tr\u1eafng h\u00e0i ho\u00e0 v\u1edbi khung v\u00e0 b\u1ea3ng.<\/p>\n<p>5. Ch\u00e2n b\u1ea3ng: b\u1eb1ng s\u1eaft k\u1ebdm ch\u1ed1t r\u1ec9, s\u01a1n t\u0129nh \u0111i\u1ec7n m\u00e0u tr\u1eafng ch\u1ed1ng tr\u1ea7y. Ch\u00e2n b\u1ea3ng c\u00f3 g\u1eafn 4 b\u00e1nh xe Taiwan c\u00f3 g\u00e0i di chuy\u1ec3n v\u00e0 c\u1ed1 \u0111\u1ecbnh d\u1ec5 d\u00e0ng. \u0110i\u1ec1u ch\u1ec9nh \u0111\u1ed9 cao v\u00e0 x\u1ebfp g\u1ecdn \u0111\u01b0\u1ee3c.<\/p>\n<p>6. B\u1ea3o h\u00e0nh m\u1eb7t b\u1ea3ng: 12 th\u00e1ng, \u0111\u1ed9 b\u1ec1n tr\u00ean 10 n\u0103m.<\/p>\n<figure style=\"width: 935px\" class=\"wp-caption alignnone\"><img loading=\"lazy\" decoding=\"async\" src=\"https:\/\/bangvietbavico.com\/vnt_upload\/product\/11_2024\/bang_flipchart_tu_viet_but_long_cao_cao_laminate_cao.jpg\" alt=\"bang_flipchart_tu_viet_but_long_cao_cao_laminate_cao\" width=\"935\" height=\"935\" \/><figcaption class=\"wp-caption-text\"><em>B\u1ea3ng flipchart t\u1eeb vi\u1ebft b\u00fat l\u00f4ng cao c\u1ea5p Greenlam c\u00f3 th\u1ec3 \u0111i\u1ec1u ch\u1ec9nh \u0111\u1ed9 cao v\u00e0 x\u1ebfp g\u1ecdn \u0111\u01b0\u1ee3c<\/em><\/figcaption><\/figure>\n<h3 style=\"text-align: center;\"><span class=\"ez-toc-section\" id=\"GIAY_CHUNG_NHAN_CO_%E2%80%93_CQ_NHAP_KHAU_MAT_BANG\"><\/span><span style=\"color: #0000ff;\"><strong>GI\u1ea4Y CH\u1ee8NG NH\u1eacN CO \u2013 CQ NH\u1eacP KH\u1ea8U M\u1eb6T B\u1ea2NG<\/strong><\/span><span class=\"ez-toc-section-end\"><\/span><\/h3>\n<table>\n<tbody>\n<tr>\n<td><img loading=\"lazy\" decoding=\"async\" class=\"aligncenter size-full wp-image-11241\" src=\"https:\/\/bangvietbavico.edu.vn\/wp-content\/uploads\/2022\/12\/CO-CQ-AN-2023-2.jpg\" sizes=\"auto, (max-width: 1200px) 100vw, 1200px\" srcset=\"https:\/\/bangvietbavico.edu.vn\/wp-content\/uploads\/2022\/12\/CO-CQ-AN-2023-2.jpg 1200w, https:\/\/bangvietbavico.edu.vn\/wp-content\/uploads\/2022\/12\/CO-CQ-AN-2023-2-300x300.jpg 300w, https:\/\/bangvietbavico.edu.vn\/wp-content\/uploads\/2022\/12\/CO-CQ-AN-2023-2-1024x1024.jpg 1024w, https:\/\/bangvietbavico.edu.vn\/wp-content\/uploads\/2022\/12\/CO-CQ-AN-2023-2-150x150.jpg 150w, https:\/\/bangvietbavico.edu.vn\/wp-content\/uploads\/2022\/12\/CO-CQ-AN-2023-2-768x768.jpg 768w, https:\/\/bangvietbavico.edu.vn\/wp-content\/uploads\/2022\/12\/CO-CQ-AN-2023-2-180x180.jpg 180w, https:\/\/bangvietbavico.edu.vn\/wp-content\/uploads\/2022\/12\/CO-CQ-AN-2023-2-600x600.jpg 600w\" alt=\"\" width=\"1200\" height=\"1200\" \/><\/td>\n<td><img loading=\"lazy\" decoding=\"async\" class=\"aligncenter size-full wp-image-11240\" src=\"https:\/\/bangvietbavico.edu.vn\/wp-content\/uploads\/2022\/12\/CO-CQ-AN-2023-1.jpg\" sizes=\"auto, (max-width: 1200px) 100vw, 1200px\" srcset=\"https:\/\/bangvietbavico.edu.vn\/wp-content\/uploads\/2022\/12\/CO-CQ-AN-2023-1.jpg 1200w, https:\/\/bangvietbavico.edu.vn\/wp-content\/uploads\/2022\/12\/CO-CQ-AN-2023-1-300x300.jpg 300w, https:\/\/bangvietbavico.edu.vn\/wp-content\/uploads\/2022\/12\/CO-CQ-AN-2023-1-1024x1024.jpg 1024w, https:\/\/bangvietbavico.edu.vn\/wp-content\/uploads\/2022\/12\/CO-CQ-AN-2023-1-150x150.jpg 150w, https:\/\/bangvietbavico.edu.vn\/wp-content\/uploads\/2022\/12\/CO-CQ-AN-2023-1-768x768.jpg 768w, https:\/\/bangvietbavico.edu.vn\/wp-content\/uploads\/2022\/12\/CO-CQ-AN-2023-1-180x180.jpg 180w, https:\/\/bangvietbavico.edu.vn\/wp-content\/uploads\/2022\/12\/CO-CQ-AN-2023-1-600x600.jpg 600w\" alt=\"\" width=\"1200\" height=\"1200\" \/><\/td>\n<\/tr>\n<\/tbody>\n<\/table>\n<h2><span class=\"ez-toc-section\" id=\"VIDEO_BANG_FLIPCHART_TU_VIET_BUT_LONG_GREENLAM\"><\/span><strong>VIDEO B\u1ea2NG FLIPCHART T\u1eea VI\u1ebeT B\u00daT L\u00d4NG GREENLAM<\/strong><span class=\"ez-toc-section-end\"><\/span><\/h2>\n<p><iframe loading=\"lazy\" title=\"B\u1ea3ng flipchart vi\u1ebft b\u00fat l\u00f4ng t\u1eeb laminate ch\u1ed1ng tr\u1ea7y\" width=\"1020\" height=\"574\" src=\"https:\/\/www.youtube.com\/embed\/Lt_QMqqBEVk?start=1&#038;feature=oembed\" frameborder=\"0\" allow=\"accelerometer; autoplay; clipboard-write; encrypted-media; gyroscope; picture-in-picture; web-share\" referrerpolicy=\"strict-origin-when-cross-origin\" allowfullscreen><\/iframe><\/p>\n<h2><\/h2>\n<p><strong style=\"color: #555555; font-size: 25.92px;\">B\u1ea3o h\u00e0nh<\/strong><\/p>\n<p>+ Th\u1eddi gian b\u1ea3o h\u00e0nh t\u1eeb 12 &#8211; 36 th\u00e1ng n\u1ebfu do l\u1ed7i c\u1ee7a nh\u00e0 s\u1ea3n xu\u1ea5t.<br \/>\n+ Qu\u00fd kh\u00e1ch h\u00e0ng gi\u1eef l\u1ea1i Gi\u1ea5y giao h\u00e0ng v\u00e0 g\u1ecdi cho s\u1ed1 Hotline <span style=\"color: #0000ff;\"><strong>0938 623 068<\/strong><\/span> ho\u1eb7c kinh doanh tr\u00ean gi\u1ea5y giao h\u00e0ng\/ tr\u00ean website n\u00e0y \u0111\u1ec3 \u0111\u01b0\u1ee3c h\u1ed7 tr\u1ee3 !<\/p>\n<p><img decoding=\"async\" src=\"https:\/\/bangvietbavico.edu.vn\/wp-content\/uploads\/2024\/10\/XE-TAI.png\" \/><\/p>\n<h1><\/h1>\n<h1><span class=\"ez-toc-section\" id=\"Su_dung_bang_viet_but_long_flipchart_sao_cho_dung\"><\/span><strong>S\u1eed d\u1ee5ng b\u1ea3ng vi\u1ebft b\u00fat l\u00f4ng flipchart sao cho \u0111\u00fang?<\/strong><span class=\"ez-toc-section-end\"><\/span><\/h1>\n<p>\u0110\u1ec3 \u0111\u1ea3m b\u1ea3o<strong> Flipchart board<\/strong>\u00a0lu\u00f4n trong t\u00ecnh tr\u1ea1ng t\u1ed1t nh\u1ea5t, b\u1ea1n c\u1ea7n l\u01b0u \u00fd m\u1ed9t s\u1ed1 c\u00e1ch b\u1ea3o qu\u1ea3n sau \u0111\u00e2y:<\/p>\n<ul>\n<li><em>V\u1ec7 Sinh \u0110\u1ecbnh K\u1ef3<\/em>: S\u1eed d\u1ee5ng kh\u0103n m\u1ec1m v\u00e0 dung d\u1ecbch v\u1ec7 sinh nh\u1eb9 nh\u00e0ng \u0111\u1ec3 lau s\u1ea1ch b\u1ec1 m\u1eb7t b\u1ea3ng. Tr\u00e1nh s\u1eed d\u1ee5ng c\u00e1c ch\u1ea5t t\u1ea9y r\u1eeda m\u1ea1nh c\u00f3 th\u1ec3 l\u00e0m h\u1ecfng b\u1ec1 m\u1eb7t b\u1ea3ng.<\/li>\n<li><em>Tr\u00e1nh \u00c1nh N\u1eafng Tr\u1ef1c Ti\u1ebfp<\/em>: \u0110\u1eb7t b\u1ea3ng \u1edf v\u1ecb tr\u00ed kh\u00f4ng b\u1ecb \u00e1nh n\u1eafng m\u1eb7t tr\u1eddi chi\u1ebfu tr\u1ef1c ti\u1ebfp \u0111\u1ec3 tr\u00e1nh t\u00ecnh tr\u1ea1ng phai m\u00e0u v\u00e0 gi\u1ea3m \u0111\u1ed9 b\u1ec1n c\u1ee7a s\u1ea3n ph\u1ea9m.<\/li>\n<li><em>S\u1eed D\u1ee5ng B\u00fat Ch\u1ea5t L\u01b0\u1ee3ng<\/em>: H\u00e3y s\u1eed d\u1ee5ng b\u00fat ch\u1ea5t l\u01b0\u1ee3ng cao, <em><span style=\"color: #ed1c24;\">tuy\u1ec7t \u0111\u1ed1i kh\u00f4ng s\u1eed d\u1ee5ng b\u00fat l\u00f4ng d\u1ea7u<\/span><\/em> tr\u00e1nh l\u00e0m h\u01b0 h\u1ea1i m\u1eb7t b\u1ea3ng khi lau ch\u00f9i.<\/li>\n<li><em>Ki\u1ec3m Tra Khung B\u1ea3ng<\/em>: \u0110\u1ecbnh k\u1ef3 ki\u1ec3m tra khung b\u1ea3ng v\u00e0 c\u00e1c b\u1ed9 ph\u1eadn g\u1eafn t\u01b0\u1eddng \u0111\u1ec3 \u0111\u1ea3m b\u1ea3o ch\u00fang kh\u00f4ng b\u1ecb l\u1ecfng l\u1ebbo ho\u1eb7c h\u01b0 h\u1ecfng.<\/li>\n<li><em>Tr\u00e1nh Va Ch\u1ea1m M\u1ea1nh<\/em>: Khi di chuy\u1ec3n b\u1ea3ng, h\u1ea1n ch\u1ebf va ch\u1ea1m m\u1ea1nh v\u1edbi b\u1ea3ng \u0111\u1ec3 tr\u00e1nh l\u00e0m tr\u1ea7y x\u01b0\u1edbc ho\u1eb7c h\u01b0 h\u1ecfng b\u1ec1 m\u1eb7t.<\/li>\n<\/ul>\n<div data-original-attrs=\"{&quot;style&quot;:&quot;&quot;}\">\u0110\u1ec3 bi\u1ebft th\u00eam chi ti\u1ebft xin vui l\u00f2ng li\u00ean h\u1ec7:<\/div>\n<div>TEL:\u00a0<span style=\"color: #783f04;\" data-keep-original-tag=\"false\" data-original-attrs=\"{&quot;style&quot;:&quot;&quot;}\">0938 623 068 (Viber\/Zalo)<\/span><\/div>\n<div>Email:\u00a0<span style=\"color: #274e13;\" data-keep-original-tag=\"false\" data-original-attrs=\"{&quot;style&quot;:&quot;&quot;}\">csns01@bangvietbavico.vn<\/span><\/div>\n<h2><span class=\"ez-toc-section\" id=\"CONG_TY_TNHH_THIET_BI_GIAO_DUC_BAVICO\"><\/span><a href=\"https:\/\/bangvietbavicoboard.com\/en\/\"><strong>EQUIPMENT CO., EDUCATION BAVICO<\/strong><\/a><span class=\"ez-toc-section-end\"><\/span><\/h2>\n<p><a href=\"https:\/\/www.google.com\/maps\/place\/C%C3%B4ng+Ty+TNHH+Thi%E1%BA%BFt+B%E1%BB%8B+Gi%C3%A1o+D%E1%BB%A5c+BAVICO\/@10.8422711,106.6244102,17z\/data=!3m1!4b1!4m5!3m4!1s0x31752a2a33796a47:0x1e4c184654bd6967!8m2!3d10.8422658!4d106.6265989?hl=vi-VN\" target=\"_blank\" rel=\"noopener\"><strong>Tr\u1ee5 s\u1edf ch\u00ednh: S\u1ed1 26 \u2013 28 \u0110\u01b0\u1eddng DD11 Khu bi\u1ec7t th\u1ef1 An S\u01b0\u01a1ng, Ph\u01b0\u1eddng T\u00e2n H\u01b0ng Thu\u1eadn, Qu\u1eadn 12, Th\u00e0nh ph\u1ed1 H\u1ed3 Ch\u00ed Minh, Vi\u1ec7t Nam.<\/strong><\/a><\/p>\n<p><a href=\"https:\/\/www.google.com\/maps\/place\/NH%C3%80+M%C3%81Y+B%E1%BA%A2NG+VI%E1%BA%BET+BAVICO\/data=!4m2!3m1!1s0x3174d54b4766c1e1:0x5e7544f8d3754cf8?hl=vi&amp;trk=https%3A%2F%2Fnotifications.google.com%2Fg%2Fp%2FANiao5qxS1Nm-jYR1J2xq7eGKk7sVofQFkONHZn7ZY1zjo26fUdiIedC5c2mAakkpMKjxMsTnB9fPMAbD18GWiRfE5-oXEHRGqQhobyjs_Hj9u2xUtrFgqGeo2BwkZvvFFFONLfFq-_lNqqzAQIbZ-Py-_UWpcdoJrNPOobHtX1hJYMPfYf7R5DJXHySX2mo-h0Loz8brWxA1Hr1nhML\" target=\"_blank\" rel=\"noopener\"><strong>Nh\u00e0 m\u00e1y s\u1ea3n xu\u1ea5t: S\u1ed1 7\/7 \u0111\u01b0\u1eddng s\u1ed1 65, H\u1ed3 V\u0103n T\u1eafng, \u1ea4p X\u00f3m \u0110\u1ed3ng, X\u00e3 T\u00e2n Ph\u00fa Trung, Huy\u1ec7n C\u1ee7 Chi, Th\u00e0nh Ph\u1ed1 H\u1ed3 Ch\u00ed Minh, Vi\u1ec7t Nam.<\/strong><\/a><\/p>\n<p><strong>MST: 0303030028 \u2013 Ng\u00e0y th\u00e0nh l\u1eadp c\u00f4ng ty: 01\/09\/2003<\/strong><\/p>\n<h2><span class=\"ez-toc-section\" id=\"%3E%3E%3E_Moi_Quy_khach_hang_click_tham_khao_cac_loai_Bang_flipchart_khac\"><\/span><span style=\"text-decoration: underline; color: #800080;\"><a style=\"color: #800080; text-decoration: underline;\" href=\"https:\/\/bangvietbavicoboard.com\/en\/product-category\/bang-flipchart\/\"><em>&gt;&gt;&gt; M\u1eddi Qu\u00fd kh\u00e1ch h\u00e0ng click tham kh\u1ea3o c\u00e1c lo\u1ea1i B\u1ea3ng flipchart kh\u00e1c<\/em><\/a><\/span><span class=\"ez-toc-section-end\"><\/span><\/h2>\n<p>&nbsp;<\/p>\n<p>&nbsp;<\/p>","protected":false},"excerpt":{"rendered":"<p><strong>B\u1ea3ng flipchart t\u1eeb vi\u1ebft b\u00fat l\u00f4ng cao c\u1ea5p Greenlam<\/strong>\u00a0nh\u1eadp kh\u1ea9u tr\u1ef1c ti\u1ebfp t\u1eeb \u1ea4n \u0110\u1ed9, s\u1ea3n ph\u1ea9m \u0111\u01b0\u1ee3c s\u1eed d\u1ee5ng ph\u1ed5 bi\u1ebfn trong kh\u00f4ng gian v\u0103n ph\u00f2ng v\u00e0 \u0111\u00e0o t\u1ea1o.<\/p>\n<p>Gi\u00e1 \u00e1p d\u1ee5ng t\u1ea1i H\u00f3c M\u00f4n, C\u1ee7 Chi v\u00e0 khu v\u1ef1c n\u1ed9i th\u00e0nh TPHCM (Q1,2,3,4,5,6,7,8,9,10,11,12,T\u00e2n B\u00ecnh, B\u00ecnh T\u00e2n, T\u00e2n Ph\u00fa, Ph\u00fa Nhu\u1eadn, B\u00ecnh Th\u1ea1nh, G\u00f2 V\u1ea5p)<br \/>\nMI\u1ec4N PH\u00cd giao h\u00e0ng &amp;\u00a0 l\u1eafp \u0111\u1eb7t<\/p>","protected":false},"featured_media":9078,"comment_status":"open","ping_status":"closed","template":"","meta":{"_acf_changed":false},"product_brand":[],"product_cat":[469],"product_tag":[],"class_list":{"0":"post-9076","1":"product","2":"type-product","3":"status-publish","4":"has-post-thumbnail","6":"product_cat-bang-flipchart","8":"first","9":"instock","10":"shipping-taxable","11":"purchasable","12":"product-type-variable"},"acf":[],"_links":{"self":[{"href":"https:\/\/bangvietbavicoboard.com\/en\/wp-json\/wp\/v2\/product\/9076","targetHints":{"allow":["GET"]}}],"collection":[{"href":"https:\/\/bangvietbavicoboard.com\/en\/wp-json\/wp\/v2\/product"}],"about":[{"href":"https:\/\/bangvietbavicoboard.com\/en\/wp-json\/wp\/v2\/types\/product"}],"replies":[{"embeddable":true,"href":"https:\/\/bangvietbavicoboard.com\/en\/wp-json\/wp\/v2\/comments?post=9076"}],"wp:featuredmedia":[{"embeddable":true,"href":"https:\/\/bangvietbavicoboard.com\/en\/wp-json\/wp\/v2\/media\/9078"}],"wp:attachment":[{"href":"https:\/\/bangvietbavicoboard.com\/en\/wp-json\/wp\/v2\/media?parent=9076"}],"wp:term":[{"taxonomy":"product_brand","embeddable":true,"href":"https:\/\/bangvietbavicoboard.com\/en\/wp-json\/wp\/v2\/product_brand?post=9076"},{"taxonomy":"product_cat","embeddable":true,"href":"https:\/\/bangvietbavicoboard.com\/en\/wp-json\/wp\/v2\/product_cat?post=9076"},{"taxonomy":"product_tag","embeddable":true,"href":"https:\/\/bangvietbavicoboard.com\/en\/wp-json\/wp\/v2\/product_tag?post=9076"}],"curies":[{"name":"wp","href":"https:\/\/api.w.org\/{rel}","templated":true}]}}