{"id":9061,"date":"2024-11-20T01:02:57","date_gmt":"2024-11-20T01:02:57","guid":{"rendered":"https:\/\/bangvietbavicoboard.com\/?post_type=product&#038;p=9061"},"modified":"2025-03-31T02:09:38","modified_gmt":"2025-03-31T02:09:38","slug":"bang-tu-viet-but-long-cao-cap-greenlam","status":"publish","type":"product","link":"https:\/\/bangvietbavicoboard.com\/en\/product\/bang-tu-viet-but-long-cao-cap-greenlam\/","title":{"rendered":"B\u1ea3ng t\u1eeb vi\u1ebft b\u00fat l\u00f4ng cao c\u1ea5p Greenlam"},"content":{"rendered":"<p><strong>B\u1ea3ng t\u1eeb vi\u1ebft b\u00fat l\u00f4ng cao c\u1ea5p Greenlam <\/strong>\u0111\u01b0\u1ee3c l\u00e0m t\u1eeb ch\u1ea5t li\u1ec7u Greenlam nh\u1eadp kh\u1ea9u tr\u1ef1c ti\u1ebfp t\u1eeb \u1ea4n \u0110\u1ed9, \u0111\u00e2y l\u00e0 s\u1ea3n ph\u1ea9m m\u1edbi \u0111\u01b0\u1ee3c c\u1ea3i ti\u1ebfn c\u1ee7a BAVICO.<\/p>\n<p>M\u1eb7t\u00a0<strong>b\u1ea3ng<\/strong>\u00a0c\u00f3 m\u00e0u tr\u1eafng tinh,\u00a0 vi\u1ebft d\u1ec5 x\u00f3a, kh\u00f4ng lem, m\u1eb7t sau l\u00e0 v\u00e1n MDF v\u00e2n g\u1ed7 \u0111\u1eb9p &amp; vi\u1ebft kh\u00f4ng b\u1ecb rung, b\u1ed1n g\u00f3c c\u00f3 co nh\u1ef1a h\u00e0i h\u00f2a.\u00a0<strong>\u0110\u1eb7c bi\u1ec7t b\u1ea3ng c\u00f3 t\u1eeb t\u00ednh s\u1eed d\u1ee5ng \u0111\u01b0\u1ee3c nam ch\u00e2m<\/strong>.<\/p>\n<figure id=\"attachment_9072\" aria-describedby=\"caption-attachment-9072\" style=\"width: 1490px\" class=\"wp-caption alignnone\"><img loading=\"lazy\" decoding=\"async\" class=\"size-full wp-image-9072\" src=\"https:\/\/bangvietbavicoboard.com\/wp-content\/uploads\/2024\/11\/bang-but-long-laminate.jpg\" alt=\"bang-but-long-laminate\" width=\"1490\" height=\"942\" srcset=\"https:\/\/bangvietbavicoboard.com\/wp-content\/uploads\/2024\/11\/bang-but-long-laminate.jpg 1490w, https:\/\/bangvietbavicoboard.com\/wp-content\/uploads\/2024\/11\/bang-but-long-laminate-633x400.jpg 633w, https:\/\/bangvietbavicoboard.com\/wp-content\/uploads\/2024\/11\/bang-but-long-laminate-1265x800.jpg 1265w, https:\/\/bangvietbavicoboard.com\/wp-content\/uploads\/2024\/11\/bang-but-long-laminate-768x486.jpg 768w, https:\/\/bangvietbavicoboard.com\/wp-content\/uploads\/2024\/11\/bang-but-long-laminate-18x12.jpg 18w, https:\/\/bangvietbavicoboard.com\/wp-content\/uploads\/2024\/11\/bang-but-long-laminate-300x190.jpg 300w, https:\/\/bangvietbavicoboard.com\/wp-content\/uploads\/2024\/11\/bang-but-long-laminate-600x379.jpg 600w\" sizes=\"auto, (max-width: 1490px) 100vw, 1490px\" \/><figcaption id=\"caption-attachment-9072\" class=\"wp-caption-text\">(<strong>B\u1ea3ng t\u1eeb vi\u1ebft b\u00fat l\u00f4ng cao c\u1ea5p Greenlam<\/strong>)<\/figcaption><\/figure>\n<p><img decoding=\"async\" src=\"https:\/\/bangvietbavico.com\/vnt_upload\/product\/11_2024\/bang_tu_viet_but_long_cao_cap_laminate.jpg\" alt=\"bang_tu_viet_but_long_cao_cap_laminate\" \/><\/p>\n<p><strong>B\u1ea3ng t\u1eeb vi\u1ebft b\u00fat l\u00f4ng cao c\u1ea5p Greenlam<\/strong> c\u00f3 c\u1ea5u t\u1ea1o nh\u01b0 sau:<\/p>\n<ol>\n<li><strong><u>Surface<\/u><\/strong><u>: <\/u>M\u1eb7t b\u1ea3ng t\u1eeb tr\u1eafng ch\u1ea5t li\u1ec7u b\u1eb1ng t\u1ea5m laminate cao c\u1ea5p c\u1ee7a \u1ea4n \u0110\u1ed9 k\u1ebft h\u1ee3p t\u1ea5m th\u00e9p t\u1eeb b\u00ean d\u01b0\u1edbi t\u1ea1o n\u00ean s\u1ea3n ph\u1ea9m \u01b0u \u0111i\u1ec3m n\u1ed5i tr\u1ed9i c\u1ee7a s\u1ea3n ph\u1ea9m: vi\u1ebft lau d\u1ec5 d\u00e0ng, kh\u1eafc ph\u1ee5c nh\u01b0\u1ee3c \u0111i\u1ec3m b\u1ea3ng t\u1eeb H\u00e0n Qu\u1ed1c l\u00e0 ch\u1ed1ng tr\u1ea7y, tr\u1eafng tr\u01a1n ho\u1eb7c k\u1ebb \u00f4 ly ch\u00ecm theo y\u00eau c\u1ea7u, \u0111\u00ednh nam ch\u00e2m \u0111\u01b0\u1ee3c.<\/li>\n<li><strong> <u>T\u1ea5m l\u00f3t b\u1ea3ng:<\/u><\/strong> b\u1eb1ng v\u00e1n MDF Th\u00e1i Lan \u00e9p gi\u1ea5y v\u00e2n g\u1ed7 ch\u1ed1ng \u1ea9m 4 li nh\u1eb9 nh\u00e0ng nh\u01b0ng ph\u1eb3ng v\u00e0 ch\u1eafc ch\u1eafn.<\/li>\n<li><strong> <u>Khung b\u1ea3ng<\/u><\/strong><u>:<\/u> b\u1eb1ng nh\u00f4m chuy\u00ean d\u1ee5ng tr\u1eafng s\u00e1ng.<\/li>\n<li><u><\/u><strong><u>Co<\/u><\/strong><strong><u> g\u00f3c b\u1ea3ng<\/u><\/strong><u>:<\/u> l\u00e0m b\u1eb1ng nh\u1ef1a m\u00e0u tr\u1eafng h\u00e0i ho\u00e0 v\u1edbi khung v\u00e0 b\u1ea3ng.<\/li>\n<li><u><\/u><strong><u>B\u1ea3o<\/u><\/strong><strong><u> h\u00e0nh m\u1eb7t b\u1ea3ng<\/u><\/strong><u>:<\/u> 12 th\u00e1ng, \u0111\u1ed9 b\u1ec1n tr\u00ean 10 n\u0103m.<\/li>\n<\/ol>\n<h3 style=\"text-align: center;\"><span class=\"ez-toc-section\" id=\"GIAY_CHUNG_NHAN_CO_%E2%80%93_CQ_NHAP_KHAU_MAT_BANG\"><\/span><span style=\"color: #0000ff;\"><strong>GI\u1ea4Y CH\u1ee8NG NH\u1eacN CO \u2013 CQ NH\u1eacP KH\u1ea8U M\u1eb6T B\u1ea2NG<\/strong><\/span><span class=\"ez-toc-section-end\"><\/span><\/h3>\n<table>\n<tbody>\n<tr>\n<td><img loading=\"lazy\" decoding=\"async\" class=\"aligncenter size-full wp-image-11241\" src=\"https:\/\/bangvietbavico.edu.vn\/wp-content\/uploads\/2022\/12\/CO-CQ-AN-2023-2.jpg\" sizes=\"auto, (max-width: 1200px) 100vw, 1200px\" srcset=\"https:\/\/bangvietbavico.edu.vn\/wp-content\/uploads\/2022\/12\/CO-CQ-AN-2023-2.jpg 1200w, https:\/\/bangvietbavico.edu.vn\/wp-content\/uploads\/2022\/12\/CO-CQ-AN-2023-2-300x300.jpg 300w, https:\/\/bangvietbavico.edu.vn\/wp-content\/uploads\/2022\/12\/CO-CQ-AN-2023-2-1024x1024.jpg 1024w, https:\/\/bangvietbavico.edu.vn\/wp-content\/uploads\/2022\/12\/CO-CQ-AN-2023-2-150x150.jpg 150w, https:\/\/bangvietbavico.edu.vn\/wp-content\/uploads\/2022\/12\/CO-CQ-AN-2023-2-768x768.jpg 768w, https:\/\/bangvietbavico.edu.vn\/wp-content\/uploads\/2022\/12\/CO-CQ-AN-2023-2-180x180.jpg 180w, https:\/\/bangvietbavico.edu.vn\/wp-content\/uploads\/2022\/12\/CO-CQ-AN-2023-2-600x600.jpg 600w\" alt=\"\" width=\"1200\" height=\"1200\" \/><\/td>\n<td><img loading=\"lazy\" decoding=\"async\" class=\"aligncenter size-full wp-image-11240\" src=\"https:\/\/bangvietbavico.edu.vn\/wp-content\/uploads\/2022\/12\/CO-CQ-AN-2023-1.jpg\" sizes=\"auto, (max-width: 1200px) 100vw, 1200px\" srcset=\"https:\/\/bangvietbavico.edu.vn\/wp-content\/uploads\/2022\/12\/CO-CQ-AN-2023-1.jpg 1200w, https:\/\/bangvietbavico.edu.vn\/wp-content\/uploads\/2022\/12\/CO-CQ-AN-2023-1-300x300.jpg 300w, https:\/\/bangvietbavico.edu.vn\/wp-content\/uploads\/2022\/12\/CO-CQ-AN-2023-1-1024x1024.jpg 1024w, https:\/\/bangvietbavico.edu.vn\/wp-content\/uploads\/2022\/12\/CO-CQ-AN-2023-1-150x150.jpg 150w, https:\/\/bangvietbavico.edu.vn\/wp-content\/uploads\/2022\/12\/CO-CQ-AN-2023-1-768x768.jpg 768w, https:\/\/bangvietbavico.edu.vn\/wp-content\/uploads\/2022\/12\/CO-CQ-AN-2023-1-180x180.jpg 180w, https:\/\/bangvietbavico.edu.vn\/wp-content\/uploads\/2022\/12\/CO-CQ-AN-2023-1-600x600.jpg 600w\" alt=\"\" width=\"1200\" height=\"1200\" \/><\/td>\n<\/tr>\n<\/tbody>\n<\/table>\n<h2><span class=\"ez-toc-section\" id=\"VIDEO_MAT_BANG\"><\/span><strong>VIDEO M\u1eb6T B\u1ea2NG<\/strong><span class=\"ez-toc-section-end\"><\/span><\/h2>\n<p><iframe loading=\"lazy\" title=\"B\u1ea3ng flipchart vi\u1ebft b\u00fat l\u00f4ng t\u1eeb laminate ch\u1ed1ng tr\u1ea7y\" width=\"1020\" height=\"574\" src=\"https:\/\/www.youtube.com\/embed\/Lt_QMqqBEVk?start=1&#038;feature=oembed\" frameborder=\"0\" allow=\"accelerometer; autoplay; clipboard-write; encrypted-media; gyroscope; picture-in-picture; web-share\" referrerpolicy=\"strict-origin-when-cross-origin\" allowfullscreen><\/iframe><\/p>\n<h1><span class=\"ez-toc-section\" id=\"Bao_hanh\"><\/span><strong>B\u1ea3o h\u00e0nh<\/strong><span class=\"ez-toc-section-end\"><\/span><\/h1>\n<p>+ Th\u1eddi gian b\u1ea3o h\u00e0nh t\u1eeb 12 \u2013 36 th\u00e1ng do l\u1ed7i c\u1ee7a nh\u00e0 s\u1ea3n xu\u1ea5t.<br \/>\n+ Qu\u00fd kh\u00e1ch h\u00e0ng gi\u1eef l\u1ea1i Gi\u1ea5y giao h\u00e0ng v\u00e0 g\u1ecdi cho s\u1ed1 Hotline <span style=\"color: #0000ff;\"><strong>0938 623 068<\/strong><\/span> ho\u1eb7c kinh doanh tr\u00ean gi\u1ea5y giao h\u00e0ng\/ tr\u00ean website n\u00e0y \u0111\u1ec3 \u0111\u01b0\u1ee3c h\u1ed7 tr\u1ee3 !<\/p>\n<p>&nbsp;<\/p>\n<p><img decoding=\"async\" class=\"lazy-load-active\" src=\"https:\/\/bangvietbavico.edu.vn\/wp-content\/uploads\/2024\/10\/XE-TAI.png\" alt=\"B\u1ea3ng t\u1eeb tr\u1eafng di \u0111\u1ed9ng\" data-src=\"https:\/\/bangvietbavico.edu.vn\/wp-content\/uploads\/2024\/10\/XE-TAI.png\" \/><\/p>\n<h1><span class=\"ez-toc-section\" id=\"LY_DO_NEN_LUA_CHON_BANG_VIET_BAVICO\"><\/span><strong>L\u00dd DO N\u00caN L\u1ef0A CH\u1eccN B\u1ea2NG VI\u1ebeT BAVICO<\/strong><span class=\"ez-toc-section-end\"><\/span><\/h1>\n<ul>\n<li>B\u1ea3ng vi\u1ebft BAVICO l\u00e0 th\u01b0\u01a1ng hi\u1ec7u uy t\u00edn trong l\u0129nh v\u1ef1c s\u1ea3n xu\u1ea5t b\u1ea3ng v\u1edbi h\u01a1n 22 n\u0103m kinh nghi\u1ec7m.<\/li>\n<li>Doanh nghi\u1ec7p \u0111\u1ea7u ti\u00ean trong ng\u00e0nh \u0111\u01b0a b\u1ea3ng t\u1eeb v\u1ec1 Vi\u1ec7t Nam v\u00e0 t\u01b0 v\u1ea5n thay th\u1ebf b\u1ea3ng t\u1eeb cho B\u1ed9 Gi\u00e1o d\u1ee5c v\u00e0 \u0110\u00e0o t\u1ea1o.<\/li>\n<li>C\u00f3 ch\u1ee9ng nh\u1eadn nh\u1eadp kh\u1ea9u h\u00e0ng h\u00f3a theo \u0111\u00fang quy \u0111\u1ecbnh (CO \u2013 CQ).<\/li>\n<li>\u0110\u1ed1i t\u00e1c ngu\u1ed3n nguy\u00ean li\u1ec7u ch\u00ednh (m\u1eb7t b\u1ea3ng) uy t\u00edn tr\u00ean to\u00e0n c\u1ea7u: Polyvision cho b\u1ec1 m\u1eb7t Ceramic v\u00e0 Dongshin cho b\u1ec1 m\u1eb7t th\u00e9p ph\u1ee7 s\u01a1n.<\/li>\n<li>B\u1ea3ng vi\u1ebft BAVICO l\u00e0 C\u00f4ng ty s\u1ea3n xu\u1ea5t v\u00e0 c\u1ea5p cung s\u1ea3n ph\u1ea9m tr\u1ef1c ti\u1ebfp\u00a0 \u2013 \u0110\u1ea3m b\u1ea3o s\u1ea3n ph\u1ea9m ch\u00ednh h\u00e3ng 100%.<\/li>\n<li>B\u1ea3ng vi\u1ebft BAVICO \u0111\u00e3 ph\u1ee5c v\u1ee5 r\u1ea5t nhi\u1ec1u kh\u00e1ch h\u00e0ng l\u1edbn nh\u01b0: T\u1eadp \u0111o\u00e0n Samsung, Viettel, C\u00e1c Tr\u01b0\u1eddng Qu\u1ed1c T\u1ebf \u00c1 Ch\u00e2u, M\u1ef9, Ph\u00e1p, Nh\u1eadt,\u2026<\/li>\n<li>S\u1ea3n ph\u1ea9m \u0111a d\u1ea1ng v\u1edbi nhi\u1ec1u s\u1ef1 l\u1ef1a ch\u1ecdn, thi\u1ebft k\u1ebf v\u00e0 s\u1ea3n xu\u1ea5t theo y\u00eau c\u1ea7u kh\u00e1ch h\u00e0ng.<\/li>\n<li>Ch\u00ednh s\u00e1ch b\u1ea3o h\u00e0nh t\u1eeb 12 th\u00e1ng \u2013 24 th\u00e1ng gi\u00fap kh\u00e1ch h\u00e0ng y\u00ean t\u00e2m khi mua h\u00e0ng.<\/li>\n<\/ul>\n<h2><span class=\"ez-toc-section\" id=\"THONG_TIN_LIEN_HE_MUA_BANG\"><\/span><small><b>TH\u00d4NG TIN LI\u00caN H\u1ec6 MUA B\u1ea2NG\u00a0<\/b><\/small><span class=\"ez-toc-section-end\"><\/span><\/h2>\n<h3><span class=\"ez-toc-section\" id=\"Lien_he_ngay_hotline_0938_623_068_de_duoc_tu_van_mien_phi\"><\/span>Li\u00ean h\u1ec7 ngay hotline\u00a0<span style=\"text-decoration: underline;\"><span style=\"color: #0000ff; text-decoration: underline;\"><a style=\"color: #0000ff; text-decoration: underline;\" href=\"tel:0918598597\">09<\/a>38 623 068<\/span><\/span> \u0111\u1ec3 \u0111\u01b0\u1ee3c t\u01b0 v\u1ea5n mi\u1ec5n ph\u00ed!<span class=\"ez-toc-section-end\"><\/span><\/h3>\n<p><strong>Di \u0110\u1ed9ng: <\/strong><strong>\u00a0\u00a0<\/strong><strong>\u00a0<\/strong><a href=\"tel:0938623068\"><span style=\"text-decoration: underline;\"><span style=\"color: #0000ff; text-decoration: underline;\"><strong>0938<\/strong><strong> 623 068<\/strong><\/span><\/span><\/a><\/p>\n<p><strong>Email: <\/strong><strong>\u00a0\u00a0\u00a0\u00a0\u00a0\u00a0\u00a0<\/strong><a href=\"mailto:csns01@bangvietbavico.vn\"><strong>csns01@bangvietbavico.vn<\/strong><\/a><strong> \u00a0<\/strong><\/p>\n<p><strong>Website: \u00a0\u00a0<\/strong> <a href=\"https:\/\/bangvietbavicoboard.com\/en\/\"><strong>https:\/\/bangvietbavicoboard.com<\/strong><\/a><\/p>\n<h3 style=\"text-align: center;\"><span class=\"ez-toc-section\" id=\"CONG_TY_TNHH_THIET_BI_GIAO_DUC_BAVICO\"><\/span><span id=\"CONG_TY_TNHH_THIET_BI_GIAO_DUC_BAVICO\" class=\"ez-toc-section\"><\/span><span id=\"CONG_TY_TNHH_THIET_BI_GIAO_DUC_BAVICO\" class=\"ez-toc-section\"><\/span><span style=\"color: #0000ff;\"><a style=\"color: #0000ff;\" href=\"https:\/\/bangvietbavicoboard.com\/en\/gioi-thieu\/\"><small><b>EQUIPMENT CO., EDUCATION BAVICO<\/b><\/small><\/a><\/span><small><b><\/b><\/small><small><b><br \/>\n<\/b><\/small><span class=\"ez-toc-section-end\"><\/span><\/h3>\n<p><img loading=\"lazy\" decoding=\"async\" class=\"aligncenter\" src=\"https:\/\/dungcuvanphongonline.com\/images\/pic\/CTY.jpg\" alt=\"\" width=\"308\" height=\"315\" \/><\/p>\n<p><span style=\"font-size: 120%; color: #000080;\"><small>\u2013 Head office: No.26-28 DD11 Street, An Suong Villa Area in Tan Hung Thuan Ward. District 12, Ho Chi Minh City, Vietnam<br \/>\n\u2013 Factory: 7\/7 Ho Van Tang, Xom Dong Hamlet, Tan Phu Trung Commune, Cu Chi District, Ho Chi Minh City, Vietnam<br \/>\n\u2013 TEL: (028) 3 592 4085 \u2013 (028) 5427 5356<br \/>\n\u2013 Hotline: 0903 883 885 \u2013 Fax: 3 592 4110<\/small><\/span><\/p>\n<h2><span class=\"ez-toc-section\" id=\"%3E%3E%3E_Moi_Quy_khach_hang_click_tham_khao_cac_loai_Bang_viet_but_long_khac\"><\/span><span style=\"color: #800080;\"><a style=\"color: #800080;\" href=\"https:\/\/bangvietbavicoboard.com\/en\/product-category\/bang-viet-but-long\/\"><em>&gt;&gt;&gt; M\u1eddi Qu\u00fd kh\u00e1ch h\u00e0ng click tham kh\u1ea3o c\u00e1c lo\u1ea1i B\u1ea3ng vi\u1ebft b\u00fat l\u00f4ng kh\u00e1c<\/em><\/a><\/span><span class=\"ez-toc-section-end\"><\/span><\/h2>\n<h2><span class=\"ez-toc-section\" id=\"%3E%3E%3E_Moi_Quy_khach_hang_click_tham_khao_cac_loai_Bang_viet_phan_khac\"><\/span><span style=\"color: #800080;\"><a style=\"color: #800080;\" href=\"https:\/\/bangvietbavico.net\/product-category\/bang-viet-phan\/\" target=\"_blank\" rel=\"noopener\"><em>&gt;&gt;&gt; M\u1eddi Qu\u00fd kh\u00e1ch h\u00e0ng click tham kh\u1ea3o c\u00e1c lo\u1ea1i B\u1ea3ng vi\u1ebft ph\u1ea5n kh\u00e1c<\/em><\/a><\/span><span class=\"ez-toc-section-end\"><\/span><\/h2>\n<h2><\/h2>\n<p>&nbsp;<\/p>","protected":false},"excerpt":{"rendered":"<p><strong>B\u1ea3ng t\u1eeb vi\u1ebft b\u00fat l\u00f4ng cao c\u1ea5p Laminate<\/strong> BAVICO treo t\u01b0\u1eddng\u00a0\u0111\u01b0\u1ee3c l\u00e0m t\u1eeb ch\u1ea5t li\u1ec7u Greenlam nh\u1eadp kh\u1ea9u t\u1eeb \u1ea4n \u0110\u1ed9, \u0111\u00e2y l\u00e0 s\u1ea3n ph\u1ea9m m\u1edbi \u0111\u01b0\u1ee3c c\u1ea3i ti\u1ebfn c\u1ee7a BAVICO.<\/p>\n<p>Gi\u00e1 \u00e1p d\u1ee5ng t\u1ea1i H\u00f3c M\u00f4n, C\u1ee7 Chi v\u00e0 khu v\u1ef1c n\u1ed9i th\u00e0nh TPHCM (Q1,2,3,4,5,6,7,8,9,10,11,12,T\u00e2n B\u00ecnh, B\u00ecnh T\u00e2n, T\u00e2n Ph\u00fa, Ph\u00fa Nhu\u1eadn, B\u00ecnh Th\u1ea1nh, G\u00f2 V\u1ea5p)<br \/>\nMI\u1ec4N PH\u00cd giao h\u00e0ng &amp;\u00a0 l\u1eafp \u0111\u1eb7t<\/p>","protected":false},"featured_media":9073,"comment_status":"open","ping_status":"closed","template":"","meta":{"_acf_changed":false},"product_brand":[],"product_cat":[487],"product_tag":[],"class_list":{"0":"post-9061","1":"product","2":"type-product","3":"status-publish","4":"has-post-thumbnail","6":"product_cat-bang-viet-but-long","8":"first","9":"instock","10":"shipping-taxable","11":"purchasable","12":"product-type-variable"},"acf":[],"_links":{"self":[{"href":"https:\/\/bangvietbavicoboard.com\/en\/wp-json\/wp\/v2\/product\/9061","targetHints":{"allow":["GET"]}}],"collection":[{"href":"https:\/\/bangvietbavicoboard.com\/en\/wp-json\/wp\/v2\/product"}],"about":[{"href":"https:\/\/bangvietbavicoboard.com\/en\/wp-json\/wp\/v2\/types\/product"}],"replies":[{"embeddable":true,"href":"https:\/\/bangvietbavicoboard.com\/en\/wp-json\/wp\/v2\/comments?post=9061"}],"wp:featuredmedia":[{"embeddable":true,"href":"https:\/\/bangvietbavicoboard.com\/en\/wp-json\/wp\/v2\/media\/9073"}],"wp:attachment":[{"href":"https:\/\/bangvietbavicoboard.com\/en\/wp-json\/wp\/v2\/media?parent=9061"}],"wp:term":[{"taxonomy":"product_brand","embeddable":true,"href":"https:\/\/bangvietbavicoboard.com\/en\/wp-json\/wp\/v2\/product_brand?post=9061"},{"taxonomy":"product_cat","embeddable":true,"href":"https:\/\/bangvietbavicoboard.com\/en\/wp-json\/wp\/v2\/product_cat?post=9061"},{"taxonomy":"product_tag","embeddable":true,"href":"https:\/\/bangvietbavicoboard.com\/en\/wp-json\/wp\/v2\/product_tag?post=9061"}],"curies":[{"name":"wp","href":"https:\/\/api.w.org\/{rel}","templated":true}]}}