{"id":8405,"date":"2024-11-15T04:02:23","date_gmt":"2024-11-15T04:02:23","guid":{"rendered":"https:\/\/bangvietbavicoboard.com\/?post_type=product&#038;p=8405"},"modified":"2025-03-01T04:53:25","modified_gmt":"2025-03-01T04:53:25","slug":"bang-flipchart-van-phong","status":"publish","type":"product","link":"https:\/\/bangvietbavicoboard.com\/en\/product\/bang-flipchart-van-phong\/","title":{"rendered":"B\u1ea3ng flipchart v\u0103n ph\u00f2ng"},"content":{"rendered":"<p><strong>B\u1ea3ng flipchart v\u0103n ph\u00f2ng<\/strong> \u0111\u01b0\u1ee3c s\u1eed d\u1ee5ng trong c\u00e1c bu\u1ed5i \u0111\u00e0o t\u1ea1o ho\u1eb7c c\u00e1c cu\u1ed9c h\u1ecdp, gi\u00fap ng\u01b0\u1eddi h\u01b0\u1edbng d\u1eabn truy\u1ec1n \u0111\u1ea1t ki\u1ebfn th\u1ee9c v\u00e0 \u00fd t\u01b0\u1edfng m\u1ed9t c\u00e1ch sinh \u0111\u1ed9ng.<\/p>\n<figure id=\"attachment_8406\" aria-describedby=\"caption-attachment-8406\" style=\"width: 1500px\" class=\"wp-caption alignnone\"><img loading=\"lazy\" decoding=\"async\" class=\"wp-image-8406 size-full\" src=\"https:\/\/bangvietbavicoboard.com\/wp-content\/uploads\/2024\/11\/flipchart-plus-trong-phong-hop.jpg\" alt=\"\" width=\"1500\" height=\"1000\" srcset=\"https:\/\/bangvietbavicoboard.com\/wp-content\/uploads\/2024\/11\/flipchart-plus-trong-phong-hop.jpg 1500w, https:\/\/bangvietbavicoboard.com\/wp-content\/uploads\/2024\/11\/flipchart-plus-trong-phong-hop-600x400.jpg 600w, https:\/\/bangvietbavicoboard.com\/wp-content\/uploads\/2024\/11\/flipchart-plus-trong-phong-hop-1200x800.jpg 1200w, https:\/\/bangvietbavicoboard.com\/wp-content\/uploads\/2024\/11\/flipchart-plus-trong-phong-hop-768x512.jpg 768w, https:\/\/bangvietbavicoboard.com\/wp-content\/uploads\/2024\/11\/flipchart-plus-trong-phong-hop-18x12.jpg 18w, https:\/\/bangvietbavicoboard.com\/wp-content\/uploads\/2024\/11\/flipchart-plus-trong-phong-hop-300x200.jpg 300w\" sizes=\"auto, (max-width: 1500px) 100vw, 1500px\" \/><figcaption id=\"caption-attachment-8406\" class=\"wp-caption-text\"><em>(B\u1ea3ng flipchart v\u0103n ph\u00f2ng th\u1ea9m m\u1ef9, h\u00e0i h\u00f2a v\u1edbi c\u00e1c kh\u00f4ng gian v\u0103n ph\u00f2ng)<\/em><\/figcaption><\/figure>\n<p><strong>B\u1ea3ng flipchart v\u0103n ph\u00f2ng <\/strong>c\u00f3 th\u1ec3\u00a0ch\u1ec9nh \u0111\u1ed9 cao, x\u1ebfp g\u1ecdn, k\u1eb9p gi\u1ea5y v\u00e0 c\u00f2n th\u00eam 4 b\u00e1nh xe di chuy\u1ec3n v\u00e0 c\u1ed1 \u0111\u1ecbnh d\u1ec5 d\u00e0ng.<\/p>\n<h1><span class=\"ez-toc-section\" id=\"VIDEO_SAN_PHAM\"><\/span><strong>VIDEO S\u1ea2N PH\u1ea8M<\/strong><span class=\"ez-toc-section-end\"><\/span><\/h1>\n<div class=\"wp-playlist wp-video-playlist wp-playlist-light\">\n\t\t<video controls=\"controls\" preload=\"none\" width=\"998\"\n\t\t height=\"561\"\t><\/video>\n\t<div class=\"wp-playlist-next\"><\/div>\n\t<div class=\"wp-playlist-prev\"><\/div>\n\t<noscript>\n\t<ol>\n\t\t<li><a href='https:\/\/bangvietbavicoboard.com\/wp-content\/uploads\/2024\/11\/video-bang-flipchart-chan-gap-1.mp4'>video-bang-flipchart<\/a><\/li>\t<\/ol>\n\t<\/noscript>\n\t<script type=\"application\/json\" class=\"wp-playlist-script\">{\"type\":\"video\",\"tracklist\":true,\"tracknumbers\":true,\"images\":true,\"artists\":true,\"tracks\":[{\"src\":\"https:\/\/bangvietbavicoboard.com\/wp-content\/uploads\/2024\/11\/video-bang-flipchart-chan-gap-1.mp4\",\"type\":\"video\/mp4\",\"title\":\"video-bang-flipchart\",\"caption\":\"\",\"description\":\"bang flipchart van phong\",\"meta\":{\"length_formatted\":\"1:32\"},\"dimensions\":{\"original\":{\"width\":854,\"height\":480},\"resized\":{\"width\":998,\"height\":561}},\"image\":{\"src\":\"https:\/\/bangvietbavicoboard.com\/wp-includes\/images\/media\/video.svg\",\"width\":48,\"height\":64},\"thumb\":{\"src\":\"https:\/\/bangvietbavicoboard.com\/wp-includes\/images\/media\/video.svg\",\"width\":48,\"height\":64}}]}<\/script>\n<\/div>\n\t\n<p>&gt;&gt;&gt; \u00a0<span style=\"color: #0000ff;\"><a style=\"color: #0000ff;\" href=\"https:\/\/www.tiktok.com\/@bangvietbavico\/video\/7213300981356842242\" target=\"_blank\" rel=\"noopener\"><em>(Click xem video) M\u1eb7t b\u1ea3ng tr\u1eafng kh\u00f4ng t\u1eeb Poly Taiwan:<\/em><\/a><\/span> gi\u00e1 m\u1ec1m, vi\u1ebft lau d\u1ec5 d\u00e0ng, ch\u1ecdn tr\u1eafng tr\u01a1n ho\u1eb7c c\u00f3 k\u1ebb \u00f4 ly gi\u00e1 kh\u00f4ng thay \u0111\u1ed5i.<\/p>\n<p>&gt;&gt;&gt;\u00a0<a href=\"https:\/\/www.youtube.com\/watch?v=Lc_MXKQFfqQ\" target=\"_blank\" rel=\"noopener\"><em><span style=\"color: #0000ff;\">(Click xem video) M\u1eb7t b\u1ea3ng t\u1eeb H\u00e0n Qu\u1ed1c:<\/span><\/em><\/a>\u00a0c\u00f3 \u0111\u00ednh nam ch\u00e2m k\u1eb9p t\u00e0i li\u1ec7u, vi\u1ebft \u00eam lau s\u1ea1ch b\u00f3ng, c\u00f3 in s\u1eb3n \u00f4 ly ch\u00ecm vu\u00f4ng 5cm. B\u1ea3o h\u00e0nh: 12 th\u00e1ng.<\/p>\n<p>&gt;&gt;&gt;<span style=\"color: #0000ff;\">\u00a0<a style=\"color: #0000ff;\" href=\"https:\/\/www.youtube.com\/watch?v=5QhlliLXzpA\" target=\"_blank\" rel=\"noopener\"><em>(Click xem video) M\u1eb7t b\u1ea3ng t\u1eeb Ceramic-B\u1ec9:<\/em><\/a><\/span> ch\u1ed1ng tr\u1ea7y (dao c\u1ea1o kh\u00f4ng tr\u1ea7y), ch\u1ed1ng ch\u00e1y, ch\u1ed1ng h\u01b0 h\u1ea1i b\u1edfi h\u00f3a ch\u1ea5t, kh\u00e1ng khu\u1ea9n. \u0110\u1ed9 b\u1ec1n l\u00ean \u0111\u1ebfn <strong>40 n\u0103m<\/strong>. B\u1ea3o h\u00e0nh 12-36 th\u00e1ng.<\/p>\n<p><img decoding=\"async\" src=\"https:\/\/bangvietbavico.net\/wp-content\/uploads\/2024\/02\/bang-flipchart-van-phong-cua-bavico-785x400.jpg.webp\" alt=\"Bang Flipchart Van Phong Cua Bavico\" \/><\/p>\n<h2><span class=\"ez-toc-section\" id=\"Ket_cau_Bang_flipchart_van_phong\"><\/span><strong>K\u1ebft c\u1ea5u B\u1ea3ng flipchart v\u0103n ph\u00f2ng<\/strong><span class=\"ez-toc-section-end\"><\/span><\/h2>\n<p>1. M\u1eb7t b\u1ea3ng: C\u00f3 th\u1ec3 t\u00f9y ch\u1ecdn c\u00e1c lo\u1ea1i m\u1eb7t b\u1ea3ng: <em>vi\u1ebft b\u00fat l\u00f4ng Poly Taiwan, vi\u1ebft b\u00fat l\u00f4ng t\u1eeb H\u00e0n Qu\u1ed1c, vi\u1ebft b\u00fat l\u00f4ng t\u1eeb Ceramic. <\/em>C\u00f3 g\u1eafn hai k\u1eb9p gi\u1ea5y inox tr\u1eafng s\u00e1ng d\u00f9ng \u0111\u1ec3 k\u1eb9p gi\u1ea5y A1, A0 ph\u1ee5c v\u1ee5 cho c\u00f4ng t\u00e1c training.<\/p>\n<p>2. T\u1ea5m l\u00f3t b\u1ea3ng: b\u1eb1ng v\u00e1n MDF c\u00f3 l\u1edbp v\u00e2n g\u1ed7 ch\u1ed1ng \u1ea9m, cong v\u00eanh, c\u00f3 t\u00ednh th\u1ea9m m\u1ef9 cao v\u00e0 \u0111\u01b0\u1ee3c \u00e9p v\u1edbi m\u1eb7t b\u1ea3ng b\u1eb1ng Polyester gi\u00fap b\u1ea3ng kh\u00f4ng b\u1ecb rung khi vi\u1ebft, c\u00f3 t\u00ednh ch\u1ecbu l\u1ef1c t\u1ed1t, \u0111\u1ed9 b\u1ec1n t\u1ed1i \u01b0u.<\/p>\n<p>3. Khung b\u1ea3ng: b\u1eb1ng nh\u00f4m chuy\u00ean d\u1ee5ng tr\u1eafng s\u00e1ng.<\/p>\n<p>4. Khung ch\u00e2n: C\u00f3 th\u1ec3 ch\u1ecdn c\u00e1c ki\u1ec3u ch\u00e2n: <em>3 ch\u00e2n, F2, F3, F4.<\/em><\/p>\n<p>To\u00e0n b\u1ed9 b\u1ea3ng \u0111\u01b0\u1ee3c thi\u1ebft k\u1ebf m\u1ed9t c\u00e1ch sang tr\u1ecdng hi\u1ec7n \u0111\u1ea1i ph\u00f9 h\u1ee3p v\u1edbi m\u1ecdi kh\u00f4ng gian.<\/p>\n<h3 style=\"text-align: center;\"><span class=\"ez-toc-section\" id=\"Chung_nhan_xuat_xu_va_nhap_khau_COCQ\"><\/span><strong><span style=\"color: #000080;\">Ch\u1ee9ng nh\u1eadn xu\u1ea5t x\u1ee9 v\u00e0 nh\u1eadp kh\u1ea9u CO\/CQ<\/span><\/strong><span class=\"ez-toc-section-end\"><\/span><\/h3>\n<table style=\"border-collapse: collapse; width: 100%;\">\n<tbody>\n<tr>\n<td style=\"width: 50%;\"><img loading=\"lazy\" decoding=\"async\" class=\"alignnone size-full wp-image-7608\" src=\"https:\/\/bangvietbavicoboard.com\/wp-content\/uploads\/2024\/08\/CQ-CO_BI.jpg\" alt=\"\" width=\"733\" height=\"536\" srcset=\"https:\/\/bangvietbavicoboard.com\/wp-content\/uploads\/2024\/08\/CQ-CO_BI.jpg 733w, https:\/\/bangvietbavicoboard.com\/wp-content\/uploads\/2024\/08\/CQ-CO_BI-547x400.jpg 547w, https:\/\/bangvietbavicoboard.com\/wp-content\/uploads\/2024\/08\/CQ-CO_BI-16x12.jpg 16w, https:\/\/bangvietbavicoboard.com\/wp-content\/uploads\/2024\/08\/CQ-CO_BI-300x219.jpg 300w, https:\/\/bangvietbavicoboard.com\/wp-content\/uploads\/2024\/08\/CQ-CO_BI-600x439.jpg 600w\" sizes=\"auto, (max-width: 733px) 100vw, 733px\" \/><\/td>\n<td style=\"width: 50%;\"><img loading=\"lazy\" decoding=\"async\" class=\"size-full wp-image-7609\" src=\"https:\/\/bangvietbavicoboard.com\/wp-content\/uploads\/2024\/08\/bang-viet-but-long-tu-ceramic-chung-nhan-sp-bavico.jpg\" alt=\"\" width=\"468\" height=\"346\" srcset=\"https:\/\/bangvietbavicoboard.com\/wp-content\/uploads\/2024\/08\/bang-viet-but-long-tu-ceramic-chung-nhan-sp-bavico.jpg 468w, https:\/\/bangvietbavicoboard.com\/wp-content\/uploads\/2024\/08\/bang-viet-but-long-tu-ceramic-chung-nhan-sp-bavico-16x12.jpg 16w, https:\/\/bangvietbavicoboard.com\/wp-content\/uploads\/2024\/08\/bang-viet-but-long-tu-ceramic-chung-nhan-sp-bavico-300x222.jpg 300w\" sizes=\"auto, (max-width: 468px) 100vw, 468px\" \/><\/td>\n<\/tr>\n<\/tbody>\n<\/table>\n<h1><span class=\"ez-toc-section\" id=\"CAC_LOAI_BANG_FLIPCHART_van_phong\"><\/span><strong>C\u00c1C LO\u1ea0I B\u1ea2NG FLIPCHART v\u0103n ph\u00f2ng<\/strong><span class=\"ez-toc-section-end\"><\/span><\/h1>\n<h2><span class=\"ez-toc-section\" id=\"Bang_flipchart_F2\"><\/span><strong>B\u1ea3ng flipchart F2<\/strong><span class=\"ez-toc-section-end\"><\/span><\/h2>\n<figure id=\"attachment_7953\" aria-describedby=\"caption-attachment-7953\" style=\"width: 1200px\" class=\"wp-caption alignnone\"><img loading=\"lazy\" decoding=\"async\" class=\"size-full wp-image-7953\" src=\"https:\/\/bangvietbavicoboard.com\/wp-content\/uploads\/2024\/11\/bang_flipchart_plus_f2_120x80.png\" alt=\"bang-viet-but-long-co-chan\" width=\"1200\" height=\"800\" srcset=\"https:\/\/bangvietbavicoboard.com\/wp-content\/uploads\/2024\/11\/bang_flipchart_plus_f2_120x80.png 1200w, https:\/\/bangvietbavicoboard.com\/wp-content\/uploads\/2024\/11\/bang_flipchart_plus_f2_120x80-600x400.png 600w, https:\/\/bangvietbavicoboard.com\/wp-content\/uploads\/2024\/11\/bang_flipchart_plus_f2_120x80-768x512.png 768w, https:\/\/bangvietbavicoboard.com\/wp-content\/uploads\/2024\/11\/bang_flipchart_plus_f2_120x80-18x12.png 18w, https:\/\/bangvietbavicoboard.com\/wp-content\/uploads\/2024\/11\/bang_flipchart_plus_f2_120x80-300x200.png 300w\" sizes=\"auto, (max-width: 1200px) 100vw, 1200px\" \/><figcaption id=\"caption-attachment-7953\" class=\"wp-caption-text\"><em>(B\u1ea3ng flipchart F2 cho v\u0103n ph\u00f2ng)<\/em><\/figcaption><\/figure>\n<p><strong>B\u1ea3ng flipchart F2 <\/strong>l\u00e0 d\u00f2ng s\u1ea3n ph\u1ea9m \u0111\u01b0\u1ee3c c\u1ea3i ti\u1ebfn k\u1ef9 thu\u1eadt t\u1ed1i \u01b0u nh\u1ea5t, mang l\u1ea1i cho qu\u00fd kh\u00e1ch h\u00e0ng s\u1ea3n ph\u1ea9m sang tr\u1ecdng, ch\u1eafc ch\u1eafn, r\u1ea5t ph\u00f9 h\u1ee3p s\u1eed d\u1ee5ng m\u1ecdi kh\u00f4ng gian v\u0103n ph\u00f2ng.<\/p>\n<p>Ch\u00e2n b\u1ea3ng: \u0111\u01b0\u1ee3c l\u00e0m b\u1eb1ng s\u1eaft s\u01a1n t\u0129nh \u0111i\u1ec7n m\u00e0u tr\u1eafng s\u1eefa d\u00e0y h\u00ecnh tr\u1ee5 gi\u00fap cho b\u1ea3ng c\u00f3 thi\u1ebft k\u1ebf \u0111\u1eb9p, ch\u1eafc ch\u1eafn v\u00e0 b\u00ean d\u01b0\u1edbi c\u00f3 h\u1ec7 th\u1ed1ng b\u00e1nh xe, ch\u1ed1t h\u00e3m ch\u1ecbu \u0111\u01b0\u1ee3c l\u1ef1c t\u1ed1t, c\u00f3 th\u1ec3 di chuy\u1ec3n d\u1ec5 d\u00e0ng, \u0111i\u1ec1u ch\u1ec9nh \u0111\u1ed9 cao theo y\u00eau c\u1ea7u.<\/p>\n<h2><span class=\"ez-toc-section\" id=\"Bang_flipchart_F3\"><\/span><strong>B\u1ea3ng flipchart F3<\/strong><span class=\"ez-toc-section-end\"><\/span><\/h2>\n<figure id=\"attachment_7949\" aria-describedby=\"caption-attachment-7949\" style=\"width: 1200px\" class=\"wp-caption alignnone\"><img loading=\"lazy\" decoding=\"async\" class=\"wp-image-7949 size-full\" src=\"https:\/\/bangvietbavicoboard.com\/wp-content\/uploads\/2024\/11\/bang-flipchart-f3-the-he-moi-viet-but-long-120x80-1.png\" alt=\"bang-viet-but-long-co-chan\" width=\"1200\" height=\"799\" srcset=\"https:\/\/bangvietbavicoboard.com\/wp-content\/uploads\/2024\/11\/bang-flipchart-f3-the-he-moi-viet-but-long-120x80-1.png 1200w, https:\/\/bangvietbavicoboard.com\/wp-content\/uploads\/2024\/11\/bang-flipchart-f3-the-he-moi-viet-but-long-120x80-1-601x400.png 601w, https:\/\/bangvietbavicoboard.com\/wp-content\/uploads\/2024\/11\/bang-flipchart-f3-the-he-moi-viet-but-long-120x80-1-768x511.png 768w, https:\/\/bangvietbavicoboard.com\/wp-content\/uploads\/2024\/11\/bang-flipchart-f3-the-he-moi-viet-but-long-120x80-1-18x12.png 18w, https:\/\/bangvietbavicoboard.com\/wp-content\/uploads\/2024\/11\/bang-flipchart-f3-the-he-moi-viet-but-long-120x80-1-300x200.png 300w, https:\/\/bangvietbavicoboard.com\/wp-content\/uploads\/2024\/11\/bang-flipchart-f3-the-he-moi-viet-but-long-120x80-1-600x400.png 600w\" sizes=\"auto, (max-width: 1200px) 100vw, 1200px\" \/><figcaption id=\"caption-attachment-7949\" class=\"wp-caption-text\"><em>(B\u1ea3ng flipchart F3)<\/em><\/figcaption><\/figure>\n<p>Ch\u00e2n <strong>b\u1ea3ng flipchart F3<\/strong>: B\u1eb1ng s\u1eaft s\u01a1n t\u0129nh \u0111i\u1ec7n ch\u1ed1ng s\u00e9t, ch\u1ed1ng tr\u1ea7y. Ch\u00e2n b\u1ea3ng x\u1ebfp g\u1ecdn \u0111\u01b0\u1ee3c v\u00e0 cho ph\u00e9p \u0111i\u1ec1u ch\u1ec9nh b\u1ea3ng theo chi\u1ec1u cao theo y\u00eau c\u1ea7u s\u1eed d\u1ee5ng. C\u00f3 g\u1eafn 4 b\u00e1nh xe Taiwan di chuy\u1ec3n v\u00e0 c\u1ed1 \u0111\u1ecbnh d\u1ec5 d\u00e0ng.<\/p>\n<h2><span class=\"ez-toc-section\" id=\"Bang_flipchart_F4\"><\/span><strong>B\u1ea3ng flipchart F4<\/strong><span class=\"ez-toc-section-end\"><\/span><\/h2>\n<p>&nbsp;<\/p>\n<figure id=\"attachment_7952\" aria-describedby=\"caption-attachment-7952\" style=\"width: 1200px\" class=\"wp-caption alignnone\"><img loading=\"lazy\" decoding=\"async\" class=\"size-full wp-image-7952\" src=\"https:\/\/bangvietbavicoboard.com\/wp-content\/uploads\/2024\/11\/bang_flipchart_f4_120x80.png\" alt=\"\" width=\"1200\" height=\"800\" srcset=\"https:\/\/bangvietbavicoboard.com\/wp-content\/uploads\/2024\/11\/bang_flipchart_f4_120x80.png 1200w, https:\/\/bangvietbavicoboard.com\/wp-content\/uploads\/2024\/11\/bang_flipchart_f4_120x80-600x400.png 600w, https:\/\/bangvietbavicoboard.com\/wp-content\/uploads\/2024\/11\/bang_flipchart_f4_120x80-768x512.png 768w, https:\/\/bangvietbavicoboard.com\/wp-content\/uploads\/2024\/11\/bang_flipchart_f4_120x80-18x12.png 18w, https:\/\/bangvietbavicoboard.com\/wp-content\/uploads\/2024\/11\/bang_flipchart_f4_120x80-300x200.png 300w\" sizes=\"auto, (max-width: 1200px) 100vw, 1200px\" \/><figcaption id=\"caption-attachment-7952\" class=\"wp-caption-text\"><em>(B\u1ea3ng flipchart F4)<\/em><\/figcaption><\/figure>\n<p><strong>B\u1ea3ng flipchart F4<\/strong> c\u00f3 th\u1ec3 l\u1ef1a ch\u1ecdn hai lo\u1ea1i m\u1eb7t b\u1ea3ng:<em> Poly Taiwan v\u00e0 t\u1eeb H\u00e0n Qu\u1ed1c<\/em><\/p>\n<p>Khung ch\u00e2n b\u1ea3ng Flipchart F4: l\u00e0m b\u1eb1ng s\u1eaft ch\u1ed1ng r\u1ec9 20x40mm s\u01a1n t\u0129nh \u0111i\u1ec7n m\u00e0u tr\u1eafng s\u1eefa, ch\u1eafc ch\u1eafn. C\u00f3 g\u1eafn b\u1ed1n b\u00e1nh xe hi\u1ec7u Taiwan gi\u00fap di chuy\u1ec3n d\u1ec5 d\u00e0ng v\u00e0 kh\u00f3a c\u1ed1 \u0111\u1ecbnh khi kh\u00f4ng s\u1eed d\u1ee5ng. KHUNG CH\u00c2N CHO PH\u00c9P \u0110I\u1ec0U CH\u1ec8NH \u0110\u1ed8 CAO.<\/p>\n<p>&nbsp;<\/p>\n<h2><span class=\"ez-toc-section\" id=\"Bang_flipchart_3_chan\"><\/span><strong>Flipchart with three legs board<\/strong><span class=\"ez-toc-section-end\"><\/span><\/h2>\n<figure id=\"attachment_8224\" aria-describedby=\"caption-attachment-8224\" style=\"width: 962px\" class=\"wp-caption alignnone\"><img loading=\"lazy\" decoding=\"async\" class=\"size-full wp-image-8224\" src=\"https:\/\/bangvietbavicoboard.com\/wp-content\/uploads\/2024\/11\/bang_flipchart_3_chan_120x80.png\" alt=\"B\u1ea3ng flipchart Upside down\" width=\"962\" height=\"642\" srcset=\"https:\/\/bangvietbavicoboard.com\/wp-content\/uploads\/2024\/11\/bang_flipchart_3_chan_120x80.png 962w, https:\/\/bangvietbavicoboard.com\/wp-content\/uploads\/2024\/11\/bang_flipchart_3_chan_120x80-599x400.png 599w, https:\/\/bangvietbavicoboard.com\/wp-content\/uploads\/2024\/11\/bang_flipchart_3_chan_120x80-768x513.png 768w, https:\/\/bangvietbavicoboard.com\/wp-content\/uploads\/2024\/11\/bang_flipchart_3_chan_120x80-18x12.png 18w, https:\/\/bangvietbavicoboard.com\/wp-content\/uploads\/2024\/11\/bang_flipchart_3_chan_120x80-300x200.png 300w, https:\/\/bangvietbavicoboard.com\/wp-content\/uploads\/2024\/11\/bang_flipchart_3_chan_120x80-600x400.png 600w\" sizes=\"auto, (max-width: 962px) 100vw, 962px\" \/><figcaption id=\"caption-attachment-8224\" class=\"wp-caption-text\"><em>(B\u1ea3ng flipchart c\u00f3 3 ch\u00e2n)<\/em><\/figcaption><\/figure>\n<p><strong>B\u1ea3ng Flipchart 3 ch\u00e2n<\/strong>\u00a0l\u00e0 d\u00f2ng s\u1ea3n ph\u1ea9m m\u1edbi c\u00f3 th\u1ec3 t\u0103ng gi\u1ea3m \u0111\u1ed9 cao v\u00e0 r\u1ea5t g\u1ecdn nh\u1eb9 c\u00f3 th\u1ec3 di chuy\u1ec3n cho m\u1ecdi kh\u00f4ng gian.<\/p>\n<p>CH\u00c2N\u00a0B\u1ea2NG: v\u1edbi 3 ch\u00e2n b\u1ea3ng \u0111\u01b0\u1ee3c l\u00e0m b\u1eb1ng s\u1eaft ch\u1ed1ng s\u00e9t vu\u00f4ng 20mm, s\u01a1n t\u0129nh \u0111i\u1ec7n m\u00e0u tr\u1eafng t\u1ea1o th\u00e0nh m\u1eb7t ph\u1eb3ng ti\u1ebfp \u0111\u1ea5t ch\u1ed1ng g\u1eadp g\u1ec1nh nh\u01b0 b\u1ea3ng 4 ch\u00e2n. CHO PH\u00c9P \u0110I\u1ec0U CH\u1ec8NH \u0110\u1ed8 CAO.<\/p>\n<h1><span class=\"ez-toc-section\" id=\"Muc_dich_su_dung_cua_bang_flipchart_van_phong\"><\/span><strong>M\u1ee5c \u0111\u00edch s\u1eed d\u1ee5ng c\u1ee7a b\u1ea3ng flipchart v\u0103n ph\u00f2ng<\/strong><span class=\"ez-toc-section-end\"><\/span><\/h1>\n<p><strong>B\u1ea3ng flipchart v\u0103n ph\u00f2ng<\/strong>\u00a0th\u1ef1c s\u1ef1 l\u00e0 m\u1ed9t c\u00f4ng c\u1ee5 \u0111a n\u0103ng v\u00ec c\u00f3 nhi\u1ec1u m\u1ee5c \u0111\u00edch s\u1eed d\u1ee5ng, bao g\u1ed3m:<\/p>\n<ul style=\"list-style-type: circle;\">\n<li><strong>Tr\u00ecnh b\u00e0y th\u00f4ng tin<\/strong>: Gi\u00fap ng\u01b0\u1eddi thuy\u1ebft tr\u00ecnh ghi l\u1ea1i v\u00e0 tr\u00ecnh b\u00e0y c\u00e1c \u00fd t\u01b0\u1edfng, s\u1ed1 li\u1ec7u ho\u1eb7c th\u00f4ng tin m\u1ed9t c\u00e1ch tr\u1ef1c quan v\u00e0 d\u1ec5 hi\u1ec3u.<\/li>\n<li><strong>H\u1ecdp v\u00e0 Th\u1ea3o lu\u1eadn<\/strong>: Th\u00edch h\u1ee3p cho c\u00e1c cu\u1ed9c h\u1ecdp, n\u01a1i b\u1ea1n c\u00f3 th\u1ec3 ghi l\u1ea1i c\u00e1c \u0111i\u1ec3m quan tr\u1ecdng, \u00fd ki\u1ebfn v\u00e0 ph\u1ea3n h\u1ed3i t\u1eeb c\u00e1c th\u00e0nh vi\u00ean tham gia.<\/li>\n<li><strong>Brainstorming<\/strong>: L\u00e0 c\u00f4ng c\u1ee5 h\u1eefu \u00edch trong c\u00e1c bu\u1ed5i brainstorming, gi\u00fap nh\u00f3m ghi l\u1ea1i c\u00e1c \u00fd t\u01b0\u1edfng m\u1ed9t c\u00e1ch nhanh ch\u00f3ng v\u00e0 d\u1ec5 d\u00e0ng.<\/li>\n<li><strong>Gi\u00e1o d\u1ee5c v\u00e0 \u0110\u00e0o t\u1ea1o<\/strong>: \u0110\u01b0\u1ee3c s\u1eed d\u1ee5ng trong c\u00e1c bu\u1ed5i \u0111\u00e0o t\u1ea1o ho\u1eb7c gi\u1ea3ng d\u1ea1y, gi\u00fap gi\u00e1o vi\u00ean ho\u1eb7c ng\u01b0\u1eddi h\u01b0\u1edbng d\u1eabn truy\u1ec1n \u0111\u1ea1t ki\u1ebfn th\u1ee9c m\u1ed9t c\u00e1ch sinh \u0111\u1ed9ng.<\/li>\n<li><strong>T\u1ed5 ch\u1ee9c th\u00f4ng tin<\/strong>: Gi\u00fap s\u1eafp x\u1ebfp v\u00e0 ph\u00e2n lo\u1ea1i th\u00f4ng tin m\u1ed9t c\u00e1ch r\u00f5 r\u00e0ng, d\u1ec5 d\u00e0ng theo d\u00f5i v\u00e0 c\u1eadp nh\u1eadt.<\/li>\n<li><strong>Trang tr\u00ed kh\u00f4ng gian<\/strong>: V\u1edbi thi\u1ebft k\u1ebf \u0111\u01a1n gi\u1ea3n v\u00e0 hi\u1ec7n \u0111\u1ea1i, b\u1ea3ng flipchart c\u00f3 th\u1ec3 g\u00f3p ph\u1ea7n l\u00e0m cho kh\u00f4ng gian v\u0103n ph\u00f2ng tr\u1edf n\u00ean chuy\u00ean nghi\u1ec7p h\u01a1n.<\/li>\n<\/ul>\n<h1><span class=\"ez-toc-section\" id=\"Bao_hanh\"><\/span><strong>B\u1ea3o h\u00e0nh<\/strong><span class=\"ez-toc-section-end\"><\/span><\/h1>\n<p>+ Th\u1eddi gian b\u1ea3o h\u00e0nh t\u1eeb 12 \u2013 36 th\u00e1ng do l\u1ed7i c\u1ee7a nh\u00e0 s\u1ea3n xu\u1ea5t.<br \/>\n+ Qu\u00fd kh\u00e1ch h\u00e0ng gi\u1eef l\u1ea1i Gi\u1ea5y giao h\u00e0ng v\u00e0 g\u1ecdi cho s\u1ed1 Hotline <span style=\"color: #0000ff;\"><strong>0938 623 068<\/strong><\/span> ho\u1eb7c kinh doanh tr\u00ean gi\u1ea5y giao h\u00e0ng\/ tr\u00ean website n\u00e0y \u0111\u1ec3 \u0111\u01b0\u1ee3c h\u1ed7 tr\u1ee3 !<\/p>\n<p><img decoding=\"async\" src=\"https:\/\/bangvietbavicoboard.com\/wp-content\/uploads\/2024\/07\/xe-tai.jpg\" \/><\/p>\n<h1><\/h1>\n<h1><span class=\"ez-toc-section\" id=\"Su_dung_bang_flipchart_van_phong_sao_cho_dung\"><\/span><strong>S\u1eed d\u1ee5ng b\u1ea3ng flipchart v\u0103n ph\u00f2ng sao cho \u0111\u00fang?<\/strong><span class=\"ez-toc-section-end\"><\/span><\/h1>\n<p>\u0110\u1ec3 \u0111\u1ea3m b\u1ea3o<strong> Flipchart board<\/strong>\u00a0lu\u00f4n trong t\u00ecnh tr\u1ea1ng t\u1ed1t nh\u1ea5t, b\u1ea1n c\u1ea7n l\u01b0u \u00fd m\u1ed9t s\u1ed1 c\u00e1ch b\u1ea3o qu\u1ea3n sau \u0111\u00e2y:<\/p>\n<ul>\n<li><em>V\u1ec7 Sinh \u0110\u1ecbnh K\u1ef3<\/em>: S\u1eed d\u1ee5ng kh\u0103n m\u1ec1m v\u00e0 dung d\u1ecbch v\u1ec7 sinh nh\u1eb9 nh\u00e0ng \u0111\u1ec3 lau s\u1ea1ch b\u1ec1 m\u1eb7t b\u1ea3ng. Tr\u00e1nh s\u1eed d\u1ee5ng c\u00e1c ch\u1ea5t t\u1ea9y r\u1eeda m\u1ea1nh c\u00f3 th\u1ec3 l\u00e0m h\u1ecfng b\u1ec1 m\u1eb7t b\u1ea3ng.<\/li>\n<li><em>Tr\u00e1nh \u00c1nh N\u1eafng Tr\u1ef1c Ti\u1ebfp<\/em>: \u0110\u1eb7t b\u1ea3ng \u1edf v\u1ecb tr\u00ed kh\u00f4ng b\u1ecb \u00e1nh n\u1eafng m\u1eb7t tr\u1eddi chi\u1ebfu tr\u1ef1c ti\u1ebfp \u0111\u1ec3 tr\u00e1nh t\u00ecnh tr\u1ea1ng phai m\u00e0u v\u00e0 gi\u1ea3m \u0111\u1ed9 b\u1ec1n c\u1ee7a s\u1ea3n ph\u1ea9m.<\/li>\n<li><em>S\u1eed D\u1ee5ng B\u00fat Ch\u1ea5t L\u01b0\u1ee3ng<\/em>: \u0110\u1ed1i v\u1edbi b\u1ea3ng vi\u1ebft b\u00fat l\u00f4ng, h\u00e3y s\u1eed d\u1ee5ng b\u00fat ch\u1ea5t l\u01b0\u1ee3ng cao,\u00a0<em><span style=\"color: #ed1c24;\">tuy\u1ec7t \u0111\u1ed1i kh\u00f4ng s\u1eed d\u1ee5ng b\u00fat l\u00f4ng d\u1ea7u<\/span><\/em> tr\u00e1nh l\u00e0m h\u01b0 h\u1ea1i m\u1eb7t b\u1ea3ng khi lau ch\u00f9i<span style=\"color: #000000; font-size: 14.4px;\">\u00a0<\/span>v\u00e0 \u0111\u1ea3m b\u1ea3o n\u1eafp b\u00fat \u0111\u01b0\u1ee3c \u0111\u1eady k\u00edn sau khi s\u1eed d\u1ee5ng \u0111\u1ec3 tr\u00e1nh l\u00e0m kh\u00f4 m\u1ef1c.<\/li>\n<li><em>Ki\u1ec3m Tra Khung B\u1ea3ng<\/em>: \u0110\u1ecbnh k\u1ef3 ki\u1ec3m tra khung b\u1ea3ng v\u00e0 c\u00e1c b\u1ed9 ph\u1eadn g\u1eafn t\u01b0\u1eddng \u0111\u1ec3 \u0111\u1ea3m b\u1ea3o ch\u00fang kh\u00f4ng b\u1ecb l\u1ecfng l\u1ebbo ho\u1eb7c h\u01b0 h\u1ecfng.<\/li>\n<li><em>Tr\u00e1nh Va Ch\u1ea1m M\u1ea1nh<\/em>: Khi di chuy\u1ec3n b\u1ea3ng, h\u1ea1n ch\u1ebf va ch\u1ea1m m\u1ea1nh v\u1edbi b\u1ea3ng \u0111\u1ec3 tr\u00e1nh l\u00e0m tr\u1ea7y x\u01b0\u1edbc ho\u1eb7c h\u01b0 h\u1ecfng b\u1ec1 m\u1eb7t.<\/li>\n<\/ul>\n<h2><span class=\"ez-toc-section\" id=\"%3E%3E%3E_Moi_Quy_khach_hang_click_tham_khao_cac_loai_Bang_flipchart_khac\"><\/span><a href=\"https:\/\/bangvietbavicoboard.com\/en\/product-category\/bang-flipchart\/\"><em>&gt;&gt;&gt; M\u1eddi Qu\u00fd kh\u00e1ch h\u00e0ng click tham kh\u1ea3o c\u00e1c lo\u1ea1i B\u1ea3ng flipchart kh\u00e1c<\/em><\/a><span class=\"ez-toc-section-end\"><\/span><\/h2>\n<p>&nbsp;<\/p>","protected":false},"excerpt":{"rendered":"<p><strong>&#8211; B\u1ea3ng flipchart v\u0103n ph\u00f2ng<\/strong> \u0111\u01b0\u1ee3c s\u1eed d\u1ee5ng trong c\u00e1c bu\u1ed5i \u0111\u00e0o t\u1ea1o ho\u1eb7c c\u00e1c cu\u1ed9c h\u1ecdp, gi\u00fap ng\u01b0\u1eddi h\u01b0\u1edbng d\u1eabn truy\u1ec1n \u0111\u1ea1t ki\u1ebfn th\u1ee9c v\u00e0 \u00fd t\u01b0\u1edfng m\u1ed9t c\u00e1ch sinh \u0111\u1ed9ng.<\/p>\n<p>&#8211; Gi\u00e1 \u00e1p d\u1ee5ng t\u1ea1i H\u00f3c M\u00f4n, C\u1ee7 Chi v\u00e0 khu v\u1ef1c n\u1ed9i th\u00e0nh TPHCM (Q1,2,3,4,5,6,7,8,9,10,11,12,T\u00e2n B\u00ecnh, B\u00ecnh T\u00e2n, T\u00e2n Ph\u00fa, Ph\u00fa Nhu\u1eadn, B\u00ecnh Th\u1ea1nh, G\u00f2 V\u1ea5p)<br \/>\nMI\u1ec4N PH\u00cd giao h\u00e0ng &amp; l\u1eafp \u0111\u1eb7t<\/p>","protected":false},"featured_media":8408,"comment_status":"open","ping_status":"closed","template":"","meta":{"_acf_changed":false},"product_brand":[],"product_cat":[469],"product_tag":[],"class_list":{"0":"post-8405","1":"product","2":"type-product","3":"status-publish","4":"has-post-thumbnail","6":"product_cat-bang-flipchart","8":"first","9":"instock","10":"shipping-taxable","11":"purchasable","12":"product-type-variable"},"acf":[],"_links":{"self":[{"href":"https:\/\/bangvietbavicoboard.com\/en\/wp-json\/wp\/v2\/product\/8405","targetHints":{"allow":["GET"]}}],"collection":[{"href":"https:\/\/bangvietbavicoboard.com\/en\/wp-json\/wp\/v2\/product"}],"about":[{"href":"https:\/\/bangvietbavicoboard.com\/en\/wp-json\/wp\/v2\/types\/product"}],"replies":[{"embeddable":true,"href":"https:\/\/bangvietbavicoboard.com\/en\/wp-json\/wp\/v2\/comments?post=8405"}],"wp:featuredmedia":[{"embeddable":true,"href":"https:\/\/bangvietbavicoboard.com\/en\/wp-json\/wp\/v2\/media\/8408"}],"wp:attachment":[{"href":"https:\/\/bangvietbavicoboard.com\/en\/wp-json\/wp\/v2\/media?parent=8405"}],"wp:term":[{"taxonomy":"product_brand","embeddable":true,"href":"https:\/\/bangvietbavicoboard.com\/en\/wp-json\/wp\/v2\/product_brand?post=8405"},{"taxonomy":"product_cat","embeddable":true,"href":"https:\/\/bangvietbavicoboard.com\/en\/wp-json\/wp\/v2\/product_cat?post=8405"},{"taxonomy":"product_tag","embeddable":true,"href":"https:\/\/bangvietbavicoboard.com\/en\/wp-json\/wp\/v2\/product_tag?post=8405"}],"curies":[{"name":"wp","href":"https:\/\/api.w.org\/{rel}","templated":true}]}}