{"id":8181,"date":"2024-11-13T02:31:15","date_gmt":"2024-11-13T02:31:15","guid":{"rendered":"https:\/\/bangvietbavicoboard.com\/?post_type=product&#038;p=8181"},"modified":"2025-03-01T06:31:48","modified_gmt":"2025-03-01T06:31:48","slug":"bang-viet-but-long-dan-tuong","status":"publish","type":"product","link":"https:\/\/bangvietbavicoboard.com\/en\/product\/bang-viet-but-long-dan-tuong\/","title":{"rendered":"B\u1ea3ng vi\u1ebft b\u00fat l\u00f4ng d\u00e1n t\u01b0\u1eddng"},"content":{"rendered":"<h1 style=\"text-align: center;\"><span class=\"ez-toc-section\" id=\"Bang_viet_but_long_dan_tuong\"><\/span><span style=\"color: #ed1c24;\"><strong>B\u1ea3ng vi\u1ebft b\u00fat l\u00f4ng d\u00e1n t\u01b0\u1eddng<\/strong><\/span><span class=\"ez-toc-section-end\"><\/span><\/h1>\n<p><strong>B\u1ea3ng vi\u1ebft b\u00fat l\u00f4ng d\u00e1n t\u01b0\u1eddng<\/strong> l\u00e0 s\u1ea3n ph\u1ea9m t\u1ea1o ra m\u1ed9t kh\u00f4ng gian m\u1edf, sang tr\u1ecdng hi\u1ec7n \u0111\u1ea1i v\u00e0 kh\u00e1c bi\u1ebft cho kh\u00f4ng gian v\u0103n ph\u00f2ng v\u00e0 training. V\u1edbi 22 n\u0103m trong l\u0129nh v\u1ef1c s\u1ea3n xu\u1ea5t b\u1ea3ng vi\u1ebft c\u00f4ng ty thi\u1ebft b\u1ecb gi\u00e1o d\u1ee5c <span style=\"text-decoration: underline; color: #800080;\"><a style=\"color: #800080;\" href=\"https:\/\/bangvietbavicoboard.com\/en\/\">B<\/a>AVICO<\/span> \u0111\u00e3 cho ra \u0111\u1eddi d\u00f2ng s\u1ea3n ph\u1ea9m cao c\u1ea5p n\u00e0y v\u00e0 \u0111\u00e3 \u0111\u01b0\u1ee3c nhi\u1ec1u kh\u00e1ch h\u00e0ng t\u00edn nhi\u1ec7m s\u1eed d\u1ee5ng.<\/p>\n<figure id=\"attachment_8193\" aria-describedby=\"caption-attachment-8193\" style=\"width: 1200px\" class=\"wp-caption alignnone\"><img loading=\"lazy\" decoding=\"async\" class=\"wp-image-8193 size-full\" src=\"https:\/\/bangvietbavicoboard.com\/wp-content\/uploads\/2024\/11\/bang-dan-tuong-logo-120x90-1.png\" alt=\"\" width=\"1200\" height=\"900\" srcset=\"https:\/\/bangvietbavicoboard.com\/wp-content\/uploads\/2024\/11\/bang-dan-tuong-logo-120x90-1.png 1200w, https:\/\/bangvietbavicoboard.com\/wp-content\/uploads\/2024\/11\/bang-dan-tuong-logo-120x90-1-533x400.png 533w, https:\/\/bangvietbavicoboard.com\/wp-content\/uploads\/2024\/11\/bang-dan-tuong-logo-120x90-1-1067x800.png 1067w, https:\/\/bangvietbavicoboard.com\/wp-content\/uploads\/2024\/11\/bang-dan-tuong-logo-120x90-1-768x576.png 768w, https:\/\/bangvietbavicoboard.com\/wp-content\/uploads\/2024\/11\/bang-dan-tuong-logo-120x90-1-16x12.png 16w, https:\/\/bangvietbavicoboard.com\/wp-content\/uploads\/2024\/11\/bang-dan-tuong-logo-120x90-1-300x225.png 300w, https:\/\/bangvietbavicoboard.com\/wp-content\/uploads\/2024\/11\/bang-dan-tuong-logo-120x90-1-600x450.png 600w\" sizes=\"auto, (max-width: 1200px) 100vw, 1200px\" \/><figcaption id=\"caption-attachment-8193\" class=\"wp-caption-text\">(B\u1ea3ng vi\u1ebft b\u00fat l\u00f4ng d\u00e1n t\u01b0\u1eddng)<\/figcaption><\/figure>\n<h1><span class=\"ez-toc-section\" id=\"Cau_tao_bang_trang_viet_but_long_dan_tuong\"><\/span><strong>C\u1ea5u t\u1ea1o\u00a0b\u1ea3ng tr\u1eafng vi\u1ebft b\u00fat l\u00f4ng d\u00e1n t\u01b0\u1eddng<\/strong><span class=\"ez-toc-section-end\"><\/span><\/h1>\n<p><strong>B\u1ea3ng tr\u1eafng vi\u1ebft b\u00fat l\u00f4ng d\u00e1n t\u01b0\u1eddng<\/strong>\u00a0t\u1ea1i Bavico c\u00f3 c\u1ea5u t\u1ea1o bao g\u1ed3m:<\/p>\n<ul>\n<li>M\u1eb7t b\u1ea3ng \u0111\u01b0\u1ee3c nh\u1eadp tr\u1ef1c ti\u1ebfp t\u1eeb c\u00e1c n\u01b0\u1edbc n\u1ed5i ti\u1ebfng nh\u01b0 H\u00c0N QU\u1ed0C, \u1ea4N \u0110\u1ed8, B\u1ec8 v\u1edbi \u0111\u1ea7y \u0111\u1ee7 ch\u1ee9ng t\u1eeb nh\u1eadp kh\u1ea9u.<\/li>\n<li>T\u1ea5m l\u00f3t b\u1ea3ng tr\u1eafng vi\u1ebft b\u00fat l\u00f4ng \u0111\u01b0\u1ee3c l\u00f3t b\u1eb1ng v\u00e1n MDF c\u1ee7a Th\u00e1i Lan ch\u1ed1ng \u1ea9m d\u00e0y 2.5ly.<\/li>\n<li>Khung b\u1ea3ng: Kh\u00f4ng c\u00f3 khung vi\u1ec1n gi\u00fap ti\u1ebft ki\u1ec7m t\u1ed1i \u0111a kh\u00f4ng gian vi\u1ebft cho b\u1ea1n, t\u1ea1o c\u1ea3m gi\u00e1c tho\u1ea3i m\u00e1i nh\u1ea5t khi vi\u1ebft.<\/li>\n<\/ul>\n<p>Ch\u1ee9ng nh\u1eadn xu\u1ea5t x\u1ee9 v\u00e0 nh\u1eadp kh\u1ea9u CO\/CQ r\u00f5 r\u00e0ng.<\/p>\n<table style=\"border-collapse: collapse; width: 100%;\">\n<tbody>\n<tr>\n<td style=\"width: 50%;\"><img loading=\"lazy\" decoding=\"async\" class=\"alignnone size-full wp-image-7608\" src=\"https:\/\/bangvietbavicoboard.com\/wp-content\/uploads\/2024\/08\/CQ-CO_BI.jpg\" alt=\"\" width=\"733\" height=\"536\" srcset=\"https:\/\/bangvietbavicoboard.com\/wp-content\/uploads\/2024\/08\/CQ-CO_BI.jpg 733w, https:\/\/bangvietbavicoboard.com\/wp-content\/uploads\/2024\/08\/CQ-CO_BI-547x400.jpg 547w, https:\/\/bangvietbavicoboard.com\/wp-content\/uploads\/2024\/08\/CQ-CO_BI-16x12.jpg 16w, https:\/\/bangvietbavicoboard.com\/wp-content\/uploads\/2024\/08\/CQ-CO_BI-300x219.jpg 300w, https:\/\/bangvietbavicoboard.com\/wp-content\/uploads\/2024\/08\/CQ-CO_BI-600x439.jpg 600w\" sizes=\"auto, (max-width: 733px) 100vw, 733px\" \/><\/td>\n<td style=\"width: 50%;\"><img loading=\"lazy\" decoding=\"async\" class=\"size-full wp-image-7609\" src=\"https:\/\/bangvietbavicoboard.com\/wp-content\/uploads\/2024\/08\/bang-viet-but-long-tu-ceramic-chung-nhan-sp-bavico.jpg\" alt=\"\" width=\"468\" height=\"346\" srcset=\"https:\/\/bangvietbavicoboard.com\/wp-content\/uploads\/2024\/08\/bang-viet-but-long-tu-ceramic-chung-nhan-sp-bavico.jpg 468w, https:\/\/bangvietbavicoboard.com\/wp-content\/uploads\/2024\/08\/bang-viet-but-long-tu-ceramic-chung-nhan-sp-bavico-16x12.jpg 16w, https:\/\/bangvietbavicoboard.com\/wp-content\/uploads\/2024\/08\/bang-viet-but-long-tu-ceramic-chung-nhan-sp-bavico-300x222.jpg 300w\" sizes=\"auto, (max-width: 468px) 100vw, 468px\" \/><\/td>\n<\/tr>\n<\/tbody>\n<\/table>\n<h2><span class=\"ez-toc-section\" id=\"Cac_loai_Bang_trang_viet_but_long_dan_tuong\"><\/span><strong>C\u00e1c lo\u1ea1i\u00a0B\u1ea3ng tr\u1eafng vi\u1ebft b\u00fat l\u00f4ng d\u00e1n t\u01b0\u1eddng:<\/strong><span class=\"ez-toc-section-end\"><\/span><\/h2>\n<p>&gt;&gt;&gt;<strong><a href=\"https:\/\/www.youtube.com\/watch?v=8bQfHh2K-KM\" target=\"_blank\" rel=\"noopener\"><em><span style=\"color: #0000ff;\">(Click xem video) M\u1eb7t b\u1ea3ng Cao c\u1ea5p \u1ea4n \u0110\u1ed9<\/span><\/em><\/a><\/strong>: v\u1edbi ch\u1ea5t li\u1ec7u m\u1eb7t b\u1ea3ng s\u1eed d\u1ee5ng b\u1eb1ng Greelam \u0111\u01b0\u1ee3c nh\u1eadp kh\u1ea9u t\u1eeb \u1ea4n \u0110\u1ed9 v\u1edbi c\u00e1c \u01b0u \u0111i\u1ec3m d\u1ec5 vi\u1ebft kh\u00f4ng lem m\u1ef1c, d\u1ec5 x\u00f3a kh\u00f4ng \u0111\u1ec3 l\u1ea1i d\u1ea5u, ch\u1ed1ng l\u00f3a, ch\u1ed1ng m\u00e0i m\u00f2n tr\u01a1n tr\u01b0\u1ee3t. C\u00f3 th\u1ec3 t\u00f9y ch\u1ecdn m\u1eb7t b\u1ea3ng tr\u1eafng tr\u01a1n ho\u1eb7c c\u00f3 k\u1ebb \u00f4 ly gi\u00e1 th\u00e0nh kh\u00f4ng \u0111\u1ed5i.<\/p>\n<p>&gt;&gt;&gt;\u00a0<strong><em><span style=\"color: #0000ff;\">(Click xem video) M\u1eb7t b\u1ea3ng t\u1eeb H\u00e0n Qu\u1ed1c:<\/span><\/em><\/strong> Ch\u1ea5t li\u1ec7u m\u1eb7t b\u1ea3ng nh\u1eadp kh\u1ea9u t\u1eeb DK Dongshin &#8211; Korea, c\u00f3 \u0111\u00ednh nam ch\u00e2m k\u1eb9p t\u00e0i li\u1ec7u, vi\u1ebft \u00eam lau s\u1ea1ch b\u00f3ng, c\u00f3 in s\u1eb3n \u00f4 ly ch\u00ecm vu\u00f4ng 5cm. B\u1ea3o h\u00e0nh: 12 th\u00e1ng.<\/p>\n<p>&gt;&gt;&gt;<span style=\"color: #0000ff;\">\u00a0<a style=\"color: #0000ff;\" href=\"https:\/\/www.youtube.com\/watch?v=5QhlliLXzpA\" target=\"_blank\" rel=\"noopener\"><em><strong>(Click xem video) M\u1eb7t b\u1ea3ng t\u1eeb Ceramic-B\u1ec9:<\/strong><\/em><\/a><\/span>\u00a0ch\u1ed1ng tr\u1ea7y (dao c\u1ea1o kh\u00f4ng tr\u1ea7y), ch\u1ed1ng ch\u00e1y, ch\u1ed1ng h\u01b0 h\u1ea1i b\u1edfi h\u00f3a ch\u1ea5t, kh\u00e1ng khu\u1ea9n, \u0111\u00ednh nam ch\u00e2m k\u1eb9p t\u00e0i li\u1ec7u, m\u1eb7t b\u1ea3ng tr\u1eafng tr\u01a1n kh\u00f4ng \u00f4 ly. \u0110\u1ed9 b\u1ec1n l\u00ean \u0111\u1ebfn\u00a0<strong>40 n\u0103m<\/strong>. B\u1ea3o h\u00e0nh 12-36 th\u00e1ng.<\/p>\n<figure id=\"attachment_8191\" aria-describedby=\"caption-attachment-8191\" style=\"width: 1196px\" class=\"wp-caption alignnone\"><img loading=\"lazy\" decoding=\"async\" class=\"wp-image-8191 size-full\" src=\"https:\/\/bangvietbavicoboard.com\/wp-content\/uploads\/2024\/11\/bang-dan-tuong-logo-120x80-4.png\" alt=\"\" width=\"1196\" height=\"798\" srcset=\"https:\/\/bangvietbavicoboard.com\/wp-content\/uploads\/2024\/11\/bang-dan-tuong-logo-120x80-4.png 1196w, https:\/\/bangvietbavicoboard.com\/wp-content\/uploads\/2024\/11\/bang-dan-tuong-logo-120x80-4-599x400.png 599w, https:\/\/bangvietbavicoboard.com\/wp-content\/uploads\/2024\/11\/bang-dan-tuong-logo-120x80-4-768x512.png 768w, https:\/\/bangvietbavicoboard.com\/wp-content\/uploads\/2024\/11\/bang-dan-tuong-logo-120x80-4-18x12.png 18w, https:\/\/bangvietbavicoboard.com\/wp-content\/uploads\/2024\/11\/bang-dan-tuong-logo-120x80-4-300x200.png 300w, https:\/\/bangvietbavicoboard.com\/wp-content\/uploads\/2024\/11\/bang-dan-tuong-logo-120x80-4-600x400.png 600w\" sizes=\"auto, (max-width: 1196px) 100vw, 1196px\" \/><figcaption id=\"caption-attachment-8191\" class=\"wp-caption-text\">(B\u1ea3ng tr\u1eafng vi\u1ebft b\u00fat l\u00f4ng d\u00e1n t\u01b0\u1eddng kh\u00f4ng t\u1eeb)<\/figcaption><\/figure>\n<p>&nbsp;<\/p>\n<figure id=\"attachment_8192\" aria-describedby=\"caption-attachment-8192\" style=\"width: 1200px\" class=\"wp-caption alignnone\"><img loading=\"lazy\" decoding=\"async\" class=\"size-full wp-image-8192\" src=\"https:\/\/bangvietbavicoboard.com\/wp-content\/uploads\/2024\/11\/bang-dan-tuong-logo-120x90-2.png\" alt=\"\" width=\"1200\" height=\"900\" srcset=\"https:\/\/bangvietbavicoboard.com\/wp-content\/uploads\/2024\/11\/bang-dan-tuong-logo-120x90-2.png 1200w, https:\/\/bangvietbavicoboard.com\/wp-content\/uploads\/2024\/11\/bang-dan-tuong-logo-120x90-2-533x400.png 533w, https:\/\/bangvietbavicoboard.com\/wp-content\/uploads\/2024\/11\/bang-dan-tuong-logo-120x90-2-1067x800.png 1067w, https:\/\/bangvietbavicoboard.com\/wp-content\/uploads\/2024\/11\/bang-dan-tuong-logo-120x90-2-768x576.png 768w, https:\/\/bangvietbavicoboard.com\/wp-content\/uploads\/2024\/11\/bang-dan-tuong-logo-120x90-2-16x12.png 16w, https:\/\/bangvietbavicoboard.com\/wp-content\/uploads\/2024\/11\/bang-dan-tuong-logo-120x90-2-300x225.png 300w, https:\/\/bangvietbavicoboard.com\/wp-content\/uploads\/2024\/11\/bang-dan-tuong-logo-120x90-2-600x450.png 600w\" sizes=\"auto, (max-width: 1200px) 100vw, 1200px\" \/><figcaption id=\"caption-attachment-8192\" class=\"wp-caption-text\">(B\u1ea3ng tr\u1eafng vi\u1ebft b\u00fat l\u00f4ng d\u00e1n t\u01b0\u1eddng c\u00f3 t\u1eeb)<\/figcaption><\/figure>\n<p>Qu\u00fd kh\u00e1ch c\u0169ng c\u00f3 th\u1ebf \u0111\u1eb7t k\u00edch th\u01b0\u1edbc\u00a0<strong>b\u1ea3ng tr\u1eafng vi\u1ebft b\u00fat l\u00f4ng d\u00e1n t\u01b0\u1eddng<\/strong>\u00a0theo y\u00eau c\u1ea7u mong mu\u1ed1n c\u1ee7a m\u00ecnh. T\u1ea1i Bavico, ch\u00fang t\u00f4i lu\u00f4n cung c\u1ea5p \u0111\u1ea7y \u0111\u1ee7 c\u00e1c k\u00edch th\u01b0\u1edbc t\u1eeb nh\u1ecf \u0111\u1ebfn l\u1edbn nh\u1eb1m \u0111\u00e1p \u1ee9ng t\u1ed1t nh\u1ea5t nhu c\u1ea7u c\u1ee7a qu\u00fd kh\u00e1ch.<\/p>\n<h2><span class=\"ez-toc-section\" id=\"Cac_cong_doan_thi_cong_dan_mat_bang_tai_Bavico\"><\/span><strong>C\u00e1c c\u00f4ng \u0111o\u1ea1n thi c\u00f4ng d\u00e1n m\u1eb7t b\u1ea3ng t\u1ea1i Bavico:<\/strong><span class=\"ez-toc-section-end\"><\/span><\/h2>\n<h3><span class=\"ez-toc-section\" id=\"Truoc_khi_thi_cong\"><\/span>Tr\u01b0\u1edbc khi thi c\u00f4ng:<span class=\"ez-toc-section-end\"><\/span><\/h3>\n<ul>\n<li>M\u1eb7t b\u1ea3ng v\u00e0 t\u1ea5m l\u00f3t \u0111\u01b0\u1ee3c \u00e9p b\u1eb1ng keo ch\u1ea5t l\u01b0\u1ee3ng cao.<\/li>\n<li>G\u00f3c b\u1ea3ng \u0111\u01b0\u1ee3c m\u00e0i g\u00f3c b\u1eb1ng m\u00e1y CNC r\u1ea5t chi ti\u1ebft, \u0111\u1ea1t \u0111\u1ed9 th\u1ea9m m\u1ef9 cao cho b\u1ea3ng.<\/li>\n<li>\u0110o v\u00e0 x\u00e1c \u0111\u1ecbnh k\u00edch th\u01b0\u1edbc c\u1ea7n l\u1eafp \u0111\u1eb7t theo y\u00eau c\u1ea7u.<\/li>\n<\/ul>\n<h3><span class=\"ez-toc-section\" id=\"Thi_cong_dan_tuong\"><\/span>Thi c\u00f4ng d\u00e1n t\u01b0\u1eddng:<span class=\"ez-toc-section-end\"><\/span><\/h3>\n<ul>\n<li>\u0110\u1ed1i v\u1edbi b\u1ea3ng d\u00e0i t\u1eeb 2,4m tr\u1edf xu\u1ed1ng: d\u00e1n v\u00e0o t\u01b0\u1eddng b\u1eb1ng keo chuy\u00ean d\u1ee5ng, gi\u00fap m\u1eb7t b\u1ea3ng d\u00ednh ch\u1eb7t v\u00e0o t\u01b0\u1eddng.<\/li>\n<li>\u0110\u1ed1i v\u1edbi b\u1ea3ng d\u00e0i &gt; 2,4m d\u00e1n v\u00e0o t\u01b0\u1eddng b\u1eb1ng keo v\u00e0 c\u00f3 v\u00edt \u0111\u1ea7u b\u1ecbt inox g\u1eafn h\u1ed7 tr\u1ee3 s\u00e1t m\u00ed b\u1ea3ng, \u0111\u1ea3m b\u1ea3o m\u1ef9 quan cho s\u1ea3n ph\u1ea9m sang tr\u1ecdng.<\/li>\n<li>Ki\u1ec3m tra l\u1ea1i \u0111\u1ed9 ch\u1eafc ch\u1eafn v\u00e0 b\u00e0n giao cho kh\u00e1ch h\u00e0ng.<\/li>\n<\/ul>\n<h1><span class=\"ez-toc-section\" id=\"Muc_dich_su_dung_cua_bang_viet_but_long_dan_tuong\"><\/span><strong>M\u1ee5c \u0111\u00edch s\u1eed d\u1ee5ng c\u1ee7a b\u1ea3ng vi\u1ebft b\u00fat l\u00f4ng d\u00e1n t\u01b0\u1eddng<\/strong><span class=\"ez-toc-section-end\"><\/span><\/h1>\n<figure id=\"attachment_8190\" aria-describedby=\"caption-attachment-8190\" style=\"width: 1200px\" class=\"wp-caption alignnone\"><img loading=\"lazy\" decoding=\"async\" class=\"size-full wp-image-8190\" src=\"https:\/\/bangvietbavicoboard.com\/wp-content\/uploads\/2024\/11\/bang-dan-tuong-logo-120x80-3.png\" alt=\"bang-viet-but-long-dan-tuong\" width=\"1200\" height=\"800\" srcset=\"https:\/\/bangvietbavicoboard.com\/wp-content\/uploads\/2024\/11\/bang-dan-tuong-logo-120x80-3.png 1200w, https:\/\/bangvietbavicoboard.com\/wp-content\/uploads\/2024\/11\/bang-dan-tuong-logo-120x80-3-600x400.png 600w, https:\/\/bangvietbavicoboard.com\/wp-content\/uploads\/2024\/11\/bang-dan-tuong-logo-120x80-3-768x512.png 768w, https:\/\/bangvietbavicoboard.com\/wp-content\/uploads\/2024\/11\/bang-dan-tuong-logo-120x80-3-18x12.png 18w, https:\/\/bangvietbavicoboard.com\/wp-content\/uploads\/2024\/11\/bang-dan-tuong-logo-120x80-3-300x200.png 300w\" sizes=\"auto, (max-width: 1200px) 100vw, 1200px\" \/><figcaption id=\"caption-attachment-8190\" class=\"wp-caption-text\"><em>(B\u1ea3ng vi\u1ebft b\u00fat l\u00f4ng d\u00e1n t\u01b0\u1eddng c\u00f3 t\u1eeb ph\u00f9 h\u1ee3p cho m\u1ecdi kh\u00f4ng gian)<\/em><\/figcaption><\/figure>\n<p><strong>B\u1ea3ng vi\u1ebft b\u00fat l\u00f4ng d\u00e1n t\u01b0\u1eddng<\/strong> c\u00f3 nhi\u1ec1u m\u1ee5c \u0111\u00edch s\u1eed d\u1ee5ng, bao g\u1ed3m:<\/p>\n<ul style=\"list-style-type: circle;\">\n<li><em>Gi\u00e1o d\u1ee5c v\u00e0 h\u1ecdc t\u1eadp<\/em>: Th\u00edch h\u1ee3p cho l\u1edbp h\u1ecdc, n\u01a1i gi\u00e1o vi\u00ean c\u00f3 th\u1ec3 s\u1eed d\u1ee5ng \u0111\u1ec3 gi\u1ea3ng d\u1ea1y, tr\u00ecnh b\u00e0y th\u00f4ng tin v\u00e0 khuy\u1ebfn kh\u00edch h\u1ecdc sinh ph\u00e1t bi\u1ec3u x\u00e2y d\u1ef1ng b\u00e0i.<\/li>\n<li><em>Ghi ch\u00fa v\u00e0 l\u00ean k\u1ebf ho\u1ea1ch<\/em>: Gi\u00fap b\u1ea1n ghi l\u1ea1i \u00fd t\u01b0\u1edfng, l\u1ecbch tr\u00ecnh, v\u00e0 c\u00e1c nhi\u1ec7m v\u1ee5 c\u1ea7n th\u1ef1c hi\u1ec7n m\u1ed9t c\u00e1ch d\u1ec5 d\u00e0ng v\u00e0 tr\u1ef1c quan.<\/li>\n<li><em>Truy\u1ec1n c\u1ea3m h\u1ee9ng<\/em>: L\u00e0 n\u01a1i \u0111\u1ec3 b\u1ea1n th\u1ec3 hi\u1ec7n nh\u1eefng c\u00e2u tr\u00edch d\u1eabn, h\u00ecnh \u1ea3nh ho\u1eb7c \u00fd t\u01b0\u1edfng s\u00e1ng t\u1ea1o, t\u1ea1o \u0111\u1ed9ng l\u1ef1c cho b\u1ea3n th\u00e2n v\u00e0 nh\u1eefng ng\u01b0\u1eddi xung quanh.<\/li>\n<li><em>H\u1ecdp v\u00e0 th\u1ea3o lu\u1eadn<\/em>: Trong m\u00f4i tr\u01b0\u1eddng v\u0103n ph\u00f2ng, b\u1ea3ng vi\u1ebft gi\u00fap ghi l\u1ea1i c\u00e1c \u0111i\u1ec3m quan tr\u1ecdng trong cu\u1ed9c h\u1ecdp, t\u1ea1o \u0111i\u1ec1u ki\u1ec7n cho vi\u1ec7c th\u1ea3o lu\u1eadn v\u00e0 brainstorming.<\/li>\n<li><em>Trang tr\u00ed kh\u00f4ng gian<\/em>: V\u1edbi thi\u1ebft k\u1ebf hi\u1ec7n \u0111\u1ea1i, b\u1ea3ng vi\u1ebft b\u00fat l\u00f4ng treo t\u01b0\u1eddng c\u00f2n c\u00f3 th\u1ec3 tr\u1edf th\u00e0nh m\u1ed9t ph\u1ea7n trang tr\u00ed \u0111\u1ed9c \u0111\u00e1o, l\u00e0m cho kh\u00f4ng gian s\u1ed1ng v\u00e0 l\u00e0m vi\u1ec7c tr\u1edf n\u00ean sinh \u0111\u1ed9ng h\u01a1n.<\/li>\n<li><em>T\u1ed5 ch\u1ee9c th\u00f4ng tin<\/em>: Gi\u00fap b\u1ea1n s\u1eafp x\u1ebfp v\u00e0 ph\u00e2n lo\u1ea1i th\u00f4ng tin m\u1ed9t c\u00e1ch r\u00f5 r\u00e0ng, d\u1ec5 d\u00e0ng theo d\u00f5i v\u00e0 c\u1eadp nh\u1eadt.<\/li>\n<\/ul>\n<div class=\"hide-scrollbar mb-6 flex size-full w-full max-w-[636px] flex-col items-center gap-2 overflow-y-scroll\">\n<div class=\"flex w-full flex-col items-center gap-1\">\n<div class=\"group flex w-full max-w-[636px] flex-col gap-4\">\n<div class=\"flex gap-3\">\n<div class=\"flex flex-col gap-4\">\n<div class=\"w-full max-w-[600px] overflow-auto text-wrap break-words\">\n<div class=\"w-full\">\n<p class=\"inline text-paragraph-m font-normal\">B\u1ea3ng vi\u1ebft b\u00fat l\u00f4ng d\u00e1n t\u01b0\u1eddng th\u1ef1c s\u1ef1 l\u00e0 m\u1ed9t c\u00f4ng c\u1ee5 \u0111a n\u0103ng, ph\u1ee5c v\u1ee5 nhi\u1ec1u m\u1ee5c \u0111\u00edch kh\u00e1c nhau trong cu\u1ed9c s\u1ed1ng h\u00e0ng ng\u00e0y.<\/p>\n<\/div>\n<\/div>\n<\/div>\n<\/div>\n<\/div>\n<\/div>\n<\/div>\n<p>&nbsp;<\/p>\n<h1><span class=\"ez-toc-section\" id=\"Bao_hanh\"><\/span><strong>B\u1ea3o h\u00e0nh<\/strong><span class=\"ez-toc-section-end\"><\/span><\/h1>\n<p>+ Th\u1eddi gian b\u1ea3o h\u00e0nh t\u1eeb 12 \u2013 36 th\u00e1ng do l\u1ed7i c\u1ee7a nh\u00e0 s\u1ea3n xu\u1ea5t.<br \/>\n+ Qu\u00fd kh\u00e1ch h\u00e0ng gi\u1eef l\u1ea1i Gi\u1ea5y giao h\u00e0ng v\u00e0 g\u1ecdi cho s\u1ed1 Hotline <span style=\"color: #0000ff;\"><strong>0938 623 068<\/strong><\/span> ho\u1eb7c kinh doanh tr\u00ean gi\u1ea5y giao h\u00e0ng\/ tr\u00ean website n\u00e0y \u0111\u1ec3 \u0111\u01b0\u1ee3c h\u1ed7 tr\u1ee3 !<\/p>\n<p><img decoding=\"async\" src=\"https:\/\/bangvietbavicoboard.com\/wp-content\/uploads\/2024\/07\/xe-tai.jpg\" \/><\/p>\n<h1><\/h1>\n<h1><span class=\"ez-toc-section\" id=\"Su_dung_bang_viet_but_long_dan_tuong_sao_cho_dung\"><\/span><strong>S\u1eed d\u1ee5ng b\u1ea3ng vi\u1ebft b\u00fat l\u00f4ng d\u00e1n t\u01b0\u1eddng sao cho \u0111\u00fang?<\/strong><span class=\"ez-toc-section-end\"><\/span><\/h1>\n<figure id=\"attachment_8189\" aria-describedby=\"caption-attachment-8189\" style=\"width: 1200px\" class=\"wp-caption alignnone\"><img loading=\"lazy\" decoding=\"async\" class=\"size-full wp-image-8189\" src=\"https:\/\/bangvietbavicoboard.com\/wp-content\/uploads\/2024\/11\/bang-dan-tuong-logo-120x80-2-1.png\" alt=\"\" width=\"1200\" height=\"800\" srcset=\"https:\/\/bangvietbavicoboard.com\/wp-content\/uploads\/2024\/11\/bang-dan-tuong-logo-120x80-2-1.png 1200w, https:\/\/bangvietbavicoboard.com\/wp-content\/uploads\/2024\/11\/bang-dan-tuong-logo-120x80-2-1-600x400.png 600w, https:\/\/bangvietbavicoboard.com\/wp-content\/uploads\/2024\/11\/bang-dan-tuong-logo-120x80-2-1-768x512.png 768w, https:\/\/bangvietbavicoboard.com\/wp-content\/uploads\/2024\/11\/bang-dan-tuong-logo-120x80-2-1-18x12.png 18w, https:\/\/bangvietbavicoboard.com\/wp-content\/uploads\/2024\/11\/bang-dan-tuong-logo-120x80-2-1-300x200.png 300w\" sizes=\"auto, (max-width: 1200px) 100vw, 1200px\" \/><figcaption id=\"caption-attachment-8189\" class=\"wp-caption-text\"><em>(B\u1ea3ng vi\u1ebft b\u00fat l\u00f4ng d\u00e1n t\u01b0\u1eddng thu\u1eadn ti\u1ec7n lau ch\u00f9i, d\u1ec5 d\u00e0ng s\u1eed d\u1ee5ng)<\/em><\/figcaption><\/figure>\n<p>\u0110\u1ec3 \u0111\u1ea3m b\u1ea3o m\u1eb7t<strong> b\u1ea3ng vi\u1ebft b\u00fat l\u00f4ng<\/strong>\u00a0lu\u00f4n trong t\u00ecnh tr\u1ea1ng t\u1ed1t nh\u1ea5t, b\u1ea1n c\u1ea7n l\u01b0u \u00fd m\u1ed9t s\u1ed1 c\u00e1ch b\u1ea3o qu\u1ea3n sau \u0111\u00e2y:<\/p>\n<ul>\n<li><em>V\u1ec7 Sinh \u0110\u1ecbnh K\u1ef3<\/em>: S\u1eed d\u1ee5ng kh\u0103n m\u1ec1m v\u00e0 dung d\u1ecbch v\u1ec7 sinh nh\u1eb9 nh\u00e0ng \u0111\u1ec3 lau s\u1ea1ch b\u1ec1 m\u1eb7t b\u1ea3ng. Tr\u00e1nh s\u1eed d\u1ee5ng c\u00e1c ch\u1ea5t t\u1ea9y r\u1eeda m\u1ea1nh c\u00f3 th\u1ec3 l\u00e0m h\u1ecfng b\u1ec1 m\u1eb7t b\u1ea3ng.<\/li>\n<li><em>Tr\u00e1nh \u00c1nh N\u1eafng Tr\u1ef1c Ti\u1ebfp<\/em>: \u0110\u1eb7t b\u1ea3ng \u1edf v\u1ecb tr\u00ed kh\u00f4ng b\u1ecb \u00e1nh n\u1eafng m\u1eb7t tr\u1eddi chi\u1ebfu tr\u1ef1c ti\u1ebfp \u0111\u1ec3 tr\u00e1nh t\u00ecnh tr\u1ea1ng phai m\u00e0u v\u00e0 gi\u1ea3m \u0111\u1ed9 b\u1ec1n c\u1ee7a s\u1ea3n ph\u1ea9m.<\/li>\n<li><em>S\u1eed D\u1ee5ng B\u00fat Ch\u1ea5t L\u01b0\u1ee3ng<\/em>: \u0110\u1ed1i v\u1edbi b\u1ea3ng vi\u1ebft b\u00fat l\u00f4ng, h\u00e3y s\u1eed d\u1ee5ng b\u00fat ch\u1ea5t l\u01b0\u1ee3ng cao,\u00a0<em><span style=\"color: #ed1c24;\">tuy\u1ec7t \u0111\u1ed1i kh\u00f4ng s\u1eed d\u1ee5ng b\u00fat l\u00f4ng d\u1ea7u<\/span><\/em> tr\u00e1nh l\u00e0m h\u01b0 h\u1ea1i m\u1eb7t b\u1ea3ng khi lau ch\u00f9i<span style=\"color: #000000; font-size: 14.4px;\">\u00a0<\/span>v\u00e0 \u0111\u1ea3m b\u1ea3o n\u1eafp b\u00fat \u0111\u01b0\u1ee3c \u0111\u1eady k\u00edn sau khi s\u1eed d\u1ee5ng \u0111\u1ec3 tr\u00e1nh l\u00e0m kh\u00f4 m\u1ef1c.<\/li>\n<li><em>Ki\u1ec3m Tra Khung B\u1ea3ng<\/em>: \u0110\u1ecbnh k\u1ef3 ki\u1ec3m tra khung b\u1ea3ng v\u00e0 c\u00e1c b\u1ed9 ph\u1eadn g\u1eafn t\u01b0\u1eddng \u0111\u1ec3 \u0111\u1ea3m b\u1ea3o ch\u00fang kh\u00f4ng b\u1ecb l\u1ecfng l\u1ebbo ho\u1eb7c h\u01b0 h\u1ecfng.<\/li>\n<li><em>Tr\u00e1nh Va Ch\u1ea1m M\u1ea1nh<\/em>: H\u1ea1n ch\u1ebf va ch\u1ea1m m\u1ea1nh v\u1edbi b\u1ea3ng \u0111\u1ec3 tr\u00e1nh l\u00e0m tr\u1ea7y x\u01b0\u1edbc ho\u1eb7c h\u01b0 h\u1ecfng b\u1ec1 m\u1eb7t.<\/li>\n<\/ul>\n<h2><span class=\"ez-toc-section\" id=\"%3E%3E%3E_Moi_Quy_khach_hang_click_tham_khao_cac_loai_Bang_viet_but_long_khac\"><\/span><a href=\"https:\/\/bangvietbavicoboard.com\/en\/product-category\/bang-viet-but-long\/\"><em>&gt;&gt;&gt; M\u1eddi Qu\u00fd kh\u00e1ch h\u00e0ng click tham kh\u1ea3o c\u00e1c lo\u1ea1i B\u1ea3ng vi\u1ebft b\u00fat l\u00f4ng kh\u00e1c<\/em><\/a><span class=\"ez-toc-section-end\"><\/span><\/h2>\n<p>&nbsp;<\/p>","protected":false},"excerpt":{"rendered":"<p><strong>&#8211; B\u1ea3ng vi\u1ebft b\u00fat l\u00f4ng d\u00e1n t\u01b0\u1eddng<\/strong>\u00a0th\u1ef1c s\u1ef1 l\u00e0 m\u1ed9t c\u00f4ng c\u1ee5 \u0111a n\u0103ng, ph\u1ee5c v\u1ee5 nhi\u1ec1u m\u1ee5c \u0111\u00edch kh\u00e1c nhau trong cu\u1ed9c s\u1ed1ng h\u00e0ng ng\u00e0y.<\/p>\n<p>&#8211; <strong>B\u1ea3ng vi\u1ebft b\u00fat l\u00f4ng d\u00e1n t\u01b0\u1eddng<\/strong> c\u00f3 th\u1ebf \u0111\u1eb7t k\u00edch th\u01b0\u1edbc theo y\u00eau c\u1ea7u c\u1ee7a Qu\u00fd kh\u00e1ch h\u00e0ng<\/p>\n<div class=\"hide-scrollbar mb-6 flex size-full w-full max-w-[636px] flex-col items-center gap-2 overflow-y-scroll\">\n<div class=\"flex w-full flex-col items-center gap-1\">\n<div class=\"group flex w-full max-w-[636px] flex-col gap-4\">\n<div class=\"h-6 w-full\">\n<div class=\"flex w-full items-center justify-end\"><\/div>\n<\/div>\n<\/div>\n<\/div>\n<div><\/div>\n<\/div>\n<div class=\"mt-auto grid w-full max-w-[636px] grid-cols-1 gap-6\">\n<div class=\"flex size-full flex-col gap-2\"><\/div>\n<\/div>","protected":false},"featured_media":8188,"comment_status":"open","ping_status":"closed","template":"","meta":{"_acf_changed":false},"product_brand":[],"product_cat":[480],"product_tag":[],"class_list":{"0":"post-8181","1":"product","2":"type-product","3":"status-publish","4":"has-post-thumbnail","6":"product_cat-bang-khong-khung-dan-tuong","8":"first","9":"instock","10":"shipping-taxable","11":"purchasable","12":"product-type-variable"},"acf":[],"_links":{"self":[{"href":"https:\/\/bangvietbavicoboard.com\/en\/wp-json\/wp\/v2\/product\/8181","targetHints":{"allow":["GET"]}}],"collection":[{"href":"https:\/\/bangvietbavicoboard.com\/en\/wp-json\/wp\/v2\/product"}],"about":[{"href":"https:\/\/bangvietbavicoboard.com\/en\/wp-json\/wp\/v2\/types\/product"}],"replies":[{"embeddable":true,"href":"https:\/\/bangvietbavicoboard.com\/en\/wp-json\/wp\/v2\/comments?post=8181"}],"wp:featuredmedia":[{"embeddable":true,"href":"https:\/\/bangvietbavicoboard.com\/en\/wp-json\/wp\/v2\/media\/8188"}],"wp:attachment":[{"href":"https:\/\/bangvietbavicoboard.com\/en\/wp-json\/wp\/v2\/media?parent=8181"}],"wp:term":[{"taxonomy":"product_brand","embeddable":true,"href":"https:\/\/bangvietbavicoboard.com\/en\/wp-json\/wp\/v2\/product_brand?post=8181"},{"taxonomy":"product_cat","embeddable":true,"href":"https:\/\/bangvietbavicoboard.com\/en\/wp-json\/wp\/v2\/product_cat?post=8181"},{"taxonomy":"product_tag","embeddable":true,"href":"https:\/\/bangvietbavicoboard.com\/en\/wp-json\/wp\/v2\/product_tag?post=8181"}],"curies":[{"name":"wp","href":"https:\/\/api.w.org\/{rel}","templated":true}]}}