{"id":7793,"date":"2024-08-14T06:44:46","date_gmt":"2024-08-14T06:44:46","guid":{"rendered":"https:\/\/bangvietbavicoboard.com\/?post_type=product&#038;p=7793"},"modified":"2025-02-25T11:44:39","modified_gmt":"2025-02-25T11:44:39","slug":"bang-den-cao-cap-dan-tuong","status":"publish","type":"product","link":"https:\/\/bangvietbavicoboard.com\/en\/product\/bang-den-cao-cap-dan-tuong\/","title":{"rendered":"B\u1ea3ng \u0111en cao c\u1ea5p d\u00e1n t\u01b0\u1eddng"},"content":{"rendered":"<h1 style=\"text-align: center;\"><span class=\"ez-toc-section\" id=\"Bang_den_cao_cap_dan_tuong\"><\/span><span style=\"color: #ff0000;\"><strong>B\u1ea3ng \u0111en cao c\u1ea5p d\u00e1n t\u01b0\u1eddng<\/strong><\/span><span class=\"ez-toc-section-end\"><\/span><\/h1>\n<p><span style=\"color: #000080;\"><strong>\u2665 B\u1ea3ng \u0111en cao c\u1ea5p d\u00e1n t\u01b0\u1eddng<\/strong>\u00a0is one of the top choices, leading the trend in boards.\u00a0<\/span><\/p>\n<p><span style=\"color: #000080;\">\u2665 Not only because of the quality of the board surface but also because of the luxury it brings. It makes the space brighter and more eye-catching.<\/span><\/p>\n<p><span style=\"color: #000080;\">\u2665 Grasping the trend, Bavico brings customers products\u00a0<strong>b\u1ea3ng \u0111en d\u00e1n t\u01b0\u1eddng kh\u00f4ng khung <\/strong>s\u1eafc n\u00e9t.<\/span><\/p>\n<table style=\"border-collapse: collapse; width: 100%;\">\n<tbody>\n<tr>\n<td style=\"width: 50%;\"><img loading=\"lazy\" decoding=\"async\" class=\"alignnone size-full wp-image-7794\" src=\"https:\/\/bangvietbavicoboard.com\/wp-content\/uploads\/2024\/08\/dan-tuong-an-do-22.jpg\" alt=\"\" width=\"900\" height=\"900\" srcset=\"https:\/\/bangvietbavicoboard.com\/wp-content\/uploads\/2024\/08\/dan-tuong-an-do-22.jpg 900w, https:\/\/bangvietbavicoboard.com\/wp-content\/uploads\/2024\/08\/dan-tuong-an-do-22-400x400.jpg 400w, https:\/\/bangvietbavicoboard.com\/wp-content\/uploads\/2024\/08\/dan-tuong-an-do-22-800x800.jpg 800w, https:\/\/bangvietbavicoboard.com\/wp-content\/uploads\/2024\/08\/dan-tuong-an-do-22-280x280.jpg 280w, https:\/\/bangvietbavicoboard.com\/wp-content\/uploads\/2024\/08\/dan-tuong-an-do-22-768x768.jpg 768w, https:\/\/bangvietbavicoboard.com\/wp-content\/uploads\/2024\/08\/dan-tuong-an-do-22-12x12.jpg 12w, https:\/\/bangvietbavicoboard.com\/wp-content\/uploads\/2024\/08\/dan-tuong-an-do-22-300x300.jpg 300w, https:\/\/bangvietbavicoboard.com\/wp-content\/uploads\/2024\/08\/dan-tuong-an-do-22-600x600.jpg 600w, https:\/\/bangvietbavicoboard.com\/wp-content\/uploads\/2024\/08\/dan-tuong-an-do-22-100x100.jpg 100w, https:\/\/bangvietbavicoboard.com\/wp-content\/uploads\/2024\/08\/dan-tuong-an-do-22-96x96.jpg 96w\" sizes=\"auto, (max-width: 900px) 100vw, 900px\" \/><\/td>\n<td style=\"width: 50%;\"><img loading=\"lazy\" decoding=\"async\" class=\"alignnone size-full wp-image-7795\" src=\"https:\/\/bangvietbavicoboard.com\/wp-content\/uploads\/2024\/08\/dan-tuong-an-do-26.jpg\" alt=\"\" width=\"1200\" height=\"1200\" srcset=\"https:\/\/bangvietbavicoboard.com\/wp-content\/uploads\/2024\/08\/dan-tuong-an-do-26.jpg 1200w, https:\/\/bangvietbavicoboard.com\/wp-content\/uploads\/2024\/08\/dan-tuong-an-do-26-400x400.jpg 400w, https:\/\/bangvietbavicoboard.com\/wp-content\/uploads\/2024\/08\/dan-tuong-an-do-26-800x800.jpg 800w, https:\/\/bangvietbavicoboard.com\/wp-content\/uploads\/2024\/08\/dan-tuong-an-do-26-280x280.jpg 280w, https:\/\/bangvietbavicoboard.com\/wp-content\/uploads\/2024\/08\/dan-tuong-an-do-26-768x768.jpg 768w, https:\/\/bangvietbavicoboard.com\/wp-content\/uploads\/2024\/08\/dan-tuong-an-do-26-12x12.jpg 12w, https:\/\/bangvietbavicoboard.com\/wp-content\/uploads\/2024\/08\/dan-tuong-an-do-26-300x300.jpg 300w, https:\/\/bangvietbavicoboard.com\/wp-content\/uploads\/2024\/08\/dan-tuong-an-do-26-600x600.jpg 600w, https:\/\/bangvietbavicoboard.com\/wp-content\/uploads\/2024\/08\/dan-tuong-an-do-26-100x100.jpg 100w, https:\/\/bangvietbavicoboard.com\/wp-content\/uploads\/2024\/08\/dan-tuong-an-do-26-96x96.jpg 96w\" sizes=\"auto, (max-width: 1200px) 100vw, 1200px\" \/><\/td>\n<\/tr>\n<\/tbody>\n<\/table>\n<h2 style=\"text-align: center;\"><span class=\"ez-toc-section\" id=\"Chi_tiet_ve_mat_bang\"><\/span><span id=\"Cac_loai_mat_bang\" class=\"ez-toc-section\"><\/span><span style=\"color: #0000ff;\"><strong>Chi ti\u1ebft v\u1ec1 m\u1eb7t b\u1ea3ng<\/strong><\/span><span class=\"ez-toc-section-end\"><\/span><\/h2>\n<p><span style=\"color: #000080;\">&#8211; M\u1eb7t b\u1ea3ng \u0111\u01b0\u1ee3c nh\u1eadp kh\u1ea9u t\u1eeb \u1ea4n \u0110\u1ed9 &#8211; ch\u1ea5t li\u1ec7u ch\u00ednh l\u00e0m b\u1eb1ng Greenlam.<\/span><\/p>\n<p><span style=\"color: #000080;\">&#8211; Vi\u1ebft ph\u1ea5n l\u00e2u kh\u00f4ng \u0111\u1ec3 l\u1ea1i d\u1ea5u, lau s\u1ea1ch.<\/span><\/p>\n<p><span style=\"color: #000080;\">&#8211; M\u1eb7t b\u1ea3ng c\u00f3 th\u1ec3 \u0111\u1ec3 \u0111en tr\u01a1n ho\u1eb7c k\u1ebb \u00f4 ly vu\u00f4ng\u00a0 theo y\u00eau c\u1ea7u c\u1ee7a kh\u00e1ch h\u00e0ng.\u00a0<\/span><\/p>\n<p><span style=\"color: #000080;\">&#8211; S\u1ea3n ph\u1ea9m v\u1edbi nguy\u1ec7n li\u1ec7u ngo\u1ea1i nh\u1eadp &#8211; sang tr\u1ecdng ph\u00f9 h\u1ee3p v\u1edbi m\u1ecdi kh\u00f4ng gian.<\/span><\/p>\n<p><span style=\"color: #000080;\">&#8211; \u0110\u1ea7y \u0111\u1ee7 ch\u1ee9ng nh\u1eadn xu\u1ea5t x\u1ee9 CO v\u00e0 ch\u1ee9ng nh\u1eadn ch\u1ea5t l\u01b0\u1ee3ng CQ.<\/span><\/p>\n<table class=\"aligncenter\" style=\"border-collapse: collapse; width: 42.6967%; height: 373px;\">\n<tbody>\n<tr>\n<td style=\"width: 100%;\"><img loading=\"lazy\" decoding=\"async\" class=\"alignnone size-full wp-image-7418 aligncenter\" src=\"https:\/\/bangvietbavicoboard.com\/wp-content\/uploads\/2024\/08\/CO-CQ-AN-2023-2-an-do-web.jpg\" alt=\"\" width=\"900\" height=\"900\" srcset=\"https:\/\/bangvietbavicoboard.com\/wp-content\/uploads\/2024\/08\/CO-CQ-AN-2023-2-an-do-web.jpg 900w, https:\/\/bangvietbavicoboard.com\/wp-content\/uploads\/2024\/08\/CO-CQ-AN-2023-2-an-do-web-400x400.jpg 400w, https:\/\/bangvietbavicoboard.com\/wp-content\/uploads\/2024\/08\/CO-CQ-AN-2023-2-an-do-web-800x800.jpg 800w, https:\/\/bangvietbavicoboard.com\/wp-content\/uploads\/2024\/08\/CO-CQ-AN-2023-2-an-do-web-280x280.jpg 280w, https:\/\/bangvietbavicoboard.com\/wp-content\/uploads\/2024\/08\/CO-CQ-AN-2023-2-an-do-web-768x768.jpg 768w, https:\/\/bangvietbavicoboard.com\/wp-content\/uploads\/2024\/08\/CO-CQ-AN-2023-2-an-do-web-12x12.jpg 12w, https:\/\/bangvietbavicoboard.com\/wp-content\/uploads\/2024\/08\/CO-CQ-AN-2023-2-an-do-web-300x300.jpg 300w, https:\/\/bangvietbavicoboard.com\/wp-content\/uploads\/2024\/08\/CO-CQ-AN-2023-2-an-do-web-600x600.jpg 600w, https:\/\/bangvietbavicoboard.com\/wp-content\/uploads\/2024\/08\/CO-CQ-AN-2023-2-an-do-web-100x100.jpg 100w, https:\/\/bangvietbavicoboard.com\/wp-content\/uploads\/2024\/08\/CO-CQ-AN-2023-2-an-do-web-96x96.jpg 96w\" sizes=\"auto, (max-width: 900px) 100vw, 900px\" \/><\/td>\n<\/tr>\n<\/tbody>\n<\/table>\n<h3 style=\"text-align: center;\"><span class=\"ez-toc-section\" id=\"LY_DO_NEN_MUA_HANG_TAI_BAVICO\"><\/span><span id=\"LY_DO_NEN_MUA_HANG_TAI_BAVICO\" class=\"ez-toc-section\"><\/span><a href=\"https:\/\/bangvietbavicoboard.com\/en\/gioi-thieu\/\"><small><strong>REASONS TO BUY AT BAVICO<\/strong><\/small><\/a><small><strong><br \/>\n<\/strong><\/small><span class=\"ez-toc-section-end\"><\/span><\/h3>\n<h2><span class=\"ez-toc-section\" id=\"Cac_cong_doan_thi_cong_dan_mat_bang_tai_Bavico\"><\/span><span style=\"color: #000040;\"><strong>C\u00e1c c\u00f4ng \u0111o\u1ea1n thi c\u00f4ng d\u00e1n m\u1eb7t b\u1ea3ng t\u1ea1i Bavico:<\/strong><\/span><span class=\"ez-toc-section-end\"><\/span><\/h2>\n<h3><span class=\"ez-toc-section\" id=\"Truoc_khi_thi_cong\"><\/span><span style=\"color: #000040;\">Tr\u01b0\u1edbc khi thi c\u00f4ng:<\/span><span class=\"ez-toc-section-end\"><\/span><\/h3>\n<ul>\n<li><span style=\"color: #000040;\">M\u1eb7t b\u1ea3ng v\u00e0 t\u1ea5m l\u00f3t \u0111\u01b0\u1ee3c \u00e9p b\u1eb1ng keo ch\u1ea5t l\u01b0\u1ee3ng cao.<\/span><\/li>\n<li><span style=\"color: #000040;\">G\u00f3c b\u1ea3ng \u0111\u01b0\u1ee3c m\u00e0i g\u00f3c b\u1eb1ng m\u00e1y CNC r\u1ea5t chi ti\u1ebft, \u0111\u1ea1t \u0111\u1ed9 th\u1ea9m m\u1ef9 cao cho b\u1ea3ng.<\/span><\/li>\n<li><span style=\"color: #000040;\">\u0110o v\u00e0 x\u00e1c \u0111\u1ecbnh k\u00edch th\u01b0\u1edbc c\u1ea7n l\u1eafp \u0111\u1eb7t theo y\u00eau c\u1ea7u.<\/span><\/li>\n<\/ul>\n<h3><span class=\"ez-toc-section\" id=\"Thi_cong_dan_tuong\"><\/span><span style=\"color: #000040;\">Thi c\u00f4ng d\u00e1n t\u01b0\u1eddng:<\/span><span class=\"ez-toc-section-end\"><\/span><\/h3>\n<ul>\n<li><span style=\"color: #000040;\">\u0110\u1ed1i v\u1edbi b\u1ea3ng d\u00e0i t\u1eeb 2,4m tr\u1edf xu\u1ed1ng: d\u00e1n v\u00e0o t\u01b0\u1eddng b\u1eb1ng keo chuy\u00ean d\u1ee5ng, gi\u00fap m\u1eb7t b\u1ea3ng d\u00ednh ch\u1eb7t v\u00e0o t\u01b0\u1eddng.<\/span><\/li>\n<li><span style=\"color: #000040;\">\u0110\u1ed1i v\u1edbi b\u1ea3ng d\u00e0i &gt; 2,4m d\u00e1n v\u00e0o t\u01b0\u1eddng b\u1eb1ng keo v\u00e0 c\u00f3 v\u00edt \u0111\u1ea7u b\u1ecbt inox g\u1eafn h\u1ed7 tr\u1ee3 s\u00e1t m\u00ed b\u1ea3ng, \u0111\u1ea3m b\u1ea3o m\u1ef9 quan cho s\u1ea3n ph\u1ea9m sang tr\u1ecdng.<\/span><\/li>\n<li><span style=\"color: #000040;\">Ki\u1ec3m tra l\u1ea1i \u0111\u1ed9 ch\u1eafc ch\u1eafn v\u00e0 b\u00e0n giao cho kh\u00e1ch h\u00e0ng.<\/span><\/li>\n<\/ul>\n<p><img loading=\"lazy\" decoding=\"async\" class=\"wp-image-7095 size-full aligncenter\" src=\"https:\/\/bangvietbavicoboard.com\/wp-content\/uploads\/2024\/07\/xe-tai.jpg\" sizes=\"auto, (max-width: 945px) 100vw, 945px\" srcset=\"https:\/\/bangvietbavicoboard.com\/wp-content\/uploads\/2024\/07\/xe-tai.jpg 945w, https:\/\/bangvietbavicoboard.com\/wp-content\/uploads\/2024\/07\/xe-tai-800x147.jpg 800w, https:\/\/bangvietbavicoboard.com\/wp-content\/uploads\/2024\/07\/xe-tai-768x141.jpg 768w, https:\/\/bangvietbavicoboard.com\/wp-content\/uploads\/2024\/07\/xe-tai-18x3.jpg 18w, https:\/\/bangvietbavicoboard.com\/wp-content\/uploads\/2024\/07\/xe-tai-300x55.jpg 300w, https:\/\/bangvietbavicoboard.com\/wp-content\/uploads\/2024\/07\/xe-tai-600x110.jpg 600w\" alt=\"\" width=\"945\" height=\"174\" \/><\/p>\n<p><span style=\"font-size: 120%; color: #000080;\"><small>\u2013\u00a0\u00a0\u00a0\u00a0\u00a0\u00a0<b>BAVICO<\/b>\u00a0was established in 2009 with more than 20 years of experience on the field importing, manufacturing and selling writing boards.\u00a0<\/small><\/span><\/p>\n<p><span style=\"font-size: 120%; color: #000080;\"><small>\u2013\u00a0\u00a0\u00a0\u00a0\u00a0\u00a0<b>BAVICO<\/b>\u00a0always put product quality and customers first, always guarantee 3 no's: DO NOT USE\u00a0<b>POOR QUALITY MATERIALS \u2013 DO NOT TAKE ADVANTAGE OF THEM \u2013 DO NOT DISCLAIMER OF RESPONSIBILITY<\/b>.\u00a0<\/small><\/span><\/p>\n<p><span style=\"font-size: 120%; color: #000080;\"><small>\u2013 \u00a0 \u00a0 \u00a0The raw materials have a clear and transparent origin. Full import certificate (CO\/CQ).<\/small><\/span><\/p>\n<p><span style=\"font-size: 120%; color: #000080;\"><small>\u2013\u00a0\u00a0\u00a0\u00a0\u00a0\u00a0Products are assembled directly at the factory.\u00a0<b>BAVICO<\/b>\u00a0and fully inspected ready for delivery to customers.\u00a0<\/small><\/span><\/p>\n<p><span style=\"font-size: 120%; color: #000080;\"><small>\u2013\u00a0\u00a0\u00a0\u00a0\u00a0Delivery to your door, even if it's just one product =&gt; Ensure the product upon receipt is 100% identical to the customer's request.<\/small><\/span><\/p>\n<p><span style=\"font-size: 120%; color: #000080;\"><small>\u2013\u00a0\u00a0\u00a0\u00a0\u00a0\u00a0Clear warranty policy from 12 months to 24 months so customers can rest assured when using.<\/small><\/span><\/p>\n<h2 style=\"text-align: center;\"><span class=\"ez-toc-section\" id=\"THONG_TIN_LIEN_HE_MUA_BANG_DEN_CAO_CAP_DAN_TUONG\"><\/span><span id=\"THONG_TIN_LIEN_HE_MUA_BANG_TU_TRANG_DAN_TUONG\" class=\"ez-toc-section\"><\/span><span id=\"THONG_TIN_LIEN_HE_MUA_BANG_TRANG_FLIPCHART_PLUS\" class=\"ez-toc-section\"><\/span><span id=\"THONG_TIN_LIEN_HE_MUA_BANG_FLIPCHART_VIET_BUT_LONG_CHAN_INOX\" class=\"ez-toc-section\"><\/span><span style=\"color: #0000ff;\"><small><b>TH\u00d4NG TIN LI\u00caN H\u1ec6 MUA B\u1ea2NG \u0110EN CAO C\u1ea4P D\u00c1N T\u01af\u1edcNG<\/b><\/small><\/span><span class=\"ez-toc-section-end\"><\/span><\/h2>\n<p><strong>Di \u0110\u1ed9ng: <\/strong><strong>\u00a0\u00a0<\/strong><span style=\"color: #0000ff;\"><strong>\u00a0<span style=\"text-decoration: underline;\"><a style=\"color: #0000ff; text-decoration: underline;\" href=\"https:\/\/zalo.me\/0938623068\" target=\"_blank\" rel=\"noopener\">0938<\/a> 623 068<\/span><\/strong><\/span><\/p>\n<p><strong>Email: <\/strong><strong>\u00a0\u00a0\u00a0\u00a0\u00a0\u00a0\u00a0<\/strong><a href=\"mailto:csns01@bangvietbavico.vn\"><strong>csns01@bangvietbavico.vn<\/strong><\/a><strong> \u00a0<\/strong><\/p>\n<p><strong>Website: \u00a0\u00a0<\/strong><span style=\"color: #0000ff;\"> <a style=\"color: #0000ff;\" href=\"https:\/\/bangvietbavicoboard.com\/en\/\"><strong>https:\/\/bangvietbavicoboard.com<\/strong><\/a><\/span><\/p>\n<p><strong>Facebbok:<\/strong>\u00a0 <span style=\"color: #0000ff;\"><strong><a style=\"color: #0000ff;\" href=\"https:\/\/www.facebook.com\/bangvietbavicoboard\/?locale=vi_VN\" target=\"_blank\" rel=\"noopener\">B\u1ea3ng Vi\u1ebft Bavico Npp<\/a><\/strong><\/span><\/p>\n<h3 style=\"text-align: center;\"><span class=\"ez-toc-section\" id=\"CONG_TY_TNHH_THIET_BI_GIAO_DUC_BAVICO\"><\/span><span id=\"CONG_TY_TNHH_THIET_BI_GIAO_DUC_BAVICO\" class=\"ez-toc-section\"><\/span><span id=\"CONG_TY_TNHH_THIET_BI_GIAO_DUC_BAVICO\" class=\"ez-toc-section\"><\/span><span id=\"CONG_TY_TNHH_THIET_BI_GIAO_DUC_BAVICO\" class=\"ez-toc-section\"><\/span><a href=\"https:\/\/bangvietbavicoboard.com\/en\/gioi-thieu\/\"><small><b>EQUIPMENT CO., EDUCATION BAVICO<\/b><\/small><\/a><small><b><\/b><\/small><small><b><br \/>\n<\/b><\/small><span class=\"ez-toc-section-end\"><\/span><\/h3>\n<p><img loading=\"lazy\" decoding=\"async\" class=\"aligncenter\" src=\"https:\/\/dungcuvanphongonline.com\/images\/pic\/CTY.jpg\" alt=\"\" width=\"308\" height=\"315\" \/><\/p>\n<p><span style=\"font-size: 120%; color: #000080;\"><small>\u2013 Head office: No.26-28 DD11 Street, An Suong Villa Area in Tan Hung Thuan Ward. District 12, Ho Chi Minh City, Vietnam<br \/>\n\u2013 Factory: 7\/7 Ho Van Tang, Xom Dong Hamlet, Tan Phu Trung Commune, Cu Chi District, Ho Chi Minh City, Vietnam<br \/>\n\u2013 TEL: (028) 3 592 4085 \u2013 (028) 5427 5356<br \/>\n\u2013 Hotline: 0903 883 885 \u2013 Fax: 3 592 4110<\/small><\/span><\/p>\n<div class=\"devvn_readmore_flatsome devvn_readmore_flatsome_less\"><\/div>\n<div><\/div>\n<div class=\"devvn_readmore_flatsome devvn_readmore_flatsome_less\"><\/div>\n<div><\/div>\n<div><\/div>\n<div><\/div>\n<div><\/div>","protected":false},"excerpt":{"rendered":"<p>\u2013 Bavico Whiteboards, with over 20 years of experience in importing, manufacturing, and distributing writing boards, offers a wide range of products.<\/p>\n<p>\u2013 Free delivery and installation in Cu Chi, Hoc Mon, and the inner districts of Ho Chi Minh City (Districts 1, 2, 3, 4, 5, 6, 7, 8, 9, 10, 11, 12, Go Vap, Tan Binh, Binh Tan, Tan Phu, Phu Nhuan, Binh Thanh, and Thu Duc).<\/p>","protected":false},"featured_media":7796,"comment_status":"open","ping_status":"closed","template":"","meta":{"_acf_changed":false},"product_brand":[],"product_cat":[480],"product_tag":[481,486,523,482,376,483,392,484,522,406],"class_list":{"0":"post-7793","1":"product","2":"type-product","3":"status-publish","4":"has-post-thumbnail","6":"product_cat-bang-khong-khung-dan-tuong","7":"product_tag-bang-dan-tuong","8":"product_tag-bang-decal-dan-tuong","9":"product_tag-bang-den-dan-tuong","10":"product_tag-bang-khong-khung","11":"product_tag-bang-trang-dan-tuong","12":"product_tag-bang-trang-khong-khung","13":"product_tag-bang-trang-van-phong","14":"product_tag-bang-tu-trang-dan-tuong","15":"product_tag-bang-tu-trang-khong-khung","16":"product_tag-bang-viet-phan-dan-tuong","18":"first","19":"instock","20":"shipping-taxable","21":"purchasable","22":"product-type-variable"},"acf":[],"_links":{"self":[{"href":"https:\/\/bangvietbavicoboard.com\/en\/wp-json\/wp\/v2\/product\/7793","targetHints":{"allow":["GET"]}}],"collection":[{"href":"https:\/\/bangvietbavicoboard.com\/en\/wp-json\/wp\/v2\/product"}],"about":[{"href":"https:\/\/bangvietbavicoboard.com\/en\/wp-json\/wp\/v2\/types\/product"}],"replies":[{"embeddable":true,"href":"https:\/\/bangvietbavicoboard.com\/en\/wp-json\/wp\/v2\/comments?post=7793"}],"wp:featuredmedia":[{"embeddable":true,"href":"https:\/\/bangvietbavicoboard.com\/en\/wp-json\/wp\/v2\/media\/7796"}],"wp:attachment":[{"href":"https:\/\/bangvietbavicoboard.com\/en\/wp-json\/wp\/v2\/media?parent=7793"}],"wp:term":[{"taxonomy":"product_brand","embeddable":true,"href":"https:\/\/bangvietbavicoboard.com\/en\/wp-json\/wp\/v2\/product_brand?post=7793"},{"taxonomy":"product_cat","embeddable":true,"href":"https:\/\/bangvietbavicoboard.com\/en\/wp-json\/wp\/v2\/product_cat?post=7793"},{"taxonomy":"product_tag","embeddable":true,"href":"https:\/\/bangvietbavicoboard.com\/en\/wp-json\/wp\/v2\/product_tag?post=7793"}],"curies":[{"name":"wp","href":"https:\/\/api.w.org\/{rel}","templated":true}]}}