{"id":7747,"date":"2024-08-12T08:07:45","date_gmt":"2024-08-12T08:07:45","guid":{"rendered":"https:\/\/bangvietbavicoboard.com\/?post_type=product&#038;p=7747"},"modified":"2025-02-25T10:56:42","modified_gmt":"2025-02-25T10:56:42","slug":"bang-greemlam-viet-but-long-hoac-viet-phan-di-dong-an-do","status":"publish","type":"product","link":"https:\/\/bangvietbavicoboard.com\/en\/product\/bang-greemlam-viet-but-long-hoac-viet-phan-di-dong-an-do\/","title":{"rendered":"B\u1ea3ng Greemlam vi\u1ebft b\u00fat l\u00f4ng ho\u1eb7c vi\u1ebft ph\u1ea5n di \u0111\u1ed9ng \u1ea4n \u0110\u1ed9"},"content":{"rendered":"<h1 style=\"text-align: center;\"><span class=\"ez-toc-section\" id=\"Bang_Greemlam_viet_but_long_hoac_viet_phan_di_dong_An_Do\"><\/span><strong><span style=\"color: #ff0000;\">B\u1ea3ng Greemlam vi\u1ebft b\u00fat l\u00f4ng ho\u1eb7c vi\u1ebft ph\u1ea5n di \u0111\u1ed9ng \u1ea4n \u0110\u1ed9<\/span><\/strong><span class=\"ez-toc-section-end\"><\/span><\/h1>\n<p><span style=\"color: #000080;\"><a href=\"https:\/\/bangvietbavicoboard.com\/en\/product\/bang-greemlam-viet-but-long-hoac-viet-phan-di-dong-an-do\/\"><strong>B\u1ea3ng Greemlam vi\u1ebft b\u00fat l\u00f4ng ho\u1eb7c vi\u1ebft ph\u1ea5n di \u0111\u1ed9ng \u1ea4n \u0110\u1ed9<\/strong><\/a> l\u00e0 d\u00f2ng b\u1ea3ng c\u00f3 ch\u00e2n\u00a0 l\u00e0 d\u00f2ng b\u1ea3ng cao c\u1ea5p.<\/span><\/p>\n<p><span style=\"color: #000080;\">\u0110\u00e2y l\u00e0 d\u00f2ng b\u1ea3ng cao c\u1ea5p kh\u00f4ng t\u1eeb, d\u00f9ng \u0111\u1ec3 vi\u1ebft b\u00fat l\u00f4ng, d\u00f9 vi\u1ebft l\u00e2u nh\u01b0ng lau ch\u00f9i d\u1ec5 d\u00e0ng v\u00e0 kh\u00f4ng \u0111\u1ec3 l\u1ea1i d\u1ea5u v\u1ebft.\u00a0<\/span><\/p>\n<p><span style=\"color: #000080;\"><strong>B\u1ea3ng di \u0111\u1ed9ng \u1ea4n \u0110\u1ed9 <\/strong>is widely chosen for its convenience and is commonly used in classrooms, training centers, restaurants, offices, and more.<\/span><\/p>\n<table class=\"aligncenter\" style=\"width: 54.6866%; height: 482px;\">\n<tbody>\n<tr>\n<td><img loading=\"lazy\" decoding=\"async\" class=\"alignnone size-full wp-image-7748\" src=\"https:\/\/bangvietbavicoboard.com\/wp-content\/uploads\/2024\/08\/bang-di-dong-viet-but-long-khong-tu-25.jpg\" alt=\"\" width=\"900\" height=\"901\" srcset=\"https:\/\/bangvietbavicoboard.com\/wp-content\/uploads\/2024\/08\/bang-di-dong-viet-but-long-khong-tu-25.jpg 900w, https:\/\/bangvietbavicoboard.com\/wp-content\/uploads\/2024\/08\/bang-di-dong-viet-but-long-khong-tu-25-400x400.jpg 400w, https:\/\/bangvietbavicoboard.com\/wp-content\/uploads\/2024\/08\/bang-di-dong-viet-but-long-khong-tu-25-799x800.jpg 799w, https:\/\/bangvietbavicoboard.com\/wp-content\/uploads\/2024\/08\/bang-di-dong-viet-but-long-khong-tu-25-280x280.jpg 280w, https:\/\/bangvietbavicoboard.com\/wp-content\/uploads\/2024\/08\/bang-di-dong-viet-but-long-khong-tu-25-768x769.jpg 768w, https:\/\/bangvietbavicoboard.com\/wp-content\/uploads\/2024\/08\/bang-di-dong-viet-but-long-khong-tu-25-12x12.jpg 12w, https:\/\/bangvietbavicoboard.com\/wp-content\/uploads\/2024\/08\/bang-di-dong-viet-but-long-khong-tu-25-300x300.jpg 300w, https:\/\/bangvietbavicoboard.com\/wp-content\/uploads\/2024\/08\/bang-di-dong-viet-but-long-khong-tu-25-600x600.jpg 600w, https:\/\/bangvietbavicoboard.com\/wp-content\/uploads\/2024\/08\/bang-di-dong-viet-but-long-khong-tu-25-100x100.jpg 100w, https:\/\/bangvietbavicoboard.com\/wp-content\/uploads\/2024\/08\/bang-di-dong-viet-but-long-khong-tu-25-96x96.jpg 96w\" sizes=\"auto, (max-width: 900px) 100vw, 900px\" \/><\/td>\n<\/tr>\n<\/tbody>\n<\/table>\n<h2><span class=\"ez-toc-section\" id=\"i\"><\/span>\u00a0<span class=\"ez-toc-section-end\"><\/span><\/h2>\n<h2 style=\"text-align: center;\"><span class=\"ez-toc-section\" id=\"Cau_tao_bang_Greemlam_viet_but_long_hoac_viet_phan_di_dong_An_Do\"><\/span><span id=\"Cau_tao_bang_tu_viet_but_long_hoac_viet_phan_di_dong_Han_Quoc\" class=\"ez-toc-section\"><\/span><span id=\"Cau_tao_bang_trang_di_dong_Poly_Taiwan\" class=\"ez-toc-section\"><\/span><span id=\"Cau_tao_bang_viet_but_long_Poly_Taiwan\" class=\"ez-toc-section\"><\/span><span style=\"color: #0000ff;\"><strong>C\u1ea5u t\u1ea1o b\u1ea3ng Greemlam vi\u1ebft b\u00fat l\u00f4ng ho\u1eb7c vi\u1ebft ph\u1ea5n di \u0111\u1ed9ng \u1ea4n \u0110\u1ed9<\/strong><\/span><span class=\"ez-toc-section-end\"><\/span><\/h2>\n<p><span style=\"color: #000080;\"><strong>1\/ Surface:\u00a0<\/strong><\/span><\/p>\n<p><span style=\"color: #000080;\">\u2013 M\u1eb7t b\u1ea3ng v\u1edbi ch\u1ea5t li\u1ec7u ch\u00ednh b\u1eb1ng Greemlam nh\u1eadp kh\u1ea9u t\u1eeb \u1ea4n \u0110\u1ed9.<\/span><\/p>\n<p><span style=\"color: #000080;\">\u2013 M\u1eb7t b\u1ea3ng vi\u1ebft b\u00fat l\u00f4ng m\u00e0u tr\u1eafng b\u1ea1ch, c\u00f3 k\u1ebb \u00f4 ly vu\u00f4ng cm ho\u1eb7c kh\u00f4ng k\u1ebb \u00f4 ly.<\/span><\/p>\n<p><span style=\"color: #000080;\">\u2013 The board surface is smooth, anti-glare, easy to wipe clean, and leaves no traces.<\/span><\/p>\n<p><span style=\"color: #000080;\">+ Full quality certification and import CO\/CQ.<\/span><\/p>\n<p><span style=\"color: #000080;\"><strong>2\/ Plank:\u00a0<\/strong><\/span><\/p>\n<p><span style=\"color: #000080;\">\u2013\u00a0 S\u1eed d\u1ee5ng t\u1ea5m v\u00e1n MDF c\u00f3 h\u1ecda ti\u1ebft v\u00e2n g\u1ed7 c\u00f3 t\u00ednh th\u1ea9m m\u0129 cao.<\/span><\/p>\n<p><span style=\"color: #000080;\">+ Used to prevent mold, warping of the board, and vibration during use.<\/span><\/p>\n<p><span style=\"color: #000080;\"><strong>3\/ Board frame:\u00a0<\/strong><\/span><\/p>\n<p><span style=\"color: #000080;\">+ Using a high-quality, shiny aluminum frame with a 2 cm thickness ensures high load-bearing capacity.\u00a0<\/span><\/p>\n<p><span style=\"color: #000080;\">+ There are 4 plastic elbows connecting the aluminum frame edges together, which is very harmonious and safe to use.\u00a0<\/span><\/p>\n<p><span style=\"color: #000080;\"><strong>4\/ Board legs:<\/strong><\/span><\/p>\n<p><span style=\"color: #000080;\">\u2013 The mobile board legs are made of powder coated iron, painted milky white or black according to customer requirements.\u00a0<\/span><\/p>\n<p><span style=\"color: #000080;\">\u2013 The board legs are sturdy, solid, and do not shake when used.\u00a0<\/span><\/p>\n<p><span style=\"color: #000080;\">\u2013 Sturdy wheel system, with locks to lock the wheels when not in use.<\/span><\/p>\n<table style=\"border-collapse: collapse; width: 100%;\">\n<tbody>\n<tr>\n<td style=\"width: 50%;\"><img loading=\"lazy\" decoding=\"async\" class=\"alignnone size-full wp-image-7749\" src=\"https:\/\/bangvietbavicoboard.com\/wp-content\/uploads\/2024\/08\/bang-di-dong-an-do-web2.jpg\" alt=\"\" width=\"900\" height=\"900\" srcset=\"https:\/\/bangvietbavicoboard.com\/wp-content\/uploads\/2024\/08\/bang-di-dong-an-do-web2.jpg 900w, https:\/\/bangvietbavicoboard.com\/wp-content\/uploads\/2024\/08\/bang-di-dong-an-do-web2-400x400.jpg 400w, https:\/\/bangvietbavicoboard.com\/wp-content\/uploads\/2024\/08\/bang-di-dong-an-do-web2-800x800.jpg 800w, https:\/\/bangvietbavicoboard.com\/wp-content\/uploads\/2024\/08\/bang-di-dong-an-do-web2-280x280.jpg 280w, https:\/\/bangvietbavicoboard.com\/wp-content\/uploads\/2024\/08\/bang-di-dong-an-do-web2-768x768.jpg 768w, https:\/\/bangvietbavicoboard.com\/wp-content\/uploads\/2024\/08\/bang-di-dong-an-do-web2-12x12.jpg 12w, https:\/\/bangvietbavicoboard.com\/wp-content\/uploads\/2024\/08\/bang-di-dong-an-do-web2-300x300.jpg 300w, https:\/\/bangvietbavicoboard.com\/wp-content\/uploads\/2024\/08\/bang-di-dong-an-do-web2-600x600.jpg 600w, https:\/\/bangvietbavicoboard.com\/wp-content\/uploads\/2024\/08\/bang-di-dong-an-do-web2-100x100.jpg 100w, https:\/\/bangvietbavicoboard.com\/wp-content\/uploads\/2024\/08\/bang-di-dong-an-do-web2-96x96.jpg 96w\" sizes=\"auto, (max-width: 900px) 100vw, 900px\" \/><\/td>\n<td style=\"width: 50%;\"><img loading=\"lazy\" decoding=\"async\" class=\"alignnone size-full wp-image-7750\" src=\"https:\/\/bangvietbavicoboard.com\/wp-content\/uploads\/2024\/08\/bang-di-dong-viet-but-long-khong-tu-8.jpg\" alt=\"\" width=\"900\" height=\"900\" srcset=\"https:\/\/bangvietbavicoboard.com\/wp-content\/uploads\/2024\/08\/bang-di-dong-viet-but-long-khong-tu-8.jpg 900w, https:\/\/bangvietbavicoboard.com\/wp-content\/uploads\/2024\/08\/bang-di-dong-viet-but-long-khong-tu-8-400x400.jpg 400w, https:\/\/bangvietbavicoboard.com\/wp-content\/uploads\/2024\/08\/bang-di-dong-viet-but-long-khong-tu-8-800x800.jpg 800w, https:\/\/bangvietbavicoboard.com\/wp-content\/uploads\/2024\/08\/bang-di-dong-viet-but-long-khong-tu-8-280x280.jpg 280w, https:\/\/bangvietbavicoboard.com\/wp-content\/uploads\/2024\/08\/bang-di-dong-viet-but-long-khong-tu-8-768x768.jpg 768w, https:\/\/bangvietbavicoboard.com\/wp-content\/uploads\/2024\/08\/bang-di-dong-viet-but-long-khong-tu-8-12x12.jpg 12w, https:\/\/bangvietbavicoboard.com\/wp-content\/uploads\/2024\/08\/bang-di-dong-viet-but-long-khong-tu-8-300x300.jpg 300w, https:\/\/bangvietbavicoboard.com\/wp-content\/uploads\/2024\/08\/bang-di-dong-viet-but-long-khong-tu-8-600x600.jpg 600w, https:\/\/bangvietbavicoboard.com\/wp-content\/uploads\/2024\/08\/bang-di-dong-viet-but-long-khong-tu-8-100x100.jpg 100w, https:\/\/bangvietbavicoboard.com\/wp-content\/uploads\/2024\/08\/bang-di-dong-viet-but-long-khong-tu-8-96x96.jpg 96w\" sizes=\"auto, (max-width: 900px) 100vw, 900px\" \/><\/td>\n<\/tr>\n<tr>\n<td style=\"width: 50%;\"><img loading=\"lazy\" decoding=\"async\" class=\"alignnone size-full wp-image-7751\" src=\"https:\/\/bangvietbavicoboard.com\/wp-content\/uploads\/2024\/08\/bang-di-dong-1-mat-viet-but-long-khong-tu-24.jpg\" alt=\"\" width=\"938\" height=\"937\" srcset=\"https:\/\/bangvietbavicoboard.com\/wp-content\/uploads\/2024\/08\/bang-di-dong-1-mat-viet-but-long-khong-tu-24.jpg 938w, https:\/\/bangvietbavicoboard.com\/wp-content\/uploads\/2024\/08\/bang-di-dong-1-mat-viet-but-long-khong-tu-24-400x400.jpg 400w, https:\/\/bangvietbavicoboard.com\/wp-content\/uploads\/2024\/08\/bang-di-dong-1-mat-viet-but-long-khong-tu-24-801x800.jpg 801w, https:\/\/bangvietbavicoboard.com\/wp-content\/uploads\/2024\/08\/bang-di-dong-1-mat-viet-but-long-khong-tu-24-280x280.jpg 280w, https:\/\/bangvietbavicoboard.com\/wp-content\/uploads\/2024\/08\/bang-di-dong-1-mat-viet-but-long-khong-tu-24-768x767.jpg 768w, https:\/\/bangvietbavicoboard.com\/wp-content\/uploads\/2024\/08\/bang-di-dong-1-mat-viet-but-long-khong-tu-24-12x12.jpg 12w, https:\/\/bangvietbavicoboard.com\/wp-content\/uploads\/2024\/08\/bang-di-dong-1-mat-viet-but-long-khong-tu-24-300x300.jpg 300w, https:\/\/bangvietbavicoboard.com\/wp-content\/uploads\/2024\/08\/bang-di-dong-1-mat-viet-but-long-khong-tu-24-600x600.jpg 600w, https:\/\/bangvietbavicoboard.com\/wp-content\/uploads\/2024\/08\/bang-di-dong-1-mat-viet-but-long-khong-tu-24-100x100.jpg 100w, https:\/\/bangvietbavicoboard.com\/wp-content\/uploads\/2024\/08\/bang-di-dong-1-mat-viet-but-long-khong-tu-24-96x96.jpg 96w\" sizes=\"auto, (max-width: 938px) 100vw, 938px\" \/><\/td>\n<td style=\"width: 50%;\"><img loading=\"lazy\" decoding=\"async\" class=\"alignnone size-full wp-image-7752\" src=\"https:\/\/bangvietbavicoboard.com\/wp-content\/uploads\/2024\/08\/bang-di-dong-1-mat-viet-but-long-khong-tu-26.jpg\" alt=\"\" width=\"400\" height=\"600\" srcset=\"https:\/\/bangvietbavicoboard.com\/wp-content\/uploads\/2024\/08\/bang-di-dong-1-mat-viet-but-long-khong-tu-26.jpg 400w, https:\/\/bangvietbavicoboard.com\/wp-content\/uploads\/2024\/08\/bang-di-dong-1-mat-viet-but-long-khong-tu-26-267x400.jpg 267w, https:\/\/bangvietbavicoboard.com\/wp-content\/uploads\/2024\/08\/bang-di-dong-1-mat-viet-but-long-khong-tu-26-8x12.jpg 8w, https:\/\/bangvietbavicoboard.com\/wp-content\/uploads\/2024\/08\/bang-di-dong-1-mat-viet-but-long-khong-tu-26-300x450.jpg 300w\" sizes=\"auto, (max-width: 400px) 100vw, 400px\" \/><\/td>\n<\/tr>\n<\/tbody>\n<\/table>\n<h3 style=\"text-align: center;\"><span class=\"ez-toc-section\" id=\"LY_DO_NEN_MUA_HANG_TAI_BAVICO\"><\/span><span id=\"LY_DO_NEN_MUA_HANG_TAI_BAVICO\" class=\"ez-toc-section\"><\/span><span id=\"LY_DO_NEN_MUA_HANG_TAI_BAVICO\" class=\"ez-toc-section\"><\/span><span id=\"LY_DO_NEN_MUA_HANG_TAI_BAVICO\" class=\"ez-toc-section\"><\/span><a href=\"https:\/\/bangvietbavicoboard.com\/en\/gioi-thieu\/\"><strong><small>REASONS TO BUY AT BAVICO<\/small><\/strong><\/a><small><strong><br \/><\/strong><\/small><span class=\"ez-toc-section-end\"><\/span><\/h3>\n<p><img loading=\"lazy\" decoding=\"async\" class=\"wp-image-7095 size-full aligncenter\" src=\"https:\/\/bangvietbavicoboard.com\/wp-content\/uploads\/2024\/07\/xe-tai.jpg\" sizes=\"auto, (max-width: 945px) 100vw, 945px\" srcset=\"https:\/\/bangvietbavicoboard.com\/wp-content\/uploads\/2024\/07\/xe-tai.jpg 945w, https:\/\/bangvietbavicoboard.com\/wp-content\/uploads\/2024\/07\/xe-tai-800x147.jpg 800w, https:\/\/bangvietbavicoboard.com\/wp-content\/uploads\/2024\/07\/xe-tai-768x141.jpg 768w, https:\/\/bangvietbavicoboard.com\/wp-content\/uploads\/2024\/07\/xe-tai-18x3.jpg 18w, https:\/\/bangvietbavicoboard.com\/wp-content\/uploads\/2024\/07\/xe-tai-300x55.jpg 300w, https:\/\/bangvietbavicoboard.com\/wp-content\/uploads\/2024\/07\/xe-tai-600x110.jpg 600w\" alt=\"\" width=\"945\" height=\"174\" \/><\/p>\n<p><span style=\"color: #000080; font-size: 120%;\"><small>\u2013\u00a0\u00a0\u00a0\u00a0\u00a0\u00a0<b>BAVICO<\/b>\u00a0was established in 2009 with more than 20 years of experience on the field importing, manufacturing and selling writing boards.\u00a0<\/small><\/span><\/p>\n<p><span style=\"color: #000080; font-size: 120%;\"><small>\u2013\u00a0\u00a0\u00a0\u00a0\u00a0\u00a0<b>BAVICO<\/b>\u00a0always put product quality and customers first, always guarantee 3 no's: DO NOT USE\u00a0<b>POOR QUALITY MATERIALS \u2013 DO NOT TAKE ADVANTAGE OF THEM \u2013 DO NOT DISCLAIMER OF RESPONSIBILITY<\/b>.\u00a0<\/small><\/span><\/p>\n<p><span style=\"color: #000080; font-size: 120%;\"><small>\u2013 \u00a0 \u00a0 \u00a0The raw materials have a clear and transparent origin. Full import certificate (CO\/CQ).<\/small><\/span><\/p>\n<p><span style=\"color: #000080; font-size: 120%;\"><small>\u2013\u00a0\u00a0\u00a0\u00a0\u00a0\u00a0Products are assembled directly at the factory.\u00a0<b>BAVICO<\/b>\u00a0and fully inspected ready for delivery to customers.\u00a0<\/small><\/span><\/p>\n<p><span style=\"color: #000080; font-size: 120%;\"><small>\u2013\u00a0\u00a0\u00a0\u00a0\u00a0Delivery to your door, even if it's just one product =&gt; Ensure the product upon receipt is 100% identical to the customer's request.<\/small><\/span><\/p>\n<p><span style=\"color: #000080; font-size: 120%;\"><small>\u2013\u00a0\u00a0\u00a0\u00a0\u00a0\u00a0Clear warranty policy from 12 months to 24 months so customers can rest assured when using.<\/small><\/span><\/p>\n<p><small>\u00a0<\/small><\/p>\n<h2 style=\"text-align: center;\"><span class=\"ez-toc-section\" id=\"THONG_TIN_LIEN_HE_MUA_BANG_TU_DI_DONG_HAN_QUOC\"><\/span><span id=\"THONG_TIN_LIEN_HE_MUA_BANG_TU_DI_DONG_HAN_QUOC\" class=\"ez-toc-section\"><\/span><span id=\"THONG_TIN_LIEN_HE_MUA_BANG_TRANG_DI_DONG_POLY_TAIWAN\" class=\"ez-toc-section\"><\/span><span id=\"THONG_TIN_LIEN_HE_MUA_BANG_VIET_BUT_LONG_POLY_TAIWAN\" class=\"ez-toc-section\"><\/span><span id=\"THONG_TIN_LIEN_HE_MUA_BANG_FLIPCHART_F2_PLUS\" class=\"ez-toc-section\"><\/span><span id=\"THONG_TIN_LIEN_HE_MUA_BANG_FLIPCHART_VIET_BUT_LONG_CHAN_INOX\" class=\"ez-toc-section\"><\/span><span style=\"color: #0000ff;\"><small><b>TH\u00d4NG TIN LI\u00caN H\u1ec6 MUA B\u1ea2NG T\u1eea DI \u0110\u1ed8NG H\u00c0N QU\u1ed0C<\/b><\/small><\/span><span class=\"ez-toc-section-end\"><\/span><\/h2>\n<p><span style=\"font-size: 120%; color: #000080;\"><small>TEL:\u00a0<b>0903 049 885 <\/b>\u00a0(zalo\/viber)<\/small><\/span><\/p>\n<p><span style=\"color: #000080;\">Email:\u00a0<b>sale09@bangvietbavico.net<\/b><b><br \/><\/b><\/span><br \/><span style=\"color: #000080;\">Facebook:<b> B\u1ea3ng Vi\u1ebft Bavico\u00a0<a style=\"color: #000080;\" href=\"https:\/\/https:\/\/www.facebook.com\/sale09bangvietbavico\/&lt;h3 style=\" target=\"_blank\"><small><b><br \/><\/b><\/small><\/a><\/b><\/span><\/p>\n<p><img loading=\"lazy\" decoding=\"async\" class=\"aligncenter\" src=\"https:\/\/dungcuvanphongonline.com\/images\/pic\/CTY.jpg\" alt=\"\" width=\"308\" height=\"315\" \/><\/p>\n<p><span style=\"font-size: 120%; color: #000080;\"><small>\u2013 Head office: No.26-28 DD11 Street, An Suong Villa Area in Tan Hung Thuan Ward. District 12, Ho Chi Minh City, Vietnam<br \/>\u2013 Factory: 7\/7 Ho Van Tang, Xom Dong Hamlet, Tan Phu Trung Commune, Cu Chi District, Ho Chi Minh City, Vietnam<br \/>\u2013 TEL: (028) 3 592 4085 \u2013 (028) 5427 5356<br \/>\u2013 Hotline: 0903 883 885 \u2013 Fax: 3 592 4110<\/small><\/span><\/p>\n<div class=\"devvn_readmore_flatsome devvn_readmore_flatsome_less\">\u00a0<\/div>","protected":false},"excerpt":{"rendered":"<p>\u2013 Bavico Whiteboards, with over 20 years of experience in importing, manufacturing, and distributing writing boards, offers a wide range of products.<\/p>\n<p>\u2013 Free delivery and installation in Cu Chi, Hoc Mon, and the inner districts of Ho Chi Minh City (Districts 1, 2, 3, 4, 5, 6, 7, 8, 9, 10, 11, 12, Go Vap, Tan Binh, Binh Tan, Tan Phu, Phu Nhuan, Binh Thanh, and Thu Duc).<\/p>","protected":false},"featured_media":7758,"comment_status":"open","ping_status":"closed","template":"","meta":{"_acf_changed":false},"product_brand":[],"product_cat":[491,487,521],"product_tag":[518,514,375,389,364,515,516,324,401,520,519,517],"class_list":{"0":"post-7747","1":"product","2":"type-product","3":"status-publish","4":"has-post-thumbnail","6":"product_cat-bang-di-dong-co-chan","7":"product_cat-bang-viet-but-long","8":"product_cat-bang-viet-phan","9":"product_tag-bang-co-banh-xe","10":"product_tag-bang-di-dong","11":"product_tag-bang-trang","12":"product_tag-bang-trang-di-dong","13":"product_tag-bang-tu","14":"product_tag-bang-tu-di-dong","15":"product_tag-bang-tu-trang-di-dong","16":"product_tag-bang-viet-but-long","17":"product_tag-bang-viet-phan","18":"product_tag-bang-xanh","19":"product_tag-bang-xanh-di-dong","20":"product_tag-chan-bang-di-dong","22":"first","23":"instock","24":"shipping-taxable","25":"purchasable","26":"product-type-variable"},"acf":[],"_links":{"self":[{"href":"https:\/\/bangvietbavicoboard.com\/en\/wp-json\/wp\/v2\/product\/7747","targetHints":{"allow":["GET"]}}],"collection":[{"href":"https:\/\/bangvietbavicoboard.com\/en\/wp-json\/wp\/v2\/product"}],"about":[{"href":"https:\/\/bangvietbavicoboard.com\/en\/wp-json\/wp\/v2\/types\/product"}],"replies":[{"embeddable":true,"href":"https:\/\/bangvietbavicoboard.com\/en\/wp-json\/wp\/v2\/comments?post=7747"}],"wp:featuredmedia":[{"embeddable":true,"href":"https:\/\/bangvietbavicoboard.com\/en\/wp-json\/wp\/v2\/media\/7758"}],"wp:attachment":[{"href":"https:\/\/bangvietbavicoboard.com\/en\/wp-json\/wp\/v2\/media?parent=7747"}],"wp:term":[{"taxonomy":"product_brand","embeddable":true,"href":"https:\/\/bangvietbavicoboard.com\/en\/wp-json\/wp\/v2\/product_brand?post=7747"},{"taxonomy":"product_cat","embeddable":true,"href":"https:\/\/bangvietbavicoboard.com\/en\/wp-json\/wp\/v2\/product_cat?post=7747"},{"taxonomy":"product_tag","embeddable":true,"href":"https:\/\/bangvietbavicoboard.com\/en\/wp-json\/wp\/v2\/product_tag?post=7747"}],"curies":[{"name":"wp","href":"https:\/\/api.w.org\/{rel}","templated":true}]}}