{"id":7603,"date":"2024-08-05T09:06:44","date_gmt":"2024-08-05T09:06:44","guid":{"rendered":"https:\/\/bangvietbavicoboard.com\/?post_type=product&#038;p=7603"},"modified":"2025-08-06T01:46:34","modified_gmt":"2025-08-06T01:46:34","slug":"bang-viet-but-long-tu-ceramic","status":"publish","type":"product","link":"https:\/\/bangvietbavicoboard.com\/en\/product\/bang-viet-but-long-tu-ceramic\/","title":{"rendered":"Ceramic magnetic whiteboard"},"content":{"rendered":"<h1 style=\"text-align: center;\"><span class=\"ez-toc-section\" id=\"Bang_viet_but_long_tu_Ceramic\"><\/span><span style=\"color: #ff0000;\"><strong>Ceramic magnetic whiteboard<\/strong><\/span><span class=\"ez-toc-section-end\"><\/span><\/h1>\n<p><span style=\"color: #000080;\"><strong>Ceramic magnetic whiteboard <\/strong>with board surfaces imported directly from Belgium and manufactured directly at the Bavico factory.<\/span><\/p>\n<p><span style=\"color: #000080;\">This is the most advanced magnetic board line on the market today, with more outstanding features than conventional boards.<\/span><\/p>\n<p><span style=\"color: #000080;\"><strong>Ceramic magnetic whiteboard<\/strong>\u00a0often used in schools, centers, hospitals, restaurants, etc.<\/span><\/p>\n<table style=\"border-collapse: collapse; width: 100%;\">\n<tbody>\n<tr>\n<td style=\"width: 33.3333%;\"><img loading=\"lazy\" decoding=\"async\" class=\"alignnone size-full wp-image-7605\" src=\"https:\/\/bangvietbavicoboard.com\/wp-content\/uploads\/2024\/08\/bang-ceramic-2.jpg\" alt=\"\" width=\"900\" height=\"900\" srcset=\"https:\/\/bangvietbavicoboard.com\/wp-content\/uploads\/2024\/08\/bang-ceramic-2.jpg 900w, https:\/\/bangvietbavicoboard.com\/wp-content\/uploads\/2024\/08\/bang-ceramic-2-400x400.jpg 400w, https:\/\/bangvietbavicoboard.com\/wp-content\/uploads\/2024\/08\/bang-ceramic-2-800x800.jpg 800w, https:\/\/bangvietbavicoboard.com\/wp-content\/uploads\/2024\/08\/bang-ceramic-2-280x280.jpg 280w, https:\/\/bangvietbavicoboard.com\/wp-content\/uploads\/2024\/08\/bang-ceramic-2-768x768.jpg 768w, https:\/\/bangvietbavicoboard.com\/wp-content\/uploads\/2024\/08\/bang-ceramic-2-12x12.jpg 12w, https:\/\/bangvietbavicoboard.com\/wp-content\/uploads\/2024\/08\/bang-ceramic-2-300x300.jpg 300w, https:\/\/bangvietbavicoboard.com\/wp-content\/uploads\/2024\/08\/bang-ceramic-2-600x600.jpg 600w, https:\/\/bangvietbavicoboard.com\/wp-content\/uploads\/2024\/08\/bang-ceramic-2-100x100.jpg 100w, https:\/\/bangvietbavicoboard.com\/wp-content\/uploads\/2024\/08\/bang-ceramic-2-96x96.jpg 96w\" sizes=\"auto, (max-width: 900px) 100vw, 900px\" \/><\/td>\n<td style=\"width: 33.3333%;\"><img loading=\"lazy\" decoding=\"async\" class=\"alignnone size-full wp-image-7606\" src=\"https:\/\/bangvietbavicoboard.com\/wp-content\/uploads\/2024\/08\/bang-tu-viet-but-long-ceramic-1.jpg\" alt=\"\" width=\"1200\" height=\"1200\" srcset=\"https:\/\/bangvietbavicoboard.com\/wp-content\/uploads\/2024\/08\/bang-tu-viet-but-long-ceramic-1.jpg 1200w, https:\/\/bangvietbavicoboard.com\/wp-content\/uploads\/2024\/08\/bang-tu-viet-but-long-ceramic-1-400x400.jpg 400w, https:\/\/bangvietbavicoboard.com\/wp-content\/uploads\/2024\/08\/bang-tu-viet-but-long-ceramic-1-800x800.jpg 800w, https:\/\/bangvietbavicoboard.com\/wp-content\/uploads\/2024\/08\/bang-tu-viet-but-long-ceramic-1-280x280.jpg 280w, https:\/\/bangvietbavicoboard.com\/wp-content\/uploads\/2024\/08\/bang-tu-viet-but-long-ceramic-1-768x768.jpg 768w, https:\/\/bangvietbavicoboard.com\/wp-content\/uploads\/2024\/08\/bang-tu-viet-but-long-ceramic-1-12x12.jpg 12w, https:\/\/bangvietbavicoboard.com\/wp-content\/uploads\/2024\/08\/bang-tu-viet-but-long-ceramic-1-300x300.jpg 300w, https:\/\/bangvietbavicoboard.com\/wp-content\/uploads\/2024\/08\/bang-tu-viet-but-long-ceramic-1-600x600.jpg 600w, https:\/\/bangvietbavicoboard.com\/wp-content\/uploads\/2024\/08\/bang-tu-viet-but-long-ceramic-1-100x100.jpg 100w, https:\/\/bangvietbavicoboard.com\/wp-content\/uploads\/2024\/08\/bang-tu-viet-but-long-ceramic-1-96x96.jpg 96w\" sizes=\"auto, (max-width: 1200px) 100vw, 1200px\" \/><\/td>\n<td style=\"width: 33.3333%;\"><img loading=\"lazy\" decoding=\"async\" class=\"alignnone size-full wp-image-7604\" src=\"https:\/\/bangvietbavicoboard.com\/wp-content\/uploads\/2024\/08\/bang-ceramic.jpg\" alt=\"\" width=\"900\" height=\"900\" srcset=\"https:\/\/bangvietbavicoboard.com\/wp-content\/uploads\/2024\/08\/bang-ceramic.jpg 900w, https:\/\/bangvietbavicoboard.com\/wp-content\/uploads\/2024\/08\/bang-ceramic-400x400.jpg 400w, https:\/\/bangvietbavicoboard.com\/wp-content\/uploads\/2024\/08\/bang-ceramic-800x800.jpg 800w, https:\/\/bangvietbavicoboard.com\/wp-content\/uploads\/2024\/08\/bang-ceramic-280x280.jpg 280w, https:\/\/bangvietbavicoboard.com\/wp-content\/uploads\/2024\/08\/bang-ceramic-768x768.jpg 768w, https:\/\/bangvietbavicoboard.com\/wp-content\/uploads\/2024\/08\/bang-ceramic-12x12.jpg 12w, https:\/\/bangvietbavicoboard.com\/wp-content\/uploads\/2024\/08\/bang-ceramic-300x300.jpg 300w, https:\/\/bangvietbavicoboard.com\/wp-content\/uploads\/2024\/08\/bang-ceramic-600x600.jpg 600w, https:\/\/bangvietbavicoboard.com\/wp-content\/uploads\/2024\/08\/bang-ceramic-100x100.jpg 100w, https:\/\/bangvietbavicoboard.com\/wp-content\/uploads\/2024\/08\/bang-ceramic-96x96.jpg 96w\" sizes=\"auto, (max-width: 900px) 100vw, 900px\" \/><\/td>\n<\/tr>\n<\/tbody>\n<\/table>\n<p style=\"text-align: center;\"><strong style=\"color: #ff0000; font-size: 23.04px; text-align: center;\">Structure of the Ceramic magnetic whiteboard<\/strong><\/p>\n<p><span style=\"color: #000080;\"><strong>1\/ Surface:\u00a0<\/strong><\/span><\/p>\n<p><span style=\"color: #000080;\">\u2013 The board surface is manufactured according to European standards and has been tested by QUATESST3.<\/span><\/p>\n<p><span style=\"color: #000080;\">\u2013 Board surface with outstanding features: SCRATCH-RESISTANT, FIRE-RESISTANT, ANTI-GLARE, CHEMICAL DAMAGE-RESISTANT, ANTIBACTERIAL AND ENVIRONMENTAL PROTECTION, LEAVES NO TRACES, SHARP WRITING.<\/span><\/p>\n<p><span style=\"color: #000080;\">\u2013 The board surface has a durability of over 40 years, 12-month warranty<\/span><\/p>\n<p><span style=\"color: #000080;\">\u2013 Clear certificate of origin and import CO\/CQ.<\/span><\/p>\n<table style=\"border-collapse: collapse; width: 100%;\">\n<tbody>\n<tr>\n<td style=\"width: 50%;\"><img loading=\"lazy\" decoding=\"async\" class=\"alignnone size-full wp-image-7608\" src=\"https:\/\/bangvietbavicoboard.com\/wp-content\/uploads\/2024\/08\/CQ-CO_BI.jpg\" alt=\"\" width=\"733\" height=\"536\" srcset=\"https:\/\/bangvietbavicoboard.com\/wp-content\/uploads\/2024\/08\/CQ-CO_BI.jpg 733w, https:\/\/bangvietbavicoboard.com\/wp-content\/uploads\/2024\/08\/CQ-CO_BI-547x400.jpg 547w, https:\/\/bangvietbavicoboard.com\/wp-content\/uploads\/2024\/08\/CQ-CO_BI-16x12.jpg 16w, https:\/\/bangvietbavicoboard.com\/wp-content\/uploads\/2024\/08\/CQ-CO_BI-300x219.jpg 300w, https:\/\/bangvietbavicoboard.com\/wp-content\/uploads\/2024\/08\/CQ-CO_BI-600x439.jpg 600w\" sizes=\"auto, (max-width: 733px) 100vw, 733px\" \/><\/td>\n<td style=\"width: 50%;\"><img loading=\"lazy\" decoding=\"async\" class=\"size-full wp-image-7609\" src=\"https:\/\/bangvietbavicoboard.com\/wp-content\/uploads\/2024\/08\/bang-viet-but-long-tu-ceramic-chung-nhan-sp-bavico.jpg\" alt=\"\" width=\"468\" height=\"346\" srcset=\"https:\/\/bangvietbavicoboard.com\/wp-content\/uploads\/2024\/08\/bang-viet-but-long-tu-ceramic-chung-nhan-sp-bavico.jpg 468w, https:\/\/bangvietbavicoboard.com\/wp-content\/uploads\/2024\/08\/bang-viet-but-long-tu-ceramic-chung-nhan-sp-bavico-16x12.jpg 16w, https:\/\/bangvietbavicoboard.com\/wp-content\/uploads\/2024\/08\/bang-viet-but-long-tu-ceramic-chung-nhan-sp-bavico-300x222.jpg 300w\" sizes=\"auto, (max-width: 468px) 100vw, 468px\" \/><\/td>\n<\/tr>\n<\/tbody>\n<\/table>\n<p>&nbsp;<\/p>\n<p><span style=\"color: #000080;\"><strong>2\/ Plank:\u00a0<\/strong><\/span><\/p>\n<p><span style=\"color: #000080;\">\u2013 Use MDF board with wood grain pattern or 10mm plastic sheet.<\/span><\/p>\n<p><span style=\"color: #000080;\">+ Used to prevent mold, warping of the board, and vibration during use.<\/span><\/p>\n<p><span style=\"color: #000080;\"><strong>3\/ Board frame:<\/strong><\/span><\/p>\n<p><span style=\"color: #000080;\">+ Using a high-quality, shiny aluminum frame with a 2 cm thickness ensures high load-bearing capacity.\u00a0<\/span><\/p>\n<p><span style=\"color: #000080;\">+ There are 4 plastic elbows connecting the aluminum frame edges together, which is very harmonious and safe to use.\u00a0<\/span><\/p>\n<p><img loading=\"lazy\" decoding=\"async\" class=\"alignnone size-full wp-image-11785\" src=\"https:\/\/bangvietbavicoboard.com\/wp-content\/uploads\/2024\/08\/ceramic.jpg\" alt=\"\" width=\"1600\" height=\"1200\" srcset=\"https:\/\/bangvietbavicoboard.com\/wp-content\/uploads\/2024\/08\/ceramic.jpg 1600w, https:\/\/bangvietbavicoboard.com\/wp-content\/uploads\/2024\/08\/ceramic-533x400.jpg 533w, https:\/\/bangvietbavicoboard.com\/wp-content\/uploads\/2024\/08\/ceramic-1067x800.jpg 1067w, https:\/\/bangvietbavicoboard.com\/wp-content\/uploads\/2024\/08\/ceramic-768x576.jpg 768w, https:\/\/bangvietbavicoboard.com\/wp-content\/uploads\/2024\/08\/ceramic-1536x1152.jpg 1536w, https:\/\/bangvietbavicoboard.com\/wp-content\/uploads\/2024\/08\/ceramic-16x12.jpg 16w, https:\/\/bangvietbavicoboard.com\/wp-content\/uploads\/2024\/08\/ceramic-300x225.jpg 300w, https:\/\/bangvietbavicoboard.com\/wp-content\/uploads\/2024\/08\/ceramic-600x450.jpg 600w\" sizes=\"auto, (max-width: 1600px) 100vw, 1600px\" \/><\/p>\n<h1><span class=\"ez-toc-section\" id=\"Bao_hanh\"><\/span><span style=\"color: #000080;\"><strong>B\u1ea3o h\u00e0nh<\/strong><\/span><span class=\"ez-toc-section-end\"><\/span><\/h1>\n<p><span style=\"color: #000080;\">+ Th\u1eddi gian b\u1ea3o h\u00e0nh t\u1eeb 12-24 th\u00e1ng do l\u1ed7i c\u1ee7a nh\u00e0 s\u1ea3n xu\u1ea5t.<\/span><br \/>\n<span style=\"color: #000080;\">+ Qu\u00fd kh\u00e1ch h\u00e0ng gi\u1eef l\u1ea1i Gi\u1ea5y giao h\u00e0ng v\u00e0 g\u1ecdi cho s\u1ed1 Hotline ho\u1eb7c kinh doanh tr\u00ean gi\u1ea5y giao h\u00e0ng\/ tr\u00ean website n\u00e0y \u0111\u1ec3 \u0111\u01b0\u1ee3c h\u1ed7 tr\u1ee3!<\/span><\/p>\n<p><span style=\"color: #000080;\"><img decoding=\"async\" class=\"lazy-load-active\" src=\"https:\/\/bangvietbavico.edu.vn\/wp-content\/uploads\/2024\/10\/XE-TAI.png\" alt=\"B\u1ea3ng t\u1eeb tr\u1eafng di \u0111\u1ed9ng\" data-src=\"https:\/\/bangvietbavico.edu.vn\/wp-content\/uploads\/2024\/10\/XE-TAI.png\" \/><\/span><\/p>\n<h1><span class=\"ez-toc-section\" id=\"LY_DO_NEN_LUA_CHON_BANG_VIET_BAVICO\"><\/span><span style=\"color: #000080;\"><strong>L\u00dd DO N\u00caN L\u1ef0A CH\u1eccN B\u1ea2NG VI\u1ebeT BAVICO<\/strong><\/span><span class=\"ez-toc-section-end\"><\/span><\/h1>\n<ul>\n<li><span style=\"color: #000080;\">B\u1ea3ng vi\u1ebft BAVICO l\u00e0 th\u01b0\u01a1ng hi\u1ec7u uy t\u00edn trong l\u0129nh v\u1ef1c s\u1ea3n xu\u1ea5t b\u1ea3ng v\u1edbi h\u01a1n 23 n\u0103m kinh nghi\u1ec7m.<\/span><\/li>\n<li><span style=\"color: #000080;\">Doanh nghi\u1ec7p \u0111\u1ea7u ti\u00ean trong ng\u00e0nh \u0111\u01b0a b\u1ea3ng t\u1eeb v\u1ec1 Vi\u1ec7t Nam v\u00e0 t\u01b0 v\u1ea5n thay th\u1ebf b\u1ea3ng t\u1eeb cho B\u1ed9 Gi\u00e1o d\u1ee5c v\u00e0 \u0110\u00e0o t\u1ea1o.<\/span><\/li>\n<li><span style=\"color: #000080;\">C\u00f3 ch\u1ee9ng nh\u1eadn nh\u1eadp kh\u1ea9u h\u00e0ng h\u00f3a theo \u0111\u00fang quy \u0111\u1ecbnh (CO \u2013 CQ).<\/span><\/li>\n<li><span style=\"color: #000080;\">\u0110\u1ed1i t\u00e1c ngu\u1ed3n nguy\u00ean li\u1ec7u ch\u00ednh (m\u1eb7t b\u1ea3ng) uy t\u00edn tr\u00ean to\u00e0n c\u1ea7u: Polyvision cho b\u1ec1 m\u1eb7t Ceramic v\u00e0 Dongshin cho b\u1ec1 m\u1eb7t th\u00e9p ph\u1ee7 s\u01a1n.<\/span><\/li>\n<li><span style=\"color: #000080;\">B\u1ea3ng vi\u1ebft BAVICO l\u00e0 C\u00f4ng ty s\u1ea3n xu\u1ea5t v\u00e0 c\u1ea5p cung s\u1ea3n ph\u1ea9m tr\u1ef1c ti\u1ebfp\u00a0 \u2013 \u0110\u1ea3m b\u1ea3o s\u1ea3n ph\u1ea9m ch\u00ednh h\u00e3ng 100%.<\/span><\/li>\n<li><span style=\"color: #000080;\">B\u1ea3ng vi\u1ebft BAVICO \u0111\u00e3 ph\u1ee5c v\u1ee5 r\u1ea5t nhi\u1ec1u kh\u00e1ch h\u00e0ng l\u1edbn nh\u01b0: T\u1eadp \u0111o\u00e0n Samsung, Viettel, C\u00e1c Tr\u01b0\u1eddng Qu\u1ed1c T\u1ebf \u00c1 Ch\u00e2u, M\u1ef9, Ph\u00e1p, Nh\u1eadt,\u2026<\/span><\/li>\n<li><span style=\"color: #000080;\">S\u1ea3n ph\u1ea9m \u0111a d\u1ea1ng v\u1edbi nhi\u1ec1u s\u1ef1 l\u1ef1a ch\u1ecdn, thi\u1ebft k\u1ebf v\u00e0 s\u1ea3n xu\u1ea5t theo y\u00eau c\u1ea7u kh\u00e1ch h\u00e0ng.<\/span><\/li>\n<li><span style=\"color: #000080;\">Ch\u00ednh s\u00e1ch b\u1ea3o h\u00e0nh t\u1eeb 12 th\u00e1ng \u2013 24 th\u00e1ng gi\u00fap kh\u00e1ch h\u00e0ng y\u00ean t\u00e2m khi mua h\u00e0ng.<\/span><\/li>\n<\/ul>\n<h2><span class=\"ez-toc-section\" id=\"THONG_TIN_LIEN_HE_MUA_BANG\"><\/span><small><b>TH\u00d4NG TIN LI\u00caN H\u1ec6 MUA B\u1ea2NG\u00a0<\/b><\/small><span class=\"ez-toc-section-end\"><\/span><\/h2>\n<h3><span class=\"ez-toc-section\" id=\"Lien_he_ngay_hotline_0938_623_068_de_duoc_tu_van_mien_phi\"><\/span>Li\u00ean h\u1ec7 ngay hotline\u00a0<a href=\"tel:0938623068\"><span style=\"text-decoration: underline;\"><span style=\"color: #0000ff; text-decoration: underline;\">0938 623 068<\/span><\/span><\/a> \u0111\u1ec3 \u0111\u01b0\u1ee3c t\u01b0 v\u1ea5n mi\u1ec5n ph\u00ed!<span class=\"ez-toc-section-end\"><\/span><\/h3>\n<p><strong>Di \u0110\u1ed9ng: <\/strong><strong>\u00a0\u00a0<\/strong><strong>\u00a0<\/strong><a href=\"tel:0938623068\"><span style=\"text-decoration: underline;\"><span style=\"color: #0000ff; text-decoration: underline;\"><strong>0938<\/strong><strong> 623 068<\/strong><\/span><\/span><\/a><\/p>\n<p><strong>Email: <\/strong><strong>\u00a0\u00a0\u00a0\u00a0\u00a0\u00a0\u00a0<\/strong><a href=\"mailto:csns01@bangvietbavico.vn\"><strong>csns01@bangvietbavico.vn<\/strong><\/a><strong> \u00a0<\/strong><\/p>\n<p><strong>Website: \u00a0\u00a0<\/strong> <a href=\"https:\/\/bangvietbavicoboard.com\/en\/\"><strong>https:\/\/bangvietbavicoboard.com<\/strong><\/a><\/p>\n<h2><span class=\"ez-toc-section\" id=\"CONG_TY_TNHH_THIET_BI_GIAO_DUC_BAVICO\"><\/span><span id=\"CONG_TY_TNHH_THIET_BI_GIAO_DUC_BAVICO\" class=\"ez-toc-section\"><\/span><a href=\"https:\/\/bangvietbavicoboard.com\/en\/\" target=\"_blank\" rel=\"noopener\"><strong>EQUIPMENT CO., EDUCATION BAVICO<\/strong><\/a><span class=\"ez-toc-section-end\"><\/span><\/h2>\n<p><a href=\"https:\/\/www.google.com\/maps\/place\/C%C3%B4ng+Ty+TNHH+Thi%E1%BA%BFt+B%E1%BB%8B+Gi%C3%A1o+D%E1%BB%A5c+BAVICO\/@10.8422711,106.6244102,17z\/data=!3m1!4b1!4m5!3m4!1s0x31752a2a33796a47:0x1e4c184654bd6967!8m2!3d10.8422658!4d106.6265989?hl=vi-VN\" target=\"_blank\" rel=\"noopener\"><strong>Tr\u1ee5 s\u1edf ch\u00ednh: S\u1ed1 26 \u2013 28 \u0110\u01b0\u1eddng DD11 Khu bi\u1ec7t th\u1ef1 An S\u01b0\u01a1ng, Ph\u01b0\u1eddng \u0110\u00f4ng H\u01b0ng Thu\u1eadn, Th\u00e0nh ph\u1ed1 H\u1ed3 Ch\u00ed Minh, Vi\u1ec7t Nam.<\/strong><\/a><\/p>\n<p><a href=\"https:\/\/www.google.com\/maps\/place\/NH%C3%80+M%C3%81Y+B%E1%BA%A2NG+VI%E1%BA%BET+BAVICO\/data=!4m2!3m1!1s0x3174d54b4766c1e1:0x5e7544f8d3754cf8?hl=vi&amp;trk=https%3A%2F%2Fnotifications.google.com%2Fg%2Fp%2FANiao5qxS1Nm-jYR1J2xq7eGKk7sVofQFkONHZn7ZY1zjo26fUdiIedC5c2mAakkpMKjxMsTnB9fPMAbD18GWiRfE5-oXEHRGqQhobyjs_Hj9u2xUtrFgqGeo2BwkZvvFFFONLfFq-_lNqqzAQIbZ-Py-_UWpcdoJrNPOobHtX1hJYMPfYf7R5DJXHySX2mo-h0Loz8brWxA1Hr1nhML\" target=\"_blank\" rel=\"noopener\"><strong>Nh\u00e0 m\u00e1y s\u1ea3n xu\u1ea5t: S\u1ed1 7\/7 \u0111\u01b0\u1eddng s\u1ed1 65, H\u1ed3 V\u0103n T\u1eafng, \u1ea4p X\u00f3m \u0110\u1ed3ng, X\u00e3 C\u1ee7 Chi, Th\u00e0nh Ph\u1ed1 H\u1ed3 Ch\u00ed Minh, Vi\u1ec7t Nam.<\/strong><\/a><\/p>\n<p><strong>MST: 0303030028 \u2013 Ng\u00e0y th\u00e0nh l\u1eadp c\u00f4ng ty: 01\/09\/2003<\/strong><\/p>\n<h2><span class=\"ez-toc-section\" id=\"%3E%3E%3E_Moi_Quy_khach_hang_click_tham_khao_cac_loai_Bang_viet_but_long_khac\"><\/span><span style=\"color: #800080;\"><a style=\"color: #800080;\" href=\"https:\/\/bangvietbavico.net\/product-category\/bang-viet-but-long\/\" target=\"_blank\" rel=\"noopener\"><em>&gt;&gt;&gt; M\u1eddi Qu\u00fd kh\u00e1ch h\u00e0ng click tham kh\u1ea3o c\u00e1c lo\u1ea1i B\u1ea3ng vi\u1ebft b\u00fat l\u00f4ng kh\u00e1c<\/em><\/a><\/span><span class=\"ez-toc-section-end\"><\/span><\/h2>\n<h2><span class=\"ez-toc-section\" id=\"%3E%3E%3E_Moi_Quy_khach_hang_click_tham_khao_cac_loai_Bang_viet_phan_khac\"><\/span><span style=\"color: #800080;\"><a style=\"color: #800080;\" href=\"http:\/\/bangvietbavico.net\/home\/bangvietphan\/\" target=\"_blank\" rel=\"noopener\"><em>&gt;&gt;&gt; M\u1eddi Qu\u00fd kh\u00e1ch h\u00e0ng click tham kh\u1ea3o c\u00e1c lo\u1ea1i B\u1ea3ng vi\u1ebft ph\u1ea5n kh\u00e1c<\/em><\/a><\/span><span class=\"ez-toc-section-end\"><\/span><\/h2>\n<p>&nbsp;<\/p>\n<p>&nbsp;<\/p>","protected":false},"excerpt":{"rendered":"<p>\u2013 B\u1ea3ng vi\u1ebft Bavico v\u1edbi h\u01a1n 23 n\u0103m kinh nghi\u1ec7m trong l\u0129nh v\u1ef1c nh\u1eadp kh\u1ea9u, s\u1ea3n xu\u1ea5t v\u00e0 ph\u00e2n ph\u1ed1i thi\u1ebft b\u1ecb b\u1ea3ng vi\u1ebft<\/p>\n<p>\u2013 Mi\u1ec5n ph\u00ed v\u1eadn chuy\u1ec3n v\u00e0 l\u1eafp \u0111\u1eb7t t\u1ea1i khu v\u01b0c C\u1ee7 Chi, H\u00f3c M\u00f4n v\u00e0 n\u1ed9i th\u00e0nh TP.HCM<\/p>","protected":false},"featured_media":11782,"comment_status":"open","ping_status":"closed","template":"","meta":{"_acf_changed":false},"product_brand":[],"product_cat":[487],"product_tag":[499,498,475,497,375,496,369,326,324,416],"class_list":{"0":"post-7603","1":"product","2":"type-product","3":"status-publish","4":"has-post-thumbnail","6":"product_cat-bang-viet-but-long","7":"product_tag-bang-bavico","8":"product_tag-bang-chong-loa","9":"product_tag-bang-gia-re","10":"product_tag-bang-su-dung-duoc-nam-cham","11":"product_tag-bang-trang","12":"product_tag-bang-trang-gia-re","13":"product_tag-bang-tu-trang","14":"product_tag-bang-tu-viet-but-long","15":"product_tag-bang-viet-but-long","16":"product_tag-bang-viet-but-long-gia-re","18":"first","19":"instock","20":"shipping-taxable","21":"purchasable","22":"product-type-variable"},"acf":[],"_links":{"self":[{"href":"https:\/\/bangvietbavicoboard.com\/en\/wp-json\/wp\/v2\/product\/7603","targetHints":{"allow":["GET"]}}],"collection":[{"href":"https:\/\/bangvietbavicoboard.com\/en\/wp-json\/wp\/v2\/product"}],"about":[{"href":"https:\/\/bangvietbavicoboard.com\/en\/wp-json\/wp\/v2\/types\/product"}],"replies":[{"embeddable":true,"href":"https:\/\/bangvietbavicoboard.com\/en\/wp-json\/wp\/v2\/comments?post=7603"}],"wp:featuredmedia":[{"embeddable":true,"href":"https:\/\/bangvietbavicoboard.com\/en\/wp-json\/wp\/v2\/media\/11782"}],"wp:attachment":[{"href":"https:\/\/bangvietbavicoboard.com\/en\/wp-json\/wp\/v2\/media?parent=7603"}],"wp:term":[{"taxonomy":"product_brand","embeddable":true,"href":"https:\/\/bangvietbavicoboard.com\/en\/wp-json\/wp\/v2\/product_brand?post=7603"},{"taxonomy":"product_cat","embeddable":true,"href":"https:\/\/bangvietbavicoboard.com\/en\/wp-json\/wp\/v2\/product_cat?post=7603"},{"taxonomy":"product_tag","embeddable":true,"href":"https:\/\/bangvietbavicoboard.com\/en\/wp-json\/wp\/v2\/product_tag?post=7603"}],"curies":[{"name":"wp","href":"https:\/\/api.w.org\/{rel}","templated":true}]}}