{"id":7571,"date":"2024-08-03T06:11:39","date_gmt":"2024-08-03T06:11:39","guid":{"rendered":"https:\/\/bangvietbavicoboard.com\/?post_type=product&#038;p=7571"},"modified":"2025-03-01T08:41:28","modified_gmt":"2025-03-01T08:41:28","slug":"bang-viet-but-long-tu-han-quoc","status":"publish","type":"product","link":"https:\/\/bangvietbavicoboard.com\/en\/product\/bang-viet-but-long-tu-han-quoc\/","title":{"rendered":"Korea magnetic whiteboard"},"content":{"rendered":"<h1 style=\"text-align: center;\"><span class=\"ez-toc-section\" id=\"Bang_viet_but_long_tu_Han_Quoc\"><\/span><span style=\"color: #ff0000;\"><strong>Korea magnetic whiteboard\u00a0<\/strong><\/span><span class=\"ez-toc-section-end\"><\/span><\/h1>\n<p><span style=\"color: #000080;\"><strong>Korea magnetic whiteboard<\/strong> with the board surface imported directly from Dongshin Group Korea and manufactured directly at the Bavico factory.<\/span><\/p>\n<p><span style=\"color: #000080;\">This is the most popular magnetic board line today, not only because of its simple, easy-to-use design but also because of its outstanding features.<\/span><\/p>\n<p><span style=\"color: #000080;\"><strong>Korea magnetic whiteboard<\/strong> often used in schools, centers, hospitals, restaurants, etc.<\/span><\/p>\n<table style=\"border-collapse: collapse; width: 100%;\">\n<tbody>\n<tr>\n<td style=\"width: 33.3333%;\"><img loading=\"lazy\" decoding=\"async\" class=\"alignnone size-full wp-image-7576\" src=\"https:\/\/bangvietbavicoboard.com\/wp-content\/uploads\/2024\/08\/tu-han-quoc-120x160.jpg-web.jpg\" alt=\"\" width=\"900\" height=\"900\" srcset=\"https:\/\/bangvietbavicoboard.com\/wp-content\/uploads\/2024\/08\/tu-han-quoc-120x160.jpg-web.jpg 900w, https:\/\/bangvietbavicoboard.com\/wp-content\/uploads\/2024\/08\/tu-han-quoc-120x160.jpg-web-400x400.jpg 400w, https:\/\/bangvietbavicoboard.com\/wp-content\/uploads\/2024\/08\/tu-han-quoc-120x160.jpg-web-800x800.jpg 800w, https:\/\/bangvietbavicoboard.com\/wp-content\/uploads\/2024\/08\/tu-han-quoc-120x160.jpg-web-280x280.jpg 280w, https:\/\/bangvietbavicoboard.com\/wp-content\/uploads\/2024\/08\/tu-han-quoc-120x160.jpg-web-768x768.jpg 768w, https:\/\/bangvietbavicoboard.com\/wp-content\/uploads\/2024\/08\/tu-han-quoc-120x160.jpg-web-12x12.jpg 12w, https:\/\/bangvietbavicoboard.com\/wp-content\/uploads\/2024\/08\/tu-han-quoc-120x160.jpg-web-300x300.jpg 300w, https:\/\/bangvietbavicoboard.com\/wp-content\/uploads\/2024\/08\/tu-han-quoc-120x160.jpg-web-600x600.jpg 600w, https:\/\/bangvietbavicoboard.com\/wp-content\/uploads\/2024\/08\/tu-han-quoc-120x160.jpg-web-100x100.jpg 100w, https:\/\/bangvietbavicoboard.com\/wp-content\/uploads\/2024\/08\/tu-han-quoc-120x160.jpg-web-96x96.jpg 96w\" sizes=\"auto, (max-width: 900px) 100vw, 900px\" \/><\/td>\n<td style=\"width: 33.3333%;\"><img loading=\"lazy\" decoding=\"async\" class=\"alignnone size-full wp-image-7575\" src=\"https:\/\/bangvietbavicoboard.com\/wp-content\/uploads\/2024\/08\/mat-bang-barun-web.jpg\" alt=\"\" width=\"900\" height=\"900\" srcset=\"https:\/\/bangvietbavicoboard.com\/wp-content\/uploads\/2024\/08\/mat-bang-barun-web.jpg 900w, https:\/\/bangvietbavicoboard.com\/wp-content\/uploads\/2024\/08\/mat-bang-barun-web-400x400.jpg 400w, https:\/\/bangvietbavicoboard.com\/wp-content\/uploads\/2024\/08\/mat-bang-barun-web-800x800.jpg 800w, https:\/\/bangvietbavicoboard.com\/wp-content\/uploads\/2024\/08\/mat-bang-barun-web-280x280.jpg 280w, https:\/\/bangvietbavicoboard.com\/wp-content\/uploads\/2024\/08\/mat-bang-barun-web-768x768.jpg 768w, https:\/\/bangvietbavicoboard.com\/wp-content\/uploads\/2024\/08\/mat-bang-barun-web-12x12.jpg 12w, https:\/\/bangvietbavicoboard.com\/wp-content\/uploads\/2024\/08\/mat-bang-barun-web-300x300.jpg 300w, https:\/\/bangvietbavicoboard.com\/wp-content\/uploads\/2024\/08\/mat-bang-barun-web-600x600.jpg 600w, https:\/\/bangvietbavicoboard.com\/wp-content\/uploads\/2024\/08\/mat-bang-barun-web-100x100.jpg 100w, https:\/\/bangvietbavicoboard.com\/wp-content\/uploads\/2024\/08\/mat-bang-barun-web-96x96.jpg 96w\" sizes=\"auto, (max-width: 900px) 100vw, 900px\" \/><\/td>\n<td style=\"width: 33.3333%;\"><img loading=\"lazy\" decoding=\"async\" class=\"alignnone size-full wp-image-7572\" src=\"https:\/\/bangvietbavicoboard.com\/wp-content\/uploads\/2024\/08\/bang-trang-han-quockt120x240-1-1.jpg\" alt=\"\" width=\"900\" height=\"900\" srcset=\"https:\/\/bangvietbavicoboard.com\/wp-content\/uploads\/2024\/08\/bang-trang-han-quockt120x240-1-1.jpg 900w, https:\/\/bangvietbavicoboard.com\/wp-content\/uploads\/2024\/08\/bang-trang-han-quockt120x240-1-1-400x400.jpg 400w, https:\/\/bangvietbavicoboard.com\/wp-content\/uploads\/2024\/08\/bang-trang-han-quockt120x240-1-1-800x800.jpg 800w, https:\/\/bangvietbavicoboard.com\/wp-content\/uploads\/2024\/08\/bang-trang-han-quockt120x240-1-1-280x280.jpg 280w, https:\/\/bangvietbavicoboard.com\/wp-content\/uploads\/2024\/08\/bang-trang-han-quockt120x240-1-1-768x768.jpg 768w, https:\/\/bangvietbavicoboard.com\/wp-content\/uploads\/2024\/08\/bang-trang-han-quockt120x240-1-1-12x12.jpg 12w, https:\/\/bangvietbavicoboard.com\/wp-content\/uploads\/2024\/08\/bang-trang-han-quockt120x240-1-1-300x300.jpg 300w, https:\/\/bangvietbavicoboard.com\/wp-content\/uploads\/2024\/08\/bang-trang-han-quockt120x240-1-1-600x600.jpg 600w, https:\/\/bangvietbavicoboard.com\/wp-content\/uploads\/2024\/08\/bang-trang-han-quockt120x240-1-1-100x100.jpg 100w, https:\/\/bangvietbavicoboard.com\/wp-content\/uploads\/2024\/08\/bang-trang-han-quockt120x240-1-1-96x96.jpg 96w\" sizes=\"auto, (max-width: 900px) 100vw, 900px\" \/><\/td>\n<\/tr>\n<\/tbody>\n<\/table>\n<h2 style=\"text-align: center;\"><span class=\"ez-toc-section\" id=\"Cau_tao_bang_viet_but_long_tu_Han_Quoc\"><\/span><strong><span style=\"color: #0000ff;\">Structure of the Korea magnetic whiteboard<\/span><\/strong><span class=\"ez-toc-section-end\"><\/span><\/h2>\n<p><span style=\"color: #000080;\"><strong>1\/ Surface:\u00a0<\/strong><\/span><\/p>\n<p><span style=\"color: #000080;\">\u2013 Barun board surface is imported from Dongshin Group \u2013 Korea, writing for a long time does not leave traces.\u00a0<\/span><\/p>\n<p><span style=\"color: #000080;\">\u2013 The board surface has a default 5cm matte pencil square bird print.<\/span><\/p>\n<p><span style=\"color: #000080;\">\u2013 Anti-glare, anti-abrasion board surface, can be used with magnets, writes smoothly, wipes clean, leaves no ink stains.<\/span><\/p>\n<p><span style=\"color: #000080;\">\u2013 Clear certificate of origin and import CO\/CQ.<\/span><\/p>\n<p><img loading=\"lazy\" decoding=\"async\" class=\"alignnone size-full wp-image-7417\" src=\"https:\/\/bangvietbavicoboard.com\/wp-content\/uploads\/2024\/08\/CO-2024-HQ-BARUN-web.jpg\" alt=\"\" width=\"900\" height=\"900\" srcset=\"https:\/\/bangvietbavicoboard.com\/wp-content\/uploads\/2024\/08\/CO-2024-HQ-BARUN-web.jpg 900w, https:\/\/bangvietbavicoboard.com\/wp-content\/uploads\/2024\/08\/CO-2024-HQ-BARUN-web-400x400.jpg 400w, https:\/\/bangvietbavicoboard.com\/wp-content\/uploads\/2024\/08\/CO-2024-HQ-BARUN-web-800x800.jpg 800w, https:\/\/bangvietbavicoboard.com\/wp-content\/uploads\/2024\/08\/CO-2024-HQ-BARUN-web-280x280.jpg 280w, https:\/\/bangvietbavicoboard.com\/wp-content\/uploads\/2024\/08\/CO-2024-HQ-BARUN-web-768x768.jpg 768w, https:\/\/bangvietbavicoboard.com\/wp-content\/uploads\/2024\/08\/CO-2024-HQ-BARUN-web-12x12.jpg 12w, https:\/\/bangvietbavicoboard.com\/wp-content\/uploads\/2024\/08\/CO-2024-HQ-BARUN-web-300x300.jpg 300w, https:\/\/bangvietbavicoboard.com\/wp-content\/uploads\/2024\/08\/CO-2024-HQ-BARUN-web-600x600.jpg 600w, https:\/\/bangvietbavicoboard.com\/wp-content\/uploads\/2024\/08\/CO-2024-HQ-BARUN-web-100x100.jpg 100w, https:\/\/bangvietbavicoboard.com\/wp-content\/uploads\/2024\/08\/CO-2024-HQ-BARUN-web-96x96.jpg 96w\" sizes=\"auto, (max-width: 900px) 100vw, 900px\" \/><\/p>\n<p><span style=\"color: #000080;\"><strong>2\/ Plank:\u00a0<\/strong><\/span><\/p>\n<p><span style=\"color: #000080;\">+ Use MDF plank with wood grain patterns.<\/span><\/p>\n<p><span style=\"color: #000080;\">+ Used to prevent mold, warping of the board, and vibration during use.<\/span><\/p>\n<p><span style=\"color: #000080;\"><strong>3\/ Board frame:\u00a0<\/strong><\/span><\/p>\n<p><span style=\"color: #000080;\">+ Using a high-quality, shiny aluminum frame with a 2 cm thickness ensures high load-bearing capacity.\u00a0<\/span><\/p>\n<p><span style=\"color: #000080;\">+ There are 4 plastic elbows connecting the aluminum frame edges together, which is very harmonious and safe to use.\u00a0<\/span><\/p>\n<h3 style=\"text-align: center;\"><span class=\"ez-toc-section\" id=\"LY_DO_NEN_MUA_HANG_TAI_BAVICO\"><\/span><span style=\"color: #0000ff;\"><a style=\"color: #0000ff;\" href=\"https:\/\/bangvietbavicoboard.com\/en\/gioi-thieu\/\"><strong><small>REASONS TO BUY AT BAVICO<\/small><\/strong><\/a><\/span><small><strong><br \/>\n<\/strong><\/small><span class=\"ez-toc-section-end\"><\/span><\/h3>\n<p><img loading=\"lazy\" decoding=\"async\" class=\"wp-image-7095 size-full aligncenter\" src=\"https:\/\/bangvietbavicoboard.com\/wp-content\/uploads\/2024\/07\/xe-tai.jpg\" sizes=\"auto, (max-width: 945px) 100vw, 945px\" srcset=\"https:\/\/bangvietbavicoboard.com\/wp-content\/uploads\/2024\/07\/xe-tai.jpg 945w, https:\/\/bangvietbavicoboard.com\/wp-content\/uploads\/2024\/07\/xe-tai-800x147.jpg 800w, https:\/\/bangvietbavicoboard.com\/wp-content\/uploads\/2024\/07\/xe-tai-768x141.jpg 768w, https:\/\/bangvietbavicoboard.com\/wp-content\/uploads\/2024\/07\/xe-tai-18x3.jpg 18w, https:\/\/bangvietbavicoboard.com\/wp-content\/uploads\/2024\/07\/xe-tai-300x55.jpg 300w, https:\/\/bangvietbavicoboard.com\/wp-content\/uploads\/2024\/07\/xe-tai-600x110.jpg 600w\" alt=\"\" width=\"945\" height=\"174\" \/><\/p>\n<p><span style=\"font-size: 120%; color: #000080;\"><small>\u2013\u00a0\u00a0\u00a0\u00a0\u00a0\u00a0<b>BAVICO<\/b>\u00a0was established in 2009 with more than 20 years of experience on the field importing, manufacturing and selling writing boards.\u00a0<\/small><\/span><\/p>\n<p><span style=\"font-size: 120%; color: #000080;\"><small>\u2013\u00a0\u00a0\u00a0\u00a0\u00a0\u00a0<b>BAVICO<\/b>\u00a0always put product quality and customers first, always guarantee 3 no's: DO NOT USE\u00a0<b>POOR QUALITY MATERIALS \u2013 DO NOT TAKE ADVANTAGE OF THEM \u2013 DO NOT DISCLAIMER OF RESPONSIBILITY<\/b>.\u00a0<\/small><\/span><\/p>\n<p><span style=\"font-size: 120%; color: #000080;\"><small>\u2013 \u00a0 \u00a0 \u00a0The raw materials have a clear and transparent origin. Full import certificate (CO\/CQ).<\/small><\/span><\/p>\n<p><span style=\"font-size: 120%; color: #000080;\"><small>\u2013\u00a0\u00a0\u00a0\u00a0\u00a0\u00a0Products are assembled directly at the factory.\u00a0<b>BAVICO<\/b>\u00a0and fully inspected ready for delivery to customers.\u00a0<\/small><\/span><\/p>\n<p><span style=\"font-size: 120%; color: #000080;\"><small>\u2013\u00a0\u00a0\u00a0\u00a0\u00a0Delivery to your door, even if it's just one product =&gt; Ensure the product upon receipt is 100% identical to the customer's request.<\/small><\/span><\/p>\n<p><span style=\"font-size: 120%; color: #000080;\"><small>\u2013\u00a0\u00a0\u00a0\u00a0\u00a0\u00a0Clear warranty policy from 12 months to 24 months so customers can rest assured when using.<\/small><\/span><\/p>\n<h2 style=\"text-align: center;\"><span class=\"ez-toc-section\" id=\"THONG_TIN_LIEN_HE_MUA_BANG_VIET_BUT_LONG_HAN_QUOC\"><\/span><span id=\"THONG_TIN_LIEN_HE_MUA_BANG_TRANG_CAO_CAP_AN_DO\" class=\"ez-toc-section\"><\/span><span id=\"THONG_TIN_LIEN_HE_MUA_BANG_VIET_BUT_LONG_POLY_TAIWAN\" class=\"ez-toc-section\"><\/span><span id=\"THONG_TIN_LIEN_HE_MUA_BANG_FLIPCHART_F2_PLUS\" class=\"ez-toc-section\"><\/span><span id=\"THONG_TIN_LIEN_HE_MUA_BANG_FLIPCHART_VIET_BUT_LONG_CHAN_INOX\" class=\"ez-toc-section\"><\/span><span style=\"color: #0000ff;\"><small><b>TH\u00d4NG TIN LI\u00caN H\u1ec6 MUA B\u1ea2NG VI\u1ebeT B\u00daT L\u00d4NG H\u00c0N QU\u1ed0C<\/b><\/small><\/span><span class=\"ez-toc-section-end\"><\/span><\/h2>\n<div data-original-attrs=\"{&quot;style&quot;:&quot;&quot;}\"><span style=\"color: #000080;\">\u0110\u1ec3 bi\u1ebft th\u00eam chi ti\u1ebft xin vui l\u00f2ng li\u00ean h\u1ec7:<\/span><\/div>\n<div data-original-attrs=\"{&quot;style&quot;:&quot;&quot;}\"><\/div>\n<div><span style=\"color: #000080;\">\u0110i\u1ec7n tho\u1ea1i:\u00a00938 623 068 (Viber\/Zalo)<\/span><\/div>\n<div><\/div>\n<div><span style=\"color: #000080;\">Email:\u00a0csns01@bangvietbavico.vn<\/span><\/div>\n<p>&nbsp;<\/p>\n<h3 style=\"text-align: center;\"><span class=\"ez-toc-section\" id=\"CONG_TY_TNHH_THIET_BI_GIAO_DUC_BAVICO\"><\/span><span id=\"CONG_TY_TNHH_THIET_BI_GIAO_DUC_BAVICO\" class=\"ez-toc-section\"><\/span><span id=\"CONG_TY_TNHH_THIET_BI_GIAO_DUC_BAVICO\" class=\"ez-toc-section\"><\/span><span id=\"CONG_TY_TNHH_THIET_BI_GIAO_DUC_BAVICO\" class=\"ez-toc-section\"><\/span><span style=\"color: #0000ff;\"><a style=\"color: #0000ff;\" href=\"https:\/\/bangvietbavicoboard.com\/en\/gioi-thieu\/\"><small><b>EQUIPMENT CO., EDUCATION BAVICO<\/b><\/small><\/a><\/span><small><b><\/b><\/small><small><b><br \/>\n<\/b><\/small><span class=\"ez-toc-section-end\"><\/span><\/h3>\n<p><img loading=\"lazy\" decoding=\"async\" class=\"aligncenter\" src=\"https:\/\/dungcuvanphongonline.com\/images\/pic\/CTY.jpg\" alt=\"\" width=\"308\" height=\"315\" \/><\/p>\n<p><span style=\"font-size: 120%; color: #000080;\"><small>\u2013 Head office: No.26-28 DD11 Street, An Suong Villa Area in Tan Hung Thuan Ward. District 12, Ho Chi Minh City, Vietnam<br \/>\n\u2013 Factory: 7\/7 Ho Van Tang, Xom Dong Hamlet, Tan Phu Trung Commune, Cu Chi District, Ho Chi Minh City, Vietnam<br \/>\n\u2013 TEL: (028) 3 592 4085 \u2013 (028) 5427 5356<br \/>\n\u2013 Hotline: 0903 883 885 \u2013 Fax: 3 592 4110<\/small><\/span><\/p>\n<p>&nbsp;<\/p>","protected":false},"excerpt":{"rendered":"<p>\u2013 Bavico Whiteboards, with over 20 years of experience in importing, manufacturing, and distributing writing boards, offers a wide range of products.<\/p>\n<p>\u2013 Free delivery and installation in Cu Chi, Hoc Mon, and the inner districts of Ho Chi Minh City (Districts 1, 2, 3, 4, 5, 6, 7, 8, 9, 10, 11, 12, Go Vap, Tan Binh, Binh Tan, Tan Phu, Phu Nhuan, Binh Thanh, and Thu Duc).<\/p>","protected":false},"featured_media":7578,"comment_status":"open","ping_status":"closed","template":"","meta":{"_acf_changed":false},"product_brand":[],"product_cat":[490,487],"product_tag":[494,493,475,375,492,495,369,387,368,326,324,325],"class_list":{"0":"post-7571","1":"product","2":"type-product","3":"status-publish","4":"has-post-thumbnail","6":"product_cat-bang-treo-tuong","7":"product_cat-bang-viet-but-long","8":"product_tag-bang-day-hoc","9":"product_tag-bang-day-them","10":"product_tag-bang-gia-re","11":"product_tag-bang-trang","12":"product_tag-bang-treo-tuong","13":"product_tag-bang-truong-hoc","14":"product_tag-bang-tu-trang","15":"product_tag-bang-tu-trang-treo-tuong","16":"product_tag-bang-tu-trang-viet-but-long","17":"product_tag-bang-tu-viet-but-long","18":"product_tag-bang-viet-but-long","19":"product_tag-bang-viet-but-long-treo-tuong","21":"first","22":"instock","23":"shipping-taxable","24":"purchasable","25":"product-type-variable"},"acf":[],"_links":{"self":[{"href":"https:\/\/bangvietbavicoboard.com\/en\/wp-json\/wp\/v2\/product\/7571","targetHints":{"allow":["GET"]}}],"collection":[{"href":"https:\/\/bangvietbavicoboard.com\/en\/wp-json\/wp\/v2\/product"}],"about":[{"href":"https:\/\/bangvietbavicoboard.com\/en\/wp-json\/wp\/v2\/types\/product"}],"replies":[{"embeddable":true,"href":"https:\/\/bangvietbavicoboard.com\/en\/wp-json\/wp\/v2\/comments?post=7571"}],"wp:featuredmedia":[{"embeddable":true,"href":"https:\/\/bangvietbavicoboard.com\/en\/wp-json\/wp\/v2\/media\/7578"}],"wp:attachment":[{"href":"https:\/\/bangvietbavicoboard.com\/en\/wp-json\/wp\/v2\/media?parent=7571"}],"wp:term":[{"taxonomy":"product_brand","embeddable":true,"href":"https:\/\/bangvietbavicoboard.com\/en\/wp-json\/wp\/v2\/product_brand?post=7571"},{"taxonomy":"product_cat","embeddable":true,"href":"https:\/\/bangvietbavicoboard.com\/en\/wp-json\/wp\/v2\/product_cat?post=7571"},{"taxonomy":"product_tag","embeddable":true,"href":"https:\/\/bangvietbavicoboard.com\/en\/wp-json\/wp\/v2\/product_tag?post=7571"}],"curies":[{"name":"wp","href":"https:\/\/api.w.org\/{rel}","templated":true}]}}