{"id":7413,"date":"2024-08-01T07:55:44","date_gmt":"2024-08-01T07:55:44","guid":{"rendered":"https:\/\/bangvietbavicoboard.com\/?post_type=product&#038;p=7413"},"modified":"2025-03-01T04:58:54","modified_gmt":"2025-03-01T04:58:54","slug":"bang-trang-flipchart-f3-chan-sat-son-tinh-dien","status":"publish","type":"product","link":"https:\/\/bangvietbavicoboard.com\/en\/product\/bang-trang-flipchart-f3-chan-sat-son-tinh-dien\/","title":{"rendered":"B\u1ea3ng tr\u1eafng flipchart F3 ch\u00e2n s\u1eaft s\u01a1n t\u0129nh \u0111i\u1ec7n"},"content":{"rendered":"<h1 style=\"text-align: center;\"><span class=\"ez-toc-section\" id=\"Bang_trang_flipchart_F3_chan_sat_son_tinh_dien\"><\/span><span style=\"color: #ff0000;\"><strong>B\u1ea3ng tr\u1eafng flipchart F3 ch\u00e2n s\u1eaft s\u01a1n t\u0129nh \u0111i\u1ec7n<\/strong><\/span><span class=\"ez-toc-section-end\"><\/span><\/h1>\n<p><span style=\"color: #000080;\">\u2665<a href=\"https:\/\/bangvietbavicoboard.com\/en\/product\/bang-trang-flipchart-f3-chan-sat-son-tinh-dien\/\"><strong> B\u1ea3ng tr\u1eafng flipchart f3<\/strong><\/a> ch\u00e2n s\u1eaft s\u01a1n t\u0129nh \u0111i\u1ec7n v\u1edbi thi\u1ebft k\u1ebf nh\u1ecf g\u1ecdn, ti\u1ec7n l\u1ee3i v\u00e0 h\u00e0i h\u00f2a.<\/span><\/p>\n<p><span style=\"color: #000080;\">\u2665 <a href=\"https:\/\/bangvietbavicoboard.com\/en\/product\/bang-trang-flipchart-f3-chan-sat-son-tinh-dien\/\"><strong>B\u1ea3ng flipchart f3<\/strong><\/a> ti\u1ebft ki\u1ec7m kh\u00f4ng gian, ph\u00f9 h\u1ee3p v\u1edbi m\u1ecdi kh\u00f4ng gian v\u00e0 m\u1ecdi l\u1ee9a tu\u1ed5i.<\/span><\/p>\n<p><span style=\"color: #000080;\">\u2665\u00a0 B\u1ea3ng c\u00f3 th\u1ec3 g\u1ea5p g\u1ecdn tuy\u1ec7t \u0111\u1ed1i, n\u00e2ng ch\u1ec9nh \u0111\u01b0\u1ee3c \u0111\u1ed9 cao, c\u00f3 b\u00e1nh xe di chuy\u1ec3n d\u1ec5 d\u00e0ng.<\/span><\/p>\n<table style=\"border-collapse: collapse; width: 100%;\">\n<tbody>\n<tr>\n<td style=\"width: 310.972px;\">\u00a0<a href=\"https:\/\/bangvietbavicoboard.com\/en\/product\/bang-trang-flipchart-f3-chan-sat-son-tinh-dien\/\"><img loading=\"lazy\" decoding=\"async\" class=\"alignnone size-full wp-image-7415\" src=\"https:\/\/bangvietbavicoboard.com\/wp-content\/uploads\/2024\/08\/flipchart-f3-13.jpg\" alt=\"\" width=\"900\" height=\"900\" srcset=\"https:\/\/bangvietbavicoboard.com\/wp-content\/uploads\/2024\/08\/flipchart-f3-13.jpg 900w, https:\/\/bangvietbavicoboard.com\/wp-content\/uploads\/2024\/08\/flipchart-f3-13-400x400.jpg 400w, https:\/\/bangvietbavicoboard.com\/wp-content\/uploads\/2024\/08\/flipchart-f3-13-800x800.jpg 800w, https:\/\/bangvietbavicoboard.com\/wp-content\/uploads\/2024\/08\/flipchart-f3-13-280x280.jpg 280w, https:\/\/bangvietbavicoboard.com\/wp-content\/uploads\/2024\/08\/flipchart-f3-13-768x768.jpg 768w, https:\/\/bangvietbavicoboard.com\/wp-content\/uploads\/2024\/08\/flipchart-f3-13-12x12.jpg 12w, https:\/\/bangvietbavicoboard.com\/wp-content\/uploads\/2024\/08\/flipchart-f3-13-300x300.jpg 300w, https:\/\/bangvietbavicoboard.com\/wp-content\/uploads\/2024\/08\/flipchart-f3-13-600x600.jpg 600w, https:\/\/bangvietbavicoboard.com\/wp-content\/uploads\/2024\/08\/flipchart-f3-13-100x100.jpg 100w, https:\/\/bangvietbavicoboard.com\/wp-content\/uploads\/2024\/08\/flipchart-f3-13-96x96.jpg 96w\" sizes=\"auto, (max-width: 900px) 100vw, 900px\" \/><\/a><\/td>\n<td style=\"width: 310.972px;\"><a href=\"https:\/\/bangvietbavicoboard.com\/en\/product\/bang-trang-flipchart-f3-chan-sat-son-tinh-dien\/\"><img loading=\"lazy\" decoding=\"async\" class=\"alignnone size-full wp-image-7414\" src=\"https:\/\/bangvietbavicoboard.com\/wp-content\/uploads\/2024\/08\/flipchart-f3.jpg\" alt=\"\" width=\"1024\" height=\"1024\" srcset=\"https:\/\/bangvietbavicoboard.com\/wp-content\/uploads\/2024\/08\/flipchart-f3.jpg 1024w, https:\/\/bangvietbavicoboard.com\/wp-content\/uploads\/2024\/08\/flipchart-f3-400x400.jpg 400w, https:\/\/bangvietbavicoboard.com\/wp-content\/uploads\/2024\/08\/flipchart-f3-800x800.jpg 800w, https:\/\/bangvietbavicoboard.com\/wp-content\/uploads\/2024\/08\/flipchart-f3-280x280.jpg 280w, https:\/\/bangvietbavicoboard.com\/wp-content\/uploads\/2024\/08\/flipchart-f3-768x768.jpg 768w, https:\/\/bangvietbavicoboard.com\/wp-content\/uploads\/2024\/08\/flipchart-f3-12x12.jpg 12w, https:\/\/bangvietbavicoboard.com\/wp-content\/uploads\/2024\/08\/flipchart-f3-300x300.jpg 300w, https:\/\/bangvietbavicoboard.com\/wp-content\/uploads\/2024\/08\/flipchart-f3-600x600.jpg 600w, https:\/\/bangvietbavicoboard.com\/wp-content\/uploads\/2024\/08\/flipchart-f3-100x100.jpg 100w, https:\/\/bangvietbavicoboard.com\/wp-content\/uploads\/2024\/08\/flipchart-f3-96x96.jpg 96w\" sizes=\"auto, (max-width: 1024px) 100vw, 1024px\" \/><\/a><\/td>\n<td style=\"width: 311.007px;\"><a href=\"https:\/\/bangvietbavicoboard.com\/en\/product\/bang-trang-flipchart-f3-chan-sat-son-tinh-dien\/\"><img loading=\"lazy\" decoding=\"async\" class=\"alignnone size-full wp-image-7416\" src=\"https:\/\/bangvietbavicoboard.com\/wp-content\/uploads\/2024\/08\/flipchart-f3-15.jpg\" alt=\"\" width=\"900\" height=\"900\" srcset=\"https:\/\/bangvietbavicoboard.com\/wp-content\/uploads\/2024\/08\/flipchart-f3-15.jpg 900w, https:\/\/bangvietbavicoboard.com\/wp-content\/uploads\/2024\/08\/flipchart-f3-15-400x400.jpg 400w, https:\/\/bangvietbavicoboard.com\/wp-content\/uploads\/2024\/08\/flipchart-f3-15-800x800.jpg 800w, https:\/\/bangvietbavicoboard.com\/wp-content\/uploads\/2024\/08\/flipchart-f3-15-280x280.jpg 280w, https:\/\/bangvietbavicoboard.com\/wp-content\/uploads\/2024\/08\/flipchart-f3-15-768x768.jpg 768w, https:\/\/bangvietbavicoboard.com\/wp-content\/uploads\/2024\/08\/flipchart-f3-15-12x12.jpg 12w, https:\/\/bangvietbavicoboard.com\/wp-content\/uploads\/2024\/08\/flipchart-f3-15-300x300.jpg 300w, https:\/\/bangvietbavicoboard.com\/wp-content\/uploads\/2024\/08\/flipchart-f3-15-600x600.jpg 600w, https:\/\/bangvietbavicoboard.com\/wp-content\/uploads\/2024\/08\/flipchart-f3-15-100x100.jpg 100w, https:\/\/bangvietbavicoboard.com\/wp-content\/uploads\/2024\/08\/flipchart-f3-15-96x96.jpg 96w\" sizes=\"auto, (max-width: 900px) 100vw, 900px\" \/><\/a><\/td>\n<\/tr>\n<\/tbody>\n<\/table>\n<h2 style=\"text-align: center;\"><span class=\"ez-toc-section\" id=\"Cau_tao_Bang_flipchart_F3_chan_sat_son_tinh_dien\"><\/span><span style=\"color: #0000ff;\"><strong style=\"font-size: 23.04px;\">C\u1ea5u t\u1ea1o\u00a0 B\u1ea3ng flipchart F3 ch\u00e2n s\u1eaft s\u01a1n t\u0129nh \u0111i\u1ec7n<\/strong><\/span><span class=\"ez-toc-section-end\"><\/span><\/h2>\n<p><span style=\"color: #000080;\"><strong>1\/ Surface<\/strong>:\u00a0<\/span><\/p>\n<ul>\n<li><span style=\"color: #000080;\">Flipchart F3\u00a0 s\u1eed d\u1ee5ng 4 lo\u1ea1i m\u1eb7t b\u1ea3ng cao c\u1ea5p nh\u1ea5t c\u1ee7a Bavico:\u00a0<\/span><\/li>\n<\/ul>\n<p><span style=\"color: #000080;\">+ M\u1eb7t b\u1ea3ng Poly \u2013 \u0110\u00e0i Loan (kh\u00f4ng t\u1eeb): vi\u1ebft \u00eam, d\u1ec5 lau ch\u00f9i, th\u1eddi gian s\u1eed d\u1ee5ng 5 n\u0103m.<\/span><\/p>\n<p><span style=\"color: #000080;\">+ M\u1eb7t b\u1ea3ng Geemlam \u2013 \u1ea4n \u0110\u1ed9 (kh\u00f4ng t\u1eeb): cao c\u1ea5p ch\u1ed1ng m\u00e0i m\u00f2n, vi\u1ebft \u00eam, d\u1ec5 lau ch\u00f9i, th\u1eddi gian s\u1eed d\u1ee5ng l\u00ean \u0111\u1ebfn 10 n\u0103m.<\/span><\/p>\n<p><span style=\"color: #000080;\">+ M\u1eb7t b\u1ea3ng Barun \u2013 H\u00e0n Qu\u1ed1c (c\u00f3 t\u1eeb): ch\u1ed1ng l\u00f3a, ch\u1ed1ng m\u00e0i m\u00f2n, s\u1eed d\u1ee5ng \u0111\u01b0\u1ee3c nam ch\u00e2m, vi\u1ebft \u00eam, d\u1ec5 lau ch\u00f9i, kh\u00f4ng \u0111\u1ec3 l\u1ea1i d\u1ea5u v\u1ebft, th\u1eddi gian s\u1eed d\u1ee5ng l\u00ean \u0111\u1ebfn 15 n\u0103m.<\/span><\/p>\n<p><span style=\"color: #000080;\">+ M\u1eb7t b\u1ea3ng Ceramic &#8211; B\u1ec9 (c\u00f3 t\u1eeb): ch\u1ed1ng m\u00e0i m\u00f2n b\u1edfi h\u00f3a ch\u1ea5t, s\u1eed d\u1ee5ng nam ch\u00e2m, vi\u1ebft \u00eam, d\u1ec5 lau ch\u00f9i, kh\u00f4ng \u0111\u1ec3 l\u1ea1i d\u1ea5u v\u1ebft, th\u1eddi gian s\u1eed d\u1ee5ng m\u1eb7t b\u1ea3ng l\u00ean \u0111\u1ebfn 40 n\u0103m.<\/span><\/p>\n<p><span style=\"color: #ff0000;\"><strong>Note: The life of the board depends on the environment and usage.<\/strong><\/span><\/p>\n<ul>\n<li><span style=\"color: #000080;\">CO\/CQ certificate of quality and clear origin.<\/span><\/li>\n<\/ul>\n<figure id=\"attachment_7213\" class=\"wp-caption aligncenter\" aria-describedby=\"caption-attachment-7213\">\n<table style=\"border-collapse: collapse; width: 100%;\">\n<tbody>\n<tr>\n<td style=\"width: 50%;\"><img loading=\"lazy\" decoding=\"async\" class=\"alignnone size-full wp-image-7418\" src=\"https:\/\/bangvietbavicoboard.com\/wp-content\/uploads\/2024\/08\/CO-CQ-AN-2023-2-an-do-web.jpg\" alt=\"\" width=\"900\" height=\"900\" srcset=\"https:\/\/bangvietbavicoboard.com\/wp-content\/uploads\/2024\/08\/CO-CQ-AN-2023-2-an-do-web.jpg 900w, https:\/\/bangvietbavicoboard.com\/wp-content\/uploads\/2024\/08\/CO-CQ-AN-2023-2-an-do-web-400x400.jpg 400w, https:\/\/bangvietbavicoboard.com\/wp-content\/uploads\/2024\/08\/CO-CQ-AN-2023-2-an-do-web-800x800.jpg 800w, https:\/\/bangvietbavicoboard.com\/wp-content\/uploads\/2024\/08\/CO-CQ-AN-2023-2-an-do-web-280x280.jpg 280w, https:\/\/bangvietbavicoboard.com\/wp-content\/uploads\/2024\/08\/CO-CQ-AN-2023-2-an-do-web-768x768.jpg 768w, https:\/\/bangvietbavicoboard.com\/wp-content\/uploads\/2024\/08\/CO-CQ-AN-2023-2-an-do-web-12x12.jpg 12w, https:\/\/bangvietbavicoboard.com\/wp-content\/uploads\/2024\/08\/CO-CQ-AN-2023-2-an-do-web-300x300.jpg 300w, https:\/\/bangvietbavicoboard.com\/wp-content\/uploads\/2024\/08\/CO-CQ-AN-2023-2-an-do-web-600x600.jpg 600w, https:\/\/bangvietbavicoboard.com\/wp-content\/uploads\/2024\/08\/CO-CQ-AN-2023-2-an-do-web-100x100.jpg 100w, https:\/\/bangvietbavicoboard.com\/wp-content\/uploads\/2024\/08\/CO-CQ-AN-2023-2-an-do-web-96x96.jpg 96w\" sizes=\"auto, (max-width: 900px) 100vw, 900px\" \/><\/td>\n<td style=\"width: 50%;\"><img loading=\"lazy\" decoding=\"async\" class=\"alignnone size-full wp-image-7417\" src=\"https:\/\/bangvietbavicoboard.com\/wp-content\/uploads\/2024\/08\/CO-2024-HQ-BARUN-web.jpg\" alt=\"\" width=\"900\" height=\"900\" srcset=\"https:\/\/bangvietbavicoboard.com\/wp-content\/uploads\/2024\/08\/CO-2024-HQ-BARUN-web.jpg 900w, https:\/\/bangvietbavicoboard.com\/wp-content\/uploads\/2024\/08\/CO-2024-HQ-BARUN-web-400x400.jpg 400w, https:\/\/bangvietbavicoboard.com\/wp-content\/uploads\/2024\/08\/CO-2024-HQ-BARUN-web-800x800.jpg 800w, https:\/\/bangvietbavicoboard.com\/wp-content\/uploads\/2024\/08\/CO-2024-HQ-BARUN-web-280x280.jpg 280w, https:\/\/bangvietbavicoboard.com\/wp-content\/uploads\/2024\/08\/CO-2024-HQ-BARUN-web-768x768.jpg 768w, https:\/\/bangvietbavicoboard.com\/wp-content\/uploads\/2024\/08\/CO-2024-HQ-BARUN-web-12x12.jpg 12w, https:\/\/bangvietbavicoboard.com\/wp-content\/uploads\/2024\/08\/CO-2024-HQ-BARUN-web-300x300.jpg 300w, https:\/\/bangvietbavicoboard.com\/wp-content\/uploads\/2024\/08\/CO-2024-HQ-BARUN-web-600x600.jpg 600w, https:\/\/bangvietbavicoboard.com\/wp-content\/uploads\/2024\/08\/CO-2024-HQ-BARUN-web-100x100.jpg 100w, https:\/\/bangvietbavicoboard.com\/wp-content\/uploads\/2024\/08\/CO-2024-HQ-BARUN-web-96x96.jpg 96w\" sizes=\"auto, (max-width: 900px) 100vw, 900px\" \/><\/td>\n<\/tr>\n<\/tbody>\n<\/table>\n<\/figure>\n<p><span style=\"color: #000080;\"><strong>2\/ Plank:\u00a0<\/strong><\/span><\/p>\n<ul>\n<li><span style=\"color: #000080;\">Use high quality MDF board with a beautiful wood grain pattern paper.\u00a0<\/span><\/li>\n<li><span style=\"color: #000080;\">Used to prevent mold, warping of the board, and vibration during use.<\/span><\/li>\n<\/ul>\n<p><span style=\"color: #000080;\"><strong>3\/ Board frame:<\/strong><\/span><\/p>\n<ul>\n<li><span style=\"color: #000080;\">The frame is made of powder coated iron, painted with a very harmonious milky white paint.<\/span><\/li>\n<li><span style=\"color: #000080;\">The waterproof leg frame is very sturdy, has a middle support body to help fold the board quickly, and has a knob to adjust the board height to suit the user.<\/span><\/li>\n<li><span style=\"color: #000080;\">The bottom has a wheel system with locking jaw, making it easy to move and lock when not in use.<\/span><\/li>\n<\/ul>\n<h3 style=\"text-align: center;\"><span class=\"ez-toc-section\" id=\"LY_DO_NEN_MUA_HANG_TAI_BAVICO\"><\/span><span id=\"LY_DO_NEN_MUA_HANG_TAI_BAVICO\" class=\"ez-toc-section\"><\/span><a href=\"https:\/\/bangvietbavicoboard.com\/en\/gioi-thieu\/\"><strong><small>REASONS TO BUY AT BAVICO<\/small><\/strong><\/a><small><strong><br \/>\n<\/strong><\/small><span class=\"ez-toc-section-end\"><\/span><\/h3>\n<p><img loading=\"lazy\" decoding=\"async\" class=\"aligncenter wp-image-7095 size-medium\" src=\"https:\/\/bangvietbavicoboard.com\/wp-content\/uploads\/2024\/07\/xe-tai-800x147.jpg\" sizes=\"auto, (max-width: 800px) 100vw, 800px\" srcset=\"https:\/\/bangvietbavicoboard.com\/wp-content\/uploads\/2024\/07\/xe-tai-800x147.jpg 800w, https:\/\/bangvietbavicoboard.com\/wp-content\/uploads\/2024\/07\/xe-tai-768x141.jpg 768w, https:\/\/bangvietbavicoboard.com\/wp-content\/uploads\/2024\/07\/xe-tai-18x3.jpg 18w, https:\/\/bangvietbavicoboard.com\/wp-content\/uploads\/2024\/07\/xe-tai-300x55.jpg 300w, https:\/\/bangvietbavicoboard.com\/wp-content\/uploads\/2024\/07\/xe-tai-600x110.jpg 600w, https:\/\/bangvietbavicoboard.com\/wp-content\/uploads\/2024\/07\/xe-tai.jpg 945w\" alt=\"\" width=\"800\" height=\"147\" \/><\/p>\n<p><small>\u2013\u00a0<span style=\"font-size: 120%; color: #000080;\">\u00a0\u00a0\u00a0\u00a0\u00a0<b>BAVICO<\/b>\u00a0established in 2003 with more than 20 years of experience in the field of importing, manufacturing and distributing writing boards.\u00a0<\/span><\/small><\/p>\n<p><span style=\"font-size: 120%; color: #000080;\"><small>\u2013\u00a0\u00a0\u00a0\u00a0\u00a0\u00a0<b>BAVICO<\/b>\u00a0always put product quality and customers first, always guarantee 3 no's: DO NOT USE\u00a0<b>POOR QUALITY MATERIALS \u2013 DO NOT TAKE ADVANTAGE OF THEM \u2013 DO NOT DISCLAIMER OF RESPONSIBILITY<\/b>.\u00a0<\/small><\/span><\/p>\n<p><span style=\"font-size: 120%; color: #000080;\"><small>\u2013 \u00a0 \u00a0 \u00a0The raw materials have a clear and transparent origin. Full import certificate (CO\/CQ).<\/small><\/span><\/p>\n<p><span style=\"font-size: 120%; color: #000080;\"><small>\u2013\u00a0\u00a0\u00a0\u00a0\u00a0\u00a0Products are assembled directly at the factory.\u00a0<b>BAVICO<\/b>\u00a0and fully inspected ready for delivery to customers.\u00a0<\/small><\/span><\/p>\n<p><span style=\"font-size: 120%; color: #000080;\"><small>\u2013\u00a0\u00a0\u00a0\u00a0\u00a0Delivery to your door, even if it's just one product =&gt; Ensure the product upon receipt is 100% identical to the customer's request.<\/small><\/span><\/p>\n<p><span style=\"font-size: 120%; color: #000080;\"><small>\u2013\u00a0\u00a0\u00a0\u00a0\u00a0\u00a0Clear warranty policy from 12 months to 24 months so customers can rest assured when using.<\/small><\/span><\/p>\n<p><small>\u00a0<\/small><\/p>\n<h2 style=\"text-align: center;\"><span class=\"ez-toc-section\" id=\"THONG_TIN_LIEN_HE_MUA_BANG_FLIPCHART_F3_CHAN_SAT_SON_TINH_DIEN\"><\/span><span id=\"THONG_TIN_LIEN_HE_MUA_BANG_FLIPCHART_F3_%E2%80%93_2_MAT\" class=\"ez-toc-section\"><\/span><span id=\"THONG_TIN_LIEN_HE_MUA_BANG_FLIPCHART_F2_PLUS\" class=\"ez-toc-section\"><\/span><span id=\"THONG_TIN_LIEN_HE_MUA_BANG_FLIPCHART_VIET_BUT_LONG_CHAN_INOX\" class=\"ez-toc-section\"><\/span><span style=\"color: #0000ff;\"><small><b>TH\u00d4NG TIN LI\u00caN H\u1ec6 MUA B\u1ea2NG FLIPCHART F3 CH\u00c2N S\u1eaeT S\u01a0N T\u0128NH \u0110I\u1ec6N\u00a0<\/b><\/small><\/span><span class=\"ez-toc-section-end\"><\/span><\/h2>\n<p><span style=\"font-size: 120%; color: #000080;\"><small>TEL:\u00a0<b>0918 663 620<\/b>\u00a0(zalo\/viber)<\/small><\/span><\/p>\n<p><span style=\"color: #000080;\">Email:\u00a0<b>sale02@bangvietbavico.com<\/b><b><br \/>\n<\/b><\/span><br \/>\n<span style=\"color: #000080;\">Facebook:<b>\u00a0<a style=\"color: #000080;\" href=\"https:\/\/www.facebook.com\/bavico.duan\/\" target=\"_blank\" rel=\"noopener\">B\u1ea3ng Vi\u1ebft Bavico\u00a0<\/a><\/b>(B\u1ea3ng treo t\u01b0\u1eddng)<\/span><\/p>\n<p>&nbsp;<\/p>\n<h3 style=\"text-align: center;\"><span class=\"ez-toc-section\" id=\"CONG_TY_TNHH_THIET_BI_GIAO_DUC_BAVICO\"><\/span><span id=\"CONG_TY_TNHH_THIET_BI_GIAO_DUC_BAVICO\" class=\"ez-toc-section\"><\/span><span style=\"color: #0000ff;\"><a style=\"color: #0000ff;\" href=\"https:\/\/bangvietbavicoboard.com\/en\/gioi-thieu\/\"><small><b>EQUIPMENT CO., EDUCATION BAVICO<\/b><\/small><\/a><\/span><small><b><\/b><\/small><small><b><br \/>\n<\/b><\/small><span class=\"ez-toc-section-end\"><\/span><\/h3>\n<p><img loading=\"lazy\" decoding=\"async\" class=\"aligncenter\" src=\"https:\/\/dungcuvanphongonline.com\/images\/pic\/CTY.jpg\" alt=\"\" width=\"308\" height=\"315\" \/><\/p>\n<p><span style=\"font-size: 120%; color: #000080;\"><small>\u2013 Head office: No.26-28 DD11 Street, An Suong Villa Area in Tan Hung Thuan Ward. District 12, Ho Chi Minh City, Vietnam<br \/>\n\u2013 Factory: 7\/7 Ho Van Tang, Xom Dong Hamlet, Tan Phu Trung Commune, Cu Chi District, Ho Chi Minh City, Vietnam<br \/>\n\u2013 TEL: (028) 3 592 4085 \u2013 (028) 5427 5356<br \/>\n\u2013 Hotline: 0903 883 885 \u2013 Fax: 3 592 4110<\/small><\/span><\/p>","protected":false},"excerpt":{"rendered":"<p>&#8211; B\u1ea3ng vi\u1ebft Bavico v\u1edbi h\u01a1n 20 n\u0103m kinh nghi\u1ec7m trong l\u0129nh v\u01b0c nh\u1eadp kh\u1ea9u, s\u1ea3n xu\u1ea5t v\u00e0 ph\u00e2n ph\u1ed1i thi\u1ebft b\u1ecb b\u1ea3ng vi\u1ebft<\/p>\n<p>&#8211; Mi\u1ec5n ph\u00ed v\u1eadn chuy\u1ec3n v\u00e0 l\u1eafp \u0111\u1eb7t t\u1ea1i khu v\u01b0c C\u1ee7 Chi, H\u00f3c M\u00f4n v\u00e0 n\u1ed9i th\u00e0nh TP.HCM (Qu\u1eadn 1, 2, 3, 4, 5, 6, 7, 8, 9, 10, 11, 12, G\u00f2 V\u1ea5p, T\u00e2n B\u00ecnh, B\u00ecnh T\u00e2n, T\u00e2n Ph\u00fa, Ph\u00fa Nhu\u1eadn, B\u00ecnh Th\u1ea1nh, Th\u1ee7 \u0110\u1ee9c)<\/p>","protected":false},"featured_media":7427,"comment_status":"open","ping_status":"closed","template":"","meta":{"_acf_changed":false},"product_brand":[],"product_cat":[469],"product_tag":[259,260,272,343,273,281,422,429,430,341,261,344],"class_list":{"0":"post-7413","1":"product","2":"type-product","3":"status-publish","4":"has-post-thumbnail","6":"product_cat-bang-flipchart","7":"product_tag-bang-flipchart","8":"product_tag-bang-flipchart-a0","9":"product_tag-bang-flipchart-a1","10":"product_tag-bang-flipchart-bavico","11":"product_tag-bang-flipchart-chan-gap","12":"product_tag-bang-flipchart-cho-be","13":"product_tag-bang-flipchart-da-nang","14":"product_tag-bang-flipchart-dao-tao","15":"product_tag-bang-flipchart-kho-lon","16":"product_tag-bang-flipchart-up-side-down","17":"product_tag-bang-flipchart-upside-down","18":"product_tag-bang-flipchart-van-phong","20":"first","21":"instock","22":"shipping-taxable","23":"purchasable","24":"product-type-variable","25":"has-default-attributes"},"acf":[],"_links":{"self":[{"href":"https:\/\/bangvietbavicoboard.com\/en\/wp-json\/wp\/v2\/product\/7413","targetHints":{"allow":["GET"]}}],"collection":[{"href":"https:\/\/bangvietbavicoboard.com\/en\/wp-json\/wp\/v2\/product"}],"about":[{"href":"https:\/\/bangvietbavicoboard.com\/en\/wp-json\/wp\/v2\/types\/product"}],"replies":[{"embeddable":true,"href":"https:\/\/bangvietbavicoboard.com\/en\/wp-json\/wp\/v2\/comments?post=7413"}],"wp:featuredmedia":[{"embeddable":true,"href":"https:\/\/bangvietbavicoboard.com\/en\/wp-json\/wp\/v2\/media\/7427"}],"wp:attachment":[{"href":"https:\/\/bangvietbavicoboard.com\/en\/wp-json\/wp\/v2\/media?parent=7413"}],"wp:term":[{"taxonomy":"product_brand","embeddable":true,"href":"https:\/\/bangvietbavicoboard.com\/en\/wp-json\/wp\/v2\/product_brand?post=7413"},{"taxonomy":"product_cat","embeddable":true,"href":"https:\/\/bangvietbavicoboard.com\/en\/wp-json\/wp\/v2\/product_cat?post=7413"},{"taxonomy":"product_tag","embeddable":true,"href":"https:\/\/bangvietbavicoboard.com\/en\/wp-json\/wp\/v2\/product_tag?post=7413"}],"curies":[{"name":"wp","href":"https:\/\/api.w.org\/{rel}","templated":true}]}}