{"id":7210,"date":"2024-07-30T03:50:02","date_gmt":"2024-07-30T03:50:02","guid":{"rendered":"https:\/\/bangvietbavicoboard.com\/?post_type=product&#038;p=7210"},"modified":"2025-02-26T12:21:05","modified_gmt":"2025-02-26T12:21:05","slug":"bang-trang-flipchart-f3-2-mat","status":"publish","type":"product","link":"https:\/\/bangvietbavicoboard.com\/en\/product\/bang-trang-flipchart-f3-2-mat\/","title":{"rendered":"Flipchart F3 2 sides white board"},"content":{"rendered":"<h1 style=\"text-align: center;\"><span class=\"ez-toc-section\" id=\"Bang_trang_flipchart_F3_%E2%80%93_2_mat\"><\/span><span style=\"color: #ff0000;\"><strong>Flipchart F3 white board - 2 sides\u00a0<\/strong><\/span><span class=\"ez-toc-section-end\"><\/span><\/h1>\n<p><span style=\"color: #000080;\">\u2665<a href=\"https:\/\/bangvietbavicoboard.com\/en\/product\/bang-trang-flipchart-f3-2-mat\/\"><strong> Flipchart F3 white board - 2 sides<\/strong><\/a> is an upgraded version of the regular F3 flipchart board line.\u00a0<\/span><\/p>\n<p><span style=\"color: #000080;\">\u2665 <a href=\"https:\/\/bangvietbavicoboard.com\/en\/product\/bang-trang-flipchart-f3-2-mat\/\"><strong>Flipchart F3 with 2 sides<\/strong><\/a> is extremely convenient and space-saving, suitable for any space.<\/span><\/p>\n<p><span style=\"color: #000080;\">\u2665 Compact, luxurious, harmonious, but extremely outstanding design.<\/span><\/p>\n<p><a href=\"https:\/\/bangvietbavicoboard.com\/en\/product\/bang-trang-flipchart-f3-2-mat\/\"><img loading=\"lazy\" decoding=\"async\" class=\"aligncenter wp-image-7215 size-full\" src=\"https:\/\/bangvietbavicoboard.com\/wp-content\/uploads\/2024\/07\/flipchart-f3-2-mat-9.jpg\" alt=\"\" width=\"900\" height=\"900\" srcset=\"https:\/\/bangvietbavicoboard.com\/wp-content\/uploads\/2024\/07\/flipchart-f3-2-mat-9.jpg 900w, https:\/\/bangvietbavicoboard.com\/wp-content\/uploads\/2024\/07\/flipchart-f3-2-mat-9-400x400.jpg 400w, https:\/\/bangvietbavicoboard.com\/wp-content\/uploads\/2024\/07\/flipchart-f3-2-mat-9-800x800.jpg 800w, https:\/\/bangvietbavicoboard.com\/wp-content\/uploads\/2024\/07\/flipchart-f3-2-mat-9-280x280.jpg 280w, https:\/\/bangvietbavicoboard.com\/wp-content\/uploads\/2024\/07\/flipchart-f3-2-mat-9-768x768.jpg 768w, https:\/\/bangvietbavicoboard.com\/wp-content\/uploads\/2024\/07\/flipchart-f3-2-mat-9-12x12.jpg 12w, https:\/\/bangvietbavicoboard.com\/wp-content\/uploads\/2024\/07\/flipchart-f3-2-mat-9-300x300.jpg 300w, https:\/\/bangvietbavicoboard.com\/wp-content\/uploads\/2024\/07\/flipchart-f3-2-mat-9-600x600.jpg 600w, https:\/\/bangvietbavicoboard.com\/wp-content\/uploads\/2024\/07\/flipchart-f3-2-mat-9-100x100.jpg 100w, https:\/\/bangvietbavicoboard.com\/wp-content\/uploads\/2024\/07\/flipchart-f3-2-mat-9-96x96.jpg 96w\" sizes=\"auto, (max-width: 900px) 100vw, 900px\" \/><\/a><\/p>\n<h2 style=\"text-align: center;\"><span class=\"ez-toc-section\" id=\"Cau_tao_Bang_flipchart_F3_%E2%80%93_2_mat\"><\/span><span style=\"color: #0000ff;\"><strong>Structure of flipchart F3 board \u2013 2 sides<\/strong><\/span><span class=\"ez-toc-section-end\"><\/span><\/h2>\n<p><span style=\"color: #000080;\"><strong>1\/ Surface<\/strong>:\u00a0<\/span><\/p>\n<ul>\n<li><span style=\"color: #000080;\">Flipchart F3 with 2 sides uses 3 types of Bavico's highest-quality board surfaces:\u00a0<\/span><\/li>\n<\/ul>\n<p><span style=\"color: #000080;\">+ Geemlam board surface \u2013 India (non-magnetic): high-quality, abrasion-resistant, smooth writing, easy to clean, usage time up to 10 years.<\/span><\/p>\n<p><span style=\"color: #000080;\">+ M\u1eb7t b\u1ea3ng Poly &#8211; \u0110\u00e0i Loan (kh\u00f4ng t\u1eeb): vi\u1ebft \u00eam, d\u1ec5 lau ch\u00f9i, th\u1eddi gian s\u1eed d\u1ee5ng 5 n\u0103m.<\/span><\/p>\n<p><span style=\"color: #000080;\">+ Barun board surface \u2013 Korea (with magnet): anti-glare, anti-abrasion, can use magnets, writes smoothly, easy to clean, leaves no traces, usage time up to 15 years.<\/span><\/p>\n<p><strong><span style=\"color: #003300;\">Note: The life of the board depends on the environment and usage.<\/span><\/strong><\/p>\n<ul>\n<li><span style=\"color: #000080;\">CO\/CQ certificate of quality and clear origin.<\/span><\/li>\n<\/ul>\n<figure id=\"attachment_7211\" aria-describedby=\"caption-attachment-7211\" style=\"width: 409px\" class=\"wp-caption aligncenter\"><img loading=\"lazy\" decoding=\"async\" class=\"wp-image-7211 size-full\" src=\"https:\/\/bangvietbavicoboard.com\/wp-content\/uploads\/2024\/07\/CO-2024-HQ-BARUN.jpg\" alt=\"\" width=\"409\" height=\"558\" srcset=\"https:\/\/bangvietbavicoboard.com\/wp-content\/uploads\/2024\/07\/CO-2024-HQ-BARUN.jpg 409w, https:\/\/bangvietbavicoboard.com\/wp-content\/uploads\/2024\/07\/CO-2024-HQ-BARUN-293x400.jpg 293w, https:\/\/bangvietbavicoboard.com\/wp-content\/uploads\/2024\/07\/CO-2024-HQ-BARUN-9x12.jpg 9w, https:\/\/bangvietbavicoboard.com\/wp-content\/uploads\/2024\/07\/CO-2024-HQ-BARUN-300x409.jpg 300w\" sizes=\"auto, (max-width: 409px) 100vw, 409px\" \/><figcaption id=\"caption-attachment-7211\" class=\"wp-caption-text\">BARUN \u2013 KOREA<\/figcaption><\/figure>\n<figure id=\"attachment_7213\" aria-describedby=\"caption-attachment-7213\" style=\"width: 1024px\" class=\"wp-caption aligncenter\"><img loading=\"lazy\" decoding=\"async\" class=\"wp-image-7213 size-full\" src=\"https:\/\/bangvietbavicoboard.com\/wp-content\/uploads\/2024\/07\/CO-CQ-AN-2023-2-an-do.jpg\" alt=\"\" width=\"1024\" height=\"1024\" srcset=\"https:\/\/bangvietbavicoboard.com\/wp-content\/uploads\/2024\/07\/CO-CQ-AN-2023-2-an-do.jpg 1024w, https:\/\/bangvietbavicoboard.com\/wp-content\/uploads\/2024\/07\/CO-CQ-AN-2023-2-an-do-400x400.jpg 400w, https:\/\/bangvietbavicoboard.com\/wp-content\/uploads\/2024\/07\/CO-CQ-AN-2023-2-an-do-800x800.jpg 800w, https:\/\/bangvietbavicoboard.com\/wp-content\/uploads\/2024\/07\/CO-CQ-AN-2023-2-an-do-280x280.jpg 280w, https:\/\/bangvietbavicoboard.com\/wp-content\/uploads\/2024\/07\/CO-CQ-AN-2023-2-an-do-768x768.jpg 768w, https:\/\/bangvietbavicoboard.com\/wp-content\/uploads\/2024\/07\/CO-CQ-AN-2023-2-an-do-12x12.jpg 12w, https:\/\/bangvietbavicoboard.com\/wp-content\/uploads\/2024\/07\/CO-CQ-AN-2023-2-an-do-300x300.jpg 300w, https:\/\/bangvietbavicoboard.com\/wp-content\/uploads\/2024\/07\/CO-CQ-AN-2023-2-an-do-600x600.jpg 600w, https:\/\/bangvietbavicoboard.com\/wp-content\/uploads\/2024\/07\/CO-CQ-AN-2023-2-an-do-100x100.jpg 100w, https:\/\/bangvietbavicoboard.com\/wp-content\/uploads\/2024\/07\/CO-CQ-AN-2023-2-an-do-96x96.jpg 96w\" sizes=\"auto, (max-width: 1024px) 100vw, 1024px\" \/><figcaption id=\"caption-attachment-7213\" class=\"wp-caption-text\">GREEMLAM \u2013 INDIA<span style=\"color: #555555; font-size: 14.4px;\">\u00a0<\/span><\/figcaption><\/figure>\n<p><strong><span style=\"color: #000080;\">2\/ Plank:\u00a0<\/span><\/strong><\/p>\n<ul>\n<li><span style=\"color: #000080;\">Use high quality MDF board with a beautiful wood grain pattern paper.\u00a0<\/span><\/li>\n<li><span style=\"color: #000080;\">Used to prevent mold, warping of the board, and vibration during use.<\/span><\/li>\n<\/ul>\n<p><strong><span style=\"color: #000080;\">3\/ Board frame:<\/span><\/strong><\/p>\n<ul>\n<li><span style=\"color: #000080;\">The frame is made of powder coated iron, painted with a very harmonious milky white paint.<\/span><\/li>\n<li><span style=\"color: #000080;\">The waterproof leg frame is very sturdy, has a middle support body to help fold the board quickly, and has a knob to adjust the board height to suit the user.<\/span><\/li>\n<li><span style=\"color: #000080;\">The bottom has a wheel system with locking jaw, making it easy to move and lock when not in use.<\/span><\/li>\n<\/ul>\n<h3 style=\"text-align: center;\"><span class=\"ez-toc-section\" id=\"LY_DO_NEN_MUA_HANG_TAI_BAVICO\"><\/span><span style=\"font-size: 100%;\"><a href=\"https:\/\/bangvietbavicoboard.com\/en\/gioi-thieu\/\"><strong><small>REASONS TO BUY AT BAVICO<\/small><\/strong><\/a><\/span><small><strong><br \/>\n<\/strong><\/small><span class=\"ez-toc-section-end\"><\/span><\/h3>\n<p><img loading=\"lazy\" decoding=\"async\" class=\"aligncenter wp-image-7095 size-medium\" src=\"https:\/\/bangvietbavicoboard.com\/wp-content\/uploads\/2024\/07\/xe-tai-800x147.jpg\" alt=\"\" width=\"800\" height=\"147\" srcset=\"https:\/\/bangvietbavicoboard.com\/wp-content\/uploads\/2024\/07\/xe-tai-800x147.jpg 800w, https:\/\/bangvietbavicoboard.com\/wp-content\/uploads\/2024\/07\/xe-tai-768x141.jpg 768w, https:\/\/bangvietbavicoboard.com\/wp-content\/uploads\/2024\/07\/xe-tai-18x3.jpg 18w, https:\/\/bangvietbavicoboard.com\/wp-content\/uploads\/2024\/07\/xe-tai-300x55.jpg 300w, https:\/\/bangvietbavicoboard.com\/wp-content\/uploads\/2024\/07\/xe-tai-600x110.jpg 600w, https:\/\/bangvietbavicoboard.com\/wp-content\/uploads\/2024\/07\/xe-tai.jpg 945w\" sizes=\"auto, (max-width: 800px) 100vw, 800px\" \/><\/p>\n<p><small>\u2013<span style=\"font-size: 120%;\">\u00a0\u00a0\u00a0\u00a0<span style=\"color: #000080;\">\u00a0\u00a0<b>BAVICO<\/b> established in 2003 with more than 20 years of experience in the field of importing, manufacturing and distributing writing boards.\u00a0<\/span><\/span><\/small><\/p>\n<p><span style=\"font-size: 120%; color: #000080;\"><small>\u2013\u00a0\u00a0\u00a0\u00a0\u00a0\u00a0<b>BAVICO<\/b>\u00a0always put product quality and customers first, always guarantee 3 no's: DO NOT USE\u00a0<b>POOR QUALITY MATERIALS \u2013 DO NOT TAKE ADVANTAGE OF THEM \u2013 DO NOT DISCLAIMER OF RESPONSIBILITY<\/b>.\u00a0<\/small><\/span><\/p>\n<p><span style=\"font-size: 120%; color: #000080;\"><small>\u2013 \u00a0 \u00a0 \u00a0The raw materials have a clear and transparent origin. Full import certificate (CO\/CQ).<\/small><\/span><\/p>\n<p><span style=\"font-size: 120%; color: #000080;\"><small>\u2013\u00a0\u00a0\u00a0\u00a0\u00a0\u00a0Products are assembled directly at the factory.\u00a0<b>BAVICO<\/b>\u00a0and fully inspected ready for delivery to customers.\u00a0<\/small><\/span><\/p>\n<p><span style=\"font-size: 120%; color: #000080;\"><small>\u2013\u00a0\u00a0\u00a0\u00a0\u00a0Delivery to your door, even if it's just one product =&gt; Ensure the product upon receipt is 100% identical to the customer's request.<\/small><\/span><\/p>\n<p><span style=\"font-size: 120%; color: #000080;\"><small>\u2013\u00a0\u00a0\u00a0\u00a0\u00a0\u00a0Clear warranty policy from 12 months to 24 months so customers can rest assured when using.<\/small><\/span><\/p>\n<p><span style=\"font-size: 120%;\"><small>\u00a0<\/small><\/span><\/p>\n<h2 style=\"text-align: center;\"><span class=\"ez-toc-section\" id=\"THONG_TIN_LIEN_HE_MUA_BANG_FLIPCHART_F3_%E2%80%93_2_MAT\"><\/span><span id=\"THONG_TIN_LIEN_HE_MUA_BANG_FLIPCHART_F2_PLUS\" class=\"ez-toc-section\"><\/span><span id=\"THONG_TIN_LIEN_HE_MUA_BANG_FLIPCHART_VIET_BUT_LONG_CHAN_INOX\" class=\"ez-toc-section\"><\/span><span style=\"font-size: 90%; color: #0000ff;\"><small><b>CONTACT INFORMATION TO BUY FLIPCHART  F3 BOARD \u2013 2 SIDED\u00a0<\/b><\/small><\/span><span class=\"ez-toc-section-end\"><\/span><\/h2>\n<p><span style=\"font-size: 130%; color: #000080;\"><small>TEL:\u00a0<b>0903 049 885<\/b>\u00a0(zalo\/viber)<\/small><\/span><\/p>\n<p><span style=\"color: #000080;\">Email:\u00a0<b>sale09@bangvietbavico.net<\/b><b><br \/>\n<\/b><\/span><br \/>\n<span style=\"color: #000080;\">Facebook:<b>\u00a0<a style=\"color: #000080;\" href=\"https:\/\/www.facebook.com\/sale09bangvietbavico\" target=\"_blank\" rel=\"noopener\">B\u1ea3ng Vi\u1ebft Bavico\u00a0<\/a><\/b><\/span><\/p>\n<p>&nbsp;<\/p>\n<h3 style=\"text-align: center;\"><span class=\"ez-toc-section\" id=\"CONG_TY_TNHH_THIET_BI_GIAO_DUC_BAVICO\"><\/span><span style=\"font-size: 100%;\"><a href=\"https:\/\/bangvietbavicoboard.com\/en\/gioi-thieu\/\"><small><b>EQUIPMENT CO., EDUCATION BAVICO<\/b><\/small><\/a><\/span><small><b><\/b><\/small><small><b><br \/>\n<\/b><\/small><span class=\"ez-toc-section-end\"><\/span><\/h3>\n<p><img loading=\"lazy\" decoding=\"async\" class=\"aligncenter\" src=\"https:\/\/dungcuvanphongonline.com\/images\/pic\/CTY.jpg\" alt=\"\" width=\"308\" height=\"315\" \/><\/p>\n<p><span style=\"font-size: 120%; color: #000080;\"><small>\u2013 Head office: No.26-28 DD11 Street, An Suong Villa Area in Tan Hung Thuan Ward. District 12, Ho Chi Minh City, Vietnam<br \/>\n\u2013 Factory: 7\/7 Ho Van Tang, Xom Dong Hamlet, Tan Phu Trung Commune, Cu Chi District, Ho Chi Minh City, Vietnam<br \/>\n\u2013 TEL: (028) 3 592 4085 \u2013 (028) 5427 5356<br \/>\n\u2013 Hotline: 0903 883 885 \u2013 Fax: 3 592 4110<\/small><\/span><\/p>\n<div class=\"devvn_readmore_flatsome devvn_readmore_flatsome_less\"><\/div>\n<p>&nbsp;<\/p>","protected":false},"excerpt":{"rendered":"<p><span style=\"color: #000080;\">F3 flipchart board \u2013 2 sides with modern, convenient design and many board surface options:<\/span><\/p>\n<p><span style=\"color: #000080;\">\u2013 Poly \u2013 Taiwan<\/span><\/p>\n<p><span style=\"color: #000080;\">\u2013 Greemlam \u2013 India<\/span><\/p>\n<p><span style=\"color: #000080;\">\u2013 Barun \u2013 Korea<\/span><\/p>","protected":false},"featured_media":7222,"comment_status":"open","ping_status":"closed","template":"","meta":{"_acf_changed":false},"product_brand":[],"product_cat":[469],"product_tag":[259,260,343,422,429,341,344,421],"class_list":{"0":"post-7210","1":"product","2":"type-product","3":"status-publish","4":"has-post-thumbnail","6":"product_cat-bang-flipchart","7":"product_tag-bang-flipchart","8":"product_tag-bang-flipchart-a0","9":"product_tag-bang-flipchart-bavico","10":"product_tag-bang-flipchart-da-nang","11":"product_tag-bang-flipchart-dao-tao","12":"product_tag-bang-flipchart-up-side-down","13":"product_tag-bang-flipchart-van-phong","14":"product_tag-bang-flipchart-xep-gon","16":"first","17":"instock","18":"shipping-taxable","19":"purchasable","20":"product-type-variable"},"acf":[],"_links":{"self":[{"href":"https:\/\/bangvietbavicoboard.com\/en\/wp-json\/wp\/v2\/product\/7210","targetHints":{"allow":["GET"]}}],"collection":[{"href":"https:\/\/bangvietbavicoboard.com\/en\/wp-json\/wp\/v2\/product"}],"about":[{"href":"https:\/\/bangvietbavicoboard.com\/en\/wp-json\/wp\/v2\/types\/product"}],"replies":[{"embeddable":true,"href":"https:\/\/bangvietbavicoboard.com\/en\/wp-json\/wp\/v2\/comments?post=7210"}],"wp:featuredmedia":[{"embeddable":true,"href":"https:\/\/bangvietbavicoboard.com\/en\/wp-json\/wp\/v2\/media\/7222"}],"wp:attachment":[{"href":"https:\/\/bangvietbavicoboard.com\/en\/wp-json\/wp\/v2\/media?parent=7210"}],"wp:term":[{"taxonomy":"product_brand","embeddable":true,"href":"https:\/\/bangvietbavicoboard.com\/en\/wp-json\/wp\/v2\/product_brand?post=7210"},{"taxonomy":"product_cat","embeddable":true,"href":"https:\/\/bangvietbavicoboard.com\/en\/wp-json\/wp\/v2\/product_cat?post=7210"},{"taxonomy":"product_tag","embeddable":true,"href":"https:\/\/bangvietbavicoboard.com\/en\/wp-json\/wp\/v2\/product_tag?post=7210"}],"curies":[{"name":"wp","href":"https:\/\/api.w.org\/{rel}","templated":true}]}}