{"id":7086,"date":"2024-07-25T01:28:13","date_gmt":"2024-07-25T01:28:13","guid":{"rendered":"https:\/\/bangvietbavicoboard.com\/?post_type=product&#038;p=7086"},"modified":"2025-02-26T12:13:27","modified_gmt":"2025-02-26T12:13:27","slug":"bang-flipchart-viet-but-long-chan-inox-gap-gon","status":"publish","type":"product","link":"https:\/\/bangvietbavicoboard.com\/en\/product\/bang-flipchart-viet-but-long-chan-inox-gap-gon\/","title":{"rendered":"Foldable flipchart white board with inoxidizable leg"},"content":{"rendered":"<p><span style=\"font-family: arial, helvetica, sans-serif; font-size: 120%; color: #000080;\">\u2665 <strong>B\u1ea3ng flipchart vi\u1ebft b\u00fat l\u00f4ng ch\u00e2n inox g\u1ea5p<\/strong> g\u1ecdn v\u1edbi m\u1eb7t t\u1eeb tr\u1eafng \u0111\u01b0\u1ee3c nh\u1eadp kh\u1ea9u t\u1eeb H\u00e0n Qu\u1ed1c v\u00e0 \u0111\u01b0\u1ee3c s\u1ea3n xu\u1ea5t tr\u1ef1c ti\u1ebfp t\u1ea1i nh\u00e0 m\u00e1y Bavico.\u00a0<\/span><\/p>\n<p><span style=\"font-family: arial, helvetica, sans-serif; font-size: 120%; color: #000080;\">\u2665 Flipchart board with convenient folding design, easy to use, smooth writing surface, paper clip to hold documents.<\/span><\/p>\n<p><span style=\"font-family: arial, helvetica, sans-serif; font-size: 120%; color: #000080;\">\u2665 Inoxidizable leg frame foldable flipchart board with harmonious and modern design, suitable for many ages, can be used in any location.<\/span><\/p>\n<table style=\"border-collapse: collapse; width: 100%;\">\n<tbody>\n<tr>\n<td style=\"width: 50%;\"><img loading=\"lazy\" decoding=\"async\" class=\"size-full wp-image-7087 aligncenter\" src=\"https:\/\/bangvietbavicoboard.com\/wp-content\/uploads\/2024\/07\/flipchart_chan_inox-3.jpg\" alt=\"\" width=\"400\" height=\"600\" srcset=\"https:\/\/bangvietbavicoboard.com\/wp-content\/uploads\/2024\/07\/flipchart_chan_inox-3.jpg 400w, https:\/\/bangvietbavicoboard.com\/wp-content\/uploads\/2024\/07\/flipchart_chan_inox-3-267x400.jpg 267w, https:\/\/bangvietbavicoboard.com\/wp-content\/uploads\/2024\/07\/flipchart_chan_inox-3-8x12.jpg 8w, https:\/\/bangvietbavicoboard.com\/wp-content\/uploads\/2024\/07\/flipchart_chan_inox-3-300x450.jpg 300w\" sizes=\"auto, (max-width: 400px) 100vw, 400px\" \/><\/td>\n<td style=\"width: 50%;\"><img loading=\"lazy\" decoding=\"async\" class=\"size-full wp-image-7091 aligncenter\" src=\"https:\/\/bangvietbavicoboard.com\/wp-content\/uploads\/2024\/07\/flipchart_chan_inox-8.jpg\" alt=\"\" width=\"400\" height=\"600\" srcset=\"https:\/\/bangvietbavicoboard.com\/wp-content\/uploads\/2024\/07\/flipchart_chan_inox-8.jpg 400w, https:\/\/bangvietbavicoboard.com\/wp-content\/uploads\/2024\/07\/flipchart_chan_inox-8-267x400.jpg 267w, https:\/\/bangvietbavicoboard.com\/wp-content\/uploads\/2024\/07\/flipchart_chan_inox-8-8x12.jpg 8w, https:\/\/bangvietbavicoboard.com\/wp-content\/uploads\/2024\/07\/flipchart_chan_inox-8-300x450.jpg 300w\" sizes=\"auto, (max-width: 400px) 100vw, 400px\" \/><\/td>\n<\/tr>\n<\/tbody>\n<\/table>\n<h2 style=\"text-align: center;\"><span class=\"ez-toc-section\" id=\"Cau_tao_cua_bang_Flipchart_viet_but_long_chan_inox\"><\/span><span style=\"color: #003300;\"><strong><span style=\"font-size: 80%;\">The structure of the Flipchart  white board with inoxidizable leg\u00a0<\/span><\/strong><\/span><span class=\"ez-toc-section-end\"><\/span><\/h2>\n<p><strong><span style=\"font-size: 120%; color: #000080;\">1.Surface:<\/span><\/strong><\/p>\n<ul>\n<li><span style=\"font-family: arial, helvetica, sans-serif; font-size: 120%; color: #000080;\">The Barun white magnetic board surface is imported from Dongshin Group - Korea with leading technology.\u00a0<\/span><\/li>\n<li><span style=\"font-family: arial, helvetica, sans-serif; font-size: 120%; color: #000080;\">Full CO\/CQ import and quality certification.<\/span><\/li>\n<li><span style=\"font-family: arial, helvetica, sans-serif; font-size: 120%; color: #000080;\">The surface of the board is painted with 17 layers anti-glare, and abrasion paint. The board writes smoothly, is easy to clean and wipes away without leaving any traces.<\/span><\/li>\n<li><span style=\"font-family: arial, helvetica, sans-serif; font-size: 120%; color: #000080;\">B\u1ea3ng c\u00f3 k\u1ebb \u00f4 ly ch\u00ecm m\u1eb7c \u0111\u1ecbnh 5cm, gi\u00fap ng\u01b0\u1eddi s\u1eed d\u1ee5ng vi\u1ebft \u0111\u1ec1u, \u0111\u1eb9p v\u00e0 th\u1eb3ng h\u00e0ng.\u00a0<\/span><\/li>\n<li><span style=\"font-family: arial, helvetica, sans-serif; font-size: 120%; color: #000080;\">M\u1eb7t b\u1ea3ng \u0111\u01b0\u1ee3c Bavico b\u1ea3o h\u00e0nh 12 th\u00e1ng.<\/span><\/li>\n<\/ul>\n<p><strong><span style=\"font-size: 120%; color: #000080;\">2. Lining board:<\/span><\/strong><\/p>\n<ul>\n<li><span style=\"font-size: 120%; color: #000080;\">Use MDF lining with wood grain patterns.<\/span><\/li>\n<li><span style=\"font-size: 120%; color: #000080;\">The board is resistant to moisture and warping when used, but it's highly durable enough for preventing vibration while writing.<\/span><\/li>\n<\/ul>\n<p><strong><span style=\"font-size: 120%; color: #000080;\">3.Board frame:<\/span><\/strong><\/p>\n<ul>\n<li><span style=\"font-size: 120%; color: #000080;\">Made of shiny aluminum alloy, there are 4 plastic straps wrapped around the board surface making it extremely harmonious and beautiful.\u00a0<\/span><\/li>\n<li><span style=\"font-size: 120%; color: #000080;\">2cm aluminum frame ensures high strength.<\/span><\/li>\n<\/ul>\n<p><strong><span style=\"font-size: 120%; color: #000080;\">4.Board legs:<\/span><\/strong><\/p>\n<ul>\n<li><span style=\"font-size: 120%; color: #000080;\">Table legs are made from high quality stainless steel with German technology.<\/span><\/li>\n<li><span style=\"font-size: 120%; color: #000080;\">The legs can be adjusted in height and have latches for convenient folding.\u00a0<\/span><\/li>\n<\/ul>\n<p><span style=\"font-size: 120%; color: #000080;\"><strong>5.Writing trough:<\/strong> long along the board surface.<\/span><\/p>\n<h3 style=\"text-align: center;\"><span class=\"ez-toc-section\" id=\"Chung_nhan_xuat_xu_va_nhap_khau_COCQ_MILL_TEST\"><\/span><span style=\"color: #0000ff;\"><strong>Ch\u1ee9ng nh\u1eadn xu\u1ea5t x\u1ee9 v\u00e0 nh\u1eadp kh\u1ea9u CO\/CQ\/ MILL TEST<\/strong><\/span><span class=\"ez-toc-section-end\"><\/span><\/h3>\n<table>\n<tbody>\n<tr>\n<td><img loading=\"lazy\" decoding=\"async\" class=\"aligncenter size-full wp-image-11457\" src=\"https:\/\/bangvietbavico.edu.vn\/wp-content\/uploads\/2023\/11\/CO-2024-1200.jpg\" sizes=\"auto, (max-width: 1200px) 100vw, 1200px\" srcset=\"https:\/\/bangvietbavico.edu.vn\/wp-content\/uploads\/2023\/11\/CO-2024-1200.jpg 1200w, https:\/\/bangvietbavico.edu.vn\/wp-content\/uploads\/2023\/11\/CO-2024-1200-300x300.jpg 300w, https:\/\/bangvietbavico.edu.vn\/wp-content\/uploads\/2023\/11\/CO-2024-1200-1024x1024.jpg 1024w, https:\/\/bangvietbavico.edu.vn\/wp-content\/uploads\/2023\/11\/CO-2024-1200-150x150.jpg 150w, https:\/\/bangvietbavico.edu.vn\/wp-content\/uploads\/2023\/11\/CO-2024-1200-768x768.jpg 768w, https:\/\/bangvietbavico.edu.vn\/wp-content\/uploads\/2023\/11\/CO-2024-1200-180x180.jpg 180w, https:\/\/bangvietbavico.edu.vn\/wp-content\/uploads\/2023\/11\/CO-2024-1200-600x600.jpg 600w\" alt=\"\" width=\"1200\" height=\"1200\" \/><\/td>\n<td><img loading=\"lazy\" decoding=\"async\" class=\"aligncenter size-full wp-image-11458\" src=\"https:\/\/bangvietbavico.edu.vn\/wp-content\/uploads\/2023\/11\/CQ-2024-Mill-test-1200.jpg\" sizes=\"auto, (max-width: 1200px) 100vw, 1200px\" srcset=\"https:\/\/bangvietbavico.edu.vn\/wp-content\/uploads\/2023\/11\/CQ-2024-Mill-test-1200.jpg 1200w, https:\/\/bangvietbavico.edu.vn\/wp-content\/uploads\/2023\/11\/CQ-2024-Mill-test-1200-300x300.jpg 300w, https:\/\/bangvietbavico.edu.vn\/wp-content\/uploads\/2023\/11\/CQ-2024-Mill-test-1200-1024x1024.jpg 1024w, https:\/\/bangvietbavico.edu.vn\/wp-content\/uploads\/2023\/11\/CQ-2024-Mill-test-1200-150x150.jpg 150w, https:\/\/bangvietbavico.edu.vn\/wp-content\/uploads\/2023\/11\/CQ-2024-Mill-test-1200-768x768.jpg 768w, https:\/\/bangvietbavico.edu.vn\/wp-content\/uploads\/2023\/11\/CQ-2024-Mill-test-1200-180x180.jpg 180w, https:\/\/bangvietbavico.edu.vn\/wp-content\/uploads\/2023\/11\/CQ-2024-Mill-test-1200-600x600.jpg 600w\" alt=\"\" width=\"1200\" height=\"1200\" \/><\/td>\n<\/tr>\n<\/tbody>\n<\/table>\n<p>&nbsp;<\/p>\n<p style=\"text-align: center;\">\u00a0 \u00a0 \u00a0 \u00a0 \u00a0 \u00a0 \u00a0 \u00a0 \u00a0 \u00a0 \u00a0 \u00a0 \u00a0 <img loading=\"lazy\" decoding=\"async\" class=\"alignnone wp-image-7093 size-full\" src=\"https:\/\/bangvietbavicoboard.com\/wp-content\/uploads\/2024\/07\/z5663969143740_e6c0c38d612f9bc60f21abeed5df3c80.jpg\" alt=\"\" width=\"610\" height=\"463\" srcset=\"https:\/\/bangvietbavicoboard.com\/wp-content\/uploads\/2024\/07\/z5663969143740_e6c0c38d612f9bc60f21abeed5df3c80.jpg 610w, https:\/\/bangvietbavicoboard.com\/wp-content\/uploads\/2024\/07\/z5663969143740_e6c0c38d612f9bc60f21abeed5df3c80-527x400.jpg 527w, https:\/\/bangvietbavicoboard.com\/wp-content\/uploads\/2024\/07\/z5663969143740_e6c0c38d612f9bc60f21abeed5df3c80-16x12.jpg 16w, https:\/\/bangvietbavicoboard.com\/wp-content\/uploads\/2024\/07\/z5663969143740_e6c0c38d612f9bc60f21abeed5df3c80-300x228.jpg 300w, https:\/\/bangvietbavicoboard.com\/wp-content\/uploads\/2024\/07\/z5663969143740_e6c0c38d612f9bc60f21abeed5df3c80-600x455.jpg 600w\" sizes=\"auto, (max-width: 610px) 100vw, 610px\" \/><\/p>\n<h3 style=\"text-align: center;\"><span class=\"ez-toc-section\" id=\"LY_DO_NEN_MUA_HANG_TAI_BAVICO\"><\/span><span style=\"font-family: arial, helvetica, sans-serif; font-size: 130%; color: #000080;\"><span style=\"font-size: 100%; color: #0000ff;\"><small><strong>REASONS TO BUY AT BAVICO<\/strong><\/small><\/span><small><strong><br \/>\n<\/strong><\/small><\/span><span class=\"ez-toc-section-end\"><\/span><\/h3>\n<p><img loading=\"lazy\" decoding=\"async\" class=\"wp-image-7095 size-full aligncenter\" src=\"https:\/\/bangvietbavicoboard.com\/wp-content\/uploads\/2024\/07\/xe-tai.jpg\" alt=\"\" width=\"945\" height=\"174\" srcset=\"https:\/\/bangvietbavicoboard.com\/wp-content\/uploads\/2024\/07\/xe-tai.jpg 945w, https:\/\/bangvietbavicoboard.com\/wp-content\/uploads\/2024\/07\/xe-tai-800x147.jpg 800w, https:\/\/bangvietbavicoboard.com\/wp-content\/uploads\/2024\/07\/xe-tai-768x141.jpg 768w, https:\/\/bangvietbavicoboard.com\/wp-content\/uploads\/2024\/07\/xe-tai-18x3.jpg 18w, https:\/\/bangvietbavicoboard.com\/wp-content\/uploads\/2024\/07\/xe-tai-300x55.jpg 300w, https:\/\/bangvietbavicoboard.com\/wp-content\/uploads\/2024\/07\/xe-tai-600x110.jpg 600w\" sizes=\"auto, (max-width: 945px) 100vw, 945px\" \/><\/p>\n<p><span style=\"font-family: arial, helvetica, sans-serif; font-size: 130%; color: #000080;\"><small>&#8211;<span style=\"font-size: 140%;\">\u00a0\u00a0\u00a0\u00a0\u00a0<span style=\"font-size: 85%;\">\u00a0<b>BAVICO<\/b> \u0111\u01b0\u1ee3c th\u00e0nh l\u1eadp t\u1eeb n\u0103m 2003 v\u1edbi h\u01a1n 22 n\u0103m kinh nghi\u1ec7m trong l\u0129nh v\u1ef1c nh\u1eadp kh\u1ea9u, s\u1ea3n xu\u1ea5t v\u00e0 ph\u00e2n ph\u1ed1i b\u1ea3ng vi\u1ebft.\u00a0<\/span><\/span><\/small><\/span><\/p>\n<p><span style=\"font-family: arial, helvetica, sans-serif; font-size: 140%; color: #000080;\"><small>&#8211;\u00a0\u00a0\u00a0\u00a0\u00a0\u00a0<b>BAVICO<\/b>\u00a0always put product quality and customers first, always guarantee 3 no's: DO NOT USE\u00a0<b>POOR QUALITY INGREDIENTS \u2013 NO ABUSE \u2013 NO DISCLAIMING RESPONSIBILITY.<\/b>.\u00a0<\/small><\/span><\/p>\n<p><span style=\"font-family: arial, helvetica, sans-serif; font-size: 140%; color: #000080;\"><small>\u2013\u00a0\u00a0\u00a0\u00a0\u00a0\u00a0Ingredients have clear and transparent origins.Full CO\/CQ import certification.<\/small><\/span><\/p>\n<p><span style=\"font-family: arial, helvetica, sans-serif; font-size: 140%; color: #000080;\"><small>&#8211;\u00a0\u00a0\u00a0\u00a0\u00a0\u00a0S\u1ea3n ph\u1ea9m \u0111\u01b0\u1ee3c l\u1eafp r\u00e1p tr\u1ef1c ti\u1ebfp t\u1ea1i nh\u00e0 m\u00e1y\u00a0<b>BAVICO<\/b>\u00a0and fully inspected ready for delivery to customers.\u00a0<\/small><\/span><\/p>\n<p><span style=\"font-family: arial, helvetica, sans-serif; font-size: 140%; color: #000080;\"><small>\u2013\u00a0\u00a0\u00a0\u00a0\u00a0\u00a0Deliver to your door even just one product =&gt; Ensure that the product upon receipt is 100% the same as the customer's request.<\/small><\/span><\/p>\n<p><span style=\"font-family: arial, helvetica, sans-serif; font-size: 140%; color: #000080;\"><small>\u2013\u00a0\u00a0\u00a0\u00a0\u00a0\u00a0Clear warranty policy from 12 months \u2013 24 months so customers can use it with peace of mind.<\/small><\/span><\/p>\n<p><span style=\"font-family: arial, helvetica, sans-serif; font-size: 130%; color: #000080;\"><small>\u00a0<\/small><\/span><\/p>\n<h2 style=\"text-align: center;\"><span class=\"ez-toc-section\" id=\"THONG_TIN_LIEN_HE_MUA_BANG_FLIPCHART_VIET_BUT_LONG_CHAN_INOX\"><\/span><span style=\"color: #ed1c24;\"><strong>TH\u00d4NG TIN LI\u00caN H\u1ec6 MUA B\u1ea2NG FLIPCHART VI\u1ebeT B\u00daT L\u00d4NG CH\u00c2N INOX<\/strong><\/span><span class=\"ez-toc-section-end\"><\/span><\/h2>\n<div>\u0110\u1ec3 bi\u1ebft th\u00eam chi ti\u1ebft xin vui l\u00f2ng li\u00ean h\u1ec7:<\/div>\n<div>TEL:\u00a0<span style=\"color: #783f04;\" data-keep-original-tag=\"false\" data-original-attrs=\"{&quot;style&quot;:&quot;&quot;}\">0938 623 068 (Viber\/Zalo)<\/span><\/div>\n<div>Email:\u00a0<span style=\"color: #274e13;\" data-keep-original-tag=\"false\" data-original-attrs=\"{&quot;style&quot;:&quot;&quot;}\">csns01@bangvietbavico.vn<\/span><\/div>\n<p>&nbsp;<\/p>\n<p>&nbsp;<\/p>\n<h3 style=\"text-align: center;\"><span class=\"ez-toc-section\" id=\"CONG_TY_TNHH_THIET_BI_GIAO_DUC_BAVICO\"><\/span><span style=\"font-family: arial, helvetica, sans-serif; font-size: 100%; color: #000080;\"><a href=\"https:\/\/bangvietbavicoboard.com\/en\/gioi-thieu\/\"><span style=\"color: #0000ff;\"><small><b>EQUIPMENT CO., EDUCATION BAVICO<\/b><\/small><\/span><\/a><small><b><\/b><\/small><\/span><span style=\"font-family: arial, helvetica, sans-serif; font-size: 130%; color: #000080;\"><small><b><br \/>\n<\/b><\/small><\/span><span class=\"ez-toc-section-end\"><\/span><\/h3>\n<p><span style=\"font-family: arial, helvetica, sans-serif; font-size: 130%; color: #000080;\"><img loading=\"lazy\" decoding=\"async\" class=\"aligncenter\" src=\"https:\/\/dungcuvanphongonline.com\/images\/pic\/CTY.jpg\" alt=\"\" width=\"308\" height=\"315\" \/><br \/>\n<\/span><\/p>\n<p><span style=\"font-family: arial, helvetica, sans-serif; font-size: 130%; color: #000080;\"><small>&#8211;<span style=\"font-size: 130%;\"> Head office: No.26-28 DD11 Street, An Suong Villa Area in Tan Hung Thuan Ward. District 12, Ho Chi Minh City, Vietnam<\/span><br \/>\n<span style=\"font-size: 130%;\">\u2013 Factory: 7\/7 Ho Van Tang, Xom Dong Hamlet, Tan Phu Trung Commune, Cu Chi District, Ho Chi Minh City, Vietnam<\/span><br \/>\n<span style=\"font-size: 130%;\">\u2013 TEL: (028) 3 592 4085 \u2013 (028) 5427 5356<\/span><br \/>\n<span style=\"font-size: 130%;\">&#8211; Hotline: 0903 883 885 &#8211; Fax: 3 592 4110<\/span><\/small><\/span><\/p>\n<h2><span class=\"ez-toc-section\" id=\"%3E%3E%3E_Moi_Quy_khach_hang_click_tham_khao_cac_loai_Bang_flipchart_khac\"><\/span><span style=\"color: #800080;\"><a style=\"color: #800080;\" href=\"https:\/\/www.blogger.com\/blog\/post\/edit\/2202983573710813461\/4074505201816415787?hl=vi#\" data-original-attrs=\"{&quot;data-original-href&quot;:&quot;https:\/\/bangvietbavicoboard.com\/product-category\/bang-flipchart\/&quot;,&quot;target&quot;:&quot;_blank&quot;}\" target=\"_blank\" rel=\"noopener\"><em>&gt;&gt;&gt; M\u1eddi Qu\u00fd kh\u00e1ch h\u00e0ng click tham kh\u1ea3o c\u00e1c lo\u1ea1i B\u1ea3ng flipchart kh\u00e1c<\/em><\/a><\/span><span class=\"ez-toc-section-end\"><\/span><\/h2>\n<p>&nbsp;<\/p>\n<p>&nbsp;<\/p>\n<p>&nbsp;<\/p>","protected":false},"excerpt":{"rendered":"<p><span style=\"font-family: arial, helvetica, sans-serif; font-size: 120%; color: #000080;\"><strong>B\u1ea3ng flipchart vi\u1ebft b\u00fat l\u00f4ng ch\u00e2n inox g\u1ea5p <\/strong>with white magnetic surface imported from Korea and manufactured directly at the Bavico factory.\u00a0<\/span><\/p>","protected":false},"featured_media":7153,"comment_status":"open","ping_status":"closed","template":"","meta":{"_acf_changed":false},"product_brand":[],"product_cat":[469],"product_tag":[259,260,272,343,273,281,422,429,430,341,344,421],"class_list":{"0":"post-7086","1":"product","2":"type-product","3":"status-publish","4":"has-post-thumbnail","6":"product_cat-bang-flipchart","7":"product_tag-bang-flipchart","8":"product_tag-bang-flipchart-a0","9":"product_tag-bang-flipchart-a1","10":"product_tag-bang-flipchart-bavico","11":"product_tag-bang-flipchart-chan-gap","12":"product_tag-bang-flipchart-cho-be","13":"product_tag-bang-flipchart-da-nang","14":"product_tag-bang-flipchart-dao-tao","15":"product_tag-bang-flipchart-kho-lon","16":"product_tag-bang-flipchart-up-side-down","17":"product_tag-bang-flipchart-van-phong","18":"product_tag-bang-flipchart-xep-gon","20":"first","21":"instock","22":"shipping-taxable","23":"purchasable","24":"product-type-variable"},"acf":[],"_links":{"self":[{"href":"https:\/\/bangvietbavicoboard.com\/en\/wp-json\/wp\/v2\/product\/7086","targetHints":{"allow":["GET"]}}],"collection":[{"href":"https:\/\/bangvietbavicoboard.com\/en\/wp-json\/wp\/v2\/product"}],"about":[{"href":"https:\/\/bangvietbavicoboard.com\/en\/wp-json\/wp\/v2\/types\/product"}],"replies":[{"embeddable":true,"href":"https:\/\/bangvietbavicoboard.com\/en\/wp-json\/wp\/v2\/comments?post=7086"}],"wp:featuredmedia":[{"embeddable":true,"href":"https:\/\/bangvietbavicoboard.com\/en\/wp-json\/wp\/v2\/media\/7153"}],"wp:attachment":[{"href":"https:\/\/bangvietbavicoboard.com\/en\/wp-json\/wp\/v2\/media?parent=7086"}],"wp:term":[{"taxonomy":"product_brand","embeddable":true,"href":"https:\/\/bangvietbavicoboard.com\/en\/wp-json\/wp\/v2\/product_brand?post=7086"},{"taxonomy":"product_cat","embeddable":true,"href":"https:\/\/bangvietbavicoboard.com\/en\/wp-json\/wp\/v2\/product_cat?post=7086"},{"taxonomy":"product_tag","embeddable":true,"href":"https:\/\/bangvietbavicoboard.com\/en\/wp-json\/wp\/v2\/product_tag?post=7086"}],"curies":[{"name":"wp","href":"https:\/\/api.w.org\/{rel}","templated":true}]}}