{"id":12354,"date":"2026-03-03T09:45:22","date_gmt":"2026-03-03T09:45:22","guid":{"rendered":"https:\/\/bangvietbavicoboard.com\/?post_type=product&#038;p=12354"},"modified":"2026-03-04T09:21:06","modified_gmt":"2026-03-04T09:21:06","slug":"bang-trang-viet-but-long","status":"publish","type":"product","link":"https:\/\/bangvietbavicoboard.com\/en\/product\/bang-trang-viet-but-long\/","title":{"rendered":"B\u1ea3ng tr\u1eafng vi\u1ebft b\u00fat l\u00f4ng"},"content":{"rendered":"<h1><span class=\"ez-toc-section\" id=\"Bang_Trang_Viet_But_Long_BAVICO_5_Ly_Do_Nen_Chon_Thuong_Hieu_23_Nam_Kinh_Nghiem\"><\/span><span style=\"font-family: arial, helvetica, sans-serif; font-size: 80%;\"><strong>B\u1ea3ng Tr\u1eafng Vi\u1ebft B\u00fat L\u00f4ng BAVICO: 5 L\u00fd Do N\u00ean Ch\u1ecdn Th\u01b0\u01a1ng Hi\u1ec7u 23 N\u0103m Kinh Nghi\u1ec7m<\/strong><\/span><span class=\"ez-toc-section-end\"><\/span><\/h1>\n<h3><span class=\"ez-toc-section\" id=\"Trong_khong_gian_van_phong_va_truong_hoc_hien_dai_chiec_Bang_trang_viet_but_long_khong_chi_la_cong_cu_truyen_tai_thong_tin_ma_con_the_hien_su_chuyen_nghiep_cua_don_vi_BAVICO_%E2%80%93_thuong_hieu_voi_hon_23_nam_truong_ton_va_phat_trien_%E2%80%93_tu_hao_mang_den_dong_bang_trang_viet_but_long_cao_cap_khac_phuc_hoan_toan_cac_nhuoc_diem_cua_bang_thong_thuong_tren_thi_truong\"><\/span><span style=\"font-family: arial, helvetica, sans-serif; font-size: 80%;\">Trong kh\u00f4ng gian v\u0103n ph\u00f2ng v\u00e0 tr\u01b0\u1eddng h\u1ecdc hi\u1ec7n \u0111\u1ea1i, chi\u1ebfc<strong> B\u1ea3ng tr\u1eafng vi\u1ebft b\u00fat l\u00f4ng<\/strong> kh\u00f4ng ch\u1ec9 l\u00e0 c\u00f4ng c\u1ee5 truy\u1ec1n t\u1ea3i th\u00f4ng tin m\u00e0 c\u00f2n th\u1ec3 hi\u1ec7n s\u1ef1 chuy\u00ean nghi\u1ec7p c\u1ee7a \u0111\u01a1n v\u1ecb. BAVICO \u2013 th\u01b0\u01a1ng hi\u1ec7u v\u1edbi h\u01a1n 23 n\u0103m tr\u01b0\u1eddng t\u1ed3n v\u00e0 ph\u00e1t tri\u1ec3n \u2013 t\u1ef1 h\u00e0o mang \u0111\u1ebfn d\u00f2ng<strong> b\u1ea3ng tr\u1eafng vi\u1ebft b\u00fat l\u00f4ng<\/strong> cao c\u1ea5p, kh\u1eafc ph\u1ee5c ho\u00e0n to\u00e0n c\u00e1c nh\u01b0\u1ee3c \u0111i\u1ec3m c\u1ee7a b\u1ea3ng th\u00f4ng th\u01b0\u1eddng tr\u00ean th\u1ecb tr\u01b0\u1eddng.<\/span><span class=\"ez-toc-section-end\"><\/span><\/h3>\n<h2><span class=\"ez-toc-section\" id=\"Tai_sao_bang_trang_viet_but_long_BAVICO_lai_vuot_troi_hon_cac_Hang_khac\"><\/span><span style=\"font-family: arial, helvetica, sans-serif; font-size: 80%;\"><strong>T\u1ea1i sao b\u1ea3ng tr\u1eafng vi\u1ebft b\u00fat l\u00f4ng BAVICO l\u1ea1i v\u01b0\u1ee3t tr\u1ed9i h\u01a1n c\u00e1c H\u00e3ng kh\u00e1c?<\/strong><\/span><span class=\"ez-toc-section-end\"><\/span><\/h2>\n<h3><span class=\"ez-toc-section\" id=\"Su_khac_biet_cua_Bang_trang_viet_but_long_BAVICO_nam_o_triet_ly_%E2%80%9CChat_luong_tu_cot_loi%E2%80%9D_Moi_chiec_bang_xuat_xuong_deu_trai_qua_quy_trinh_kiem_soat_nghiem_ngat\"><\/span><span style=\"font-family: arial, helvetica, sans-serif; font-size: 80%;\">S\u1ef1 kh\u00e1c bi\u1ec7t c\u1ee7a <strong>B\u1ea3ng tr\u1eafng vi\u1ebft b\u00fat l\u00f4ng<\/strong> BAVICO n\u1eb1m \u1edf tri\u1ebft l\u00fd &#8220;Ch\u1ea5t l\u01b0\u1ee3ng t\u1eeb c\u1ed1t l\u00f5i&#8221;. M\u1ed7i chi\u1ebfc b\u1ea3ng xu\u1ea5t x\u01b0\u1edfng \u0111\u1ec1u tr\u1ea3i qua quy tr\u00ecnh ki\u1ec3m so\u00e1t nghi\u00eam ng\u1eb7t:<\/span><span class=\"ez-toc-section-end\"><\/span><\/h3>\n<h3><span class=\"ez-toc-section\" id=\"1_Mat_bang_nhap_khau_cao_cap_%E2%80%93_%E2%80%9CViet_em_xoa_sach%E2%80%9D_Diem_yeu_lon_nhat_cua_cac_loai_bang_re_tien_la_bi_%E2%80%9Can_muc%E2%80%9D_hoac_de_lai_vet_mo_sau_mot_thoi_gian_su_dung_Voi_bang_trang_viet_but_long_BAVICO_chung_toi_su_dung_mat_bang_tu_cac_doi_tac_hang_dau_the_gioi\"><\/span><span style=\"font-family: arial, helvetica, sans-serif; font-size: 80%;\"><strong>1. M\u1eb7t b\u1ea3ng nh\u1eadp kh\u1ea9u cao c\u1ea5p \u2013 &#8220;Vi\u1ebft \u00eam, x\u00f3a s\u1ea1ch&#8221;<\/strong><\/span><br \/>\n<span style=\"font-family: arial, helvetica, sans-serif; font-size: 80%;\">\u0110i\u1ec3m y\u1ebfu l\u1edbn nh\u1ea5t c\u1ee7a c\u00e1c lo\u1ea1i b\u1ea3ng r\u1ebb ti\u1ec1n l\u00e0 b\u1ecb &#8220;\u0103n m\u1ef1c&#8221; ho\u1eb7c \u0111\u1ec3 l\u1ea1i v\u1ebft m\u1edd sau m\u1ed9t th\u1eddi gian s\u1eed d\u1ee5ng. V\u1edbi <strong>b\u1ea3ng tr\u1eafng vi\u1ebft b\u00fat l\u00f4ng<\/strong>\u00a0 BAVICO, ch\u00fang t\u00f4i s\u1eed d\u1ee5ng m\u1eb7t b\u1ea3ng t\u1eeb c\u00e1c \u0111\u1ed1i t\u00e1c h\u00e0ng \u0111\u1ea7u th\u1ebf gi\u1edbi:<\/span><span class=\"ez-toc-section-end\"><\/span><\/h3>\n<ul style=\"list-style-type: circle;\">\n<li>\n<h3><span class=\"ez-toc-section\" id=\"Mat_bang_viet_but_long_Greenlam_An_Do_Chong_tray_xuoc_tot_mat_bang_min_lau_sach_de_dang\"><\/span><span style=\"font-family: arial, helvetica, sans-serif; font-size: 80%;\">M\u1eb7t <strong>b\u1ea3ng vi\u1ebft b\u00fat l\u00f4ng<\/strong> Greenlam (\u1ea4n \u0110\u1ed9): Ch\u1ed1ng tr\u1ea7y x\u01b0\u1edbc t\u1ed1t, m\u1eb7t b\u1ea3ng m\u1ecbn, lau s\u1ea1ch d\u1ec5 d\u00e0ng.<\/span><span class=\"ez-toc-section-end\"><\/span><\/h3>\n<\/li>\n<li>\n<h3><span class=\"ez-toc-section\" id=\"Mat_bang_viet_but_long_tu_trang_Han_Quoc_Co_dong_ke_mo_5cm_giup_viet_ngay_hang_thang_loi_hit_nam_cham_cuc_manh\"><\/span><span style=\"font-family: arial, helvetica, sans-serif; font-size: 80%;\">M\u1eb7t <strong>b\u1ea3ng vi\u1ebft b\u00fat l\u00f4ng t\u1eeb tr\u1eafng<\/strong> (H\u00e0n Qu\u1ed1c): C\u00f3 d\u00f2ng k\u1ebb m\u1edd 5cm gi\u00fap vi\u1ebft ngay h\u00e0ng th\u1eb3ng l\u1ed1i, h\u00edt nam ch\u00e2m c\u1ef1c m\u1ea1nh.<\/span><span class=\"ez-toc-section-end\"><\/span><\/h3>\n<\/li>\n<li>\n<h3><span class=\"ez-toc-section\" id=\"Mat_bang_viet_but_long_Ceramic_Bi_Dong_sieu_cao_cap_chong_chay_chong_tray_tuyet_doi_bao_hanh_len_den_20_nam\"><\/span><span style=\"font-family: arial, helvetica, sans-serif; font-size: 80%;\">M\u1eb7t<strong> b\u1ea3ng vi\u1ebft b\u00fat l\u00f4ng<\/strong> Ceramic (B\u1ec9): D\u00f2ng si\u00eau cao c\u1ea5p, ch\u1ed1ng ch\u00e1y, ch\u1ed1ng tr\u1ea7y tuy\u1ec7t \u0111\u1ed1i, b\u1ea3o h\u00e0nh l\u00ean \u0111\u1ebfn 20 n\u0103m.<\/span><span class=\"ez-toc-section-end\"><\/span><\/h3>\n<\/li>\n<\/ul>\n<h3><span class=\"ez-toc-section\" id=\"2_Thiet_ke_khung_nhom_dinh_hinh_sang_trong_Bang_trang_viet_but_long_BAVICO_su_dung_he_khung_nhom_hop_chuyen_dung_duoc_xu_ly_ma_anode_sang_bong_Thiet_ke_nay_khong_chi_giup_bang_chiu_luc_tot_khong_cong_venh_ma_con_tang_tinh_tham_my_cho_khong_gian_lam_viec\"><\/span><span style=\"font-family: arial, helvetica, sans-serif; font-size: 80%;\"><strong>2. Thi\u1ebft k\u1ebf khung nh\u00f4m \u0111\u1ecbnh h\u00ecnh sang tr\u1ecdng<\/strong><\/span><br \/>\n<span style=\"font-family: arial, helvetica, sans-serif; font-size: 80%;\"><strong>B\u1ea3ng tr\u1eafng vi\u1ebft b\u00fat l\u00f4ng<\/strong> BAVICO s\u1eed d\u1ee5ng h\u1ec7 khung nh\u00f4m h\u1ed9p chuy\u00ean d\u1ee5ng, \u0111\u01b0\u1ee3c x\u1eed l\u00fd m\u1ea1 anode s\u00e1ng b\u00f3ng. Thi\u1ebft k\u1ebf n\u00e0y kh\u00f4ng ch\u1ec9 gi\u00fap b\u1ea3ng ch\u1ecbu l\u1ef1c t\u1ed1t, kh\u00f4ng cong v\u00eanh m\u00e0 c\u00f2n t\u0103ng t\u00ednh th\u1ea9m m\u1ef9 cho kh\u00f4ng gian l\u00e0m vi\u1ec7c.<\/span><span class=\"ez-toc-section-end\"><\/span><\/h3>\n<h2><span class=\"ez-toc-section\" id=\"Cac_dong_bang_trang_viet_but_long_ban_chay_nhat_cua_BAVICO\"><\/span><span style=\"font-family: arial, helvetica, sans-serif; font-size: 80%;\"><strong>C\u00e1c d\u00f2ng b\u1ea3ng tr\u1eafng vi\u1ebft b\u00fat l\u00f4ng b\u00e1n ch\u1ea1y nh\u1ea5t c\u1ee7a BAVICO<\/strong><\/span><span class=\"ez-toc-section-end\"><\/span><\/h2>\n<h3><span class=\"ez-toc-section\" id=\"De_dap_ung_da_dang_nhu_cau_BAVICO_cung_cap_3_phan_khuc_chu_dao\"><\/span><span style=\"font-family: arial, helvetica, sans-serif; font-size: 80%;\">\u0110\u1ec3 \u0111\u00e1p \u1ee9ng \u0111a d\u1ea1ng nhu c\u1ea7u, BAVICO cung c\u1ea5p 3 ph\u00e2n kh\u00fac ch\u1ee7 \u0111\u1ea1o:<\/span><span class=\"ez-toc-section-end\"><\/span><\/h3>\n<h3><span class=\"ez-toc-section\" id=\"Bang_trang_viet_but_long_treo_tuong_co_dinh_%E2%80%93_Tiet_kiem_khong_gian_Phu_hop_cho_cac_van_phong_nho_phong_hop_hoac_goc_hoc_tap_tai_nha_Bang_duoc_lap_dat_ap_sat_tuong_chac_chan_va_khong_chiem_dien_tich_mat_san\"><\/span><span style=\"font-family: arial, helvetica, sans-serif; font-size: 80%;\"><strong>B\u1ea3ng tr\u1eafng vi\u1ebft b\u00fat l\u00f4ng treo t\u01b0\u1eddng c\u1ed1 \u0111\u1ecbnh \u2013 Ti\u1ebft ki\u1ec7m kh\u00f4ng gian<\/strong><\/span><br \/>\n<span style=\"font-family: arial, helvetica, sans-serif; font-size: 80%;\">Ph\u00f9 h\u1ee3p cho c\u00e1c v\u0103n ph\u00f2ng nh\u1ecf, ph\u00f2ng h\u1ecdp ho\u1eb7c g\u00f3c h\u1ecdc t\u1eadp t\u1ea1i nh\u00e0. B\u1ea3ng \u0111\u01b0\u1ee3c l\u1eafp \u0111\u1eb7t \u00e1p s\u00e1t t\u01b0\u1eddng, ch\u1eafc ch\u1eafn v\u00e0 kh\u00f4ng chi\u1ebfm di\u1ec7n t\u00edch m\u1eb7t s\u00e0n.<\/span><span class=\"ez-toc-section-end\"><\/span><\/h3>\n<h3><span class=\"ez-toc-section\" id=\"Bang_trang_viet_but_long_di_dong_co_chan_%E2%80%93_Linh_hoat_toi_da_Duoc_trang_bi_he_thong_khung_chan_sat_son_tinh_dien_va_banh_xe_co_khoa_ham_Day_la_lua_chon_hang_dau_cho_cac_buoi_dao_tao_thuyet_trinh_can_di_chuyen_bang_giua_cac_phong_ban\"><\/span><span style=\"font-family: arial, helvetica, sans-serif; font-size: 80%;\"><strong>B\u1ea3ng tr\u1eafng vi\u1ebft b\u00fat l\u00f4ng di \u0111\u1ed9ng c\u00f3 ch\u00e2n \u2013 Linh ho\u1ea1t t\u1ed1i \u0111a<\/strong><\/span><br \/>\n<span style=\"font-family: arial, helvetica, sans-serif; font-size: 80%;\">\u0110\u01b0\u1ee3c trang b\u1ecb h\u1ec7 th\u1ed1ng khung ch\u00e2n s\u1eaft s\u01a1n t\u0129nh \u0111i\u1ec7n v\u00e0 b\u00e1nh xe c\u00f3 kh\u00f3a h\u00e3m. \u0110\u00e2y l\u00e0 l\u1ef1a ch\u1ecdn h\u00e0ng \u0111\u1ea7u cho c\u00e1c bu\u1ed5i \u0111\u00e0o t\u1ea1o, thuy\u1ebft tr\u00ecnh c\u1ea7n di chuy\u1ec3n b\u1ea3ng gi\u1eefa c\u00e1c ph\u00f2ng ban.<\/span><span class=\"ez-toc-section-end\"><\/span><\/h3>\n<h3><span class=\"ez-toc-section\" id=\"Bang_trang_viet_but_long_truot_He_bang_thong_minh_Giai_phap_toi_uu_cho_giao_duc_hien_dai_Bang_co_the_truot_ngang_hoac_truot_dung_ket_hop_cung_tivi_hoac_bang_tuong_tac_giup_toi_da_hoa_dien_tich_trinh_bay\"><\/span><span style=\"font-family: arial, helvetica, sans-serif; font-size: 80%;\"><strong>B\u1ea3ng tr\u1eafng vi\u1ebft b\u00fat l\u00f4ng tr\u01b0\u1ee3t (H\u1ec7 b\u1ea3ng th\u00f4ng minh)<\/strong><\/span><br \/>\n<span style=\"font-family: arial, helvetica, sans-serif; font-size: 80%;\">Gi\u1ea3i ph\u00e1p t\u1ed1i \u01b0u cho gi\u00e1o d\u1ee5c hi\u1ec7n \u0111\u1ea1i. B\u1ea3ng c\u00f3 th\u1ec3 tr\u01b0\u1ee3t ngang ho\u1eb7c tr\u01b0\u1ee3t \u0111\u1ee9ng, k\u1ebft h\u1ee3p c\u00f9ng tivi ho\u1eb7c b\u1ea3ng t\u01b0\u01a1ng t\u00e1c, gi\u00fap t\u1ed1i \u0111a h\u00f3a di\u1ec7n t\u00edch tr\u00ecnh b\u00e0y.<\/span><span class=\"ez-toc-section-end\"><\/span><\/h3>\n<h2><span class=\"ez-toc-section\" id=\"Thong_so_ky_thuat_chi_tiet_san_pham_BAVICO\"><\/span><span style=\"font-family: arial, helvetica, sans-serif; font-size: 80%;\"><strong>Th\u00f4ng s\u1ed1 k\u1ef9 thu\u1eadt chi ti\u1ebft s\u1ea3n ph\u1ea9m BAVICO<\/strong><\/span><span class=\"ez-toc-section-end\"><\/span><\/h2>\n<table style=\"width: 99.3361%; height: 317px;\" data-path-to-node=\"23\">\n<thead>\n<tr>\n<td style=\"width: 16.6916%;\">\n<h3><span class=\"ez-toc-section\" id=\"Dac_diem\"><\/span><span style=\"font-family: arial, helvetica, sans-serif; font-size: 80%;\"><strong>\u0110\u1eb7c \u0111i\u1ec3m<\/strong><\/span><span class=\"ez-toc-section-end\"><\/span><\/h3>\n<\/td>\n<td style=\"width: 128.188%;\">\n<h3><span class=\"ez-toc-section\" id=\"Chi_tiet_cau_tao\"><\/span><span style=\"font-family: arial, helvetica, sans-serif; font-size: 80%;\"><strong>Chi ti\u1ebft c\u1ea5u t\u1ea1o<\/strong><\/span><span class=\"ez-toc-section-end\"><\/span><\/h3>\n<\/td>\n<\/tr>\n<\/thead>\n<tbody>\n<tr>\n<td style=\"width: 16.6916%;\">\n<h3><span class=\"ez-toc-section\" id=\"Cot_bang\"><\/span><span style=\"font-family: arial, helvetica, sans-serif; font-size: 80%;\"><strong>C\u1ed1t b\u1ea3ng<\/strong><\/span><span class=\"ez-toc-section-end\"><\/span><\/h3>\n<\/td>\n<td style=\"width: 128.188%;\">\n<h3><span class=\"ez-toc-section\" id=\"Van_MDF_chong_am_hoac_nhua_chuyen_dung_chong_rung_tuyet_doi\"><\/span><span style=\"font-family: arial, helvetica, sans-serif; font-size: 80%;\" data-path-to-node=\"23,1,1,0\">V\u00e1n MDF ch\u1ed1ng \u1ea9m ho\u1eb7c nh\u1ef1a chuy\u00ean d\u1ee5ng (ch\u1ed1ng rung tuy\u1ec7t \u0111\u1ed1i)<\/span><span class=\"ez-toc-section-end\"><\/span><\/h3>\n<\/td>\n<\/tr>\n<tr>\n<td style=\"width: 16.6916%;\">\n<h3><span class=\"ez-toc-section\" id=\"Khung_bang\"><\/span><span style=\"font-family: arial, helvetica, sans-serif; font-size: 80%;\"><strong>Khung b\u1ea3ng<\/strong><\/span><span class=\"ez-toc-section-end\"><\/span><\/h3>\n<\/td>\n<td style=\"width: 128.188%;\">\n<h3><span class=\"ez-toc-section\" id=\"Nhom_hop_dinh_hinh_cao_cap_bo_goc_nhua_an_toan\"><\/span><span style=\"font-family: arial, helvetica, sans-serif; font-size: 80%;\" data-path-to-node=\"23,2,1,0\">Nh\u00f4m h\u1ed9p \u0111\u1ecbnh h\u00ecnh cao c\u1ea5p, bo g\u00f3c nh\u1ef1a an to\u00e0n<\/span><span class=\"ez-toc-section-end\"><\/span><\/h3>\n<\/td>\n<\/tr>\n<tr>\n<td style=\"width: 16.6916%;\">\n<h3><span class=\"ez-toc-section\" id=\"Mang_but\"><\/span><span style=\"font-family: arial, helvetica, sans-serif; font-size: 80%;\"><strong>M\u00e1ng b\u00fat<\/strong><\/span><span class=\"ez-toc-section-end\"><\/span><\/h3>\n<\/td>\n<td style=\"width: 128.188%;\">\n<h3><span class=\"ez-toc-section\" id=\"Nhom_chuyen_dung_dai_30cm_%E2%80%93_50cm_tien_loi\"><\/span><span style=\"font-family: arial, helvetica, sans-serif; font-size: 80%;\" data-path-to-node=\"23,3,1,0\">Nh\u00f4m chuy\u00ean d\u1ee5ng d\u00e0i 30cm &#8211; 50cm ti\u1ec7n l\u1ee3i<\/span><span class=\"ez-toc-section-end\"><\/span><\/h3>\n<\/td>\n<\/tr>\n<tr>\n<td style=\"width: 16.6916%;\">\n<h3><span class=\"ez-toc-section\" id=\"Kich_thuoc\"><\/span><span style=\"font-family: arial, helvetica, sans-serif; font-size: 80%;\"><strong>Size<\/strong><\/span><span class=\"ez-toc-section-end\"><\/span><\/h3>\n<\/td>\n<td style=\"width: 128.188%;\">\n<h3><span class=\"ez-toc-section\" id=\"Da_dang_tu_40x60cm_den_120x240cm_hoac_dat_theo_yeu_cau\"><\/span><span style=\"font-family: arial, helvetica, sans-serif; font-size: 80%;\" data-path-to-node=\"23,4,1,0\">\u0110a d\u1ea1ng t\u1eeb 40x60cm \u0111\u1ebfn 120x240cm (ho\u1eb7c \u0111\u1eb7t theo y\u00eau c\u1ea7u)<\/span><span class=\"ez-toc-section-end\"><\/span><\/h3>\n<\/td>\n<\/tr>\n<\/tbody>\n<\/table>\n<h2><span class=\"ez-toc-section\" id=\"Huong_dan_bao_quan_de_bang_trang_luon_ben_dep_nhu_moi\"><\/span><span style=\"font-family: arial, helvetica, sans-serif; font-size: 80%;\"><strong>H\u01b0\u1edbng d\u1eabn b\u1ea3o qu\u1ea3n \u0111\u1ec3 b\u1ea3ng tr\u1eafng lu\u00f4n b\u1ec1n \u0111\u1eb9p nh\u01b0 m\u1edbi<\/strong><\/span><span class=\"ez-toc-section-end\"><\/span><\/h2>\n<h3><span class=\"ez-toc-section\" id=\"De_keo_dai_tuoi_tho_cua_bang_trang_viet_but_long_BAVICO_quy_khach_nen_luu_y\"><\/span><span style=\"font-family: arial, helvetica, sans-serif; font-size: 80%;\">\u0110\u1ec3 k\u00e9o d\u00e0i tu\u1ed5i th\u1ecd c\u1ee7a<strong> b\u1ea3ng tr\u1eafng vi\u1ebft b\u00fat l\u00f4ng<\/strong> BAVICO, qu\u00fd kh\u00e1ch n\u00ean l\u01b0u \u00fd:<\/span><span class=\"ez-toc-section-end\"><\/span><\/h3>\n<ul>\n<li>\n<h3><span class=\"ez-toc-section\" id=\"Su_dung_dung_loai_but_Chi_dung_but_long_bang_Whiteboard_Marker_chat_luong_cao\"><\/span><span style=\"font-family: arial, helvetica, sans-serif; font-size: 80%;\">S\u1eed d\u1ee5ng \u0111\u00fang lo\u1ea1i b\u00fat: Ch\u1ec9 d\u00f9ng b\u00fat l\u00f4ng b\u1ea3ng (Whiteboard Marker) ch\u1ea5t l\u01b0\u1ee3ng cao.<\/span><span class=\"ez-toc-section-end\"><\/span><\/h3>\n<\/li>\n<\/ul>\n<h3><span class=\"ez-toc-section\" id=\"%3E%3E%3E%3EMoi_Click_xem_video_Nen_chon_but_long_nao_de_viet\"><\/span><span style=\"font-family: arial, helvetica, sans-serif; font-size: 80%;\"><a href=\"https:\/\/www.youtube.com\/watch?v=H4DHnT_iPCg\" target=\"_blank\" rel=\"noopener\">&gt;&gt;&gt;&gt;M\u1eddi Click xem video N\u00ean ch\u1ecdn b\u00fat l\u00f4ng n\u00e0o \u0111\u1ec3 vi\u1ebft<\/a><\/span><span class=\"ez-toc-section-end\"><\/span><\/h3>\n<ul>\n<li>\n<h3><span class=\"ez-toc-section\" id=\"Khan_lau_bang_Su_dung_khan_mem_soi_microfiber_hoac_do_boi_bang_chuyen_dung\"><\/span><span style=\"font-family: arial, helvetica, sans-serif; font-size: 80%;\">Kh\u0103n lau b\u1ea3ng: S\u1eed d\u1ee5ng kh\u0103n m\u1ec1m s\u1ee3i microfiber ho\u1eb7c \u0111\u1ed3 b\u00f4i b\u1ea3ng chuy\u00ean d\u1ee5ng.<\/span><span class=\"ez-toc-section-end\"><\/span><\/h3>\n<\/li>\n<li>\n<h3><span class=\"ez-toc-section\" id=\"Ve_sinh_dinh_ky_Dung_nuoc_lau_bang_chuyen_dung_hoac_con_nhe_de_tay_sach_cac_vet_muc_bam_lau_ngay_giup_mat_bang_luon_sang_bong\"><\/span><span style=\"font-family: arial, helvetica, sans-serif; font-size: 80%;\">V\u1ec7 sinh \u0111\u1ecbnh k\u1ef3: D\u00f9ng n\u01b0\u1edbc lau b\u1ea3ng chuy\u00ean d\u1ee5ng ho\u1eb7c c\u1ed3n nh\u1eb9 \u0111\u1ec3 t\u1ea9y s\u1ea1ch c\u00e1c v\u1ebft m\u1ef1c b\u00e1m l\u00e2u ng\u00e0y, gi\u00fap m\u1eb7t b\u1ea3ng lu\u00f4n s\u00e1ng b\u00f3ng.<\/span><span class=\"ez-toc-section-end\"><\/span><\/h3>\n<\/li>\n<\/ul>\n<h2><span class=\"ez-toc-section\" id=\"Mua_bang_trang_BAVICO_chinh_hang_o_dau_gia_tot_nhat_Khi_chon_mua_san_pham_truc_tiep_tu_nha_san_xuat_BAVICO_quy_khach_se_nhan_duoc_nhung_dac_quyen_duy_nhat\"><\/span><span style=\"font-family: arial, helvetica, sans-serif; font-size: 80%;\"><strong>Mua b\u1ea3ng tr\u1eafng BAVICO ch\u00ednh h\u00e3ng \u1edf \u0111\u00e2u gi\u00e1 t\u1ed1t nh\u1ea5t?<\/strong><\/span><br \/>\n<span style=\"font-family: arial, helvetica, sans-serif; font-size: 80%;\">Khi ch\u1ecdn mua s\u1ea3n ph\u1ea9m tr\u1ef1c ti\u1ebfp t\u1eeb nh\u00e0 s\u1ea3n xu\u1ea5t BAVICO, qu\u00fd kh\u00e1ch s\u1ebd nh\u1eadn \u0111\u01b0\u1ee3c nh\u1eefng \u0111\u1eb7c quy\u1ec1n duy nh\u1ea5t:<\/span><span class=\"ez-toc-section-end\"><\/span><\/h2>\n<ul>\n<li>\n<h3><span class=\"ez-toc-section\" id=\"Gia_goc_tai_xuong_Khong_qua_trung_gian_toi_uu_chi_phi_cho_doanh_nghiep\"><\/span><span style=\"font-family: arial, helvetica, sans-serif; font-size: 80%;\"><strong>Gi\u00e1 g\u1ed1c t\u1ea1i x\u01b0\u1edfng:<\/strong> Kh\u00f4ng qua trung gian, t\u1ed1i \u01b0u chi ph\u00ed cho doanh nghi\u1ec7p.<\/span><span class=\"ez-toc-section-end\"><\/span><\/h3>\n<\/li>\n<li>\n<h3><span class=\"ez-toc-section\" id=\"Giao_hang_Lap_dat_Ho_tro_tan_noi_tai_TPHCM_va_cac_tinh_lan_can_trong_24h\"><\/span><span style=\"font-family: arial, helvetica, sans-serif; font-size: 80%;\"><strong>Giao h\u00e0ng &amp; L\u1eafp \u0111\u1eb7t:<\/strong> H\u1ed7 tr\u1ee3 t\u1eadn n\u01a1i t\u1ea1i TP.HCM v\u00e0 c\u00e1c t\u1ec9nh l\u00e2n c\u1eadn trong 24h.<\/span><span class=\"ez-toc-section-end\"><\/span><\/h3>\n<\/li>\n<li>\n<h3><span class=\"ez-toc-section\" id=\"Chinh_sach_bao_hanh_Cam_ket_bao_hanh_mat_bang_tu_12_%E2%80%93_36_thang_ho_tro_bao_tri_tron_doi\"><\/span><span style=\"font-family: arial, helvetica, sans-serif; font-size: 80%;\"><strong>Ch\u00ednh s\u00e1ch b\u1ea3o h\u00e0nh:<\/strong> Cam k\u1ebft b\u1ea3o h\u00e0nh m\u1eb7t b\u1ea3ng t\u1eeb 12 &#8211; 36 th\u00e1ng, h\u1ed7 tr\u1ee3 b\u1ea3o tr\u00ec tr\u1ecdn \u0111\u1eddi.<\/span><span class=\"ez-toc-section-end\"><\/span><\/h3>\n<\/li>\n<\/ul>\n<h3><span class=\"ez-toc-section\" id=\"%3E%3E%3E%3E%3ELien_he_mua_hang_truc_tiep_qua_hotlinezalo_247_0918_043_885\"><\/span><span style=\"font-family: arial, helvetica, sans-serif; font-size: 80%;\">&gt;&gt;&gt;&gt;&gt;Li\u00ean h\u1ec7 mua h\u00e0ng tr\u1ef1c ti\u1ebfp qua hotline\/zalo 24\/7: <a href=\"http:\/\/0918042885\" target=\"_blank\">0918 043 885<\/a><\/span><span class=\"ez-toc-section-end\"><\/span><\/h3>","protected":false},"excerpt":{"rendered":"<h3><span style=\"font-family: 'times new roman', times, serif; font-size: 90%;\">Trong kh\u00f4ng gian v\u0103n ph\u00f2ng v\u00e0 tr\u01b0\u1eddng h\u1ecdc hi\u1ec7n \u0111\u1ea1i, chi\u1ebfc<strong> B\u1ea3ng tr\u1eafng vi\u1ebft b\u00fat l\u00f4ng<\/strong> kh\u00f4ng ch\u1ec9 l\u00e0 c\u00f4ng c\u1ee5 truy\u1ec1n t\u1ea3i th\u00f4ng tin m\u00e0 c\u00f2n th\u1ec3 hi\u1ec7n s\u1ef1 chuy\u00ean nghi\u1ec7p c\u1ee7a \u0111\u01a1n v\u1ecb. BAVICO \u2013 th\u01b0\u01a1ng hi\u1ec7u v\u1edbi h\u01a1n 23 n\u0103m tr\u01b0\u1eddng t\u1ed3n v\u00e0 ph\u00e1t tri\u1ec3n \u2013 t\u1ef1 h\u00e0o mang \u0111\u1ebfn d\u00f2ng<strong> b\u1ea3ng tr\u1eafng vi\u1ebft b\u00fat l\u00f4ng<\/strong> cao c\u1ea5p, kh\u1eafc ph\u1ee5c ho\u00e0n to\u00e0n c\u00e1c nh\u01b0\u1ee3c \u0111i\u1ec3m c\u1ee7a b\u1ea3ng th\u00f4ng th\u01b0\u1eddng tr\u00ean th\u1ecb tr\u01b0\u1eddng.<\/span><\/h3>\n<h3><\/h3>","protected":false},"featured_media":12355,"comment_status":"open","ping_status":"closed","template":"","meta":{"_acf_changed":false},"product_brand":[],"product_cat":[608],"product_tag":[],"class_list":{"0":"post-12354","1":"product","2":"type-product","3":"status-publish","4":"has-post-thumbnail","6":"product_cat-bang-trang-bavico","8":"first","9":"instock","10":"shipping-taxable","11":"product-type-simple"},"acf":[],"_links":{"self":[{"href":"https:\/\/bangvietbavicoboard.com\/en\/wp-json\/wp\/v2\/product\/12354","targetHints":{"allow":["GET"]}}],"collection":[{"href":"https:\/\/bangvietbavicoboard.com\/en\/wp-json\/wp\/v2\/product"}],"about":[{"href":"https:\/\/bangvietbavicoboard.com\/en\/wp-json\/wp\/v2\/types\/product"}],"replies":[{"embeddable":true,"href":"https:\/\/bangvietbavicoboard.com\/en\/wp-json\/wp\/v2\/comments?post=12354"}],"wp:featuredmedia":[{"embeddable":true,"href":"https:\/\/bangvietbavicoboard.com\/en\/wp-json\/wp\/v2\/media\/12355"}],"wp:attachment":[{"href":"https:\/\/bangvietbavicoboard.com\/en\/wp-json\/wp\/v2\/media?parent=12354"}],"wp:term":[{"taxonomy":"product_brand","embeddable":true,"href":"https:\/\/bangvietbavicoboard.com\/en\/wp-json\/wp\/v2\/product_brand?post=12354"},{"taxonomy":"product_cat","embeddable":true,"href":"https:\/\/bangvietbavicoboard.com\/en\/wp-json\/wp\/v2\/product_cat?post=12354"},{"taxonomy":"product_tag","embeddable":true,"href":"https:\/\/bangvietbavicoboard.com\/en\/wp-json\/wp\/v2\/product_tag?post=12354"}],"curies":[{"name":"wp","href":"https:\/\/api.w.org\/{rel}","templated":true}]}}