{"id":12306,"date":"2026-02-25T04:26:31","date_gmt":"2026-02-25T04:26:31","guid":{"rendered":"https:\/\/bangvietbavicoboard.com\/?post_type=product&#038;p=12306"},"modified":"2026-02-25T08:52:30","modified_gmt":"2026-02-25T08:52:30","slug":"bang-trang-treo-tuong-bavico","status":"publish","type":"product","link":"https:\/\/bangvietbavicoboard.com\/en\/product\/bang-trang-treo-tuong-bavico\/","title":{"rendered":"B\u1ea3ng Tr\u1eafng Treo T\u01b0\u1eddng BAVICO"},"content":{"rendered":"<p>B\u1ea1n \u0111ang t\u00ecm ki\u1ebfm m\u1ed9t c\u00f4ng c\u1ee5 h\u1ed7 tr\u1ee3 gi\u1ea3ng d\u1ea1y, h\u1ed9i h\u1ecdp hay ghi ch\u00fa c\u00f4ng vi\u1ec7c hi\u1ec7u qu\u1ea3? <b data-path-to-node=\"3\" data-index-in-node=\"88\">B\u1ea3ng tr\u1eafng treo t\u01b0\u1eddng BAVICO<\/b> ch\u00ednh l\u00e0 gi\u1ea3i ph\u00e1p h\u00e0ng \u0111\u1ea7u nh\u1edd s\u1ef1 k\u1ebft h\u1ee3p gi\u1eefa c\u00f4ng ngh\u1ec7 m\u1eb7t b\u1ea3ng ti\u00ean ti\u1ebfn v\u00e0 thi\u1ebft k\u1ebf tinh t\u1ebf, hi\u1ec7n \u0111\u1ea1i.<\/p>\n<figure id=\"attachment_12308\" aria-describedby=\"caption-attachment-12308\" style=\"width: 1200px\" class=\"wp-caption alignnone\"><img loading=\"lazy\" decoding=\"async\" class=\"size-full wp-image-12308\" src=\"https:\/\/bangvietbavicoboard.com\/wp-content\/uploads\/2026\/02\/bang-trang-treo-tuong-bavico.jpg\" alt=\"b\u1ea3ng tr\u1eafng treo t\u01b0\u1eddng BAVICO\" width=\"1200\" height=\"861\" srcset=\"https:\/\/bangvietbavicoboard.com\/wp-content\/uploads\/2026\/02\/bang-trang-treo-tuong-bavico.jpg 1200w, https:\/\/bangvietbavicoboard.com\/wp-content\/uploads\/2026\/02\/bang-trang-treo-tuong-bavico-557x400.jpg 557w, https:\/\/bangvietbavicoboard.com\/wp-content\/uploads\/2026\/02\/bang-trang-treo-tuong-bavico-1115x800.jpg 1115w, https:\/\/bangvietbavicoboard.com\/wp-content\/uploads\/2026\/02\/bang-trang-treo-tuong-bavico-768x551.jpg 768w, https:\/\/bangvietbavicoboard.com\/wp-content\/uploads\/2026\/02\/bang-trang-treo-tuong-bavico-18x12.jpg 18w, https:\/\/bangvietbavicoboard.com\/wp-content\/uploads\/2026\/02\/bang-trang-treo-tuong-bavico-300x215.jpg 300w, https:\/\/bangvietbavicoboard.com\/wp-content\/uploads\/2026\/02\/bang-trang-treo-tuong-bavico-600x431.jpg 600w\" sizes=\"auto, (max-width: 1200px) 100vw, 1200px\" \/><figcaption id=\"caption-attachment-12308\" class=\"wp-caption-text\"><em>(b\u1ea3ng tr\u1eafng treo t\u01b0\u1eddng BAVICO)<\/em><\/figcaption><\/figure>\n<h2><span class=\"ez-toc-section\" id=\"1_Tai_sao_nen_chon_Bang_trang_treo_tuong_BAVICO\"><\/span><strong>1. T\u1ea1i sao n\u00ean ch\u1ecdn B\u1ea3ng tr\u1eafng treo t\u01b0\u1eddng BAVICO?<\/strong><span class=\"ez-toc-section-end\"><\/span><\/h2>\n<p>Tr\u00ean th\u1ecb tr\u01b0\u1eddng c\u00f3 r\u1ea5t nhi\u1ec1u lo\u1ea1i b\u1ea3ng gi\u00e1 r\u1ebb, nh\u01b0ng BAVICO kh\u1eb3ng \u0111\u1ecbnh v\u1ecb th\u1ebf b\u1eb1ng ch\u1ea5t l\u01b0\u1ee3ng chu\u1ea9n m\u1ef1c. S\u1ea3n ph\u1ea9m kh\u00f4ng ch\u1ec9 l\u00e0 m\u1ed9t t\u1ea5m b\u1ea3ng vi\u1ebft, m\u00e0 l\u00e0 ng\u01b0\u1eddi b\u1ea1n \u0111\u1ed3ng h\u00e0nh trong t\u01b0 duy v\u00e0 s\u00e1ng t\u1ea1o.<\/p>\n<h3><span class=\"ez-toc-section\" id=\"Uu_diem_cua_mat_bang_trang_nhap_khau_cao_cap\"><\/span><strong>\u01afu \u0111i\u1ec3m c\u1ee7a m\u1eb7t b\u1ea3ng tr\u1eafng nh\u1eadp kh\u1ea9u cao c\u1ea5p<\/strong><span class=\"ez-toc-section-end\"><\/span><\/h3>\n<p>S\u1ea3n ph\u1ea9m s\u1eed d\u1ee5ng c\u00e1c d\u00f2ng m\u1eb7t b\u1ea3ng cao c\u1ea5p (t\u00f9y ch\u1ecdn theo nhu c\u1ea7u) nh\u01b0:<\/p>\n<ul>\n<li>Greenlam (\u1ea4n \u0110\u1ed9): Ch\u1ed1ng tr\u1ea7y x\u01b0\u1edbc, vi\u1ebft \u00eam, d\u1ec5 x\u00f3a.<\/li>\n<li>Th\u00e9p ph\u1ee7 s\u01a1n (H\u00e0n Qu\u1ed1c): C\u00f3 t\u1eeb t\u00ednh m\u1ea1nh, h\u00edt nam ch\u00e2m c\u1ef1c t\u1ed1t.<\/li>\n<li>G\u1ed1m s\u1ee9 Ceramic (B\u1ec9): Si\u00eau b\u1ec1n, ch\u1ed1ng ch\u00e1y, ch\u1ed1ng l\u00f3a 100%.<br \/>\nThi\u1ebft k\u1ebf t\u1ed1i \u01b0u, \u0111\u1ed9 b\u1ec1n v\u01b0\u1ee3t tr\u1ed9i<\/li>\n<\/ul>\n<h3><span class=\"ez-toc-section\" id=\"Thiet_ke_khung_nhom_chac_chan_cua_bang_trang_BAVICO\"><\/span><strong>Thi\u1ebft k\u1ebf khung nh\u00f4m ch\u1eafc ch\u1eafn c\u1ee7a b\u1ea3ng tr\u1eafng BAVICO<\/strong><span class=\"ez-toc-section-end\"><\/span><\/h3>\n<ul>\n<li>Khung nh\u00f4m \u0111\u1ecbnh h\u00ecnh: Gi\u00fap b\u1ea3ng ch\u1eafc ch\u1eafn, kh\u00f4ng b\u1ecb cong v\u00eanh d\u00f9 s\u1eed d\u1ee5ng \u1edf m\u00f4i tr\u01b0\u1eddng \u0111\u1ed9 \u1ea9m cao.<\/li>\n<li>G\u00f3c bo nh\u1ef1a an to\u00e0n: Thi\u1ebft k\u1ebf th\u1ea9m m\u1ef9, tr\u00e1nh va ch\u1ea1m g\u00e2y ch\u1ea5n th\u01b0\u01a1ng cho ng\u01b0\u1eddi d\u00f9ng, \u0111\u1eb7c bi\u1ec7t l\u00e0 tr\u1ebb nh\u1ecf.<\/li>\n<li>M\u00e1ng \u0111\u1ef1ng b\u00fat ti\u1ec7n l\u1ee3i: Lu\u00f4n \u0111i k\u00e8m \u0111\u1ec3 gi\u1eef kh\u00f4ng gian l\u00e0m vi\u1ec7c c\u1ee7a b\u1ea1n g\u1ecdn g\u00e0ng.<\/li>\n<\/ul>\n<h2><span class=\"ez-toc-section\" id=\"2_So_sanh_cac_dong_san_pham_bang_trang_BAVICO_pho_bien_nhat\"><\/span><strong>2. So s\u00e1nh c\u00e1c d\u00f2ng s\u1ea3n ph\u1ea9m b\u1ea3ng tr\u1eafng BAVICO ph\u1ed5 bi\u1ebfn nh\u1ea5t<\/strong><span class=\"ez-toc-section-end\"><\/span><\/h2>\n<p>\u0110\u1ec3 ch\u1ecdn \u0111\u01b0\u1ee3c chi\u1ebfc b\u1ea3ng tr\u1eafng \u01b0ng \u00fd, b\u1ea1n c\u00f3 th\u1ec3 tham kh\u1ea3o c\u00e1c ph\u00e2n kh\u00fac s\u1ea3n ph\u1ea9m \u0111\u1eb7c tr\u01b0ng c\u1ee7a ch\u00fang t\u00f4i:<\/p>\n<h3><span class=\"ez-toc-section\" id=\"Dong_bang_trang_viet_but_da_kinh_te\"><\/span><strong>D\u00f2ng b\u1ea3ng tr\u1eafng vi\u1ebft b\u00fat d\u1ea1 kinh t\u1ebf<\/strong><span class=\"ez-toc-section-end\"><\/span><\/h3>\n<p>Ph\u00f9 h\u1ee3p cho nhu c\u1ea7u ghi ch\u00fa gia \u0111\u00ecnh, d\u1ea1y th\u00eam ho\u1eb7c g\u00f3c l\u00e0m vi\u1ec7c c\u00e1 nh\u00e2n. \u01afu \u0111i\u1ec3m l\u00e0 tr\u1ecdng l\u01b0\u1ee3ng nh\u1eb9, l\u1eafp \u0111\u1eb7t d\u1ec5 d\u00e0ng v\u00e0 gi\u00e1 th\u00e0nh c\u1ef1c k\u1ef3 ti\u1ebft ki\u1ec7m nh\u01b0ng v\u1eabn \u0111\u1ea3m b\u1ea3o \u0111\u1ed9 b\u1ec1n cao.<\/p>\n<h3><span class=\"ez-toc-section\" id=\"Dong_bang_trang_tu_tinh_Han_Quoc_da_nang\"><\/span><strong>D\u00f2ng b\u1ea3ng tr\u1eafng t\u1eeb t\u00ednh H\u00e0n Qu\u1ed1c \u0111a n\u0103ng<\/strong><span class=\"ez-toc-section-end\"><\/span><\/h3>\n<p>\u0110\u00e2y l\u00e0 d\u00f2ng s\u1ea3n ph\u1ea9m &#8220;qu\u1ed1c d\u00e2n&#8221; \u0111\u01b0\u1ee3c c\u00e1c v\u0103n ph\u00f2ng \u01b0a chu\u1ed9ng. Ngo\u00e0i vi\u1ec7c vi\u1ebft b\u00fat d\u1ea1, b\u1ea1n c\u00f3 th\u1ec3 d\u00f9ng nam ch\u00e2m \u0111\u1ec3 \u0111\u00ednh k\u00e8m th\u00f4ng b\u00e1o, bi\u1ec3u \u0111\u1ed3 ho\u1eb7c h\u00ecnh \u1ea3nh tr\u1ef1c ti\u1ebfp l\u00ean m\u1eb7t b\u1ea3ng.<\/p>\n<h3><span class=\"ez-toc-section\" id=\"Dong_bang_trang_Ceramic_cao_cap_sieu_ben\"><\/span><strong>D\u00f2ng b\u1ea3ng tr\u1eafng Ceramic cao c\u1ea5p si\u00eau b\u1ec1n<\/strong><span class=\"ez-toc-section-end\"><\/span><\/h3>\n<p>S\u1ef1 l\u1ef1a ch\u1ecdn ho\u00e0n h\u1ea3o cho c\u00e1c tr\u01b0\u1eddng h\u1ecdc qu\u1ed1c t\u1ebf ho\u1eb7c ph\u00f2ng h\u1ecdp sang tr\u1ecdng. M\u1eb7t b\u1ea3ng c\u00f3 kh\u1ea3 n\u0103ng kh\u00e1ng khu\u1ea9n, ch\u1ed1ng tr\u1ea7y x\u01b0\u1edbc ngay c\u1ea3 khi d\u00f9ng v\u1eadt s\u1eafc nh\u1ecdn t\u00e1c \u0111\u1ed9ng. <a href=\"https:\/\/youtu.be\/Z5SH5O0slIg\" target=\"_blank\" rel=\"noopener\"><em>M\u1eddi Click xem video b\u1ea3ng tr\u1eafng ceramic c\u1ee7a BAVICO<\/em><\/a><\/p>\n<h2><span class=\"ez-toc-section\" id=\"3_Huong_dan_lap_dat_va_bao_quan_bang_trang_luon_sach_nhu_moi\"><\/span><strong>3. H\u01b0\u1edbng d\u1eabn l\u1eafp \u0111\u1eb7t v\u00e0 b\u1ea3o qu\u1ea3n b\u1ea3ng tr\u1eafng lu\u00f4n s\u1ea1ch nh\u01b0 m\u1edbi<\/strong><span class=\"ez-toc-section-end\"><\/span><\/h2>\n<p>\u0110\u1ec3 chi\u1ebfc b\u1ea3ng tr\u1eafng c\u1ee7a b\u1ea1n duy tr\u00ec tu\u1ed5i th\u1ecd tr\u00ean 10 n\u0103m, h\u00e3y l\u01b0u \u00fd nh\u1eefng m\u1eb9o nh\u1ecf sau:<\/p>\n<ul>\n<li>S\u1eed d\u1ee5ng b\u00fat ch\u1ea5t l\u01b0\u1ee3ng: Ch\u1ec9 d\u00f9ng b\u00fat l\u00f4ng b\u1ea3ng (Whiteboard Marker) ch\u00ednh h\u00e3ng. Tr\u00e1nh tuy\u1ec7t \u0111\u1ed1i b\u00fat l\u00f4ng d\u1ea7u (Permanent Marker).<\/li>\n<li>V\u1ec7 sinh m\u1eb7t b\u1ea3ng tr\u1eafng \u0111\u00fang c\u00e1ch: D\u00f9ng kh\u0103n m\u1ec1m ho\u1eb7c \u0111\u1ed3 b\u00f4i b\u1ea3ng chuy\u00ean d\u1ee5ng. N\u1ebfu \u0111\u1ec3 v\u1ebft m\u1ef1c l\u00e2u ng\u00e0y, h\u00e3y d\u00f9ng m\u1ed9t ch\u00fat c\u1ed3n ho\u1eb7c dung d\u1ecbch v\u1ec7 sinh b\u1ea3ng \u0111\u1ec3 lau s\u1ea1ch.<\/li>\n<li>V\u1ecb tr\u00ed treo b\u1ea3ng: N\u00ean treo b\u1ea3ng tr\u1eafng \u1edf n\u01a1i kh\u00f4 r\u00e1o, tr\u00e1nh \u00e1nh n\u1eafng tr\u1ef1c ti\u1ebfp qu\u00e1 g\u1eaft \u0111\u1ec3 b\u1ea3o v\u1ec7 l\u1edbp m\u00e0ng ph\u1ee7 tr\u00ean b\u1ec1 m\u1eb7t.<\/li>\n<\/ul>\n<p>&nbsp;<\/p>\n<p><a href=\"https:\/\/bangvietbavicoboard.com\/en\/product-category\/bang-trang-bavico\/\"><strong>&gt; &gt; &gt; M\u1eddi Click Xem C\u00e1c Lo\u1ea1i B\u1ea3ng Tr\u1eafng Kh\u00e1c &lt; &lt; &lt;\u00a0<\/strong><\/a><\/p>","protected":false},"excerpt":{"rendered":"<p>B\u1ea1n \u0111ang t\u00ecm ki\u1ebfm m\u1ed9t c\u00f4ng c\u1ee5 h\u1ed7 tr\u1ee3 gi\u1ea3ng d\u1ea1y, h\u1ed9i h\u1ecdp hay ghi ch\u00fa c\u00f4ng vi\u1ec7c hi\u1ec7u qu\u1ea3? B\u1ea3ng tr\u1eafng treo t\u01b0\u1eddng BAVICO ch\u00ednh l\u00e0 gi\u1ea3i ph\u00e1p h\u00e0ng \u0111\u1ea7u nh\u1edd s\u1ef1 k\u1ebft h\u1ee3p gi\u1eefa c\u00f4ng ngh\u1ec7 m\u1eb7t b\u1ea3ng ti\u00ean ti\u1ebfn v\u00e0 thi\u1ebft k\u1ebf tinh t\u1ebf, hi\u1ec7n \u0111\u1ea1i. 1. T\u1ea1i sao n\u00ean ch\u1ecdn B\u1ea3ng [&#8230;]","protected":false},"featured_media":12307,"comment_status":"open","ping_status":"closed","template":"","meta":{"_acf_changed":false},"product_brand":[],"product_cat":[608],"product_tag":[],"class_list":{"0":"post-12306","1":"product","2":"type-product","3":"status-publish","4":"has-post-thumbnail","6":"product_cat-bang-trang-bavico","8":"first","9":"instock","10":"shipping-taxable","11":"purchasable","12":"product-type-variable","13":"has-default-attributes"},"acf":[],"_links":{"self":[{"href":"https:\/\/bangvietbavicoboard.com\/en\/wp-json\/wp\/v2\/product\/12306","targetHints":{"allow":["GET"]}}],"collection":[{"href":"https:\/\/bangvietbavicoboard.com\/en\/wp-json\/wp\/v2\/product"}],"about":[{"href":"https:\/\/bangvietbavicoboard.com\/en\/wp-json\/wp\/v2\/types\/product"}],"replies":[{"embeddable":true,"href":"https:\/\/bangvietbavicoboard.com\/en\/wp-json\/wp\/v2\/comments?post=12306"}],"wp:featuredmedia":[{"embeddable":true,"href":"https:\/\/bangvietbavicoboard.com\/en\/wp-json\/wp\/v2\/media\/12307"}],"wp:attachment":[{"href":"https:\/\/bangvietbavicoboard.com\/en\/wp-json\/wp\/v2\/media?parent=12306"}],"wp:term":[{"taxonomy":"product_brand","embeddable":true,"href":"https:\/\/bangvietbavicoboard.com\/en\/wp-json\/wp\/v2\/product_brand?post=12306"},{"taxonomy":"product_cat","embeddable":true,"href":"https:\/\/bangvietbavicoboard.com\/en\/wp-json\/wp\/v2\/product_cat?post=12306"},{"taxonomy":"product_tag","embeddable":true,"href":"https:\/\/bangvietbavicoboard.com\/en\/wp-json\/wp\/v2\/product_tag?post=12306"}],"curies":[{"name":"wp","href":"https:\/\/api.w.org\/{rel}","templated":true}]}}