{"id":12166,"date":"2025-10-13T04:54:09","date_gmt":"2025-10-13T04:54:09","guid":{"rendered":"https:\/\/bangvietbavicoboard.com\/?post_type=product&#038;p=12166"},"modified":"2025-10-15T01:29:52","modified_gmt":"2025-10-15T01:29:52","slug":"bang-viet-but-long-cho-hoc-sinh","status":"publish","type":"product","link":"https:\/\/bangvietbavicoboard.com\/en\/product\/bang-viet-but-long-cho-hoc-sinh\/","title":{"rendered":"B\u1ea2NG VI\u1ebeT B\u00daT L\u00d4NG CHO H\u1eccC SINH"},"content":{"rendered":"<h1 style=\"text-align: center;\"><span class=\"ez-toc-section\" id=\"CAC_MAU_BANG_VIET_BUT_LONG_CHO_HOC_SINH\"><\/span><span style=\"font-family: 'times new roman', times, serif;\"><strong><span style=\"color: #000080;\">C\u00c1C M\u1eaaU B\u1ea2NG VI\u1ebeT B\u00daT L\u00d4NG CHO H\u1eccC SINH <\/span><\/strong><\/span><span class=\"ez-toc-section-end\"><\/span><\/h1>\n<h1 style=\"text-align: center;\"><span class=\"ez-toc-section\" id=\"DUOC_UA_CHUONG_NHAT_HIEN_NAY\"><\/span><span style=\"font-family: 'times new roman', times, serif;\"><strong><span style=\"color: #000080;\">\u0110\u01af\u1ee2C \u01afA CHU\u1ed8NG NH\u1ea4T HI\u1ec6N NAY<\/span><\/strong><\/span><span class=\"ez-toc-section-end\"><\/span><\/h1>\n<h2><span class=\"ez-toc-section\" id=\"I_Gioi_thieu_ve_bang_viet_but_long_cho_hoc_sinh\"><\/span><span style=\"color: #000080; font-family: 'times new roman', times, serif;\"><strong>I. Gi\u1edbi thi\u1ec7u v\u1ec1 b\u1ea3ng vi\u1ebft b\u00fat l\u00f4ng cho h\u1ecdc sinh.<\/strong><\/span><span class=\"ez-toc-section-end\"><\/span><\/h2>\n<p><span style=\"font-family: 'times new roman', times, serif; font-size: 120%; color: #000000;\"><span style=\"font-weight: 500;\">Trong m\u00f4i tr\u01b0\u1eddng h\u1ecdc t\u1eadp hi\u1ec7n nay, <strong>b\u1ea3ng vi\u1ebft b\u00fat l\u00f4ng cho h\u1ecdc sinh<\/strong> ng\u00e0y c\u00e0ng \u0111\u01b0\u1ee3c s\u1eed d\u1ee5ng r\u1ed9ng r\u00e3i nh\u1edd s\u1ef1 an to\u00e0n, s\u1ea1ch s\u1ebd v\u00e0 ti\u1ec7n l\u1ee3i h\u01a1n nhi\u1ec1u so v\u1edbi b\u1ea3ng ph\u1ea5n truy\u1ec1n th\u1ed1ng.<\/span><span style=\"font-weight: 500;\"><br \/>\n<\/span><span style=\"font-weight: 500;\"> B\u1ea3ng vi\u1ebft b\u00fat l\u00f4ng kh\u00f4ng ch\u1ec9 gi\u00fap h\u1ecdc sinh d\u1ec5 d\u00e0ng ghi ch\u00e9p, tr\u00ecnh b\u00e0y \u00fd t\u01b0\u1edfng m\u00e0 c\u00f2n khuy\u1ebfn kh\u00edch t\u00ednh s\u00e1ng t\u1ea1o v\u00e0 kh\u1ea3 n\u0103ng t\u01b0\u01a1ng t\u00e1c trong l\u1edbp h\u1ecdc.<\/span><\/span><\/p>\n<p><span style=\"font-weight: 500; font-family: 'times new roman', times, serif; font-size: 120%; color: #000000;\">BAVICO \u2013 th\u01b0\u01a1ng hi\u1ec7u v\u1edbi h\u01a1n 20 n\u0103m kinh nghi\u1ec7m trong l\u0129nh v\u1ef1c s\u1ea3n xu\u1ea5t b\u1ea3ng vi\u1ebft chuy\u00ean d\u1ee5ng \u2013 mang \u0111\u1ebfn nhi\u1ec1u d\u00f2ng b\u1ea3ng b\u00fat l\u00f4ng ch\u1ea5t l\u01b0\u1ee3ng cao, ph\u00f9 h\u1ee3p v\u1edbi m\u1ecdi c\u1ea5p h\u1ecdc t\u1eeb m\u1ea7m non \u0111\u1ebfn trung h\u1ecdc, trung t\u00e2m ngo\u1ea1i ng\u1eef, d\u1ea1y th\u00eam,&#8230;<\/span><\/p>\n<p><span style=\"font-weight: 500; font-family: 'times new roman', times, serif; font-size: 120%; color: #000000;\">=&gt; Xem th\u00eam: <span style=\"font-size: 110%;\"><strong><span style=\"color: #ff0000;\"><a style=\"color: #ff0000;\" href=\"https:\/\/bangvietbavico.vn\/san-pham\/bang-hoc-sinh\/\" target=\"_blank\" rel=\"noopener\">B\u1ea2NG VI\u1ebeT B\u00daT L\u00d4NG CHO H\u1eccC SINH<\/a><\/span><\/strong><\/span><\/span><\/p>\n<h2><span class=\"ez-toc-section\" id=\"II_Uu_diem_cua_bang_viet_but_long_cho_hoc_sinh\"><\/span><span style=\"color: #000080; font-family: 'times new roman', times, serif;\"><strong>II. \u01afu \u0111i\u1ec3m c\u1ee7a b\u1ea3ng vi\u1ebft b\u00fat l\u00f4ng cho h\u1ecdc sinh.<\/strong><\/span><span class=\"ez-toc-section-end\"><\/span><\/h2>\n<ul>\n<li><span style=\"font-family: 'times new roman', times, serif; font-size: 120%; color: #000000;\"><span style=\"font-weight: 500;\">An to\u00e0n cho s\u1ee9c kh\u1ecfe \u2013 Kh\u00f4ng b\u1ee5i ph\u1ea5n, kh\u00f4ng g\u00e2y d\u1ecb \u1ee9ng, th\u00e2n thi\u1ec7n v\u1edbi m\u00f4i tr\u01b0\u1eddng h\u1ecdc \u0111\u01b0\u1eddng.<\/span><\/span><\/li>\n<li><span style=\"font-family: 'times new roman', times, serif; font-size: 120%; color: #000000;\"><span style=\"font-weight: 500;\">D\u1ec5 vi\u1ebft \u2013 d\u1ec5 x\u00f3a \u2013 B\u1ec1 m\u1eb7t nh\u1eb5n m\u1ecbn, n\u00e9t b\u00fat r\u00f5 r\u00e0ng, lau s\u1ea1ch b\u1eb1ng kh\u0103n ho\u1eb7c b\u00f4ng lau chuy\u00ean d\u1ee5ng.<\/span><\/span><\/li>\n<li><span style=\"font-family: 'times new roman', times, serif; font-size: 120%; color: #000000;\"><span style=\"font-weight: 500;\">\u0110a d\u1ea1ng k\u00edch th\u01b0\u1edbc v\u00e0 ki\u1ec3u d\u00e1ng \u2013 T\u00f9y ch\u1ecdn treo t\u01b0\u1eddng, c\u00f3 ch\u00e2n di \u0111\u1ed9ng, flipchart,\u2026 ph\u00f9 h\u1ee3p m\u1ecdi kh\u00f4ng gian l\u1edbp h\u1ecdc.<\/span><\/span><\/li>\n<li><span style=\"font-family: 'times new roman', times, serif; font-size: 120%; color: #000000;\"><span style=\"font-weight: 500;\">Th\u1ea9m m\u1ef9 cao, hi\u1ec7n \u0111\u1ea1i \u2013 Thi\u1ebft k\u1ebf tinh g\u1ecdn, vi\u1ec1n nh\u00f4m s\u00e1ng, mang l\u1ea1i c\u1ea3m gi\u00e1c chuy\u00ean nghi\u1ec7p v\u00e0 n\u0103ng \u0111\u1ed9ng.<\/span><\/span><\/li>\n<li><span style=\"font-family: 'times new roman', times, serif; font-size: 120%; color: #000000;\"><span style=\"font-weight: 500;\">\u0110\u1ed9 b\u1ec1n v\u01b0\u1ee3t tr\u1ed9i \u2013 B\u1ec1 m\u1eb7t nh\u1eadp kh\u1ea9u t\u1eeb \u0110\u00e0i Loan, \u1ea4n \u0110\u1ed9, H\u00e0n Qu\u1ed1c, B\u1ec9, s\u1eed d\u1ee5ng l\u00e2u d\u00e0i m\u00e0 v\u1eabn s\u00e1ng b\u00f3ng nh\u01b0 m\u1edbi.<\/span><\/span><\/li>\n<\/ul>\n<h2><span class=\"ez-toc-section\" id=\"III_Cac_dong_bang_viet_but_long_cho_hoc_sinh_noi_bat_tai_BAVICO\"><\/span><span style=\"color: #000080; font-family: 'times new roman', times, serif;\"><strong>III. C\u00e1c d\u00f2ng b\u1ea3ng vi\u1ebft b\u00fat l\u00f4ng cho h\u1ecdc sinh n\u1ed5i b\u1eadt t\u1ea1i BAVICO.<\/strong><\/span><span class=\"ez-toc-section-end\"><\/span><\/h2>\n<h3><span class=\"ez-toc-section\" id=\"1_Bang_viet_but_long_cho_hoc_sinh_%E2%80%93_Bang_treo_tuong\"><\/span><span style=\"color: #000000;\"><a style=\"color: #000000;\" href=\"https:\/\/bangvietbavico.vn\/product-detail\/bang-hoc-sinh-viet-but-long-han-quoc-cac-kich-thuoc.html\" target=\"_blank\" rel=\"noopener\"><strong><span style=\"font-family: 'times new roman', times, serif;\">1. B\u1ea3ng vi\u1ebft b\u00fat l\u00f4ng cho h\u1ecdc sinh <span style=\"font-family: 'times new roman', times, serif; font-size: 120%;\">\u2013<\/span> Wall panel<\/span><\/strong><\/a><\/span><span class=\"ez-toc-section-end\"><\/span><\/h3>\n<p><span style=\"font-weight: 500; font-family: 'times new roman', times, serif; font-size: 120%; color: #000000;\">Ph\u00f9 h\u1ee3p cho l\u1edbp h\u1ecdc c\u1ed1 \u0111\u1ecbnh, ph\u00f2ng h\u1ecdc nh\u00f3m ho\u1eb7c trung t\u00e2m gi\u00e1o d\u1ee5c.<\/span><\/p>\n<ul>\n<li style=\"font-weight: 400;\" aria-level=\"1\"><span style=\"font-family: 'times new roman', times, serif; font-size: 120%; color: #000000;\"><span style=\"font-weight: 500;\">B\u1ea3ng Poly Taiwan, Greenlam \u1ea4n \u0110\u1ed9, H\u00e0n Qu\u1ed1c, Ceramic B\u1ec9<\/span><\/span><\/li>\n<li style=\"font-weight: 500;\" aria-level=\"1\"><span style=\"font-family: 'times new roman', times, serif; font-size: 120%; color: #000000;\"><span style=\"font-weight: 500;\">B\u1ec1 m\u1eb7t t\u1eeb cao c\u1ea5p, vi\u1ebft m\u01b0\u1ee3t, x\u00f3a s\u1ea1ch, kh\u00f4ng \u0111\u1ec3 l\u1ea1i v\u1ec7t m\u1ef1c.<\/span><\/span><\/li>\n<li style=\"font-weight: 500;\" aria-level=\"1\"><span style=\"font-weight: 500; font-family: 'times new roman', times, serif; font-size: 120%; color: #000000;\">C\u00f3 th\u1ec3 g\u1eafn th\u00eam thanh tr\u01b0\u1ee3t ho\u1eb7c khung nh\u00f4m bo tr\u00f2n an to\u00e0n cho h\u1ecdc sinh.<\/span>\n<figure id=\"attachment_12171\" aria-describedby=\"caption-attachment-12171\" style=\"width: 1600px\" class=\"wp-caption alignnone\"><img loading=\"lazy\" decoding=\"async\" class=\"size-full wp-image-12171\" src=\"https:\/\/bangvietbavicoboard.com\/wp-content\/uploads\/2025\/10\/bang-treo-tuong-tron.jpg\" alt=\"B\u1ea3ng treo t\u01b0\u1eddng\" width=\"1600\" height=\"1200\" srcset=\"https:\/\/bangvietbavicoboard.com\/wp-content\/uploads\/2025\/10\/bang-treo-tuong-tron.jpg 1600w, https:\/\/bangvietbavicoboard.com\/wp-content\/uploads\/2025\/10\/bang-treo-tuong-tron-533x400.jpg 533w, https:\/\/bangvietbavicoboard.com\/wp-content\/uploads\/2025\/10\/bang-treo-tuong-tron-1067x800.jpg 1067w, https:\/\/bangvietbavicoboard.com\/wp-content\/uploads\/2025\/10\/bang-treo-tuong-tron-768x576.jpg 768w, https:\/\/bangvietbavicoboard.com\/wp-content\/uploads\/2025\/10\/bang-treo-tuong-tron-1536x1152.jpg 1536w, https:\/\/bangvietbavicoboard.com\/wp-content\/uploads\/2025\/10\/bang-treo-tuong-tron-16x12.jpg 16w, https:\/\/bangvietbavicoboard.com\/wp-content\/uploads\/2025\/10\/bang-treo-tuong-tron-300x225.jpg 300w, https:\/\/bangvietbavicoboard.com\/wp-content\/uploads\/2025\/10\/bang-treo-tuong-tron-600x450.jpg 600w\" sizes=\"auto, (max-width: 1600px) 100vw, 1600px\" \/><figcaption id=\"caption-attachment-12171\" class=\"wp-caption-text\">Wall panel<\/figcaption><\/figure><\/li>\n<\/ul>\n<h3><span class=\"ez-toc-section\" id=\"2_Bang_viet_but_long_cho_hoc_sinh_%E2%80%93_Bang_di_dong\"><\/span><span style=\"color: #000000;\"><a style=\"color: #000000;\" href=\"https:\/\/bangvietbavicoboard.com\/en\/product\/bang-di-dong-da-nang\/\"><strong><span style=\"font-family: 'times new roman', times, serif;\">2. B\u1ea3ng vi\u1ebft b\u00fat l\u00f4ng cho h\u1ecdc sinh <span style=\"font-family: 'times new roman', times, serif; font-size: 120%;\">\u2013<\/span> Portable Board<\/span><\/strong><\/a><\/span><span class=\"ez-toc-section-end\"><\/span><\/h3>\n<p><span style=\"font-weight: 500; font-family: 'times new roman', times, serif; font-size: 120%; color: #000000;\">D\u00e0nh cho l\u1edbp h\u1ecdc linh ho\u1ea1t, ho\u1ea1t \u0111\u1ed9ng nh\u00f3m, ho\u1eb7c gi\u00e1o vi\u00ean thuy\u1ebft tr\u00ecnh.<\/span><\/p>\n<ul>\n<li style=\"font-weight: 500;\" aria-level=\"1\"><span style=\"font-family: 'times new roman', times, serif; font-size: 120%; color: #000000;\"><span style=\"font-weight: 500;\">D\u1ec5 d\u00e0ng di chuy\u1ec3n, c\u00f3 th\u1ec3 g\u1ea5p g\u1ecdn, \u0111i\u1ec1u ch\u1ec9nh \u0111\u1ed9 cao.<\/span><\/span><\/li>\n<li style=\"font-weight: 500;\" aria-level=\"1\"><span style=\"font-weight: 500; font-family: 'times new roman', times, serif; font-size: 120%; color: #000000;\">Ph\u00f9 h\u1ee3p cho c\u1ea3 h\u1ecdc sinh v\u00e0 gi\u00e1o vi\u00ean s\u1eed d\u1ee5ng trong ph\u00f2ng h\u1ecdc nh\u1ecf.<\/span>\n<figure id=\"attachment_12169\" aria-describedby=\"caption-attachment-12169\" style=\"width: 1188px\" class=\"wp-caption alignnone\"><img loading=\"lazy\" decoding=\"async\" class=\"wp-image-12170 size-full\" src=\"https:\/\/bangvietbavicoboard.com\/wp-content\/uploads\/2025\/10\/Thiet-ke-chua-co-ten-2-1.jpg\" alt=\"B\u1ea3ng di \u0111\u1ed9ng ch\u00e2n ch\u1eef T\" width=\"1188\" height=\"885\" srcset=\"https:\/\/bangvietbavicoboard.com\/wp-content\/uploads\/2025\/10\/Thiet-ke-chua-co-ten-2-1.jpg 1188w, https:\/\/bangvietbavicoboard.com\/wp-content\/uploads\/2025\/10\/Thiet-ke-chua-co-ten-2-1-537x400.jpg 537w, https:\/\/bangvietbavicoboard.com\/wp-content\/uploads\/2025\/10\/Thiet-ke-chua-co-ten-2-1-1074x800.jpg 1074w, https:\/\/bangvietbavicoboard.com\/wp-content\/uploads\/2025\/10\/Thiet-ke-chua-co-ten-2-1-768x572.jpg 768w, https:\/\/bangvietbavicoboard.com\/wp-content\/uploads\/2025\/10\/Thiet-ke-chua-co-ten-2-1-16x12.jpg 16w, https:\/\/bangvietbavicoboard.com\/wp-content\/uploads\/2025\/10\/Thiet-ke-chua-co-ten-2-1-300x223.jpg 300w, https:\/\/bangvietbavicoboard.com\/wp-content\/uploads\/2025\/10\/Thiet-ke-chua-co-ten-2-1-600x447.jpg 600w\" sizes=\"auto, (max-width: 1188px) 100vw, 1188px\" \/><figcaption id=\"caption-attachment-12169\" class=\"wp-caption-text\">B\u1ea3ng di \u0111\u1ed9ng ch\u00e2n ch\u1eef T<\/figcaption><\/figure><\/li>\n<\/ul>\n<h3><span class=\"ez-toc-section\" id=\"3_Bang_viet_but_long_cho_hoc_sinh_%E2%80%93_Bang_dan_tuong\"><\/span><span style=\"color: #000000;\"><a style=\"color: #000000;\" href=\"https:\/\/bangvietbavicoboard.com\/en\/product\/bang-co-tu-greenlam-viet-but-long-cao-cap-khong-khung-dan-tuong\/\"><strong><span style=\"font-family: 'times new roman', times, serif;\">3. B\u1ea3ng vi\u1ebft b\u00fat l\u00f4ng cho h\u1ecdc sinh <span style=\"font-family: 'times new roman', times, serif; font-size: 120%;\">\u2013<\/span> Wall<\/span><\/strong><\/a><\/span><span class=\"ez-toc-section-end\"><\/span><\/h3>\n<p><span style=\"font-weight: 500; font-family: 'times new roman', times, serif; font-size: 120%; color: #000000;\">Gi\u1ea3i ph\u00e1p hi\u1ec7n \u0111\u1ea1i cho l\u1edbp h\u1ecdc m\u1ea7m non v\u00e0 ti\u1ec3u h\u1ecdc.<\/span><\/p>\n<ul>\n<li style=\"font-weight: 500;\" aria-level=\"1\"><span style=\"font-family: 'times new roman', times, serif; font-size: 120%; color: #000000;\"><span style=\"font-weight: 500;\">D\u00e1n tr\u1ef1c ti\u1ebfp l\u00ean t\u01b0\u1eddng, t\u1ea1o kh\u00f4ng gian s\u00e1ng t\u1ea1o l\u1edbn cho h\u1ecdc sinh vi\u1ebft \u2013 v\u1ebd \u2013 h\u1ecdc t\u1eadp.<\/span><\/span><\/li>\n<li style=\"font-weight: 500;\" aria-level=\"1\"><span style=\"font-family: 'times new roman', times, serif; font-size: 120%; color: #000000;\"><span style=\"font-weight: 500;\">Kh\u00f4ng khung vi\u1ec1n, an to\u00e0n tuy\u1ec7t \u0111\u1ed1i, th\u1ea9m m\u1ef9 cao.<\/span><\/span><\/li>\n<li aria-level=\"1\"><span style=\"font-family: 'times new roman', times, serif; font-size: 120%;\">C\u00f3 th\u1ec3\u00a0 ch\u1ecdn t\u1eeb t\u00ednh ho\u1eb7c kh\u00f4ng t\u1eeb t\u00ednh<\/span>.\n<figure id=\"attachment_12128\" aria-describedby=\"caption-attachment-12128\" style=\"width: 1536px\" class=\"wp-caption alignnone\"><img loading=\"lazy\" decoding=\"async\" class=\"size-full wp-image-12128\" src=\"https:\/\/bangvietbavicoboard.com\/wp-content\/uploads\/2025\/10\/Thiet-ke-chua-co-ten.jpg\" alt=\"B\u1ea3ng vi\u1ebft b\u00fat l\u00f4ng d\u00e1n t\u01b0\u1eddng Greenlam\" width=\"1536\" height=\"1024\" srcset=\"https:\/\/bangvietbavicoboard.com\/wp-content\/uploads\/2025\/10\/Thiet-ke-chua-co-ten.jpg 1536w, https:\/\/bangvietbavicoboard.com\/wp-content\/uploads\/2025\/10\/Thiet-ke-chua-co-ten-600x400.jpg 600w, https:\/\/bangvietbavicoboard.com\/wp-content\/uploads\/2025\/10\/Thiet-ke-chua-co-ten-1200x800.jpg 1200w, https:\/\/bangvietbavicoboard.com\/wp-content\/uploads\/2025\/10\/Thiet-ke-chua-co-ten-768x512.jpg 768w, https:\/\/bangvietbavicoboard.com\/wp-content\/uploads\/2025\/10\/Thiet-ke-chua-co-ten-18x12.jpg 18w, https:\/\/bangvietbavicoboard.com\/wp-content\/uploads\/2025\/10\/Thiet-ke-chua-co-ten-300x200.jpg 300w\" sizes=\"auto, (max-width: 1536px) 100vw, 1536px\" \/><figcaption id=\"caption-attachment-12128\" class=\"wp-caption-text\">B\u1ea3ng vi\u1ebft b\u00fat l\u00f4ng d\u00e1n t\u01b0\u1eddng Greenlam<\/figcaption><\/figure><\/li>\n<\/ul>\n<h2><span class=\"ez-toc-section\" id=\"IV_Ly_do_nen_chon_bang_viet_but_long_BAVICO\"><\/span><span style=\"color: #000080; font-family: 'times new roman', times, serif;\"><strong>IV. L\u00fd do n\u00ean ch\u1ecdn b\u1ea3ng vi\u1ebft b\u00fat l\u00f4ng BAVICO.<\/strong><\/span><span class=\"ez-toc-section-end\"><\/span><\/h2>\n<ul>\n<li style=\"font-weight: 400;\" aria-level=\"1\"><span style=\"font-family: 'times new roman', times, serif; font-size: 120%; color: #000000;\"><span style=\"font-weight: 500;\">Th\u01b0\u01a1ng hi\u1ec7u uy t\u00edn g\u1ea7n 22 n\u0103m trong ng\u00e0nh s\u1ea3n xu\u1ea5t b\u1ea3ng t\u1ea1i Vi\u1ec7t Nam.<\/span><\/span><\/li>\n<li style=\"font-weight: 400;\" aria-level=\"1\"><span style=\"font-family: 'times new roman', times, serif; font-size: 120%; color: #000000;\"><span style=\"font-weight: 500;\">\u0110a d\u1ea1ng v\u1eadt li\u1ec7u nh\u1eadp kh\u1ea9u: Poly Taiwan, Greenlam \u1ea4n \u0110\u1ed9, H\u00e0n Qu\u1ed1c, Ceramic B\u1ec9.<\/span><\/span><\/li>\n<li style=\"font-weight: 400;\" aria-level=\"1\"><span style=\"font-family: 'times new roman', times, serif; font-size: 120%; color: #000000;\"><span style=\"font-weight: 500;\">S\u1ea3n xu\u1ea5t theo ti\u00eau chu\u1ea9n ch\u1ea5t l\u01b0\u1ee3ng cao, b\u1ea3o h\u00e0nh ch\u00ednh h\u00e3ng.<\/span><\/span><\/li>\n<li style=\"font-weight: 400;\" aria-level=\"1\"><span style=\"font-family: 'times new roman', times, serif; font-size: 120%; color: #000000;\"><span style=\"font-weight: 500;\">H\u1ed7 tr\u1ee3 t\u01b0 v\u1ea5n \u2013 l\u1eafp \u0111\u1eb7t t\u1eadn n\u01a1i cho tr\u01b0\u1eddng h\u1ecdc, trung t\u00e2m, gia \u0111\u00ecnh.<\/span><\/span><\/li>\n<li><span style=\"font-family: 'times new roman', times, serif; font-size: 120%; color: #000000;\">Gi\u00e1 t\u1eadn x\u01b0\u1edfng \u2013 kh\u00f4ng qua trung gian, gi\u00fap ti\u1ebft ki\u1ec7m chi ph\u00ed.<\/span><\/li>\n<\/ul>\n<h2><span class=\"ez-toc-section\" id=\"V_Ket_luan\"><\/span><span style=\"color: #000080; font-family: 'times new roman', times, serif;\"><strong>V. K\u1ebft lu\u1eadn.<\/strong><\/span><span class=\"ez-toc-section-end\"><\/span><\/h2>\n<ul>\n<li><span style=\"font-family: 'times new roman', times, serif; font-size: 120%; color: #000000;\"><span style=\"font-weight: 500;\">B\u1ea3ng vi\u1ebft b\u00fat l\u00f4ng cho h\u1ecdc sinh kh\u00f4ng ch\u1ec9 l\u00e0 c\u00f4ng c\u1ee5 h\u1ecdc t\u1eadp m\u00e0 c\u00f2n l\u00e0 ng\u01b0\u1eddi b\u1ea1n \u0111\u1ed3ng h\u00e0nh gi\u00fap ph\u00e1t tri\u1ec3n t\u01b0 duy, s\u00e1ng t\u1ea1o v\u00e0 kh\u1ea3 n\u0103ng tr\u00ecnh b\u00e0y.<\/span><\/span><\/li>\n<li><span style=\"font-family: 'times new roman', times, serif; font-size: 120%; color: #000000;\"><span style=\"font-weight: 500;\">V\u1edbi ch\u1ea5t l\u01b0\u1ee3ng v\u01b0\u1ee3t tr\u1ed9i, \u0111\u1ed9 b\u1ec1n cao v\u00e0 thi\u1ebft k\u1ebf hi\u1ec7n \u0111\u1ea1i, b\u1ea3ng vi\u1ebft BAVICO l\u00e0 l\u1ef1a ch\u1ecdn t\u1ed1i \u01b0u cho m\u1ecdi m\u00f4i tr\u01b0\u1eddng h\u1ecdc \u0111\u01b0\u1eddng.<\/span><\/span><\/li>\n<li><span style=\"font-family: 'times new roman', times, serif; font-size: 120%;\">Truy c\u1eadp trang <strong style=\"color: #000000;\"><span style=\"color: #ff0000;\"><a style=\"color: #ff0000;\" href=\"https:\/\/www.youtube.com\/watch?v=golEcAqhUgc\" target=\"_blank\" rel=\"noopener\">Youtube<\/a><\/span><\/strong><span style=\"color: #000000;\"> \u0111\u1ec3 xem chi ti\u1ebft s\u1ea3n ph\u1ea9m v\u00e0 c\u00e1ch s\u1eed d\u1ee5ng t\u1ed1t nh\u1ea5t cho b\u1ea3ng vi\u1ebft b\u00fat l\u00f4ng!<\/span><\/span><\/li>\n<\/ul>\n<h4><span class=\"ez-toc-section\" id=\"THONG_TIN_LIEN_HE\"><\/span><span style=\"font-size: 140%; font-family: 'times new roman', times, serif; color: #0000ff;\"><strong><u>TH\u00d4NG TIN LI\u00caN H\u1ec6:<\/u><\/strong><\/span><span class=\"ez-toc-section-end\"><\/span><\/h4>\n<p><span style=\"font-size: 120%; font-family: 'times new roman', times, serif; color: #000000;\">Xem To\u00e0n B\u1ed9 S\u1ea3n Ph\u1ea9m:<strong>\u00a0<span style=\"color: #ff0000;\"><a style=\"color: #ff0000;\" href=\"https:\/\/bangvietbavico.vn\/\" target=\"_blank\" rel=\"noopener\">BANGVIETBAVICO.VN<\/a><\/span><\/strong><\/span><\/p>\n<p><span style=\"font-size: 120%; font-family: 'times new roman', times, serif; color: #000000;\">Hotline (T\u01b0 v\u1ea5n &amp; \u0110\u1eb7t h\u00e0ng nhanh):<span style=\"font-size: 130%;\">\u00a0<strong><span style=\"color: #ff0000;\">0903 796 885\u00a0<\/span><\/strong><\/span><\/span><\/p>\n<p><span style=\"font-size: 120%; font-family: 'times new roman', times, serif; color: #000000;\">Tr\u1ee5 s\u1edf ch\u00ednh: 26 \u2013 28DD11 Khu bi\u1ec7t th\u1ef1 An S\u01b0\u01a1ng, Ph\u01b0\u1eddng \u0110\u00f4ng H\u01b0ng Thu\u1eadn, Th\u00e0nh ph\u1ed1 H\u1ed3 Ch\u00ed Minh, Vi\u1ec7t Nam.<\/span><\/p>\n<p><span style=\"font-size: 120%; font-family: 'times new roman', times, serif; color: #000000;\">Factory: <a style=\"color: #000000;\" href=\"https:\/\/www.google.com\/maps\/place\/10%C2%B056&#039;54.2%22N+106%C2%B032&#039;43.2%22E\/@10.9472922,106.5446448,478m\/data=!3m1!1e3!4m4!3m3!8m2!3d10.9483889!4d106.5453333?entry=ttu&amp;g_ep=EgoyMDI1MTAwOC4wIKXMDSoASAFQAw%3D%3D\" target=\"_blank\" rel=\"noopener\">S\u1ed1 80 H\u1ed3 V\u0103n T\u1eafng, X\u00e3 C\u1ee7 Chi, Th\u00e0nh Ph\u1ed1 H\u1ed3 Ch\u00ed Minh, Vi\u1ec7t Nam.<\/a><\/span><\/p>\n<p><span style=\"font-size: 120%; font-family: 'times new roman', times, serif; color: #000000;\">Giao h\u00e0ng v\u00e0 l\u1eafp \u0111\u1eb7t t\u1eadn n\u01a1i d\u00f9 ch\u1ec9 m\u1ed9t s\u1ea3n ph\u1ea9m.<\/span><\/p>\n<figure id=\"attachment_12168\" aria-describedby=\"caption-attachment-12168\" style=\"width: 1200px\" class=\"wp-caption alignnone\"><img loading=\"lazy\" decoding=\"async\" class=\"wp-image-12168 size-full\" src=\"https:\/\/bangvietbavicoboard.com\/wp-content\/uploads\/2025\/10\/xe-tai-giao-hang-1.jpg\" alt=\"Bavico xe t\u1ea3i giao h\u00e0ng\" width=\"1200\" height=\"324\" srcset=\"https:\/\/bangvietbavicoboard.com\/wp-content\/uploads\/2025\/10\/xe-tai-giao-hang-1.jpg 1200w, https:\/\/bangvietbavicoboard.com\/wp-content\/uploads\/2025\/10\/xe-tai-giao-hang-1-800x216.jpg 800w, https:\/\/bangvietbavicoboard.com\/wp-content\/uploads\/2025\/10\/xe-tai-giao-hang-1-768x207.jpg 768w, https:\/\/bangvietbavicoboard.com\/wp-content\/uploads\/2025\/10\/xe-tai-giao-hang-1-18x5.jpg 18w, https:\/\/bangvietbavicoboard.com\/wp-content\/uploads\/2025\/10\/xe-tai-giao-hang-1-300x81.jpg 300w, https:\/\/bangvietbavicoboard.com\/wp-content\/uploads\/2025\/10\/xe-tai-giao-hang-1-600x162.jpg 600w\" sizes=\"auto, (max-width: 1200px) 100vw, 1200px\" \/><figcaption id=\"caption-attachment-12168\" class=\"wp-caption-text\">Bavico xe t\u1ea3i giao h\u00e0ng<\/figcaption><\/figure>\n<p>&nbsp;<\/p>\n<p>&nbsp;<\/p>","protected":false},"excerpt":{"rendered":"<p><span style=\"font-family: 'times new roman', times, serif; font-size: 120%; color: #000000;\"><span style=\"font-weight: 500;\">Trong m\u00f4i tr\u01b0\u1eddng h\u1ecdc t\u1eadp hi\u1ec7n nay, <strong>b\u1ea3ng vi\u1ebft b\u00fat l\u00f4ng cho h\u1ecdc sinh<\/strong> ng\u00e0y c\u00e0ng \u0111\u01b0\u1ee3c s\u1eed d\u1ee5ng r\u1ed9ng r\u00e3i nh\u1edd s\u1ef1 an to\u00e0n, s\u1ea1ch s\u1ebd v\u00e0 ti\u1ec7n l\u1ee3i h\u01a1n nhi\u1ec1u so v\u1edbi b\u1ea3ng ph\u1ea5n truy\u1ec1n th\u1ed1ng.<\/span><span style=\"font-weight: 500;\"><br \/>\n<\/span><span style=\"font-weight: 500;\"> B\u1ea3ng vi\u1ebft b\u00fat l\u00f4ng kh\u00f4ng ch\u1ec9 gi\u00fap h\u1ecdc sinh d\u1ec5 d\u00e0ng ghi ch\u00e9p, tr\u00ecnh b\u00e0y \u00fd t\u01b0\u1edfng m\u00e0 c\u00f2n khuy\u1ebfn kh\u00edch t\u00ednh s\u00e1ng t\u1ea1o v\u00e0 kh\u1ea3 n\u0103ng t\u01b0\u01a1ng t\u00e1c trong l\u1edbp h\u1ecdc.<\/span><\/span><\/p>","protected":false},"featured_media":12180,"comment_status":"open","ping_status":"closed","template":"","meta":{"_acf_changed":false},"product_brand":[],"product_cat":[487],"product_tag":[],"class_list":{"0":"post-12166","1":"product","2":"type-product","3":"status-publish","4":"has-post-thumbnail","6":"product_cat-bang-viet-but-long","8":"first","9":"instock","10":"shipping-taxable","11":"purchasable","12":"product-type-variable"},"acf":[],"_links":{"self":[{"href":"https:\/\/bangvietbavicoboard.com\/en\/wp-json\/wp\/v2\/product\/12166","targetHints":{"allow":["GET"]}}],"collection":[{"href":"https:\/\/bangvietbavicoboard.com\/en\/wp-json\/wp\/v2\/product"}],"about":[{"href":"https:\/\/bangvietbavicoboard.com\/en\/wp-json\/wp\/v2\/types\/product"}],"replies":[{"embeddable":true,"href":"https:\/\/bangvietbavicoboard.com\/en\/wp-json\/wp\/v2\/comments?post=12166"}],"wp:featuredmedia":[{"embeddable":true,"href":"https:\/\/bangvietbavicoboard.com\/en\/wp-json\/wp\/v2\/media\/12180"}],"wp:attachment":[{"href":"https:\/\/bangvietbavicoboard.com\/en\/wp-json\/wp\/v2\/media?parent=12166"}],"wp:term":[{"taxonomy":"product_brand","embeddable":true,"href":"https:\/\/bangvietbavicoboard.com\/en\/wp-json\/wp\/v2\/product_brand?post=12166"},{"taxonomy":"product_cat","embeddable":true,"href":"https:\/\/bangvietbavicoboard.com\/en\/wp-json\/wp\/v2\/product_cat?post=12166"},{"taxonomy":"product_tag","embeddable":true,"href":"https:\/\/bangvietbavicoboard.com\/en\/wp-json\/wp\/v2\/product_tag?post=12166"}],"curies":[{"name":"wp","href":"https:\/\/api.w.org\/{rel}","templated":true}]}}