{"id":11795,"date":"2025-08-11T08:58:02","date_gmt":"2025-08-11T08:58:02","guid":{"rendered":"https:\/\/bangvietbavicoboard.com\/?post_type=product&#038;p=11795"},"modified":"2025-08-11T09:03:27","modified_gmt":"2025-08-11T09:03:27","slug":"nam-cham-la","status":"publish","type":"product","link":"https:\/\/bangvietbavicoboard.com\/en\/product\/nam-cham-la\/","title":{"rendered":"Nam ch\u00e2m l\u00e1"},"content":{"rendered":"<p><strong>Nam ch\u00e2m l\u00e1<\/strong>\u00a0d\u00f9ng \u0111\u1ec3 \u0111\u00ednh l\u00ean m\u1eb7t b\u1ea3ng t\u1eeb c\u00f3 th\u1ec3 s\u1eed d\u1ee5ng nam ch\u00e2m l\u00e1 v\u1edbi nhi\u1ec1u m\u1ee5c \u0111\u1ecbch kh\u00e1c nhau nh\u01b0: h\u00edt l\u00ean m\u1eb7t b\u1ea3ng \u1edf nh\u1eefng v\u1ecb tr\u00ed th\u01b0\u1eddng xuy\u00ean thay \u0111\u1ed5i v\u00ec nam ch\u00e2m l\u00e1 n\u00f3 gi\u1ed1ng t\u01b0 t\u1edd gi\u1ea5y \u0111\u1ec3 gi\u00fap ta c\u1eaft th\u00e0nh nh\u1eefng h\u00ecnh \u1ea3nh.<\/p>\n<p><img decoding=\"async\" src=\"https:\/\/anlocviet.vn\/upload\/product\/nam-cham-dang-tam-a4-4718.jpg\" alt=\"Nam ch\u00e2m d\u1ebbo d\u1ea1ng t\u1ea5m kh\u1ed5 a4\" \/><\/p>\n<p><strong>Nam ch\u00e2m l\u00e1<\/strong>\u00a0nh\u01b0 t\u1edd gi\u1ea5y A4 d\u1ebbo, c\u00f3 t\u1eeb t\u00ednh m\u1ea1nh. M\u1ee5c \u0111\u00edch \u0111\u1ec3 \u0111\u00ednh tr\u00ean m\u1eb7t b\u1ea3ng t\u1eeb.<\/p>\n<p><strong>Nam ch\u00e2m l\u00e1<\/strong>\u00a0d\u00f9ng \u0111\u1ec3 \u0111\u00ednh l\u00ean m\u1eb7t b\u1ea3ng t\u1eeb c\u00f3 th\u1ec3 s\u1eed d\u1ee5ng nam ch\u00e2m l\u00e1 v\u1edbi nhi\u1ec1u m\u1ee5c \u0111\u1ecbch kh\u00e1c nhau nh\u01b0: h\u00edt l\u00ean m\u1eb7t b\u1ea3ng \u1edf nh\u1eefng v\u1ecb tr\u00ed th\u01b0\u1eddng xuy\u00ean thay \u0111\u1ed5i v\u00ec nam ch\u00e2m l\u00e1 n\u00f3 gi\u1ed1ng t\u01b0 t\u1edd gi\u1ea5y \u0111\u1ec3 gi\u00fap ta c\u1eaft th\u00e0nh nh\u1eefng h\u00ecnh \u1ea3nh ho\u1eb7c d\u00e1n ch\u1eef l\u00ean tr\u00ean v\u00e0 di chuy\u1ec3n th\u1eadt d\u1ec5 d\u00e0ng.<\/p>\n<p>K\u00edch th\u01b0\u1edbc kh\u1ed5 gi\u1ea5y A4 (297x420mm).<\/p>\n<p>\u0110\u01a1n h\u00e0ng t\u1ed1i thi\u1ec3u: 10 vi\u00ean<\/p>\n<p><img decoding=\"async\" src=\"https:\/\/bangvietbavico.com\/vnt_upload\/product\/06_2019\/nam-cham-la.jpg\" alt=\"Nam ch\u00e2m l\u00e1\" \/><\/p>\n<h1><span class=\"ez-toc-section\" id=\"Bao_hanh\"><\/span><span style=\"color: #000080;\"><strong>B\u1ea3o h\u00e0nh<\/strong><\/span><span class=\"ez-toc-section-end\"><\/span><\/h1>\n<p><span style=\"color: #000080;\">+ Th\u1eddi gian b\u1ea3o h\u00e0nh t\u1eeb 12-24 th\u00e1ng do l\u1ed7i c\u1ee7a nh\u00e0 s\u1ea3n xu\u1ea5t.<\/span><br \/>\n<span style=\"color: #000080;\">+ Qu\u00fd kh\u00e1ch h\u00e0ng gi\u1eef l\u1ea1i Gi\u1ea5y giao h\u00e0ng v\u00e0 g\u1ecdi cho s\u1ed1 Hotline ho\u1eb7c kinh doanh tr\u00ean gi\u1ea5y giao h\u00e0ng\/ tr\u00ean website n\u00e0y \u0111\u1ec3 \u0111\u01b0\u1ee3c h\u1ed7 tr\u1ee3!<\/span><\/p>\n<p><span style=\"color: #000080;\"><img decoding=\"async\" class=\"lazy-load-active\" src=\"https:\/\/bangvietbavico.edu.vn\/wp-content\/uploads\/2024\/10\/XE-TAI.png\" alt=\"B\u1ea3ng t\u1eeb tr\u1eafng di \u0111\u1ed9ng\" data-src=\"https:\/\/bangvietbavico.edu.vn\/wp-content\/uploads\/2024\/10\/XE-TAI.png\" \/><\/span><\/p>\n<h1><span class=\"ez-toc-section\" id=\"LY_DO_NEN_LUA_CHON_BANG_VIET_BAVICO\"><\/span><span style=\"color: #000080;\"><strong>L\u00dd DO N\u00caN L\u1ef0A CH\u1eccN B\u1ea2NG VI\u1ebeT BAVICO<\/strong><\/span><span class=\"ez-toc-section-end\"><\/span><\/h1>\n<ul>\n<li><span style=\"color: #000080;\">B\u1ea3ng vi\u1ebft BAVICO l\u00e0 th\u01b0\u01a1ng hi\u1ec7u uy t\u00edn trong l\u0129nh v\u1ef1c s\u1ea3n xu\u1ea5t b\u1ea3ng v\u1edbi h\u01a1n 23 n\u0103m kinh nghi\u1ec7m.<\/span><\/li>\n<li><span style=\"color: #000080;\">Doanh nghi\u1ec7p \u0111\u1ea7u ti\u00ean trong ng\u00e0nh \u0111\u01b0a b\u1ea3ng t\u1eeb v\u1ec1 Vi\u1ec7t Nam v\u00e0 t\u01b0 v\u1ea5n thay th\u1ebf b\u1ea3ng t\u1eeb cho B\u1ed9 Gi\u00e1o d\u1ee5c v\u00e0 \u0110\u00e0o t\u1ea1o.<\/span><\/li>\n<li><span style=\"color: #000080;\">C\u00f3 ch\u1ee9ng nh\u1eadn nh\u1eadp kh\u1ea9u h\u00e0ng h\u00f3a theo \u0111\u00fang quy \u0111\u1ecbnh (CO \u2013 CQ).<\/span><\/li>\n<li><span style=\"color: #000080;\">\u0110\u1ed1i t\u00e1c ngu\u1ed3n nguy\u00ean li\u1ec7u ch\u00ednh (m\u1eb7t b\u1ea3ng) uy t\u00edn tr\u00ean to\u00e0n c\u1ea7u: Polyvision cho b\u1ec1 m\u1eb7t Ceramic v\u00e0 Dongshin cho b\u1ec1 m\u1eb7t th\u00e9p ph\u1ee7 s\u01a1n.<\/span><\/li>\n<li><span style=\"color: #000080;\">B\u1ea3ng vi\u1ebft BAVICO l\u00e0 C\u00f4ng ty s\u1ea3n xu\u1ea5t v\u00e0 c\u1ea5p cung s\u1ea3n ph\u1ea9m tr\u1ef1c ti\u1ebfp\u00a0 \u2013 \u0110\u1ea3m b\u1ea3o s\u1ea3n ph\u1ea9m ch\u00ednh h\u00e3ng 100%.<\/span><\/li>\n<li><span style=\"color: #000080;\">B\u1ea3ng vi\u1ebft BAVICO \u0111\u00e3 ph\u1ee5c v\u1ee5 r\u1ea5t nhi\u1ec1u kh\u00e1ch h\u00e0ng l\u1edbn nh\u01b0: T\u1eadp \u0111o\u00e0n Samsung, Viettel, C\u00e1c Tr\u01b0\u1eddng Qu\u1ed1c T\u1ebf \u00c1 Ch\u00e2u, M\u1ef9, Ph\u00e1p, Nh\u1eadt,\u2026<\/span><\/li>\n<li><span style=\"color: #000080;\">S\u1ea3n ph\u1ea9m \u0111a d\u1ea1ng v\u1edbi nhi\u1ec1u s\u1ef1 l\u1ef1a ch\u1ecdn, thi\u1ebft k\u1ebf v\u00e0 s\u1ea3n xu\u1ea5t theo y\u00eau c\u1ea7u kh\u00e1ch h\u00e0ng.<\/span><\/li>\n<li><span style=\"color: #000080;\">Ch\u00ednh s\u00e1ch b\u1ea3o h\u00e0nh t\u1eeb 12 th\u00e1ng \u2013 24 th\u00e1ng gi\u00fap kh\u00e1ch h\u00e0ng y\u00ean t\u00e2m khi mua h\u00e0ng.<\/span><\/li>\n<\/ul>\n<h2><span class=\"ez-toc-section\" id=\"THONG_TIN_LIEN_HE_MUA_BANG\"><\/span><small><b>TH\u00d4NG TIN LI\u00caN H\u1ec6 MUA B\u1ea2NG\u00a0<\/b><\/small><span class=\"ez-toc-section-end\"><\/span><\/h2>\n<h3><span class=\"ez-toc-section\" id=\"Lien_he_ngay_hotline_0938_623_068_de_duoc_tu_van_mien_phi\"><\/span>Li\u00ean h\u1ec7 ngay hotline\u00a0<a href=\"tel:0938623068\"><span style=\"text-decoration: underline;\"><span style=\"color: #0000ff; text-decoration: underline;\">0938 623 068<\/span><\/span><\/a> \u0111\u1ec3 \u0111\u01b0\u1ee3c t\u01b0 v\u1ea5n mi\u1ec5n ph\u00ed!<span class=\"ez-toc-section-end\"><\/span><\/h3>\n<p><strong>Di \u0110\u1ed9ng: <\/strong><a href=\"tel:0938623068\"><span style=\"text-decoration: underline;\"><span style=\"color: #0000ff; text-decoration: underline;\"><strong>0938<\/strong><strong> 623 068<\/strong><\/span><\/span><\/a><\/p>\n<p><strong>Email: <\/strong><a href=\"mailto:csns01@bangvietbavico.vn\"><strong>csns01@bangvietbavico.vn<\/strong><\/a><\/p>\n<p><strong>Website: \u00a0\u00a0<\/strong> <a href=\"https:\/\/bangvietbavicoboard.com\/en\/\"><strong>https:\/\/bangvietbavicoboard.com<\/strong><\/a><\/p>\n<h2><span class=\"ez-toc-section\" id=\"CONG_TY_TNHH_THIET_BI_GIAO_DUC_BAVICO\"><\/span><a href=\"https:\/\/bangvietbavicoboard.com\/en\/\" target=\"_blank\" rel=\"noopener\"><strong>EQUIPMENT CO., EDUCATION BAVICO<\/strong><\/a><span class=\"ez-toc-section-end\"><\/span><\/h2>\n<p><a href=\"https:\/\/www.google.com\/maps\/place\/C%C3%B4ng+Ty+TNHH+Thi%E1%BA%BFt+B%E1%BB%8B+Gi%C3%A1o+D%E1%BB%A5c+BAVICO\/@10.8422711,106.6244102,17z\/data=!3m1!4b1!4m5!3m4!1s0x31752a2a33796a47:0x1e4c184654bd6967!8m2!3d10.8422658!4d106.6265989?hl=vi-VN\" target=\"_blank\" rel=\"noopener\"><strong>Tr\u1ee5 s\u1edf ch\u00ednh: S\u1ed1 26 \u2013 28 \u0110\u01b0\u1eddng DD11 Khu bi\u1ec7t th\u1ef1 An S\u01b0\u01a1ng, Ph\u01b0\u1eddng \u0110\u00f4ng H\u01b0ng Thu\u1eadn, Th\u00e0nh ph\u1ed1 H\u1ed3 Ch\u00ed Minh, Vi\u1ec7t Nam.<\/strong><\/a><\/p>\n<p><a href=\"https:\/\/www.google.com\/maps\/place\/NH%C3%80+M%C3%81Y+B%E1%BA%A2NG+VI%E1%BA%BET+BAVICO\/data=!4m2!3m1!1s0x3174d54b4766c1e1:0x5e7544f8d3754cf8?hl=vi&amp;trk=https%3A%2F%2Fnotifications.google.com%2Fg%2Fp%2FANiao5qxS1Nm-jYR1J2xq7eGKk7sVofQFkONHZn7ZY1zjo26fUdiIedC5c2mAakkpMKjxMsTnB9fPMAbD18GWiRfE5-oXEHRGqQhobyjs_Hj9u2xUtrFgqGeo2BwkZvvFFFONLfFq-_lNqqzAQIbZ-Py-_UWpcdoJrNPOobHtX1hJYMPfYf7R5DJXHySX2mo-h0Loz8brWxA1Hr1nhML\" target=\"_blank\" rel=\"noopener\"><strong>Nh\u00e0 m\u00e1y s\u1ea3n xu\u1ea5t: S\u1ed1 7\/7 \u0111\u01b0\u1eddng s\u1ed1 65, H\u1ed3 V\u0103n T\u1eafng, \u1ea4p X\u00f3m \u0110\u1ed3ng, X\u00e3 C\u1ee7 Chi, Th\u00e0nh Ph\u1ed1 H\u1ed3 Ch\u00ed Minh, Vi\u1ec7t Nam.<\/strong><\/a><\/p>\n<p><strong>MST: 0303030028 \u2013 Ng\u00e0y th\u00e0nh l\u1eadp c\u00f4ng ty: 01\/09\/2003<\/strong><\/p>\n<h2><span class=\"ez-toc-section\" id=\"%3E%3E%3E_Moi_Quy_khach_hang_click_tham_khao_cac_loai_Bang_viet_but_long_khac\"><\/span><span style=\"color: #800080;\"><a style=\"color: #800080;\" href=\"https:\/\/bangvietbavico.net\/product-category\/bang-viet-but-long\/\" target=\"_blank\" rel=\"noopener\"><em>&gt;&gt;&gt; M\u1eddi Qu\u00fd kh\u00e1ch h\u00e0ng click tham kh\u1ea3o c\u00e1c lo\u1ea1i B\u1ea3ng vi\u1ebft b\u00fat l\u00f4ng kh\u00e1c<\/em><\/a><\/span><span class=\"ez-toc-section-end\"><\/span><\/h2>\n<h2><span class=\"ez-toc-section\" id=\"%3E%3E%3E_Moi_Quy_khach_hang_click_tham_khao_cac_loai_Bang_viet_phan_khac\"><\/span><span style=\"color: #800080;\"><a style=\"color: #800080;\" href=\"http:\/\/bangvietbavico.net\/home\/bangvietphan\/\" target=\"_blank\" rel=\"noopener\"><em>&gt;&gt;&gt; M\u1eddi Qu\u00fd kh\u00e1ch h\u00e0ng click tham kh\u1ea3o c\u00e1c lo\u1ea1i B\u1ea3ng vi\u1ebft ph\u1ea5n kh\u00e1c<\/em><\/a><\/span><span class=\"ez-toc-section-end\"><\/span><\/h2>","protected":false},"excerpt":{"rendered":"<ul>\n<li>\n<div class=\"at\">M\u00e0u s\u1eafc: Xanh l\u00e1 c\u00e2y, V\u00e0ng, Tr\u1eafng, Xanh bi\u1ec3n, \u0110\u1ecf \u0111\u1eadm<\/div>\n<\/li>\n<li>\n<div class=\"at\">Nh\u00e0 s\u1ea3n xu\u1ea5t: B\u1ea3ng vi\u1ebft BAVICO<\/div>\n<\/li>\n<\/ul>\n<p>Nam ch\u00e2m l\u00e1\u00a0d\u00f9ng \u0111\u1ec3 \u0111\u00ednh l\u00ean m\u1eb7t b\u1ea3ng t\u1eeb, c\u00f3 th\u1ec3 h\u00edt l\u00ean m\u1eb7t b\u1ea3ng v\u00ec nam ch\u00e2m l\u00e1 n\u00f3 gi\u1ed1ng t\u01b0 t\u1edd gi\u1ea5y \u0111\u1ec3 gi\u00fap ta c\u1eaft th\u00e0nh nh\u1eefng h\u00ecnh \u1ea3nh.<\/p>","protected":false},"featured_media":11796,"comment_status":"open","ping_status":"closed","template":"","meta":{"_acf_changed":false},"product_brand":[],"product_cat":[598],"product_tag":[],"class_list":{"0":"post-11795","1":"product","2":"type-product","3":"status-publish","4":"has-post-thumbnail","6":"product_cat-san-pham-phu","8":"first","9":"instock","10":"shipping-taxable","11":"purchasable","12":"product-type-simple"},"acf":[],"_links":{"self":[{"href":"https:\/\/bangvietbavicoboard.com\/en\/wp-json\/wp\/v2\/product\/11795","targetHints":{"allow":["GET"]}}],"collection":[{"href":"https:\/\/bangvietbavicoboard.com\/en\/wp-json\/wp\/v2\/product"}],"about":[{"href":"https:\/\/bangvietbavicoboard.com\/en\/wp-json\/wp\/v2\/types\/product"}],"replies":[{"embeddable":true,"href":"https:\/\/bangvietbavicoboard.com\/en\/wp-json\/wp\/v2\/comments?post=11795"}],"wp:featuredmedia":[{"embeddable":true,"href":"https:\/\/bangvietbavicoboard.com\/en\/wp-json\/wp\/v2\/media\/11796"}],"wp:attachment":[{"href":"https:\/\/bangvietbavicoboard.com\/en\/wp-json\/wp\/v2\/media?parent=11795"}],"wp:term":[{"taxonomy":"product_brand","embeddable":true,"href":"https:\/\/bangvietbavicoboard.com\/en\/wp-json\/wp\/v2\/product_brand?post=11795"},{"taxonomy":"product_cat","embeddable":true,"href":"https:\/\/bangvietbavicoboard.com\/en\/wp-json\/wp\/v2\/product_cat?post=11795"},{"taxonomy":"product_tag","embeddable":true,"href":"https:\/\/bangvietbavicoboard.com\/en\/wp-json\/wp\/v2\/product_tag?post=11795"}],"curies":[{"name":"wp","href":"https:\/\/api.w.org\/{rel}","templated":true}]}}