{"id":11789,"date":"2025-08-09T03:20:58","date_gmt":"2025-08-09T03:20:58","guid":{"rendered":"https:\/\/bangvietbavicoboard.com\/?post_type=product&#038;p=11789"},"modified":"2025-08-09T03:47:06","modified_gmt":"2025-08-09T03:47:06","slug":"bang-con-hoc-sinh-tach-gop","status":"publish","type":"product","link":"https:\/\/bangvietbavicoboard.com\/en\/product\/bang-con-hoc-sinh-tach-gop\/","title":{"rendered":"B\u1ea3ng con h\u1ecdc sinh t\u00e1ch g\u1ed9p"},"content":{"rendered":"<div><strong>B\u1ea3ng con h\u1ecdc sinh t\u00e1ch g\u1ed9p<\/strong> \u0111\u01b0\u1ee3c s\u1ea3n xu\u1ea5t d\u1ef1a theo ti\u00eau chu\u1ea9n c\u00f4ng ngh\u1ec7 gi\u00e1o d\u1ee5c m\u1edbi 2022 \u0111\u01b0\u1ee3c b\u1ed9 gi\u00e1o d\u1ee5c ph\u00ea duy\u1ec7t ban h\u00e0nh theo ch\u01b0\u01a1ng tr\u00ecnh m\u1edbi, c\u1ea3 hai m\u1eb7t \u0111\u1ec1u \u0111\u01b0\u1ee3c in l\u1ee5a 4 \u00f4 ly t\u1eadp m\u1ed9t v\u1edbi 1 m\u1eb7t c\u00f3 in th\u00eam ph\u00e9p t\u00ednh t\u00e1ch g\u1ed9p m\u1edbi theo ti\u00eau chu\u1ea9n c\u1ee7a b\u1ed9 gi\u00e1o d\u1ee5c, b\u1ea3ng vi\u1ebft \u00eam, \u0111\u1ed9 b\u00e1m ph\u1ea5n cao v\u00e0 r\u01a1i \u00edt b\u1ee5i, n\u00e9t ph\u1ea5n s\u1eaft n\u00e9t \u0111\u1ed9 m\u00e0i m\u00f2n m\u1eb7t b\u1ea3ng ch\u1eadm. S\u1ea3n ph\u1ea9m\u00a0<strong>B\u1ea3ng con BAVICO<\/strong>\u00a0c\u00f3 \u0111\u1ed9 b\u1ec1n cao kh\u00f4ng b\u1ecb gi\u00f2n g\u00e3y nh\u01b0 s\u1ea3n ph\u1ea9m tr\u00f4i n\u1ed5i ngo\u00e0i th\u1ecb tr\u01b0\u1eddng.<\/div>\n<div>\n<p><img loading=\"lazy\" decoding=\"async\" class=\"alignnone size-full wp-image-11793\" src=\"https:\/\/bangvietbavicoboard.com\/wp-content\/uploads\/2025\/08\/bang-con-hoc-sinh.jpg\" alt=\"\" width=\"900\" height=\"900\" srcset=\"https:\/\/bangvietbavicoboard.com\/wp-content\/uploads\/2025\/08\/bang-con-hoc-sinh.jpg 900w, https:\/\/bangvietbavicoboard.com\/wp-content\/uploads\/2025\/08\/bang-con-hoc-sinh-400x400.jpg 400w, https:\/\/bangvietbavicoboard.com\/wp-content\/uploads\/2025\/08\/bang-con-hoc-sinh-800x800.jpg 800w, https:\/\/bangvietbavicoboard.com\/wp-content\/uploads\/2025\/08\/bang-con-hoc-sinh-280x280.jpg 280w, https:\/\/bangvietbavicoboard.com\/wp-content\/uploads\/2025\/08\/bang-con-hoc-sinh-768x768.jpg 768w, https:\/\/bangvietbavicoboard.com\/wp-content\/uploads\/2025\/08\/bang-con-hoc-sinh-12x12.jpg 12w, https:\/\/bangvietbavicoboard.com\/wp-content\/uploads\/2025\/08\/bang-con-hoc-sinh-300x300.jpg 300w, https:\/\/bangvietbavicoboard.com\/wp-content\/uploads\/2025\/08\/bang-con-hoc-sinh-600x600.jpg 600w, https:\/\/bangvietbavicoboard.com\/wp-content\/uploads\/2025\/08\/bang-con-hoc-sinh-100x100.jpg 100w, https:\/\/bangvietbavicoboard.com\/wp-content\/uploads\/2025\/08\/bang-con-hoc-sinh-96x96.jpg 96w\" sizes=\"auto, (max-width: 900px) 100vw, 900px\" \/><\/p>\n<p>B\u1ea3ng con h\u1ecdc sinh Bavico: M\u1eb7t b\u1ea3ng m\u00e0u \u0111en, ch\u1ea5t li\u1ec7u ch\u00ednh b\u1eb1ng nh\u1ef1a Polyester, m\u1eb7t b\u1ea3ng \u0111\u01b0\u1ee3c in l\u1ee5a ch\u1ea1y \u00f4ly ti\u1ec3u h\u1ecdc 1 m\u1eb7t, 1 m\u1eb7t ch\u00e2n tr\u1eddi s\u00e1ng t\u1ea1o. \u0111\u1ed9 d\u00e0y m\u1eb7t b\u1ea3ng 2 ly, m\u1eb7t b\u1ea3ng ch\u1ed1ng l\u00f3a, ch\u00f3i, tr\u01a1n tr\u01b0\u1ee3t.<\/p>\n<div id=\"input_line_2\"><span id=\"input_part_0\" class=\"\" data-mention=\"B\u1ea3ng con h\u1ecdc sinh v\u1edbi n\u00e9t k\u1ebb \u00f4ly ch\u00ecm ti\u1ec3u h\u1ecdc s\u1ebd kh\u00f4ng b\u1ecb m\u00e0i m\u00f2n theo th\u1eddi gian. M\u1eb7t b\u1ea3ng d\u1ec5 vi\u1ebft, d\u1ec5 xo\u00e1, g\u1ecdn, nh\u1eb9 ti\u1ec7n l\u1ee3i khi h\u1ecdc sinh s\u1eed d\u1ee5ng.\">B\u1ea3ng con h\u1ecdc sinh v\u1edbi n\u00e9t k\u1ebb \u00f4ly ch\u00ecm ti\u1ec3u h\u1ecdc s\u1ebd kh\u00f4ng b\u1ecb m\u00e0i m\u00f2n theo th\u1eddi gian. M\u1eb7t b\u1ea3ng d\u1ec5 vi\u1ebft, d\u1ec5 xo\u00e1, g\u1ecdn, nh\u1eb9 ti\u1ec7n l\u1ee3i khi h\u1ecdc sinh s\u1eed d\u1ee5ng.<\/span><\/div>\n<div><img loading=\"lazy\" decoding=\"async\" class=\"alignnone size-full wp-image-11792\" src=\"https:\/\/bangvietbavicoboard.com\/wp-content\/uploads\/2025\/08\/bang-con-hoc-sinh-tach-gop.jpg\" alt=\"\" width=\"668\" height=\"935\" srcset=\"https:\/\/bangvietbavicoboard.com\/wp-content\/uploads\/2025\/08\/bang-con-hoc-sinh-tach-gop.jpg 668w, https:\/\/bangvietbavicoboard.com\/wp-content\/uploads\/2025\/08\/bang-con-hoc-sinh-tach-gop-286x400.jpg 286w, https:\/\/bangvietbavicoboard.com\/wp-content\/uploads\/2025\/08\/bang-con-hoc-sinh-tach-gop-572x800.jpg 572w, https:\/\/bangvietbavicoboard.com\/wp-content\/uploads\/2025\/08\/bang-con-hoc-sinh-tach-gop-9x12.jpg 9w, https:\/\/bangvietbavicoboard.com\/wp-content\/uploads\/2025\/08\/bang-con-hoc-sinh-tach-gop-300x420.jpg 300w, https:\/\/bangvietbavicoboard.com\/wp-content\/uploads\/2025\/08\/bang-con-hoc-sinh-tach-gop-600x840.jpg 600w\" sizes=\"auto, (max-width: 668px) 100vw, 668px\" \/><\/div>\n<div>\n<h1><span class=\"ez-toc-section\" id=\"Bao_hanh\"><\/span><span style=\"color: #000080;\"><strong>B\u1ea3o h\u00e0nh<\/strong><\/span><span class=\"ez-toc-section-end\"><\/span><\/h1>\n<p><span style=\"color: #000080;\">+ Th\u1eddi gian b\u1ea3o h\u00e0nh t\u1eeb 12-24 th\u00e1ng do l\u1ed7i c\u1ee7a nh\u00e0 s\u1ea3n xu\u1ea5t.<\/span><br \/>\n<span style=\"color: #000080;\">+ Qu\u00fd kh\u00e1ch h\u00e0ng gi\u1eef l\u1ea1i Gi\u1ea5y giao h\u00e0ng v\u00e0 g\u1ecdi cho s\u1ed1 Hotline ho\u1eb7c kinh doanh tr\u00ean gi\u1ea5y giao h\u00e0ng\/ tr\u00ean website n\u00e0y \u0111\u1ec3 \u0111\u01b0\u1ee3c h\u1ed7 tr\u1ee3!<\/span><\/p>\n<p><span style=\"color: #000080;\"><img decoding=\"async\" class=\"lazy-load-active\" src=\"https:\/\/bangvietbavico.edu.vn\/wp-content\/uploads\/2024\/10\/XE-TAI.png\" alt=\"B\u1ea3ng t\u1eeb tr\u1eafng di \u0111\u1ed9ng\" data-src=\"https:\/\/bangvietbavico.edu.vn\/wp-content\/uploads\/2024\/10\/XE-TAI.png\" \/><\/span><\/p>\n<h1><span class=\"ez-toc-section\" id=\"LY_DO_NEN_LUA_CHON_BANG_VIET_BAVICO\"><\/span><span style=\"color: #000080;\"><strong>L\u00dd DO N\u00caN L\u1ef0A CH\u1eccN B\u1ea2NG VI\u1ebeT BAVICO<\/strong><\/span><span class=\"ez-toc-section-end\"><\/span><\/h1>\n<ul>\n<li><span style=\"color: #000080;\">B\u1ea3ng vi\u1ebft BAVICO l\u00e0 th\u01b0\u01a1ng hi\u1ec7u uy t\u00edn trong l\u0129nh v\u1ef1c s\u1ea3n xu\u1ea5t b\u1ea3ng v\u1edbi h\u01a1n 23 n\u0103m kinh nghi\u1ec7m.<\/span><\/li>\n<li><span style=\"color: #000080;\">Doanh nghi\u1ec7p \u0111\u1ea7u ti\u00ean trong ng\u00e0nh \u0111\u01b0a b\u1ea3ng t\u1eeb v\u1ec1 Vi\u1ec7t Nam v\u00e0 t\u01b0 v\u1ea5n thay th\u1ebf b\u1ea3ng t\u1eeb cho B\u1ed9 Gi\u00e1o d\u1ee5c v\u00e0 \u0110\u00e0o t\u1ea1o.<\/span><\/li>\n<li><span style=\"color: #000080;\">C\u00f3 ch\u1ee9ng nh\u1eadn nh\u1eadp kh\u1ea9u h\u00e0ng h\u00f3a theo \u0111\u00fang quy \u0111\u1ecbnh (CO \u2013 CQ).<\/span><\/li>\n<li><span style=\"color: #000080;\">\u0110\u1ed1i t\u00e1c ngu\u1ed3n nguy\u00ean li\u1ec7u ch\u00ednh (m\u1eb7t b\u1ea3ng) uy t\u00edn tr\u00ean to\u00e0n c\u1ea7u: Polyvision cho b\u1ec1 m\u1eb7t Ceramic v\u00e0 Dongshin cho b\u1ec1 m\u1eb7t th\u00e9p ph\u1ee7 s\u01a1n.<\/span><\/li>\n<li><span style=\"color: #000080;\">B\u1ea3ng vi\u1ebft BAVICO l\u00e0 C\u00f4ng ty s\u1ea3n xu\u1ea5t v\u00e0 c\u1ea5p cung s\u1ea3n ph\u1ea9m tr\u1ef1c ti\u1ebfp\u00a0 \u2013 \u0110\u1ea3m b\u1ea3o s\u1ea3n ph\u1ea9m ch\u00ednh h\u00e3ng 100%.<\/span><\/li>\n<li><span style=\"color: #000080;\">B\u1ea3ng vi\u1ebft BAVICO \u0111\u00e3 ph\u1ee5c v\u1ee5 r\u1ea5t nhi\u1ec1u kh\u00e1ch h\u00e0ng l\u1edbn nh\u01b0: T\u1eadp \u0111o\u00e0n Samsung, Viettel, C\u00e1c Tr\u01b0\u1eddng Qu\u1ed1c T\u1ebf \u00c1 Ch\u00e2u, M\u1ef9, Ph\u00e1p, Nh\u1eadt,\u2026<\/span><\/li>\n<li><span style=\"color: #000080;\">S\u1ea3n ph\u1ea9m \u0111a d\u1ea1ng v\u1edbi nhi\u1ec1u s\u1ef1 l\u1ef1a ch\u1ecdn, thi\u1ebft k\u1ebf v\u00e0 s\u1ea3n xu\u1ea5t theo y\u00eau c\u1ea7u kh\u00e1ch h\u00e0ng.<\/span><\/li>\n<li><span style=\"color: #000080;\">Ch\u00ednh s\u00e1ch b\u1ea3o h\u00e0nh t\u1eeb 12 th\u00e1ng \u2013 24 th\u00e1ng gi\u00fap kh\u00e1ch h\u00e0ng y\u00ean t\u00e2m khi mua h\u00e0ng.<\/span><\/li>\n<\/ul>\n<h2><span class=\"ez-toc-section\" id=\"THONG_TIN_LIEN_HE_MUA_BANG\"><\/span><small><b>TH\u00d4NG TIN LI\u00caN H\u1ec6 MUA B\u1ea2NG\u00a0<\/b><\/small><span class=\"ez-toc-section-end\"><\/span><\/h2>\n<h3><span class=\"ez-toc-section\" id=\"Lien_he_ngay_hotline_0938_623_068_de_duoc_tu_van_mien_phi\"><\/span>Li\u00ean h\u1ec7 ngay hotline\u00a0<a href=\"tel:0938623068\"><span style=\"text-decoration: underline;\"><span style=\"color: #0000ff; text-decoration: underline;\">0938 623 068<\/span><\/span><\/a> \u0111\u1ec3 \u0111\u01b0\u1ee3c t\u01b0 v\u1ea5n mi\u1ec5n ph\u00ed!<span class=\"ez-toc-section-end\"><\/span><\/h3>\n<p><strong>Di \u0110\u1ed9ng: <\/strong><a href=\"tel:0938623068\"><span style=\"text-decoration: underline;\"><span style=\"color: #0000ff; text-decoration: underline;\"><strong>0938<\/strong><strong> 623 068<\/strong><\/span><\/span><\/a><\/p>\n<p><strong>Email: <\/strong><a href=\"mailto:csns01@bangvietbavico.vn\"><strong>csns01@bangvietbavico.vn<\/strong><\/a><\/p>\n<p><strong>Website: \u00a0\u00a0<\/strong> <a href=\"https:\/\/bangvietbavicoboard.com\/en\/\"><strong>https:\/\/bangvietbavicoboard.com<\/strong><\/a><\/p>\n<h2><span class=\"ez-toc-section\" id=\"CONG_TY_TNHH_THIET_BI_GIAO_DUC_BAVICO\"><\/span><a href=\"https:\/\/bangvietbavicoboard.com\/en\/\" target=\"_blank\" rel=\"noopener\"><strong>EQUIPMENT CO., EDUCATION BAVICO<\/strong><\/a><span class=\"ez-toc-section-end\"><\/span><\/h2>\n<p><a href=\"https:\/\/www.google.com\/maps\/place\/C%C3%B4ng+Ty+TNHH+Thi%E1%BA%BFt+B%E1%BB%8B+Gi%C3%A1o+D%E1%BB%A5c+BAVICO\/@10.8422711,106.6244102,17z\/data=!3m1!4b1!4m5!3m4!1s0x31752a2a33796a47:0x1e4c184654bd6967!8m2!3d10.8422658!4d106.6265989?hl=vi-VN\" target=\"_blank\" rel=\"noopener\"><strong>Tr\u1ee5 s\u1edf ch\u00ednh: S\u1ed1 26 \u2013 28 \u0110\u01b0\u1eddng DD11 Khu bi\u1ec7t th\u1ef1 An S\u01b0\u01a1ng, Ph\u01b0\u1eddng \u0110\u00f4ng H\u01b0ng Thu\u1eadn, Th\u00e0nh ph\u1ed1 H\u1ed3 Ch\u00ed Minh, Vi\u1ec7t Nam.<\/strong><\/a><\/p>\n<p><a href=\"https:\/\/www.google.com\/maps\/place\/NH%C3%80+M%C3%81Y+B%E1%BA%A2NG+VI%E1%BA%BET+BAVICO\/data=!4m2!3m1!1s0x3174d54b4766c1e1:0x5e7544f8d3754cf8?hl=vi&amp;trk=https%3A%2F%2Fnotifications.google.com%2Fg%2Fp%2FANiao5qxS1Nm-jYR1J2xq7eGKk7sVofQFkONHZn7ZY1zjo26fUdiIedC5c2mAakkpMKjxMsTnB9fPMAbD18GWiRfE5-oXEHRGqQhobyjs_Hj9u2xUtrFgqGeo2BwkZvvFFFONLfFq-_lNqqzAQIbZ-Py-_UWpcdoJrNPOobHtX1hJYMPfYf7R5DJXHySX2mo-h0Loz8brWxA1Hr1nhML\" target=\"_blank\" rel=\"noopener\"><strong>Nh\u00e0 m\u00e1y s\u1ea3n xu\u1ea5t: S\u1ed1 7\/7 \u0111\u01b0\u1eddng s\u1ed1 65, H\u1ed3 V\u0103n T\u1eafng, \u1ea4p X\u00f3m \u0110\u1ed3ng, X\u00e3 C\u1ee7 Chi, Th\u00e0nh Ph\u1ed1 H\u1ed3 Ch\u00ed Minh, Vi\u1ec7t Nam.<\/strong><\/a><\/p>\n<p><strong>MST: 0303030028 \u2013 Ng\u00e0y th\u00e0nh l\u1eadp c\u00f4ng ty: 01\/09\/2003<\/strong><\/p>\n<h2><span class=\"ez-toc-section\" id=\"%3E%3E%3E_Moi_Quy_khach_hang_click_tham_khao_cac_loai_Bang_viet_but_long_khac\"><\/span><span style=\"color: #800080;\"><a style=\"color: #800080;\" href=\"https:\/\/bangvietbavico.net\/product-category\/bang-viet-but-long\/\" target=\"_blank\" rel=\"noopener\"><em>&gt;&gt;&gt; M\u1eddi Qu\u00fd kh\u00e1ch h\u00e0ng click tham kh\u1ea3o c\u00e1c lo\u1ea1i B\u1ea3ng vi\u1ebft b\u00fat l\u00f4ng kh\u00e1c<\/em><\/a><\/span><span class=\"ez-toc-section-end\"><\/span><\/h2>\n<h2><span class=\"ez-toc-section\" id=\"%3E%3E%3E_Moi_Quy_khach_hang_click_tham_khao_cac_loai_Bang_viet_phan_khac\"><\/span><span style=\"color: #800080;\"><a style=\"color: #800080;\" href=\"http:\/\/bangvietbavico.net\/home\/bangvietphan\/\" target=\"_blank\" rel=\"noopener\"><em>&gt;&gt;&gt; M\u1eddi Qu\u00fd kh\u00e1ch h\u00e0ng click tham kh\u1ea3o c\u00e1c lo\u1ea1i B\u1ea3ng vi\u1ebft ph\u1ea5n kh\u00e1c<\/em><\/a><\/span><span class=\"ez-toc-section-end\"><\/span><\/h2>\n<\/div>\n<p>&nbsp;<\/p>\n<\/div>","protected":false},"excerpt":{"rendered":"<p><strong>B\u1ea3ng con h\u1ecdc sinh t\u00e1ch g\u1ed9p<\/strong> truy\u1ec1n th\u1ed1ng 2 m\u1eb7t in 4 \u00f4 ly v\u00e0 ph\u01b0\u01a1ng ph\u00e1p to\u00e1n t\u00e1ch g\u1ed9p theo ti\u00eau chu\u1ea9n c\u1ee7a b\u1ed9 gi\u00e1o d\u1ee5c, m\u1eb7t b\u1ea3ng ch\u1ed1ng l\u00f3a, ch\u00f3i, tr\u01a1n tr\u01b0\u1ee3t.<\/p>","protected":false},"featured_media":11792,"comment_status":"open","ping_status":"closed","template":"","meta":{"_acf_changed":false},"product_brand":[],"product_cat":[521],"product_tag":[],"class_list":{"0":"post-11789","1":"product","2":"type-product","3":"status-publish","4":"has-post-thumbnail","6":"product_cat-bang-viet-phan","8":"first","9":"instock","10":"shipping-taxable","11":"purchasable","12":"product-type-variable"},"acf":[],"_links":{"self":[{"href":"https:\/\/bangvietbavicoboard.com\/en\/wp-json\/wp\/v2\/product\/11789","targetHints":{"allow":["GET"]}}],"collection":[{"href":"https:\/\/bangvietbavicoboard.com\/en\/wp-json\/wp\/v2\/product"}],"about":[{"href":"https:\/\/bangvietbavicoboard.com\/en\/wp-json\/wp\/v2\/types\/product"}],"replies":[{"embeddable":true,"href":"https:\/\/bangvietbavicoboard.com\/en\/wp-json\/wp\/v2\/comments?post=11789"}],"wp:featuredmedia":[{"embeddable":true,"href":"https:\/\/bangvietbavicoboard.com\/en\/wp-json\/wp\/v2\/media\/11792"}],"wp:attachment":[{"href":"https:\/\/bangvietbavicoboard.com\/en\/wp-json\/wp\/v2\/media?parent=11789"}],"wp:term":[{"taxonomy":"product_brand","embeddable":true,"href":"https:\/\/bangvietbavicoboard.com\/en\/wp-json\/wp\/v2\/product_brand?post=11789"},{"taxonomy":"product_cat","embeddable":true,"href":"https:\/\/bangvietbavicoboard.com\/en\/wp-json\/wp\/v2\/product_cat?post=11789"},{"taxonomy":"product_tag","embeddable":true,"href":"https:\/\/bangvietbavicoboard.com\/en\/wp-json\/wp\/v2\/product_tag?post=11789"}],"curies":[{"name":"wp","href":"https:\/\/api.w.org\/{rel}","templated":true}]}}