{"id":11717,"date":"2025-07-09T06:20:58","date_gmt":"2025-07-09T06:20:58","guid":{"rendered":"https:\/\/bangvietbavicoboard.com\/?post_type=product&#038;p=11717"},"modified":"2025-07-09T06:42:37","modified_gmt":"2025-07-09T06:42:37","slug":"bang-flipchart-f3-viet-phan-tu-han-quoc","status":"publish","type":"product","link":"https:\/\/bangvietbavicoboard.com\/en\/product\/bang-flipchart-f3-viet-phan-tu-han-quoc\/","title":{"rendered":"B\u1ea3ng flipchart F3 vi\u1ebft ph\u1ea5n t\u1eeb H\u00e0n Qu\u1ed1c"},"content":{"rendered":"<p><strong>B\u1ea3ng flipchart F3 vi\u1ebft ph\u1ea5n t\u1eeb H\u00e0n Qu\u1ed1c<\/strong> v\u1edbi m\u1eb7t b\u1ea3ng t\u1eeb xanh nh\u1eadp kh\u1ea9u H\u00e0n Qu\u1ed1c c\u00f9ng khung ch\u00e2n Flipchart ti\u1ec7n l\u1ee3i, s\u1ea3n ph\u1ea9m mang l\u1ea1i s\u1ef1 linh ho\u1ea1t v\u00e0 hi\u1ec7u qu\u1ea3 t\u1ed1i \u01b0u trong m\u1ecdi kh\u00f4ng gian s\u1eed d\u1ee5ng.<\/p>\n<table style=\"border-collapse: collapse; width: 100%;\">\n<tbody>\n<tr>\n<td style=\"width: 50%;\"><img loading=\"lazy\" decoding=\"async\" class=\"alignnone size-full wp-image-11720\" src=\"https:\/\/bangvietbavicoboard.com\/wp-content\/uploads\/2025\/07\/BANG-FLIPCHART-PHAN-TU-24.-4-3.png\" alt=\"\" width=\"1200\" height=\"1200\" srcset=\"https:\/\/bangvietbavicoboard.com\/wp-content\/uploads\/2025\/07\/BANG-FLIPCHART-PHAN-TU-24.-4-3.png 1200w, https:\/\/bangvietbavicoboard.com\/wp-content\/uploads\/2025\/07\/BANG-FLIPCHART-PHAN-TU-24.-4-3-400x400.png 400w, https:\/\/bangvietbavicoboard.com\/wp-content\/uploads\/2025\/07\/BANG-FLIPCHART-PHAN-TU-24.-4-3-800x800.png 800w, https:\/\/bangvietbavicoboard.com\/wp-content\/uploads\/2025\/07\/BANG-FLIPCHART-PHAN-TU-24.-4-3-280x280.png 280w, https:\/\/bangvietbavicoboard.com\/wp-content\/uploads\/2025\/07\/BANG-FLIPCHART-PHAN-TU-24.-4-3-768x768.png 768w, https:\/\/bangvietbavicoboard.com\/wp-content\/uploads\/2025\/07\/BANG-FLIPCHART-PHAN-TU-24.-4-3-12x12.png 12w, https:\/\/bangvietbavicoboard.com\/wp-content\/uploads\/2025\/07\/BANG-FLIPCHART-PHAN-TU-24.-4-3-300x300.png 300w, https:\/\/bangvietbavicoboard.com\/wp-content\/uploads\/2025\/07\/BANG-FLIPCHART-PHAN-TU-24.-4-3-600x600.png 600w, https:\/\/bangvietbavicoboard.com\/wp-content\/uploads\/2025\/07\/BANG-FLIPCHART-PHAN-TU-24.-4-3-100x100.png 100w, https:\/\/bangvietbavicoboard.com\/wp-content\/uploads\/2025\/07\/BANG-FLIPCHART-PHAN-TU-24.-4-3-96x96.png 96w\" sizes=\"auto, (max-width: 1200px) 100vw, 1200px\" \/><\/td>\n<td style=\"width: 50%;\"><img loading=\"lazy\" decoding=\"async\" class=\"alignnone size-full wp-image-11718\" src=\"https:\/\/bangvietbavicoboard.com\/wp-content\/uploads\/2025\/07\/BANG-FLIPCHART-PHAN-TU-24.-4-1.png\" alt=\"\" width=\"1200\" height=\"1200\" srcset=\"https:\/\/bangvietbavicoboard.com\/wp-content\/uploads\/2025\/07\/BANG-FLIPCHART-PHAN-TU-24.-4-1.png 1200w, https:\/\/bangvietbavicoboard.com\/wp-content\/uploads\/2025\/07\/BANG-FLIPCHART-PHAN-TU-24.-4-1-400x400.png 400w, https:\/\/bangvietbavicoboard.com\/wp-content\/uploads\/2025\/07\/BANG-FLIPCHART-PHAN-TU-24.-4-1-800x800.png 800w, https:\/\/bangvietbavicoboard.com\/wp-content\/uploads\/2025\/07\/BANG-FLIPCHART-PHAN-TU-24.-4-1-280x280.png 280w, https:\/\/bangvietbavicoboard.com\/wp-content\/uploads\/2025\/07\/BANG-FLIPCHART-PHAN-TU-24.-4-1-768x768.png 768w, https:\/\/bangvietbavicoboard.com\/wp-content\/uploads\/2025\/07\/BANG-FLIPCHART-PHAN-TU-24.-4-1-12x12.png 12w, https:\/\/bangvietbavicoboard.com\/wp-content\/uploads\/2025\/07\/BANG-FLIPCHART-PHAN-TU-24.-4-1-300x300.png 300w, https:\/\/bangvietbavicoboard.com\/wp-content\/uploads\/2025\/07\/BANG-FLIPCHART-PHAN-TU-24.-4-1-600x600.png 600w, https:\/\/bangvietbavicoboard.com\/wp-content\/uploads\/2025\/07\/BANG-FLIPCHART-PHAN-TU-24.-4-1-100x100.png 100w, https:\/\/bangvietbavicoboard.com\/wp-content\/uploads\/2025\/07\/BANG-FLIPCHART-PHAN-TU-24.-4-1-96x96.png 96w\" sizes=\"auto, (max-width: 1200px) 100vw, 1200px\" \/><\/td>\n<\/tr>\n<\/tbody>\n<\/table>\n<h2><span class=\"ez-toc-section\" id=\"UU_DIEM_CUA_BANG\"><\/span><strong>\u01afU \u0110I\u1ec2M C\u1ee6A B\u1ea2NG\u00a0<\/strong><span class=\"ez-toc-section-end\"><\/span><\/h2>\n<p>T\u1ed1i \u01b0u kh\u00f4ng gian l\u00e0m vi\u1ec7c v\u00e0 gi\u1ea3ng d\u1ea1y.<\/p>\n<p>T\u0103ng t\u00ednh chuy\u00ean nghi\u1ec7p trong thuy\u1ebft tr\u00ecnh v\u00e0 \u0111\u00e0o t\u1ea1o.<\/p>\n<p>H\u1ed7 tr\u1ee3 t\u01b0\u01a1ng t\u00e1c nh\u00f3m hi\u1ec7u qu\u1ea3 v\u1edbi kh\u1ea3 n\u0103ng di chuy\u1ec3n linh ho\u1ea1t. Gi\u1ea3m chi ph\u00ed nh\u1edd \u0111\u1ed9 b\u1ec1n cao v\u00e0 d\u1ec5 b\u1ea3o qu\u1ea3n.<\/p>\n<h2><span class=\"ez-toc-section\" id=\"CAU_TAO_BANG_TU_XANH_HAN_QUOC_FLIPCHART_F3\"><\/span><strong>C\u1ea4U T\u1ea0O B\u1ea2NG T\u1eea XANH H\u00c0N QU\u1ed0C FLIPCHART F3<\/strong><span class=\"ez-toc-section-end\"><\/span><\/h2>\n<p><strong><u>PH\u1ea6N B\u1ea2NG:<\/u><\/strong><\/p>\n<p><strong>1. M\u1eb7t b\u1ea3ng:\u00a0<\/strong><span class=\"\" data-mention=\"1. M\u1eb7t b\u1ea3ng: c\u00f3 m\u1eb7t b\u1ea3ng tr\u1eafng t\u1eeb H\u00e0n Qu\u1ed1c nh\u1eadp kh\u1ea9u t\u1eeb C\u00f4ng ty Union \u2013 H\u00e0n Qu\u1ed1c \u2013 nh\u00e0 cung c\u1ea5p m\u1eb7t b\u1ea3ng b\u00fat l\u00f4ng h\u00e0ng \u0111\u1ea7u tr\u00ean th\u1ebf gi\u1edbi, c\u00f3 \u00f4 ly ch\u00ecm 5cm.\">O<\/span>\u1edbi ch\u1ea5t li\u1ec7u ch\u00ednh b\u1eb1ng th\u00e9p s\u01a1n t\u0129nh \u0111i\u1ec7n \u0111\u01b0\u1ee3c:<\/p>\n<div id=\"input_line_1\"><span id=\"input_part_0\" class=\"\" data-mention=\"+ Nh\u1eadp kh\u1ea9u tr\u1ef1c ti\u1ebfp t\u1eeb Korea.\">+ Nh\u1eadp kh\u1ea9u tr\u1ef1c ti\u1ebfp t\u1eeb Korea.<\/span><\/div>\n<div id=\"input_line_2\"><span id=\"input_part_0\" class=\"\" data-mention=\"+ Nh\u00e0 s\u1ea3n xu\u1ea5t DK Dongshin \u2013 Korea.\">+ Nh\u00e0 s\u1ea3n xu\u1ea5t DK Dongshin \u2013 Korea.<\/span><\/div>\n<div id=\"input_line_3\"><span id=\"input_part_0\" class=\"\" data-mention=\"+ S\u1ea3n xu\u1ea5t theo ti\u00eau chu\u1ea9n Korea: KS D 3520.\">+ S\u1ea3n xu\u1ea5t theo ti\u00eau chu\u1ea9n Korea: KS D 3520.<\/span><\/div>\n<div id=\"input_line_4\"><span id=\"input_part_0\" class=\"\" data-mention=\"M\u1eb7t b\u1ea3ng t\u1eeb m\u00e0u tr\u1eafng ch\u1ed1ng l\u00f3a, ch\u1ed1ng m\u00e0i m\u00f2n, tr\u01a1n tr\u01b0\u1ee3t, vi\u1ebft \u00eam, lau d\u1ec5 d\u00e0ng m\u00e0 kh\u00f4ng \u0111\u1ec3 l\u1ea1i d\u1ea5u, c\u00f3 \u00f4 ly vu\u00f4ng ch\u00ecm 5cm, d\u00e0y 3 dem, cho ph\u00e9p s\u1eed d\u1ee5ng nam ch\u00e2m vi\u00ean \u0111\u00ednh h\u00ecnh \u1ea3nh minh ho\u1ea1 ho\u1eb7c nam ch\u00e2m l\u00e1. \">M\u1eb7t b\u1ea3ng t\u1eeb\u00a0<strong>m\u00e0u xanh<\/strong>\u00a0vi\u1ebft ph\u1ea5n ch\u1ed1ng l\u00f3a, ch\u1ed1ng m\u00e0i m\u00f2n, tr\u01a1n tr\u01b0\u1ee3t, vi\u1ebft \u00eam, lau d\u1ec5 d\u00e0ng m\u00e0 kh\u00f4ng \u0111\u1ec3 l\u1ea1i d\u1ea5u, c\u00f3 \u00f4 ly vu\u00f4ng ch\u00ecm 5cm, d\u00e0y 3 dem, cho ph\u00e9p s\u1eed d\u1ee5ng nam ch\u00e2m vi\u00ean \u0111\u00ednh h\u00ecnh \u1ea3nh minh ho\u1ea1 ho\u1eb7c nam ch\u00e2m l\u00e1. B\u1ea3ng c\u00f3 g\u1eafn\u00a0<strong>2 k\u1eb9p gi\u1ea5y<\/strong>\u00a0b\u1eb1ng inox s\u00e1ng b\u00f3ng ch\u1ed1ng r\u1ec9 s\u00e9t: K\u1eb9p inox gi\u00fap d\u1ec5 d\u00e0ng k\u1eb9p c\u00e1c t\u1edd gi\u1ea5y, bi\u1ec3u m\u1eabu, h\u00ecnh \u1ea3nh, s\u01a1 \u0111\u1ed3, b\u1ea3n v\u1ebd\u2026 l\u00ean b\u1ea3ng m\u00e0 kh\u00f4ng c\u1ea7n d\u00e1n keo hay d\u00f9ng nam ch\u00e2m.<\/span><\/div>\n<p><strong>D\u00f2ng s\u1ea3n ph\u1ea9m ch\u1ee7 l\u1ef1c cao c\u1ea5p t\u1ea1o n\u00ean th\u01b0\u01a1ng hi\u1ec7u B\u1ea3ng vi\u1ebft BA VI CO.<\/strong><\/p>\n<p><strong>2. T\u1ea5m l\u00f3t b\u1ea3ng:<\/strong>\u00a0\u00d0\u01b0\u1ee3c l\u00f3t b\u1eb1ng m\u1ed9t t\u1ea5m v\u00e1n MDF, ph\u00eda sau m\u1eb7t v\u00e1n \u00e9p 01 l\u1edbp v\u00e2n g\u1ed7 ch\u1ed1ng \u1ea9m \u0111\u01b0\u1ee3c t\u1ea9m, h\u1ea5p, s\u1ea5y theo quy tr\u00ecnh nghi\u00eam ng\u1eb7t gi\u00fap kh\u00f4ng b\u1ecb \u1ea9m th\u1ea5p, mo, cong, v\u00eanh b\u1ea3ng, c\u00f3 t\u00ednh th\u1ea9m m\u1ef9 cao, c\u00f3 t\u00ednh ch\u1ecbu l\u1ef1c t\u1ed1t, \u0111\u1ed9 b\u1ec1n t\u1ed1i \u01b0u kh\u00f4ng b\u1ecb mo, kh\u00f4ng b\u1ecb rung khi vi\u1ebft.<\/p>\n<p><strong>3. Khung\/bo b\u1ea3ng:<\/strong>\u00a0B\u1eb1ng nh\u00f4m Vi\u1ec7t Nh\u1eadt chuy\u00ean d\u1ee5ng ch\u1ed1ng oxy h\u00f3a. D\u00e0y 2cm. \u00a0Khung nh\u00f4m h\u1ed9p tr\u1eafng b\u00f3ng 4 c\u1ea1nh b\u1ea3ng, \u0111\u01b0\u1ee3c thi\u1ebft k\u1ebf \u0111\u1ea3m b\u1ea3o t\u00ednh ch\u1ecbu l\u1ef1c cao. B\u1ec1n b\u1ec9, kh\u00f4ng g\u1ec9 s\u00e9t. Khung nh\u00f4m gi\u00fap\u00a0<strong>gia c\u1ed1 ch\u1eafc ch\u1eafn<\/strong>\u00a0cho b\u1ea3ng, gi\u1eef cho m\u1eb7t b\u1ea3ng\u00a0<strong>lu\u00f4n ph\u1eb3ng v\u00e0 \u1ed5n \u0111\u1ecbnh<\/strong>, kh\u00f4ng b\u1ecb cong, v\u1eb7n sau th\u1eddi gian d\u00e0i s\u1eed d\u1ee5ng.<\/p>\n<p><strong>4. Co g\u00f3c:<\/strong>\u00a0Gi\u1eefa hai g\u00f3c n\u1ed1i l\u1ea1i v\u1edbi nhau b\u1eb1ng m\u1ed9t co g\u00f3c b\u1ea3ng l\u00e0m b\u1eb1ng nh\u1ef1a, g\u00f3c b\u1ea3ng \u0111\u1eb9p v\u00e0 h\u00e0i h\u00f2a v\u1edbi khung b\u1ea3ng.<\/p>\n<p><strong>5. Khay \u0111\u1ef1ng b\u00fat:<\/strong>\u00a0\u0110\u01b0\u1ee3c l\u00e0m b\u1eb1ng nh\u00f4m, c\u00f3 bo nh\u1ef1a 2 \u0111\u1ea7u. \u0110\u01b0\u1ee3c thi\u1ebft k\u1ebf \u0111\u1ec3 \u0111\u1eb7t b\u00fat vi\u1ebft, kh\u0103n lau b\u1ea3ng, ho\u1eb7c nam ch\u00e2m.<\/p>\n<p><strong><u>PH\u1ea6N CH\u00c2N B\u1ea2NG:<\/u><\/strong><\/p>\n<p><strong>Khung ch\u00e2n:<\/strong>\u00a0B\u1eb1ng s\u1eaft ch\u1ed1ng s\u00e9t vu\u00f4ng 25mm, s\u01a1n t\u0129nh \u0111i\u1ec7n m\u00e0u tr\u1eafng ch\u1ed1ng s\u00e9t, ch\u1ed1ng tr\u1ea7y.\u00a0<strong>C\u00f3 g\u1eafn 2 ch\u1ed1ng inox 304:<\/strong>\u00a0Gi\u00fap ch\u00e2n b\u1ea3ng x\u1ebfp g\u1ecdn \u0111\u01b0\u1ee3c.<\/p>\n<p>\u2013\u00a0<strong>\u0110\u1eb7c bi\u1ec7t,<\/strong>\u00a0khung ch\u00e2n c\u00f3 thi\u1ebft k\u1ebf ph\u1ea7n tai v\u1eb7n cho ph\u00e9p \u0111i\u1ec1u ch\u1ec9nh b\u1ea3ng theo chi\u1ec1u cao theo y\u00eau c\u1ea7u s\u1eed d\u1ee5ng.<\/p>\n<p>\u2013\u00a0<strong>C\u00f3 g\u1eafn 4 b\u00e1nh xe Taiwan:<\/strong>\u00a0Gi\u00fap di chuy\u1ec3n v\u00e0 c\u00f3 ch\u1ed1t c\u1ed1 \u0111\u1ecbnh d\u1ec5 d\u00e0ng.<\/p>\n<p>To\u00e0n b\u1ed9 b\u1ea3ng \u0111\u01b0\u1ee3c thi\u1ebft k\u1ebf m\u1ed9t c\u00e1ch sang tr\u1ecdng hi\u1ec7n \u0111\u1ea1i ph\u00f9 h\u1ee3p v\u1edbi m\u1ecdi kh\u00f4ng gian.<\/p>\n<p>Gi\u00e1 tr\u00ean l\u00e0 gi\u00e1 xu\u1ea5t x\u01b0\u1edfng c\u1ee7a th\u01b0\u01a1ng hi\u1ec7u b\u1ea3ng vi\u1ebft BAVICO.<\/p>\n<p><strong>\u0110I\u1ec0U CH\u1ec8NH \u0110\u1ed8 CAO V\u00c0 X\u1ebeP G\u1eccN:<\/strong><\/p>\n<p><strong>\u2013\u00a0<\/strong>B\u1ea3ng cho ph\u00e9p \u0111i\u1ec1u ch\u1ec9nh \u0111\u1ed9 cao theo nhu c\u1ea7u v\u00e0 ch\u00e2n x\u1ebfp g\u1ecdn.<\/p>\n<p>\u2013 B\u1ea3ng c\u00f3 th\u1ec3 ch\u1ec9nh cao nh\u1ea5t \u0111\u1ebfn 1,6m \u2013 2,1m.<\/p>\n<p><img loading=\"lazy\" decoding=\"async\" class=\"aligncenter size-full wp-image-18677\" src=\"https:\/\/bangvietbavico.edu.vn\/wp-content\/uploads\/2025\/06\/bang-tu-xanh-co-chan-flipchart-f3.jpg\" sizes=\"auto, (max-width: 1200px) 100vw, 1200px\" srcset=\"https:\/\/bangvietbavico.edu.vn\/wp-content\/uploads\/2025\/06\/bang-tu-xanh-co-chan-flipchart-f3.jpg 1200w, https:\/\/bangvietbavico.edu.vn\/wp-content\/uploads\/2025\/06\/bang-tu-xanh-co-chan-flipchart-f3-300x300.jpg 300w, https:\/\/bangvietbavico.edu.vn\/wp-content\/uploads\/2025\/06\/bang-tu-xanh-co-chan-flipchart-f3-1024x1024.jpg 1024w, https:\/\/bangvietbavico.edu.vn\/wp-content\/uploads\/2025\/06\/bang-tu-xanh-co-chan-flipchart-f3-150x150.jpg 150w, https:\/\/bangvietbavico.edu.vn\/wp-content\/uploads\/2025\/06\/bang-tu-xanh-co-chan-flipchart-f3-768x768.jpg 768w, https:\/\/bangvietbavico.edu.vn\/wp-content\/uploads\/2025\/06\/bang-tu-xanh-co-chan-flipchart-f3-180x180.jpg 180w, https:\/\/bangvietbavico.edu.vn\/wp-content\/uploads\/2025\/06\/bang-tu-xanh-co-chan-flipchart-f3-600x600.jpg 600w\" alt=\"\" width=\"1200\" height=\"1200\" \/><\/p>\n<h1><span class=\"ez-toc-section\" id=\"Bao_hanh\"><\/span><strong>B\u1ea3o h\u00e0nh<\/strong><span class=\"ez-toc-section-end\"><\/span><\/h1>\n<p>+ Th\u1eddi gian b\u1ea3o h\u00e0nh t\u1eeb 12-24 th\u00e1ng do l\u1ed7i c\u1ee7a nh\u00e0 s\u1ea3n xu\u1ea5t.<br \/>\n+ Qu\u00fd kh\u00e1ch h\u00e0ng gi\u1eef l\u1ea1i Gi\u1ea5y giao h\u00e0ng v\u00e0 g\u1ecdi cho s\u1ed1 Hotline ho\u1eb7c kinh doanh tr\u00ean gi\u1ea5y giao h\u00e0ng\/ tr\u00ean website n\u00e0y \u0111\u1ec3 \u0111\u01b0\u1ee3c h\u1ed7 tr\u1ee3!<\/p>\n<p><img decoding=\"async\" class=\"lazy-load-active\" src=\"https:\/\/bangvietbavico.edu.vn\/wp-content\/uploads\/2024\/10\/XE-TAI.png\" alt=\"B\u1ea3ng t\u1eeb tr\u1eafng di \u0111\u1ed9ng\" data-src=\"https:\/\/bangvietbavico.edu.vn\/wp-content\/uploads\/2024\/10\/XE-TAI.png\" \/><\/p>\n<h1><span class=\"ez-toc-section\" id=\"LY_DO_NEN_LUA_CHON_BANG_VIET_BAVICO\"><\/span><strong>L\u00dd DO N\u00caN L\u1ef0A CH\u1eccN B\u1ea2NG VI\u1ebeT BAVICO<\/strong><span class=\"ez-toc-section-end\"><\/span><\/h1>\n<ul>\n<li>B\u1ea3ng vi\u1ebft BAVICO l\u00e0 th\u01b0\u01a1ng hi\u1ec7u uy t\u00edn trong l\u0129nh v\u1ef1c s\u1ea3n xu\u1ea5t b\u1ea3ng v\u1edbi h\u01a1n 22 n\u0103m kinh nghi\u1ec7m.<\/li>\n<li>Doanh nghi\u1ec7p \u0111\u1ea7u ti\u00ean trong ng\u00e0nh \u0111\u01b0a b\u1ea3ng t\u1eeb v\u1ec1 Vi\u1ec7t Nam v\u00e0 t\u01b0 v\u1ea5n thay th\u1ebf b\u1ea3ng t\u1eeb cho B\u1ed9 Gi\u00e1o d\u1ee5c v\u00e0 \u0110\u00e0o t\u1ea1o.<\/li>\n<li>C\u00f3 ch\u1ee9ng nh\u1eadn nh\u1eadp kh\u1ea9u h\u00e0ng h\u00f3a theo \u0111\u00fang quy \u0111\u1ecbnh (CO \u2013 CQ).<\/li>\n<li>\u0110\u1ed1i t\u00e1c ngu\u1ed3n nguy\u00ean li\u1ec7u ch\u00ednh (m\u1eb7t b\u1ea3ng) uy t\u00edn tr\u00ean to\u00e0n c\u1ea7u: Polyvision cho b\u1ec1 m\u1eb7t Ceramic v\u00e0 Dongshin cho b\u1ec1 m\u1eb7t th\u00e9p ph\u1ee7 s\u01a1n.<\/li>\n<li>B\u1ea3ng vi\u1ebft BAVICO l\u00e0 C\u00f4ng ty s\u1ea3n xu\u1ea5t v\u00e0 c\u1ea5p cung s\u1ea3n ph\u1ea9m tr\u1ef1c ti\u1ebfp\u00a0 \u2013 \u0110\u1ea3m b\u1ea3o s\u1ea3n ph\u1ea9m ch\u00ednh h\u00e3ng 100%.<\/li>\n<li>B\u1ea3ng vi\u1ebft BAVICO \u0111\u00e3 ph\u1ee5c v\u1ee5 r\u1ea5t nhi\u1ec1u kh\u00e1ch h\u00e0ng l\u1edbn nh\u01b0: T\u1eadp \u0111o\u00e0n Samsung, Viettel, C\u00e1c Tr\u01b0\u1eddng Qu\u1ed1c T\u1ebf \u00c1 Ch\u00e2u, M\u1ef9, Ph\u00e1p, Nh\u1eadt,\u2026<\/li>\n<li>S\u1ea3n ph\u1ea9m \u0111a d\u1ea1ng v\u1edbi nhi\u1ec1u s\u1ef1 l\u1ef1a ch\u1ecdn, thi\u1ebft k\u1ebf v\u00e0 s\u1ea3n xu\u1ea5t theo y\u00eau c\u1ea7u kh\u00e1ch h\u00e0ng.<\/li>\n<li>Ch\u00ednh s\u00e1ch b\u1ea3o h\u00e0nh t\u1eeb 12 th\u00e1ng \u2013 24 th\u00e1ng gi\u00fap kh\u00e1ch h\u00e0ng y\u00ean t\u00e2m khi mua h\u00e0ng.<\/li>\n<\/ul>\n<h2><span class=\"ez-toc-section\" id=\"THONG_TIN_LIEN_HE_MUA_BANG\"><\/span><small><b>TH\u00d4NG TIN LI\u00caN H\u1ec6 MUA B\u1ea2NG\u00a0<\/b><\/small><span class=\"ez-toc-section-end\"><\/span><\/h2>\n<h3><span class=\"ez-toc-section\" id=\"Lien_he_ngay_hotline_0938_623_068_de_duoc_tu_van_mien_phi\"><\/span>Li\u00ean h\u1ec7 ngay hotline\u00a0<a href=\"tel:0938623068\"><span style=\"text-decoration: underline;\"><span style=\"color: #0000ff; text-decoration: underline;\">0938 623 068<\/span><\/span><\/a> \u0111\u1ec3 \u0111\u01b0\u1ee3c t\u01b0 v\u1ea5n mi\u1ec5n ph\u00ed!<span class=\"ez-toc-section-end\"><\/span><\/h3>\n<p><strong>Di \u0110\u1ed9ng: <\/strong><strong>\u00a0\u00a0<\/strong><strong>\u00a0<\/strong><a href=\"tel:0938623068\"><span style=\"text-decoration: underline;\"><span style=\"color: #0000ff; text-decoration: underline;\"><strong>0938<\/strong><strong> 623 068<\/strong><\/span><\/span><\/a><\/p>\n<p><strong>Email: <\/strong><strong>\u00a0\u00a0\u00a0\u00a0\u00a0\u00a0\u00a0<\/strong><a href=\"mailto:csns01@bangvietbavico.vn\"><strong>csns01@bangvietbavico.vn<\/strong><\/a><strong> \u00a0<\/strong><\/p>\n<p><strong>Website: \u00a0\u00a0<\/strong> <a href=\"https:\/\/bangvietbavicoboard.com\/en\/\"><strong>https:\/\/bangvietbavicoboard.com<\/strong><\/a><\/p>\n<h2><span class=\"ez-toc-section\" id=\"CONG_TY_TNHH_THIET_BI_GIAO_DUC_BAVICO\"><\/span><span id=\"CONG_TY_TNHH_THIET_BI_GIAO_DUC_BAVICO\" class=\"ez-toc-section\"><\/span><a href=\"https:\/\/bangvietbavicoboard.com\/en\/\" target=\"_blank\" rel=\"noopener\"><strong>EQUIPMENT CO., EDUCATION BAVICO<\/strong><\/a><span class=\"ez-toc-section-end\"><\/span><\/h2>\n<p><a href=\"https:\/\/www.google.com\/maps\/place\/C%C3%B4ng+Ty+TNHH+Thi%E1%BA%BFt+B%E1%BB%8B+Gi%C3%A1o+D%E1%BB%A5c+BAVICO\/@10.8422711,106.6244102,17z\/data=!3m1!4b1!4m5!3m4!1s0x31752a2a33796a47:0x1e4c184654bd6967!8m2!3d10.8422658!4d106.6265989?hl=vi-VN\" target=\"_blank\" rel=\"noopener\"><strong>Tr\u1ee5 s\u1edf ch\u00ednh: S\u1ed1 26 \u2013 28 \u0110\u01b0\u1eddng DD11 Khu bi\u1ec7t th\u1ef1 An S\u01b0\u01a1ng, Ph\u01b0\u1eddng \u0110\u00f4ng H\u01b0ng Thu\u1eadn, Th\u00e0nh ph\u1ed1 H\u1ed3 Ch\u00ed Minh, Vi\u1ec7t Nam.<\/strong><\/a><\/p>\n<p><a href=\"https:\/\/www.google.com\/maps\/place\/NH%C3%80+M%C3%81Y+B%E1%BA%A2NG+VI%E1%BA%BET+BAVICO\/data=!4m2!3m1!1s0x3174d54b4766c1e1:0x5e7544f8d3754cf8?hl=vi&amp;trk=https%3A%2F%2Fnotifications.google.com%2Fg%2Fp%2FANiao5qxS1Nm-jYR1J2xq7eGKk7sVofQFkONHZn7ZY1zjo26fUdiIedC5c2mAakkpMKjxMsTnB9fPMAbD18GWiRfE5-oXEHRGqQhobyjs_Hj9u2xUtrFgqGeo2BwkZvvFFFONLfFq-_lNqqzAQIbZ-Py-_UWpcdoJrNPOobHtX1hJYMPfYf7R5DJXHySX2mo-h0Loz8brWxA1Hr1nhML\" target=\"_blank\" rel=\"noopener\"><strong>Nh\u00e0 m\u00e1y s\u1ea3n xu\u1ea5t: S\u1ed1 7\/7 \u0111\u01b0\u1eddng s\u1ed1 65, H\u1ed3 V\u0103n T\u1eafng, \u1ea4p X\u00f3m \u0110\u1ed3ng, X\u00e3 C\u1ee7 Chi, Th\u00e0nh Ph\u1ed1 H\u1ed3 Ch\u00ed Minh, Vi\u1ec7t Nam.<\/strong><\/a><\/p>\n<p><strong>MST: 0303030028 \u2013 Ng\u00e0y th\u00e0nh l\u1eadp c\u00f4ng ty: 01\/09\/2003<\/strong><\/p>\n<h2><span class=\"ez-toc-section\" id=\"%3E%3E%3E_Moi_Quy_khach_hang_click_tham_khao_cac_loai_Bang_viet_but_long_khac\"><\/span><span style=\"color: #800080;\"><a style=\"color: #800080;\" href=\"https:\/\/bangvietbavico.net\/product-category\/bang-viet-but-long\/\" target=\"_blank\" rel=\"noopener\"><em>&gt;&gt;&gt; M\u1eddi Qu\u00fd kh\u00e1ch h\u00e0ng click tham kh\u1ea3o c\u00e1c lo\u1ea1i B\u1ea3ng vi\u1ebft b\u00fat l\u00f4ng kh\u00e1c<\/em><\/a><\/span><span class=\"ez-toc-section-end\"><\/span><\/h2>\n<h2><span class=\"ez-toc-section\" id=\"%3E%3E%3E_Moi_Quy_khach_hang_click_tham_khao_cac_loai_Bang_viet_phan_khac\"><\/span><span style=\"color: #800080;\"><a style=\"color: #800080;\" href=\"http:\/\/bangvietbavico.net\/home\/bangvietphan\/\" target=\"_blank\" rel=\"noopener\"><em>&gt;&gt;&gt; M\u1eddi Qu\u00fd kh\u00e1ch h\u00e0ng click tham kh\u1ea3o c\u00e1c lo\u1ea1i B\u1ea3ng vi\u1ebft ph\u1ea5n kh\u00e1c<\/em><\/a><\/span><span class=\"ez-toc-section-end\"><\/span><\/h2>\n<p>&nbsp;<\/p>","protected":false},"excerpt":{"rendered":"<p><strong>B\u1ea3ng flipchart F3 vi\u1ebft ph\u1ea5n t\u1eeb H\u00e0n Qu\u1ed1c<\/strong> v\u1edbi m\u1eb7t b\u1ea3ng t\u1eeb xanh nh\u1eadp kh\u1ea9u H\u00e0n Qu\u1ed1c c\u00f9ng khung ch\u00e2n Flipchart ti\u1ec7n l\u1ee3i, s\u1ea3n ph\u1ea9m mang l\u1ea1i s\u1ef1 linh ho\u1ea1t v\u00e0 hi\u1ec7u qu\u1ea3 t\u1ed1i \u01b0u trong m\u1ecdi kh\u00f4ng gian s\u1eed d\u1ee5ng.<\/p>\n<p>Gi\u00e1 \u00e1p d\u1ee5ng t\u1ea1i H\u00f3c M\u00f4n, C\u1ee7 Chi v\u00e0 khu v\u1ef1c n\u1ed9i th\u00e0nh TPHCM.<\/p>","protected":false},"featured_media":11721,"comment_status":"open","ping_status":"closed","template":"","meta":{"_acf_changed":false},"product_brand":[],"product_cat":[469],"product_tag":[],"class_list":{"0":"post-11717","1":"product","2":"type-product","3":"status-publish","4":"has-post-thumbnail","6":"product_cat-bang-flipchart","8":"first","9":"instock","10":"shipping-taxable","11":"purchasable","12":"product-type-variable"},"acf":[],"_links":{"self":[{"href":"https:\/\/bangvietbavicoboard.com\/en\/wp-json\/wp\/v2\/product\/11717","targetHints":{"allow":["GET"]}}],"collection":[{"href":"https:\/\/bangvietbavicoboard.com\/en\/wp-json\/wp\/v2\/product"}],"about":[{"href":"https:\/\/bangvietbavicoboard.com\/en\/wp-json\/wp\/v2\/types\/product"}],"replies":[{"embeddable":true,"href":"https:\/\/bangvietbavicoboard.com\/en\/wp-json\/wp\/v2\/comments?post=11717"}],"wp:featuredmedia":[{"embeddable":true,"href":"https:\/\/bangvietbavicoboard.com\/en\/wp-json\/wp\/v2\/media\/11721"}],"wp:attachment":[{"href":"https:\/\/bangvietbavicoboard.com\/en\/wp-json\/wp\/v2\/media?parent=11717"}],"wp:term":[{"taxonomy":"product_brand","embeddable":true,"href":"https:\/\/bangvietbavicoboard.com\/en\/wp-json\/wp\/v2\/product_brand?post=11717"},{"taxonomy":"product_cat","embeddable":true,"href":"https:\/\/bangvietbavicoboard.com\/en\/wp-json\/wp\/v2\/product_cat?post=11717"},{"taxonomy":"product_tag","embeddable":true,"href":"https:\/\/bangvietbavicoboard.com\/en\/wp-json\/wp\/v2\/product_tag?post=11717"}],"curies":[{"name":"wp","href":"https:\/\/api.w.org\/{rel}","templated":true}]}}