{"id":11637,"date":"2025-06-23T01:13:55","date_gmt":"2025-06-23T01:13:55","guid":{"rendered":"https:\/\/bangvietbavicoboard.com\/?post_type=product&#038;p=11637"},"modified":"2025-07-09T06:41:22","modified_gmt":"2025-07-09T06:41:22","slug":"bang-truot-dung-di-dong-cho-van-phong","status":"publish","type":"product","link":"https:\/\/bangvietbavicoboard.com\/en\/product\/bang-truot-dung-di-dong-cho-van-phong\/","title":{"rendered":"B\u1ea3ng tr\u01b0\u1ee3t \u0111\u1ee9ng di \u0111\u1ed9ng cho v\u0103n ph\u00f2ng"},"content":{"rendered":"<p data-pm-slice=\"1 1 []\"><strong>B\u1ea3ng tr\u01b0\u1ee3t \u0111\u1ee9ng di \u0111\u1ed9ng cho v\u0103n ph\u00f2ng<\/strong> l\u00e0 s\u1ea3n ph\u1ea9m cao c\u1ea5p \u0111\u01b0\u1ee3c BAVICO thi\u1ebft k\u1ebf d\u00e0nh ri\u00eang cho c\u00e1c kh\u00f4ng gian c\u1ea7n s\u1ef1 linh ho\u1ea1t v\u00e0 hi\u1ec7n \u0111\u1ea1i. V\u1edbi kh\u1ea3 n\u0103ng tr\u01b0\u1ee3t d\u1ecdc linh ho\u1ea1t v\u00e0 di chuy\u1ec3n d\u1ec5 d\u00e0ng nh\u1edd h\u1ec7 th\u1ed1ng b\u00e1nh xe ch\u1eafc ch\u1eafn, s\u1ea3n ph\u1ea9m mang \u0111\u1ebfn tr\u1ea3i nghi\u1ec7m vi\u1ebft m\u01b0\u1ee3t m\u00e0, x\u00f3a s\u1ea1ch nhanh ch\u00f3ng v\u00e0 hi\u1ec7u qu\u1ea3 trong m\u1ecdi m\u00f4i tr\u01b0\u1eddng s\u1eed d\u1ee5ng.<\/p>\n<p data-pm-slice=\"1 1 []\">\u0110\u00e2y l\u00e0 d\u00f2ng\u00a0<strong data-start=\"804\" data-end=\"834\">b\u1ea3ng tr\u1eafng cao c\u1ea5p<\/strong>, c\u00f3 kh\u1ea3 n\u0103ng\u00a0<strong data-start=\"848\" data-end=\"872\">tr\u01b0\u1ee3t \u0111\u1ee9ng l\u00ean\/xu\u1ed1ng<\/strong>, k\u1ebft h\u1ee3p c\u00f9ng\u00a0<strong data-start=\"887\" data-end=\"925\">khung ch\u00e2n di \u0111\u1ed9ng c\u00f3 b\u00e1nh xe kh\u00f3a<\/strong>.<\/p>\n<p data-pm-slice=\"1 1 []\"><img loading=\"lazy\" decoding=\"async\" class=\"alignnone size-full wp-image-11604\" src=\"https:\/\/bangvietbavicoboard.com\/wp-content\/uploads\/2025\/06\/chi-tiet-bang-truot-dung-but-long-1.png\" alt=\"\" width=\"1200\" height=\"635\" srcset=\"https:\/\/bangvietbavicoboard.com\/wp-content\/uploads\/2025\/06\/chi-tiet-bang-truot-dung-but-long-1.png 1200w, https:\/\/bangvietbavicoboard.com\/wp-content\/uploads\/2025\/06\/chi-tiet-bang-truot-dung-but-long-1-756x400.png 756w, https:\/\/bangvietbavicoboard.com\/wp-content\/uploads\/2025\/06\/chi-tiet-bang-truot-dung-but-long-1-768x406.png 768w, https:\/\/bangvietbavicoboard.com\/wp-content\/uploads\/2025\/06\/chi-tiet-bang-truot-dung-but-long-1-18x10.png 18w, https:\/\/bangvietbavicoboard.com\/wp-content\/uploads\/2025\/06\/chi-tiet-bang-truot-dung-but-long-1-300x159.png 300w, https:\/\/bangvietbavicoboard.com\/wp-content\/uploads\/2025\/06\/chi-tiet-bang-truot-dung-but-long-1-600x318.png 600w\" sizes=\"auto, (max-width: 1200px) 100vw, 1200px\" \/><\/p>\n<h2><span class=\"ez-toc-section\" id=\"CAU_TAO_BANG_TRUOT_DUNG_DI_DONG_BUT_LONG\"><\/span><strong>C\u1ea4U T\u1ea0O B\u1ea2NG TR\u01af\u1ee2T \u0110\u1ee8NG DI \u0110\u1ed8NG B\u00daT L\u00d4NG<\/strong><span class=\"ez-toc-section-end\"><\/span><\/h2>\n<div id=\"input_line_0\"><span id=\"input_part_0\" class=\"\" data-mention=\"1. M\u1eb7t b\u1ea3ng: v\u1edbi ch\u1ea5t li\u1ec7u ch\u00ednh b\u1eb1ng th\u00e9p s\u01a1n t\u0129nh \u0111i\u1ec7n 17 l\u1edbp d\u00e0y 3 dem \u0111\u01b0\u1ee3c nh\u1eadp kh\u1ea9u t\u1eeb H\u00e0n Qu\u1ed1c. M\u1eb7t b\u1ea3ng t\u1eeb m\u00e0u xanh ch\u1ed1ng l\u00f3a, vi\u1ebft ph\u1ea5n \u00eam, \u0111\u1eb7c bi\u1ec7t lau d\u1ec5 d\u00e0ng m\u00e0 kh\u00f4ng \u0111\u1ec3 l\u1ea1i d\u1ea5u, \u00f4 ly vu\u00f4ng ch\u00ecm 5cm, cho ph\u00e9p s\u1eed d\u1ee5ng nam ch\u00e2m vi\u00ean \u0111\u00ednh h\u00ecnh \u1ea3nh minh h\u1ecda ho\u1eb7c nam ch\u00e2m l\u00e1.\"><strong>1. M\u1eb7t b\u1ea3ng:<\/strong>\u00a0<\/span><\/div>\n<div>\n<p>&gt;&gt;&gt; \u00a0<span style=\"color: #0000ff;\"><a style=\"color: #0000ff;\" href=\"https:\/\/www.youtube.com\/watch?v=QQ52GJr3nvQ\" target=\"_blank\" rel=\"noopener\"><em>(Click xem video) M\u1eb7t b\u1ea3ng tr\u1eafng t\u1eeb Greenlam:<\/em><\/a><\/span> gi\u00e1 m\u1ec1m, vi\u1ebft lau d\u1ec5 d\u00e0ng, ch\u1ecdn tr\u1eafng tr\u01a1n ho\u1eb7c c\u00f3 k\u1ebb \u00f4 ly gi\u00e1 kh\u00f4ng thay \u0111\u1ed5i. c\u00f3 \u0111\u00ednh nam ch\u00e2m k\u1eb9p t\u00e0i li\u1ec7u. B\u1ea3o h\u00e0nh: 12 th\u00e1ng.<\/p>\n<p>&gt;&gt;&gt;\u00a0<a href=\"https:\/\/www.youtube.com\/watch?v=Lc_MXKQFfqQ\" target=\"_blank\" rel=\"noopener\"><em><span style=\"color: #0000ff;\">(Click xem video) M\u1eb7t b\u1ea3ng t\u1eeb H\u00e0n Qu\u1ed1c:<\/span><\/em><\/a> c\u00f3 \u0111\u00ednh nam ch\u00e2m k\u1eb9p t\u00e0i li\u1ec7u, vi\u1ebft \u00eam lau s\u1ea1ch b\u00f3ng, c\u00f3 in s\u1eb5n \u00f4 ly ch\u00ecm vu\u00f4ng 5cm. B\u1ea3o h\u00e0nh: 12 th\u00e1ng.<\/p>\n<p>&gt;&gt;&gt;<span style=\"color: #0000ff;\">\u00a0<a style=\"color: #0000ff;\" href=\"https:\/\/www.youtube.com\/watch?v=5QhlliLXzpA\" target=\"_blank\" rel=\"noopener\"><em>(Click xem video) M\u1eb7t b\u1ea3ng t\u1eeb Ceramic-B\u1ec9:<\/em><\/a><\/span> ch\u1ed1ng tr\u1ea7y (dao c\u1ea1o kh\u00f4ng tr\u1ea7y), ch\u1ed1ng ch\u00e1y, ch\u1ed1ng h\u01b0 h\u1ea1i b\u1edfi h\u00f3a ch\u1ea5t, kh\u00e1ng khu\u1ea9n. \u0110\u1ed9 b\u1ec1n l\u00ean \u0111\u1ebfn <strong>40 n\u0103m<\/strong>. B\u1ea3o h\u00e0nh 12-36 th\u00e1ng.<\/p>\n<\/div>\n<div id=\"input_line_2\"><span id=\"input_part_0\" class=\"\" data-mention=\"2. T\u1ea5m l\u00f3t b\u1ea3ng: \u0111\u01b0\u1ee3c l\u00f3t b\u1eb1ng m\u1ed9t t\u1ea5m v\u00e1n MDF c\u00f3 v\u00e2n g\u1ed7 ch\u1ed1ng \u1ea9m, ch\u1ed1ng cong, mo, v\u00eanh, vi\u1ebft kh\u00f4ng bi rung.\"><strong>2. T\u1ea5m l\u00f3t b\u1ea3ng:<\/strong>\u00a0B\u1eb1ng v\u00e1n MDF \u00e9p gi\u1ea5y b\u00f3ng v\u00e2n g\u1ed7 ch\u1ed1ng \u1ea9m, ch\u1ed1ng cong mo v\u00e0 \u0111\u1ea3m b\u1ea3o b\u1ea3ng vi\u1ebft kh\u00f4ng b\u1ecb rung ho\u1eb7c b\u1eb1ng t\u1ea5m nh\u1ef1a d\u1ea7y 10ly ch\u1ed1ng n\u01b0\u1edbc, ch\u1ed1ng cong mo.<\/span><\/div>\n<div id=\"input_line_3\"><\/div>\n<div id=\"input_line_4\"><span id=\"input_part_0\" class=\"\" data-mention=\"3. Khung b\u1ea3ng: \u0111\u01b0\u1ee3c vi\u1ec1n nh\u00f4m tr\u1eafng b\u00f3ng, \u0111\u01b0\u1ee3c thi\u1ebft k\u1ebf \u0111\u1ea3m b\u1ea3o t\u00ednh ch\u1ecbu l\u1ef1c cao.\"><strong>3. Khung b\u1ea3ng:<\/strong>\u00a0\u0111\u01b0\u1ee3c vi\u1ec1n nh\u00f4m Vi\u1ec7t Nh\u1eadt tr\u1eafng b\u00f3ng chuy\u00ean d\u1ee5ng ch\u1ed1ng oxy h\u00f3a, \u0111\u01b0\u1ee3c thi\u1ebft k\u1ebf \u0111\u1ea3m b\u1ea3o t\u00ednh ch\u1ecbu l\u1ef1c cao.<\/span><\/div>\n<div id=\"input_line_5\"><\/div>\n<div id=\"input_line_6\"><span id=\"input_part_0\" class=\"\" data-mention=\"4. G\u00f3c b\u1ea3ng: Gi\u1eefa hai g\u00f3c b\u1ea3ng \u0111\u01b0\u1ee3c n\u1ed1i l\u1ea1i v\u1edbi nhau b\u1eb1ng m\u1ed9t co g\u00f3c b\u1ea3ng l\u00e0m b\u1eb1ng nh\u1ef1a, g\u00f3c b\u1ea3ng \u0111\u1eb9p v\u00e0 h\u00e0i h\u00f2a v\u1edbi khung b\u1ea3ng.\"><strong>4. G\u00f3c b\u1ea3ng:<\/strong>\u00a0Gi\u1eefa hai g\u00f3c b\u1ea3ng \u0111\u01b0\u1ee3c n\u1ed1i l\u1ea1i v\u1edbi nhau b\u1eb1ng m\u1ed9t co g\u00f3c b\u1ea3ng l\u00e0m b\u1eb1ng nh\u1ef1a, g\u00f3c b\u1ea3ng \u0111\u1eb9p v\u00e0 h\u00e0i h\u00f2a v\u1edbi khung b\u1ea3ng.<\/span><\/div>\n<div><\/div>\n<div><strong>5. K\u1ebft c\u1ea5u h\u1ec7 th\u1ed1ng b\u1ea3ng tr\u01b0\u1ee3t di \u0111\u1ed9ng:<\/strong>\u00a0B\u1eb1ng s\u1eaft d\u1ea7y 1,2ly, s\u01a1n t\u0129nh \u0111i\u1ec7n m\u00e0u tr\u1eafng s\u1eefa ho\u1eb7c m\u00e0u \u0111en. C\u00f3 2 m\u00e1ng tr\u01b0\u1ee3t b\u1eb1ng s\u1eaft c\u00f3 g\u1eafn h\u1ec7 th\u1ed1ng tr\u01b0\u1ee3t b\u1ea3ng \u0111\u1ee9ng theo nguy\u00ean t\u1eafc \u0111\u1ed1i tr\u1ecdng n\u00ean b\u1ea3ng tr\u01b0\u1ee3t nh\u1eb9 nh\u00e0ng v\u1eeba t\u1ea5m ng\u01b0\u1eddi s\u1eed d\u1ee5ng. B\u00e1nh xe: b\u1ea3ng c\u00f3 g\u1eafn 4 b\u00e1nh xe c\u1ee7a Taiwan m\u00e0u tr\u1eafng cao c\u1ea5p, c\u00f3 th\u1ec3 c\u00e0i c\u1ed1 \u0111\u1ecbnh \u0111\u01b0\u1ee3c.<\/div>\n<div><strong><img loading=\"lazy\" decoding=\"async\" class=\"alignnone size-full wp-image-11662\" src=\"https:\/\/bangvietbavicoboard.com\/wp-content\/uploads\/2025\/06\/bang_truot_dung_but_long-2.jpg\" alt=\"\" width=\"1920\" height=\"1080\" srcset=\"https:\/\/bangvietbavicoboard.com\/wp-content\/uploads\/2025\/06\/bang_truot_dung_but_long-2.jpg 1920w, https:\/\/bangvietbavicoboard.com\/wp-content\/uploads\/2025\/06\/bang_truot_dung_but_long-2-711x400.jpg 711w, https:\/\/bangvietbavicoboard.com\/wp-content\/uploads\/2025\/06\/bang_truot_dung_but_long-2-1400x788.jpg 1400w, https:\/\/bangvietbavicoboard.com\/wp-content\/uploads\/2025\/06\/bang_truot_dung_but_long-2-768x432.jpg 768w, https:\/\/bangvietbavicoboard.com\/wp-content\/uploads\/2025\/06\/bang_truot_dung_but_long-2-1536x864.jpg 1536w, https:\/\/bangvietbavicoboard.com\/wp-content\/uploads\/2025\/06\/bang_truot_dung_but_long-2-18x10.jpg 18w, https:\/\/bangvietbavicoboard.com\/wp-content\/uploads\/2025\/06\/bang_truot_dung_but_long-2-300x169.jpg 300w, https:\/\/bangvietbavicoboard.com\/wp-content\/uploads\/2025\/06\/bang_truot_dung_but_long-2-600x338.jpg 600w\" sizes=\"auto, (max-width: 1920px) 100vw, 1920px\" \/><\/strong><\/div>\n<div>\n<h2><span class=\"ez-toc-section\" id=\"LOI_ICH_KHI_SU_DUNG_BANG_TRUOT_DUNG_DI_DONG_BUT_LONG\"><\/span><strong>L\u1ee2I \u00cdCH KHI S\u1eec D\u1ee4NG B\u1ea2NG TR\u01af\u1ee2T \u0110\u1ee8NG DI \u0110\u1ed8NG B\u00daT L\u00d4NG<\/strong><span class=\"ez-toc-section-end\"><\/span><\/h2>\n<ul data-start=\"2204\" data-end=\"2595\">\n<li data-start=\"2204\" data-end=\"2322\">\n<p data-start=\"2206\" data-end=\"2322\"><strong data-start=\"2209\" data-end=\"2238\">T\u0103ng hi\u1ec7u qu\u1ea3 truy\u1ec1n \u0111\u1ea1t:<\/strong>\u00a0Ng\u01b0\u1eddi tr\u00ecnh b\u00e0y c\u00f3 th\u1ec3 m\u1edf r\u1ed9ng kh\u00f4ng gian tr\u00ecnh b\u00e0y li\u00ean t\u1ee5c m\u00e0 kh\u00f4ng b\u1ecb gi\u00e1n \u0111o\u1ea1n.<\/p>\n<\/li>\n<li data-start=\"2323\" data-end=\"2424\">\n<p data-start=\"2325\" data-end=\"2424\"><strong data-start=\"2328\" data-end=\"2359\">T\u1ed1i \u01b0u kh\u00f4ng gian l\u00e0m vi\u1ec7c:<\/strong>\u00a0Kh\u00f4ng c\u1ea7n x\u00f3a b\u1ea3ng li\u00ean t\u1ee5c hay s\u1eed d\u1ee5ng nhi\u1ec1u b\u1ea3ng nh\u1ecf c\u00f9ng l\u00fac.<\/p>\n<\/li>\n<li data-start=\"2425\" data-end=\"2515\">\n<p data-start=\"2427\" data-end=\"2515\"><strong data-start=\"2430\" data-end=\"2450\">V\u1ec7 sinh d\u1ec5 d\u00e0ng:<\/strong>\u00a0Ch\u1ec9 c\u1ea7n kh\u0103n m\u1ec1m ho\u1eb7c b\u00f4ng lau b\u1ea3ng chuy\u00ean d\u1ee5ng l\u00e0 \u0111\u00e3 s\u1ea1ch b\u00f3ng.<\/p>\n<\/li>\n<li data-start=\"2516\" data-end=\"2595\">\n<p data-start=\"2518\" data-end=\"2595\"><strong data-start=\"2521\" data-end=\"2541\">S\u1eed d\u1ee5ng l\u00e2u d\u00e0i:<\/strong>\u00a0Kh\u00f4ng lo bong tr\u00f3c, kh\u00f4ng \u0111\u1ec3 l\u1ea1i b\u00f3ng m\u1edd sau khi x\u00f3a.<\/p>\n<\/li>\n<\/ul>\n<table style=\"border-collapse: collapse; width: 100%;\">\n<tbody>\n<tr>\n<td style=\"width: 50%;\"><img loading=\"lazy\" decoding=\"async\" class=\"alignnone size-full wp-image-11594\" src=\"https:\/\/bangvietbavicoboard.com\/wp-content\/uploads\/2025\/06\/3.png\" alt=\"\" width=\"1000\" height=\"1000\" srcset=\"https:\/\/bangvietbavicoboard.com\/wp-content\/uploads\/2025\/06\/3.png 1000w, https:\/\/bangvietbavicoboard.com\/wp-content\/uploads\/2025\/06\/3-400x400.png 400w, https:\/\/bangvietbavicoboard.com\/wp-content\/uploads\/2025\/06\/3-800x800.png 800w, https:\/\/bangvietbavicoboard.com\/wp-content\/uploads\/2025\/06\/3-280x280.png 280w, https:\/\/bangvietbavicoboard.com\/wp-content\/uploads\/2025\/06\/3-768x768.png 768w, https:\/\/bangvietbavicoboard.com\/wp-content\/uploads\/2025\/06\/3-12x12.png 12w, https:\/\/bangvietbavicoboard.com\/wp-content\/uploads\/2025\/06\/3-300x300.png 300w, https:\/\/bangvietbavicoboard.com\/wp-content\/uploads\/2025\/06\/3-600x600.png 600w, https:\/\/bangvietbavicoboard.com\/wp-content\/uploads\/2025\/06\/3-100x100.png 100w, https:\/\/bangvietbavicoboard.com\/wp-content\/uploads\/2025\/06\/3-96x96.png 96w\" sizes=\"auto, (max-width: 1000px) 100vw, 1000px\" \/><\/td>\n<td style=\"width: 50%;\"><img loading=\"lazy\" decoding=\"async\" class=\"alignnone size-full wp-image-11593\" src=\"https:\/\/bangvietbavicoboard.com\/wp-content\/uploads\/2025\/06\/2.png\" alt=\"\" width=\"1000\" height=\"1000\" srcset=\"https:\/\/bangvietbavicoboard.com\/wp-content\/uploads\/2025\/06\/2.png 1000w, https:\/\/bangvietbavicoboard.com\/wp-content\/uploads\/2025\/06\/2-400x400.png 400w, https:\/\/bangvietbavicoboard.com\/wp-content\/uploads\/2025\/06\/2-800x800.png 800w, https:\/\/bangvietbavicoboard.com\/wp-content\/uploads\/2025\/06\/2-280x280.png 280w, https:\/\/bangvietbavicoboard.com\/wp-content\/uploads\/2025\/06\/2-768x768.png 768w, https:\/\/bangvietbavicoboard.com\/wp-content\/uploads\/2025\/06\/2-12x12.png 12w, https:\/\/bangvietbavicoboard.com\/wp-content\/uploads\/2025\/06\/2-300x300.png 300w, https:\/\/bangvietbavicoboard.com\/wp-content\/uploads\/2025\/06\/2-600x600.png 600w, https:\/\/bangvietbavicoboard.com\/wp-content\/uploads\/2025\/06\/2-100x100.png 100w, https:\/\/bangvietbavicoboard.com\/wp-content\/uploads\/2025\/06\/2-96x96.png 96w\" sizes=\"auto, (max-width: 1000px) 100vw, 1000px\" \/><\/td>\n<\/tr>\n<\/tbody>\n<\/table>\n<h2><span class=\"ez-toc-section\" id=\"DAC_DIEM_NOI_BAT_BANG_TRUOT_DUNG_DI_DONG_BUT_LONG\"><\/span><strong>HIGHLIGHTS\u00a0<\/strong><strong>B\u1ea2NG TR\u01af\u1ee2T \u0110\u1ee8NG DI \u0110\u1ed8NG B\u00daT L\u00d4NG\u00a0<\/strong><span class=\"ez-toc-section-end\"><\/span><\/h2>\n<ul>\n<li data-start=\"2672\" data-end=\"2774\">\n<p data-start=\"2674\" data-end=\"2774\"><strong data-start=\"2677\" data-end=\"2696\">B\u1ec1 m\u1eb7t b\u1ea3ng tr\u1eafng:<\/strong>\u00a0Vi\u1ebft x\u00f3a d\u1ec5 d\u00e0ng, kh\u00f4ng \u0111\u1ec3 l\u1ea1i d\u1ea5u.<\/p>\n<\/li>\n<li data-start=\"2775\" data-end=\"2873\">\n<p data-start=\"2777\" data-end=\"2873\"><strong data-start=\"2780\" data-end=\"2802\">Thi\u1ebft k\u1ebf hi\u1ec7n \u0111\u1ea1i:<\/strong>\u00a0Ph\u00f9 h\u1ee3p v\u1edbi kh\u00f4ng gian gi\u00e1o d\u1ee5c, v\u0103n ph\u00f2ng c\u00f4ng s\u1edf, trung t\u00e2m \u0111\u00e0o t\u1ea1o.<\/p>\n<\/li>\n<li data-start=\"2874\" data-end=\"2942\">\n<p data-start=\"2876\" data-end=\"2942\"><strong data-start=\"2879\" data-end=\"2906\">C\u01a1 ch\u1ebf tr\u01b0\u1ee3t nh\u1eb9 nh\u00e0ng:<\/strong>\u00a0Kh\u00f4ng g\u00e2y ti\u1ebfng \u1ed3n, v\u1eadn h\u00e0nh \u00eam \u00e1i.<\/p>\n<\/li>\n<li data-start=\"2943\" data-end=\"3041\">\n<p data-start=\"2945\" data-end=\"3041\"><strong data-start=\"2948\" data-end=\"2969\">T\u00ednh th\u1ea9m m\u1ef9 cao:<\/strong>\u00a0Bo g\u00f3c an to\u00e0n, ki\u1ec3u d\u00e1ng thanh l\u1ecbch, d\u1ec5 h\u00f2a h\u1ee3p v\u1edbi n\u1ed9i th\u1ea5t hi\u1ec7n \u0111\u1ea1i.<\/p>\n<\/li>\n<\/ul>\n<\/div>\n<h1><span class=\"ez-toc-section\" id=\"Bao_hanh\"><\/span><strong>B\u1ea3o h\u00e0nh<\/strong><span class=\"ez-toc-section-end\"><\/span><\/h1>\n<p>+ Th\u1eddi gian b\u1ea3o h\u00e0nh t\u1eeb 12-36 th\u00e1ng do l\u1ed7i c\u1ee7a nh\u00e0 s\u1ea3n xu\u1ea5t.<br \/>\n+ Qu\u00fd kh\u00e1ch h\u00e0ng gi\u1eef l\u1ea1i Gi\u1ea5y giao h\u00e0ng v\u00e0 g\u1ecdi cho s\u1ed1 Hotline ho\u1eb7c kinh doanh tr\u00ean gi\u1ea5y giao h\u00e0ng\/ tr\u00ean website n\u00e0y \u0111\u1ec3 \u0111\u01b0\u1ee3c h\u1ed7 tr\u1ee3!<\/p>\n<p><img decoding=\"async\" class=\"lazy-load-active\" src=\"https:\/\/bangvietbavico.edu.vn\/wp-content\/uploads\/2024\/10\/XE-TAI.png\" alt=\"B\u1ea3ng t\u1eeb tr\u1eafng di \u0111\u1ed9ng\" data-src=\"https:\/\/bangvietbavico.edu.vn\/wp-content\/uploads\/2024\/10\/XE-TAI.png\" \/><\/p>\n<h1><span class=\"ez-toc-section\" id=\"LY_DO_NEN_LUA_CHON_BANG_VIET_BAVICO\"><\/span><strong>L\u00dd DO N\u00caN L\u1ef0A CH\u1eccN B\u1ea2NG VI\u1ebeT BAVICO<\/strong><span class=\"ez-toc-section-end\"><\/span><\/h1>\n<ul>\n<li>B\u1ea3ng vi\u1ebft BAVICO l\u00e0 th\u01b0\u01a1ng hi\u1ec7u uy t\u00edn trong l\u0129nh v\u1ef1c s\u1ea3n xu\u1ea5t b\u1ea3ng v\u1edbi h\u01a1n 22 n\u0103m kinh nghi\u1ec7m.<\/li>\n<li>Doanh nghi\u1ec7p \u0111\u1ea7u ti\u00ean trong ng\u00e0nh \u0111\u01b0a b\u1ea3ng t\u1eeb v\u1ec1 Vi\u1ec7t Nam v\u00e0 t\u01b0 v\u1ea5n thay th\u1ebf b\u1ea3ng t\u1eeb cho B\u1ed9 Gi\u00e1o d\u1ee5c v\u00e0 \u0110\u00e0o t\u1ea1o.<\/li>\n<li>C\u00f3 ch\u1ee9ng nh\u1eadn nh\u1eadp kh\u1ea9u h\u00e0ng h\u00f3a theo \u0111\u00fang quy \u0111\u1ecbnh (CO \u2013 CQ).<\/li>\n<li>\u0110\u1ed1i t\u00e1c ngu\u1ed3n nguy\u00ean li\u1ec7u ch\u00ednh (m\u1eb7t b\u1ea3ng) uy t\u00edn tr\u00ean to\u00e0n c\u1ea7u: Polyvision cho b\u1ec1 m\u1eb7t Ceramic v\u00e0 Dongshin cho b\u1ec1 m\u1eb7t th\u00e9p ph\u1ee7 s\u01a1n.<\/li>\n<li>B\u1ea3ng vi\u1ebft BAVICO l\u00e0 C\u00f4ng ty s\u1ea3n xu\u1ea5t v\u00e0 c\u1ea5p cung s\u1ea3n ph\u1ea9m tr\u1ef1c ti\u1ebfp\u00a0 \u2013 \u0110\u1ea3m b\u1ea3o s\u1ea3n ph\u1ea9m ch\u00ednh h\u00e3ng 100%.<\/li>\n<li>B\u1ea3ng vi\u1ebft BAVICO \u0111\u00e3 ph\u1ee5c v\u1ee5 r\u1ea5t nhi\u1ec1u kh\u00e1ch h\u00e0ng l\u1edbn nh\u01b0: T\u1eadp \u0111o\u00e0n Samsung, Viettel, C\u00e1c Tr\u01b0\u1eddng Qu\u1ed1c T\u1ebf \u00c1 Ch\u00e2u, M\u1ef9, Ph\u00e1p, Nh\u1eadt,\u2026<\/li>\n<li>S\u1ea3n ph\u1ea9m \u0111a d\u1ea1ng v\u1edbi nhi\u1ec1u s\u1ef1 l\u1ef1a ch\u1ecdn, thi\u1ebft k\u1ebf v\u00e0 s\u1ea3n xu\u1ea5t theo y\u00eau c\u1ea7u kh\u00e1ch h\u00e0ng.<\/li>\n<li>Ch\u00ednh s\u00e1ch b\u1ea3o h\u00e0nh t\u1eeb 12 th\u00e1ng \u2013 24 th\u00e1ng gi\u00fap kh\u00e1ch h\u00e0ng y\u00ean t\u00e2m khi mua h\u00e0ng.<\/li>\n<\/ul>\n<h2><span class=\"ez-toc-section\" id=\"THONG_TIN_LIEN_HE_MUA_BANG\"><\/span><small><b>TH\u00d4NG TIN LI\u00caN H\u1ec6 MUA B\u1ea2NG\u00a0<\/b><\/small><span class=\"ez-toc-section-end\"><\/span><\/h2>\n<h3><span class=\"ez-toc-section\" id=\"Lien_he_ngay_hotline_0938_623_068_de_duoc_tu_van_mien_phi\"><\/span>Li\u00ean h\u1ec7 ngay hotline\u00a0<a href=\"tel:0938623068\"><span style=\"text-decoration: underline;\"><span style=\"color: #0000ff; text-decoration: underline;\">0938 623 068<\/span><\/span><\/a> \u0111\u1ec3 \u0111\u01b0\u1ee3c t\u01b0 v\u1ea5n mi\u1ec5n ph\u00ed!<span class=\"ez-toc-section-end\"><\/span><\/h3>\n<p><strong>Di \u0110\u1ed9ng: <\/strong><strong>\u00a0\u00a0<\/strong><strong>\u00a0<\/strong><a href=\"tel:0938623068\"><span style=\"text-decoration: underline;\"><span style=\"color: #0000ff; text-decoration: underline;\"><strong>0938<\/strong><strong> 623 068<\/strong><\/span><\/span><\/a><\/p>\n<p><strong>Email: <\/strong><strong>\u00a0\u00a0\u00a0\u00a0\u00a0\u00a0\u00a0<\/strong><a href=\"mailto:csns01@bangvietbavico.vn\"><strong>csns01@bangvietbavico.vn<\/strong><\/a><strong> \u00a0<\/strong><\/p>\n<p><strong>Website: \u00a0\u00a0<\/strong> <a href=\"https:\/\/bangvietbavicoboard.com\/en\/\"><strong>https:\/\/bangvietbavicoboard.com<\/strong><\/a><\/p>\n<h2><span class=\"ez-toc-section\" id=\"CONG_TY_TNHH_THIET_BI_GIAO_DUC_BAVICO\"><\/span><span id=\"CONG_TY_TNHH_THIET_BI_GIAO_DUC_BAVICO\" class=\"ez-toc-section\"><\/span><a href=\"https:\/\/bangvietbavicoboard.com\/en\/\" target=\"_blank\" rel=\"noopener\"><strong>EQUIPMENT CO., EDUCATION BAVICO<\/strong><\/a><span class=\"ez-toc-section-end\"><\/span><\/h2>\n<p><a href=\"https:\/\/www.google.com\/maps\/place\/C%C3%B4ng+Ty+TNHH+Thi%E1%BA%BFt+B%E1%BB%8B+Gi%C3%A1o+D%E1%BB%A5c+BAVICO\/@10.8422711,106.6244102,17z\/data=!3m1!4b1!4m5!3m4!1s0x31752a2a33796a47:0x1e4c184654bd6967!8m2!3d10.8422658!4d106.6265989?hl=vi-VN\" target=\"_blank\" rel=\"noopener\"><strong>Tr\u1ee5 s\u1edf ch\u00ednh: S\u1ed1 26 \u2013 28 \u0110\u01b0\u1eddng DD11 Khu bi\u1ec7t th\u1ef1 An S\u01b0\u01a1ng, Ph\u01b0\u1eddng \u0110\u00f4ng H\u01b0ng Thu\u1eadn, Th\u00e0nh ph\u1ed1 H\u1ed3 Ch\u00ed Minh, Vi\u1ec7t Nam.<\/strong><\/a><\/p>\n<p><a href=\"https:\/\/www.google.com\/maps\/place\/NH%C3%80+M%C3%81Y+B%E1%BA%A2NG+VI%E1%BA%BET+BAVICO\/data=!4m2!3m1!1s0x3174d54b4766c1e1:0x5e7544f8d3754cf8?hl=vi&amp;trk=https%3A%2F%2Fnotifications.google.com%2Fg%2Fp%2FANiao5qxS1Nm-jYR1J2xq7eGKk7sVofQFkONHZn7ZY1zjo26fUdiIedC5c2mAakkpMKjxMsTnB9fPMAbD18GWiRfE5-oXEHRGqQhobyjs_Hj9u2xUtrFgqGeo2BwkZvvFFFONLfFq-_lNqqzAQIbZ-Py-_UWpcdoJrNPOobHtX1hJYMPfYf7R5DJXHySX2mo-h0Loz8brWxA1Hr1nhML\" target=\"_blank\" rel=\"noopener\"><strong>Nh\u00e0 m\u00e1y s\u1ea3n xu\u1ea5t: S\u1ed1 7\/7 \u0111\u01b0\u1eddng s\u1ed1 65, H\u1ed3 V\u0103n T\u1eafng, \u1ea4p X\u00f3m \u0110\u1ed3ng, X\u00e3 C\u1ee7 Chi, Th\u00e0nh Ph\u1ed1 H\u1ed3 Ch\u00ed Minh, Vi\u1ec7t Nam.<\/strong><\/a><\/p>\n<p><strong>MST: 0303030028 \u2013 Ng\u00e0y th\u00e0nh l\u1eadp c\u00f4ng ty: 01\/09\/2003<\/strong><\/p>\n<h2><span class=\"ez-toc-section\" id=\"%3E%3E%3E_Moi_Quy_khach_hang_click_tham_khao_cac_loai_Bang_viet_but_long_khac\"><\/span><span style=\"color: #800080;\"><a style=\"color: #800080;\" href=\"https:\/\/bangvietbavico.net\/product-category\/bang-viet-but-long\/\" target=\"_blank\" rel=\"noopener\"><em>&gt;&gt;&gt; M\u1eddi Qu\u00fd kh\u00e1ch h\u00e0ng click tham kh\u1ea3o c\u00e1c lo\u1ea1i B\u1ea3ng vi\u1ebft b\u00fat l\u00f4ng kh\u00e1c<\/em><\/a><\/span><span class=\"ez-toc-section-end\"><\/span><\/h2>\n<h2><span class=\"ez-toc-section\" id=\"%3E%3E%3E_Moi_Quy_khach_hang_click_tham_khao_cac_loai_Bang_viet_phan_khac\"><\/span><span style=\"color: #800080;\"><a style=\"color: #800080;\" href=\"http:\/\/bangvietbavico.net\/home\/bangvietphan\/\" target=\"_blank\" rel=\"noopener\"><em>&gt;&gt;&gt; M\u1eddi Qu\u00fd kh\u00e1ch h\u00e0ng click tham kh\u1ea3o c\u00e1c lo\u1ea1i B\u1ea3ng vi\u1ebft ph\u1ea5n kh\u00e1c<\/em><\/a><\/span><span class=\"ez-toc-section-end\"><\/span><\/h2>\n<p>&nbsp;<\/p>\n<p>&nbsp;<\/p>\n<h2><\/h2>","protected":false},"excerpt":{"rendered":"<p><strong data-start=\"377\" data-end=\"430\">B\u1ea3ng tr\u01b0\u1ee3t \u0111\u1ee9ng di \u0111\u1ed9ng cho v\u0103n ph\u00f2ng<\/strong>\u00a0l\u00e0 s\u1ea3n ph\u1ea9m cao c\u1ea5p \u0111\u01b0\u1ee3c BAVICO thi\u1ebft k\u1ebf d\u00e0nh ri\u00eang cho c\u00e1c kh\u00f4ng gian c\u1ea7n s\u1ef1 linh ho\u1ea1t v\u00e0 hi\u1ec7n \u0111\u1ea1i, hi\u1ec7u qu\u1ea3 trong m\u1ecdi m\u00f4i tr\u01b0\u1eddng s\u1eed d\u1ee5ng.<\/p>\n<p>&#8211; Gi\u00e1 \u00e1p d\u1ee5ng t\u1ea1i H\u00f3c M\u00f4n, C\u1ee7 Chi v\u00e0 khu v\u1ef1c n\u1ed9i th\u00e0nh TPHCM (Q1,2,3,4,5,6,7,8,9,10,11,12,T\u00e2n B\u00ecnh, B\u00ecnh T\u00e2n, T\u00e2n Ph\u00fa, Ph\u00fa Nhu\u1eadn, B\u00ecnh Th\u1ea1nh, G\u00f2 V\u1ea5p)<br \/>\nMI\u1ec4N PH\u00cd giao h\u00e0ng &amp; l\u1eafp \u0111\u1eb7t<\/p>","protected":false},"featured_media":11600,"comment_status":"open","ping_status":"closed","template":"","meta":{"_acf_changed":false},"product_brand":[],"product_cat":[559],"product_tag":[],"class_list":{"0":"post-11637","1":"product","2":"type-product","3":"status-publish","4":"has-post-thumbnail","6":"product_cat-bang-truot","8":"first","9":"instock","10":"shipping-taxable","11":"purchasable","12":"product-type-variable"},"acf":[],"_links":{"self":[{"href":"https:\/\/bangvietbavicoboard.com\/en\/wp-json\/wp\/v2\/product\/11637","targetHints":{"allow":["GET"]}}],"collection":[{"href":"https:\/\/bangvietbavicoboard.com\/en\/wp-json\/wp\/v2\/product"}],"about":[{"href":"https:\/\/bangvietbavicoboard.com\/en\/wp-json\/wp\/v2\/types\/product"}],"replies":[{"embeddable":true,"href":"https:\/\/bangvietbavicoboard.com\/en\/wp-json\/wp\/v2\/comments?post=11637"}],"wp:featuredmedia":[{"embeddable":true,"href":"https:\/\/bangvietbavicoboard.com\/en\/wp-json\/wp\/v2\/media\/11600"}],"wp:attachment":[{"href":"https:\/\/bangvietbavicoboard.com\/en\/wp-json\/wp\/v2\/media?parent=11637"}],"wp:term":[{"taxonomy":"product_brand","embeddable":true,"href":"https:\/\/bangvietbavicoboard.com\/en\/wp-json\/wp\/v2\/product_brand?post=11637"},{"taxonomy":"product_cat","embeddable":true,"href":"https:\/\/bangvietbavicoboard.com\/en\/wp-json\/wp\/v2\/product_cat?post=11637"},{"taxonomy":"product_tag","embeddable":true,"href":"https:\/\/bangvietbavicoboard.com\/en\/wp-json\/wp\/v2\/product_tag?post=11637"}],"curies":[{"name":"wp","href":"https:\/\/api.w.org\/{rel}","templated":true}]}}