{"id":11461,"date":"2025-05-16T10:06:39","date_gmt":"2025-05-16T10:06:39","guid":{"rendered":"https:\/\/bangvietbavicoboard.com\/?post_type=product&#038;p=11461"},"modified":"2025-05-24T07:47:17","modified_gmt":"2025-05-24T07:47:17","slug":"bang-chan-xep-da-nang-viet-but-long-poly-taiwan","status":"publish","type":"product","link":"https:\/\/bangvietbavicoboard.com\/en\/product\/bang-chan-xep-da-nang-viet-but-long-poly-taiwan\/","title":{"rendered":"B\u1ea3ng ch\u00e2n x\u1ebfp \u0111a n\u0103ng vi\u1ebft b\u00fat l\u00f4ng Poly Taiwan"},"content":{"rendered":"<p><strong>B\u1ea3ng ch\u00e2n x\u1ebfp \u0111a n\u0103ng vi\u1ebft b\u00fat l\u00f4ng Poly Taiwan <\/strong>l\u00e0 d\u00f2ng b\u1ea3ng vi\u1ebft b\u00fat l\u00f4ng n\u1ed5i b\u1eadt c\u00f3 b\u1ec1 m\u1eb7t tr\u01a1n m\u1ecbn v\u00e0 kh\u1ea3 n\u0103ng ch\u1ed1ng lo\u00e1 t\u1ed1t. S\u1ea3n ph\u1ea9m \u0111\u01b0\u1ee3c g\u1eafn k\u00e8m ch\u00e2n x\u1ebfp th\u00f4ng minh gi\u00fap ng\u01b0\u1eddi d\u00f9ng d\u1ec5 d\u00e0ng thay \u0111\u1ed5i v\u1ecb tr\u00ed ho\u1eb7c g\u1ea5p g\u1ecdn khi kh\u00f4ng s\u1eed d\u1ee5ng, r\u1ea5t ph\u00f9 h\u1ee3p v\u1edbi kh\u00f4ng gian l\u00e0m vi\u1ec7c v\u00e0 h\u1ecdc t\u1eadp c\u00f3 di\u1ec7n t\u00edch h\u1ea1n ch\u1ebf.<\/p>\n<p><img loading=\"lazy\" decoding=\"async\" class=\"alignnone size-full wp-image-11470\" src=\"https:\/\/bangvietbavicoboard.com\/wp-content\/uploads\/2025\/05\/viber_image_2025-05-14_15-24-46-643.jpg\" alt=\"\" width=\"1200\" height=\"1199\" srcset=\"https:\/\/bangvietbavicoboard.com\/wp-content\/uploads\/2025\/05\/viber_image_2025-05-14_15-24-46-643.jpg 1200w, https:\/\/bangvietbavicoboard.com\/wp-content\/uploads\/2025\/05\/viber_image_2025-05-14_15-24-46-643-400x400.jpg 400w, https:\/\/bangvietbavicoboard.com\/wp-content\/uploads\/2025\/05\/viber_image_2025-05-14_15-24-46-643-801x800.jpg 801w, https:\/\/bangvietbavicoboard.com\/wp-content\/uploads\/2025\/05\/viber_image_2025-05-14_15-24-46-643-280x280.jpg 280w, https:\/\/bangvietbavicoboard.com\/wp-content\/uploads\/2025\/05\/viber_image_2025-05-14_15-24-46-643-768x767.jpg 768w, https:\/\/bangvietbavicoboard.com\/wp-content\/uploads\/2025\/05\/viber_image_2025-05-14_15-24-46-643-12x12.jpg 12w, https:\/\/bangvietbavicoboard.com\/wp-content\/uploads\/2025\/05\/viber_image_2025-05-14_15-24-46-643-300x300.jpg 300w, https:\/\/bangvietbavicoboard.com\/wp-content\/uploads\/2025\/05\/viber_image_2025-05-14_15-24-46-643-600x600.jpg 600w, https:\/\/bangvietbavicoboard.com\/wp-content\/uploads\/2025\/05\/viber_image_2025-05-14_15-24-46-643-100x100.jpg 100w, https:\/\/bangvietbavicoboard.com\/wp-content\/uploads\/2025\/05\/viber_image_2025-05-14_15-24-46-643-96x96.jpg 96w\" sizes=\"auto, (max-width: 1200px) 100vw, 1200px\" \/> <img loading=\"lazy\" decoding=\"async\" class=\"alignnone size-full wp-image-11469\" src=\"https:\/\/bangvietbavicoboard.com\/wp-content\/uploads\/2025\/05\/viber_image_2025-05-14_15-24-44-701.jpg\" alt=\"\" width=\"1200\" height=\"1200\" srcset=\"https:\/\/bangvietbavicoboard.com\/wp-content\/uploads\/2025\/05\/viber_image_2025-05-14_15-24-44-701.jpg 1200w, https:\/\/bangvietbavicoboard.com\/wp-content\/uploads\/2025\/05\/viber_image_2025-05-14_15-24-44-701-400x400.jpg 400w, https:\/\/bangvietbavicoboard.com\/wp-content\/uploads\/2025\/05\/viber_image_2025-05-14_15-24-44-701-800x800.jpg 800w, https:\/\/bangvietbavicoboard.com\/wp-content\/uploads\/2025\/05\/viber_image_2025-05-14_15-24-44-701-280x280.jpg 280w, https:\/\/bangvietbavicoboard.com\/wp-content\/uploads\/2025\/05\/viber_image_2025-05-14_15-24-44-701-768x768.jpg 768w, https:\/\/bangvietbavicoboard.com\/wp-content\/uploads\/2025\/05\/viber_image_2025-05-14_15-24-44-701-12x12.jpg 12w, https:\/\/bangvietbavicoboard.com\/wp-content\/uploads\/2025\/05\/viber_image_2025-05-14_15-24-44-701-300x300.jpg 300w, https:\/\/bangvietbavicoboard.com\/wp-content\/uploads\/2025\/05\/viber_image_2025-05-14_15-24-44-701-600x600.jpg 600w, https:\/\/bangvietbavicoboard.com\/wp-content\/uploads\/2025\/05\/viber_image_2025-05-14_15-24-44-701-100x100.jpg 100w, https:\/\/bangvietbavicoboard.com\/wp-content\/uploads\/2025\/05\/viber_image_2025-05-14_15-24-44-701-96x96.jpg 96w\" sizes=\"auto, (max-width: 1200px) 100vw, 1200px\" \/><\/p>\n<h3><span class=\"ez-toc-section\" id=\"CAU_TAO_CUA_BANG\"><\/span><strong>C\u1ea4U T\u1ea0O C\u1ee6A B\u1ea2NG<\/strong><span class=\"ez-toc-section-end\"><\/span><\/h3>\n<p>1. M\u1eb7t b\u1ea3ng: V\u1edbi ch\u1ea5t li\u1ec7u b\u1eb1ng Polyester c\u1ee7a \u0110\u00e0i Loan, kh\u00f4ng lem ho\u1eb7c d\u00ednh m\u1ef1c sau khi x\u00f3a, kh\u00f4ng k\u1ebb \u00f4ly hay k\u1ebb \u00f4 ly t\u00f9y theo y\u00eau c\u1ea7u.<br \/>\n2. T\u1ea5m l\u00f3t b\u1ea3ng: B\u1eb1ng v\u00e1n MDF \u00e9p gi\u1ea5y b\u00f3ng v\u00e2n g\u1ed7 ch\u1ed1ng \u1ea9m, ch\u1ed1ng cong mo v\u00e0 \u0111\u1ea3m b\u1ea3o b\u1ea3ng vi\u1ebft kh\u00f4ng b\u1ecb rung.<br \/>\n3. Khung bo b\u1ea3ng: \u0110\u01b0\u1ee3c l\u00e0m b\u1eb1ng nh\u00f4m c\u00e1nh tr\u01a1n chuy\u00ean d\u1ee5ng.<br \/>\n4. Co g\u00f3c b\u1ea3ng: B\u1ed1n g\u00f3c b\u1ea3ng c\u00f3 co nh\u1ef1a m\u00e0u tr\u1eafng s\u1eefa r\u1ea5t h\u00e0i h\u00f2a, ch\u1ed1ng b\u1ecb tr\u1ea7y x\u01b0\u1edbc.<br \/>\n5. Ch\u00e2n b\u1ea3ng:<br \/>\n\u2013 B\u1eb1ng s\u1eaft vu\u00f4ng 25mm ho\u1eb7c 30mm, d\u1ea7y 1,2ly, s\u01a1n t\u0129nh \u0111i\u1ec7n m\u00e0u tr\u1eafng s\u1eefa ho\u1eb7c m\u00e0u \u0111en, cho ph\u00e9p xoay b\u1ea3ng theo chi\u1ec1u ngang ho\u1eb7c \u0111\u1ee9ng (V\u1edbi b\u1ea3ng c\u00f3 chi\u1ec1u ngang nh\u1ecf h\u01a1n 120cm).<br \/>\n\u2013 C\u00f3 ch\u1ed1ng Inox 304 x\u1ebfp l\u1ea1i \u0111\u01b0\u1ee3c.<br \/>\n\u2013 B\u00e1nh xe: B\u1ea3ng c\u00f3 g\u1eafn 4 b\u00e1nh xe c\u1ee7a Taiwan m\u00e0u tr\u1eafng cao c\u1ea5p, c\u00f3 th\u1ec3 c\u00e0i c\u1ed1 \u0111\u1ecbnh \u0111\u01b0\u1ee3c.<br \/>\n\u2013 Kho\u1ea3ng c\u00e1ch t\u1eeb b\u00e1nh xe \u0111\u1ebfn c\u1ea1nh d\u01b0\u1edbi c\u1ee7a b\u1ea3ng l\u00e0 70 cm. Chi\u1ec1u cao b\u1ea3ng t\u0103ng l\u00ean theo k\u00edch th\u01b0\u1edbc b\u1ea3ng ch\u1ecdn.<br \/>\n\u2013 \u0110i\u1ec3m \u0111\u1eb7c bi\u1ec7t, ch\u00e2n b\u1ea3ng c\u00f3 thanh \u0111i\u1ec1u ch\u1ec9nh c\u00f3 tai v\u1eb7n thay \u0111\u1ed5i d\u1eb7t b\u1ea3ng. \u0110\u1eb7t quay ngang ho\u1eb7c quay d\u1ecdc \u0111\u1ec1u \u0111\u01b0\u1ee3c.<\/p>\n<p><img loading=\"lazy\" decoding=\"async\" class=\"alignnone size-full wp-image-11468\" src=\"https:\/\/bangvietbavicoboard.com\/wp-content\/uploads\/2025\/05\/viber_image_2025-05-14_14-43-15-335.jpg\" alt=\"\" width=\"1600\" height=\"900\" srcset=\"https:\/\/bangvietbavicoboard.com\/wp-content\/uploads\/2025\/05\/viber_image_2025-05-14_14-43-15-335.jpg 1600w, https:\/\/bangvietbavicoboard.com\/wp-content\/uploads\/2025\/05\/viber_image_2025-05-14_14-43-15-335-711x400.jpg 711w, https:\/\/bangvietbavicoboard.com\/wp-content\/uploads\/2025\/05\/viber_image_2025-05-14_14-43-15-335-1400x788.jpg 1400w, https:\/\/bangvietbavicoboard.com\/wp-content\/uploads\/2025\/05\/viber_image_2025-05-14_14-43-15-335-768x432.jpg 768w, https:\/\/bangvietbavicoboard.com\/wp-content\/uploads\/2025\/05\/viber_image_2025-05-14_14-43-15-335-1536x864.jpg 1536w, https:\/\/bangvietbavicoboard.com\/wp-content\/uploads\/2025\/05\/viber_image_2025-05-14_14-43-15-335-18x10.jpg 18w, https:\/\/bangvietbavicoboard.com\/wp-content\/uploads\/2025\/05\/viber_image_2025-05-14_14-43-15-335-300x169.jpg 300w, https:\/\/bangvietbavicoboard.com\/wp-content\/uploads\/2025\/05\/viber_image_2025-05-14_14-43-15-335-600x338.jpg 600w\" sizes=\"auto, (max-width: 1600px) 100vw, 1600px\" \/> <img loading=\"lazy\" decoding=\"async\" class=\"alignnone size-full wp-image-11467\" src=\"https:\/\/bangvietbavicoboard.com\/wp-content\/uploads\/2025\/05\/bang-flipchart-da-nang-lon3.jpg\" alt=\"\" width=\"1432\" height=\"1008\" srcset=\"https:\/\/bangvietbavicoboard.com\/wp-content\/uploads\/2025\/05\/bang-flipchart-da-nang-lon3.jpg 1432w, https:\/\/bangvietbavicoboard.com\/wp-content\/uploads\/2025\/05\/bang-flipchart-da-nang-lon3-568x400.jpg 568w, https:\/\/bangvietbavicoboard.com\/wp-content\/uploads\/2025\/05\/bang-flipchart-da-nang-lon3-1137x800.jpg 1137w, https:\/\/bangvietbavicoboard.com\/wp-content\/uploads\/2025\/05\/bang-flipchart-da-nang-lon3-768x541.jpg 768w, https:\/\/bangvietbavicoboard.com\/wp-content\/uploads\/2025\/05\/bang-flipchart-da-nang-lon3-18x12.jpg 18w, https:\/\/bangvietbavicoboard.com\/wp-content\/uploads\/2025\/05\/bang-flipchart-da-nang-lon3-300x211.jpg 300w, https:\/\/bangvietbavicoboard.com\/wp-content\/uploads\/2025\/05\/bang-flipchart-da-nang-lon3-600x422.jpg 600w\" sizes=\"auto, (max-width: 1432px) 100vw, 1432px\" \/><\/p>\n<h1><span class=\"ez-toc-section\" id=\"Bao_hanh\"><\/span><strong>B\u1ea3o h\u00e0nh<\/strong><span class=\"ez-toc-section-end\"><\/span><\/h1>\n<p>+ Th\u1eddi gian b\u1ea3o h\u00e0nh t\u1eeb 12 \u2013 36 th\u00e1ng do l\u1ed7i c\u1ee7a nh\u00e0 s\u1ea3n xu\u1ea5t.<br \/>\n+ Qu\u00fd kh\u00e1ch h\u00e0ng gi\u1eef l\u1ea1i Gi\u1ea5y giao h\u00e0ng v\u00e0 g\u1ecdi cho s\u1ed1 Hotline\u00a0<strong>0938 623 068<\/strong>\u00a0ho\u1eb7c kinh doanh tr\u00ean gi\u1ea5y giao h\u00e0ng\/ tr\u00ean website n\u00e0y \u0111\u1ec3 \u0111\u01b0\u1ee3c h\u1ed7 tr\u1ee3 !<\/p>\n<p>&nbsp;<\/p>\n<p><img decoding=\"async\" class=\"lazy-load-active\" src=\"https:\/\/bangvietbavico.edu.vn\/wp-content\/uploads\/2024\/10\/XE-TAI.png\" alt=\"B\u1ea3ng t\u1eeb tr\u1eafng di \u0111\u1ed9ng\" data-src=\"https:\/\/bangvietbavico.edu.vn\/wp-content\/uploads\/2024\/10\/XE-TAI.png\" \/><\/p>\n<h1><span class=\"ez-toc-section\" id=\"LY_DO_NEN_LUA_CHON_BANG_VIET_BAVICO\"><\/span><span id=\"LY_DO_NEN_LUA_CHON_BANG_VIET_BAVICO\" class=\"ez-toc-section\"><\/span><strong>L\u00dd DO N\u00caN L\u1ef0A CH\u1eccN B\u1ea2NG VI\u1ebeT BAVICO<\/strong><span class=\"ez-toc-section-end\"><\/span><\/h1>\n<ul>\n<li>B\u1ea3ng vi\u1ebft BAVICO l\u00e0 th\u01b0\u01a1ng hi\u1ec7u uy t\u00edn trong l\u0129nh v\u1ef1c s\u1ea3n xu\u1ea5t b\u1ea3ng v\u1edbi h\u01a1n 22 n\u0103m kinh nghi\u1ec7m.<\/li>\n<li>Doanh nghi\u1ec7p \u0111\u1ea7u ti\u00ean trong ng\u00e0nh \u0111\u01b0a b\u1ea3ng t\u1eeb v\u1ec1 Vi\u1ec7t Nam v\u00e0 t\u01b0 v\u1ea5n thay th\u1ebf b\u1ea3ng t\u1eeb cho B\u1ed9 Gi\u00e1o d\u1ee5c v\u00e0 \u0110\u00e0o t\u1ea1o.<\/li>\n<li>C\u00f3 ch\u1ee9ng nh\u1eadn nh\u1eadp kh\u1ea9u h\u00e0ng h\u00f3a theo \u0111\u00fang quy \u0111\u1ecbnh (CO \u2013 CQ).<\/li>\n<li>\u0110\u1ed1i t\u00e1c ngu\u1ed3n nguy\u00ean li\u1ec7u ch\u00ednh (m\u1eb7t b\u1ea3ng) uy t\u00edn: Polyvision cho b\u1ec1 m\u1eb7t Ceramic v\u00e0 Dongshin cho b\u1ec1 m\u1eb7t th\u00e9p ph\u1ee7 s\u01a1n.<\/li>\n<li>B\u1ea3ng vi\u1ebft BAVICO l\u00e0 C\u00f4ng ty s\u1ea3n xu\u1ea5t v\u00e0 c\u1ea5p cung s\u1ea3n ph\u1ea9m tr\u1ef1c ti\u1ebfp\u00a0 \u2013 \u0110\u1ea3m b\u1ea3o s\u1ea3n ph\u1ea9m ch\u00ednh h\u00e3ng 100%.<\/li>\n<li>B\u1ea3ng vi\u1ebft BAVICO \u0111\u00e3 ph\u1ee5c v\u1ee5 r\u1ea5t nhi\u1ec1u kh\u00e1ch h\u00e0ng l\u1edbn nh\u01b0: T\u1eadp \u0111o\u00e0n Samsung, Viettel, C\u00e1c Tr\u01b0\u1eddng Qu\u1ed1c T\u1ebf\u2026<\/li>\n<li>S\u1ea3n ph\u1ea9m \u0111a d\u1ea1ng v\u1edbi nhi\u1ec1u s\u1ef1 l\u1ef1a ch\u1ecdn, thi\u1ebft k\u1ebf v\u00e0 s\u1ea3n xu\u1ea5t theo y\u00eau c\u1ea7u kh\u00e1ch h\u00e0ng.<\/li>\n<li>Ch\u00ednh s\u00e1ch b\u1ea3o h\u00e0nh t\u1eeb 12 th\u00e1ng \u2013 24 th\u00e1ng gi\u00fap kh\u00e1ch h\u00e0ng y\u00ean t\u00e2m khi mua h\u00e0ng.<\/li>\n<\/ul>\n<h2><span class=\"ez-toc-section\" id=\"THONG_TIN_LIEN_HE_MUA_BANG\"><\/span><span id=\"THONG_TIN_LIEN_HE_MUA_BANG\" class=\"ez-toc-section\"><\/span><small><b>TH\u00d4NG TIN LI\u00caN H\u1ec6 MUA B\u1ea2NG\u00a0<\/b><\/small><span class=\"ez-toc-section-end\"><\/span><\/h2>\n<h3><span class=\"ez-toc-section\" id=\"Lien_he_ngay_hotline_0938_623_068_de_duoc_tu_van_mien_phi\"><\/span><span id=\"Lien_he_ngay_hotline_0938_623_068_de_duoc_tu_van_mien_phi\" class=\"ez-toc-section\"><\/span>Li\u00ean h\u1ec7 ngay hotline\u00a0<strong>0938 623 068<\/strong>\u00a0\u0111\u1ec3 \u0111\u01b0\u1ee3c t\u01b0 v\u1ea5n mi\u1ec5n ph\u00ed!<span class=\"ez-toc-section-end\"><\/span><\/h3>\n<p><strong>Di \u0110\u1ed9ng:\u00a0<\/strong><strong>\u00a0\u00a0<\/strong><span style=\"color: #0000ff;\"><strong>\u00a0<\/strong><a style=\"color: #0000ff;\" href=\"tel:0938623068\"><strong>0938<\/strong><strong>\u00a0623 068<\/strong><\/a><\/span><\/p>\n<p><strong>Email:\u00a0<\/strong><strong>\u00a0\u00a0\u00a0\u00a0\u00a0\u00a0\u00a0<\/strong><span style=\"color: #0000ff;\"><a style=\"color: #0000ff;\" href=\"mailto:csns01@bangvietbavico.vn\"><strong>csns01@bangvietbavico.vn<\/strong><\/a><strong>\u00a0\u00a0<\/strong><\/span><\/p>\n<p><strong>Website: \u00a0\u00a0<\/strong>\u00a0<span style=\"color: #0000ff;\"><a style=\"color: #0000ff;\" href=\"https:\/\/bangvietbavicoboard.com\/en\/\"><strong>https:\/\/bangvietbavicoboard.com<\/strong><\/a><\/span><\/p>\n<h3><span class=\"ez-toc-section\" id=\"CONG_TY_TNHH_THIET_BI_GIAO_DUC_BAVICO\"><\/span><span id=\"CONG_TY_TNHH_THIET_BI_GIAO_DUC_BAVICO\" class=\"ez-toc-section\"><\/span><span id=\"CONG_TY_TNHH_THIET_BI_GIAO_DUC_BAVICO\" class=\"ez-toc-section\"><\/span><span id=\"CONG_TY_TNHH_THIET_BI_GIAO_DUC_BAVICO\" class=\"ez-toc-section\"><\/span><span style=\"color: #0000ff;\"><a style=\"color: #0000ff;\" href=\"https:\/\/bangvietbavicoboard.com\/en\/gioi-thieu\/\"><small><b>EQUIPMENT CO., EDUCATION BAVICO<\/b><\/small><\/a><\/span><small><b><\/b><\/small><small><b><br \/>\n<\/b><\/small><span class=\"ez-toc-section-end\"><\/span><\/h3>\n<p><img loading=\"lazy\" decoding=\"async\" class=\"aligncenter\" src=\"https:\/\/dungcuvanphongonline.com\/images\/pic\/CTY.jpg\" alt=\"\" width=\"308\" height=\"315\" \/><\/p>\n<p><small>\u2013 Head office: No.26-28 DD11 Street, An Suong Villa Area in Tan Hung Thuan Ward. District 12, Ho Chi Minh City, Vietnam<br \/>\n\u2013 Factory: 7\/7 Ho Van Tang, Xom Dong Hamlet, Tan Phu Trung Commune, Cu Chi District, Ho Chi Minh City, Vietnam<br \/>\n\u2013 TEL: (028) 3 592 4085 \u2013 (028) 5427 5356<br \/>\n\u2013 Hotline: 0903 883 885 \u2013 Fax: 3 592 4110<\/small><\/p>\n<h2><span class=\"ez-toc-section\" id=\"%3E%3E%3E_Moi_Quy_khach_hang_click_tham_khao_cac_loai_Bang_viet_but_long_khac\"><\/span><span id=\"%3E%3E%3E_Moi_Quy_khach_hang_click_tham_khao_cac_loai_Bang_viet_but_long_khac\" class=\"ez-toc-section\" style=\"box-sizing: border-box; -webkit-box-decoration-break: clone; box-decoration-break: clone;\"><\/span><span style=\"color: #800080;\"><a style=\"color: #800080;\" href=\"https:\/\/bangvietbavicoboard.com\/en\/product-category\/bang-viet-but-long\/\"><em>&gt;&gt;&gt; M\u1eddi Qu\u00fd kh\u00e1ch h\u00e0ng click tham kh\u1ea3o c\u00e1c lo\u1ea1i B\u1ea3ng vi\u1ebft b\u00fat l\u00f4ng kh\u00e1c<\/em><\/a><\/span><span class=\"ez-toc-section-end\"><\/span><\/h2>\n<h2><span class=\"ez-toc-section\" id=\"%3E%3E%3E_Moi_Quy_khach_hang_click_tham_khao_cac_loai_Bang_viet_phan_khac\"><\/span><span style=\"color: #800080;\"><span id=\"%3E%3E%3E_Moi_Quy_khach_hang_click_tham_khao_cac_loai_Bang_viet_phan_khac\" class=\"ez-toc-section\" style=\"box-sizing: border-box; -webkit-box-decoration-break: clone; box-decoration-break: clone;\"><\/span><a style=\"color: #800080;\" href=\"https:\/\/bangvietbavico.net\/product-category\/bang-viet-phan\/\" target=\"_blank\" rel=\"noopener\"><em>&gt;&gt;&gt; M\u1eddi Qu\u00fd kh\u00e1ch h\u00e0ng click tham kh\u1ea3o c\u00e1c lo\u1ea1i B\u1ea3ng vi\u1ebft ph\u1ea5n kh\u00e1c<\/em><\/a><\/span><span class=\"ez-toc-section-end\"><\/span><\/h2>\n<p>&nbsp;<\/p>\n<p>&nbsp;<\/p>\n<p>&nbsp;<\/p>\n<p>&nbsp;<\/p>","protected":false},"excerpt":{"rendered":"<p><strong>B\u1ea3ng ch\u00e2n x\u1ebfp \u0111a n\u0103ng vi\u1ebft b\u00fat l\u00f4ng Poly Taiwan<\/strong> l\u00e0 d\u00f2ng b\u1ea3ng vi\u1ebft b\u00fat l\u00f4ng n\u1ed5i b\u1eadt r\u1ea5t ph\u00f9 h\u1ee3p v\u1edbi kh\u00f4ng gian l\u00e0m vi\u1ec7c v\u00e0 h\u1ecdc t\u1eadp c\u00f3 di\u1ec7n t\u00edch h\u1ea1n ch\u1ebf.<\/p>","protected":false},"featured_media":11470,"comment_status":"open","ping_status":"closed","template":"","meta":{"_acf_changed":false},"product_brand":[],"product_cat":[469],"product_tag":[],"class_list":{"0":"post-11461","1":"product","2":"type-product","3":"status-publish","4":"has-post-thumbnail","6":"product_cat-bang-flipchart","8":"first","9":"instock","10":"shipping-taxable","11":"purchasable","12":"product-type-variable"},"acf":[],"_links":{"self":[{"href":"https:\/\/bangvietbavicoboard.com\/en\/wp-json\/wp\/v2\/product\/11461","targetHints":{"allow":["GET"]}}],"collection":[{"href":"https:\/\/bangvietbavicoboard.com\/en\/wp-json\/wp\/v2\/product"}],"about":[{"href":"https:\/\/bangvietbavicoboard.com\/en\/wp-json\/wp\/v2\/types\/product"}],"replies":[{"embeddable":true,"href":"https:\/\/bangvietbavicoboard.com\/en\/wp-json\/wp\/v2\/comments?post=11461"}],"wp:featuredmedia":[{"embeddable":true,"href":"https:\/\/bangvietbavicoboard.com\/en\/wp-json\/wp\/v2\/media\/11470"}],"wp:attachment":[{"href":"https:\/\/bangvietbavicoboard.com\/en\/wp-json\/wp\/v2\/media?parent=11461"}],"wp:term":[{"taxonomy":"product_brand","embeddable":true,"href":"https:\/\/bangvietbavicoboard.com\/en\/wp-json\/wp\/v2\/product_brand?post=11461"},{"taxonomy":"product_cat","embeddable":true,"href":"https:\/\/bangvietbavicoboard.com\/en\/wp-json\/wp\/v2\/product_cat?post=11461"},{"taxonomy":"product_tag","embeddable":true,"href":"https:\/\/bangvietbavicoboard.com\/en\/wp-json\/wp\/v2\/product_tag?post=11461"}],"curies":[{"name":"wp","href":"https:\/\/api.w.org\/{rel}","templated":true}]}}