{"id":11448,"date":"2025-05-14T06:55:59","date_gmt":"2025-05-14T06:55:59","guid":{"rendered":"https:\/\/bangvietbavicoboard.com\/?post_type=product&#038;p=11448"},"modified":"2025-06-25T02:59:05","modified_gmt":"2025-06-25T02:59:05","slug":"bang-flipchart-ghim-ni-chan-sat-son-tinh-dien","status":"publish","type":"product","link":"https:\/\/bangvietbavicoboard.com\/en\/product\/bang-flipchart-ghim-ni-chan-sat-son-tinh-dien\/","title":{"rendered":"B\u1ea3ng Flipchart ghim n\u1ec9 ch\u00e2n s\u1eaft s\u01a1n t\u0129nh \u0111i\u1ec7n"},"content":{"rendered":"<p><strong>B\u1ea3ng Flipchart ghim n\u1ec9 ch\u00e2n s\u1eaft s\u01a1n t\u0129nh \u0111i\u1ec7n <\/strong>r\u1ea5t sang tr\u1ecdng ti\u1ec7n l\u1ee3i, ph\u00f9 h\u1ee3p v\u1edbi m\u1ecdi kh\u00f4ng gian v\u0103n ph\u00f2ng, ph\u00f2ng h\u1ecdp v\u00e0 cho c\u1ea3 gia \u0111\u00ecnh d\u00f9ng \u0111\u1ec3 ghim \u0111\u00ednh t\u00e0i li\u1ec7u ho\u1eb7c h\u00ecnh \u1ea3nh.<\/p>\n<table style=\"border-collapse: collapse; width: 100%;\">\n<tbody>\n<tr>\n<td style=\"width: 50%;\"><img loading=\"lazy\" decoding=\"async\" class=\"alignnone size-full wp-image-11452\" src=\"https:\/\/bangvietbavicoboard.com\/wp-content\/uploads\/2025\/05\/bang_ghim_ni_flipchart.jpg\" alt=\"\" width=\"1200\" height=\"1200\" srcset=\"https:\/\/bangvietbavicoboard.com\/wp-content\/uploads\/2025\/05\/bang_ghim_ni_flipchart.jpg 1200w, https:\/\/bangvietbavicoboard.com\/wp-content\/uploads\/2025\/05\/bang_ghim_ni_flipchart-400x400.jpg 400w, https:\/\/bangvietbavicoboard.com\/wp-content\/uploads\/2025\/05\/bang_ghim_ni_flipchart-800x800.jpg 800w, https:\/\/bangvietbavicoboard.com\/wp-content\/uploads\/2025\/05\/bang_ghim_ni_flipchart-280x280.jpg 280w, https:\/\/bangvietbavicoboard.com\/wp-content\/uploads\/2025\/05\/bang_ghim_ni_flipchart-768x768.jpg 768w, https:\/\/bangvietbavicoboard.com\/wp-content\/uploads\/2025\/05\/bang_ghim_ni_flipchart-12x12.jpg 12w, https:\/\/bangvietbavicoboard.com\/wp-content\/uploads\/2025\/05\/bang_ghim_ni_flipchart-300x300.jpg 300w, https:\/\/bangvietbavicoboard.com\/wp-content\/uploads\/2025\/05\/bang_ghim_ni_flipchart-600x600.jpg 600w, https:\/\/bangvietbavicoboard.com\/wp-content\/uploads\/2025\/05\/bang_ghim_ni_flipchart-100x100.jpg 100w, https:\/\/bangvietbavicoboard.com\/wp-content\/uploads\/2025\/05\/bang_ghim_ni_flipchart-96x96.jpg 96w\" sizes=\"auto, (max-width: 1200px) 100vw, 1200px\" \/><\/td>\n<td style=\"width: 50%;\"><img loading=\"lazy\" decoding=\"async\" class=\"alignnone size-full wp-image-11450\" src=\"https:\/\/bangvietbavicoboard.com\/wp-content\/uploads\/2025\/05\/HUY-BANG-GHIM-NI-13.05-2.png\" alt=\"\" width=\"1200\" height=\"1200\" srcset=\"https:\/\/bangvietbavicoboard.com\/wp-content\/uploads\/2025\/05\/HUY-BANG-GHIM-NI-13.05-2.png 1200w, https:\/\/bangvietbavicoboard.com\/wp-content\/uploads\/2025\/05\/HUY-BANG-GHIM-NI-13.05-2-400x400.png 400w, https:\/\/bangvietbavicoboard.com\/wp-content\/uploads\/2025\/05\/HUY-BANG-GHIM-NI-13.05-2-800x800.png 800w, https:\/\/bangvietbavicoboard.com\/wp-content\/uploads\/2025\/05\/HUY-BANG-GHIM-NI-13.05-2-280x280.png 280w, https:\/\/bangvietbavicoboard.com\/wp-content\/uploads\/2025\/05\/HUY-BANG-GHIM-NI-13.05-2-768x768.png 768w, https:\/\/bangvietbavicoboard.com\/wp-content\/uploads\/2025\/05\/HUY-BANG-GHIM-NI-13.05-2-12x12.png 12w, https:\/\/bangvietbavicoboard.com\/wp-content\/uploads\/2025\/05\/HUY-BANG-GHIM-NI-13.05-2-300x300.png 300w, https:\/\/bangvietbavicoboard.com\/wp-content\/uploads\/2025\/05\/HUY-BANG-GHIM-NI-13.05-2-600x600.png 600w, https:\/\/bangvietbavicoboard.com\/wp-content\/uploads\/2025\/05\/HUY-BANG-GHIM-NI-13.05-2-100x100.png 100w, https:\/\/bangvietbavicoboard.com\/wp-content\/uploads\/2025\/05\/HUY-BANG-GHIM-NI-13.05-2-96x96.png 96w\" sizes=\"auto, (max-width: 1200px) 100vw, 1200px\" \/><\/td>\n<\/tr>\n<\/tbody>\n<\/table>\n<p><strong style=\"color: #555555; font-size: 20.16px;\">C\u1ea4U T\u1ea0O C\u1ee6A B\u1ea2NG<\/strong><\/p>\n<p><strong>\u2013 M\u1eb7t b\u1ea3ng:<\/strong>\u00a0v\u1edbi m\u1eb7t v\u1ea3i n\u1ec9 nhi\u1ec1u m\u00e0u: xanh bi\u1ec3n, xanh l\u00e1, \u0111\u1ecf, x\u00e1m, \u0111en, \u0111\u01b0\u1ee3c nh\u1eadp kh\u1ea9u t\u1eeb Indonesia kh\u00f4ng phai m\u00e0u.<\/p>\n<p><strong>\u2013 L\u1edbp cao su:<\/strong>\u00a0Ph\u00eda sau v\u1ea3i b\u1ed1 l\u00e0 l\u1edbp cao su cao c\u1ea5p kh\u00f4ng \u0111\u1ec3 l\u1ea1i l\u1ed7 sau khi ghim, b\u1ea3ng \u0111a n\u0103ng.<\/p>\n<p>\u2013\u00a0<strong>T\u1ea5m l\u00f3t:\u00a0<\/strong>M\u1eb7t sau b\u1ea3ng \u0111\u01b0\u1ee3c l\u00f3t b\u1eb1ng m\u1ed9t t\u1ea5m v\u00e1n MDF c\u00f3 l\u1edbp v\u00e2n g\u1ed7 gi\u00fap kh\u00f4ng b\u1ecb \u1ea9m th\u1ea5p, mo, cong, v\u00eanh b\u1ea3ng, c\u00f3 t\u00ednh th\u1ea9m m\u1ef9 cao, c\u00f3 t\u00ednh ch\u1ecbu l\u1ef1c t\u1ed1t, \u0111\u1ed9 b\u1ec1n t\u1ed1i \u01b0u v\u00e0 \u0111\u01b0\u1ee3c \u00e9p d\u00ednh b\u1edfi m\u1ed9t ch\u1ea5t Polyester gi\u00fap b\u1ea3ng kh\u00f4ng b\u1ecb mo, kh\u00f4ng b\u1ecb rung khi vi\u1ebft.<\/p>\n<p>\u2013<strong>\u00a0Khung b\u1ea3ng:<\/strong>\u00a0\u0110\u01b0\u1ee3c vi\u1ec1n khung nh\u00f4m m\u1edbi, d\u00e0y 2cm, \u0111\u01b0\u1ee3c thi\u1ebft k\u1ebf \u0111\u1ea3m b\u1ea3o t\u00ednh ch\u1ecbu l\u1ef1c cao v\u00e0 gi\u1eefa 2 g\u00f3c n\u1ed1i l\u1ea1i v\u1edbi nhau b\u1eb1ng m\u1ed9t co g\u00f3c b\u1ea3ng l\u00e0m b\u1eb1ng nh\u1ef1a, g\u00f3c b\u1ea3ng \u0111\u1eb9p v\u00e0 h\u00e0i h\u00f2a v\u1edbi khung b\u1ea3ng.<\/p>\n<p>\u2022\u00a0 \u00a0 C\u00f3 m\u00e1ng \u0111\u1ef1ng b\u00fat d\u00e0i xuy\u00ean su\u1ed1t m\u1eb7t b\u1ea3ng<\/p>\n<p><strong>Ch\u00e2n b\u1ea3ng c\u00f3 th\u1ec3 t\u0103ng gi\u1ea3m \u0111\u1ed9 cao<\/strong><\/p>\n<p>\u2022\u00a0 Ch\u1ea5t li\u1ec7u ch\u00e2n b\u1ea3ng b\u1eb1ng s\u1eaft ch\u1ed1ng r\u1ec9 s\u01a1n t\u0129nh \u0111i\u1ec7n ch\u1ed1ng tr\u1ea7y m\u00e0u tr\u1eafng s\u1eefa ho\u1eb7c m\u00e0u \u0111en,\u00a0cho ph\u00e9p ch\u1ec9nh \u0111\u1ed9 cao, x\u1ebfp g\u1ecdn v\u00e0 c\u00f3 g\u1eafn 4 b\u00e1nh xe di chuy\u1ec3n v\u00e0 c\u1ed1 \u0111\u1ecbnh d\u1ec5 d\u00e0ng.<\/p>\n<p><strong>B\u1ea3ng Flipchart ghim \u0111a n\u0103ng \u2013 c\u00f3 c\u00e1c k\u00edch th\u01b0\u1edbc chu\u1ea9n:<\/strong><strong>\u00a0<\/strong>\u00a0100 x 60 cm\u00a0; 120 x 80 cm; 120 x 100 cm; 120 x 120 cm; 120 x 140 cm; 120 x 160 cm; 120 x 180 cm<\/p>\n<table>\n<tbody>\n<tr>\n<td><img loading=\"lazy\" decoding=\"async\" class=\"alignnone size-full wp-image-11451\" src=\"https:\/\/bangvietbavicoboard.com\/wp-content\/uploads\/2025\/05\/HUY-BANG-GHIM-NI-13.05-3.png\" alt=\"\" width=\"1200\" height=\"1200\" srcset=\"https:\/\/bangvietbavicoboard.com\/wp-content\/uploads\/2025\/05\/HUY-BANG-GHIM-NI-13.05-3.png 1200w, https:\/\/bangvietbavicoboard.com\/wp-content\/uploads\/2025\/05\/HUY-BANG-GHIM-NI-13.05-3-400x400.png 400w, https:\/\/bangvietbavicoboard.com\/wp-content\/uploads\/2025\/05\/HUY-BANG-GHIM-NI-13.05-3-800x800.png 800w, https:\/\/bangvietbavicoboard.com\/wp-content\/uploads\/2025\/05\/HUY-BANG-GHIM-NI-13.05-3-280x280.png 280w, https:\/\/bangvietbavicoboard.com\/wp-content\/uploads\/2025\/05\/HUY-BANG-GHIM-NI-13.05-3-768x768.png 768w, https:\/\/bangvietbavicoboard.com\/wp-content\/uploads\/2025\/05\/HUY-BANG-GHIM-NI-13.05-3-12x12.png 12w, https:\/\/bangvietbavicoboard.com\/wp-content\/uploads\/2025\/05\/HUY-BANG-GHIM-NI-13.05-3-300x300.png 300w, https:\/\/bangvietbavicoboard.com\/wp-content\/uploads\/2025\/05\/HUY-BANG-GHIM-NI-13.05-3-600x600.png 600w, https:\/\/bangvietbavicoboard.com\/wp-content\/uploads\/2025\/05\/HUY-BANG-GHIM-NI-13.05-3-100x100.png 100w, https:\/\/bangvietbavicoboard.com\/wp-content\/uploads\/2025\/05\/HUY-BANG-GHIM-NI-13.05-3-96x96.png 96w\" sizes=\"auto, (max-width: 1200px) 100vw, 1200px\" \/><\/td>\n<td><img loading=\"lazy\" decoding=\"async\" class=\"alignnone size-full wp-image-11449\" src=\"https:\/\/bangvietbavicoboard.com\/wp-content\/uploads\/2025\/05\/HUY-BANG-GHIM-NI-13.05-1.png\" alt=\"\" width=\"1200\" height=\"1200\" srcset=\"https:\/\/bangvietbavicoboard.com\/wp-content\/uploads\/2025\/05\/HUY-BANG-GHIM-NI-13.05-1.png 1200w, https:\/\/bangvietbavicoboard.com\/wp-content\/uploads\/2025\/05\/HUY-BANG-GHIM-NI-13.05-1-400x400.png 400w, https:\/\/bangvietbavicoboard.com\/wp-content\/uploads\/2025\/05\/HUY-BANG-GHIM-NI-13.05-1-800x800.png 800w, https:\/\/bangvietbavicoboard.com\/wp-content\/uploads\/2025\/05\/HUY-BANG-GHIM-NI-13.05-1-280x280.png 280w, https:\/\/bangvietbavicoboard.com\/wp-content\/uploads\/2025\/05\/HUY-BANG-GHIM-NI-13.05-1-768x768.png 768w, https:\/\/bangvietbavicoboard.com\/wp-content\/uploads\/2025\/05\/HUY-BANG-GHIM-NI-13.05-1-12x12.png 12w, https:\/\/bangvietbavicoboard.com\/wp-content\/uploads\/2025\/05\/HUY-BANG-GHIM-NI-13.05-1-300x300.png 300w, https:\/\/bangvietbavicoboard.com\/wp-content\/uploads\/2025\/05\/HUY-BANG-GHIM-NI-13.05-1-600x600.png 600w, https:\/\/bangvietbavicoboard.com\/wp-content\/uploads\/2025\/05\/HUY-BANG-GHIM-NI-13.05-1-100x100.png 100w, https:\/\/bangvietbavicoboard.com\/wp-content\/uploads\/2025\/05\/HUY-BANG-GHIM-NI-13.05-1-96x96.png 96w\" sizes=\"auto, (max-width: 1200px) 100vw, 1200px\" \/><\/td>\n<\/tr>\n<\/tbody>\n<\/table>\n<h1><span class=\"ez-toc-section\" id=\"Bao_hanh\"><\/span><span id=\"Bao_hanh\" class=\"ez-toc-section\"><\/span><strong>B\u1ea3o h\u00e0nh<\/strong><span class=\"ez-toc-section-end\"><\/span><\/h1>\n<p>+ Th\u1eddi gian b\u1ea3o h\u00e0nh t\u1eeb 12 \u2013 36 th\u00e1ng do l\u1ed7i c\u1ee7a nh\u00e0 s\u1ea3n xu\u1ea5t.<br \/>\n+ Qu\u00fd kh\u00e1ch h\u00e0ng gi\u1eef l\u1ea1i Gi\u1ea5y giao h\u00e0ng v\u00e0 g\u1ecdi cho s\u1ed1 Hotline\u00a0<strong>0938 623 068<\/strong>\u00a0ho\u1eb7c kinh doanh tr\u00ean gi\u1ea5y giao h\u00e0ng\/ tr\u00ean website n\u00e0y \u0111\u1ec3 \u0111\u01b0\u1ee3c h\u1ed7 tr\u1ee3 !<\/p>\n<p>&nbsp;<\/p>\n<p><img decoding=\"async\" class=\"lazy-load-active\" src=\"https:\/\/bangvietbavico.edu.vn\/wp-content\/uploads\/2024\/10\/XE-TAI.png\" alt=\"B\u1ea3ng t\u1eeb tr\u1eafng di \u0111\u1ed9ng\" data-src=\"https:\/\/bangvietbavico.edu.vn\/wp-content\/uploads\/2024\/10\/XE-TAI.png\" \/><\/p>\n<h1><span class=\"ez-toc-section\" id=\"LY_DO_NEN_LUA_CHON_BANG_VIET_BAVICO\"><\/span><span id=\"LY_DO_NEN_LUA_CHON_BANG_VIET_BAVICO\" class=\"ez-toc-section\"><\/span><strong>L\u00dd DO N\u00caN L\u1ef0A CH\u1eccN B\u1ea2NG VI\u1ebeT BAVICO<\/strong><span class=\"ez-toc-section-end\"><\/span><\/h1>\n<ul>\n<li>B\u1ea3ng vi\u1ebft BAVICO l\u00e0 th\u01b0\u01a1ng hi\u1ec7u uy t\u00edn trong l\u0129nh v\u1ef1c s\u1ea3n xu\u1ea5t b\u1ea3ng v\u1edbi h\u01a1n 22 n\u0103m kinh nghi\u1ec7m.<\/li>\n<li>Doanh nghi\u1ec7p \u0111\u1ea7u ti\u00ean trong ng\u00e0nh \u0111\u01b0a b\u1ea3ng t\u1eeb v\u1ec1 Vi\u1ec7t Nam v\u00e0 t\u01b0 v\u1ea5n thay th\u1ebf b\u1ea3ng t\u1eeb cho B\u1ed9 Gi\u00e1o d\u1ee5c v\u00e0 \u0110\u00e0o t\u1ea1o.<\/li>\n<li>C\u00f3 ch\u1ee9ng nh\u1eadn nh\u1eadp kh\u1ea9u h\u00e0ng h\u00f3a theo \u0111\u00fang quy \u0111\u1ecbnh (CO \u2013 CQ).<\/li>\n<li>\u0110\u1ed1i t\u00e1c ngu\u1ed3n nguy\u00ean li\u1ec7u ch\u00ednh (m\u1eb7t b\u1ea3ng) uy t\u00edn: Polyvision cho b\u1ec1 m\u1eb7t Ceramic v\u00e0 Dongshin cho b\u1ec1 m\u1eb7t th\u00e9p ph\u1ee7 s\u01a1n.<\/li>\n<li>B\u1ea3ng vi\u1ebft BAVICO l\u00e0 C\u00f4ng ty s\u1ea3n xu\u1ea5t v\u00e0 c\u1ea5p cung s\u1ea3n ph\u1ea9m tr\u1ef1c ti\u1ebfp\u00a0 \u2013 \u0110\u1ea3m b\u1ea3o s\u1ea3n ph\u1ea9m ch\u00ednh h\u00e3ng 100%.<\/li>\n<li>B\u1ea3ng vi\u1ebft BAVICO \u0111\u00e3 ph\u1ee5c v\u1ee5 r\u1ea5t nhi\u1ec1u kh\u00e1ch h\u00e0ng l\u1edbn nh\u01b0: T\u1eadp \u0111o\u00e0n Samsung, Viettel, C\u00e1c Tr\u01b0\u1eddng Qu\u1ed1c T\u1ebf\u2026<\/li>\n<li>S\u1ea3n ph\u1ea9m \u0111a d\u1ea1ng v\u1edbi nhi\u1ec1u s\u1ef1 l\u1ef1a ch\u1ecdn, thi\u1ebft k\u1ebf v\u00e0 s\u1ea3n xu\u1ea5t theo y\u00eau c\u1ea7u kh\u00e1ch h\u00e0ng.<\/li>\n<li>Ch\u00ednh s\u00e1ch b\u1ea3o h\u00e0nh t\u1eeb 12 th\u00e1ng \u2013 24 th\u00e1ng gi\u00fap kh\u00e1ch h\u00e0ng y\u00ean t\u00e2m khi mua h\u00e0ng.<\/li>\n<\/ul>\n<h2><span class=\"ez-toc-section\" id=\"THONG_TIN_LIEN_HE_MUA_BANG\"><\/span><span id=\"THONG_TIN_LIEN_HE_MUA_BANG\" class=\"ez-toc-section\"><\/span><small><b>TH\u00d4NG TIN LI\u00caN H\u1ec6 MUA B\u1ea2NG\u00a0<\/b><\/small><span class=\"ez-toc-section-end\"><\/span><\/h2>\n<h3><span class=\"ez-toc-section\" id=\"Lien_he_ngay_hotline_0938_623_068_de_duoc_tu_van_mien_phi\"><\/span><span id=\"Lien_he_ngay_hotline_0938_623_068_de_duoc_tu_van_mien_phi\" class=\"ez-toc-section\"><\/span>Li\u00ean h\u1ec7 ngay hotline\u00a0<strong>0938 623 068<\/strong>\u00a0\u0111\u1ec3 \u0111\u01b0\u1ee3c t\u01b0 v\u1ea5n mi\u1ec5n ph\u00ed!<span class=\"ez-toc-section-end\"><\/span><\/h3>\n<p><strong>Di \u0110\u1ed9ng:\u00a0<\/strong><strong>\u00a0\u00a0<\/strong><span style=\"color: #0000ff;\"><strong>\u00a0<\/strong><a style=\"color: #0000ff;\" href=\"tel:0938623068\"><strong>0938<\/strong><strong>\u00a0623 068<\/strong><\/a><\/span><\/p>\n<p><strong>Email:\u00a0<\/strong><strong>\u00a0\u00a0\u00a0\u00a0\u00a0\u00a0\u00a0<\/strong><span style=\"color: #0000ff;\"><a style=\"color: #0000ff;\" href=\"mailto:csns01@bangvietbavico.vn\"><strong>csns01@bangvietbavico.vn<\/strong><\/a><strong>\u00a0\u00a0<\/strong><\/span><\/p>\n<p><strong>Website: \u00a0\u00a0<\/strong>\u00a0<span style=\"color: #0000ff;\"><a style=\"color: #0000ff;\" href=\"https:\/\/bangvietbavicoboard.com\/en\/\"><strong>https:\/\/bangvietbavicoboard.com<\/strong><\/a><\/span><\/p>\n<h3><span class=\"ez-toc-section\" id=\"CONG_TY_TNHH_THIET_BI_GIAO_DUC_BAVICO\"><\/span><span id=\"CONG_TY_TNHH_THIET_BI_GIAO_DUC_BAVICO\" class=\"ez-toc-section\"><\/span><span id=\"CONG_TY_TNHH_THIET_BI_GIAO_DUC_BAVICO\" class=\"ez-toc-section\"><\/span><span id=\"CONG_TY_TNHH_THIET_BI_GIAO_DUC_BAVICO\" class=\"ez-toc-section\"><\/span><span style=\"color: #0000ff;\"><a style=\"color: #0000ff;\" href=\"https:\/\/bangvietbavicoboard.com\/en\/gioi-thieu\/\"><small><b>EQUIPMENT CO., EDUCATION BAVICO<\/b><\/small><\/a><\/span><small><b><\/b><\/small><small><b><br \/>\n<\/b><\/small><span class=\"ez-toc-section-end\"><\/span><\/h3>\n<p><img loading=\"lazy\" decoding=\"async\" class=\"aligncenter\" src=\"https:\/\/dungcuvanphongonline.com\/images\/pic\/CTY.jpg\" alt=\"\" width=\"308\" height=\"315\" \/><\/p>\n<p><small>\u2013 Head office: No.26-28 DD11 Street, An Suong Villa Area in Tan Hung Thuan Ward. District 12, Ho Chi Minh City, Vietnam<br \/>\n\u2013 Factory: 7\/7 Ho Van Tang, Xom Dong Hamlet, Tan Phu Trung Commune, Cu Chi District, Ho Chi Minh City, Vietnam<br \/>\n\u2013 TEL: (028) 3 592 4085 \u2013 (028) 5427 5356<br \/>\n\u2013 Hotline: 0903 883 885 \u2013 Fax: 3 592 4110<\/small><\/p>\n<h2><span class=\"ez-toc-section\" id=\"%3E%3E%3E_Moi_Quy_khach_hang_click_tham_khao_cac_loai_Bang_viet_but_long_khac\"><\/span><span id=\"%3E%3E%3E_Moi_Quy_khach_hang_click_tham_khao_cac_loai_Bang_viet_but_long_khac\" class=\"ez-toc-section\" style=\"box-sizing: border-box; -webkit-box-decoration-break: clone; box-decoration-break: clone;\"><\/span><span style=\"color: #800080;\"><a style=\"color: #800080;\" href=\"https:\/\/bangvietbavicoboard.com\/en\/product-category\/bang-viet-but-long\/\"><em>&gt;&gt;&gt; M\u1eddi Qu\u00fd kh\u00e1ch h\u00e0ng click tham kh\u1ea3o c\u00e1c lo\u1ea1i B\u1ea3ng vi\u1ebft b\u00fat l\u00f4ng kh\u00e1c<\/em><\/a><\/span><span class=\"ez-toc-section-end\"><\/span><\/h2>\n<h2><span class=\"ez-toc-section\" id=\"%3E%3E%3E_Moi_Quy_khach_hang_click_tham_khao_cac_loai_Bang_viet_phan_khac\"><\/span><span style=\"color: #800080;\"><span id=\"%3E%3E%3E_Moi_Quy_khach_hang_click_tham_khao_cac_loai_Bang_viet_phan_khac\" class=\"ez-toc-section\" style=\"box-sizing: border-box; -webkit-box-decoration-break: clone; box-decoration-break: clone;\"><\/span><a style=\"color: #800080;\" href=\"https:\/\/bangvietbavico.net\/product-category\/bang-viet-phan\/\" target=\"_blank\" rel=\"noopener\"><em>&gt;&gt;&gt; M\u1eddi Qu\u00fd kh\u00e1ch h\u00e0ng click tham kh\u1ea3o c\u00e1c lo\u1ea1i B\u1ea3ng vi\u1ebft ph\u1ea5n kh\u00e1c<\/em><\/a><\/span><span class=\"ez-toc-section-end\"><\/span><\/h2>\n<p>&nbsp;<\/p>\n<p>&nbsp;<\/p>\n<p>&nbsp;<\/p>","protected":false},"excerpt":{"rendered":"<p><strong>B\u1ea3ng Flipchart ghim n\u1ec9 ch\u00e2n s\u1eaft s\u01a1n t\u0129nh \u0111i\u1ec7n <\/strong>r\u1ea5t sang tr\u1ecdng ti\u1ec7n l\u1ee3i, ph\u00f9 h\u1ee3p v\u1edbi m\u1ecdi kh\u00f4ng gian v\u0103n ph\u00f2ng, ph\u00f2ng h\u1ecdp v\u00e0 cho c\u1ea3 gia \u0111\u00ecnh d\u00f9ng \u0111\u1ec3 ghim \u0111\u00ednh t\u00e0i li\u1ec7u ho\u1eb7c h\u00ecnh \u1ea3nh.<\/p>\n<p>Gi\u00e1 \u00e1p d\u1ee5ng t\u1ea1i H\u00f3c M\u00f4n, C\u1ee7 Chi v\u00e0 khu v\u1ef1c n\u1ed9i th\u00e0nh TPHCM (Q1,2,3,4,5,6,7,8,9,10,11,12,T\u00e2n B\u00ecnh, B\u00ecnh T\u00e2n, T\u00e2n Ph\u00fa, Ph\u00fa Nhu\u1eadn, B\u00ecnh Th\u1ea1nh, G\u00f2 V\u1ea5p)<br \/>\nMI\u1ec4N PH\u00cd giao h\u00e0ng &amp; l\u1eafp \u0111\u1eb7t<\/p>","protected":false},"featured_media":11452,"comment_status":"open","ping_status":"closed","template":"","meta":{"_acf_changed":false},"product_brand":[],"product_cat":[545],"product_tag":[],"class_list":{"0":"post-11448","1":"product","2":"type-product","3":"status-publish","4":"has-post-thumbnail","6":"product_cat-bang-ghim","8":"first","9":"instock","10":"shipping-taxable","11":"purchasable","12":"product-type-variable"},"acf":[],"_links":{"self":[{"href":"https:\/\/bangvietbavicoboard.com\/en\/wp-json\/wp\/v2\/product\/11448","targetHints":{"allow":["GET"]}}],"collection":[{"href":"https:\/\/bangvietbavicoboard.com\/en\/wp-json\/wp\/v2\/product"}],"about":[{"href":"https:\/\/bangvietbavicoboard.com\/en\/wp-json\/wp\/v2\/types\/product"}],"replies":[{"embeddable":true,"href":"https:\/\/bangvietbavicoboard.com\/en\/wp-json\/wp\/v2\/comments?post=11448"}],"wp:featuredmedia":[{"embeddable":true,"href":"https:\/\/bangvietbavicoboard.com\/en\/wp-json\/wp\/v2\/media\/11452"}],"wp:attachment":[{"href":"https:\/\/bangvietbavicoboard.com\/en\/wp-json\/wp\/v2\/media?parent=11448"}],"wp:term":[{"taxonomy":"product_brand","embeddable":true,"href":"https:\/\/bangvietbavicoboard.com\/en\/wp-json\/wp\/v2\/product_brand?post=11448"},{"taxonomy":"product_cat","embeddable":true,"href":"https:\/\/bangvietbavicoboard.com\/en\/wp-json\/wp\/v2\/product_cat?post=11448"},{"taxonomy":"product_tag","embeddable":true,"href":"https:\/\/bangvietbavicoboard.com\/en\/wp-json\/wp\/v2\/product_tag?post=11448"}],"curies":[{"name":"wp","href":"https:\/\/api.w.org\/{rel}","templated":true}]}}