{"id":11439,"date":"2025-04-23T08:34:36","date_gmt":"2025-04-23T08:34:36","guid":{"rendered":"https:\/\/bangvietbavicoboard.com\/?post_type=product&#038;p=11439"},"modified":"2025-04-23T08:49:17","modified_gmt":"2025-04-23T08:49:17","slug":"bang-flipchart-viet-but-long-greenlam-chan-inox-co-banh-xe","status":"publish","type":"product","link":"https:\/\/bangvietbavicoboard.com\/en\/product\/bang-flipchart-viet-but-long-greenlam-chan-inox-co-banh-xe\/","title":{"rendered":"B\u1ea3ng Flipchart vi\u1ebft b\u00fat l\u00f4ng Greenlam ch\u00e2n inox c\u00f3 b\u00e1nh xe"},"content":{"rendered":"<p><strong>B\u1ea3ng Flipchart vi\u1ebft b\u00fat l\u00f4ng Greenlam ch\u00e2n inox c\u00f3 b\u00e1nh xe<\/strong> \u0111\u01b0\u1ee3c s\u1eed d\u1ee5ng trong c\u00e1c bu\u1ed5i \u0111\u00e0o t\u1ea1o ho\u1eb7c c\u00e1c cu\u1ed9c h\u1ecdp, gi\u00fap ng\u01b0\u1eddi h\u01b0\u1edbng d\u1eabn truy\u1ec1n \u0111\u1ea1t ki\u1ebfn th\u1ee9c v\u00e0 \u00fd t\u01b0\u1edfng m\u1ed9t c\u00e1ch sinh \u0111\u1ed9ng.<\/p>\n<p><img loading=\"lazy\" decoding=\"async\" class=\"alignnone size-full wp-image-11389\" src=\"https:\/\/bangvietbavicoboard.com\/wp-content\/uploads\/2025\/04\/bang_flipchart_chan_inox_banh-xe-2.jpg\" alt=\"\" width=\"1200\" height=\"900\" srcset=\"https:\/\/bangvietbavicoboard.com\/wp-content\/uploads\/2025\/04\/bang_flipchart_chan_inox_banh-xe-2.jpg 1200w, https:\/\/bangvietbavicoboard.com\/wp-content\/uploads\/2025\/04\/bang_flipchart_chan_inox_banh-xe-2-533x400.jpg 533w, https:\/\/bangvietbavicoboard.com\/wp-content\/uploads\/2025\/04\/bang_flipchart_chan_inox_banh-xe-2-1067x800.jpg 1067w, https:\/\/bangvietbavicoboard.com\/wp-content\/uploads\/2025\/04\/bang_flipchart_chan_inox_banh-xe-2-768x576.jpg 768w, https:\/\/bangvietbavicoboard.com\/wp-content\/uploads\/2025\/04\/bang_flipchart_chan_inox_banh-xe-2-16x12.jpg 16w, https:\/\/bangvietbavicoboard.com\/wp-content\/uploads\/2025\/04\/bang_flipchart_chan_inox_banh-xe-2-300x225.jpg 300w, https:\/\/bangvietbavicoboard.com\/wp-content\/uploads\/2025\/04\/bang_flipchart_chan_inox_banh-xe-2-600x450.jpg 600w\" sizes=\"auto, (max-width: 1200px) 100vw, 1200px\" \/><\/p>\n<div>\n<h2><span class=\"ez-toc-section\" id=\"MUC_DICH_SU_DUNG\"><\/span><strong>M\u1ee4C \u0110\u00cdCH S\u1eec D\u1ee4NG<\/strong><span class=\"ez-toc-section-end\"><\/span><\/h2>\n<\/div>\n<div id=\"input_line_2\"><span id=\"input_part_0\" class=\"\" data-mention=\"- B\u1ea3ng \u0111\u01b0\u1ee3c thi\u1ebft k\u1ebf nh\u1eb1m \u0111\u00e1p \u1ee9ng nhu c\u1ea7u s\u1eed d\u1ee5ng linh ho\u1ea1t. C\u00f3 th\u1ec3 :\">\u2013 B\u1ea3ng \u0111\u01b0\u1ee3c thi\u1ebft k\u1ebf nh\u1eb1m \u0111\u00e1p \u1ee9ng nhu c\u1ea7u s\u1eed d\u1ee5ng linh ho\u1ea1t. C\u00f3 th\u1ec3 :<\/span><\/div>\n<div id=\"input_line_4\"><span id=\"input_part_0\" class=\"\" data-mention=\"+ T\u0103ng gi\u1ea3m \u0111\u1ed9 cao c\u1ee7a m\u1eb7t b\u1ea3ng.\">+ T\u0103ng gi\u1ea3m \u0111\u1ed9 cao c\u1ee7a m\u1eb7t b\u1ea3ng.<\/span><\/div>\n<div id=\"input_line_6\"><span id=\"input_part_0\" class=\"\" data-mention=\"+ \u0110i\u1ec1u ch\u1ec9nh \u0111\u1ed9 cao.\">+ \u0110i\u1ec1u ch\u1ec9nh \u0111\u1ed9 cao.<\/span><\/div>\n<div id=\"input_line_8\"><span id=\"input_part_0\" class=\"\" data-mention=\"+ \u0110i\u1ec1u ch\u1ec9nh \u0111\u1ed9 nghi\u00eang v\u00e0 x\u1ebfp g\u1ecdn,\u2026\">+ \u0110i\u1ec1u ch\u1ec9nh \u0111\u1ed9 nghi\u00eang v\u00e0 x\u1ebfp g\u1ecdn,\u2026<\/span><\/div>\n<div id=\"input_line_10\"><span id=\"input_part_0\" class=\"\" data-mention=\"- M\u1eb7t b\u1ea3ng \u0111a d\u1ea1ng: Vi\u1ebft ph\u1ea5n, vi\u1ebft b\u00fat l\u00f4ng ho\u1eb7c ghim,\u2026\">\u2013 M\u1eb7t b\u1ea3ng \u0111a d\u1ea1ng: Vi\u1ebft ph\u1ea5n, vi\u1ebft b\u00fat l\u00f4ng ho\u1eb7c ghim,\u2026<\/span><\/div>\n<div id=\"input_line_12\"><span id=\"input_part_0\" class=\"\" data-mention=\"- B\u1ea3ng \u0111\u01b0\u1ee3c g\u1eafn khung ch\u00e2n inox th\u1ea9m m\u1ef9.\">\u2013 B\u1ea3ng \u0111\u01b0\u1ee3c g\u1eafn khung ch\u00e2n inox c\u00f3 b\u00e1nh xe di chuy\u1ec3n linh ho\u1ea1t v\u00e0 th\u1ea9m m\u1ef9.<\/span><\/div>\n<div id=\"input_line_14\"><span id=\"input_part_0\" class=\"\" data-mention=\"- S\u1ea3n ph\u1ea9m nhi\u1ec1u k\u00edch th\u01b0\u1edbc, k\u00edch c\u1ee1 kh\u00e1c nhau, ph\u00f9 h\u1ee3p v\u1edbi m\u1ecdi kh\u00f4ng gian l\u1edbp h\u1ecdc, v\u0103n ph\u00f2ng.\">\u2013 S\u1ea3n ph\u1ea9m nhi\u1ec1u k\u00edch th\u01b0\u1edbc, k\u00edch c\u1ee1 kh\u00e1c nhau, ph\u00f9 h\u1ee3p v\u1edbi m\u1ecdi kh\u00f4ng gian l\u1edbp h\u1ecdc, v\u0103n ph\u00f2ng.<\/span><\/div>\n<div><\/div>\n<table style=\"border-collapse: collapse; width: 100%;\">\n<tbody>\n<tr>\n<td style=\"width: 50%;\"><img loading=\"lazy\" decoding=\"async\" class=\"alignnone size-full wp-image-11440\" src=\"https:\/\/bangvietbavicoboard.com\/wp-content\/uploads\/2025\/04\/viber_image_2025-04-23_15-10-59-062.jpg\" alt=\"\" width=\"1200\" height=\"1200\" srcset=\"https:\/\/bangvietbavicoboard.com\/wp-content\/uploads\/2025\/04\/viber_image_2025-04-23_15-10-59-062.jpg 1200w, https:\/\/bangvietbavicoboard.com\/wp-content\/uploads\/2025\/04\/viber_image_2025-04-23_15-10-59-062-400x400.jpg 400w, https:\/\/bangvietbavicoboard.com\/wp-content\/uploads\/2025\/04\/viber_image_2025-04-23_15-10-59-062-800x800.jpg 800w, https:\/\/bangvietbavicoboard.com\/wp-content\/uploads\/2025\/04\/viber_image_2025-04-23_15-10-59-062-280x280.jpg 280w, https:\/\/bangvietbavicoboard.com\/wp-content\/uploads\/2025\/04\/viber_image_2025-04-23_15-10-59-062-768x768.jpg 768w, https:\/\/bangvietbavicoboard.com\/wp-content\/uploads\/2025\/04\/viber_image_2025-04-23_15-10-59-062-12x12.jpg 12w, https:\/\/bangvietbavicoboard.com\/wp-content\/uploads\/2025\/04\/viber_image_2025-04-23_15-10-59-062-300x300.jpg 300w, https:\/\/bangvietbavicoboard.com\/wp-content\/uploads\/2025\/04\/viber_image_2025-04-23_15-10-59-062-600x600.jpg 600w, https:\/\/bangvietbavicoboard.com\/wp-content\/uploads\/2025\/04\/viber_image_2025-04-23_15-10-59-062-100x100.jpg 100w, https:\/\/bangvietbavicoboard.com\/wp-content\/uploads\/2025\/04\/viber_image_2025-04-23_15-10-59-062-96x96.jpg 96w\" sizes=\"auto, (max-width: 1200px) 100vw, 1200px\" \/><\/td>\n<td style=\"width: 50%;\"><img loading=\"lazy\" decoding=\"async\" class=\"alignnone size-full wp-image-11430\" src=\"https:\/\/bangvietbavicoboard.com\/wp-content\/uploads\/2025\/04\/bang_flipchart_chan_inox_banh-xe-5.jpg\" alt=\"\" width=\"1200\" height=\"1200\" srcset=\"https:\/\/bangvietbavicoboard.com\/wp-content\/uploads\/2025\/04\/bang_flipchart_chan_inox_banh-xe-5.jpg 1200w, https:\/\/bangvietbavicoboard.com\/wp-content\/uploads\/2025\/04\/bang_flipchart_chan_inox_banh-xe-5-400x400.jpg 400w, https:\/\/bangvietbavicoboard.com\/wp-content\/uploads\/2025\/04\/bang_flipchart_chan_inox_banh-xe-5-800x800.jpg 800w, https:\/\/bangvietbavicoboard.com\/wp-content\/uploads\/2025\/04\/bang_flipchart_chan_inox_banh-xe-5-280x280.jpg 280w, https:\/\/bangvietbavicoboard.com\/wp-content\/uploads\/2025\/04\/bang_flipchart_chan_inox_banh-xe-5-768x768.jpg 768w, https:\/\/bangvietbavicoboard.com\/wp-content\/uploads\/2025\/04\/bang_flipchart_chan_inox_banh-xe-5-12x12.jpg 12w, https:\/\/bangvietbavicoboard.com\/wp-content\/uploads\/2025\/04\/bang_flipchart_chan_inox_banh-xe-5-300x300.jpg 300w, https:\/\/bangvietbavicoboard.com\/wp-content\/uploads\/2025\/04\/bang_flipchart_chan_inox_banh-xe-5-600x600.jpg 600w, https:\/\/bangvietbavicoboard.com\/wp-content\/uploads\/2025\/04\/bang_flipchart_chan_inox_banh-xe-5-100x100.jpg 100w, https:\/\/bangvietbavicoboard.com\/wp-content\/uploads\/2025\/04\/bang_flipchart_chan_inox_banh-xe-5-96x96.jpg 96w\" sizes=\"auto, (max-width: 1200px) 100vw, 1200px\" \/><\/td>\n<\/tr>\n<\/tbody>\n<\/table>\n<div>\n<h2><span class=\"ez-toc-section\" id=\"CAU_TAO_BANG\"><\/span><strong>C\u1ea4U T\u1ea0O B\u1ea2NG<\/strong><span class=\"ez-toc-section-end\"><\/span><\/h2>\n<\/div>\n<div id=\"input_line_0\">\n<p><span class=\"\" data-mention=\"\u2022 M\u1eb7t b\u1ea3ng c\u1ee7a b\u1ea3ng k\u1eb9p gi\u1ea5y: v\u1edbi ch\u1ea5t li\u1ec7u ch\u00ednh b\u1eb1ng th\u00e9p s\u01a1n t\u0129nh \u0111i\u1ec7n \u0111\u01b0\u1ee3c:\"><span class=\"\" data-mention=\"\u2022 M\u1eb7t b\u1ea3ng c\u1ee7a b\u1ea3ng k\u1eb9p gi\u1ea5y: v\u1edbi ch\u1ea5t li\u1ec7u ch\u00ednh b\u1eb1ng th\u00e9p s\u01a1n t\u0129nh \u0111i\u1ec7n \u0111\u01b0\u1ee3c:\">1. M\u1eb7t b\u1ea3ng c\u1ee7a b\u1ea3ng tr\u1eafng:<\/span><\/span><\/p>\n<div id=\"input_line_0\"><span id=\"input_part_0\" class=\"\" data-mention=\"\u2013 M\u1eb7t b\u1ea3ng cao c\u1ea5p \u0111\u01b0\u1ee3c nh\u1eadp kh\u1ea9u t\u1eeb \u1ea4n \u0110\u1ed9 v\u1edbi ch\u1ea5t li\u1ec7u Greemlam, vi\u1ebft lau kh\u00f4ng \u0111\u1ec3 l\u1ea1i d\u1ea5u v\u1ebft. \">\u2013 M\u1eb7t b\u1ea3ng cao c\u1ea5p \u0111\u01b0\u1ee3c nh\u1eadp kh\u1ea9u t\u1eeb \u1ea4n \u0110\u1ed9 v\u1edbi ch\u1ea5t li\u1ec7u Greemlam, vi\u1ebft lau kh\u00f4ng \u0111\u1ec3 l\u1ea1i d\u1ea5u v\u1ebft. <\/span><\/div>\n<div id=\"input_line_2\"><span id=\"input_part_0\" class=\"\" data-mention=\"\u2013 M\u1eb7t b\u1ea3ng c\u00f3 th\u1ec3 \u0111\u1ec3 tr\u1eafng tr\u01a1n ho\u1eb7c k\u1ebb \u00f4 ly 5 cm theo y\u00eau c\u1ea7u c\u1ee7a kh\u00e1ch h\u00e0ng.\">\u2013 The board surface can be left plain white or have 5cm squares according to customer requirements.<\/span><\/div>\n<div id=\"input_line_4\"><span id=\"input_part_0\" class=\"\" data-mention=\"\u2013 M\u1eb7t b\u1ea3ng vi\u1ebft \u00eam, lau s\u1ea1ch b\u00f3ng, kh\u00f4ng \u0111\u1ec3 l\u1ea1i v\u1ebft m\u1ef1c.\">\u2013 The board surface is smooth to write on, easy to wipe clean, and leaves no ink stains.<\/span><\/div>\n<div id=\"input_line_6\"><span id=\"input_part_0\" class=\"\" data-mention=\"\u2013 Ch\u1ee9ng nh\u1eadn xu\u1ea5t x\u1ee9 v\u00e0 nh\u1eadp kh\u1ea9u CO\/CQ r\u00f5 r\u00e0ng.\">\u2013 Clear certificate of origin and import CO\/CQ.<\/span><\/div>\n<p><span id=\"input_part_0\" class=\"\" data-mention=\"M\u1eb7t b\u1ea3ng t\u1eeb m\u00e0u tr\u1eafng ch\u1ed1ng l\u00f3a, ch\u1ed1ng m\u00e0i m\u00f2n, tr\u01a1n tr\u01b0\u1ee3t, vi\u1ebft \u00eam, lau d\u1ec5 d\u00e0ng m\u00e0 kh\u00f4ng \u0111\u1ec3 l\u1ea1i d\u1ea5u, c\u00f3 \u00f4 ly vu\u00f4ng ch\u00ecm 5cm, d\u00e0y 3 dem, cho ph\u00e9p s\u1eed d\u1ee5ng nam ch\u00e2m vi\u00ean \u0111\u00ednh h\u00ecnh \u1ea3nh minh ho\u1ea1 ho\u1eb7c nam ch\u00e2m l\u00e1. M\u1eb7t b\u1ea3ng c\u00f3 2 thanh k\u1eb9p gi\u1ea5y b\u1eb1ng inox s\u00e1ng b\u00f3ng gi\u00fap tr\u00ecnh b\u00e0y th\u00f4ng tin c\u1ee5 th\u1ec3 v\u00e0 \u0111a d\u1ea1ng.\">M\u1eb7t b\u1ea3ng c\u00f3 2 thanh k\u1eb9p gi\u1ea5y b\u1eb1ng inox s\u00e1ng b\u00f3ng gi\u00fap tr\u00ecnh b\u00e0y th\u00f4ng tin c\u1ee5 th\u1ec3 v\u00e0 \u0111a d\u1ea1ng.<\/span><\/p>\n<\/div>\n<div id=\"input_line_7\"><span id=\"input_part_0\" class=\"\" data-mention=\"\u2022 M\u1eb7t sau b\u1ea3ng \u0111\u01b0\u1ee3c l\u00f3t b\u1eb1ng m\u1ed9t t\u1ea5m v\u00e1n MDF c\u00f3 l\u1edbp v\u00e2n g\u1ed7 gi\u00fap kh\u00f4ng b\u1ecb \u1ea9m th\u1ea5p, mo, cong, v\u00eanh b\u1ea3ng, c\u00f3 t\u00ednh th\u1ea9m m\u1ef9 cao, c\u00f3 t\u00ednh ch\u1ecbu l\u1ef1c t\u1ed1t, \u0111\u1ed9 b\u1ec1n t\u1ed1i \u01b0u v\u00e0 \u0111\u01b0\u1ee3c \u00e9p d\u00ednh b\u1edfi m\u1ed9t ch\u1ea5t Polyester gi\u00fap b\u1ea3ng kh\u00f4ng b\u1ecb mo, kh\u00f4ng b\u1ecb rung khi vi\u1ebft.\">2. M\u1eb7t sau b\u1ea3ng\u00a0\u0111\u01b0\u1ee3c l\u00f3t b\u1eb1ng m\u1ed9t t\u1ea5m v\u00e1n MDF c\u00f3 l\u1edbp v\u00e2n g\u1ed7 gi\u00fap kh\u00f4ng b\u1ecb \u1ea9m th\u1ea5p, mo, cong, v\u00eanh b\u1ea3ng, c\u00f3 t\u00ednh th\u1ea9m m\u1ef9 cao, c\u00f3 t\u00ednh ch\u1ecbu l\u1ef1c t\u1ed1t, \u0111\u1ed9 b\u1ec1n t\u1ed1i \u01b0u v\u00e0 \u0111\u01b0\u1ee3c \u00e9p d\u00ednh b\u1edfi m\u1ed9t ch\u1ea5t Polyester gi\u00fap b\u1ea3ng kh\u00f4ng b\u1ecb mo, kh\u00f4ng b\u1ecb rung khi vi\u1ebft.<\/span><\/div>\n<div id=\"input_line_9\"><span id=\"input_part_0\" class=\"\" data-mention=\"\u2022 Khung b\u1ea3ng \u0111\u01b0\u1ee3c vi\u1ec1n khung nh\u00f4m m\u1edbi, d\u00e0y 2cm, \u0111\u01b0\u1ee3c thi\u1ebft k\u1ebf \u0111\u1ea3m b\u1ea3o t\u00ednh ch\u1ecbu l\u1ef1c cao v\u00e0 gi\u1eefa 2 g\u00f3c n\u1ed1i l\u1ea1i v\u1edbi nhau b\u1eb1ng m\u1ed9t co g\u00f3c b\u1ea3ng l\u00e0m b\u1eb1ng nh\u1ef1a, g\u00f3c b\u1ea3ng \u0111\u1eb9p v\u00e0 h\u00e0i h\u00f2a v\u1edbi khung b\u1ea3ng. \">3. Khung b\u1ea3ng\u00a0\u0111\u01b0\u1ee3c vi\u1ec1n khung nh\u00f4m m\u1edbi, d\u00e0y 2cm, \u0111\u01b0\u1ee3c thi\u1ebft k\u1ebf \u0111\u1ea3m b\u1ea3o t\u00ednh ch\u1ecbu l\u1ef1c cao v\u00e0 gi\u1eefa 2 g\u00f3c n\u1ed1i l\u1ea1i v\u1edbi nhau b\u1eb1ng m\u1ed9t co g\u00f3c b\u1ea3ng l\u00e0m b\u1eb1ng nh\u1ef1a, g\u00f3c b\u1ea3ng \u0111\u1eb9p v\u00e0 h\u00e0i h\u00f2a v\u1edbi khung b\u1ea3ng.<\/span><\/div>\n<div id=\"input_line_11\"><span id=\"input_part_0\" class=\"\" data-mention=\"\u2022 C\u00f3 m\u00e1ng \u0111\u1ef1ng b\u00fat d\u00e0i xuy\u00ean su\u1ed1t m\u1eb7t b\u1ea3ng\">4. M\u00e1ng \u0111\u1ef1ng:\u00a0C\u00f3 m\u00e1ng \u0111\u1ef1ng b\u00fat d\u00e0i xuy\u00ean su\u1ed1t m\u1eb7t b\u1ea3ng<\/span><\/div>\n<div id=\"input_line_13\"><span id=\"input_part_0\" class=\"\" data-mention=\"B\u1ea3ng k\u1eb9p gi\u1ea5y ch\u00e2n inox \u2013 c\u00f3 th\u1ec3 t\u0103ng gi\u1ea3m \u0111\u1ed9 cao\">B\u1ea3ng k\u1eb9p gi\u1ea5y ch\u00e2n inox \u2013 c\u00f3 th\u1ec3 t\u0103ng gi\u1ea3m \u0111\u1ed9 cao<\/span><\/div>\n<div id=\"input_line_15\"><span id=\"input_part_0\" class=\"\" data-mention=\"\u2022 Ch\u00e2n b\u1ea3ng b\u1eb1ng ch\u00e2n inox s\u00e1ng b\u00f3ng, c\u00f3 th\u1ec3 \u0111i\u1ec1u ch\u1ec9nh \u0111\u1ed9 cao l\u00ean xu\u1ed1ng v\u00e0 x\u1ebfp g\u1ecdn khi kh\u00f4ng s\u1eed d\u1ee5ng.\">5. Ch\u00e2n b\u1ea3ng b\u1eb1ng ch\u00e2n inox s\u00e1ng b\u00f3ng, c\u00f3 th\u1ec3 \u0111i\u1ec1u ch\u1ec9nh \u0111\u1ed9 cao l\u00ean xu\u1ed1ng v\u00e0 x\u1ebfp g\u1ecdn khi kh\u00f4ng s\u1eed d\u1ee5ng. C\u00f3 b\u00e1nh xe di chuy\u1ec3n v\u00e0 c\u1ed1 \u0111\u1ecbnh d\u1ec5 d\u00e0ng<\/span><\/div>\n<div><img loading=\"lazy\" decoding=\"async\" class=\"alignnone size-full wp-image-11391\" src=\"https:\/\/bangvietbavicoboard.com\/wp-content\/uploads\/2025\/04\/flipchart-inox-co-banh-xe-1.jpg\" alt=\"\" width=\"960\" height=\"1280\" srcset=\"https:\/\/bangvietbavicoboard.com\/wp-content\/uploads\/2025\/04\/flipchart-inox-co-banh-xe-1.jpg 960w, https:\/\/bangvietbavicoboard.com\/wp-content\/uploads\/2025\/04\/flipchart-inox-co-banh-xe-1-300x400.jpg 300w, https:\/\/bangvietbavicoboard.com\/wp-content\/uploads\/2025\/04\/flipchart-inox-co-banh-xe-1-600x800.jpg 600w, https:\/\/bangvietbavicoboard.com\/wp-content\/uploads\/2025\/04\/flipchart-inox-co-banh-xe-1-768x1024.jpg 768w, https:\/\/bangvietbavicoboard.com\/wp-content\/uploads\/2025\/04\/flipchart-inox-co-banh-xe-1-9x12.jpg 9w\" sizes=\"auto, (max-width: 960px) 100vw, 960px\" \/><\/div>\n<div id=\"input_line_17\"><span id=\"input_part_0\" class=\"\" data-mention=\"B\u1ea3ng k\u1eb9p gi\u1ea5y ch\u00e2n inox - c\u00f3 c\u00e1c k\u00edch th\u01b0\u1edbc chu\u1ea9n: 100 x 60 cm ; 120 x 80 cm; 120 x 100 cm; 120 x 120 cm; 120 x 140 cm; 120 x 160 cm; 120 x 180 cm\">B\u1ea3ng k\u1eb9p gi\u1ea5y ch\u00e2n inox \u2013 c\u00f3 c\u00e1c k\u00edch th\u01b0\u1edbc chu\u1ea9n: 100 x 60 cm ; 120 x 80 cm; 120 x 100 cm; 120 x 120 cm; 120 x 140 cm; 120 x 160 cm<\/span><\/div>\n<h1><span class=\"ez-toc-section\" id=\"Bao_hanh\"><\/span><strong>B\u1ea3o h\u00e0nh<\/strong><span class=\"ez-toc-section-end\"><\/span><\/h1>\n<p>+ Th\u1eddi gian b\u1ea3o h\u00e0nh t\u1eeb 12 \u2013 36 th\u00e1ng do l\u1ed7i c\u1ee7a nh\u00e0 s\u1ea3n xu\u1ea5t.<br \/>\n+ Qu\u00fd kh\u00e1ch h\u00e0ng gi\u1eef l\u1ea1i Gi\u1ea5y giao h\u00e0ng v\u00e0 g\u1ecdi cho s\u1ed1 Hotline <span style=\"color: #0000ff;\"><strong>0938 623 068<\/strong><\/span> ho\u1eb7c kinh doanh tr\u00ean gi\u1ea5y giao h\u00e0ng\/ tr\u00ean website n\u00e0y \u0111\u1ec3 \u0111\u01b0\u1ee3c h\u1ed7 tr\u1ee3 !<\/p>\n<p>&nbsp;<\/p>\n<p><img decoding=\"async\" class=\"lazy-load-active\" src=\"https:\/\/bangvietbavico.edu.vn\/wp-content\/uploads\/2024\/10\/XE-TAI.png\" alt=\"B\u1ea3ng t\u1eeb tr\u1eafng di \u0111\u1ed9ng\" data-src=\"https:\/\/bangvietbavico.edu.vn\/wp-content\/uploads\/2024\/10\/XE-TAI.png\" \/><\/p>\n<h1><span class=\"ez-toc-section\" id=\"LY_DO_NEN_LUA_CHON_BANG_VIET_BAVICO\"><\/span><strong>L\u00dd DO N\u00caN L\u1ef0A CH\u1eccN B\u1ea2NG VI\u1ebeT BAVICO<\/strong><span class=\"ez-toc-section-end\"><\/span><\/h1>\n<ul>\n<li>B\u1ea3ng vi\u1ebft BAVICO l\u00e0 th\u01b0\u01a1ng hi\u1ec7u uy t\u00edn trong l\u0129nh v\u1ef1c s\u1ea3n xu\u1ea5t b\u1ea3ng v\u1edbi h\u01a1n 22 n\u0103m kinh nghi\u1ec7m.<\/li>\n<li>Doanh nghi\u1ec7p \u0111\u1ea7u ti\u00ean trong ng\u00e0nh \u0111\u01b0a b\u1ea3ng t\u1eeb v\u1ec1 Vi\u1ec7t Nam v\u00e0 t\u01b0 v\u1ea5n thay th\u1ebf b\u1ea3ng t\u1eeb cho B\u1ed9 Gi\u00e1o d\u1ee5c v\u00e0 \u0110\u00e0o t\u1ea1o.<\/li>\n<li>C\u00f3 ch\u1ee9ng nh\u1eadn nh\u1eadp kh\u1ea9u h\u00e0ng h\u00f3a theo \u0111\u00fang quy \u0111\u1ecbnh (CO \u2013 CQ).<\/li>\n<li>\u0110\u1ed1i t\u00e1c ngu\u1ed3n nguy\u00ean li\u1ec7u ch\u00ednh (m\u1eb7t b\u1ea3ng) uy t\u00edn tr\u00ean to\u00e0n c\u1ea7u: Polyvision cho b\u1ec1 m\u1eb7t Ceramic v\u00e0 Dongshin cho b\u1ec1 m\u1eb7t th\u00e9p ph\u1ee7 s\u01a1n.<\/li>\n<li>B\u1ea3ng vi\u1ebft BAVICO l\u00e0 C\u00f4ng ty s\u1ea3n xu\u1ea5t v\u00e0 c\u1ea5p cung s\u1ea3n ph\u1ea9m tr\u1ef1c ti\u1ebfp\u00a0 \u2013 \u0110\u1ea3m b\u1ea3o s\u1ea3n ph\u1ea9m ch\u00ednh h\u00e3ng 100%.<\/li>\n<li>B\u1ea3ng vi\u1ebft BAVICO \u0111\u00e3 ph\u1ee5c v\u1ee5 r\u1ea5t nhi\u1ec1u kh\u00e1ch h\u00e0ng l\u1edbn nh\u01b0: T\u1eadp \u0111o\u00e0n Samsung, Viettel, C\u00e1c Tr\u01b0\u1eddng Qu\u1ed1c T\u1ebf \u00c1 Ch\u00e2u, M\u1ef9, Ph\u00e1p, Nh\u1eadt,\u2026<\/li>\n<li>S\u1ea3n ph\u1ea9m \u0111a d\u1ea1ng v\u1edbi nhi\u1ec1u s\u1ef1 l\u1ef1a ch\u1ecdn, thi\u1ebft k\u1ebf v\u00e0 s\u1ea3n xu\u1ea5t theo y\u00eau c\u1ea7u kh\u00e1ch h\u00e0ng.<\/li>\n<li>Ch\u00ednh s\u00e1ch b\u1ea3o h\u00e0nh t\u1eeb 12 th\u00e1ng \u2013 24 th\u00e1ng gi\u00fap kh\u00e1ch h\u00e0ng y\u00ean t\u00e2m khi mua h\u00e0ng.<\/li>\n<\/ul>\n<h2><span class=\"ez-toc-section\" id=\"THONG_TIN_LIEN_HE_MUA_BANG\"><\/span><small><b>TH\u00d4NG TIN LI\u00caN H\u1ec6 MUA B\u1ea2NG\u00a0<\/b><\/small><span class=\"ez-toc-section-end\"><\/span><\/h2>\n<h3><span class=\"ez-toc-section\" id=\"Lien_he_ngay_hotline_0938_623_068_de_duoc_tu_van_mien_phi\"><\/span>Li\u00ean h\u1ec7 ngay hotline\u00a0<span style=\"text-decoration: underline;\"><span style=\"color: #0000ff; text-decoration: underline;\"><a style=\"color: #0000ff; text-decoration: underline;\" href=\"tel:0918598597\">09<\/a>38 623 068<\/span><\/span> \u0111\u1ec3 \u0111\u01b0\u1ee3c t\u01b0 v\u1ea5n mi\u1ec5n ph\u00ed!<span class=\"ez-toc-section-end\"><\/span><\/h3>\n<p><strong>Di \u0110\u1ed9ng: <\/strong><strong>\u00a0\u00a0<\/strong><strong>\u00a0<\/strong><a href=\"tel:0938623068\"><span style=\"text-decoration: underline;\"><span style=\"color: #0000ff; text-decoration: underline;\"><strong>0938<\/strong><strong> 623 068<\/strong><\/span><\/span><\/a><\/p>\n<p><strong>Email: <\/strong><strong>\u00a0\u00a0\u00a0\u00a0\u00a0\u00a0\u00a0<\/strong><a href=\"mailto:csns01@bangvietbavico.vn\"><strong>csns01@bangvietbavico.vn<\/strong><\/a><strong> \u00a0<\/strong><\/p>\n<p><strong>Website: \u00a0\u00a0<\/strong> <a href=\"https:\/\/bangvietbavicoboard.com\/en\/\"><strong>https:\/\/bangvietbavicoboard.com<\/strong><\/a><\/p>\n<h3 style=\"text-align: center;\"><span class=\"ez-toc-section\" id=\"CONG_TY_TNHH_THIET_BI_GIAO_DUC_BAVICO\"><\/span><span id=\"CONG_TY_TNHH_THIET_BI_GIAO_DUC_BAVICO\" class=\"ez-toc-section\"><\/span><span id=\"CONG_TY_TNHH_THIET_BI_GIAO_DUC_BAVICO\" class=\"ez-toc-section\"><\/span><span style=\"color: #0000ff;\"><a style=\"color: #0000ff;\" href=\"https:\/\/bangvietbavicoboard.com\/en\/gioi-thieu\/\"><small><b>EQUIPMENT CO., EDUCATION BAVICO<\/b><\/small><\/a><\/span><small><b><\/b><\/small><small><b><br \/>\n<\/b><\/small><span class=\"ez-toc-section-end\"><\/span><\/h3>\n<p><img loading=\"lazy\" decoding=\"async\" class=\"aligncenter\" src=\"https:\/\/dungcuvanphongonline.com\/images\/pic\/CTY.jpg\" alt=\"\" width=\"308\" height=\"315\" \/><\/p>\n<p><span style=\"font-size: 120%; color: #000080;\"><small>\u2013 Head office: No.26-28 DD11 Street, An Suong Villa Area in Tan Hung Thuan Ward. District 12, Ho Chi Minh City, Vietnam<br \/>\n\u2013 Factory: 7\/7 Ho Van Tang, Xom Dong Hamlet, Tan Phu Trung Commune, Cu Chi District, Ho Chi Minh City, Vietnam<br \/>\n\u2013 TEL: (028) 3 592 4085 \u2013 (028) 5427 5356<br \/>\n\u2013 Hotline: 0903 883 885 \u2013 Fax: 3 592 4110<\/small><\/span><\/p>\n<h2><span class=\"ez-toc-section\" id=\"%3E%3E%3E_Moi_Quy_khach_hang_click_tham_khao_cac_loai_Bang_viet_but_long_khac\"><\/span><span style=\"color: #800080;\"><a style=\"color: #800080;\" href=\"https:\/\/bangvietbavicoboard.com\/en\/product-category\/bang-viet-but-long\/\"><em>&gt;&gt;&gt; M\u1eddi Qu\u00fd kh\u00e1ch h\u00e0ng click tham kh\u1ea3o c\u00e1c lo\u1ea1i B\u1ea3ng vi\u1ebft b\u00fat l\u00f4ng kh\u00e1c<\/em><\/a><\/span><span class=\"ez-toc-section-end\"><\/span><\/h2>\n<h2><span class=\"ez-toc-section\" id=\"%3E%3E%3E_Moi_Quy_khach_hang_click_tham_khao_cac_loai_Bang_viet_phan_khac\"><\/span><span style=\"color: #800080;\"><a style=\"color: #800080;\" href=\"https:\/\/bangvietbavico.net\/product-category\/bang-viet-phan\/\" target=\"_blank\" rel=\"noopener\"><em>&gt;&gt;&gt; M\u1eddi Qu\u00fd kh\u00e1ch h\u00e0ng click tham kh\u1ea3o c\u00e1c lo\u1ea1i B\u1ea3ng vi\u1ebft ph\u1ea5n kh\u00e1c<\/em><\/a><\/span><span class=\"ez-toc-section-end\"><\/span><\/h2>\n<h2><\/h2>\n<p>&nbsp;<\/p>\n<p>&nbsp;<\/p>\n<p>&nbsp;<\/p>","protected":false},"excerpt":{"rendered":"<p><strong>B\u1ea3ng Flipchart vi\u1ebft b\u00fat l\u00f4ng Greenlam ch\u00e2n inox c\u00f3 b\u00e1nh xe<\/strong> \u0111\u01b0\u1ee3c s\u1eed d\u1ee5ng trong c\u00e1c bu\u1ed5i \u0111\u00e0o t\u1ea1o ho\u1eb7c c\u00e1c cu\u1ed9c h\u1ecdp, gi\u00fap ng\u01b0\u1eddi h\u01b0\u1edbng d\u1eabn truy\u1ec1n \u0111\u1ea1t ki\u1ebfn th\u1ee9c v\u00e0 \u00fd t\u01b0\u1edfng m\u1ed9t c\u00e1ch sinh \u0111\u1ed9ng.<\/p>\n<p>Gi\u00e1 \u00e1p d\u1ee5ng t\u1ea1i H\u00f3c M\u00f4n, C\u1ee7 Chi v\u00e0 khu v\u1ef1c n\u1ed9i th\u00e0nh TPHCM.<br \/>\nMI\u1ec4N PH\u00cd giao h\u00e0ng &amp;\u00a0 l\u1eafp \u0111\u1eb7t.<\/p>","protected":false},"featured_media":11440,"comment_status":"open","ping_status":"closed","template":"","meta":{"_acf_changed":false},"product_brand":[],"product_cat":[469],"product_tag":[],"class_list":{"0":"post-11439","1":"product","2":"type-product","3":"status-publish","4":"has-post-thumbnail","6":"product_cat-bang-flipchart","8":"first","9":"instock","10":"shipping-taxable","11":"purchasable","12":"product-type-variable"},"acf":[],"_links":{"self":[{"href":"https:\/\/bangvietbavicoboard.com\/en\/wp-json\/wp\/v2\/product\/11439","targetHints":{"allow":["GET"]}}],"collection":[{"href":"https:\/\/bangvietbavicoboard.com\/en\/wp-json\/wp\/v2\/product"}],"about":[{"href":"https:\/\/bangvietbavicoboard.com\/en\/wp-json\/wp\/v2\/types\/product"}],"replies":[{"embeddable":true,"href":"https:\/\/bangvietbavicoboard.com\/en\/wp-json\/wp\/v2\/comments?post=11439"}],"wp:featuredmedia":[{"embeddable":true,"href":"https:\/\/bangvietbavicoboard.com\/en\/wp-json\/wp\/v2\/media\/11440"}],"wp:attachment":[{"href":"https:\/\/bangvietbavicoboard.com\/en\/wp-json\/wp\/v2\/media?parent=11439"}],"wp:term":[{"taxonomy":"product_brand","embeddable":true,"href":"https:\/\/bangvietbavicoboard.com\/en\/wp-json\/wp\/v2\/product_brand?post=11439"},{"taxonomy":"product_cat","embeddable":true,"href":"https:\/\/bangvietbavicoboard.com\/en\/wp-json\/wp\/v2\/product_cat?post=11439"},{"taxonomy":"product_tag","embeddable":true,"href":"https:\/\/bangvietbavicoboard.com\/en\/wp-json\/wp\/v2\/product_tag?post=11439"}],"curies":[{"name":"wp","href":"https:\/\/api.w.org\/{rel}","templated":true}]}}