{"id":11415,"date":"2025-04-14T09:26:42","date_gmt":"2025-04-14T09:26:42","guid":{"rendered":"https:\/\/bangvietbavicoboard.com\/?post_type=product&#038;p=11415"},"modified":"2025-04-14T10:08:26","modified_gmt":"2025-04-14T10:08:26","slug":"khung-chan-bang-di-dong","status":"publish","type":"product","link":"https:\/\/bangvietbavicoboard.com\/en\/product\/khung-chan-bang-di-dong\/","title":{"rendered":"Khung ch\u00e2n b\u1ea3ng di \u0111\u1ed9ng"},"content":{"rendered":"<p>\u0110\u1ec3 \u0111\u00e1p \u1ee9ng nhu c\u1ea7u c\u1ee7a kh\u00e1ch h\u00e0ng. <strong>Khung ch\u00e2n b\u1ea3ng di \u0111\u1ed9ng<\/strong> s\u1eaft s\u01a1n t\u0129nh \u0111i\u1ec7n.<\/p>\n<p>C\u1ea5u t\u1ea1o: \u0110\u01b0\u1ee3c l\u00e0m b\u1eb1ng s\u1eaft 2\u00d74 cm d\u00e0y 1,2 mm \u0111\u01b0\u1ee3c s\u01a1n t\u0129nh \u0111i\u1ec7n m\u00e0u tr\u1eafng. C\u00f3 b\u00e1nh xe c\u1ee7a Taiwan di \u0111\u1ed9ng d\u1ec5 d\u00e0ng. B\u1ea3ng c\u00f3 th\u1ec3 quay theo tr\u1ee5c ngang.<\/p>\n<table style=\"border-collapse: collapse; width: 100%;\">\n<tbody>\n<tr>\n<td style=\"width: 50%;\"><img loading=\"lazy\" decoding=\"async\" class=\"alignnone size-full wp-image-11417\" src=\"https:\/\/bangvietbavicoboard.com\/wp-content\/uploads\/2025\/04\/banh-xe.jpg\" alt=\"\" width=\"1200\" height=\"1200\" srcset=\"https:\/\/bangvietbavicoboard.com\/wp-content\/uploads\/2025\/04\/banh-xe.jpg 1200w, https:\/\/bangvietbavicoboard.com\/wp-content\/uploads\/2025\/04\/banh-xe-400x400.jpg 400w, https:\/\/bangvietbavicoboard.com\/wp-content\/uploads\/2025\/04\/banh-xe-800x800.jpg 800w, https:\/\/bangvietbavicoboard.com\/wp-content\/uploads\/2025\/04\/banh-xe-280x280.jpg 280w, https:\/\/bangvietbavicoboard.com\/wp-content\/uploads\/2025\/04\/banh-xe-768x768.jpg 768w, https:\/\/bangvietbavicoboard.com\/wp-content\/uploads\/2025\/04\/banh-xe-12x12.jpg 12w, https:\/\/bangvietbavicoboard.com\/wp-content\/uploads\/2025\/04\/banh-xe-300x300.jpg 300w, https:\/\/bangvietbavicoboard.com\/wp-content\/uploads\/2025\/04\/banh-xe-600x600.jpg 600w, https:\/\/bangvietbavicoboard.com\/wp-content\/uploads\/2025\/04\/banh-xe-100x100.jpg 100w, https:\/\/bangvietbavicoboard.com\/wp-content\/uploads\/2025\/04\/banh-xe-96x96.jpg 96w\" sizes=\"auto, (max-width: 1200px) 100vw, 1200px\" \/><\/td>\n<td style=\"width: 50%;\"><img loading=\"lazy\" decoding=\"async\" class=\"alignnone size-full wp-image-11418\" src=\"https:\/\/bangvietbavicoboard.com\/wp-content\/uploads\/2025\/04\/goc-noi-khung-chan.jpg\" alt=\"\" width=\"1200\" height=\"1200\" srcset=\"https:\/\/bangvietbavicoboard.com\/wp-content\/uploads\/2025\/04\/goc-noi-khung-chan.jpg 1200w, https:\/\/bangvietbavicoboard.com\/wp-content\/uploads\/2025\/04\/goc-noi-khung-chan-400x400.jpg 400w, https:\/\/bangvietbavicoboard.com\/wp-content\/uploads\/2025\/04\/goc-noi-khung-chan-800x800.jpg 800w, https:\/\/bangvietbavicoboard.com\/wp-content\/uploads\/2025\/04\/goc-noi-khung-chan-280x280.jpg 280w, https:\/\/bangvietbavicoboard.com\/wp-content\/uploads\/2025\/04\/goc-noi-khung-chan-768x768.jpg 768w, https:\/\/bangvietbavicoboard.com\/wp-content\/uploads\/2025\/04\/goc-noi-khung-chan-12x12.jpg 12w, https:\/\/bangvietbavicoboard.com\/wp-content\/uploads\/2025\/04\/goc-noi-khung-chan-300x300.jpg 300w, https:\/\/bangvietbavicoboard.com\/wp-content\/uploads\/2025\/04\/goc-noi-khung-chan-600x600.jpg 600w, https:\/\/bangvietbavicoboard.com\/wp-content\/uploads\/2025\/04\/goc-noi-khung-chan-100x100.jpg 100w, https:\/\/bangvietbavicoboard.com\/wp-content\/uploads\/2025\/04\/goc-noi-khung-chan-96x96.jpg 96w\" sizes=\"auto, (max-width: 1200px) 100vw, 1200px\" \/><\/td>\n<\/tr>\n<tr>\n<td style=\"width: 50%;\"><img loading=\"lazy\" decoding=\"async\" class=\"alignnone size-full wp-image-11419\" src=\"https:\/\/bangvietbavicoboard.com\/wp-content\/uploads\/2025\/04\/khay-dung.jpg\" alt=\"\" width=\"1200\" height=\"1200\" srcset=\"https:\/\/bangvietbavicoboard.com\/wp-content\/uploads\/2025\/04\/khay-dung.jpg 1200w, https:\/\/bangvietbavicoboard.com\/wp-content\/uploads\/2025\/04\/khay-dung-400x400.jpg 400w, https:\/\/bangvietbavicoboard.com\/wp-content\/uploads\/2025\/04\/khay-dung-800x800.jpg 800w, https:\/\/bangvietbavicoboard.com\/wp-content\/uploads\/2025\/04\/khay-dung-280x280.jpg 280w, https:\/\/bangvietbavicoboard.com\/wp-content\/uploads\/2025\/04\/khay-dung-768x768.jpg 768w, https:\/\/bangvietbavicoboard.com\/wp-content\/uploads\/2025\/04\/khay-dung-12x12.jpg 12w, https:\/\/bangvietbavicoboard.com\/wp-content\/uploads\/2025\/04\/khay-dung-300x300.jpg 300w, https:\/\/bangvietbavicoboard.com\/wp-content\/uploads\/2025\/04\/khay-dung-600x600.jpg 600w, https:\/\/bangvietbavicoboard.com\/wp-content\/uploads\/2025\/04\/khay-dung-100x100.jpg 100w, https:\/\/bangvietbavicoboard.com\/wp-content\/uploads\/2025\/04\/khay-dung-96x96.jpg 96w\" sizes=\"auto, (max-width: 1200px) 100vw, 1200px\" \/><\/td>\n<td style=\"width: 50%;\"><img loading=\"lazy\" decoding=\"async\" class=\"alignnone size-full wp-image-11422\" src=\"https:\/\/bangvietbavicoboard.com\/wp-content\/uploads\/2025\/04\/tay-van-o-giua.jpg\" alt=\"\" width=\"1200\" height=\"1200\" srcset=\"https:\/\/bangvietbavicoboard.com\/wp-content\/uploads\/2025\/04\/tay-van-o-giua.jpg 1200w, https:\/\/bangvietbavicoboard.com\/wp-content\/uploads\/2025\/04\/tay-van-o-giua-400x400.jpg 400w, https:\/\/bangvietbavicoboard.com\/wp-content\/uploads\/2025\/04\/tay-van-o-giua-800x800.jpg 800w, https:\/\/bangvietbavicoboard.com\/wp-content\/uploads\/2025\/04\/tay-van-o-giua-280x280.jpg 280w, https:\/\/bangvietbavicoboard.com\/wp-content\/uploads\/2025\/04\/tay-van-o-giua-768x768.jpg 768w, https:\/\/bangvietbavicoboard.com\/wp-content\/uploads\/2025\/04\/tay-van-o-giua-12x12.jpg 12w, https:\/\/bangvietbavicoboard.com\/wp-content\/uploads\/2025\/04\/tay-van-o-giua-300x300.jpg 300w, https:\/\/bangvietbavicoboard.com\/wp-content\/uploads\/2025\/04\/tay-van-o-giua-600x600.jpg 600w, https:\/\/bangvietbavicoboard.com\/wp-content\/uploads\/2025\/04\/tay-van-o-giua-100x100.jpg 100w, https:\/\/bangvietbavicoboard.com\/wp-content\/uploads\/2025\/04\/tay-van-o-giua-96x96.jpg 96w\" sizes=\"auto, (max-width: 1200px) 100vw, 1200px\" \/><\/td>\n<\/tr>\n<\/tbody>\n<\/table>\n<div>\n<div id=\"input_line_14\"><span id=\"input_part_0\" class=\"\" data-mention=\" Do \u0111\u1eb7c t\u00ednh di chuy\u1ec3n \u0111\u01b0\u1ee3c c\u1ef1c k\u00ec ti\u1ec7n l\u1ee3i n\u00ean b\u1ea3ng di \u0111\u1ed9ng \u0111\u01b0\u1ee3c s\u1eed d\u1ee5ng trong r\u1ed9ng r\u00e3i trong h\u1ecdc t\u1eadp, c\u00f4ng vi\u1ec7c, cu\u1ed9c s\u1ed1ng h\u1eb1ng ng\u00e0y.\">Do \u0111\u1eb7c t\u00ednh di chuy\u1ec3n \u0111\u01b0\u1ee3c c\u1ef1c k\u00ec ti\u1ec7n l\u1ee3i n\u00ean <strong>ch\u00e2n b\u1ea3ng di \u0111\u1ed9ng<\/strong>\u00a0\u0111\u01b0\u1ee3c s\u1eed d\u1ee5ng trong r\u1ed9ng r\u00e3i trong h\u1ecdc t\u1eadp, c\u00f4ng vi\u1ec7c, cu\u1ed9c s\u1ed1ng h\u1eb1ng ng\u00e0y.<\/span><\/div>\n<div id=\"input_line_18\"><span id=\"input_part_0\" class=\"\" data-mention=\"Trong h\u1ecdc t\u1eadp: \">\u2013 Trong h\u1ecdc t\u1eadp:<\/span><\/div>\n<div id=\"input_line_20\"><span id=\"input_part_0\" class=\"\" data-mention=\"L\u00e0m c\u00e1c b\u1ea3ng th\u00f4ng b\u00e1o trong ph\u00f2ng hi\u1ec7u tr\u01b0\u1edfng, th\u1ea7y c\u00f4.\">\u00a0+ L\u00e0m c\u00e1c b\u1ea3ng th\u00f4ng b\u00e1o trong ph\u00f2ng hi\u1ec7u tr\u01b0\u1edfng, th\u1ea7y c\u00f4.<\/span><\/div>\n<div id=\"input_line_21\"><span id=\"input_part_0\" class=\"\" data-mention=\"L\u00e0m b\u1ea3ng \u0111\u1ec3 ch\u1ea5m thi \u0111ua gi\u1eefa c\u00e1c b\u1ea1n trong l\u1edbp.\">\u00a0+ L\u00e0m b\u1ea3ng \u0111\u1ec3 ch\u1ea5m thi \u0111ua gi\u1eefa c\u00e1c b\u1ea1n trong l\u1edbp.<\/span><\/div>\n<div id=\"input_line_22\"><span id=\"input_part_0\" class=\"\" data-mention=\"L\u00e0m b\u00e0i t\u1eadp, th\u1ea3o lu\u1eadn nh\u00f3m (b\u1ea3ng c\u00f3 nhi\u1ec1u k\u00edch th\u01b0\u1edbc).\">\u00a0+ L\u00e0m b\u00e0i t\u1eadp, th\u1ea3o lu\u1eadn nh\u00f3m (b\u1ea3ng c\u00f3 nhi\u1ec1u k\u00edch th\u01b0\u1edbc).<\/span><\/div>\n<div id=\"input_line_23\"><\/div>\n<div id=\"input_line_25\"><span id=\"input_part_0\" class=\"\" data-mention=\"Trong c\u00f4ng vi\u1ec7c:\">\u2013 Trong c\u00f4ng vi\u1ec7c:<\/span><\/div>\n<div id=\"input_line_27\"><span id=\"input_part_0\" class=\"\" data-mention=\"Ph\u00e2n chia c\u00f4ng vi\u1ec7c cho nh\u00e2n vi\u00ean, x\u1ebfp ca \u0111\u1ec3 l\u00e0m.\">\u00a0+ Ph\u00e2n chia c\u00f4ng vi\u1ec7c cho nh\u00e2n vi\u00ean, x\u1ebfp ca \u0111\u1ec3 l\u00e0m.<\/span><\/div>\n<div id=\"input_line_28\"><span id=\"input_part_0\" class=\"\" data-mention=\"B\u1ea3ng th\u00f4ng b\u00e1o l\u1ecbch ngh\u1ec9, l\u1ecbch h\u1ecdp, hay c\u00e1c v\u1ea5n \u0111\u1ec1 c\u1ea7n trao \u0111\u1ed5i\u2026\">\u00a0+ B\u1ea3ng th\u00f4ng b\u00e1o l\u1ecbch ngh\u1ec9, l\u1ecbch h\u1ecdp, hay c\u00e1c v\u1ea5n \u0111\u1ec1 c\u1ea7n trao \u0111\u1ed5i\u2026<\/span><\/div>\n<div id=\"input_line_29\"><span id=\"input_part_0\" class=\"\" data-mention=\"D\u00f9ng \u0111\u1ec3 \u0111\u00e0o t\u1ea1o nh\u00e2n vi\u00ean, \u0111\u00e0o t\u1ea1o nh\u00f3m hay n\u1ed9i b\u1ed9 trong c\u00f4ng ty.\">\u00a0+ D\u00f9ng \u0111\u1ec3 \u0111\u00e0o t\u1ea1o nh\u00e2n vi\u00ean, \u0111\u00e0o t\u1ea1o nh\u00f3m hay n\u1ed9i b\u1ed9 trong c\u00f4ng ty.<\/span><\/div>\n<div id=\"input_line_30\"><span id=\"input_part_0\" class=\"\" data-mention=\"Trong c\u00e1c trung t\u00e2m ti\u1ebfng anh, sinh ho\u1ea1t clb, hu\u1ea5n luy\u1ec7n qu\u00e2n \u0111\u1ed9i.\">\u00a0+ Trong c\u00e1c trung t\u00e2m ti\u1ebfng anh, sinh ho\u1ea1t clb, hu\u1ea5n luy\u1ec7n qu\u00e2n \u0111\u1ed9i.<\/span><\/div>\n<div id=\"input_line_31\"><\/div>\n<div id=\"input_line_33\"><span id=\"input_part_0\" class=\"\" data-mention=\"Trong cu\u1ed9c s\u1ed1ng:\">\u2013 Trong cu\u1ed9c s\u1ed1ng:<\/span><\/div>\n<div id=\"input_line_35\"><span id=\"input_part_0\" class=\"\" data-mention=\"C\u00f3 th\u1ec3 gi\u00fap con em h\u1ecdc b\u00e0i.\">\u00a0+ C\u00f3 th\u1ec3 gi\u00fap con em h\u1ecdc b\u00e0i.<\/span><\/div>\n<div id=\"input_line_36\"><span id=\"input_part_0\" class=\"\" data-mention=\"\u0110\u1ec3 l\u1ea1i l\u1eddi nh\u1eafn khi \u0111i \u0111\u00e2u, hay ph\u00e2n c\u00f4ng c\u00f4ng vi\u1ec7c nh\u00e0 cho m\u1ecdi ng\u01b0\u1eddi.\">\u00a0+ \u0110\u1ec3 l\u1ea1i l\u1eddi nh\u1eafn khi \u0111i \u0111\u00e2u, hay ph\u00e2n c\u00f4ng c\u00f4ng vi\u1ec7c nh\u00e0 cho m\u1ecdi ng\u01b0\u1eddi.<\/span><\/div>\n<div id=\"input_line_37\"><\/div>\n<div id=\"input_line_39\"><span id=\"input_part_0\" class=\"\" data-mention=\"B\u00e2y gi\u1edd c\u00e1c b\u1ea1n c\u00f3 th\u1ec3 th\u1ea5y c\u00f3 r\u1ea5t nhi\u1ec1u l\u1ee3i \u00edch ti\u1ec7n d\u1ee5ng \u0111\u00fang kh\u00f4ng. V\u1eady \u0111\u1ec3 b\u1ea1n c\u00f3 th\u1ec3 hi\u1ec3u s\u00e2u h\u01a1n n\u1eefa ta c\u00f9ng \u0111i t\u00ecm hi\u1ec3u v\u1ec1 c\u1ea5u t\u1ea1o c\u1ee7a n\u00f3.\">B\u00e2y gi\u1edd c\u00e1c b\u1ea1n c\u00f3 th\u1ec3 th\u1ea5y c\u00f3 r\u1ea5t nhi\u1ec1u l\u1ee3i \u00edch ti\u1ec7n d\u1ee5ng \u0111\u00fang kh\u00f4ng. V\u1eady \u0111\u1ec3 b\u1ea1n c\u00f3 th\u1ec3 hi\u1ec3u s\u00e2u h\u01a1n n\u1eefa ta c\u00f9ng \u0111i t\u00ecm hi\u1ec3u v\u1ec1 c\u1ea5u t\u1ea1o c\u1ee7a n\u00f3.<\/span><\/div>\n<p><img decoding=\"async\" class=\"lazy-load-active\" src=\"https:\/\/bangvietbavico.edu.vn\/wp-content\/uploads\/2024\/10\/XE-TAI.png\" alt=\"B\u1ea3ng t\u1eeb tr\u1eafng di \u0111\u1ed9ng\" data-src=\"https:\/\/bangvietbavico.edu.vn\/wp-content\/uploads\/2024\/10\/XE-TAI.png\" \/><\/p>\n<h1><span class=\"ez-toc-section\" id=\"LY_DO_NEN_LUA_CHON_BANG_VIET_BAVICO\"><\/span><strong>L\u00dd DO N\u00caN L\u1ef0A CH\u1eccN B\u1ea2NG VI\u1ebeT BAVICO<\/strong><span class=\"ez-toc-section-end\"><\/span><\/h1>\n<ul>\n<li><span style=\"color: #000080;\">B\u1ea3ng vi\u1ebft BAVICO l\u00e0 th\u01b0\u01a1ng hi\u1ec7u uy t\u00edn trong l\u0129nh v\u1ef1c s\u1ea3n xu\u1ea5t b\u1ea3ng v\u1edbi h\u01a1n 22 n\u0103m kinh nghi\u1ec7m.<\/span><\/li>\n<li><span style=\"color: #000080;\">Doanh nghi\u1ec7p \u0111\u1ea7u ti\u00ean trong ng\u00e0nh \u0111\u01b0a b\u1ea3ng t\u1eeb v\u1ec1 Vi\u1ec7t Nam v\u00e0 t\u01b0 v\u1ea5n thay th\u1ebf b\u1ea3ng t\u1eeb cho B\u1ed9 Gi\u00e1o d\u1ee5c v\u00e0 \u0110\u00e0o t\u1ea1o.<\/span><\/li>\n<li><span style=\"color: #000080;\">C\u00f3 ch\u1ee9ng nh\u1eadn nh\u1eadp kh\u1ea9u h\u00e0ng h\u00f3a theo \u0111\u00fang quy \u0111\u1ecbnh (CO \u2013 CQ).<\/span><\/li>\n<li><span style=\"color: #000080;\">\u0110\u1ed1i t\u00e1c ngu\u1ed3n nguy\u00ean li\u1ec7u ch\u00ednh (m\u1eb7t b\u1ea3ng) uy t\u00edn tr\u00ean to\u00e0n c\u1ea7u: Polyvision cho b\u1ec1 m\u1eb7t Ceramic v\u00e0 Dongshin cho b\u1ec1 m\u1eb7t th\u00e9p ph\u1ee7 s\u01a1n.<\/span><\/li>\n<li><span style=\"color: #000080;\">B\u1ea3ng vi\u1ebft BAVICO l\u00e0 C\u00f4ng ty s\u1ea3n xu\u1ea5t v\u00e0 c\u1ea5p cung s\u1ea3n ph\u1ea9m tr\u1ef1c ti\u1ebfp\u00a0 \u2013 \u0110\u1ea3m b\u1ea3o s\u1ea3n ph\u1ea9m ch\u00ednh h\u00e3ng 100%.<\/span><\/li>\n<li><span style=\"color: #000080;\">B\u1ea3ng vi\u1ebft BAVICO \u0111\u00e3 ph\u1ee5c v\u1ee5 r\u1ea5t nhi\u1ec1u kh\u00e1ch h\u00e0ng l\u1edbn nh\u01b0: T\u1eadp \u0111o\u00e0n Samsung, Viettel, C\u00e1c Tr\u01b0\u1eddng Qu\u1ed1c T\u1ebf \u00c1 Ch\u00e2u, M\u1ef9, Ph\u00e1p, Nh\u1eadt,\u2026<\/span><\/li>\n<li><span style=\"color: #000080;\">S\u1ea3n ph\u1ea9m \u0111a d\u1ea1ng v\u1edbi nhi\u1ec1u s\u1ef1 l\u1ef1a ch\u1ecdn, thi\u1ebft k\u1ebf v\u00e0 s\u1ea3n xu\u1ea5t theo y\u00eau c\u1ea7u kh\u00e1ch h\u00e0ng.<\/span><\/li>\n<li><span style=\"color: #000080;\">Ch\u00ednh s\u00e1ch b\u1ea3o h\u00e0nh t\u1eeb 12 th\u00e1ng \u2013 24 th\u00e1ng gi\u00fap kh\u00e1ch h\u00e0ng y\u00ean t\u00e2m khi mua h\u00e0ng.<\/span><\/li>\n<\/ul>\n<h2><span class=\"ez-toc-section\" id=\"THONG_TIN_LIEN_HE_MUA_BANG\"><\/span><small><b>TH\u00d4NG TIN LI\u00caN H\u1ec6 MUA B\u1ea2NG\u00a0<\/b><\/small><span class=\"ez-toc-section-end\"><\/span><\/h2>\n<h3><span class=\"ez-toc-section\" id=\"Lien_he_ngay_hotline_0938_623_068_de_duoc_tu_van_mien_phi\"><\/span>Li\u00ean h\u1ec7 ngay hotline\u00a0<span style=\"text-decoration: underline;\"><span style=\"color: #0000ff; text-decoration: underline;\"><a style=\"color: #0000ff; text-decoration: underline;\" href=\"tel:0918598597\">09<\/a>38 623 068<\/span><\/span> \u0111\u1ec3 \u0111\u01b0\u1ee3c t\u01b0 v\u1ea5n mi\u1ec5n ph\u00ed!<span class=\"ez-toc-section-end\"><\/span><\/h3>\n<p><strong>Di \u0110\u1ed9ng: <\/strong><strong>\u00a0\u00a0<\/strong><span style=\"color: #0000ff;\"><strong>\u00a0<\/strong><a style=\"color: #0000ff;\" href=\"tel:0938623068\"><span style=\"text-decoration: underline;\"><strong>0938<\/strong><strong> 623 068<\/strong><\/span><\/a><\/span><\/p>\n<p><strong>Email: <\/strong><strong>\u00a0\u00a0\u00a0\u00a0\u00a0\u00a0\u00a0<\/strong><span style=\"color: #0000ff;\"><a style=\"color: #0000ff;\" href=\"mailto:csns01@bangvietbavico.vn\"><strong>csns01@bangvietbavico.vn<\/strong><\/a><strong> \u00a0<\/strong><\/span><\/p>\n<p><strong>Website: \u00a0\u00a0<\/strong> <span style=\"color: #0000ff;\"><a style=\"color: #0000ff;\" href=\"https:\/\/bangvietbavicoboard.com\/en\/\"><strong>https:\/\/bangvietbavicoboard.com<\/strong><\/a><\/span><\/p>\n<h3 style=\"text-align: center;\"><span class=\"ez-toc-section\" id=\"CONG_TY_TNHH_THIET_BI_GIAO_DUC_BAVICO\"><\/span><span id=\"CONG_TY_TNHH_THIET_BI_GIAO_DUC_BAVICO\" class=\"ez-toc-section\"><\/span><span id=\"CONG_TY_TNHH_THIET_BI_GIAO_DUC_BAVICO\" class=\"ez-toc-section\"><\/span><span style=\"color: #0000ff;\"><a style=\"color: #0000ff;\" href=\"https:\/\/bangvietbavicoboard.com\/en\/gioi-thieu\/\"><small><b>EQUIPMENT CO., EDUCATION BAVICO<\/b><\/small><\/a><\/span><small><b><\/b><\/small><small><b><br \/>\n<\/b><\/small><span class=\"ez-toc-section-end\"><\/span><\/h3>\n<p><img loading=\"lazy\" decoding=\"async\" class=\"aligncenter\" src=\"https:\/\/dungcuvanphongonline.com\/images\/pic\/CTY.jpg\" alt=\"\" width=\"308\" height=\"315\" \/><\/p>\n<p><span style=\"font-size: 120%; color: #000080;\"><small>\u2013 Head office: No.26-28 DD11 Street, An Suong Villa Area in Tan Hung Thuan Ward. District 12, Ho Chi Minh City, Vietnam<br \/>\n\u2013 Factory: 7\/7 Ho Van Tang, Xom Dong Hamlet, Tan Phu Trung Commune, Cu Chi District, Ho Chi Minh City, Vietnam<br \/>\n\u2013 TEL: (028) 3 592 4085 \u2013 (028) 5427 5356<br \/>\n\u2013 Hotline: 0903 883 885 \u2013 Fax: 3 592 4110<\/small><\/span><\/p>\n<h2><span class=\"ez-toc-section\" id=\"%3E%3E%3E_Moi_Quy_khach_hang_click_tham_khao_cac_loai_Bang_viet_but_long_khac\"><\/span><span style=\"color: #800080;\"><a style=\"color: #800080;\" href=\"https:\/\/bangvietbavicoboard.com\/en\/product-category\/bang-viet-but-long\/\"><em>&gt;&gt;&gt; M\u1eddi Qu\u00fd kh\u00e1ch h\u00e0ng click tham kh\u1ea3o c\u00e1c lo\u1ea1i B\u1ea3ng vi\u1ebft b\u00fat l\u00f4ng kh\u00e1c<\/em><\/a><\/span><span class=\"ez-toc-section-end\"><\/span><\/h2>\n<h2><span class=\"ez-toc-section\" id=\"%3E%3E%3E_Moi_Quy_khach_hang_click_tham_khao_cac_loai_Bang_viet_phan_khac\"><\/span><span style=\"color: #800080;\"><a style=\"color: #800080;\" href=\"https:\/\/bangvietbavico.net\/product-category\/bang-viet-phan\/\" target=\"_blank\" rel=\"noopener\"><em>&gt;&gt;&gt; M\u1eddi Qu\u00fd kh\u00e1ch h\u00e0ng click tham kh\u1ea3o c\u00e1c lo\u1ea1i B\u1ea3ng vi\u1ebft ph\u1ea5n kh\u00e1c<\/em><\/a><\/span><span class=\"ez-toc-section-end\"><\/span><\/h2>\n<h2><\/h2>\n<p>&nbsp;<\/p>\n<\/div>\n<div><\/div>","protected":false},"excerpt":{"rendered":"<p><strong>Khung ch\u00e2n b\u1ea3ng di \u0111\u1ed9ng<\/strong> s\u1eaft s\u01a1n t\u0129nh \u0111i\u1ec7n\u00a02\u00d74 cm d\u00e0y 1,2 mm \u0111\u01b0\u1ee3c s\u01a1n t\u0129nh \u0111i\u1ec7n m\u00e0u tr\u1eafng. C\u00f3 b\u00e1nh xe c\u1ee7a Taiwan di \u0111\u1ed9ng d\u1ec5 d\u00e0ng. B\u1ea3ng c\u00f3 th\u1ec3 quay theo tr\u1ee5c ngang.<\/p>\n<p>Gi\u00e1 \u00e1p d\u1ee5ng t\u1ea1i H\u00f3c M\u00f4n, C\u1ee7 Chi v\u00e0 khu v\u1ef1c n\u1ed9i th\u00e0nh TPHCM.<\/p>","protected":false},"featured_media":11420,"comment_status":"open","ping_status":"closed","template":"","meta":{"_acf_changed":false},"product_brand":[],"product_cat":[598],"product_tag":[],"class_list":{"0":"post-11415","1":"product","2":"type-product","3":"status-publish","4":"has-post-thumbnail","6":"product_cat-san-pham-phu","8":"first","9":"instock","10":"shipping-taxable","11":"purchasable","12":"product-type-variable"},"acf":[],"_links":{"self":[{"href":"https:\/\/bangvietbavicoboard.com\/en\/wp-json\/wp\/v2\/product\/11415","targetHints":{"allow":["GET"]}}],"collection":[{"href":"https:\/\/bangvietbavicoboard.com\/en\/wp-json\/wp\/v2\/product"}],"about":[{"href":"https:\/\/bangvietbavicoboard.com\/en\/wp-json\/wp\/v2\/types\/product"}],"replies":[{"embeddable":true,"href":"https:\/\/bangvietbavicoboard.com\/en\/wp-json\/wp\/v2\/comments?post=11415"}],"wp:featuredmedia":[{"embeddable":true,"href":"https:\/\/bangvietbavicoboard.com\/en\/wp-json\/wp\/v2\/media\/11420"}],"wp:attachment":[{"href":"https:\/\/bangvietbavicoboard.com\/en\/wp-json\/wp\/v2\/media?parent=11415"}],"wp:term":[{"taxonomy":"product_brand","embeddable":true,"href":"https:\/\/bangvietbavicoboard.com\/en\/wp-json\/wp\/v2\/product_brand?post=11415"},{"taxonomy":"product_cat","embeddable":true,"href":"https:\/\/bangvietbavicoboard.com\/en\/wp-json\/wp\/v2\/product_cat?post=11415"},{"taxonomy":"product_tag","embeddable":true,"href":"https:\/\/bangvietbavicoboard.com\/en\/wp-json\/wp\/v2\/product_tag?post=11415"}],"curies":[{"name":"wp","href":"https:\/\/api.w.org\/{rel}","templated":true}]}}