{"id":11364,"date":"2025-04-04T06:19:24","date_gmt":"2025-04-04T06:19:24","guid":{"rendered":"https:\/\/bangvietbavicoboard.com\/?post_type=product&#038;p=11364"},"modified":"2025-04-05T01:10:03","modified_gmt":"2025-04-05T01:10:03","slug":"bang-di-dong-da-nang","status":"publish","type":"product","link":"https:\/\/bangvietbavicoboard.com\/en\/product\/bang-di-dong-da-nang\/","title":{"rendered":"B\u1ea3ng di \u0111\u1ed9ng \u0111a n\u0103ng"},"content":{"rendered":"<p><strong>B\u1ea3ng di \u0111\u1ed9ng \u0111a n\u0103ng<\/strong> l\u00e0 d\u00f2ng s\u1ea3n ph\u1ea9m b\u1ea3ng tr\u1eafng vi\u1ebft b\u00fat l\u00f4ng ch\u00e2n c\u00f3 b\u00e1nh xe c\u00f3 th\u1ec3 di chuy\u1ec3n cho m\u1ecdi kh\u00f4ng gian r\u1ea5t thu\u1eadn ti\u1ec7n v\u00e0 sang tr\u1ecdng.<\/p>\n<table>\n<tbody>\n<tr>\n<td style=\"text-align: center;\"><strong>B\u1ea2NG \u0110\u1eb6T NGANG<\/strong><\/td>\n<td style=\"text-align: center;\"><strong>B\u1ea2NG \u0110\u1eb6T \u0110\u1ee8NG<\/strong><\/td>\n<\/tr>\n<tr>\n<td><img loading=\"lazy\" decoding=\"async\" class=\"aligncenter size-full wp-image-3709\" src=\"https:\/\/bangvietbavico.edu.vn\/wp-content\/uploads\/2020\/11\/bang_di_dong_da_nang-5-scaled.jpg\" sizes=\"auto, (max-width: 1920px) 100vw, 1920px\" srcset=\"https:\/\/bangvietbavico.edu.vn\/wp-content\/uploads\/2020\/11\/bang_di_dong_da_nang-5-scaled.jpg 1920w, https:\/\/bangvietbavico.edu.vn\/wp-content\/uploads\/2020\/11\/bang_di_dong_da_nang-5-225x300.jpg 225w, https:\/\/bangvietbavico.edu.vn\/wp-content\/uploads\/2020\/11\/bang_di_dong_da_nang-5-768x1024.jpg 768w, https:\/\/bangvietbavico.edu.vn\/wp-content\/uploads\/2020\/11\/bang_di_dong_da_nang-5-1152x1536.jpg 1152w, https:\/\/bangvietbavico.edu.vn\/wp-content\/uploads\/2020\/11\/bang_di_dong_da_nang-5-1536x2048.jpg 1536w\" alt=\"\" width=\"1920\" height=\"2560\" \/><\/td>\n<td><img loading=\"lazy\" decoding=\"async\" class=\"aligncenter size-full wp-image-3708\" src=\"https:\/\/bangvietbavico.edu.vn\/wp-content\/uploads\/2020\/11\/bang_di_dong_da_nang-4-scaled.jpg\" sizes=\"auto, (max-width: 1920px) 100vw, 1920px\" srcset=\"https:\/\/bangvietbavico.edu.vn\/wp-content\/uploads\/2020\/11\/bang_di_dong_da_nang-4-scaled.jpg 1920w, https:\/\/bangvietbavico.edu.vn\/wp-content\/uploads\/2020\/11\/bang_di_dong_da_nang-4-225x300.jpg 225w, https:\/\/bangvietbavico.edu.vn\/wp-content\/uploads\/2020\/11\/bang_di_dong_da_nang-4-768x1024.jpg 768w, https:\/\/bangvietbavico.edu.vn\/wp-content\/uploads\/2020\/11\/bang_di_dong_da_nang-4-1152x1536.jpg 1152w, https:\/\/bangvietbavico.edu.vn\/wp-content\/uploads\/2020\/11\/bang_di_dong_da_nang-4-1536x2048.jpg 1536w\" alt=\"\" width=\"1920\" height=\"2560\" \/><\/td>\n<\/tr>\n<\/tbody>\n<\/table>\n<p><strong>B\u1ea3ng di \u0111\u1ed9ng \u0111a n\u0103ng<\/strong>\u00a0vi\u1ebft b\u00fat l\u00f4ng cao c\u1ea5p c\u1ee7a \u1ea4n \u0110\u1ed9 v\u1edbi ch\u00e2n s\u1eaft s\u01a1n t\u0129nh \u0111i\u1ec7n c\u00f3 b\u00e1nh xe, m\u00e0u tr\u1eafng r\u1ea5t h\u00e0i h\u00f2a.<\/p>\n<p>\u0110\u1eb7c bi\u1ec7t,\u00a0<strong>B\u1ea3ng di \u0111\u1ed9ng \u0111a n\u0103ng<\/strong>\u00a0c\u00f3 g\u1eafn b\u1ed1n b\u00e1nh xe di chuy\u1ec3n d\u1ec5 d\u00e0ng. Ch\u00e2n \u0111i\u1ec1u ch\u1ec9nh \u0111\u1ed9 cao b\u1ea3ng v\u00e0 th\u00e1o r\u1eddi \u0111\u01b0\u1ee3c.<\/p>\n<p>D\u00f2ng s\u1ea3n ph\u1ea9m\u00a0<strong>B\u1ea3ng di \u0111\u1ed9ng \u0111a n\u0103ng<\/strong>\u00a0l\u00e0 d\u00f2ng s\u1ea3n ph\u1ea9m m\u1edbi c\u1ee7a B\u1ea3ng vi\u1ebft BAVICO:\u00a0<strong>B\u1ea3ng di \u0111\u1ed9ng \u0111a n\u0103ng\u00a0<\/strong>cao c\u1ea5p, sang tr\u1ecdng v\u00e0 r\u1ebb nh\u1ea5t th\u1ecb tr\u01b0\u1eddng.<\/p>\n<h3 style=\"text-align: center;\"><span class=\"ez-toc-section\" id=\"BANG_GIA_TAI_TPHO_CHI_MINH\"><\/span><strong>B\u1ea2NG GI\u00c1 T\u1ea0I TP.H\u1ed2 CH\u00cd MINH<\/strong><span class=\"ez-toc-section-end\"><\/span><\/h3>\n<table style=\"width: 79.9619%;\">\n<tbody>\n<tr>\n<td style=\"text-align: center; width: 82.4998%;\">\n<div id=\"input_line_0\"><strong>B\u1ea2NG DI \u0110\u1ed8NG \u0110A N\u0102NG \u2013 B\u1ea2NG TR\u1eaeNG CAO C\u1ea4P KH\u00d4NG T\u1eea<\/strong><\/div>\n<div id=\"input_line_1\"><span id=\"input_part_0\" class=\"\" data-mention=\"(Gi\u00e1 \u00e1p d\u1ee5ng t\u1ea1i H\u00f3c M\u00f4n, C\u1ee7 Chi v\u00e0 khu v\u1ef1c n\u1ed9i th\u00e0nh TP.HCM)\">(Gi\u00e1 \u00e1p d\u1ee5ng t\u1ea1i H\u00f3c M\u00f4n, C\u1ee7 Chi v\u00e0 khu v\u1ef1c n\u1ed9i th\u00e0nh TP.HCM)<\/span><\/div>\n<\/td>\n<td style=\"text-align: center; width: 11.0025%;\">\n<div id=\"input_line_0\"><strong><span id=\"input_part_0\" class=\"\" data-mention=\"K\u00cdCH TH\u01af\u1edaC\">K\u00cdCH TH\u01af\u1edaC<\/span><\/strong><\/div>\n<div id=\"input_line_1\"><span id=\"input_part_0\" class=\"\" data-mention=\"Cao x Ngang\">Cao x Ngang<\/span><\/div>\n<div id=\"input_line_2\"><span id=\"input_part_0\" class=\"\" data-mention=\"(CM)\">(CM)<\/span><\/div>\n<\/td>\n<td style=\"text-align: center; width: 33.7374%;\">\n<div id=\"input_line_0\"><strong><span id=\"input_part_0\" class=\"\" data-mention=\"\u0110\u01a0N GI\u00c1\">\u0110\u01a0N GI\u00c1<\/span><\/strong><\/div>\n<div id=\"input_line_1\"><span id=\"input_part_0\" class=\"\" data-mention=\"(VN\u0110)\">(VN\u0110)<\/span><\/div>\n<\/td>\n<\/tr>\n<tr>\n<td style=\"width: 82.4998%;\" rowspan=\"7\"><img loading=\"lazy\" decoding=\"async\" class=\"aligncenter wp-image-5536\" src=\"https:\/\/bangvietbavico.edu.vn\/wp-content\/uploads\/2022\/04\/BDDN-BL-e1741081023772.jpg\" sizes=\"auto, (max-width: 798px) 100vw, 798px\" srcset=\"https:\/\/bangvietbavico.edu.vn\/wp-content\/uploads\/2022\/04\/BDDN-BL-e1741081023772.jpg 798w, https:\/\/bangvietbavico.edu.vn\/wp-content\/uploads\/2022\/04\/BDDN-BL-e1741081023772-300x211.jpg 300w, https:\/\/bangvietbavico.edu.vn\/wp-content\/uploads\/2022\/04\/BDDN-BL-e1741081023772-768x541.jpg 768w\" alt=\"\" width=\"837\" height=\"589\" \/><\/td>\n<td style=\"width: 11.0025%; text-align: center;\">80\u00d7120<\/td>\n<td style=\"width: 33.7374%; text-align: center;\">1.930.000<\/td>\n<\/tr>\n<tr>\n<td style=\"width: 11.0025%; text-align: center;\">100\u00d7120<\/td>\n<td style=\"width: 33.7374%; text-align: center;\">2.593.000<\/td>\n<\/tr>\n<tr>\n<td style=\"width: 11.0025%; text-align: center;\">120\u00d7120<\/td>\n<td style=\"width: 33.7374%; text-align: center;\">2.826.000<\/td>\n<\/tr>\n<tr>\n<td style=\"width: 11.0025%; text-align: center;\">120\u00d7140<\/td>\n<td style=\"width: 33.7374%; text-align: center;\">2.984.000<\/td>\n<\/tr>\n<tr>\n<td style=\"width: 11.0025%; text-align: center;\">120\u00d7160<\/td>\n<td style=\"width: 33.7374%; text-align: center;\">3.318.000<\/td>\n<\/tr>\n<tr>\n<td style=\"width: 11.0025%; text-align: center;\">120\u00d7180<\/td>\n<td style=\"width: 33.7374%; text-align: center;\">3.463.000<\/td>\n<\/tr>\n<tr>\n<td style=\"width: 11.0025%; text-align: center;\">120\u00d7200<\/td>\n<td style=\"width: 33.7374%; text-align: center;\">3.522.000<\/td>\n<\/tr>\n<\/tbody>\n<\/table>\n<h3><span class=\"ez-toc-section\" id=\"CAU_TAO_CUA_SAN_PHAM\"><\/span><b>C\u1ea4U T\u1ea0O C\u1ee6A S\u1ea2N PH\u1ea8M:<\/b><span class=\"ez-toc-section-end\"><\/span><\/h3>\n<p>1. M\u1eb7t b\u1ea3ng: v\u1edbi ch\u1ea5t li\u1ec7u b\u1eb1ng Greenlam c\u1ee7a \u1ea4n \u0110\u1ed9,\u00a0kh\u00f4ng lem ho\u1eb7c d\u00ednh m\u1ef1c sau khi x\u00f3a, kh\u00f4ng k\u1ebb \u00f4ly hay k\u1ebb \u00f4 ly t\u00f9y theo y\u00eau c\u1ea7u.<\/p>\n<p>2. T\u1ea5m l\u00f3t b\u1ea3ng:\u00a0b\u1eb1ng v\u00e1n MDF \u00e9p gi\u1ea5y b\u00f3ng v\u00e2n g\u1ed7 ch\u1ed1ng \u1ea9m, ch\u1ed1ng cong mo v\u00e0 \u0111\u1ea3m b\u1ea3o b\u1ea3ng vi\u1ebft kh\u00f4ng b\u1ecb rung.<\/p>\n<p>3. Khung bo b\u1ea3ng: \u0111\u01b0\u1ee3c l\u00e0m\u00a0b\u1eb1ng nh\u00f4m c\u00e1nh tr\u01a1n chuy\u00ean d\u1ee5ng.<\/p>\n<p>4. Co g\u00f3c b\u1ea3ng: b\u1ed1n g\u00f3c b\u1ea3ng c\u00f3 co nh\u1ef1a m\u00e0u tr\u1eafng s\u1eefa r\u1ea5t h\u00e0i h\u00f2a, ch\u1ed1ng b\u1ecb tr\u1ea7y x\u01b0\u1edbc.<\/p>\n<p>CH\u00c2N\u00a0<strong>B\u1ea2NG DI \u0110\u1ed8NG \u0110A N\u0102NG<\/strong>: B\u1eb1ng s\u1eaft vu\u00f4ng 3 ch\u1ed3ng r\u1ec9, s\u01a1n t\u0129nh \u0111i\u1ec7n m\u00e0u tr\u1eafng s\u1eefa, g\u1eafn b\u00e1nh xe Taiwan di chuy\u1ec3n d\u1ec5 d\u00e0ng.<\/p>\n<p><strong>+ K\u00edch th\u01b0\u1edbc ch\u00e2n 74x140cm:<\/strong>\u00a0d\u00e0nh cho b\u1ea3ng c\u00f3 k\u00edch th\u01b0\u1edbc 80x120cm, 100x120cm, 120x120cm, 120x140cm.<\/p>\n<p><strong>+ K\u00edch th\u01b0\u1edbc ch\u00e2n 140x140cm:<\/strong>d\u00e0nh cho b\u1ea3ng c\u00f3 k\u00edch th\u01b0\u1edbc 120x160cm, 120x180cm, 120\u00d7200 cm<\/p>\n<h3 style=\"text-align: center;\"><span class=\"ez-toc-section\" id=\"GIAY_CHUNG_NHAN_CO_%E2%80%93_CQ_NHAP_KHAU_MAT_BANG\"><\/span><span style=\"color: #000080;\"><strong>GI\u1ea4Y CH\u1ee8NG NH\u1eacN CO \u2013 CQ NH\u1eacP KH\u1ea8U M\u1eb6T B\u1ea2NG<\/strong><\/span><span class=\"ez-toc-section-end\"><\/span><\/h3>\n<table>\n<tbody>\n<tr>\n<td><img loading=\"lazy\" decoding=\"async\" class=\"aligncenter size-full wp-image-14272\" src=\"https:\/\/bangvietbavico.edu.vn\/wp-content\/uploads\/2022\/12\/CQ-CO-AN-DO.jpg\" sizes=\"auto, (max-width: 1200px) 100vw, 1200px\" srcset=\"https:\/\/bangvietbavico.edu.vn\/wp-content\/uploads\/2022\/12\/CQ-CO-AN-DO.jpg 1200w, https:\/\/bangvietbavico.edu.vn\/wp-content\/uploads\/2022\/12\/CQ-CO-AN-DO-219x300.jpg 219w, https:\/\/bangvietbavico.edu.vn\/wp-content\/uploads\/2022\/12\/CQ-CO-AN-DO-746x1024.jpg 746w, https:\/\/bangvietbavico.edu.vn\/wp-content\/uploads\/2022\/12\/CQ-CO-AN-DO-768x1054.jpg 768w, https:\/\/bangvietbavico.edu.vn\/wp-content\/uploads\/2022\/12\/CQ-CO-AN-DO-1119x1536.jpg 1119w\" alt=\"\" width=\"1200\" height=\"1647\" \/><\/td>\n<td><img loading=\"lazy\" decoding=\"async\" class=\"aligncenter size-full wp-image-14273\" src=\"https:\/\/bangvietbavico.edu.vn\/wp-content\/uploads\/2022\/12\/CQ-CO-AN-DO1.jpg\" sizes=\"auto, (max-width: 1200px) 100vw, 1200px\" srcset=\"https:\/\/bangvietbavico.edu.vn\/wp-content\/uploads\/2022\/12\/CQ-CO-AN-DO1.jpg 1200w, https:\/\/bangvietbavico.edu.vn\/wp-content\/uploads\/2022\/12\/CQ-CO-AN-DO1-219x300.jpg 219w, https:\/\/bangvietbavico.edu.vn\/wp-content\/uploads\/2022\/12\/CQ-CO-AN-DO1-746x1024.jpg 746w, https:\/\/bangvietbavico.edu.vn\/wp-content\/uploads\/2022\/12\/CQ-CO-AN-DO1-768x1054.jpg 768w, https:\/\/bangvietbavico.edu.vn\/wp-content\/uploads\/2022\/12\/CQ-CO-AN-DO1-1119x1536.jpg 1119w\" alt=\"\" width=\"1200\" height=\"1647\" \/><\/td>\n<\/tr>\n<\/tbody>\n<\/table>\n<h2><\/h2>\n<table style=\"border-collapse: collapse; width: 100%;\">\n<tbody>\n<tr>\n<td style=\"width: 50%;\"><img loading=\"lazy\" decoding=\"async\" class=\"alignnone size-full wp-image-11373\" src=\"https:\/\/bangvietbavicoboard.com\/wp-content\/uploads\/2025\/04\/bang-di-dong-da-nang-2.jpg\" alt=\"\" width=\"854\" height=\"854\" srcset=\"https:\/\/bangvietbavicoboard.com\/wp-content\/uploads\/2025\/04\/bang-di-dong-da-nang-2.jpg 854w, https:\/\/bangvietbavicoboard.com\/wp-content\/uploads\/2025\/04\/bang-di-dong-da-nang-2-400x400.jpg 400w, https:\/\/bangvietbavicoboard.com\/wp-content\/uploads\/2025\/04\/bang-di-dong-da-nang-2-800x800.jpg 800w, https:\/\/bangvietbavicoboard.com\/wp-content\/uploads\/2025\/04\/bang-di-dong-da-nang-2-280x280.jpg 280w, https:\/\/bangvietbavicoboard.com\/wp-content\/uploads\/2025\/04\/bang-di-dong-da-nang-2-768x768.jpg 768w, https:\/\/bangvietbavicoboard.com\/wp-content\/uploads\/2025\/04\/bang-di-dong-da-nang-2-12x12.jpg 12w, https:\/\/bangvietbavicoboard.com\/wp-content\/uploads\/2025\/04\/bang-di-dong-da-nang-2-300x300.jpg 300w, https:\/\/bangvietbavicoboard.com\/wp-content\/uploads\/2025\/04\/bang-di-dong-da-nang-2-600x600.jpg 600w, https:\/\/bangvietbavicoboard.com\/wp-content\/uploads\/2025\/04\/bang-di-dong-da-nang-2-100x100.jpg 100w, https:\/\/bangvietbavicoboard.com\/wp-content\/uploads\/2025\/04\/bang-di-dong-da-nang-2-96x96.jpg 96w\" sizes=\"auto, (max-width: 854px) 100vw, 854px\" \/><\/td>\n<td style=\"width: 50%;\"><img loading=\"lazy\" decoding=\"async\" class=\"alignnone size-full wp-image-11372\" src=\"https:\/\/bangvietbavicoboard.com\/wp-content\/uploads\/2025\/04\/bang-di-dong-da-nang-1.jpg\" alt=\"\" width=\"854\" height=\"854\" srcset=\"https:\/\/bangvietbavicoboard.com\/wp-content\/uploads\/2025\/04\/bang-di-dong-da-nang-1.jpg 854w, https:\/\/bangvietbavicoboard.com\/wp-content\/uploads\/2025\/04\/bang-di-dong-da-nang-1-400x400.jpg 400w, https:\/\/bangvietbavicoboard.com\/wp-content\/uploads\/2025\/04\/bang-di-dong-da-nang-1-800x800.jpg 800w, https:\/\/bangvietbavicoboard.com\/wp-content\/uploads\/2025\/04\/bang-di-dong-da-nang-1-280x280.jpg 280w, https:\/\/bangvietbavicoboard.com\/wp-content\/uploads\/2025\/04\/bang-di-dong-da-nang-1-768x768.jpg 768w, https:\/\/bangvietbavicoboard.com\/wp-content\/uploads\/2025\/04\/bang-di-dong-da-nang-1-12x12.jpg 12w, https:\/\/bangvietbavicoboard.com\/wp-content\/uploads\/2025\/04\/bang-di-dong-da-nang-1-300x300.jpg 300w, https:\/\/bangvietbavicoboard.com\/wp-content\/uploads\/2025\/04\/bang-di-dong-da-nang-1-600x600.jpg 600w, https:\/\/bangvietbavicoboard.com\/wp-content\/uploads\/2025\/04\/bang-di-dong-da-nang-1-100x100.jpg 100w, https:\/\/bangvietbavicoboard.com\/wp-content\/uploads\/2025\/04\/bang-di-dong-da-nang-1-96x96.jpg 96w\" sizes=\"auto, (max-width: 854px) 100vw, 854px\" \/><\/td>\n<\/tr>\n<\/tbody>\n<\/table>\n<h1><span class=\"ez-toc-section\" id=\"Bao_hanh\"><\/span><strong>B\u1ea3o h\u00e0nh<\/strong><span class=\"ez-toc-section-end\"><\/span><\/h1>\n<p>+ Th\u1eddi gian b\u1ea3o h\u00e0nh t\u1eeb 12 \u2013 24 th\u00e1ng do l\u1ed7i c\u1ee7a nh\u00e0 s\u1ea3n xu\u1ea5t.<br \/>\n+ Qu\u00fd kh\u00e1ch h\u00e0ng gi\u1eef l\u1ea1i Gi\u1ea5y giao h\u00e0ng v\u00e0 g\u1ecdi cho s\u1ed1 Hotline <span style=\"color: #0000ff;\"><strong>0938 623 068<\/strong><\/span> ho\u1eb7c kinh doanh tr\u00ean gi\u1ea5y giao h\u00e0ng\/ tr\u00ean website n\u00e0y \u0111\u1ec3 \u0111\u01b0\u1ee3c h\u1ed7 tr\u1ee3 !<\/p>\n<p>&nbsp;<\/p>\n<p><img decoding=\"async\" class=\"lazy-load-active\" src=\"https:\/\/bangvietbavico.edu.vn\/wp-content\/uploads\/2024\/10\/XE-TAI.png\" alt=\"B\u1ea3ng t\u1eeb tr\u1eafng di \u0111\u1ed9ng\" data-src=\"https:\/\/bangvietbavico.edu.vn\/wp-content\/uploads\/2024\/10\/XE-TAI.png\" \/><\/p>\n<h1><span class=\"ez-toc-section\" id=\"LY_DO_NEN_LUA_CHON_BANG_VIET_BAVICO\"><\/span><strong>L\u00dd DO N\u00caN L\u1ef0A CH\u1eccN B\u1ea2NG VI\u1ebeT BAVICO<\/strong><span class=\"ez-toc-section-end\"><\/span><\/h1>\n<ul>\n<li><span style=\"color: #000080;\">B\u1ea3ng vi\u1ebft BAVICO l\u00e0 th\u01b0\u01a1ng hi\u1ec7u uy t\u00edn trong l\u0129nh v\u1ef1c s\u1ea3n xu\u1ea5t b\u1ea3ng v\u1edbi h\u01a1n 22 n\u0103m kinh nghi\u1ec7m.<\/span><\/li>\n<li><span style=\"color: #000080;\">Doanh nghi\u1ec7p \u0111\u1ea7u ti\u00ean trong ng\u00e0nh \u0111\u01b0a b\u1ea3ng t\u1eeb v\u1ec1 Vi\u1ec7t Nam v\u00e0 t\u01b0 v\u1ea5n thay th\u1ebf b\u1ea3ng t\u1eeb cho B\u1ed9 Gi\u00e1o d\u1ee5c v\u00e0 \u0110\u00e0o t\u1ea1o.<\/span><\/li>\n<li><span style=\"color: #000080;\">C\u00f3 ch\u1ee9ng nh\u1eadn nh\u1eadp kh\u1ea9u h\u00e0ng h\u00f3a theo \u0111\u00fang quy \u0111\u1ecbnh (CO \u2013 CQ).<\/span><\/li>\n<li><span style=\"color: #000080;\">\u0110\u1ed1i t\u00e1c ngu\u1ed3n nguy\u00ean li\u1ec7u ch\u00ednh (m\u1eb7t b\u1ea3ng) uy t\u00edn tr\u00ean to\u00e0n c\u1ea7u: Polyvision cho b\u1ec1 m\u1eb7t Ceramic v\u00e0 Dongshin cho b\u1ec1 m\u1eb7t th\u00e9p ph\u1ee7 s\u01a1n.<\/span><\/li>\n<li><span style=\"color: #000080;\">B\u1ea3ng vi\u1ebft BAVICO l\u00e0 C\u00f4ng ty s\u1ea3n xu\u1ea5t v\u00e0 c\u1ea5p cung s\u1ea3n ph\u1ea9m tr\u1ef1c ti\u1ebfp\u00a0 \u2013 \u0110\u1ea3m b\u1ea3o s\u1ea3n ph\u1ea9m ch\u00ednh h\u00e3ng 100%.<\/span><\/li>\n<li><span style=\"color: #000080;\">B\u1ea3ng vi\u1ebft BAVICO \u0111\u00e3 ph\u1ee5c v\u1ee5 r\u1ea5t nhi\u1ec1u kh\u00e1ch h\u00e0ng l\u1edbn nh\u01b0: T\u1eadp \u0111o\u00e0n Samsung, Viettel, C\u00e1c Tr\u01b0\u1eddng Qu\u1ed1c T\u1ebf \u00c1 Ch\u00e2u, M\u1ef9, Ph\u00e1p, Nh\u1eadt,\u2026<\/span><\/li>\n<li><span style=\"color: #000080;\">S\u1ea3n ph\u1ea9m \u0111a d\u1ea1ng v\u1edbi nhi\u1ec1u s\u1ef1 l\u1ef1a ch\u1ecdn, thi\u1ebft k\u1ebf v\u00e0 s\u1ea3n xu\u1ea5t theo y\u00eau c\u1ea7u kh\u00e1ch h\u00e0ng.<\/span><\/li>\n<li><span style=\"color: #000080;\">Ch\u00ednh s\u00e1ch b\u1ea3o h\u00e0nh t\u1eeb 12 th\u00e1ng \u2013 24 th\u00e1ng gi\u00fap kh\u00e1ch h\u00e0ng y\u00ean t\u00e2m khi mua h\u00e0ng.<\/span><\/li>\n<\/ul>\n<h2><span class=\"ez-toc-section\" id=\"THONG_TIN_LIEN_HE_MUA_BANG\"><\/span><small><b>TH\u00d4NG TIN LI\u00caN H\u1ec6 MUA B\u1ea2NG\u00a0<\/b><\/small><span class=\"ez-toc-section-end\"><\/span><\/h2>\n<h3><span class=\"ez-toc-section\" id=\"Lien_he_ngay_hotline_0938_623_068_de_duoc_tu_van_mien_phi\"><\/span>Li\u00ean h\u1ec7 ngay hotline\u00a0<span style=\"text-decoration: underline;\"><span style=\"color: #0000ff; text-decoration: underline;\"><a style=\"color: #0000ff; text-decoration: underline;\" href=\"tel:0918598597\">09<\/a>38 623 068<\/span><\/span> \u0111\u1ec3 \u0111\u01b0\u1ee3c t\u01b0 v\u1ea5n mi\u1ec5n ph\u00ed!<span class=\"ez-toc-section-end\"><\/span><\/h3>\n<p><strong>Di \u0110\u1ed9ng: <\/strong><strong>\u00a0\u00a0<\/strong><span style=\"color: #0000ff;\"><strong>\u00a0<\/strong><a style=\"color: #0000ff;\" href=\"tel:0938623068\"><span style=\"text-decoration: underline;\"><strong>0938<\/strong><strong> 623 068<\/strong><\/span><\/a><\/span><\/p>\n<p><strong>Email: <\/strong><strong>\u00a0\u00a0\u00a0\u00a0\u00a0\u00a0\u00a0<\/strong><span style=\"color: #0000ff;\"><a style=\"color: #0000ff;\" href=\"mailto:csns01@bangvietbavico.vn\"><strong>csns01@bangvietbavico.vn<\/strong><\/a><strong> \u00a0<\/strong><\/span><\/p>\n<p><strong>Website: \u00a0\u00a0<\/strong> <span style=\"color: #0000ff;\"><a style=\"color: #0000ff;\" href=\"https:\/\/bangvietbavicoboard.com\/en\/\"><strong>https:\/\/bangvietbavicoboard.com<\/strong><\/a><\/span><\/p>\n<h3 style=\"text-align: center;\"><span class=\"ez-toc-section\" id=\"CONG_TY_TNHH_THIET_BI_GIAO_DUC_BAVICO\"><\/span><span id=\"CONG_TY_TNHH_THIET_BI_GIAO_DUC_BAVICO\" class=\"ez-toc-section\"><\/span><span id=\"CONG_TY_TNHH_THIET_BI_GIAO_DUC_BAVICO\" class=\"ez-toc-section\"><\/span><span style=\"color: #0000ff;\"><a style=\"color: #0000ff;\" href=\"https:\/\/bangvietbavicoboard.com\/en\/gioi-thieu\/\"><small><b>EQUIPMENT CO., EDUCATION BAVICO<\/b><\/small><\/a><\/span><small><b><\/b><\/small><small><b><br \/>\n<\/b><\/small><span class=\"ez-toc-section-end\"><\/span><\/h3>\n<p><img loading=\"lazy\" decoding=\"async\" class=\"aligncenter\" src=\"https:\/\/dungcuvanphongonline.com\/images\/pic\/CTY.jpg\" alt=\"\" width=\"308\" height=\"315\" \/><\/p>\n<p><span style=\"font-size: 120%; color: #000080;\"><small>\u2013 Head office: No.26-28 DD11 Street, An Suong Villa Area in Tan Hung Thuan Ward. District 12, Ho Chi Minh City, Vietnam<br \/>\n\u2013 Factory: 7\/7 Ho Van Tang, Xom Dong Hamlet, Tan Phu Trung Commune, Cu Chi District, Ho Chi Minh City, Vietnam<br \/>\n\u2013 TEL: (028) 3 592 4085 \u2013 (028) 5427 5356<br \/>\n\u2013 Hotline: 0903 883 885 \u2013 Fax: 3 592 4110<\/small><\/span><\/p>\n<h2><span class=\"ez-toc-section\" id=\"%3E%3E%3E_Moi_Quy_khach_hang_click_tham_khao_cac_loai_Bang_viet_but_long_khac\"><\/span><span style=\"color: #800080;\"><a style=\"color: #800080;\" href=\"https:\/\/bangvietbavicoboard.com\/en\/product-category\/bang-viet-but-long\/\"><em>&gt;&gt;&gt; M\u1eddi Qu\u00fd kh\u00e1ch h\u00e0ng click tham kh\u1ea3o c\u00e1c lo\u1ea1i B\u1ea3ng vi\u1ebft b\u00fat l\u00f4ng kh\u00e1c<\/em><\/a><\/span><span class=\"ez-toc-section-end\"><\/span><\/h2>\n<h2><span class=\"ez-toc-section\" id=\"%3E%3E%3E_Moi_Quy_khach_hang_click_tham_khao_cac_loai_Bang_viet_phan_khac\"><\/span><span style=\"color: #800080;\"><a style=\"color: #800080;\" href=\"https:\/\/bangvietbavico.net\/product-category\/bang-viet-phan\/\" target=\"_blank\" rel=\"noopener\"><em>&gt;&gt;&gt; M\u1eddi Qu\u00fd kh\u00e1ch h\u00e0ng click tham kh\u1ea3o c\u00e1c lo\u1ea1i B\u1ea3ng vi\u1ebft ph\u1ea5n kh\u00e1c<\/em><\/a><\/span><span class=\"ez-toc-section-end\"><\/span><\/h2>\n<h2><\/h2>\n<p>&nbsp;<\/p>","protected":false},"excerpt":{"rendered":"<p><strong>B\u1ea3ng di \u0111\u1ed9ng \u0111a n\u0103ng<\/strong> l\u00e0 d\u00f2ng s\u1ea3n ph\u1ea9m b\u1ea3ng tr\u1eafng vi\u1ebft b\u00fat l\u00f4ng ch\u00e2n c\u00f3 b\u00e1nh xe c\u00f3 th\u1ec3 di chuy\u1ec3n cho m\u1ecdi kh\u00f4ng gian r\u1ea5t thu\u1eadn ti\u1ec7n v\u00e0 sang tr\u1ecdng.<\/p>\n<p>Gi\u00e1 \u00e1p d\u1ee5ng t\u1ea1i H\u00f3c M\u00f4n, C\u1ee7 Chi v\u00e0 khu v\u1ef1c n\u1ed9i th\u00e0nh TPHCM.<br \/>\nMI\u1ec4N PH\u00cd giao h\u00e0ng &amp; l\u1eafp \u0111\u1eb7t.<\/p>","protected":false},"featured_media":11376,"comment_status":"open","ping_status":"closed","template":"","meta":{"_acf_changed":false},"product_brand":[],"product_cat":[491],"product_tag":[],"class_list":{"0":"post-11364","1":"product","2":"type-product","3":"status-publish","4":"has-post-thumbnail","6":"product_cat-bang-di-dong-co-chan","8":"first","9":"instock","10":"shipping-taxable","11":"purchasable","12":"product-type-variable"},"acf":[],"_links":{"self":[{"href":"https:\/\/bangvietbavicoboard.com\/en\/wp-json\/wp\/v2\/product\/11364","targetHints":{"allow":["GET"]}}],"collection":[{"href":"https:\/\/bangvietbavicoboard.com\/en\/wp-json\/wp\/v2\/product"}],"about":[{"href":"https:\/\/bangvietbavicoboard.com\/en\/wp-json\/wp\/v2\/types\/product"}],"replies":[{"embeddable":true,"href":"https:\/\/bangvietbavicoboard.com\/en\/wp-json\/wp\/v2\/comments?post=11364"}],"wp:featuredmedia":[{"embeddable":true,"href":"https:\/\/bangvietbavicoboard.com\/en\/wp-json\/wp\/v2\/media\/11376"}],"wp:attachment":[{"href":"https:\/\/bangvietbavicoboard.com\/en\/wp-json\/wp\/v2\/media?parent=11364"}],"wp:term":[{"taxonomy":"product_brand","embeddable":true,"href":"https:\/\/bangvietbavicoboard.com\/en\/wp-json\/wp\/v2\/product_brand?post=11364"},{"taxonomy":"product_cat","embeddable":true,"href":"https:\/\/bangvietbavicoboard.com\/en\/wp-json\/wp\/v2\/product_cat?post=11364"},{"taxonomy":"product_tag","embeddable":true,"href":"https:\/\/bangvietbavicoboard.com\/en\/wp-json\/wp\/v2\/product_tag?post=11364"}],"curies":[{"name":"wp","href":"https:\/\/api.w.org\/{rel}","templated":true}]}}