{"id":11343,"date":"2025-03-31T09:04:27","date_gmt":"2025-03-31T09:04:27","guid":{"rendered":"https:\/\/bangvietbavicoboard.com\/?post_type=product&#038;p=11343"},"modified":"2025-03-31T09:22:05","modified_gmt":"2025-03-31T09:22:05","slug":"bang-lich-cong-tac","status":"publish","type":"product","link":"https:\/\/bangvietbavicoboard.com\/en\/product\/bang-lich-cong-tac\/","title":{"rendered":"B\u1ea3ng l\u1ecbch c\u00f4ng t\u00e1c"},"content":{"rendered":"<p>\u2013 <strong>B\u1ea3ng l\u1ecbch c\u00f4ng t\u00e1c<\/strong> v\u1edbi t\u00ednh n\u0103ng n\u1ed5i b\u1eadt \u0111\u1ec3 ghi ch\u00fa, vi\u1ebft \u00eam, d\u1ec5 x\u00f3a v\u00e0 kh\u00f4ng \u0111\u1ec3 l\u1ea1i d\u1ea5u.<\/p>\n<p>\u2013 <strong>B\u1ea3ng l\u1ecbch c\u00f4ng t\u00e1c<\/strong> l\u00e0 m\u1ed9t s\u1ea3n ph\u1ea9m cao c\u1ea5p \u0111\u01b0\u1ee3c s\u1eed d\u1ee5ng r\u1ea5t nhi\u1ec1u trong v\u0103n ph\u00f2ng \u1edf c\u00e1c C\u00f4ng Ty, Tr\u01b0\u1eddng H\u1ecdc, B\u1ec7nh Vi\u1ec7n,\u2026.<\/p>\n<p><img loading=\"lazy\" decoding=\"async\" class=\"alignnone size-full wp-image-11347\" src=\"https:\/\/bangvietbavicoboard.com\/wp-content\/uploads\/2025\/03\/bang-lich-cong-tac.jpg\" alt=\"\" width=\"1548\" height=\"880\" srcset=\"https:\/\/bangvietbavicoboard.com\/wp-content\/uploads\/2025\/03\/bang-lich-cong-tac.jpg 1548w, https:\/\/bangvietbavicoboard.com\/wp-content\/uploads\/2025\/03\/bang-lich-cong-tac-704x400.jpg 704w, https:\/\/bangvietbavicoboard.com\/wp-content\/uploads\/2025\/03\/bang-lich-cong-tac-1400x796.jpg 1400w, https:\/\/bangvietbavicoboard.com\/wp-content\/uploads\/2025\/03\/bang-lich-cong-tac-768x437.jpg 768w, https:\/\/bangvietbavicoboard.com\/wp-content\/uploads\/2025\/03\/bang-lich-cong-tac-1536x873.jpg 1536w, https:\/\/bangvietbavicoboard.com\/wp-content\/uploads\/2025\/03\/bang-lich-cong-tac-18x10.jpg 18w, https:\/\/bangvietbavicoboard.com\/wp-content\/uploads\/2025\/03\/bang-lich-cong-tac-300x171.jpg 300w, https:\/\/bangvietbavicoboard.com\/wp-content\/uploads\/2025\/03\/bang-lich-cong-tac-600x341.jpg 600w\" sizes=\"auto, (max-width: 1548px) 100vw, 1548px\" \/><\/p>\n<h3><span class=\"ez-toc-section\" id=\"CAU_TAO_CUA_BANG\"><\/span><strong>C\u1ea4U T\u1ea0O C\u1ee6A B\u1ea2NG:<\/strong><span class=\"ez-toc-section-end\"><\/span><\/h3>\n<p>\u2013 M\u1eb7t b\u1ea3ng:<\/p>\n<p>+ V\u1edbi ch\u1ea5t li\u1ec7u ch\u00ednh b\u1eb1ng Greenlam \u0111\u01b0\u1ee3c nh\u1eadp kh\u1ea9u tr\u1ef1c ti\u1ebfp t\u1eeb \u1ea4n \u0110\u1ed9. L\u00e0 d\u00f2ng s\u1ea3n ph\u1ea9m ch\u1ee7 l\u1ef1c c\u1ee7a BAVICO trong su\u1ed1t g\u1ea7n 20 n\u0103m qua.<\/p>\n<p>+ M\u1eb7t b\u1ea3ng l\u1ecbch c\u00f4ng t\u00e1c c\u00f3 m\u00e0u tr\u1eafng k\u1ebb bi\u1ec3u m\u1eabu l\u1ecbch c\u00f4ng t\u00e1c v\u00e0 c\u00f3 th\u1ec3 vi\u1ebft b\u00fat l\u00f4ng tr\u00ean b\u1ea3ng kh\u00f4ng \u0111\u1ec3 l\u1ea1i d\u1ea5u.<\/p>\n<table>\n<tbody>\n<tr>\n<td style=\"text-align: center;\"><strong>IN L\u1ee4A TR\u00caN M\u1eb6T B\u1ea2NG<\/strong><\/td>\n<td style=\"text-align: center;\"><strong>K\u1eba V\u00c0O M\u1eb6T B\u1ea2NG<\/strong><\/td>\n<\/tr>\n<tr>\n<td><img loading=\"lazy\" decoding=\"async\" class=\"aligncenter size-full wp-image-3499\" src=\"https:\/\/bangvietbavico.edu.vn\/wp-content\/uploads\/2020\/08\/Bang-lich-cong-tac-tuan-nhom-canh-tron.jpg\" sizes=\"auto, (max-width: 1095px) 100vw, 1095px\" srcset=\"https:\/\/bangvietbavico.edu.vn\/wp-content\/uploads\/2020\/08\/Bang-lich-cong-tac-tuan-nhom-canh-tron.jpg 1095w, https:\/\/bangvietbavico.edu.vn\/wp-content\/uploads\/2020\/08\/Bang-lich-cong-tac-tuan-nhom-canh-tron-300x234.jpg 300w, https:\/\/bangvietbavico.edu.vn\/wp-content\/uploads\/2020\/08\/Bang-lich-cong-tac-tuan-nhom-canh-tron-1024x798.jpg 1024w, https:\/\/bangvietbavico.edu.vn\/wp-content\/uploads\/2020\/08\/Bang-lich-cong-tac-tuan-nhom-canh-tron-768x598.jpg 768w\" alt=\"\" width=\"1095\" height=\"853\" \/><\/td>\n<td><img loading=\"lazy\" decoding=\"async\" class=\"aligncenter size-full wp-image-3500\" src=\"https:\/\/bangvietbavico.edu.vn\/wp-content\/uploads\/2020\/08\/bang-lich-cong-tac-tuan-logo.jpg\" sizes=\"auto, (max-width: 660px) 100vw, 660px\" srcset=\"https:\/\/bangvietbavico.edu.vn\/wp-content\/uploads\/2020\/08\/bang-lich-cong-tac-tuan-logo.jpg 660w, https:\/\/bangvietbavico.edu.vn\/wp-content\/uploads\/2020\/08\/bang-lich-cong-tac-tuan-logo-300x207.jpg 300w\" alt=\"\" width=\"660\" height=\"456\" \/><\/td>\n<\/tr>\n<\/tbody>\n<\/table>\n<p>&nbsp;<\/p>\n<div>\n<p><strong style=\"color: #555555; font-size: 25.92px;\">B\u1ea3o h\u00e0nh<\/strong><\/p>\n<p>+ Th\u1eddi gian b\u1ea3o h\u00e0nh t\u1eeb 12 &#8211; 36 th\u00e1ng n\u1ebfu do l\u1ed7i c\u1ee7a nh\u00e0 s\u1ea3n xu\u1ea5t.<br \/>\n+ Qu\u00fd kh\u00e1ch h\u00e0ng gi\u1eef l\u1ea1i Gi\u1ea5y giao h\u00e0ng v\u00e0 g\u1ecdi cho s\u1ed1 Hotline <span style=\"color: #0000ff;\"><strong>0938 623 068<\/strong><\/span> ho\u1eb7c kinh doanh tr\u00ean gi\u1ea5y giao h\u00e0ng\/ tr\u00ean website n\u00e0y \u0111\u1ec3 \u0111\u01b0\u1ee3c h\u1ed7 tr\u1ee3.<\/p>\n<p><img decoding=\"async\" src=\"https:\/\/bangvietbavico.edu.vn\/wp-content\/uploads\/2024\/10\/XE-TAI.png\" \/><\/p>\n<\/div>\n<div>\n<h1><span class=\"ez-toc-section\" id=\"Li_do_nen_mua_san_pham_cua_Bang_viet_Bavico\"><\/span><strong>L\u00ed do n\u00ean mua s\u1ea3n ph\u1ea9m c\u1ee7a B\u1ea3ng vi\u1ebft Bavico:<\/strong><span class=\"ez-toc-section-end\"><\/span><\/h1>\n<ul>\n<li><span style=\"font-family: arial, helvetica, sans-serif; color: #000080;\">B\u1ea3ng vi\u1ebft BAVICO l\u00e0 th\u01b0\u01a1ng hi\u1ec7u uy t\u00edn trong l\u0129nh v\u1ef1c s\u1ea3n xu\u1ea5t b\u1ea3ng v\u1edbi h\u01a1n 22 n\u0103m kinh nghi\u1ec7m.<\/span><\/li>\n<li><span style=\"font-family: arial, helvetica, sans-serif; color: #000080;\">Doanh nghi\u1ec7p \u0111\u1ea7u ti\u00ean trong ng\u00e0nh \u0111\u01b0a b\u1ea3ng t\u1eeb v\u1ec1 Vi\u1ec7t Nam v\u00e0 t\u01b0 v\u1ea5n thay th\u1ebf b\u1ea3ng t\u1eeb trong tr\u01b0\u1eddng h\u1ecdc cho B\u1ed9 Gi\u00e1o d\u1ee5c v\u00e0 \u0110\u00e0o t\u1ea1o.<\/span><\/li>\n<li><span style=\"font-family: arial, helvetica, sans-serif; color: #000080;\">C\u00f3 ch\u1ee9ng nh\u1eadn nh\u1eadp kh\u1ea9u h\u00e0ng h\u00f3a theo \u0111\u00fang quy \u0111\u1ecbnh (CO \u2013 CQ).<\/span><\/li>\n<li><span style=\"font-family: arial, helvetica, sans-serif; color: #000080;\">\u0110\u1ed1i t\u00e1c ngu\u1ed3n nguy\u00ean li\u1ec7u ch\u00ednh (m\u1eb7t b\u1ea3ng) uy t\u00edn tr\u00ean to\u00e0n c\u1ea7u: Polyvision cho b\u1ec1 m\u1eb7t Ceramic v\u00e0 Dongshin cho b\u1ec1 m\u1eb7t th\u00e9p ph\u1ee7 s\u01a1n.<\/span><\/li>\n<li><span style=\"font-family: arial, helvetica, sans-serif; color: #000080;\">BAVICO t\u1ef1 h\u00e0o C\u00f4ng ty s\u1ea3n xu\u1ea5t v\u00e0 c\u1ea5p cung s\u1ea3n ph\u1ea9m tr\u1ef1c ti\u1ebfp\u00a0 \u2013 \u0110\u1ea3m b\u1ea3o s\u1ea3n ph\u1ea9m ch\u00ednh h\u00e3ng 100%.<\/span><\/li>\n<li><span style=\"font-family: arial, helvetica, sans-serif; color: #000080;\">B\u1ea3ng vi\u1ebft BAVICO \u0111\u00e3 ph\u1ee5c v\u1ee5 r\u1ea5t nhi\u1ec1u kh\u00e1ch h\u00e0ng l\u1edbn nh\u01b0: T\u1eadp \u0111o\u00e0n Samsung, Viettel, C\u00e1c Tr\u01b0\u1eddng Qu\u1ed1c T\u1ebf \u00c1 Ch\u00e2u, M\u1ef9, Ph\u00e1p, Nh\u1eadt,\u2026<\/span><\/li>\n<li><span style=\"font-family: arial, helvetica, sans-serif; color: #000080;\">S\u1ea3n ph\u1ea9m \u0111a d\u1ea1ng v\u1edbi nhi\u1ec1u s\u1ef1 l\u1ef1a ch\u1ecdn, thi\u1ebft k\u1ebf v\u00e0 s\u1ea3n xu\u1ea5t theo y\u00eau c\u1ea7u kh\u00e1ch h\u00e0ng.<\/span><\/li>\n<li><span style=\"font-family: arial, helvetica, sans-serif; color: #000080;\">Ch\u00ednh s\u00e1ch b\u1ea3o h\u00e0nh t\u1eeb 12 th\u00e1ng \u2013 36 th\u00e1ng gi\u00fap kh\u00e1ch h\u00e0ng y\u00ean t\u00e2m khi mua h\u00e0ng.<\/span><\/li>\n<\/ul>\n<p>&nbsp;<\/p>\n<h2><span class=\"ez-toc-section\" id=\"CONG_TY_TNHH_THIET_BI_GIAO_DUC_BAVICO\"><\/span><a href=\"https:\/\/bangvietbavicoboard.com\/en\/\"><strong>EQUIPMENT CO., EDUCATION BAVICO<\/strong><\/a><span class=\"ez-toc-section-end\"><\/span><\/h2>\n<p><a href=\"https:\/\/www.google.com\/maps\/place\/C%C3%B4ng+Ty+TNHH+Thi%E1%BA%BFt+B%E1%BB%8B+Gi%C3%A1o+D%E1%BB%A5c+BAVICO\/@10.8422711,106.6244102,17z\/data=!3m1!4b1!4m5!3m4!1s0x31752a2a33796a47:0x1e4c184654bd6967!8m2!3d10.8422658!4d106.6265989?hl=vi-VN\" target=\"_blank\" rel=\"noopener\"><strong>Tr\u1ee5 s\u1edf ch\u00ednh: S\u1ed1 26 \u2013 28 \u0110\u01b0\u1eddng DD11 Khu bi\u1ec7t th\u1ef1 An S\u01b0\u01a1ng, Ph\u01b0\u1eddng T\u00e2n H\u01b0ng Thu\u1eadn, Qu\u1eadn 12, Th\u00e0nh ph\u1ed1 H\u1ed3 Ch\u00ed Minh, Vi\u1ec7t Nam.<\/strong><\/a><\/p>\n<p><a href=\"https:\/\/www.google.com\/maps\/place\/NH%C3%80+M%C3%81Y+B%E1%BA%A2NG+VI%E1%BA%BET+BAVICO\/data=!4m2!3m1!1s0x3174d54b4766c1e1:0x5e7544f8d3754cf8?hl=vi&amp;trk=https%3A%2F%2Fnotifications.google.com%2Fg%2Fp%2FANiao5qxS1Nm-jYR1J2xq7eGKk7sVofQFkONHZn7ZY1zjo26fUdiIedC5c2mAakkpMKjxMsTnB9fPMAbD18GWiRfE5-oXEHRGqQhobyjs_Hj9u2xUtrFgqGeo2BwkZvvFFFONLfFq-_lNqqzAQIbZ-Py-_UWpcdoJrNPOobHtX1hJYMPfYf7R5DJXHySX2mo-h0Loz8brWxA1Hr1nhML\" target=\"_blank\" rel=\"noopener\"><strong>Nh\u00e0 m\u00e1y s\u1ea3n xu\u1ea5t: S\u1ed1 7\/7 \u0111\u01b0\u1eddng s\u1ed1 65, H\u1ed3 V\u0103n T\u1eafng, \u1ea4p X\u00f3m \u0110\u1ed3ng, X\u00e3 T\u00e2n Ph\u00fa Trung, Huy\u1ec7n C\u1ee7 Chi, Th\u00e0nh Ph\u1ed1 H\u1ed3 Ch\u00ed Minh, Vi\u1ec7t Nam.<\/strong><\/a><\/p>\n<p><strong>MST: 0303030028 \u2013 Ng\u00e0y th\u00e0nh l\u1eadp c\u00f4ng ty: 01\/09\/2003<\/strong><\/p>\n<div data-original-attrs=\"{&quot;style&quot;:&quot;&quot;}\">\u0110\u1ec3 bi\u1ebft th\u00eam chi ti\u1ebft xin vui l\u00f2ng li\u00ean h\u1ec7:<\/div>\n<div>TEL:\u00a0<span style=\"color: #783f04;\" data-keep-original-tag=\"false\" data-original-attrs=\"{&quot;style&quot;:&quot;&quot;}\">0938 623 068 (Viber\/Zalo)<\/span><\/div>\n<div>Email:\u00a0<span style=\"color: #274e13;\" data-keep-original-tag=\"false\" data-original-attrs=\"{&quot;style&quot;:&quot;&quot;}\">csns01@bangvietbavico.vn<\/span><\/div>\n<div><\/div>\n<h2><span class=\"ez-toc-section\" id=\"%3E%3E%3E_Moi_Quy_khach_hang_click_tham_khao_cac_loai_Bang_viet_but_long_khac\"><\/span><span style=\"font-family: arial, helvetica, sans-serif; color: #008000;\"><a style=\"color: #008000;\" href=\"https:\/\/bangvietbavicoboard.com\/en\/product-category\/bang-viet-but-long\/\"><em>&gt;&gt;&gt; M\u1eddi Qu\u00fd kh\u00e1ch h\u00e0ng click tham kh\u1ea3o c\u00e1c lo\u1ea1i B\u1ea3ng vi\u1ebft b\u00fat l\u00f4ng kh\u00e1c<\/em><\/a><\/span><span class=\"ez-toc-section-end\"><\/span><\/h2>\n<h2><span class=\"ez-toc-section\" id=\"%3E%3E%3E_Moi_Quy_khach_hang_click_tham_khao_cac_loai_Bang_kinh_khac\"><\/span><span style=\"font-family: arial, helvetica, sans-serif; color: #008000;\"><a style=\"color: #008000;\" href=\"https:\/\/bangvietbavicoboard.com\/en\/product-category\/bang-kinh\/\"><em>&gt;&gt;&gt; M\u1eddi Qu\u00fd kh\u00e1ch h\u00e0ng click tham kh\u1ea3o c\u00e1c lo\u1ea1i B\u1ea3ng k\u00ednh kh\u00e1c<\/em><\/a><\/span><span class=\"ez-toc-section-end\"><\/span><\/h2>\n<\/div>\n<div><\/div>\n<p>&nbsp;<\/p>","protected":false},"excerpt":{"rendered":"<p><strong>B\u1ea3ng l\u1ecbch c\u00f4ng t\u00e1c<\/strong> l\u00e0 m\u1ed9t s\u1ea3n ph\u1ea9m cao c\u1ea5p \u0111\u01b0\u1ee3c s\u1eed d\u1ee5ng r\u1ea5t nhi\u1ec1u trong v\u0103n ph\u00f2ng \u1edf c\u00e1c C\u00f4ng Ty, Tr\u01b0\u1eddng H\u1ecdc, B\u1ec7nh Vi\u1ec7n,\u2026.<\/p>\n<p>Gi\u00e1 \u00e1p d\u1ee5ng t\u1ea1i H\u00f3c M\u00f4n, C\u1ee7 Chi v\u00e0 khu v\u1ef1c n\u1ed9i th\u00e0nh TPHCM.<\/p>","protected":false},"featured_media":11348,"comment_status":"open","ping_status":"closed","template":"","meta":{"_acf_changed":false},"product_brand":[],"product_cat":[471],"product_tag":[],"class_list":{"0":"post-11343","1":"product","2":"type-product","3":"status-publish","4":"has-post-thumbnail","6":"product_cat-bang-theo-yeu-cau","8":"first","9":"instock","10":"shipping-taxable","11":"purchasable","12":"product-type-variable"},"acf":[],"_links":{"self":[{"href":"https:\/\/bangvietbavicoboard.com\/en\/wp-json\/wp\/v2\/product\/11343","targetHints":{"allow":["GET"]}}],"collection":[{"href":"https:\/\/bangvietbavicoboard.com\/en\/wp-json\/wp\/v2\/product"}],"about":[{"href":"https:\/\/bangvietbavicoboard.com\/en\/wp-json\/wp\/v2\/types\/product"}],"replies":[{"embeddable":true,"href":"https:\/\/bangvietbavicoboard.com\/en\/wp-json\/wp\/v2\/comments?post=11343"}],"wp:featuredmedia":[{"embeddable":true,"href":"https:\/\/bangvietbavicoboard.com\/en\/wp-json\/wp\/v2\/media\/11348"}],"wp:attachment":[{"href":"https:\/\/bangvietbavicoboard.com\/en\/wp-json\/wp\/v2\/media?parent=11343"}],"wp:term":[{"taxonomy":"product_brand","embeddable":true,"href":"https:\/\/bangvietbavicoboard.com\/en\/wp-json\/wp\/v2\/product_brand?post=11343"},{"taxonomy":"product_cat","embeddable":true,"href":"https:\/\/bangvietbavicoboard.com\/en\/wp-json\/wp\/v2\/product_cat?post=11343"},{"taxonomy":"product_tag","embeddable":true,"href":"https:\/\/bangvietbavicoboard.com\/en\/wp-json\/wp\/v2\/product_tag?post=11343"}],"curies":[{"name":"wp","href":"https:\/\/api.w.org\/{rel}","templated":true}]}}