{"id":11229,"date":"2025-03-01T11:09:44","date_gmt":"2025-03-01T11:09:44","guid":{"rendered":"https:\/\/bangvietbavicoboard.com\/?post_type=product&#038;p=11229"},"modified":"2025-03-29T09:01:40","modified_gmt":"2025-03-29T09:01:40","slug":"bang-truot-dung-viet-but-long-tu-han-quoc","status":"publish","type":"product","link":"https:\/\/bangvietbavicoboard.com\/en\/product\/bang-truot-dung-viet-but-long-tu-han-quoc\/","title":{"rendered":"B\u1ea3ng tr\u01b0\u1ee3t \u0111\u1ee9ng vi\u1ebft b\u00fat l\u00f4ng t\u1eeb H\u00e0n Qu\u1ed1c"},"content":{"rendered":"<p><strong>B\u1ea3ng tr\u01b0\u1ee3t \u0111\u1ee9ng <\/strong><strong>vi\u1ebft b\u00fat l\u00f4ng t\u1eeb H\u00e0n Qu\u1ed1c\u00a0<\/strong>c\u00f3 t\u00ednh n\u0103ng n\u1ed5i b\u1eadt l\u00e0 gia t\u0103ng di\u1ec7n t\u00edch s\u1eed d\u1ee5ng r\u1ea5t ti\u1ec7n d\u1ee5ng cho Tr\u01b0\u1eddng H\u1ecdc v\u00e0 V\u0103n Ph\u00f2ng.<br \/>\nV\u1edbi thi\u1ebft k\u1ebf thanh l\u1ecbch, an to\u00e0n v\u00e0 hi\u1ec7n \u0111\u1ea1i.<\/p>\n<p>B\u00ean c\u1ea1nh \u0111\u00f3 b\u1ea3ng thay \u0111\u1ed5i chi\u1ec1u cao d\u1ec5 d\u00e0ng, gi\u00fap cho ng\u01b0\u1eddi s\u1eed d\u1ee5ng c\u00f3 t\u01b0 th\u1ebf vi\u1ebft tho\u1ea3i m\u00e1i h\u01a1n v\u00e0 t\u1ea1o th\u1ea9m m\u1ef9.<\/p>\n<p>\u0110\u1eb7c bi\u1ec7t, kh\u1eafc ph\u1ee5c \u0111\u01b0\u1ee3c nhi\u1ec7t \u0111i\u1ec3m ph\u1ea3i khom l\u01b0ng ho\u1eb7c v\u1edbi khi vi\u1ebft b\u1ea3ng.<\/p>\n<table style=\"border-collapse: collapse; width: 100%;\">\n<tbody>\n<tr>\n<td style=\"width: 50%;\"><img loading=\"lazy\" decoding=\"async\" class=\"alignnone size-full wp-image-11231\" src=\"https:\/\/bangvietbavicoboard.com\/wp-content\/uploads\/2025\/03\/bang-TRUOT-DUNG-3.jpg\" alt=\"\" width=\"900\" height=\"900\" srcset=\"https:\/\/bangvietbavicoboard.com\/wp-content\/uploads\/2025\/03\/bang-TRUOT-DUNG-3.jpg 900w, https:\/\/bangvietbavicoboard.com\/wp-content\/uploads\/2025\/03\/bang-TRUOT-DUNG-3-400x400.jpg 400w, https:\/\/bangvietbavicoboard.com\/wp-content\/uploads\/2025\/03\/bang-TRUOT-DUNG-3-800x800.jpg 800w, https:\/\/bangvietbavicoboard.com\/wp-content\/uploads\/2025\/03\/bang-TRUOT-DUNG-3-280x280.jpg 280w, https:\/\/bangvietbavicoboard.com\/wp-content\/uploads\/2025\/03\/bang-TRUOT-DUNG-3-768x768.jpg 768w, https:\/\/bangvietbavicoboard.com\/wp-content\/uploads\/2025\/03\/bang-TRUOT-DUNG-3-12x12.jpg 12w, https:\/\/bangvietbavicoboard.com\/wp-content\/uploads\/2025\/03\/bang-TRUOT-DUNG-3-300x300.jpg 300w, https:\/\/bangvietbavicoboard.com\/wp-content\/uploads\/2025\/03\/bang-TRUOT-DUNG-3-600x600.jpg 600w, https:\/\/bangvietbavicoboard.com\/wp-content\/uploads\/2025\/03\/bang-TRUOT-DUNG-3-100x100.jpg 100w, https:\/\/bangvietbavicoboard.com\/wp-content\/uploads\/2025\/03\/bang-TRUOT-DUNG-3-96x96.jpg 96w\" sizes=\"auto, (max-width: 900px) 100vw, 900px\" \/><\/td>\n<td style=\"width: 50%;\"><img loading=\"lazy\" decoding=\"async\" class=\"alignnone size-full wp-image-11232\" src=\"https:\/\/bangvietbavicoboard.com\/wp-content\/uploads\/2025\/03\/bang-TRUOT-DUNG-4.jpg\" alt=\"\" width=\"900\" height=\"900\" srcset=\"https:\/\/bangvietbavicoboard.com\/wp-content\/uploads\/2025\/03\/bang-TRUOT-DUNG-4.jpg 900w, https:\/\/bangvietbavicoboard.com\/wp-content\/uploads\/2025\/03\/bang-TRUOT-DUNG-4-400x400.jpg 400w, https:\/\/bangvietbavicoboard.com\/wp-content\/uploads\/2025\/03\/bang-TRUOT-DUNG-4-800x800.jpg 800w, https:\/\/bangvietbavicoboard.com\/wp-content\/uploads\/2025\/03\/bang-TRUOT-DUNG-4-280x280.jpg 280w, https:\/\/bangvietbavicoboard.com\/wp-content\/uploads\/2025\/03\/bang-TRUOT-DUNG-4-768x768.jpg 768w, https:\/\/bangvietbavicoboard.com\/wp-content\/uploads\/2025\/03\/bang-TRUOT-DUNG-4-12x12.jpg 12w, https:\/\/bangvietbavicoboard.com\/wp-content\/uploads\/2025\/03\/bang-TRUOT-DUNG-4-300x300.jpg 300w, https:\/\/bangvietbavicoboard.com\/wp-content\/uploads\/2025\/03\/bang-TRUOT-DUNG-4-600x600.jpg 600w, https:\/\/bangvietbavicoboard.com\/wp-content\/uploads\/2025\/03\/bang-TRUOT-DUNG-4-100x100.jpg 100w, https:\/\/bangvietbavicoboard.com\/wp-content\/uploads\/2025\/03\/bang-TRUOT-DUNG-4-96x96.jpg 96w\" sizes=\"auto, (max-width: 900px) 100vw, 900px\" \/><\/td>\n<\/tr>\n<\/tbody>\n<\/table>\n<h3><span class=\"ez-toc-section\" id=\"MUC_DICH_SU_DUNG_%E2%80%9CBANG_TRUOT_DUNG_%E2%80%93_BANG_TRUOT_DOC%E2%80%9C\"><\/span>M\u1ee4C \u0110\u00cdCH S\u1eec D\u1ee4NG \u201c<strong>B\u1ea2NG TR\u01af\u1ee2T \u0110\u1ee8NG \u2013 B\u1ea2NG TR\u01af\u1ee2T D\u1eccC<\/strong>\u201c<span class=\"ez-toc-section-end\"><\/span><\/h3>\n<p>* Gia t\u0103ng t\u00ednh ti\u1ec7n d\u1ee5ng v\u00e0 hi\u1ec7n \u0111\u1ea1i cho ph\u00f2ng h\u1ecdc.<\/p>\n<p>* \u0110i\u1ec1u ch\u1ec9nh v\u1eeba t\u1ea7m gi\u00e1o vi\u00ean \u0111\u1ec3 kh\u1eafc ph\u1ee5c nh\u01b0\u1ee3c \u0111i\u1ec3m ph\u1ea3i khom ho\u1eb7c r\u01b0\u1edbn khi vi\u1ebft<\/p>\n<p>* \u0110\u01b0a b\u1ea3ng vi\u1ebft v\u1ec1 trung t\u00e2m ph\u00f2ng h\u1ecdc \u0111\u1ec3 tr\u00e1nh ch\u00f3i m\u1eaft h\u1ecdc sinh<\/p>\n<p>* T\u1ea1o kh\u00f4ng gian hi\u1ec7n \u0111\u1ea1i cho ph\u00f2ng h\u1ecdc.<\/p>\n<p><strong>B\u1ea3ng tr\u01b0\u1ee3t vi\u1ebft b\u00fat l\u00f4ng<\/strong> v\u1edbi m\u1eb7t b\u1ea3ng t\u1eeb m\u00e0u tr\u1eafng ch\u1ed1ng l\u00f3a, vi\u1ebft b\u00fat l\u00f4ng \u00eam, d\u1ec5 lau, h\u00e0ng nh\u1eadp kh\u1ea9u t\u1eeb Dongshin \u2013 H\u00e0n Qu\u1ed1c \u2013 nh\u00e0 cung c\u1ea5p m\u1eb7t b\u1ea3ng t\u1eeb h\u00e0ng \u0111\u1ea7u th\u1ebf gi\u1edbi, \u00f4 ly vu\u00f4ng ch\u00ecm 5cm, khung nh\u00f4m Vi\u1ec7t \u2013 Nh\u1eadt, m\u00e1ng ph\u1ea5n c\u00f3 th\u1ec3 t\u00f9y ch\u1ecdn d\u00e0i xuy\u00ean su\u1ed1t b\u1ea3ng.<\/p>\n<p><strong>B\u1ea3ng tr\u01b0\u1ee3t vi\u1ebft b\u00fat l\u00f4ng<\/strong>\u00a0c\u00f3 m\u1eb7t b\u1ea3ng l\u00e0 h\u00e0ng ch\u00ednh h\u00e3ng\u00a0<strong>\u201cMADE IN KOREA\u201d<\/strong><\/p>\n<p>M\u1eb7t b\u1ea3ng c\u1ee7a\u00a0<strong>b\u1ea3ng tr\u01b0\u1ee3t vi\u1ebft b\u00fat l\u00f4ng\u00a0<\/strong>c\u00f3 th\u1ec3 d\u00f9ng nam ch\u00e2m \u0111\u1ec3 \u0111\u00ednh h\u00ecnh \u1ea3nh minh h\u1ecda, v\u0103n b\u1ea3n l\u00ean m\u1eb7t b\u1ea3ng r\u1ea5t ti\u1ec7n d\u1ee5ng.<\/p>\n<p><b>B\u1ea3ng tr\u01b0\u1ee3t vi\u1ebft b\u00fat l\u00f4ng\u00a0<\/b>c\u00f3 \u0111\u1ed9 b\u1ec1n tr\u00ean 10 n\u0103m.<\/p>\n<p>&nbsp;<\/p>\n<h3 style=\"text-align: center;\"><span class=\"ez-toc-section\" id=\"GIAY_CHUNG_NHAN_CO_%E2%80%93_CQ_NHAP_KHAU_MAT_BANG\"><\/span><span style=\"color: #000080;\"><strong>GI\u1ea4Y CH\u1ee8NG NH\u1eacN CO \u2013 CQ NH\u1eacP KH\u1ea8U M\u1eb6T B\u1ea2NG<\/strong><\/span><span class=\"ez-toc-section-end\"><\/span><\/h3>\n<table>\n<tbody>\n<tr>\n<td><img loading=\"lazy\" decoding=\"async\" class=\"aligncenter size-full wp-image-11457 lazy-load-active\" src=\"https:\/\/bangvietbavico.edu.vn\/wp-content\/uploads\/2023\/11\/CO-2024-1200.jpg\" sizes=\"auto, (max-width: 1200px) 100vw, 1200px\" srcset=\"https:\/\/bangvietbavico.edu.vn\/wp-content\/uploads\/2023\/11\/CO-2024-1200.jpg 1200w, https:\/\/bangvietbavico.edu.vn\/wp-content\/uploads\/2023\/11\/CO-2024-1200-300x300.jpg 300w, https:\/\/bangvietbavico.edu.vn\/wp-content\/uploads\/2023\/11\/CO-2024-1200-1024x1024.jpg 1024w, https:\/\/bangvietbavico.edu.vn\/wp-content\/uploads\/2023\/11\/CO-2024-1200-150x150.jpg 150w, https:\/\/bangvietbavico.edu.vn\/wp-content\/uploads\/2023\/11\/CO-2024-1200-768x768.jpg 768w, https:\/\/bangvietbavico.edu.vn\/wp-content\/uploads\/2023\/11\/CO-2024-1200-180x180.jpg 180w, https:\/\/bangvietbavico.edu.vn\/wp-content\/uploads\/2023\/11\/CO-2024-1200-600x600.jpg 600w\" alt=\"CO 2024 1200\" width=\"1200\" height=\"1200\" data-src=\"https:\/\/bangvietbavico.edu.vn\/wp-content\/uploads\/2023\/11\/CO-2024-1200.jpg\" data-srcset=\"https:\/\/bangvietbavico.edu.vn\/wp-content\/uploads\/2023\/11\/CO-2024-1200.jpg 1200w, https:\/\/bangvietbavico.edu.vn\/wp-content\/uploads\/2023\/11\/CO-2024-1200-300x300.jpg 300w, https:\/\/bangvietbavico.edu.vn\/wp-content\/uploads\/2023\/11\/CO-2024-1200-1024x1024.jpg 1024w, https:\/\/bangvietbavico.edu.vn\/wp-content\/uploads\/2023\/11\/CO-2024-1200-150x150.jpg 150w, https:\/\/bangvietbavico.edu.vn\/wp-content\/uploads\/2023\/11\/CO-2024-1200-768x768.jpg 768w, https:\/\/bangvietbavico.edu.vn\/wp-content\/uploads\/2023\/11\/CO-2024-1200-180x180.jpg 180w, https:\/\/bangvietbavico.edu.vn\/wp-content\/uploads\/2023\/11\/CO-2024-1200-600x600.jpg 600w\" \/><\/td>\n<td><img loading=\"lazy\" decoding=\"async\" class=\"aligncenter size-full wp-image-11458 lazy-load-active\" src=\"https:\/\/bangvietbavico.edu.vn\/wp-content\/uploads\/2023\/11\/CQ-2024-Mill-test-1200.jpg\" sizes=\"auto, (max-width: 1200px) 100vw, 1200px\" srcset=\"https:\/\/bangvietbavico.edu.vn\/wp-content\/uploads\/2023\/11\/CQ-2024-Mill-test-1200.jpg 1200w, https:\/\/bangvietbavico.edu.vn\/wp-content\/uploads\/2023\/11\/CQ-2024-Mill-test-1200-300x300.jpg 300w, https:\/\/bangvietbavico.edu.vn\/wp-content\/uploads\/2023\/11\/CQ-2024-Mill-test-1200-1024x1024.jpg 1024w, https:\/\/bangvietbavico.edu.vn\/wp-content\/uploads\/2023\/11\/CQ-2024-Mill-test-1200-150x150.jpg 150w, https:\/\/bangvietbavico.edu.vn\/wp-content\/uploads\/2023\/11\/CQ-2024-Mill-test-1200-768x768.jpg 768w, https:\/\/bangvietbavico.edu.vn\/wp-content\/uploads\/2023\/11\/CQ-2024-Mill-test-1200-180x180.jpg 180w, https:\/\/bangvietbavico.edu.vn\/wp-content\/uploads\/2023\/11\/CQ-2024-Mill-test-1200-600x600.jpg 600w\" alt=\"CQ 2024 Mill test 1200\" width=\"1200\" height=\"1200\" data-src=\"https:\/\/bangvietbavico.edu.vn\/wp-content\/uploads\/2023\/11\/CQ-2024-Mill-test-1200.jpg\" data-srcset=\"https:\/\/bangvietbavico.edu.vn\/wp-content\/uploads\/2023\/11\/CQ-2024-Mill-test-1200.jpg 1200w, https:\/\/bangvietbavico.edu.vn\/wp-content\/uploads\/2023\/11\/CQ-2024-Mill-test-1200-300x300.jpg 300w, https:\/\/bangvietbavico.edu.vn\/wp-content\/uploads\/2023\/11\/CQ-2024-Mill-test-1200-1024x1024.jpg 1024w, https:\/\/bangvietbavico.edu.vn\/wp-content\/uploads\/2023\/11\/CQ-2024-Mill-test-1200-150x150.jpg 150w, https:\/\/bangvietbavico.edu.vn\/wp-content\/uploads\/2023\/11\/CQ-2024-Mill-test-1200-768x768.jpg 768w, https:\/\/bangvietbavico.edu.vn\/wp-content\/uploads\/2023\/11\/CQ-2024-Mill-test-1200-180x180.jpg 180w, https:\/\/bangvietbavico.edu.vn\/wp-content\/uploads\/2023\/11\/CQ-2024-Mill-test-1200-600x600.jpg 600w\" \/><\/td>\n<\/tr>\n<\/tbody>\n<\/table>\n<h3><span class=\"ez-toc-section\" id=\"Phan_bang_cua_bang_truot_viet_but_long_co_cau_tao_nhu_sau\"><\/span>Ph\u1ea7n b\u1ea3ng c\u1ee7a<strong>\u00a0b\u1ea3ng tr\u01b0\u1ee3t vi\u1ebft b\u00fat l\u00f4ng\u00a0<\/strong>c\u00f3 c\u1ea5u t\u1ea1o nh\u01b0 sau:<span class=\"ez-toc-section-end\"><\/span><\/h3>\n<p>1. M\u1eb7t b\u1ea3ng: v\u1edbi ch\u1ea5t li\u1ec7u ch\u00ednh b\u1eb1ng th\u00e9p s\u01a1n t\u0129nh \u0111i\u1ec7n 17 l\u1edbp \u0111\u01b0\u1ee3c nh\u1eadp kh\u1ea9u t\u1eeb Dongshin \u2013 H\u00e0n Qu\u1ed1c.<\/p>\n<p>M\u1eb7t\u00a0<strong>b\u1ea3ng t\u1eeb<\/strong>\u00a0m\u00e0u tr\u1eafng ch\u1ed1ng l\u00f3a, vi\u1ebft b\u00fat l\u00f4ng \u00eam, \u0111\u1eb7c bi\u1ec7t \u00a0lau d\u1ec5 d\u00e0ng m\u00e0 kh\u00f4ng \u0111\u1ec3 l\u1ea1i d\u1ea5u, \u00f4 ly vu\u00f4ng ch\u00ecm 5cm, cho ph\u00e9p s\u1eed d\u1ee5ng nam ch\u00e2m vi\u00ean \u0111\u00ednh h\u00ecnh \u1ea3nh minh h\u1ecda ho\u1eb7c nam ch\u00e2m l\u00e1.<\/p>\n<p>2. T\u1ea5m l\u00f3t b\u1ea3ng:\u00a0\u0111\u01b0\u1ee3c l\u00f3t b\u1eb1ng m\u1ed9t t\u1ea5m v\u00e1n MDF c\u00f3 v\u00e2n g\u1ed7 ch\u1ed1ng \u1ea9m, ch\u1ed1ng cong, mo, v\u00eanh, vi\u1ebft kh\u00f4ng bi rung.<\/p>\n<p>3. Khung b\u1ea3ng:\u00a0\u0111\u01b0\u1ee3c vi\u1ec1n nh\u00f4m tr\u1eafng b\u00f3ng, \u0111\u01b0\u1ee3c thi\u1ebft k\u1ebf \u0111\u1ea3m b\u1ea3o t\u00ednh ch\u1ecbu l\u1ef1c cao.<\/p>\n<p>4. G\u00f3c b\u1ea3ng:\u00a0Gi\u1eefa hai g\u00f3c b\u1ea3ng\u00a0\u0111\u01b0\u1ee3c n\u1ed1i l\u1ea1i v\u1edbi nhau b\u1eb1ng m\u1ed9t co g\u00f3c b\u1ea3ng l\u00e0m b\u1eb1ng nh\u1ef1a, g\u00f3c b\u1ea3ng \u0111\u1eb9p v\u00e0 h\u00e0i h\u00f2a v\u1edbi khung b\u1ea3ng.<\/p>\n<p><strong><em>\u2192 K\u1ebft c\u1ea5u c\u1ee7a \u201cB\u1ea3ng tr\u01b0\u1ee3t \u0111\u1ee9ng\u201d:\u00a0<\/em><\/strong>T\u00f9y theo nhu c\u1ea7u v\u00e0 kh\u00f4ng gian ph\u00f2ng h\u1ecdc m\u00e0 b\u1ea3ng c\u00f3 k\u00edch th\u01b0\u1edbc, lo\u1ea1i b\u1ea3ng kh\u00e1c nhau.<\/p>\n<p><img loading=\"lazy\" decoding=\"async\" class=\"alignnone size-full wp-image-11233\" src=\"https:\/\/bangvietbavicoboard.com\/wp-content\/uploads\/2025\/03\/bang-TRUOT-DUNG.jpg\" alt=\"\" width=\"1200\" height=\"1200\" srcset=\"https:\/\/bangvietbavicoboard.com\/wp-content\/uploads\/2025\/03\/bang-TRUOT-DUNG.jpg 1200w, https:\/\/bangvietbavicoboard.com\/wp-content\/uploads\/2025\/03\/bang-TRUOT-DUNG-400x400.jpg 400w, https:\/\/bangvietbavicoboard.com\/wp-content\/uploads\/2025\/03\/bang-TRUOT-DUNG-800x800.jpg 800w, https:\/\/bangvietbavicoboard.com\/wp-content\/uploads\/2025\/03\/bang-TRUOT-DUNG-280x280.jpg 280w, https:\/\/bangvietbavicoboard.com\/wp-content\/uploads\/2025\/03\/bang-TRUOT-DUNG-768x768.jpg 768w, https:\/\/bangvietbavicoboard.com\/wp-content\/uploads\/2025\/03\/bang-TRUOT-DUNG-12x12.jpg 12w, https:\/\/bangvietbavicoboard.com\/wp-content\/uploads\/2025\/03\/bang-TRUOT-DUNG-300x300.jpg 300w, https:\/\/bangvietbavicoboard.com\/wp-content\/uploads\/2025\/03\/bang-TRUOT-DUNG-600x600.jpg 600w, https:\/\/bangvietbavicoboard.com\/wp-content\/uploads\/2025\/03\/bang-TRUOT-DUNG-100x100.jpg 100w, https:\/\/bangvietbavicoboard.com\/wp-content\/uploads\/2025\/03\/bang-TRUOT-DUNG-96x96.jpg 96w\" sizes=\"auto, (max-width: 1200px) 100vw, 1200px\" \/><\/p>\n<p>\u0110\u01a1n gi\u00e1 theo m\u00e9t vu\u00f4ng m\u1eb7t b\u1ea3ng: <span style=\"color: #0000ff;\"><strong>2.115.000<\/strong><\/span> \u0111\u1ed3ng\/m2 m\u1eb7t b\u1ea3ng. V\u00e0 t\u00f9y v\u00e0o k\u00edch th\u01b0\u1edbc s\u1ed1 l\u01b0\u1ee3ng \u0111\u1ec3 c\u00f3 gi\u00e1 \u0111\u00fang nh\u1ea5t cho tr\u01b0\u1eddng khi t\u00ednh tr\u00ean m2.<\/p>\n<p><img loading=\"lazy\" decoding=\"async\" class=\"alignnone size-full wp-image-11230\" src=\"https:\/\/bangvietbavicoboard.com\/wp-content\/uploads\/2025\/03\/bang-TRUOT-DUNG-2.jpg\" alt=\"\" width=\"900\" height=\"900\" srcset=\"https:\/\/bangvietbavicoboard.com\/wp-content\/uploads\/2025\/03\/bang-TRUOT-DUNG-2.jpg 900w, https:\/\/bangvietbavicoboard.com\/wp-content\/uploads\/2025\/03\/bang-TRUOT-DUNG-2-400x400.jpg 400w, https:\/\/bangvietbavicoboard.com\/wp-content\/uploads\/2025\/03\/bang-TRUOT-DUNG-2-800x800.jpg 800w, https:\/\/bangvietbavicoboard.com\/wp-content\/uploads\/2025\/03\/bang-TRUOT-DUNG-2-280x280.jpg 280w, https:\/\/bangvietbavicoboard.com\/wp-content\/uploads\/2025\/03\/bang-TRUOT-DUNG-2-768x768.jpg 768w, https:\/\/bangvietbavicoboard.com\/wp-content\/uploads\/2025\/03\/bang-TRUOT-DUNG-2-12x12.jpg 12w, https:\/\/bangvietbavicoboard.com\/wp-content\/uploads\/2025\/03\/bang-TRUOT-DUNG-2-300x300.jpg 300w, https:\/\/bangvietbavicoboard.com\/wp-content\/uploads\/2025\/03\/bang-TRUOT-DUNG-2-600x600.jpg 600w, https:\/\/bangvietbavicoboard.com\/wp-content\/uploads\/2025\/03\/bang-TRUOT-DUNG-2-100x100.jpg 100w, https:\/\/bangvietbavicoboard.com\/wp-content\/uploads\/2025\/03\/bang-TRUOT-DUNG-2-96x96.jpg 96w\" sizes=\"auto, (max-width: 900px) 100vw, 900px\" \/><\/p>\n<h1><span class=\"ez-toc-section\" id=\"Bao_hanh\"><\/span><strong>B\u1ea3o h\u00e0nh<\/strong><span class=\"ez-toc-section-end\"><\/span><\/h1>\n<p>+ Th\u1eddi gian b\u1ea3o h\u00e0nh t\u1eeb 12-36 th\u00e1ng do l\u1ed7i c\u1ee7a nh\u00e0 s\u1ea3n xu\u1ea5t.<br \/>\n+ Qu\u00fd kh\u00e1ch h\u00e0ng gi\u1eef l\u1ea1i Gi\u1ea5y giao h\u00e0ng v\u00e0 g\u1ecdi cho s\u1ed1 Hotline ho\u1eb7c kinh doanh tr\u00ean gi\u1ea5y giao h\u00e0ng\/ tr\u00ean website n\u00e0y \u0111\u1ec3 \u0111\u01b0\u1ee3c h\u1ed7 tr\u1ee3!<\/p>\n<p><img decoding=\"async\" class=\"lazy-load-active\" src=\"https:\/\/bangvietbavico.edu.vn\/wp-content\/uploads\/2024\/10\/XE-TAI.png\" alt=\"B\u1ea3ng t\u1eeb tr\u1eafng di \u0111\u1ed9ng\" data-src=\"https:\/\/bangvietbavico.edu.vn\/wp-content\/uploads\/2024\/10\/XE-TAI.png\" \/><\/p>\n<h1><span class=\"ez-toc-section\" id=\"LY_DO_NEN_LUA_CHON_BANG_VIET_BAVICO\"><\/span><strong>L\u00dd DO N\u00caN L\u1ef0A CH\u1eccN B\u1ea2NG VI\u1ebeT BAVICO<\/strong><span class=\"ez-toc-section-end\"><\/span><\/h1>\n<ul>\n<li>B\u1ea3ng vi\u1ebft BAVICO l\u00e0 th\u01b0\u01a1ng hi\u1ec7u uy t\u00edn trong l\u0129nh v\u1ef1c s\u1ea3n xu\u1ea5t b\u1ea3ng v\u1edbi h\u01a1n 22 n\u0103m kinh nghi\u1ec7m.<\/li>\n<li>Doanh nghi\u1ec7p \u0111\u1ea7u ti\u00ean trong ng\u00e0nh \u0111\u01b0a b\u1ea3ng t\u1eeb v\u1ec1 Vi\u1ec7t Nam v\u00e0 t\u01b0 v\u1ea5n thay th\u1ebf b\u1ea3ng t\u1eeb cho B\u1ed9 Gi\u00e1o d\u1ee5c v\u00e0 \u0110\u00e0o t\u1ea1o.<\/li>\n<li>C\u00f3 ch\u1ee9ng nh\u1eadn nh\u1eadp kh\u1ea9u h\u00e0ng h\u00f3a theo \u0111\u00fang quy \u0111\u1ecbnh (CO \u2013 CQ).<\/li>\n<li>\u0110\u1ed1i t\u00e1c ngu\u1ed3n nguy\u00ean li\u1ec7u ch\u00ednh (m\u1eb7t b\u1ea3ng) uy t\u00edn tr\u00ean to\u00e0n c\u1ea7u: Polyvision cho b\u1ec1 m\u1eb7t Ceramic v\u00e0 Dongshin cho b\u1ec1 m\u1eb7t th\u00e9p ph\u1ee7 s\u01a1n.<\/li>\n<li>B\u1ea3ng vi\u1ebft BAVICO l\u00e0 C\u00f4ng ty s\u1ea3n xu\u1ea5t v\u00e0 c\u1ea5p cung s\u1ea3n ph\u1ea9m tr\u1ef1c ti\u1ebfp\u00a0 \u2013 \u0110\u1ea3m b\u1ea3o s\u1ea3n ph\u1ea9m ch\u00ednh h\u00e3ng 100%.<\/li>\n<li>B\u1ea3ng vi\u1ebft BAVICO \u0111\u00e3 ph\u1ee5c v\u1ee5 r\u1ea5t nhi\u1ec1u kh\u00e1ch h\u00e0ng l\u1edbn nh\u01b0: T\u1eadp \u0111o\u00e0n Samsung, Viettel, C\u00e1c Tr\u01b0\u1eddng Qu\u1ed1c T\u1ebf \u00c1 Ch\u00e2u, M\u1ef9, Ph\u00e1p, Nh\u1eadt,\u2026<\/li>\n<li>S\u1ea3n ph\u1ea9m \u0111a d\u1ea1ng v\u1edbi nhi\u1ec1u s\u1ef1 l\u1ef1a ch\u1ecdn, thi\u1ebft k\u1ebf v\u00e0 s\u1ea3n xu\u1ea5t theo y\u00eau c\u1ea7u kh\u00e1ch h\u00e0ng.<\/li>\n<li>Ch\u00ednh s\u00e1ch b\u1ea3o h\u00e0nh t\u1eeb 12 th\u00e1ng \u2013 24 th\u00e1ng gi\u00fap kh\u00e1ch h\u00e0ng y\u00ean t\u00e2m khi mua h\u00e0ng.<\/li>\n<\/ul>\n<h2><span class=\"ez-toc-section\" id=\"THONG_TIN_LIEN_HE_MUA_BANG\"><\/span><small><b>TH\u00d4NG TIN LI\u00caN H\u1ec6 MUA B\u1ea2NG\u00a0<\/b><\/small><span class=\"ez-toc-section-end\"><\/span><\/h2>\n<h3><span class=\"ez-toc-section\" id=\"Lien_he_ngay_hotline_0938_623_068_de_duoc_tu_van_mien_phi\"><\/span>Li\u00ean h\u1ec7 ngay hotline\u00a0<span style=\"text-decoration: underline;\"><span style=\"color: #0000ff; text-decoration: underline;\"><a style=\"color: #0000ff; text-decoration: underline;\" href=\"tel:0918598597\">09<\/a>38 623 068<\/span><\/span> \u0111\u1ec3 \u0111\u01b0\u1ee3c t\u01b0 v\u1ea5n mi\u1ec5n ph\u00ed!<span class=\"ez-toc-section-end\"><\/span><\/h3>\n<p><strong>Di \u0110\u1ed9ng: <\/strong><strong>\u00a0\u00a0<\/strong><strong>\u00a0<\/strong><a href=\"tel:0938623068\"><span style=\"text-decoration: underline;\"><span style=\"color: #0000ff; text-decoration: underline;\"><strong>0938<\/strong><strong> 623 068<\/strong><\/span><\/span><\/a><\/p>\n<p><strong>Email: <\/strong><strong>\u00a0\u00a0\u00a0\u00a0\u00a0\u00a0\u00a0<\/strong><a href=\"mailto:csns01@bangvietbavico.vn\"><strong>csns01@bangvietbavico.vn<\/strong><\/a><strong> \u00a0<\/strong><\/p>\n<p><strong>Website: \u00a0\u00a0<\/strong> <a href=\"https:\/\/bangvietbavicoboard.com\/en\/\"><strong>https:\/\/bangvietbavicoboard.com<\/strong><\/a><\/p>\n<h2><span class=\"ez-toc-section\" id=\"CONG_TY_TNHH_THIET_BI_GIAO_DUC_BAVICO\"><\/span><span id=\"CONG_TY_TNHH_THIET_BI_GIAO_DUC_BAVICO\" class=\"ez-toc-section\"><\/span><a href=\"https:\/\/bangvietbavicoboard.com\/en\/\" target=\"_blank\" rel=\"noopener\"><strong>EQUIPMENT CO., EDUCATION BAVICO<\/strong><\/a><span class=\"ez-toc-section-end\"><\/span><\/h2>\n<p><a href=\"https:\/\/www.google.com\/maps\/place\/C%C3%B4ng+Ty+TNHH+Thi%E1%BA%BFt+B%E1%BB%8B+Gi%C3%A1o+D%E1%BB%A5c+BAVICO\/@10.8422711,106.6244102,17z\/data=!3m1!4b1!4m5!3m4!1s0x31752a2a33796a47:0x1e4c184654bd6967!8m2!3d10.8422658!4d106.6265989?hl=vi-VN\" target=\"_blank\" rel=\"noopener\"><strong>Tr\u1ee5 s\u1edf ch\u00ednh: S\u1ed1 26 \u2013 28 \u0110\u01b0\u1eddng DD11 Khu bi\u1ec7t th\u1ef1 An S\u01b0\u01a1ng, Ph\u01b0\u1eddng T\u00e2n H\u01b0ng Thu\u1eadn, Qu\u1eadn 12, Th\u00e0nh ph\u1ed1 H\u1ed3 Ch\u00ed Minh, Vi\u1ec7t Nam.<\/strong><\/a><\/p>\n<p><a href=\"https:\/\/www.google.com\/maps\/place\/NH%C3%80+M%C3%81Y+B%E1%BA%A2NG+VI%E1%BA%BET+BAVICO\/data=!4m2!3m1!1s0x3174d54b4766c1e1:0x5e7544f8d3754cf8?hl=vi&amp;trk=https%3A%2F%2Fnotifications.google.com%2Fg%2Fp%2FANiao5qxS1Nm-jYR1J2xq7eGKk7sVofQFkONHZn7ZY1zjo26fUdiIedC5c2mAakkpMKjxMsTnB9fPMAbD18GWiRfE5-oXEHRGqQhobyjs_Hj9u2xUtrFgqGeo2BwkZvvFFFONLfFq-_lNqqzAQIbZ-Py-_UWpcdoJrNPOobHtX1hJYMPfYf7R5DJXHySX2mo-h0Loz8brWxA1Hr1nhML\" target=\"_blank\" rel=\"noopener\"><strong>Nh\u00e0 m\u00e1y s\u1ea3n xu\u1ea5t: S\u1ed1 7\/7 \u0111\u01b0\u1eddng s\u1ed1 65, H\u1ed3 V\u0103n T\u1eafng, \u1ea4p X\u00f3m \u0110\u1ed3ng, X\u00e3 T\u00e2n Ph\u00fa Trung, Huy\u1ec7n C\u1ee7 Chi, Th\u00e0nh Ph\u1ed1 H\u1ed3 Ch\u00ed Minh, Vi\u1ec7t Nam.<\/strong><\/a><\/p>\n<p><strong>MST: 0303030028 \u2013 Ng\u00e0y th\u00e0nh l\u1eadp c\u00f4ng ty: 01\/09\/2003<\/strong><\/p>\n<h2><span class=\"ez-toc-section\" id=\"%3E%3E%3E_Moi_Quy_khach_hang_click_tham_khao_cac_loai_Bang_viet_but_long_khac\"><\/span><span style=\"color: #800080;\"><a style=\"color: #800080;\" href=\"https:\/\/bangvietbavico.net\/product-category\/bang-viet-but-long\/\" target=\"_blank\" rel=\"noopener\"><em>&gt;&gt;&gt; M\u1eddi Qu\u00fd kh\u00e1ch h\u00e0ng click tham kh\u1ea3o c\u00e1c lo\u1ea1i B\u1ea3ng vi\u1ebft b\u00fat l\u00f4ng kh\u00e1c<\/em><\/a><\/span><span class=\"ez-toc-section-end\"><\/span><\/h2>\n<h2><span class=\"ez-toc-section\" id=\"%3E%3E%3E_Moi_Quy_khach_hang_click_tham_khao_cac_loai_Bang_viet_phan_khac\"><\/span><span style=\"color: #800080;\"><a style=\"color: #800080;\" href=\"http:\/\/bangvietbavico.net\/home\/bangvietphan\/\" target=\"_blank\" rel=\"noopener\"><em>&gt;&gt;&gt; M\u1eddi Qu\u00fd kh\u00e1ch h\u00e0ng click tham kh\u1ea3o c\u00e1c lo\u1ea1i B\u1ea3ng vi\u1ebft ph\u1ea5n kh\u00e1c<\/em><\/a><\/span><span class=\"ez-toc-section-end\"><\/span><\/h2>\n<p>&nbsp;<\/p>\n<p>&nbsp;<\/p>\n<h2><\/h2>","protected":false},"excerpt":{"rendered":"<p><strong>B\u1ea3ng tr\u01b0\u1ee3t \u0111\u1ee9ng <\/strong><strong>vi\u1ebft b\u00fat l\u00f4ng t\u1eeb H\u00e0n Qu\u1ed1c\u00a0<\/strong>c\u00f3 t\u00ednh n\u0103ng n\u1ed5i b\u1eadt l\u00e0 gia t\u0103ng di\u1ec7n t\u00edch s\u1eed d\u1ee5ng r\u1ea5t ti\u1ec7n d\u1ee5ng cho Tr\u01b0\u1eddng H\u1ecdc v\u00e0 V\u0103n Ph\u00f2ng.<br \/>\nV\u1edbi thi\u1ebft k\u1ebf thanh l\u1ecbch, an to\u00e0n v\u00e0 hi\u1ec7n \u0111\u1ea1i.<\/p>","protected":false},"featured_media":11230,"comment_status":"open","ping_status":"closed","template":"","meta":{"_acf_changed":false},"product_brand":[],"product_cat":[559],"product_tag":[],"class_list":{"0":"post-11229","1":"product","2":"type-product","3":"status-publish","4":"has-post-thumbnail","6":"product_cat-bang-truot","8":"first","9":"instock","10":"shipping-taxable","11":"purchasable","12":"product-type-simple"},"acf":[],"_links":{"self":[{"href":"https:\/\/bangvietbavicoboard.com\/en\/wp-json\/wp\/v2\/product\/11229","targetHints":{"allow":["GET"]}}],"collection":[{"href":"https:\/\/bangvietbavicoboard.com\/en\/wp-json\/wp\/v2\/product"}],"about":[{"href":"https:\/\/bangvietbavicoboard.com\/en\/wp-json\/wp\/v2\/types\/product"}],"replies":[{"embeddable":true,"href":"https:\/\/bangvietbavicoboard.com\/en\/wp-json\/wp\/v2\/comments?post=11229"}],"wp:featuredmedia":[{"embeddable":true,"href":"https:\/\/bangvietbavicoboard.com\/en\/wp-json\/wp\/v2\/media\/11230"}],"wp:attachment":[{"href":"https:\/\/bangvietbavicoboard.com\/en\/wp-json\/wp\/v2\/media?parent=11229"}],"wp:term":[{"taxonomy":"product_brand","embeddable":true,"href":"https:\/\/bangvietbavicoboard.com\/en\/wp-json\/wp\/v2\/product_brand?post=11229"},{"taxonomy":"product_cat","embeddable":true,"href":"https:\/\/bangvietbavicoboard.com\/en\/wp-json\/wp\/v2\/product_cat?post=11229"},{"taxonomy":"product_tag","embeddable":true,"href":"https:\/\/bangvietbavicoboard.com\/en\/wp-json\/wp\/v2\/product_tag?post=11229"}],"curies":[{"name":"wp","href":"https:\/\/api.w.org\/{rel}","templated":true}]}}