{"id":11019,"date":"2025-02-10T09:30:22","date_gmt":"2025-02-10T09:30:22","guid":{"rendered":"https:\/\/bangvietbavicoboard.com\/?post_type=product&#038;p=11019"},"modified":"2025-03-01T09:32:49","modified_gmt":"2025-03-01T09:32:49","slug":"bang-thong-bao-cua-kinh-treo-tuong","status":"publish","type":"product","link":"https:\/\/bangvietbavicoboard.com\/en\/product\/bang-thong-bao-cua-kinh-treo-tuong\/","title":{"rendered":"B\u1ea3ng th\u00f4ng b\u00e1o c\u1eeda k\u00ednh treo t\u01b0\u1eddng"},"content":{"rendered":"<p><strong>B\u1ea3ng th\u00f4ng b\u00e1o c\u1eeda k\u00ednh treo t\u01b0\u1eddng<\/strong>\u00a0th\u01b0\u1eddng s\u1eed d\u1ee5ng trong khu c\u00f4ng nghi\u1ec7p, khu v\u0103n ph\u00f2ng, khu d\u00e2n c\u01b0 v\u00e0 \u1edf c\u00e1c Tr\u01b0\u1eddng h\u1ecdc,\u2026. l\u00e0 m\u1ed9t ph\u1ea7n kh\u00f4ng th\u1ec3 thi\u1ebfu trong m\u1ed7i kh\u00f4ng gian chung.<\/p>\n<p>V\u1edbi \u0111\u1eb7c t\u00ednh nh\u1ecf g\u1ecdn v\u00e0 nhi\u1ec1u ch\u1ee9c n\u0103ng kh\u00e1c nhau c\u00f3 th\u1ec3 l\u1ef1a ch\u1ecdn,\u00a0<strong>B\u1ea3ng vi\u1ebft BAVICO<\/strong>\u00a0m\u1edf ra s\u1ef1 \u0111a d\u1ea1ng v\u1ec1 d\u00f2ng s\u1ea3n ph\u1ea9m\u00a0<strong>b\u1ea3ng th\u00f4ng b\u00e1o<\/strong>\u00a0(<strong>b\u1ea3ng th\u00f4ng tin<\/strong>).<\/p>\n<p><img loading=\"lazy\" decoding=\"async\" class=\"alignnone size-full wp-image-11024\" src=\"https:\/\/bangvietbavicoboard.com\/wp-content\/uploads\/2025\/02\/Bang-thong-bao-cua-kinh-treo-tuong-ngang.png\" alt=\"\" width=\"1200\" height=\"752\" srcset=\"https:\/\/bangvietbavicoboard.com\/wp-content\/uploads\/2025\/02\/Bang-thong-bao-cua-kinh-treo-tuong-ngang.png 1200w, https:\/\/bangvietbavicoboard.com\/wp-content\/uploads\/2025\/02\/Bang-thong-bao-cua-kinh-treo-tuong-ngang-638x400.png 638w, https:\/\/bangvietbavicoboard.com\/wp-content\/uploads\/2025\/02\/Bang-thong-bao-cua-kinh-treo-tuong-ngang-768x481.png 768w, https:\/\/bangvietbavicoboard.com\/wp-content\/uploads\/2025\/02\/Bang-thong-bao-cua-kinh-treo-tuong-ngang-18x12.png 18w, https:\/\/bangvietbavicoboard.com\/wp-content\/uploads\/2025\/02\/Bang-thong-bao-cua-kinh-treo-tuong-ngang-300x188.png 300w, https:\/\/bangvietbavicoboard.com\/wp-content\/uploads\/2025\/02\/Bang-thong-bao-cua-kinh-treo-tuong-ngang-600x376.png 600w\" sizes=\"auto, (max-width: 1200px) 100vw, 1200px\" \/><\/p>\n<h3><span class=\"ez-toc-section\" id=\"CAU_TAO_CUA_BANG_THONG_BAO_TREO_TUONG\"><\/span><strong>C\u1ea4U T\u1ea0O C\u1ee6A B\u1ea2NG TH\u00d4NG B\u00c1O TREO T\u01af\u1edcNG<\/strong><span class=\"ez-toc-section-end\"><\/span><\/h3>\n<p><strong>1. M\u1eb7t b\u1ea3ng:<\/strong>\u00a0C\u00f3 th\u1ec3 t\u00f9y ch\u1ecdn.<\/p>\n<table>\n<tbody>\n<tr>\n<td><em><strong>\u2013 B\u1ea3ng ghim:<\/strong><\/em>\u00a0+ Ghim n\u1ec9.<\/p>\n<p>+ Ghim b\u1ed1.<\/p>\n<p>+ Ghim b\u1ea7n.<\/td>\n<td><em><strong>\u2013 B\u1ea3ng vi\u1ebft ph\u1ea5n:<\/strong><\/em>\u00a0+ Ph\u1ea5n cao c\u1ea5p \u1ea4n \u0110\u1ed9.<\/p>\n<p>+ Ph\u1ea5n t\u1eeb H\u00e0n Qu\u1ed1c.<\/p>\n<p>+ Ph\u00e2n t\u1eeb Ceramic c\u1ee7a B\u1ec9.<\/td>\n<td><em><strong>\u2013 B\u1ea3ng vi\u1ebft b\u00fat l\u00f4ng:<\/strong><\/em>\u00a0+ B\u00fat l\u00f4ng cao c\u1ea5p.<\/p>\n<p>+ B\u00fat l\u00f4ng t\u1eeb H\u00e0n Qu\u1ed1c.<\/p>\n<p>+ B\u00fat l\u00f4ng t\u1eeb Ceramic c\u1ee7a B\u1ec9.<\/td>\n<\/tr>\n<\/tbody>\n<\/table>\n<p><strong>2.<\/strong><span id=\"input_part_0\" class=\"\" data-mention=\"T\u1ea5m l\u00f3t b\u1ea3ng:\"><strong>T\u1ea5m l\u00f3t b\u1ea3ng<\/strong><\/span><span id=\"input_part_0\" class=\"\" data-mention=\"T\u1ea5m l\u00f3t b\u1ea3ng:\"><strong>:\u00a0<\/strong><\/span><span id=\"input_part_0\" class=\"\" data-mention=\"B\u1ea3ng \u0111a n\u0103ng, ph\u00eda sau m\u1eb7t b\u1ea3ng l\u00e0 v\u00e1n MDF v\u00e2n g\u1ed7 ch\u1ed1ng \u1ea9m vi\u1ec1n khung nh\u00f4m h\u1ed9p \u0111\u1ecbnh h\u00ecnh, s\u1ea3n ph\u1ea9m m\u1edbi nh\u1ea5t.\">Ph\u00eda sau m\u1eb7t b\u1ea3ng l\u00e0 v\u00e1n MDF v\u00e2n g\u1ed7 ch\u1ed1ng \u1ea9m vi\u1ec1n khung nh\u00f4m h\u1ed9p \u0111\u1ecbnh h\u00ecnh, s\u1ea3n ph\u1ea9m m\u1edbi nh\u1ea5t.\u00a0<\/span>Ho\u1eb7c t\u1ea5m nh\u1ef1a PVC d\u00e0y 9ly gi\u00fap kh\u00f4ng b\u1ecb \u1ea9m th\u1ea5p, mo,cong v\u00eanh b\u1ea3ng, c\u00f3 t\u00ednh th\u1ea9m m\u1ef9 cao , c\u00f3 t\u00ednh ch\u1ecbu l\u1ef1c t\u1ed1t, \u0111\u1ed9 b\u1ec1n t\u1ed1i \u01b0u v\u00e0 \u0111\u01b0\u1ee3c \u00e9p d\u00ednh b\u1edfi m\u1ed9t ch\u1ea5t Polyester gi\u00fap b\u1ea3ng kh\u00f4ng b\u1ecb mo, kh\u00f4ng b\u1ecb rung khi vi\u1ebft.<\/p>\n<div>\n<p><strong>3. Khung b\u1ea3ng<\/strong>:\u00a0\u0110\u01b0\u1ee3c l\u00e0m b\u1eb1ng khung nh\u00f4m h\u1ed9p tr\u1eafng b\u00f3ng 4 c\u1ea1nh b\u1ea3ng, \u0111\u01b0\u1ee3c thi\u1ebft k\u1ebf \u0111\u1ea3m b\u1ea3o t\u00ednh ch\u1ecbu l\u1ef1c cao.<\/p>\n<div><\/div>\n<div><strong><span id=\"input_part_0\" class=\"\" data-mention=\"C\u1eeda k\u00ednh l\u00f9a: \">4. C\u1eeda k\u00ednh l\u00f9a:<\/span><\/strong><span id=\"input_part_0\" class=\"\" data-mention=\"C\u1eeda k\u00ednh l\u00f9a: \">\u00a0<\/span><span id=\"input_part_0\" class=\"\" data-mention=\"C\u1eeda k\u00e9o b\u1eb1ng ki\u1ebfng ho\u1eb7c meka trong ngo\u1ea1i nh\u1eadp c\u00f3 g\u1eafn kho\u00e1 \u0111\u1ec3 ti\u1ec7n s\u1eed d\u1ee5ng.\">C\u1eeda k\u00e9o b\u1eb1ng k\u00ednh ngo\u1ea1i nh\u1eadp c\u00f3 g\u1eafn kho\u00e1 \u0111\u1ec3 ti\u1ec7n s\u1eed d\u1ee5ng.<\/span><\/div>\n<\/div>\n<p>K\u1ebft c\u1ea5u b\u1ea3ng th\u00f4ng ba\u0301o \u0111\u01b0\u1ee3c vi\u1ec1n khung nh\u00f4m h\u1ed9p r\u1ea5t h\u00e0i h\u00f2a, c\u1eeda k\u00e9o b\u1eb1ng k\u00ednh c\u00f3 g\u1eafn kh\u00f3a \u0111\u1ec3 ti\u1ec7n s\u1eed d\u1ee5ng.<\/p>\n<p><strong>Ba\u0309ng th\u00f4ng ba\u0301o (b\u1ea3ng th\u00f4ng tin) treo t\u01b0\u1eddng<\/strong>\u00a0th\u01b0\u01a1\u0300ng \u0111\u0103\u0323t ngo\u00e0i h\u00e0nh lang \u0111\u00ea\u0309 th\u00f4ng ba\u0301o n\u00f4\u0323i dung th\u00f4ng tin tr\u00ean m\u0103\u0323t ba\u0309ng va\u0300 kho\u0301a la\u0323i khi kh\u00f4ng s\u01b0\u0309 du\u0323ng.<\/p>\n<p>&nbsp;<\/p>\n<table style=\"border-collapse: collapse; width: 100%;\">\n<tbody>\n<tr>\n<td style=\"width: 50%;\"><img loading=\"lazy\" decoding=\"async\" class=\"alignnone size-full wp-image-11020\" src=\"https:\/\/bangvietbavicoboard.com\/wp-content\/uploads\/2025\/02\/Bang-thong-bao-cua-kinh-treo-tuong-1.png\" alt=\"\" width=\"1200\" height=\"1200\" srcset=\"https:\/\/bangvietbavicoboard.com\/wp-content\/uploads\/2025\/02\/Bang-thong-bao-cua-kinh-treo-tuong-1.png 1200w, https:\/\/bangvietbavicoboard.com\/wp-content\/uploads\/2025\/02\/Bang-thong-bao-cua-kinh-treo-tuong-1-400x400.png 400w, https:\/\/bangvietbavicoboard.com\/wp-content\/uploads\/2025\/02\/Bang-thong-bao-cua-kinh-treo-tuong-1-800x800.png 800w, https:\/\/bangvietbavicoboard.com\/wp-content\/uploads\/2025\/02\/Bang-thong-bao-cua-kinh-treo-tuong-1-280x280.png 280w, https:\/\/bangvietbavicoboard.com\/wp-content\/uploads\/2025\/02\/Bang-thong-bao-cua-kinh-treo-tuong-1-768x768.png 768w, https:\/\/bangvietbavicoboard.com\/wp-content\/uploads\/2025\/02\/Bang-thong-bao-cua-kinh-treo-tuong-1-12x12.png 12w, https:\/\/bangvietbavicoboard.com\/wp-content\/uploads\/2025\/02\/Bang-thong-bao-cua-kinh-treo-tuong-1-300x300.png 300w, https:\/\/bangvietbavicoboard.com\/wp-content\/uploads\/2025\/02\/Bang-thong-bao-cua-kinh-treo-tuong-1-600x600.png 600w, https:\/\/bangvietbavicoboard.com\/wp-content\/uploads\/2025\/02\/Bang-thong-bao-cua-kinh-treo-tuong-1-100x100.png 100w, https:\/\/bangvietbavicoboard.com\/wp-content\/uploads\/2025\/02\/Bang-thong-bao-cua-kinh-treo-tuong-1-96x96.png 96w\" sizes=\"auto, (max-width: 1200px) 100vw, 1200px\" \/><\/td>\n<td style=\"width: 50%;\"><img loading=\"lazy\" decoding=\"async\" class=\"alignnone size-full wp-image-11021\" src=\"https:\/\/bangvietbavicoboard.com\/wp-content\/uploads\/2025\/02\/Bang-thong-bao-cua-kinh-treo-tuong-2.png\" alt=\"\" width=\"1200\" height=\"1200\" srcset=\"https:\/\/bangvietbavicoboard.com\/wp-content\/uploads\/2025\/02\/Bang-thong-bao-cua-kinh-treo-tuong-2.png 1200w, https:\/\/bangvietbavicoboard.com\/wp-content\/uploads\/2025\/02\/Bang-thong-bao-cua-kinh-treo-tuong-2-400x400.png 400w, https:\/\/bangvietbavicoboard.com\/wp-content\/uploads\/2025\/02\/Bang-thong-bao-cua-kinh-treo-tuong-2-800x800.png 800w, https:\/\/bangvietbavicoboard.com\/wp-content\/uploads\/2025\/02\/Bang-thong-bao-cua-kinh-treo-tuong-2-280x280.png 280w, https:\/\/bangvietbavicoboard.com\/wp-content\/uploads\/2025\/02\/Bang-thong-bao-cua-kinh-treo-tuong-2-768x768.png 768w, https:\/\/bangvietbavicoboard.com\/wp-content\/uploads\/2025\/02\/Bang-thong-bao-cua-kinh-treo-tuong-2-12x12.png 12w, https:\/\/bangvietbavicoboard.com\/wp-content\/uploads\/2025\/02\/Bang-thong-bao-cua-kinh-treo-tuong-2-300x300.png 300w, https:\/\/bangvietbavicoboard.com\/wp-content\/uploads\/2025\/02\/Bang-thong-bao-cua-kinh-treo-tuong-2-600x600.png 600w, https:\/\/bangvietbavicoboard.com\/wp-content\/uploads\/2025\/02\/Bang-thong-bao-cua-kinh-treo-tuong-2-100x100.png 100w, https:\/\/bangvietbavicoboard.com\/wp-content\/uploads\/2025\/02\/Bang-thong-bao-cua-kinh-treo-tuong-2-96x96.png 96w\" sizes=\"auto, (max-width: 1200px) 100vw, 1200px\" \/><\/td>\n<\/tr>\n<tr>\n<td style=\"width: 50%;\"><img loading=\"lazy\" decoding=\"async\" class=\"alignnone size-full wp-image-11022\" src=\"https:\/\/bangvietbavicoboard.com\/wp-content\/uploads\/2025\/02\/Bang-thong-bao-cua-kinh-treo-tuong-3.png\" alt=\"\" width=\"1200\" height=\"1200\" srcset=\"https:\/\/bangvietbavicoboard.com\/wp-content\/uploads\/2025\/02\/Bang-thong-bao-cua-kinh-treo-tuong-3.png 1200w, https:\/\/bangvietbavicoboard.com\/wp-content\/uploads\/2025\/02\/Bang-thong-bao-cua-kinh-treo-tuong-3-400x400.png 400w, https:\/\/bangvietbavicoboard.com\/wp-content\/uploads\/2025\/02\/Bang-thong-bao-cua-kinh-treo-tuong-3-800x800.png 800w, https:\/\/bangvietbavicoboard.com\/wp-content\/uploads\/2025\/02\/Bang-thong-bao-cua-kinh-treo-tuong-3-280x280.png 280w, https:\/\/bangvietbavicoboard.com\/wp-content\/uploads\/2025\/02\/Bang-thong-bao-cua-kinh-treo-tuong-3-768x768.png 768w, https:\/\/bangvietbavicoboard.com\/wp-content\/uploads\/2025\/02\/Bang-thong-bao-cua-kinh-treo-tuong-3-12x12.png 12w, https:\/\/bangvietbavicoboard.com\/wp-content\/uploads\/2025\/02\/Bang-thong-bao-cua-kinh-treo-tuong-3-300x300.png 300w, https:\/\/bangvietbavicoboard.com\/wp-content\/uploads\/2025\/02\/Bang-thong-bao-cua-kinh-treo-tuong-3-600x600.png 600w, https:\/\/bangvietbavicoboard.com\/wp-content\/uploads\/2025\/02\/Bang-thong-bao-cua-kinh-treo-tuong-3-100x100.png 100w, https:\/\/bangvietbavicoboard.com\/wp-content\/uploads\/2025\/02\/Bang-thong-bao-cua-kinh-treo-tuong-3-96x96.png 96w\" sizes=\"auto, (max-width: 1200px) 100vw, 1200px\" \/><\/td>\n<td style=\"width: 50%;\"><img loading=\"lazy\" decoding=\"async\" class=\"alignnone size-full wp-image-11023\" src=\"https:\/\/bangvietbavicoboard.com\/wp-content\/uploads\/2025\/02\/Bang-thong-bao-cua-kinh-treo-tuong-4.png\" alt=\"\" width=\"1200\" height=\"1200\" srcset=\"https:\/\/bangvietbavicoboard.com\/wp-content\/uploads\/2025\/02\/Bang-thong-bao-cua-kinh-treo-tuong-4.png 1200w, https:\/\/bangvietbavicoboard.com\/wp-content\/uploads\/2025\/02\/Bang-thong-bao-cua-kinh-treo-tuong-4-400x400.png 400w, https:\/\/bangvietbavicoboard.com\/wp-content\/uploads\/2025\/02\/Bang-thong-bao-cua-kinh-treo-tuong-4-800x800.png 800w, https:\/\/bangvietbavicoboard.com\/wp-content\/uploads\/2025\/02\/Bang-thong-bao-cua-kinh-treo-tuong-4-280x280.png 280w, https:\/\/bangvietbavicoboard.com\/wp-content\/uploads\/2025\/02\/Bang-thong-bao-cua-kinh-treo-tuong-4-768x768.png 768w, https:\/\/bangvietbavicoboard.com\/wp-content\/uploads\/2025\/02\/Bang-thong-bao-cua-kinh-treo-tuong-4-12x12.png 12w, https:\/\/bangvietbavicoboard.com\/wp-content\/uploads\/2025\/02\/Bang-thong-bao-cua-kinh-treo-tuong-4-300x300.png 300w, https:\/\/bangvietbavicoboard.com\/wp-content\/uploads\/2025\/02\/Bang-thong-bao-cua-kinh-treo-tuong-4-600x600.png 600w, https:\/\/bangvietbavicoboard.com\/wp-content\/uploads\/2025\/02\/Bang-thong-bao-cua-kinh-treo-tuong-4-100x100.png 100w, https:\/\/bangvietbavicoboard.com\/wp-content\/uploads\/2025\/02\/Bang-thong-bao-cua-kinh-treo-tuong-4-96x96.png 96w\" sizes=\"auto, (max-width: 1200px) 100vw, 1200px\" \/><\/td>\n<\/tr>\n<\/tbody>\n<\/table>\n<h1><span class=\"ez-toc-section\" id=\"LY_DO_NEN_LUA_CHON_BANG_VIET_BAVICO\"><\/span><strong>L\u00dd DO N\u00caN L\u1ef0A CH\u1eccN B\u1ea2NG VI\u1ebeT BAVICO<\/strong><span class=\"ez-toc-section-end\"><\/span><\/h1>\n<p><img decoding=\"async\" src=\"https:\/\/bangvietbavico.edu.vn\/wp-content\/uploads\/2024\/10\/XE-TAI.png\" \/><\/p>\n<ul>\n<li>B\u1ea3ng vi\u1ebft BAVICO l\u00e0 th\u01b0\u01a1ng hi\u1ec7u uy t\u00edn trong l\u0129nh v\u1ef1c s\u1ea3n xu\u1ea5t b\u1ea3ng v\u1edbi h\u01a1n 20 n\u0103m kinh nghi\u1ec7m.<\/li>\n<li>Doanh nghi\u1ec7p \u0111\u1ea7u ti\u00ean trong ng\u00e0nh \u0111\u01b0a b\u1ea3ng t\u1eeb v\u1ec1 Vi\u1ec7t Nam v\u00e0 t\u01b0 v\u1ea5n thay th\u1ebf b\u1ea3ng t\u1eeb cho B\u1ed9 Gi\u00e1o d\u1ee5c v\u00e0 \u0110\u00e0o t\u1ea1o.<\/li>\n<li>C\u00f3 ch\u1ee9ng nh\u1eadn nh\u1eadp kh\u1ea9u h\u00e0ng h\u00f3a theo \u0111\u00fang quy \u0111\u1ecbnh (CO \u2013 CQ).<\/li>\n<li>\u0110\u1ed1i t\u00e1c ngu\u1ed3n nguy\u00ean li\u1ec7u ch\u00ednh (m\u1eb7t b\u1ea3ng) uy t\u00edn tr\u00ean to\u00e0n c\u1ea7u: Polyvion cho b\u1ec1 m\u1eb7t Ceramic v\u00e0 Dongshin cho b\u1ec1 m\u1eb7t th\u00e9p ph\u1ee7 s\u01a1n.<\/li>\n<li>B\u1ea3ng vi\u1ebft BAVICO l\u00e0 C\u00f4ng ty s\u1ea3n xu\u1ea5t v\u00e0 c\u1ea5p cung s\u1ea3n ph\u1ea9m tr\u1ef1c ti\u1ebfp\u00a0 \u2013 \u0110\u1ea3m b\u1ea3o s\u1ea3n ph\u1ea9m ch\u00ednh h\u00e3ng 100%.<\/li>\n<li>B\u1ea3ng vi\u1ebft BAVICO \u0111\u00e3 ph\u1ee5c v\u1ee5 r\u1ea5t nhi\u1ec1u kh\u00e1ch h\u00e0ng l\u1edbn nh\u01b0: T\u1eadp \u0111o\u00e0n Samsung, Viettel, C\u00e1c Tr\u01b0\u1eddng Qu\u1ed1c T\u1ebf \u00c1 Ch\u00e2u, M\u1ef9, Ph\u00e1p, Nh\u1eadt,\u2026<\/li>\n<li>S\u1ea3n ph\u1ea9m \u0111a d\u1ea1ng v\u1edbi nhi\u1ec1u s\u1ef1 l\u1ef1a ch\u1ecdn, thi\u1ebft k\u1ebf v\u00e0 s\u1ea3n xu\u1ea5t theo y\u00eau c\u1ea7u kh\u00e1ch h\u00e0ng.<\/li>\n<li>Ch\u00ednh s\u00e1ch b\u1ea3o h\u00e0nh t\u1eeb 12 th\u00e1ng \u2013 24 th\u00e1ng gi\u00fap kh\u00e1ch h\u00e0ng y\u00ean t\u00e2m khi mua h\u00e0ng.<\/li>\n<\/ul>\n<p>&nbsp;<\/p>\n<h2><span class=\"ez-toc-section\" id=\"CONG_TY_TNHH_THIET_BI_GIAO_DUC_BAVICO\"><\/span><a href=\"https:\/\/bangvietbavicoboard.com\/en\/\"><strong>EQUIPMENT CO., EDUCATION BAVICO<\/strong><\/a><span class=\"ez-toc-section-end\"><\/span><\/h2>\n<p><a href=\"https:\/\/www.google.com\/maps\/place\/C%C3%B4ng+Ty+TNHH+Thi%E1%BA%BFt+B%E1%BB%8B+Gi%C3%A1o+D%E1%BB%A5c+BAVICO\/@10.8422711,106.6244102,17z\/data=!3m1!4b1!4m5!3m4!1s0x31752a2a33796a47:0x1e4c184654bd6967!8m2!3d10.8422658!4d106.6265989?hl=vi-VN\" target=\"_blank\" rel=\"noopener\"><strong>Tr\u1ee5 s\u1edf ch\u00ednh: S\u1ed1 26 \u2013 28 \u0110\u01b0\u1eddng DD11 Khu bi\u1ec7t th\u1ef1 An S\u01b0\u01a1ng, Ph\u01b0\u1eddng T\u00e2n H\u01b0ng Thu\u1eadn, Qu\u1eadn 12, Th\u00e0nh ph\u1ed1 H\u1ed3 Ch\u00ed Minh, Vi\u1ec7t Nam.<\/strong><\/a><\/p>\n<p><a href=\"https:\/\/www.google.com\/maps\/place\/NH%C3%80+M%C3%81Y+B%E1%BA%A2NG+VI%E1%BA%BET+BAVICO\/data=!4m2!3m1!1s0x3174d54b4766c1e1:0x5e7544f8d3754cf8?hl=vi&amp;trk=https%3A%2F%2Fnotifications.google.com%2Fg%2Fp%2FANiao5qxS1Nm-jYR1J2xq7eGKk7sVofQFkONHZn7ZY1zjo26fUdiIedC5c2mAakkpMKjxMsTnB9fPMAbD18GWiRfE5-oXEHRGqQhobyjs_Hj9u2xUtrFgqGeo2BwkZvvFFFONLfFq-_lNqqzAQIbZ-Py-_UWpcdoJrNPOobHtX1hJYMPfYf7R5DJXHySX2mo-h0Loz8brWxA1Hr1nhML\" target=\"_blank\" rel=\"noopener\"><strong>Nh\u00e0 m\u00e1y s\u1ea3n xu\u1ea5t: S\u1ed1 7\/7 \u0111\u01b0\u1eddng s\u1ed1 65, H\u1ed3 V\u0103n T\u1eafng, \u1ea4p X\u00f3m \u0110\u1ed3ng, X\u00e3 T\u00e2n Ph\u00fa Trung, Huy\u1ec7n C\u1ee7 Chi, Th\u00e0nh Ph\u1ed1 H\u1ed3 Ch\u00ed Minh, Vi\u1ec7t Nam.<\/strong><\/a><\/p>\n<p><strong>MST: 0303030028 \u2013 Ng\u00e0y th\u00e0nh l\u1eadp c\u00f4ng ty: 01\/09\/2003<\/strong><\/p>\n<div data-original-attrs=\"{&quot;style&quot;:&quot;&quot;}\">\u0110\u1ec3 bi\u1ebft th\u00eam chi ti\u1ebft xin vui l\u00f2ng li\u00ean h\u1ec7:<\/div>\n<div>TEL:\u00a0<span style=\"color: #783f04;\" data-keep-original-tag=\"false\" data-original-attrs=\"{&quot;style&quot;:&quot;&quot;}\">0938 623 068 (Viber\/Zalo)<\/span><\/div>\n<div>Email:\u00a0<span style=\"color: #274e13;\" data-keep-original-tag=\"false\" data-original-attrs=\"{&quot;style&quot;:&quot;&quot;}\">csns01@bangvietbavico.vn<\/span><\/div>\n<h2><span class=\"ez-toc-section\" id=\"%3E%3E%3E_Moi_Quy_khach_hang_click_tham_khao_cac_loai_Bang_viet_but_long_khac\"><\/span><span style=\"font-family: arial, helvetica, sans-serif; color: #008000;\"><a style=\"color: #008000;\" href=\"https:\/\/bangvietbavicoboard.com\/en\/product-category\/bang-viet-but-long\/\"><em>&gt;&gt;&gt; M\u1eddi Qu\u00fd kh\u00e1ch h\u00e0ng click tham kh\u1ea3o c\u00e1c lo\u1ea1i B\u1ea3ng vi\u1ebft b\u00fat l\u00f4ng kh\u00e1c<\/em><\/a><\/span><span class=\"ez-toc-section-end\"><\/span><\/h2>\n<h2><span class=\"ez-toc-section\" id=\"%3E%3E%3E_Moi_Quy_khach_hang_click_tham_khao_cac_loai_Bang_kinh_khac\"><\/span><span style=\"font-family: arial, helvetica, sans-serif; color: #008000;\"><a style=\"color: #008000;\" href=\"https:\/\/bangvietbavicoboard.com\/en\/product-category\/bang-kinh\/\"><em>&gt;&gt;&gt; M\u1eddi Qu\u00fd kh\u00e1ch h\u00e0ng click tham kh\u1ea3o c\u00e1c lo\u1ea1i B\u1ea3ng k\u00ednh kh\u00e1c<\/em><\/a><\/span><span class=\"ez-toc-section-end\"><\/span><\/h2>\n<p>&nbsp;<\/p>\n<p>&nbsp;<\/p>\n<p>&nbsp;<\/p>","protected":false},"excerpt":{"rendered":"<p><strong>B\u1ea3ng th\u00f4ng b\u00e1o c\u1eeda k\u00ednh treo t\u01b0\u1eddng<\/strong> th\u01b0\u1eddng s\u1eed d\u1ee5ng trong khu c\u00f4ng nghi\u1ec7p, khu v\u0103n ph\u00f2ng, khu d\u00e2n c\u01b0 v\u00e0 \u1edf c\u00e1c Tr\u01b0\u1eddng h\u1ecdc,\u2026<\/p>\n<p>Gi\u00e1 \u00e1p d\u1ee5ng t\u1ea1i H\u00f3c M\u00f4n, C\u1ee7 Chi v\u00e0 khu v\u1ef1c n\u1ed9i th\u00e0nh TPHCM.<\/p>","protected":false},"featured_media":11020,"comment_status":"open","ping_status":"closed","template":"","meta":{"_acf_changed":false},"product_brand":[],"product_cat":[471],"product_tag":[],"class_list":{"0":"post-11019","1":"product","2":"type-product","3":"status-publish","4":"has-post-thumbnail","6":"product_cat-bang-theo-yeu-cau","8":"first","9":"instock","10":"shipping-taxable","11":"purchasable","12":"product-type-variable"},"acf":[],"_links":{"self":[{"href":"https:\/\/bangvietbavicoboard.com\/en\/wp-json\/wp\/v2\/product\/11019","targetHints":{"allow":["GET"]}}],"collection":[{"href":"https:\/\/bangvietbavicoboard.com\/en\/wp-json\/wp\/v2\/product"}],"about":[{"href":"https:\/\/bangvietbavicoboard.com\/en\/wp-json\/wp\/v2\/types\/product"}],"replies":[{"embeddable":true,"href":"https:\/\/bangvietbavicoboard.com\/en\/wp-json\/wp\/v2\/comments?post=11019"}],"wp:featuredmedia":[{"embeddable":true,"href":"https:\/\/bangvietbavicoboard.com\/en\/wp-json\/wp\/v2\/media\/11020"}],"wp:attachment":[{"href":"https:\/\/bangvietbavicoboard.com\/en\/wp-json\/wp\/v2\/media?parent=11019"}],"wp:term":[{"taxonomy":"product_brand","embeddable":true,"href":"https:\/\/bangvietbavicoboard.com\/en\/wp-json\/wp\/v2\/product_brand?post=11019"},{"taxonomy":"product_cat","embeddable":true,"href":"https:\/\/bangvietbavicoboard.com\/en\/wp-json\/wp\/v2\/product_cat?post=11019"},{"taxonomy":"product_tag","embeddable":true,"href":"https:\/\/bangvietbavicoboard.com\/en\/wp-json\/wp\/v2\/product_tag?post=11019"}],"curies":[{"name":"wp","href":"https:\/\/api.w.org\/{rel}","templated":true}]}}