{"id":10973,"date":"2025-02-08T10:00:34","date_gmt":"2025-02-08T10:00:34","guid":{"rendered":"https:\/\/bangvietbavicoboard.com\/?post_type=product&#038;p=10973"},"modified":"2025-03-01T06:27:20","modified_gmt":"2025-03-01T06:27:20","slug":"bang-dan-tuong-cho-be","status":"publish","type":"product","link":"https:\/\/bangvietbavicoboard.com\/en\/product\/bang-dan-tuong-cho-be\/","title":{"rendered":"B\u1ea3ng d\u00e1n t\u01b0\u1eddng cho b\u00e9"},"content":{"rendered":"<p><strong>B\u1ea3ng d\u00e1n t\u01b0\u1eddng cho b\u00e9\u00a0<\/strong>l\u00e0 s\u1ea3n ph\u1ea9m th\u00fac \u0111\u1ea9y s\u1ef1 s\u00e1ng t\u1ea1o v\u00e0 t\u01b0 duy cho c\u00e1c em nh\u1ecf v\u1edbi thi\u1ebft k\u1ebf \u0111\u01a1n gi\u1ea3n nh\u01b0ng hi\u1ec7n \u0111\u1ea1i.<\/p>\n<p>\u0110\u1eb7c bi\u1ec7t, B\u1ea3ng vi\u1ebft BAVICO hi\u1ec3u v\u00e0 th\u1ef1c hi\u1ec7n \u0111\u00e1p \u1ee9ng vi\u1ebft thi\u1ebft k\u1ebf m\u1eabu b\u1ea3ng theo nhi\u1ec1u h\u00ecnh d\u00e1ng kh\u00e1ch nhau:<\/p>\n<p>V\u00ed d\u1ee5 h\u00ecnh c\u00e1c con th\u00fa,\u2026. \u0111\u1ec3 t\u0103ng th\u1ea9m m\u1ef9 v\u00e0 t\u1ea1o t\u00ednh s\u00e1ng t\u1ea1o cho kh\u00f4ng gian ph\u00f2ng h\u01a1n.<\/p>\n<ul>\n<li>V\u1edbi \u0111\u01a1n h\u00e0ng nh\u1ecf l\u1ebb th\u00ec chi ph\u00ed thi\u1ebft k\u1ebf\u00a0<strong>150.000<\/strong>\u00a0\u0111\u1ed3ng\/m\u1eabu.<\/li>\n<li>V\u1edbi \u0111\u01a1n h\u00e0ng 10 s\u1ea3n ph\u1ea9m tr\u1edf l\u00ean (1 m\u1eabu):\u00a0<strong>kh\u00f4ng t\u00ednh ph\u00ed thi\u1ebft k\u1ebf<\/strong>.<\/li>\n<\/ul>\n<p><img decoding=\"async\" src=\"https:\/\/bangvietbavico.edu.vn\/wp-content\/uploads\/2020\/02\/bang_khong_khung_but_long_tu_hq.png\" \/><\/p>\n<h1><span class=\"ez-toc-section\" id=\"CAU_TAO_CUA_BANG\"><\/span><strong>C\u1ea4U T\u1ea0O C\u1ee6A B\u1ea2NG<\/strong><span class=\"ez-toc-section-end\"><\/span><\/h1>\n<p><strong><em><span class=\"_5mfr\"><span class=\"_6qdm\">\u2013\u00a0<\/span><\/span>M\u1eb7t b\u1ea3ng: <\/em><\/strong>M\u1eb7t b\u1ea3ng \u0111\u01b0\u1ee3c nh\u1eadp tr\u1ef1c ti\u1ebfp t\u1eeb c\u00e1c n\u01b0\u1edbc n\u1ed5i ti\u1ebfng nh\u01b0 H\u00c0N QU\u1ed0C, \u1ea4N \u0110\u1ed8, B\u1ec8 v\u1edbi \u0111\u1ea7y \u0111\u1ee7 ch\u1ee9ng t\u1eeb nh\u1eadp kh\u1ea9u.<\/p>\n<p><strong><em><span class=\"_5mfr\"><span class=\"_6qdm\">\u2013\u00a0<\/span><\/span>T\u1ea5m l\u00f3t b\u1ea3ng:<\/em><\/strong>\u00a0b\u1eb1ng v\u00e1n MDF \u00e9p gi\u1ea5y b\u00f3ng v\u00e2n g\u1ed7 ch\u1ed1ng \u1ea9m, ch\u1ed1ng cong mo v\u00e0 \u0111\u1ea3m b\u1ea3o b\u1ea3ng vi\u1ebft kh\u00f4ng b\u1ecb rung.<\/p>\n<p><strong><em>\u2013 C\u00f4ng \u0111o\u1ea1n:<\/em><\/strong>\u00a0M\u1eb7t b\u1ea3ng v\u00e0 t\u1ea5m l\u00f3t \u0111\u01b0\u1ee3c \u00e9p b\u1eb1ng keo ch\u1ea5t l\u01b0\u1ee3ng cao, bo g\u00f3c. C\u00f4ng \u0111o\u1ea1n m\u00e0i g\u00f3c, c\u1ea1nh v\u00e0 s\u01a1n g\u1ed7 m\u00e0u tr\u1eafng h\u00e0i h\u00f2a.<\/p>\n<p><strong><em>\u2013 Thi c\u00f4ng d\u00e1n t\u01b0\u1eddng:<\/em><\/strong><br \/>\n+ B\u1ea3ng d\u00e0i t\u1eeb 2,4m tr\u1edf xu\u1ed1ng: D\u00e1n v\u00e0o t\u01b0\u1eddng b\u1eb1ng keo.<br \/>\n+ B\u1ea3ng d\u00e0i &gt; 2,4m d\u00e1n v\u00e0o t\u01b0\u1eddng b\u1eb1ng keo v\u00e0 c\u00f3 v\u00edt \u0111\u1ea7u b\u1ecbt inox g\u1eafn h\u1ed7 tr\u1ee3 s\u00e1ng m\u00ed b\u1ea3ng, \u0111\u1ea3m b\u1ea3o m\u0129 quan cho s\u1ea3n ph\u1ea9m sang tr\u1ecdng.<\/p>\n<h1><span class=\"ez-toc-section\" id=\"CACH_BAO_QUAN_BANG\"><\/span><strong>C\u00c1CH B\u1ea2O QU\u1ea2N B\u1ea2NG<\/strong><span class=\"ez-toc-section-end\"><\/span><\/h1>\n<p>\u0110\u1ec3 \u0111\u1ea3m b\u1ea3o m\u1eb7t<strong> b\u1ea3ng vi\u1ebft b\u00fat l\u00f4ng<\/strong>\u00a0lu\u00f4n trong t\u00ecnh tr\u1ea1ng t\u1ed1t nh\u1ea5t, b\u1ea1n c\u1ea7n l\u01b0u \u00fd m\u1ed9t s\u1ed1 c\u00e1ch b\u1ea3o qu\u1ea3n sau \u0111\u00e2y:<\/p>\n<ul>\n<li><em>V\u1ec7 Sinh \u0110\u1ecbnh K\u1ef3<\/em>: S\u1eed d\u1ee5ng kh\u0103n m\u1ec1m v\u00e0 dung d\u1ecbch v\u1ec7 sinh nh\u1eb9 nh\u00e0ng \u0111\u1ec3 lau s\u1ea1ch b\u1ec1 m\u1eb7t b\u1ea3ng. Tr\u00e1nh s\u1eed d\u1ee5ng c\u00e1c ch\u1ea5t t\u1ea9y r\u1eeda m\u1ea1nh c\u00f3 th\u1ec3 l\u00e0m h\u1ecfng b\u1ec1 m\u1eb7t b\u1ea3ng.<\/li>\n<li><em>Tr\u00e1nh \u00c1nh N\u1eafng Tr\u1ef1c Ti\u1ebfp<\/em>: \u0110\u1eb7t b\u1ea3ng \u1edf v\u1ecb tr\u00ed kh\u00f4ng b\u1ecb \u00e1nh n\u1eafng m\u1eb7t tr\u1eddi chi\u1ebfu tr\u1ef1c ti\u1ebfp \u0111\u1ec3 tr\u00e1nh t\u00ecnh tr\u1ea1ng phai m\u00e0u v\u00e0 gi\u1ea3m \u0111\u1ed9 b\u1ec1n c\u1ee7a s\u1ea3n ph\u1ea9m.<\/li>\n<li><em>S\u1eed D\u1ee5ng B\u00fat Ch\u1ea5t L\u01b0\u1ee3ng<\/em>: h\u00e3y s\u1eed d\u1ee5ng b\u00fat ch\u1ea5t l\u01b0\u1ee3ng cao, <em><span style=\"color: #ed1c24;\">tuy\u1ec7t \u0111\u1ed1i kh\u00f4ng s\u1eed d\u1ee5ng b\u00fat l\u00f4ng d\u1ea7u<\/span><\/em> tr\u00e1nh l\u00e0m h\u01b0 h\u1ea1i m\u1eb7t b\u1ea3ng khi lau ch\u00f9i<span style=\"color: #000000; font-size: 14.4px;\">\u00a0<\/span>v\u00e0 \u0111\u1ea3m b\u1ea3o n\u1eafp b\u00fat \u0111\u01b0\u1ee3c \u0111\u1eady k\u00edn sau khi s\u1eed d\u1ee5ng \u0111\u1ec3 tr\u00e1nh l\u00e0m kh\u00f4 m\u1ef1c.<\/li>\n<li><em>Ki\u1ec3m Tra Khung B\u1ea3ng<\/em>: \u0110\u1ecbnh k\u1ef3 ki\u1ec3m tra khung b\u1ea3ng v\u00e0 c\u00e1c b\u1ed9 ph\u1eadn g\u1eafn t\u01b0\u1eddng \u0111\u1ec3 \u0111\u1ea3m b\u1ea3o ch\u00fang kh\u00f4ng b\u1ecb l\u1ecfng l\u1ebbo ho\u1eb7c h\u01b0 h\u1ecfng.<\/li>\n<li><em>Tr\u00e1nh Va Ch\u1ea1m M\u1ea1nh<\/em>: H\u1ea1n ch\u1ebf va ch\u1ea1m m\u1ea1nh v\u1edbi b\u1ea3ng \u0111\u1ec3 tr\u00e1nh l\u00e0m tr\u1ea7y x\u01b0\u1edbc ho\u1eb7c h\u01b0 h\u1ecfng b\u1ec1 m\u1eb7t.<\/li>\n<\/ul>\n<h1><span class=\"ez-toc-section\" id=\"LY_DO_NEN_LUA_CHON_BANG_VIET_BAVICO\"><\/span><strong>L\u00dd DO N\u00caN L\u1ef0A CH\u1eccN B\u1ea2NG VI\u1ebeT BAVICO<\/strong><span class=\"ez-toc-section-end\"><\/span><\/h1>\n<p><img decoding=\"async\" src=\"https:\/\/bangvietbavico.edu.vn\/wp-content\/uploads\/2024\/10\/XE-TAI.png\" \/><\/p>\n<ul>\n<li>B\u1ea3ng vi\u1ebft BAVICO l\u00e0 th\u01b0\u01a1ng hi\u1ec7u uy t\u00edn trong l\u0129nh v\u1ef1c s\u1ea3n xu\u1ea5t b\u1ea3ng v\u1edbi h\u01a1n 20 n\u0103m kinh nghi\u1ec7m.<\/li>\n<li>Doanh nghi\u1ec7p \u0111\u1ea7u ti\u00ean trong ng\u00e0nh \u0111\u01b0a b\u1ea3ng t\u1eeb v\u1ec1 Vi\u1ec7t Nam v\u00e0 t\u01b0 v\u1ea5n thay th\u1ebf b\u1ea3ng t\u1eeb cho B\u1ed9 Gi\u00e1o d\u1ee5c v\u00e0 \u0110\u00e0o t\u1ea1o.<\/li>\n<li>C\u00f3 ch\u1ee9ng nh\u1eadn nh\u1eadp kh\u1ea9u h\u00e0ng h\u00f3a theo \u0111\u00fang quy \u0111\u1ecbnh (CO \u2013 CQ).<\/li>\n<li>\u0110\u1ed1i t\u00e1c ngu\u1ed3n nguy\u00ean li\u1ec7u ch\u00ednh (m\u1eb7t b\u1ea3ng) uy t\u00edn tr\u00ean to\u00e0n c\u1ea7u: Polyvion cho b\u1ec1 m\u1eb7t Ceramic v\u00e0 Dongshin cho b\u1ec1 m\u1eb7t th\u00e9p ph\u1ee7 s\u01a1n.<\/li>\n<li>B\u1ea3ng vi\u1ebft BAVICO l\u00e0 C\u00f4ng ty s\u1ea3n xu\u1ea5t v\u00e0 c\u1ea5p cung s\u1ea3n ph\u1ea9m tr\u1ef1c ti\u1ebfp\u00a0 \u2013 \u0110\u1ea3m b\u1ea3o s\u1ea3n ph\u1ea9m ch\u00ednh h\u00e3ng 100%.<\/li>\n<li>B\u1ea3ng vi\u1ebft BAVICO \u0111\u00e3 ph\u1ee5c v\u1ee5 r\u1ea5t nhi\u1ec1u kh\u00e1ch h\u00e0ng l\u1edbn nh\u01b0: T\u1eadp \u0111o\u00e0n Samsung, Viettel, C\u00e1c Tr\u01b0\u1eddng Qu\u1ed1c T\u1ebf \u00c1 Ch\u00e2u, M\u1ef9, Ph\u00e1p, Nh\u1eadt,\u2026<\/li>\n<li>S\u1ea3n ph\u1ea9m \u0111a d\u1ea1ng v\u1edbi nhi\u1ec1u s\u1ef1 l\u1ef1a ch\u1ecdn, thi\u1ebft k\u1ebf v\u00e0 s\u1ea3n xu\u1ea5t theo y\u00eau c\u1ea7u kh\u00e1ch h\u00e0ng.<\/li>\n<li>Ch\u00ednh s\u00e1ch b\u1ea3o h\u00e0nh t\u1eeb 12 th\u00e1ng \u2013 24 th\u00e1ng gi\u00fap kh\u00e1ch h\u00e0ng y\u00ean t\u00e2m khi mua h\u00e0ng.<\/li>\n<\/ul>\n<p>&nbsp;<\/p>\n<h2><span class=\"ez-toc-section\" id=\"CONG_TY_TNHH_THIET_BI_GIAO_DUC_BAVICO\"><\/span><a href=\"https:\/\/bangvietbavicoboard.com\/en\/\"><strong>EQUIPMENT CO., EDUCATION BAVICO<\/strong><\/a><span class=\"ez-toc-section-end\"><\/span><\/h2>\n<p><a href=\"https:\/\/www.google.com\/maps\/place\/C%C3%B4ng+Ty+TNHH+Thi%E1%BA%BFt+B%E1%BB%8B+Gi%C3%A1o+D%E1%BB%A5c+BAVICO\/@10.8422711,106.6244102,17z\/data=!3m1!4b1!4m5!3m4!1s0x31752a2a33796a47:0x1e4c184654bd6967!8m2!3d10.8422658!4d106.6265989?hl=vi-VN\" target=\"_blank\" rel=\"noopener\"><strong>Tr\u1ee5 s\u1edf ch\u00ednh: S\u1ed1 26 \u2013 28 \u0110\u01b0\u1eddng DD11 Khu bi\u1ec7t th\u1ef1 An S\u01b0\u01a1ng, Ph\u01b0\u1eddng T\u00e2n H\u01b0ng Thu\u1eadn, Qu\u1eadn 12, Th\u00e0nh ph\u1ed1 H\u1ed3 Ch\u00ed Minh, Vi\u1ec7t Nam.<\/strong><\/a><\/p>\n<p><a href=\"https:\/\/www.google.com\/maps\/place\/NH%C3%80+M%C3%81Y+B%E1%BA%A2NG+VI%E1%BA%BET+BAVICO\/data=!4m2!3m1!1s0x3174d54b4766c1e1:0x5e7544f8d3754cf8?hl=vi&amp;trk=https%3A%2F%2Fnotifications.google.com%2Fg%2Fp%2FANiao5qxS1Nm-jYR1J2xq7eGKk7sVofQFkONHZn7ZY1zjo26fUdiIedC5c2mAakkpMKjxMsTnB9fPMAbD18GWiRfE5-oXEHRGqQhobyjs_Hj9u2xUtrFgqGeo2BwkZvvFFFONLfFq-_lNqqzAQIbZ-Py-_UWpcdoJrNPOobHtX1hJYMPfYf7R5DJXHySX2mo-h0Loz8brWxA1Hr1nhML\" target=\"_blank\" rel=\"noopener\"><strong>Nh\u00e0 m\u00e1y s\u1ea3n xu\u1ea5t: S\u1ed1 7\/7 \u0111\u01b0\u1eddng s\u1ed1 65, H\u1ed3 V\u0103n T\u1eafng, \u1ea4p X\u00f3m \u0110\u1ed3ng, X\u00e3 T\u00e2n Ph\u00fa Trung, Huy\u1ec7n C\u1ee7 Chi, Th\u00e0nh Ph\u1ed1 H\u1ed3 Ch\u00ed Minh, Vi\u1ec7t Nam.<\/strong><\/a><\/p>\n<p><strong>MST: 0303030028 \u2013 Ng\u00e0y th\u00e0nh l\u1eadp c\u00f4ng ty: 01\/09\/2003<\/strong><\/p>\n<div data-original-attrs=\"{&quot;style&quot;:&quot;&quot;}\">\u0110\u1ec3 bi\u1ebft th\u00eam chi ti\u1ebft xin vui l\u00f2ng li\u00ean h\u1ec7:<\/div>\n<div>TEL:\u00a0<span style=\"color: #783f04;\" data-keep-original-tag=\"false\" data-original-attrs=\"{&quot;style&quot;:&quot;&quot;}\">0938 623 068 (Viber\/Zalo)<\/span><\/div>\n<div>Email:\u00a0<span style=\"color: #274e13;\" data-keep-original-tag=\"false\" data-original-attrs=\"{&quot;style&quot;:&quot;&quot;}\">csns01@bangvietbavico.vn<\/span><\/div>\n<h2><span class=\"ez-toc-section\" id=\"%3E%3E%3E_Moi_Quy_khach_hang_click_tham_khao_cac_loai_Bang_viet_but_long_khac\"><\/span><span style=\"font-family: arial, helvetica, sans-serif; color: #008000;\"><a style=\"color: #008000;\" href=\"https:\/\/bangvietbavicoboard.com\/en\/product-category\/bang-viet-but-long\/\"><em>&gt;&gt;&gt; M\u1eddi Qu\u00fd kh\u00e1ch h\u00e0ng click tham kh\u1ea3o c\u00e1c lo\u1ea1i B\u1ea3ng vi\u1ebft b\u00fat l\u00f4ng kh\u00e1c<\/em><\/a><\/span><span class=\"ez-toc-section-end\"><\/span><\/h2>\n<h2><span class=\"ez-toc-section\" id=\"%3E%3E%3E_Moi_Quy_khach_hang_click_tham_khao_cac_loai_Bang_kinh_khac\"><\/span><span style=\"font-family: arial, helvetica, sans-serif; color: #008000;\"><a style=\"color: #008000;\" href=\"https:\/\/bangvietbavicoboard.com\/en\/product-category\/bang-kinh\/\"><em>&gt;&gt;&gt; M\u1eddi Qu\u00fd kh\u00e1ch h\u00e0ng click tham kh\u1ea3o c\u00e1c lo\u1ea1i B\u1ea3ng k\u00ednh kh\u00e1c<\/em><\/a><\/span><span class=\"ez-toc-section-end\"><\/span><\/h2>\n<p>&nbsp;<\/p>\n<p>&nbsp;<\/p>\n<p>&nbsp;<\/p>","protected":false},"excerpt":{"rendered":"<p><strong>B\u1ea3ng d\u00e1n t\u01b0\u1eddng cho b\u00e9\u00a0<\/strong>l\u00e0 s\u1ea3n ph\u1ea9m th\u00fac \u0111\u1ea9y s\u1ef1 s\u00e1ng t\u1ea1o v\u00e0 t\u01b0 duy cho c\u00e1c em nh\u1ecf v\u1edbi thi\u1ebft k\u1ebf \u0111\u01a1n gi\u1ea3n nh\u01b0ng hi\u1ec7n \u0111\u1ea1i.<\/p>\n<p>Gi\u00e1 \u00e1p d\u1ee5ng t\u1ea1i H\u00f3c M\u00f4n, C\u1ee7 Chi v\u00e0 khu v\u1ef1c n\u1ed9i th\u00e0nh TPHCM.<\/p>","protected":false},"featured_media":7332,"comment_status":"open","ping_status":"closed","template":"","meta":{"_acf_changed":false},"product_brand":[],"product_cat":[480],"product_tag":[],"class_list":{"0":"post-10973","1":"product","2":"type-product","3":"status-publish","4":"has-post-thumbnail","6":"product_cat-bang-khong-khung-dan-tuong","8":"first","9":"instock","10":"shipping-taxable","11":"purchasable","12":"product-type-variable"},"acf":[],"_links":{"self":[{"href":"https:\/\/bangvietbavicoboard.com\/en\/wp-json\/wp\/v2\/product\/10973","targetHints":{"allow":["GET"]}}],"collection":[{"href":"https:\/\/bangvietbavicoboard.com\/en\/wp-json\/wp\/v2\/product"}],"about":[{"href":"https:\/\/bangvietbavicoboard.com\/en\/wp-json\/wp\/v2\/types\/product"}],"replies":[{"embeddable":true,"href":"https:\/\/bangvietbavicoboard.com\/en\/wp-json\/wp\/v2\/comments?post=10973"}],"wp:featuredmedia":[{"embeddable":true,"href":"https:\/\/bangvietbavicoboard.com\/en\/wp-json\/wp\/v2\/media\/7332"}],"wp:attachment":[{"href":"https:\/\/bangvietbavicoboard.com\/en\/wp-json\/wp\/v2\/media?parent=10973"}],"wp:term":[{"taxonomy":"product_brand","embeddable":true,"href":"https:\/\/bangvietbavicoboard.com\/en\/wp-json\/wp\/v2\/product_brand?post=10973"},{"taxonomy":"product_cat","embeddable":true,"href":"https:\/\/bangvietbavicoboard.com\/en\/wp-json\/wp\/v2\/product_cat?post=10973"},{"taxonomy":"product_tag","embeddable":true,"href":"https:\/\/bangvietbavicoboard.com\/en\/wp-json\/wp\/v2\/product_tag?post=10973"}],"curies":[{"name":"wp","href":"https:\/\/api.w.org\/{rel}","templated":true}]}}