{"id":10726,"date":"2025-01-18T04:36:08","date_gmt":"2025-01-18T04:36:08","guid":{"rendered":"https:\/\/bangvietbavicoboard.com\/?post_type=product&#038;p=10726"},"modified":"2025-03-01T09:26:13","modified_gmt":"2025-03-01T09:26:13","slug":"bang-menu-quan-an","status":"publish","type":"product","link":"https:\/\/bangvietbavicoboard.com\/en\/product\/bang-menu-quan-an\/","title":{"rendered":"B\u1ea3ng menu qu\u00e1n \u0103n"},"content":{"rendered":"<p>Trong th\u1ebf gi\u1edbi \u1ea9m th\u1ef1c \u0111\u1ea7y s\u1eafc m\u00e0u v\u00e0 h\u01b0\u01a1ng v\u1ecb,\u00a0<strong>b\u1ea3ng menu qu\u00e1n \u0103n<\/strong>\u00a0kh\u00f4ng ch\u1ec9 \u0111\u01a1n thu\u1ea7n l\u00e0 m\u1ed9t danh s\u00e1ch m\u00f3n \u0103n, n\u00f3 ch\u00ednh l\u00e0 c\u00e1nh c\u1eeda d\u1eabn l\u1ed1i cho nh\u1eefng tr\u1ea3i nghi\u1ec7m \u1ea9m th\u1ef1c \u0111\u1ed9c \u0111\u00e1o, n\u01a1i m\u00e0 m\u1ed7i m\u00f3n \u0103n \u0111\u1ec1u k\u1ec3 m\u1ed9t c\u00e2u chuy\u1ec7n ri\u00eang v\u00e0 chinh ph\u1ee5c tr\u00e1i tim c\u1ee7a th\u1ef1c kh\u00e1ch.<\/p>\n<p>V\u1edbi vai tr\u00f2 quan tr\u1ecdng nh\u01b0 v\u1eady,\u00a0<strong>b\u1ea3ng menu qu\u00e1n \u0103n<\/strong>\u00a0kh\u00f4ng ch\u1ec9 gi\u00fap kh\u00e1ch h\u00e0ng d\u1ec5 d\u00e0ng l\u1ef1a ch\u1ecdn m\u00e0 c\u00f2n t\u1ea1o n\u00ean m\u1ed9t b\u1ea7u kh\u00f4ng kh\u00ed \u1ea5m c\u00fang v\u00e0 th\u00e2n thi\u1ec7n, kh\u01a1i g\u1ee3i s\u1ef1 t\u00f2 m\u00f2 v\u00e0 kh\u00e1m ph\u00e1. H\u00e3y c\u00f9ng BAVICO t\u00ecm hi\u1ec3u s\u00e2u h\u01a1n v\u1ec1 nh\u1eefng l\u1ee3i \u00edch m\u00e0\u00a0<strong>b\u1ea3ng menu qu\u00e1n \u0103n<\/strong>\u00a0mang l\u1ea1i cho nh\u00e0 h\u00e0ng v\u00e0 th\u1ef1c kh\u00e1ch trong h\u00e0nh tr\u00ecnh \u1ea9m th\u1ef1c n\u00e0y!<\/p>\n<p><img loading=\"lazy\" decoding=\"async\" class=\"alignnone size-full wp-image-10723\" src=\"https:\/\/bangvietbavicoboard.com\/wp-content\/uploads\/2025\/01\/bang_den_menu_quay_cafe-1200x800-1.png\" alt=\"bang_den_menu_2_mat_co_chan\" width=\"1200\" height=\"799\" srcset=\"https:\/\/bangvietbavicoboard.com\/wp-content\/uploads\/2025\/01\/bang_den_menu_quay_cafe-1200x800-1.png 1200w, https:\/\/bangvietbavicoboard.com\/wp-content\/uploads\/2025\/01\/bang_den_menu_quay_cafe-1200x800-1-601x400.png 601w, https:\/\/bangvietbavicoboard.com\/wp-content\/uploads\/2025\/01\/bang_den_menu_quay_cafe-1200x800-1-768x511.png 768w, https:\/\/bangvietbavicoboard.com\/wp-content\/uploads\/2025\/01\/bang_den_menu_quay_cafe-1200x800-1-18x12.png 18w, https:\/\/bangvietbavicoboard.com\/wp-content\/uploads\/2025\/01\/bang_den_menu_quay_cafe-1200x800-1-300x200.png 300w, https:\/\/bangvietbavicoboard.com\/wp-content\/uploads\/2025\/01\/bang_den_menu_quay_cafe-1200x800-1-600x400.png 600w\" sizes=\"auto, (max-width: 1200px) 100vw, 1200px\" \/><\/p>\n<h2><span class=\"ez-toc-section\" id=\"Cau_tao_mat_bang\"><\/span><strong>C\u1ea5u t\u1ea1o m\u1eb7t b\u1ea3ng<\/strong><span class=\"ez-toc-section-end\"><\/span><\/h2>\n<p><strong>\u2013 Hai m<\/strong><strong>\u1eb7t b\u1ea3ng:<\/strong>\u00a0<strong>Vi\u1ebft ph\u1ea5n<\/strong>\u00a0m\u00e0u \u0111en m\u1edd ho\u1eb7c m\u1eb7t\u00a0tr\u1eafng vi\u1ebft b\u00fat l\u00f4ng b\u1eb1ng Polyester Taiwan, vi\u1ebft \u00eam, d\u1ec5 lau v\u00e0 kh\u00f4ng \u0111\u1ec3 l\u1ea1i d\u1ea5u, ch\u1ed1ng m\u00e0i m\u00f2n.<\/p>\n<p><strong>\u2013 T\u1ea5m l\u00f3t b\u1ea3ng:<\/strong>\u00a0B\u1eb1ng v\u00e1n MDF 4ly c\u1ee7a Th\u00e1i Lan m\u1eb7t sau c\u00f3 \u00e9p gi\u1ea5y v\u00e2n g\u1ed7 ch\u1ed1ng \u1ea9m v\u00e0 \u0111\u1ea3m b\u1ea3o b\u1ea3ng vi\u1ebft kh\u00f4ng b\u1ecb rung hay cong mo.<\/p>\n<p><strong>\u2013 Khung b\u1ea3ng:<\/strong>\u00a0b\u1eb1ng khung g\u1ed7 c\u00f4ng nghi\u1ec7p cao c\u1ea5p ch\u1ed1ng th\u1ea5m n\u01b0\u1edbc v\u00e0 ch\u1ed1ng cong v\u00eanh, m\u00e0u \u0111en, m\u00e0u tr\u1eafng ho\u1eb7c m\u00e0u g\u1ed7 t\u00f9y ch\u1ecdn.<\/p>\n<p><strong>S\u1ea3n ph\u1ea9m tinh t\u1ebf \u2013 ch\u1ea5t l\u01b0\u1ee3ng \u2013 gi\u00e1 r\u1ebb<\/strong><\/p>\n<p><strong>\u0110\u01b0\u1ee3c s\u1eed d\u1ee5ng cho nh\u00e0 h\u00e0ng, qu\u00e1n c\u00e0 ph\u00ea, qu\u00e1n \u0103n vi\u1ebft ph\u1ea5n hay b\u00fat d\u1ea1 r\u1ea5t \u0111\u1eb9p v\u00e0 n\u1ed5i b\u1eadt!<\/strong><\/p>\n<p><span style=\"color: #0000ff;\"><strong><span style=\"font-size: 150%;\">&gt;&gt; <a style=\"color: #0000ff;\" href=\"https:\/\/www.youtube.com\/watch?v=rPKf0nWcm_Y\" target=\"_blank\" rel=\"noopener\"><em>Click xem video m\u1eb7t B\u1ea3ng ghi menu t\u1ea1i BAVICO<\/em><\/a><\/span><\/strong><\/span><\/p>\n<p>&nbsp;<\/p>\n<h1><span class=\"ez-toc-section\" id=\"Cac_loai_bang_viet_phan_menu\"><\/span><strong>C\u00e1c lo\u1ea1i b\u1ea3ng <\/strong><strong>vi\u1ebft ph\u1ea5n menu<\/strong><span class=\"ez-toc-section-end\"><\/span><\/h1>\n<h2><span class=\"ez-toc-section\" id=\"Bang_viet_phan_menu_treo_tuong\"><\/span><strong>B\u1ea3ng <\/strong><strong>vi\u1ebft ph\u1ea5n menu treo t\u01b0\u1eddng<\/strong><span class=\"ez-toc-section-end\"><\/span><\/h2>\n<p><img loading=\"lazy\" decoding=\"async\" class=\"alignnone size-full wp-image-9616\" src=\"https:\/\/bangvietbavicoboard.com\/wp-content\/uploads\/2024\/11\/2-loai-bang-khung-nau-va-den.png\" alt=\"bang-viet-phan-menu\" width=\"1800\" height=\"1200\" srcset=\"https:\/\/bangvietbavicoboard.com\/wp-content\/uploads\/2024\/11\/2-loai-bang-khung-nau-va-den.png 1800w, https:\/\/bangvietbavicoboard.com\/wp-content\/uploads\/2024\/11\/2-loai-bang-khung-nau-va-den-600x400.png 600w, https:\/\/bangvietbavicoboard.com\/wp-content\/uploads\/2024\/11\/2-loai-bang-khung-nau-va-den-1200x800.png 1200w, https:\/\/bangvietbavicoboard.com\/wp-content\/uploads\/2024\/11\/2-loai-bang-khung-nau-va-den-768x512.png 768w, https:\/\/bangvietbavicoboard.com\/wp-content\/uploads\/2024\/11\/2-loai-bang-khung-nau-va-den-1536x1024.png 1536w, https:\/\/bangvietbavicoboard.com\/wp-content\/uploads\/2024\/11\/2-loai-bang-khung-nau-va-den-18x12.png 18w, https:\/\/bangvietbavicoboard.com\/wp-content\/uploads\/2024\/11\/2-loai-bang-khung-nau-va-den-300x200.png 300w\" sizes=\"auto, (max-width: 1800px) 100vw, 1800px\" \/><\/p>\n<p>&nbsp;<\/p>\n<h2><span class=\"ez-toc-section\" id=\"Bang_viet_phan_menu_co_chan\"><\/span><strong>B\u1ea3ng <\/strong><strong>vi\u1ebft ph\u1ea5n menu c\u00f3 ch\u00e2n<\/strong><span class=\"ez-toc-section-end\"><\/span><\/h2>\n<p><img loading=\"lazy\" decoding=\"async\" class=\"alignnone size-full wp-image-9617\" src=\"https:\/\/bangvietbavicoboard.com\/wp-content\/uploads\/2024\/11\/bang_den_menu_cafe.png\" alt=\"\" width=\"1800\" height=\"1200\" srcset=\"https:\/\/bangvietbavicoboard.com\/wp-content\/uploads\/2024\/11\/bang_den_menu_cafe.png 1800w, https:\/\/bangvietbavicoboard.com\/wp-content\/uploads\/2024\/11\/bang_den_menu_cafe-600x400.png 600w, https:\/\/bangvietbavicoboard.com\/wp-content\/uploads\/2024\/11\/bang_den_menu_cafe-1200x800.png 1200w, https:\/\/bangvietbavicoboard.com\/wp-content\/uploads\/2024\/11\/bang_den_menu_cafe-768x512.png 768w, https:\/\/bangvietbavicoboard.com\/wp-content\/uploads\/2024\/11\/bang_den_menu_cafe-1536x1024.png 1536w, https:\/\/bangvietbavicoboard.com\/wp-content\/uploads\/2024\/11\/bang_den_menu_cafe-18x12.png 18w, https:\/\/bangvietbavicoboard.com\/wp-content\/uploads\/2024\/11\/bang_den_menu_cafe-300x200.png 300w\" sizes=\"auto, (max-width: 1800px) 100vw, 1800px\" \/><\/p>\n<div id=\"input_line_8\"><span id=\"input_part_0\" class=\"\" data-mention=\"- Khung ch\u00e2n: B\u1eb1ng s\u1eaft vu\u00f4ng 16 ch\u1ed1ng r\u1ec9, s\u01a1n t\u0129nh \u0111i\u1ec7n m\u00e0u \u0111en ch\u1ed1ng tr\u1ea7y v\u00e0 \u01b0u \u0111i\u1ec3m c\u1ee9ng c\u00e1p so v\u1edbi khung g\u1ed7 th\u00f4ng th\u01b0\u1eddng.\"><strong>Khung ch\u00e2n b\u1ea3ng menu 1 m\u1eb7t<\/strong>: B\u1eb1ng s\u1eaft vu\u00f4ng 16 ch\u1ed1ng r\u1ec9, s\u01a1n t\u0129nh \u0111i\u1ec7n m\u00e0u \u0111en ch\u1ed1ng tr\u1ea7y v\u00e0 \u01b0u \u0111i\u1ec3m c\u1ee9ng c\u00e1p so v\u1edbi khung g\u1ed7 th\u00f4ng th\u01b0\u1eddng.<\/span><\/div>\n<div id=\"input_line_10\"><span id=\"input_part_0\" class=\"\" data-mention=\"+ Chi\u1ec1u cao khung ch\u00e2n: 100 cm.\">+ Chi\u1ec1u cao khung ch\u00e2n: 100 cm.<\/span><\/div>\n<div id=\"input_line_12\"><span id=\"input_part_0\" class=\"\" data-mention=\"+ Ch\u00e2n b\u1ea3ng \u0111\u01b0\u1ee3c m\u1edf r\u1ed9ng ra v\u00e0 x\u1ebfp g\u1ecdn b\u1eb1ng tay ch\u1ed1ng.\">+ Ch\u00e2n b\u1ea3ng \u0111\u01b0\u1ee3c m\u1edf r\u1ed9ng ra v\u00e0 x\u1ebfp g\u1ecdn b\u1eb1ng tay ch\u1ed1ng.<\/span><\/div>\n<div id=\"input_line_14\"><span id=\"input_part_0\" class=\"\" data-mention=\"+ Kho\u1ea3ng c\u00e1ch gi\u1eefa 2 ch\u00e2n khi \u0111\u01b0\u1ee3c m\u1edf r\u1ed9ng l\u00e0:34 cm.\">+ Kho\u1ea3ng c\u00e1ch gi\u1eefa 2 ch\u00e2n khi \u0111\u01b0\u1ee3c m\u1edf r\u1ed9ng l\u00e0: 34 cm.<\/span><\/div>\n<div id=\"input_line_16\"><span id=\"input_part_0\" class=\"\" data-mention=\"+ Kho\u1ea3ng c\u00e1ch t\u1eeb \u0111\u1ea5t l\u00ean m\u00e9p tr\u00ean b\u1ea3ng l\u00e0: 112 cm.\">+ Kho\u1ea3ng c\u00e1ch t\u1eeb \u0111\u1ea5t l\u00ean m\u00e9p tr\u00ean b\u1ea3ng l\u00e0: 112 cm.<\/span><\/div>\n<div id=\"input_line_18\"><span id=\"input_part_0\" class=\"\" data-mention=\"+ Kho\u1ea3ng c\u00e1ch t\u1eeb \u0111\u1ea5t l\u00ean m\u00e9p d\u01b0\u1edbi b\u1ea3ng l\u00e0: 33 cm\">+ Kho\u1ea3ng c\u00e1ch t\u1eeb \u0111\u1ea5t l\u00ean m\u00e9p d\u01b0\u1edbi b\u1ea3ng l\u00e0: 33 cm<\/span><\/div>\n<p>&nbsp;<\/p>\n<p><img loading=\"lazy\" decoding=\"async\" class=\"alignnone size-full wp-image-9618\" src=\"https:\/\/bangvietbavicoboard.com\/wp-content\/uploads\/2024\/11\/bang_menu_co_chan_-1200x800-1.png\" alt=\"\" width=\"1200\" height=\"800\" srcset=\"https:\/\/bangvietbavicoboard.com\/wp-content\/uploads\/2024\/11\/bang_menu_co_chan_-1200x800-1.png 1200w, https:\/\/bangvietbavicoboard.com\/wp-content\/uploads\/2024\/11\/bang_menu_co_chan_-1200x800-1-600x400.png 600w, https:\/\/bangvietbavicoboard.com\/wp-content\/uploads\/2024\/11\/bang_menu_co_chan_-1200x800-1-768x512.png 768w, https:\/\/bangvietbavicoboard.com\/wp-content\/uploads\/2024\/11\/bang_menu_co_chan_-1200x800-1-18x12.png 18w, https:\/\/bangvietbavicoboard.com\/wp-content\/uploads\/2024\/11\/bang_menu_co_chan_-1200x800-1-300x200.png 300w\" sizes=\"auto, (max-width: 1200px) 100vw, 1200px\" \/><\/p>\n<p><strong> Khung<\/strong><strong> ch\u00e2n b\u1ea3ng menu 2 m\u1eb7t<\/strong><strong>:<\/strong>\u00a0B\u1eb1ng s\u1eaft vu\u00f4ng 16 ch\u1ed1ng r\u1ec9, s\u01a1n t\u0129nh \u0111i\u1ec7n m\u00e0u \u0111en ch\u1ed1ng tr\u1ea7y v\u00e0 \u01b0u \u0111i\u1ec3m c\u1ee9ng c\u00e1p so v\u1edbi khung g\u1ed7 th\u00f4ng th\u01b0\u1eddng.<\/p>\n<p>+ Chi\u1ec1u cao khung ch\u00e2n: 100 cm.<\/p>\n<p>+ Ch\u00e2n b\u1ea3ng \u0111\u01b0\u1ee3c m\u1edf r\u1ed9ng ra v\u00e0 x\u1ebfp g\u1ecdn b\u1eb1ng tay ch\u1ed1ng.<\/p>\n<p>+ Kho\u1ea3ng c\u00e1ch gi\u1eefa 2 ch\u00e2n khi \u0111\u01b0\u1ee3c m\u1edf r\u1ed9ng l\u00e0:34 cm.<\/p>\n<p>+ Kho\u1ea3ng c\u00e1ch t\u1eeb \u0111\u1ea5t l\u00ean m\u00e9p tr\u00ean b\u1ea3ng l\u00e0: 112 cm.<\/p>\n<p>+ Kho\u1ea3ng c\u00e1ch t\u1eeb \u0111\u1ea5t l\u00ean m\u00e9p d\u01b0\u1edbi b\u1ea3ng l\u00e0: 33 cm<\/p>\n<p><strong>S\u1ea3n ph\u1ea9m tinh t\u1ebf \u2013 ch\u1ea5t l\u01b0\u1ee3ng \u2013 gi\u00e1 r\u1ebb<\/strong><\/p>\n<p><strong>\u0110\u01b0\u1ee3c s\u1eed d\u1ee5ng cho nh\u00e0 h\u00e0ng, qu\u00e1n c\u00e0 ph\u00ea, qu\u00e1n \u0103n vi\u1ebft ph\u1ea5n hay b\u00fat d\u1ea1 r\u1ea5t \u0111\u1eb9p v\u00e0 n\u1ed5i b\u1eadt!<\/strong><\/p>\n<h1><span class=\"ez-toc-section\" id=\"Luu_y_khi_su_dung_bang_viet_phan_menu\"><\/span><strong>L\u01b0u \u00fd khi s\u1eed d\u1ee5ng b\u1ea3ng vi\u1ebft ph\u1ea5n menu<\/strong><span class=\"ez-toc-section-end\"><\/span><\/h1>\n<p><strong>B\u1ea3o qu\u1ea3n \u0111\u00fang c\u00e1ch<\/strong>: Tr\u00e1nh \u0111\u1ec3 b\u1ea3ng \u1edf n\u01a1i \u1ea9m \u01b0\u1edbt ho\u1eb7c ti\u1ebfp x\u00fac tr\u1ef1c ti\u1ebfp v\u1edbi \u00e1nh n\u1eafng m\u1eb7t tr\u1eddi \u0111\u1ec3 b\u1ea3o v\u1ec7 ch\u1ea5t li\u1ec7u v\u00e0 m\u00e0u s\u1eafc.<\/p>\n<p><strong>Th\u01b0\u1eddng xuy\u00ean c\u1eadp nh\u1eadt n\u1ed9i dung<\/strong>: \u0110\u1ec3 gi\u1eef cho b\u1ea3ng lu\u00f4n m\u1edbi m\u1ebb v\u00e0 h\u1ea5p d\u1eabn, h\u00e3y th\u01b0\u1eddng xuy\u00ean thay \u0111\u1ed5i n\u1ed9i dung v\u00e0 h\u00ecnh \u1ea3nh tr\u00ean b\u1ea3ng.<\/p>\n<p><strong>V\u1ec7 sinh \u0111\u1ecbnh k\u1ef3<\/strong>: Lau ch\u00f9i b\u1ea3ng th\u01b0\u1eddng xuy\u00ean \u0111\u1ec3 gi\u1eef cho b\u1ec1 m\u1eb7t lu\u00f4n s\u1ea1ch s\u1ebd v\u00e0 d\u1ec5 nh\u00ecn, t\u1ea1o \u1ea5n t\u01b0\u1ee3ng t\u1ed1t v\u1edbi kh\u00e1ch h\u00e0ng.<\/p>\n<p><strong>\u0110\u1eb7t \u1edf v\u1ecb tr\u00ed d\u1ec5 th\u1ea5y<\/strong>: \u0110\u1ea3m b\u1ea3o b\u1ea3ng Menu \u0111\u01b0\u1ee3c \u0111\u1eb7t \u1edf v\u1ecb tr\u00ed d\u1ec5 nh\u00ecn th\u1ea5y v\u00e0 ti\u1ebfp c\u1eadn \u0111\u1ec3 thu h\u00fat s\u1ef1 ch\u00fa \u00fd c\u1ee7a kh\u00e1ch h\u00e0ng ngay khi h\u1ecd b\u01b0\u1edbc v\u00e0o qu\u00e1n.<\/p>\n<p><strong>B\u1ea3ng Menu <\/strong>kh\u00f4ng ch\u1ec9 l\u00e0 m\u1ed9t c\u00f4ng c\u1ee5 h\u1eefu \u00edch trong vi\u1ec7c truy\u1ec1n t\u1ea3i th\u00f4ng tin m\u00e0 c\u00f2n l\u00e0 m\u1ed9t ph\u1ea7n quan tr\u1ecdng trong vi\u1ec7c t\u1ea1o d\u1ef1ng th\u01b0\u01a1ng hi\u1ec7u v\u00e0 phong c\u00e1ch ri\u00eang cho qu\u00e1n c\u1ee7a b\u1ea1n. H\u00e3y \u0111\u1ea7u t\u01b0 v\u00e0o s\u1ea3n ph\u1ea9m n\u00e0y \u0111\u1ec3 n\u00e2ng cao tr\u1ea3i nghi\u1ec7m c\u1ee7a kh\u00e1ch h\u00e0ng v\u00e0 th\u00fac \u0111\u1ea9y doanh thu cho qu\u00e1n c\u1ee7a b\u1ea1n.<\/p>\n<p>&nbsp;<\/p>\n<h1><span class=\"ez-toc-section\" id=\"Bao_hanh\"><\/span><strong>B\u1ea3o h\u00e0nh<\/strong><span class=\"ez-toc-section-end\"><\/span><\/h1>\n<p><span style=\"font-family: arial, helvetica, sans-serif;\">Qu\u00fd kh\u00e1ch h\u00e0ng gi\u1eef l\u1ea1i Gi\u1ea5y giao h\u00e0ng v\u00e0 g\u1ecdi Hotline: <span style=\"color: #0000ff;\"><strong>0938 623 068<\/strong><\/span> ho\u1eb7c kinh doanh tr\u00ean gi\u1ea5y giao h\u00e0ng\/ website n\u00e0y \u0111\u1ec3 \u0111\u01b0\u1ee3c h\u1ed7 tr\u1ee3!<\/span><\/p>\n<p><img decoding=\"async\" src=\"https:\/\/bangvietbavico.edu.vn\/wp-content\/uploads\/2024\/10\/XE-TAI.png\" \/><\/p>\n<h1><\/h1>\n<h1><span class=\"ez-toc-section\" id=\"Li_do_nen_mua_san_pham_cua_Bang_viet_Bavico\"><\/span><em><span style=\"color: #993300;\"><strong>L\u00ed do n\u00ean mua s\u1ea3n ph\u1ea9m c\u1ee7a B\u1ea3ng vi\u1ebft Bavico<\/strong><\/span><\/em><span class=\"ez-toc-section-end\"><\/span><\/h1>\n<ul>\n<li><span style=\"color: #000080;\"><em><span style=\"font-family: arial, helvetica, sans-serif;\">B\u1ea3ng vi\u1ebft BAVICO l\u00e0 th\u01b0\u01a1ng hi\u1ec7u uy t\u00edn trong l\u0129nh v\u1ef1c s\u1ea3n xu\u1ea5t b\u1ea3ng v\u1edbi h\u01a1n 22 n\u0103m kinh nghi\u1ec7m<\/span><\/em><\/span><\/li>\n<li><span style=\"color: #000080;\"><em><span style=\"font-family: arial, helvetica, sans-serif;\">Doanh nghi\u1ec7p \u0111\u1ea7u ti\u00ean trong ng\u00e0nh \u0111\u01b0a b\u1ea3ng t\u1eeb v\u1ec1 Vi\u1ec7t Nam v\u00e0 t\u01b0 v\u1ea5n thay th\u1ebf b\u1ea3ng t\u1eeb trong tr\u01b0\u1eddng h\u1ecdc cho B\u1ed9 Gi\u00e1o d\u1ee5c v\u00e0 \u0110\u00e0o t\u1ea1o.<\/span><\/em><\/span><\/li>\n<li><span style=\"color: #000080;\"><em><span style=\"font-family: arial, helvetica, sans-serif;\">C\u00f3 ch\u1ee9ng nh\u1eadn nh\u1eadp kh\u1ea9u h\u00e0ng h\u00f3a theo \u0111\u00fang quy \u0111\u1ecbnh (CO \u2013 CQ).<\/span><\/em><\/span><\/li>\n<li><span style=\"color: #000080;\"><em><span style=\"font-family: arial, helvetica, sans-serif;\">\u0110\u1ed1i t\u00e1c ngu\u1ed3n nguy\u00ean li\u1ec7u ch\u00ednh (m\u1eb7t b\u1ea3ng) uy t\u00edn tr\u00ean to\u00e0n c\u1ea7u: Polyvison cho b\u1ec1 m\u1eb7t Ceramic v\u00e0 Dongshin cho b\u1ec1 m\u1eb7t th\u00e9p ph\u1ee7 s\u01a1n.<\/span><\/em><\/span><\/li>\n<li><span style=\"color: #000080;\"><em><span style=\"font-family: arial, helvetica, sans-serif;\">BAVICO t\u1ef1 h\u00e0o C\u00f4ng ty s\u1ea3n xu\u1ea5t v\u00e0 c\u1ea5p cung s\u1ea3n ph\u1ea9m tr\u1ef1c ti\u1ebfp\u00a0 \u2013 \u0110\u1ea3m b\u1ea3o s\u1ea3n ph\u1ea9m ch\u00ednh h\u00e3ng 100%.<\/span><\/em><\/span><\/li>\n<li><span style=\"color: #000080;\"><em><span style=\"font-family: arial, helvetica, sans-serif;\">B\u1ea3ng vi\u1ebft BAVICO \u0111\u00e3 ph\u1ee5c v\u1ee5 r\u1ea5t nhi\u1ec1u kh\u00e1ch h\u00e0ng l\u1edbn nh\u01b0: T\u1eadp \u0111o\u00e0n Samsung, Viettel, C\u00e1c Tr\u01b0\u1eddng Qu\u1ed1c T\u1ebf \u00c1 Ch\u00e2u, M\u1ef9, Ph\u00e1p, Nh\u1eadt,\u2026<\/span><\/em><\/span><\/li>\n<li><span style=\"color: #000080;\"><em><span style=\"font-family: arial, helvetica, sans-serif;\">S\u1ea3n ph\u1ea9m \u0111a d\u1ea1ng v\u1edbi nhi\u1ec1u s\u1ef1 l\u1ef1a ch\u1ecdn, thi\u1ebft k\u1ebf v\u00e0 s\u1ea3n xu\u1ea5t theo y\u00eau c\u1ea7u kh\u00e1ch h\u00e0ng.<\/span><\/em><\/span><\/li>\n<li><span style=\"color: #000080;\"><em><span style=\"font-family: arial, helvetica, sans-serif;\">Ch\u00ednh s\u00e1ch b\u1ea3o h\u00e0nh t\u1eeb 12 th\u00e1ng \u2013 36 th\u00e1ng gi\u00fap kh\u00e1ch h\u00e0ng y\u00ean t\u00e2m khi mua h\u00e0ng.<\/span><\/em><\/span><\/li>\n<\/ul>\n<h2><span class=\"ez-toc-section\" id=\"CONG_TY_TNHH_THIET_BI_GIAO_DUC_BAVICO\"><\/span><a href=\"https:\/\/bangvietbavicoboard.com\/en\/\"><strong>EQUIPMENT CO., EDUCATION BAVICO<\/strong><\/a><span class=\"ez-toc-section-end\"><\/span><\/h2>\n<p><a href=\"https:\/\/www.google.com\/maps\/place\/C%C3%B4ng+Ty+TNHH+Thi%E1%BA%BFt+B%E1%BB%8B+Gi%C3%A1o+D%E1%BB%A5c+BAVICO\/@10.8422711,106.6244102,17z\/data=!3m1!4b1!4m5!3m4!1s0x31752a2a33796a47:0x1e4c184654bd6967!8m2!3d10.8422658!4d106.6265989?hl=vi-VN\" target=\"_blank\" rel=\"noopener\"><strong>Tr\u1ee5 s\u1edf ch\u00ednh: S\u1ed1 26 \u2013 28 \u0110\u01b0\u1eddng DD11 Khu bi\u1ec7t th\u1ef1 An S\u01b0\u01a1ng, Ph\u01b0\u1eddng T\u00e2n H\u01b0ng Thu\u1eadn, Qu\u1eadn 12, Th\u00e0nh ph\u1ed1 H\u1ed3 Ch\u00ed Minh, Vi\u1ec7t Nam.<\/strong><\/a><\/p>\n<p><a href=\"https:\/\/www.google.com\/maps\/place\/NH%C3%80+M%C3%81Y+B%E1%BA%A2NG+VI%E1%BA%BET+BAVICO\/data=!4m2!3m1!1s0x3174d54b4766c1e1:0x5e7544f8d3754cf8?hl=vi&amp;trk=https%3A%2F%2Fnotifications.google.com%2Fg%2Fp%2FANiao5qxS1Nm-jYR1J2xq7eGKk7sVofQFkONHZn7ZY1zjo26fUdiIedC5c2mAakkpMKjxMsTnB9fPMAbD18GWiRfE5-oXEHRGqQhobyjs_Hj9u2xUtrFgqGeo2BwkZvvFFFONLfFq-_lNqqzAQIbZ-Py-_UWpcdoJrNPOobHtX1hJYMPfYf7R5DJXHySX2mo-h0Loz8brWxA1Hr1nhML\" target=\"_blank\" rel=\"noopener\"><strong>Nh\u00e0 m\u00e1y s\u1ea3n xu\u1ea5t: S\u1ed1 7\/7 \u0111\u01b0\u1eddng s\u1ed1 65, H\u1ed3 V\u0103n T\u1eafng, \u1ea4p X\u00f3m \u0110\u1ed3ng, X\u00e3 T\u00e2n Ph\u00fa Trung, Huy\u1ec7n C\u1ee7 Chi, Th\u00e0nh Ph\u1ed1 H\u1ed3 Ch\u00ed Minh, Vi\u1ec7t Nam.<\/strong><\/a><\/p>\n<p><strong>MST: 0303030028 \u2013 Ng\u00e0y th\u00e0nh l\u1eadp c\u00f4ng ty: 01\/09\/2003<\/strong><\/p>\n<div data-original-attrs=\"{&quot;style&quot;:&quot;&quot;}\">\u0110\u1ec3 bi\u1ebft th\u00eam chi ti\u1ebft xin vui l\u00f2ng li\u00ean h\u1ec7:<\/div>\n<div>TEL:\u00a0<span data-keep-original-tag=\"false\" data-original-attrs=\"{&quot;style&quot;:&quot;&quot;}\">0938 623 068 (Viber\/Zalo)<\/span><\/div>\n<div>Email:\u00a0<span data-keep-original-tag=\"false\" data-original-attrs=\"{&quot;style&quot;:&quot;&quot;}\">csns01@bangvietbavico.vn<\/span><\/div>\n<h2><span class=\"ez-toc-section\" id=\"%3E%3E%3E_Moi_Quy_khach_hang_click_tham_khao_cac_loai_Bang_menu_khac\"><\/span><span style=\"font-family: arial, helvetica, sans-serif; color: #800080;\"><a style=\"color: #800080;\" href=\"https:\/\/bangvietbavicoboard.com\/en\/product-category\/bang-menu\/\"><em>&gt;&gt;&gt; M\u1eddi Qu\u00fd kh\u00e1ch h\u00e0ng click tham kh\u1ea3o c\u00e1c lo\u1ea1i B\u1ea3ng menu kh\u00e1c<\/em><\/a><\/span><span class=\"ez-toc-section-end\"><\/span><\/h2>\n<p>&nbsp;<\/p>\n<p>&nbsp;<\/p>\n<p>&nbsp;<\/p>","protected":false},"excerpt":{"rendered":"<p><strong>B\u1ea3ng menu qu\u00e1n \u0103n<\/strong>\u00a0kh\u00f4ng ch\u1ec9 \u0111\u01a1n thu\u1ea7n l\u00e0 m\u1ed9t danh s\u00e1ch m\u00f3n \u0103n, n\u00f3 ch\u00ednh l\u00e0 c\u00e1nh c\u1eeda d\u1eabn l\u1ed1i cho nh\u1eefng tr\u1ea3i nghi\u1ec7m \u1ea9m th\u1ef1c \u0111\u1ed9c \u0111\u00e1o, n\u01a1i m\u00e0 m\u1ed7i m\u00f3n \u0103n \u0111\u1ec1u k\u1ec3 m\u1ed9t c\u00e2u chuy\u1ec7n ri\u00eang v\u00e0 chinh ph\u1ee5c tr\u00e1i tim c\u1ee7a th\u1ef1c kh\u00e1ch.<\/p>\n<p>Gi\u00e1 \u00e1p d\u1ee5ng t\u1ea1i H\u00f3c M\u00f4n, C\u1ee7 Chi v\u00e0 khu v\u1ef1c n\u1ed9i th\u00e0nh TPHCM.<\/p>\n<p>&nbsp;<\/p>","protected":false},"featured_media":10728,"comment_status":"open","ping_status":"closed","template":"","meta":{"_acf_changed":false},"product_brand":[],"product_cat":[553],"product_tag":[],"class_list":{"0":"post-10726","1":"product","2":"type-product","3":"status-publish","4":"has-post-thumbnail","6":"product_cat-bang-menu","8":"first","9":"instock","10":"shipping-taxable","11":"purchasable","12":"product-type-variable"},"acf":[],"_links":{"self":[{"href":"https:\/\/bangvietbavicoboard.com\/en\/wp-json\/wp\/v2\/product\/10726","targetHints":{"allow":["GET"]}}],"collection":[{"href":"https:\/\/bangvietbavicoboard.com\/en\/wp-json\/wp\/v2\/product"}],"about":[{"href":"https:\/\/bangvietbavicoboard.com\/en\/wp-json\/wp\/v2\/types\/product"}],"replies":[{"embeddable":true,"href":"https:\/\/bangvietbavicoboard.com\/en\/wp-json\/wp\/v2\/comments?post=10726"}],"wp:featuredmedia":[{"embeddable":true,"href":"https:\/\/bangvietbavicoboard.com\/en\/wp-json\/wp\/v2\/media\/10728"}],"wp:attachment":[{"href":"https:\/\/bangvietbavicoboard.com\/en\/wp-json\/wp\/v2\/media?parent=10726"}],"wp:term":[{"taxonomy":"product_brand","embeddable":true,"href":"https:\/\/bangvietbavicoboard.com\/en\/wp-json\/wp\/v2\/product_brand?post=10726"},{"taxonomy":"product_cat","embeddable":true,"href":"https:\/\/bangvietbavicoboard.com\/en\/wp-json\/wp\/v2\/product_cat?post=10726"},{"taxonomy":"product_tag","embeddable":true,"href":"https:\/\/bangvietbavicoboard.com\/en\/wp-json\/wp\/v2\/product_tag?post=10726"}],"curies":[{"name":"wp","href":"https:\/\/api.w.org\/{rel}","templated":true}]}}