{"id":10694,"date":"2025-01-13T06:05:53","date_gmt":"2025-01-13T06:05:53","guid":{"rendered":"https:\/\/bangvietbavicoboard.com\/?post_type=product&#038;p=10694"},"modified":"2025-03-01T08:57:01","modified_gmt":"2025-03-01T08:57:01","slug":"bang-den-menu-viet-phan-treo-tuong","status":"publish","type":"product","link":"https:\/\/bangvietbavicoboard.com\/en\/product\/bang-den-menu-viet-phan-treo-tuong\/","title":{"rendered":"B\u1ea3ng \u0111en menu vi\u1ebft ph\u1ea5n treo t\u01b0\u1eddng"},"content":{"rendered":"<p><strong>B\u1ea3ng \u0111en menu vi\u1ebft ph\u1ea5n treo t\u01b0\u1eddng<\/strong>\u00a0l\u00e0 l\u1ef1a ch\u1ecdn ho\u00e0n h\u1ea3o cho c\u00e1c qu\u00e1n c\u00e0 ph\u00ea mu\u1ed1n mang \u0111\u1ebfn s\u1ef1 sang tr\u1ecdng, tinh t\u1ebf v\u00e0 thu h\u00fat kh\u00e1ch h\u00e0ng. V\u1edbi thi\u1ebft k\u1ebf \u0111\u01a1n gi\u1ea3n nh\u01b0ng \u0111\u1ed9c \u0111\u00e1o, b\u1ea3ng g\u1ed7 menu cafe kh\u00f4ng ch\u1ec9 gi\u00fap hi\u1ec3n th\u1ecb th\u00f4ng tin m\u00f3n \u0103n, th\u1ee9c u\u1ed1ng m\u00e0 c\u00f2n g\u00f3p ph\u1ea7n t\u1ea1o \u0111i\u1ec3m nh\u1ea5n cho kh\u00f4ng gian qu\u00e1n.<\/p>\n<p><img loading=\"lazy\" decoding=\"async\" class=\"alignnone size-full wp-image-9622\" src=\"https:\/\/bangvietbavicoboard.com\/wp-content\/uploads\/2024\/11\/bang-menu-treo-tuong-1200x800-3.png\" alt=\"bang-viet-phan-menu\" width=\"1200\" height=\"800\" srcset=\"https:\/\/bangvietbavicoboard.com\/wp-content\/uploads\/2024\/11\/bang-menu-treo-tuong-1200x800-3.png 1200w, https:\/\/bangvietbavicoboard.com\/wp-content\/uploads\/2024\/11\/bang-menu-treo-tuong-1200x800-3-600x400.png 600w, https:\/\/bangvietbavicoboard.com\/wp-content\/uploads\/2024\/11\/bang-menu-treo-tuong-1200x800-3-768x512.png 768w, https:\/\/bangvietbavicoboard.com\/wp-content\/uploads\/2024\/11\/bang-menu-treo-tuong-1200x800-3-18x12.png 18w, https:\/\/bangvietbavicoboard.com\/wp-content\/uploads\/2024\/11\/bang-menu-treo-tuong-1200x800-3-300x200.png 300w\" sizes=\"auto, (max-width: 1200px) 100vw, 1200px\" \/><\/p>\n<ul>\n<li data-sourcepos=\"25:1-25:47\">M\u1eb7t b<strong>\u1ea3ng \u0111en menu vi\u1ebft ph\u1ea5n treo t\u01b0\u1eddng<\/strong>\u00a0\u0111\u01b0\u1ee3c thi\u1ebft k\u1ebf v\u1edbi m\u1ed9t ho\u1eb7c hai m\u1eb7t, cho ph\u00e9p b\u1ea1n linh ho\u1ea1t trong vi\u1ec7c tr\u00ecnh b\u00e0y th\u00f4ng tin. M\u1ed9t m\u1eb7t c\u00f3 b\u1ec1 m\u1eb7t vi\u1ebft ph\u1ea5n m\u00e0u \u0111en phong c\u00e1ch, m\u1eb7t c\u00f2n l\u1ea1i c\u00f3 th\u1ec3 s\u1eed d\u1ee5ng b\u00fat l\u00f4ng ho\u1eb7c vi\u1ebft ph\u1ea5n (t\u00f9y y\u00eau c\u1ea7u c\u1ee7a kh\u00e1ch h\u00e0ng) b\u1eb1ng polyester nh\u1eadp kh\u1ea9u t\u1eeb \u0110\u00e0i Loan. \u0110i\u1ec1u n\u00e0y kh\u00f4ng ch\u1ec9 gi\u00fap vi\u1ec7c vi\u1ebft tr\u1edf n\u00ean \u00eam \u00e1i, d\u1ec5 d\u00e0ng lau ch\u00f9i m\u00e0 c\u00f2n \u0111\u1ea3m b\u1ea3o kh\u00f4ng \u0111\u1ec3 l\u1ea1i d\u1ea5u v\u1ebft, ch\u1ed1ng m\u00e0i m\u00f2n hi\u1ec7u qu\u1ea3.<\/li>\n<li>T\u1ea5m l\u00f3t b\u1ea3ng \u0111\u01b0\u1ee3c l\u00e0m t\u1eeb v\u00e1n MDF 4ly c\u1ee7a Th\u00e1i Lan, v\u1edbi m\u1eb7t sau \u0111\u01b0\u1ee3c \u00e9p gi\u1ea5y v\u00e2n g\u1ed7 ch\u1ed1ng \u1ea9m, gi\u00fap b\u1ea3ng lu\u00f4n gi\u1eef \u0111\u01b0\u1ee3c h\u00ecnh d\u00e1ng v\u00e0 \u0111\u1ed9 b\u1ec1n.<\/li>\n<li>Khung b\u1ea3ng \u0111\u01b0\u1ee3c ch\u1ebf t\u1ea1o t\u1eeb g\u1ed7 c\u00f4ng nghi\u1ec7p cao c\u1ea5p, c\u00f3 kh\u1ea3 n\u0103ng ch\u1ed1ng th\u1ea5m n\u01b0\u1edbc v\u00e0 cong v\u00eanh, v\u1edbi nhi\u1ec1u m\u00e0u s\u1eafc nh\u01b0 \u0111en, tr\u1eafng ho\u1eb7c m\u00e0u g\u1ed7 \u0111\u1ec3 b\u1ea1n l\u1ef1a ch\u1ecdn theo phong c\u00e1ch c\u1ee7a qu\u00e1n.<\/li>\n<\/ul>\n<p>&gt;&gt;\u00a0<a href=\"https:\/\/www.youtube.com\/watch?v=5SNAYp84VeI\" target=\"_blank\" rel=\"noopener\"><em>Xem video m\u1eb7t B\u1ea3ng ghi menu t\u1ea1i BAVICO<\/em><\/a><\/p>\n<h2><span class=\"ez-toc-section\" id=\"Bang_den_menu_treo_tuong\"><\/span><strong>Blackboard<\/strong><strong>\u00a0menu treo t\u01b0\u1eddng<\/strong><span class=\"ez-toc-section-end\"><\/span><\/h2>\n<p><img loading=\"lazy\" decoding=\"async\" class=\"alignnone size-full wp-image-9616\" src=\"https:\/\/bangvietbavicoboard.com\/wp-content\/uploads\/2024\/11\/2-loai-bang-khung-nau-va-den.png\" alt=\"bang-viet-phan-menu\" width=\"1800\" height=\"1200\" srcset=\"https:\/\/bangvietbavicoboard.com\/wp-content\/uploads\/2024\/11\/2-loai-bang-khung-nau-va-den.png 1800w, https:\/\/bangvietbavicoboard.com\/wp-content\/uploads\/2024\/11\/2-loai-bang-khung-nau-va-den-600x400.png 600w, https:\/\/bangvietbavicoboard.com\/wp-content\/uploads\/2024\/11\/2-loai-bang-khung-nau-va-den-1200x800.png 1200w, https:\/\/bangvietbavicoboard.com\/wp-content\/uploads\/2024\/11\/2-loai-bang-khung-nau-va-den-768x512.png 768w, https:\/\/bangvietbavicoboard.com\/wp-content\/uploads\/2024\/11\/2-loai-bang-khung-nau-va-den-1536x1024.png 1536w, https:\/\/bangvietbavicoboard.com\/wp-content\/uploads\/2024\/11\/2-loai-bang-khung-nau-va-den-18x12.png 18w, https:\/\/bangvietbavicoboard.com\/wp-content\/uploads\/2024\/11\/2-loai-bang-khung-nau-va-den-300x200.png 300w\" sizes=\"auto, (max-width: 1800px) 100vw, 1800px\" \/><\/p>\n<p>&nbsp;<\/p>\n<h1><span class=\"ez-toc-section\" id=\"Luu_y_khi_su_dung_bang_viet_phan_menu\"><\/span><strong>L\u01b0u \u00fd khi s\u1eed d\u1ee5ng b\u1ea3ng vi\u1ebft ph\u1ea5n menu<\/strong><span class=\"ez-toc-section-end\"><\/span><\/h1>\n<p><strong>B\u1ea3o qu\u1ea3n \u0111\u00fang c\u00e1ch<\/strong>: Tr\u00e1nh \u0111\u1ec3 b\u1ea3ng \u1edf n\u01a1i \u1ea9m \u01b0\u1edbt ho\u1eb7c ti\u1ebfp x\u00fac tr\u1ef1c ti\u1ebfp v\u1edbi \u00e1nh n\u1eafng m\u1eb7t tr\u1eddi \u0111\u1ec3 b\u1ea3o v\u1ec7 ch\u1ea5t li\u1ec7u v\u00e0 m\u00e0u s\u1eafc.<\/p>\n<p><strong>Th\u01b0\u1eddng xuy\u00ean c\u1eadp nh\u1eadt n\u1ed9i dung<\/strong>: \u0110\u1ec3 gi\u1eef cho b\u1ea3ng lu\u00f4n m\u1edbi m\u1ebb v\u00e0 h\u1ea5p d\u1eabn, h\u00e3y th\u01b0\u1eddng xuy\u00ean thay \u0111\u1ed5i n\u1ed9i dung v\u00e0 h\u00ecnh \u1ea3nh tr\u00ean b\u1ea3ng.<\/p>\n<p><strong>V\u1ec7 sinh \u0111\u1ecbnh k\u1ef3<\/strong>: Lau ch\u00f9i b\u1ea3ng th\u01b0\u1eddng xuy\u00ean \u0111\u1ec3 gi\u1eef cho b\u1ec1 m\u1eb7t lu\u00f4n s\u1ea1ch s\u1ebd v\u00e0 d\u1ec5 nh\u00ecn, t\u1ea1o \u1ea5n t\u01b0\u1ee3ng t\u1ed1t v\u1edbi kh\u00e1ch h\u00e0ng.<\/p>\n<p><strong>\u0110\u1eb7t \u1edf v\u1ecb tr\u00ed d\u1ec5 th\u1ea5y<\/strong>: \u0110\u1ea3m b\u1ea3o b\u1ea3ng Menu \u0111\u01b0\u1ee3c \u0111\u1eb7t \u1edf v\u1ecb tr\u00ed d\u1ec5 nh\u00ecn th\u1ea5y v\u00e0 ti\u1ebfp c\u1eadn \u0111\u1ec3 thu h\u00fat s\u1ef1 ch\u00fa \u00fd c\u1ee7a kh\u00e1ch h\u00e0ng ngay khi h\u1ecd b\u01b0\u1edbc v\u00e0o qu\u00e1n.<\/p>\n<p><strong>B\u1ea3ng Menu \u0111\u1ee9ng\u00a0<\/strong>kh\u00f4ng ch\u1ec9 l\u00e0 m\u1ed9t c\u00f4ng c\u1ee5 h\u1eefu \u00edch trong vi\u1ec7c truy\u1ec1n t\u1ea3i th\u00f4ng tin m\u00e0 c\u00f2n l\u00e0 m\u1ed9t ph\u1ea7n quan tr\u1ecdng trong vi\u1ec7c t\u1ea1o d\u1ef1ng th\u01b0\u01a1ng hi\u1ec7u v\u00e0 phong c\u00e1ch ri\u00eang cho qu\u00e1n c\u1ee7a b\u1ea1n. H\u00e3y \u0111\u1ea7u t\u01b0 v\u00e0o s\u1ea3n ph\u1ea9m n\u00e0y \u0111\u1ec3 n\u00e2ng cao tr\u1ea3i nghi\u1ec7m c\u1ee7a kh\u00e1ch h\u00e0ng v\u00e0 th\u00fac \u0111\u1ea9y doanh thu cho qu\u00e1n c\u1ee7a b\u1ea1n.<\/p>\n<h1><span class=\"ez-toc-section\" id=\"Bao_hanh\"><\/span><strong>B\u1ea3o h\u00e0nh<\/strong><span class=\"ez-toc-section-end\"><\/span><\/h1>\n<p><span style=\"font-family: arial, helvetica, sans-serif;\">Qu\u00fd kh\u00e1ch h\u00e0ng gi\u1eef l\u1ea1i Gi\u1ea5y giao h\u00e0ng v\u00e0 g\u1ecdi Hotline: <span style=\"color: #0000ff;\"><strong>0938 623 068<\/strong><\/span> ho\u1eb7c kinh doanh tr\u00ean gi\u1ea5y giao h\u00e0ng\/ website n\u00e0y \u0111\u1ec3 \u0111\u01b0\u1ee3c h\u1ed7 tr\u1ee3!<\/span><\/p>\n<p><img decoding=\"async\" src=\"https:\/\/bangvietbavico.edu.vn\/wp-content\/uploads\/2024\/10\/XE-TAI.png\" \/><\/p>\n<h1><span class=\"ez-toc-section\" id=\"Li_do_nen_mua_san_pham_cua_Bang_viet_Bavico\"><\/span><strong>L\u00ed do n\u00ean mua s\u1ea3n ph\u1ea9m c\u1ee7a B\u1ea3ng vi\u1ebft Bavico<\/strong><span class=\"ez-toc-section-end\"><\/span><\/h1>\n<ul>\n<li><span style=\"font-family: arial, helvetica, sans-serif;\">B\u1ea3ng vi\u1ebft BAVICO l\u00e0 th\u01b0\u01a1ng hi\u1ec7u uy t\u00edn trong l\u0129nh v\u1ef1c s\u1ea3n xu\u1ea5t b\u1ea3ng v\u1edbi h\u01a1n 22 n\u0103m kinh nghi\u1ec7m<\/span><\/li>\n<li><span style=\"font-family: arial, helvetica, sans-serif;\">Doanh nghi\u1ec7p \u0111\u1ea7u ti\u00ean trong ng\u00e0nh \u0111\u01b0a b\u1ea3ng t\u1eeb v\u1ec1 Vi\u1ec7t Nam v\u00e0 t\u01b0 v\u1ea5n thay th\u1ebf b\u1ea3ng t\u1eeb trong tr\u01b0\u1eddng h\u1ecdc cho B\u1ed9 Gi\u00e1o d\u1ee5c v\u00e0 \u0110\u00e0o t\u1ea1o.<\/span><\/li>\n<li><span style=\"font-family: arial, helvetica, sans-serif;\">C\u00f3 ch\u1ee9ng nh\u1eadn nh\u1eadp kh\u1ea9u h\u00e0ng h\u00f3a theo \u0111\u00fang quy \u0111\u1ecbnh (CO \u2013 CQ).<\/span><\/li>\n<li><span style=\"font-family: arial, helvetica, sans-serif;\">\u0110\u1ed1i t\u00e1c ngu\u1ed3n nguy\u00ean li\u1ec7u ch\u00ednh (m\u1eb7t b\u1ea3ng) uy t\u00edn tr\u00ean to\u00e0n c\u1ea7u: Polyvison cho b\u1ec1 m\u1eb7t Ceramic v\u00e0 Dongshin cho b\u1ec1 m\u1eb7t th\u00e9p ph\u1ee7 s\u01a1n.<\/span><\/li>\n<li><span style=\"font-family: arial, helvetica, sans-serif;\">BAVICO t\u1ef1 h\u00e0o C\u00f4ng ty s\u1ea3n xu\u1ea5t v\u00e0 c\u1ea5p cung s\u1ea3n ph\u1ea9m tr\u1ef1c ti\u1ebfp\u00a0 \u2013 \u0110\u1ea3m b\u1ea3o s\u1ea3n ph\u1ea9m ch\u00ednh h\u00e3ng 100%.<\/span><\/li>\n<li><span style=\"font-family: arial, helvetica, sans-serif;\">B\u1ea3ng vi\u1ebft BAVICO \u0111\u00e3 ph\u1ee5c v\u1ee5 r\u1ea5t nhi\u1ec1u kh\u00e1ch h\u00e0ng l\u1edbn nh\u01b0: T\u1eadp \u0111o\u00e0n Samsung, Viettel, C\u00e1c Tr\u01b0\u1eddng Qu\u1ed1c T\u1ebf \u00c1 Ch\u00e2u, M\u1ef9, Ph\u00e1p, Nh\u1eadt,\u2026<\/span><\/li>\n<li><span style=\"font-family: arial, helvetica, sans-serif;\">S\u1ea3n ph\u1ea9m \u0111a d\u1ea1ng v\u1edbi nhi\u1ec1u s\u1ef1 l\u1ef1a ch\u1ecdn, thi\u1ebft k\u1ebf v\u00e0 s\u1ea3n xu\u1ea5t theo y\u00eau c\u1ea7u kh\u00e1ch h\u00e0ng.<\/span><\/li>\n<li><span style=\"font-family: arial, helvetica, sans-serif;\">Ch\u00ednh s\u00e1ch b\u1ea3o h\u00e0nh t\u1eeb 12 th\u00e1ng \u2013 36 th\u00e1ng gi\u00fap kh\u00e1ch h\u00e0ng y\u00ean t\u00e2m khi mua h\u00e0ng.<\/span><\/li>\n<\/ul>\n<h2><span class=\"ez-toc-section\" id=\"CONG_TY_TNHH_THIET_BI_GIAO_DUC_BAVICO\"><\/span><a href=\"https:\/\/bangvietbavicoboard.com\/en\/\"><strong>EQUIPMENT CO., EDUCATION BAVICO<\/strong><\/a><span class=\"ez-toc-section-end\"><\/span><\/h2>\n<p><a href=\"https:\/\/www.google.com\/maps\/place\/C%C3%B4ng+Ty+TNHH+Thi%E1%BA%BFt+B%E1%BB%8B+Gi%C3%A1o+D%E1%BB%A5c+BAVICO\/@10.8422711,106.6244102,17z\/data=!3m1!4b1!4m5!3m4!1s0x31752a2a33796a47:0x1e4c184654bd6967!8m2!3d10.8422658!4d106.6265989?hl=vi-VN\" target=\"_blank\" rel=\"noopener\"><strong>Tr\u1ee5 s\u1edf ch\u00ednh: S\u1ed1 26 \u2013 28 \u0110\u01b0\u1eddng DD11 Khu bi\u1ec7t th\u1ef1 An S\u01b0\u01a1ng, Ph\u01b0\u1eddng T\u00e2n H\u01b0ng Thu\u1eadn, Qu\u1eadn 12, Th\u00e0nh ph\u1ed1 H\u1ed3 Ch\u00ed Minh, Vi\u1ec7t Nam.<\/strong><\/a><\/p>\n<p><a href=\"https:\/\/www.google.com\/maps\/place\/NH%C3%80+M%C3%81Y+B%E1%BA%A2NG+VI%E1%BA%BET+BAVICO\/data=!4m2!3m1!1s0x3174d54b4766c1e1:0x5e7544f8d3754cf8?hl=vi&amp;trk=https%3A%2F%2Fnotifications.google.com%2Fg%2Fp%2FANiao5qxS1Nm-jYR1J2xq7eGKk7sVofQFkONHZn7ZY1zjo26fUdiIedC5c2mAakkpMKjxMsTnB9fPMAbD18GWiRfE5-oXEHRGqQhobyjs_Hj9u2xUtrFgqGeo2BwkZvvFFFONLfFq-_lNqqzAQIbZ-Py-_UWpcdoJrNPOobHtX1hJYMPfYf7R5DJXHySX2mo-h0Loz8brWxA1Hr1nhML\" target=\"_blank\" rel=\"noopener\"><strong>Nh\u00e0 m\u00e1y s\u1ea3n xu\u1ea5t: S\u1ed1 7\/7 \u0111\u01b0\u1eddng s\u1ed1 65, H\u1ed3 V\u0103n T\u1eafng, \u1ea4p X\u00f3m \u0110\u1ed3ng, X\u00e3 T\u00e2n Ph\u00fa Trung, Huy\u1ec7n C\u1ee7 Chi, Th\u00e0nh Ph\u1ed1 H\u1ed3 Ch\u00ed Minh, Vi\u1ec7t Nam.<\/strong><\/a><\/p>\n<p><span style=\"color: #000080;\"><strong>MST: 0303030028 \u2013 Ng\u00e0y th\u00e0nh l\u1eadp c\u00f4ng ty: 01\/09\/2003<\/strong><\/span><\/p>\n<div data-original-attrs=\"{&quot;style&quot;:&quot;&quot;}\"><span style=\"color: #000080;\">\u0110\u1ec3 bi\u1ebft th\u00eam chi ti\u1ebft xin vui l\u00f2ng li\u00ean h\u1ec7:<\/span><\/div>\n<div><span style=\"color: #000080;\">\u0110i\u1ec7n tho\u1ea1i:\u00a00938 623 068 (Viber\/Zalo)<\/span><\/div>\n<div><span style=\"color: #000080;\">Email:\u00a0csns01@bangvietbavico.vn<\/span><\/div>\n<h2><span class=\"ez-toc-section\" id=\"%3E%3E%3E_Moi_Quy_khach_hang_click_tham_khao_cac_loai_Bang_menu_khac\"><\/span><span style=\"font-family: arial, helvetica, sans-serif; color: #800080;\"><a style=\"color: #800080;\" href=\"https:\/\/bangvietbavicoboard.com\/en\/product-category\/bang-menu\/\"><em>&gt;&gt;&gt; M\u1eddi Qu\u00fd kh\u00e1ch h\u00e0ng click tham kh\u1ea3o c\u00e1c lo\u1ea1i B\u1ea3ng menu kh\u00e1c<\/em><\/a><\/span><span class=\"ez-toc-section-end\"><\/span><\/h2>\n<p>&nbsp;<\/p>\n<p>&nbsp;<\/p>","protected":false},"excerpt":{"rendered":"<p><strong>B\u1ea3ng \u0111en menu<\/strong> treo t\u01b0\u1eddng l\u00e0 l\u1ef1a ch\u1ecdn ho\u00e0n h\u1ea3o cho c\u00e1c qu\u00e1n c\u00e0 ph\u00ea. V\u1edbi thi\u1ebft k\u1ebf \u0111\u01a1n gi\u1ea3n nh\u01b0ng \u0111\u1ed9c \u0111\u00e1o g\u00f3p ph\u1ea7n t\u1ea1o \u0111i\u1ec3m nh\u1ea5n cho kh\u00f4ng gian qu\u00e1n.<\/p>\n<p>Gi\u00e1 \u00e1p d\u1ee5ng t\u1ea1i H\u00f3c M\u00f4n, C\u1ee7 Chi v\u00e0 khu v\u1ef1c n\u1ed9i th\u00e0nh TPHCM.<\/p>","protected":false},"featured_media":9615,"comment_status":"open","ping_status":"closed","template":"","meta":{"_acf_changed":false},"product_brand":[],"product_cat":[553],"product_tag":[],"class_list":{"0":"post-10694","1":"product","2":"type-product","3":"status-publish","4":"has-post-thumbnail","6":"product_cat-bang-menu","8":"first","9":"instock","10":"shipping-taxable","11":"purchasable","12":"product-type-variable"},"acf":[],"_links":{"self":[{"href":"https:\/\/bangvietbavicoboard.com\/en\/wp-json\/wp\/v2\/product\/10694","targetHints":{"allow":["GET"]}}],"collection":[{"href":"https:\/\/bangvietbavicoboard.com\/en\/wp-json\/wp\/v2\/product"}],"about":[{"href":"https:\/\/bangvietbavicoboard.com\/en\/wp-json\/wp\/v2\/types\/product"}],"replies":[{"embeddable":true,"href":"https:\/\/bangvietbavicoboard.com\/en\/wp-json\/wp\/v2\/comments?post=10694"}],"wp:featuredmedia":[{"embeddable":true,"href":"https:\/\/bangvietbavicoboard.com\/en\/wp-json\/wp\/v2\/media\/9615"}],"wp:attachment":[{"href":"https:\/\/bangvietbavicoboard.com\/en\/wp-json\/wp\/v2\/media?parent=10694"}],"wp:term":[{"taxonomy":"product_brand","embeddable":true,"href":"https:\/\/bangvietbavicoboard.com\/en\/wp-json\/wp\/v2\/product_brand?post=10694"},{"taxonomy":"product_cat","embeddable":true,"href":"https:\/\/bangvietbavicoboard.com\/en\/wp-json\/wp\/v2\/product_cat?post=10694"},{"taxonomy":"product_tag","embeddable":true,"href":"https:\/\/bangvietbavicoboard.com\/en\/wp-json\/wp\/v2\/product_tag?post=10694"}],"curies":[{"name":"wp","href":"https:\/\/api.w.org\/{rel}","templated":true}]}}