{"id":10377,"date":"2024-12-25T02:19:09","date_gmt":"2024-12-25T02:19:09","guid":{"rendered":"https:\/\/bangvietbavicoboard.com\/?post_type=product&#038;p=10377"},"modified":"2025-07-12T03:14:01","modified_gmt":"2025-07-12T03:14:01","slug":"bang-flipchart-da-nang","status":"publish","type":"product","link":"https:\/\/bangvietbavicoboard.com\/en\/product\/bang-flipchart-da-nang\/","title":{"rendered":"B\u1ea3ng Flipchart \u0111a n\u0103ng"},"content":{"rendered":"<p><strong>B\u1ea3ng Flipchart \u0111a n\u0103ng<\/strong> \u0111\u01b0\u1ee3c s\u1eed d\u1ee5ng trong c\u00f4ng t\u00e1c \u0111\u00e0o t\u1ea1o, sang tr\u1ecdng ti\u1ec7n l\u1ee3i, ph\u00f9 h\u1ee3p v\u1edbi m\u1ecdi kh\u00f4ng gian.<\/p>\n<p>B\u1ea3ng chuy\u00ean d\u00f9ng cho v\u0103n ph\u00f2ng, ph\u00f2ng h\u1ecdp, ph\u00f2ng \u0111\u00e0o t\u1ea1o, \u0111\u01b0\u1ee3c BAVICO s\u1ea3n xu\u1ea5t \u0111a d\u1ea1ng ki\u1ec3u d\u00e1ng, k\u00edch th\u01b0\u1edbc v\u00e0 ch\u1ea5t li\u1ec7u m\u1eb7t b\u1ea3ng \u0111\u1ec3 kh\u00e1ch h\u00e0ng l\u1ef1a ch\u1ecdn.<\/p>\n<h1><img loading=\"lazy\" decoding=\"async\" class=\"alignnone wp-image-7081\" src=\"https:\/\/bangvietbavicoboard.com\/wp-content\/uploads\/2024\/07\/flipchart_chan_gap_inox.jpg\" alt=\"\" width=\"1244\" height=\"829\" srcset=\"https:\/\/bangvietbavicoboard.com\/wp-content\/uploads\/2024\/07\/flipchart_chan_gap_inox.jpg 600w, https:\/\/bangvietbavicoboard.com\/wp-content\/uploads\/2024\/07\/flipchart_chan_gap_inox-18x12.jpg 18w, https:\/\/bangvietbavicoboard.com\/wp-content\/uploads\/2024\/07\/flipchart_chan_gap_inox-300x200.jpg 300w\" sizes=\"auto, (max-width: 1244px) 100vw, 1244px\" \/><\/h1>\n<h1><span class=\"ez-toc-section\" id=\"Muc_dich_su_dung\"><\/span><strong>M\u1ee5c \u0111\u00edch s\u1eed d\u1ee5ng<\/strong><span class=\"ez-toc-section-end\"><\/span><\/h1>\n<p><strong>B\u1ea3ng flipchart \u0111a n\u0103ng<\/strong>\u00a0th\u1ef1c s\u1ef1 l\u00e0 m\u1ed9t c\u00f4ng c\u1ee5 \u0111a n\u0103ng v\u00ec c\u00f3 nhi\u1ec1u m\u1ee5c \u0111\u00edch s\u1eed d\u1ee5ng, bao g\u1ed3m:<\/p>\n<ul style=\"list-style-type: circle;\">\n<li><em>Gi\u00e1o d\u1ee5c v\u00e0 h\u1ecdc t\u1eadp<\/em>: Th\u00edch h\u1ee3p cho l\u1edbp h\u1ecdc, n\u01a1i gi\u00e1o vi\u00ean c\u00f3 th\u1ec3 s\u1eed d\u1ee5ng \u0111\u1ec3 gi\u1ea3ng d\u1ea1y, tr\u00ecnh b\u00e0y th\u00f4ng tin v\u00e0 khuy\u1ebfn kh\u00edch h\u1ecdc sinh tham gia.<\/li>\n<li><em>Ghi ch\u00fa v\u00e0 l\u00ean k\u1ebf ho\u1ea1ch<\/em>: Gi\u00fap b\u1ea1n ghi l\u1ea1i \u00fd t\u01b0\u1edfng, l\u1ecbch tr\u00ecnh, v\u00e0 c\u00e1c nhi\u1ec7m v\u1ee5 c\u1ea7n th\u1ef1c hi\u1ec7n m\u1ed9t c\u00e1ch d\u1ec5 d\u00e0ng v\u00e0 tr\u1ef1c quan.<\/li>\n<li><em>Truy\u1ec1n c\u1ea3m h\u1ee9ng<\/em>: L\u00e0 n\u01a1i \u0111\u1ec3 b\u1ea1n th\u1ec3 hi\u1ec7n nh\u1eefng c\u00e2u tr\u00edch d\u1eabn, h\u00ecnh \u1ea3nh ho\u1eb7c \u00fd t\u01b0\u1edfng s\u00e1ng t\u1ea1o, t\u1ea1o \u0111\u1ed9ng l\u1ef1c cho b\u1ea3n th\u00e2n v\u00e0 nh\u1eefng ng\u01b0\u1eddi xung quanh.<\/li>\n<li><em>H\u1ecdp v\u00e0 th\u1ea3o lu\u1eadn<\/em>: Trong m\u00f4i tr\u01b0\u1eddng v\u0103n ph\u00f2ng, b\u1ea3ng vi\u1ebft gi\u00fap ghi l\u1ea1i c\u00e1c \u0111i\u1ec3m quan tr\u1ecdng trong cu\u1ed9c h\u1ecdp, t\u1ea1o \u0111i\u1ec1u ki\u1ec7n cho vi\u1ec7c th\u1ea3o lu\u1eadn v\u00e0 brainstorming.<\/li>\n<li><em>Trang tr\u00ed kh\u00f4ng gian<\/em>: V\u1edbi thi\u1ebft k\u1ebf hi\u1ec7n \u0111\u1ea1i, b\u1ea3ng vi\u1ebft b\u00fat l\u00f4ng treo t\u01b0\u1eddng c\u00f2n c\u00f3 th\u1ec3 tr\u1edf th\u00e0nh m\u1ed9t ph\u1ea7n trang tr\u00ed \u0111\u1ed9c \u0111\u00e1o, l\u00e0m cho kh\u00f4ng gian s\u1ed1ng v\u00e0 l\u00e0m vi\u1ec7c tr\u1edf n\u00ean sinh \u0111\u1ed9ng h\u01a1n.<\/li>\n<li><em>T\u1ed5 ch\u1ee9c th\u00f4ng tin<\/em>: Gi\u00fap b\u1ea1n s\u1eafp x\u1ebfp v\u00e0 ph\u00e2n lo\u1ea1i th\u00f4ng tin m\u1ed9t c\u00e1ch r\u00f5 r\u00e0ng, d\u1ec5 d\u00e0ng theo d\u00f5i v\u00e0 c\u1eadp nh\u1eadt.<\/li>\n<\/ul>\n<h1><span class=\"ez-toc-section\" id=\"VIDEO_SAN_PHAM\"><\/span><strong>VIDEO S\u1ea2N PH\u1ea8M<\/strong><span class=\"ez-toc-section-end\"><\/span><\/h1>\n<div class=\"wp-playlist wp-video-playlist wp-playlist-light\">\n\t\t<video controls=\"controls\" preload=\"none\" width=\"998\"\n\t\t height=\"561\"\t><\/video>\n\t<div class=\"wp-playlist-next\"><\/div>\n\t<div class=\"wp-playlist-prev\"><\/div>\n\t<noscript>\n\t<ol>\n\t\t<li><a href='https:\/\/bangvietbavicoboard.com\/wp-content\/uploads\/2024\/11\/video-bang-flipchart-chan-gap-1.mp4'>video-bang-flipchart<\/a><\/li>\t<\/ol>\n\t<\/noscript>\n\t<script type=\"application\/json\" class=\"wp-playlist-script\">{\"type\":\"video\",\"tracklist\":true,\"tracknumbers\":true,\"images\":true,\"artists\":true,\"tracks\":[{\"src\":\"https:\/\/bangvietbavicoboard.com\/wp-content\/uploads\/2024\/11\/video-bang-flipchart-chan-gap-1.mp4\",\"type\":\"video\/mp4\",\"title\":\"video-bang-flipchart\",\"caption\":\"\",\"description\":\"bang flipchart van phong\",\"meta\":{\"length_formatted\":\"1:32\"},\"dimensions\":{\"original\":{\"width\":854,\"height\":480},\"resized\":{\"width\":998,\"height\":561}},\"image\":{\"src\":\"https:\/\/bangvietbavicoboard.com\/wp-includes\/images\/media\/video.svg\",\"width\":48,\"height\":64},\"thumb\":{\"src\":\"https:\/\/bangvietbavicoboard.com\/wp-includes\/images\/media\/video.svg\",\"width\":48,\"height\":64}}]}<\/script>\n<\/div>\n\t\n<p>&gt;&gt;&gt;\u00a0<a href=\"https:\/\/www.youtube.com\/watch?v=Lt_QMqqBEVk&amp;pp=ygUSZmxpcGNoYXJ0IGxhbWluYXRl\" target=\"_blank\" rel=\"noopener\"><em><span style=\"color: #0000ff;\">(Click xem video) M\u1eb7t b\u1ea3ng t\u1eeb cao c\u1ea5p Laminate:<\/span><\/em><\/a> c\u00f3 \u0111\u00ednh nam ch\u00e2m k\u1eb9p t\u00e0i li\u1ec7u, vi\u1ebft lau d\u1ec5 d\u00e0ng v\u00e0 ch\u1ed1ng tr\u1ea7y. B\u1ea3o h\u00e0nh: 12 th\u00e1ng.<\/p>\n<p>&gt;&gt;&gt;\u00a0<a href=\"https:\/\/www.youtube.com\/watch?v=Lc_MXKQFfqQ\" target=\"_blank\" rel=\"noopener\"><em><span style=\"color: #0000ff;\">(Click xem video) M\u1eb7t b\u1ea3ng t\u1eeb H\u00e0n Qu\u1ed1c:<\/span><\/em><\/a>\u00a0c\u00f3 \u0111\u00ednh nam ch\u00e2m k\u1eb9p t\u00e0i li\u1ec7u, vi\u1ebft \u00eam lau s\u1ea1ch b\u00f3ng, c\u00f3 in s\u1eb3n \u00f4 ly ch\u00ecm vu\u00f4ng 5cm. B\u1ea3o h\u00e0nh: 12 th\u00e1ng.<\/p>\n<p>&gt;&gt;&gt;<span style=\"color: #0000ff;\">\u00a0<a style=\"color: #0000ff;\" href=\"https:\/\/www.youtube.com\/watch?v=5QhlliLXzpA\" target=\"_blank\" rel=\"noopener\"><em>(Click xem video) M\u1eb7t b\u1ea3ng t\u1eeb Ceramic-B\u1ec9:<\/em><\/a><\/span> ch\u1ed1ng tr\u1ea7y (dao c\u1ea1o kh\u00f4ng tr\u1ea7y), ch\u1ed1ng ch\u00e1y, ch\u1ed1ng h\u01b0 h\u1ea1i b\u1edfi h\u00f3a ch\u1ea5t, kh\u00e1ng khu\u1ea9n. \u0110\u1ed9 b\u1ec1n l\u00ean \u0111\u1ebfn <strong>40 n\u0103m<\/strong>. B\u1ea3o h\u00e0nh 36 th\u00e1ng.<\/p>\n<h2><span class=\"ez-toc-section\" id=\"Cau_tao_Bang_Flipchart_dao_tao\"><\/span>C\u1ea5u t\u1ea1o\u00a0<strong>B\u1ea3ng Flipchart \u0111\u00e0o t\u1ea1o<\/strong><span class=\"ez-toc-section-end\"><\/span><\/h2>\n<p>1. M\u1eb7t\u00a0<strong>flipchart board<\/strong>: m\u00e0u tr\u1eafng, vi\u1ebft \u00eam v\u00e0 lau d\u1ec5 d\u00e0ng. Kh\u00e1ch h\u00e0ng c\u00f3 th\u1ec3 l\u1ef1a ch\u1ecdn m\u1eb7t b\u1ea3ng m\u1eb7t b\u1ea3ng t\u1eeb \u0111\u00ednh nam ch\u00e2m c\u1ee7a Korea, Ceramic v\u00e0 Laminate c\u1ee7a \u1ea4n \u0110\u1ed9.<\/p>\n<p>C\u00f3 g\u1eafn hai k\u1eb9p gi\u1ea5y inox tr\u1eafng s\u00e1ng d\u00f9ng \u0111\u1ec3 k\u1eb9p gi\u1ea5y A1, A0 ph\u1ee5c v\u1ee5 cho c\u00f4ng t\u00e1c training.<\/p>\n<p>2. T\u1ea5m l\u00f3t b\u1ea3ng: b\u1eb1ng v\u00e1n MDF c\u00f3 l\u1edbp v\u00e2n g\u1ed7 ch\u1ed1ng \u1ea9m, cong v\u00eanh, c\u00f3 t\u00ednh th\u1ea9m m\u1ef9 cao v\u00e0 \u0111\u01b0\u1ee3c \u00e9p v\u1edbi m\u1eb7t b\u1ea3ng b\u1eb1ng Polyester gi\u00fap b\u1ea3ng kh\u00f4ng b\u1ecb rung khi vi\u1ebft, c\u00f3 t\u00ednh ch\u1ecbu l\u1ef1c t\u1ed1t, \u0111\u1ed9 b\u1ec1n t\u1ed1i \u01b0u.<\/p>\n<p>3. Khung b\u1ea3ng: b\u1eb1ng nh\u00f4m chuy\u00ean d\u1ee5ng tr\u1eafng s\u00e1ng.<\/p>\n<p>4. Khung ch\u00e2n: C\u00f3 th\u1ec3 ch\u1ecdn c\u00e1c ki\u1ec3u ch\u00e2n: <em>Ch\u00e2n Inox<\/em>, <em>F2, F3.<\/em><\/p>\n<p>To\u00e0n b\u1ed9 b\u1ea3ng \u0111\u01b0\u1ee3c thi\u1ebft k\u1ebf m\u1ed9t c\u00e1ch sang tr\u1ecdng hi\u1ec7n \u0111\u1ea1i ph\u00f9 h\u1ee3p v\u1edbi m\u1ecdi kh\u00f4ng gian.<\/p>\n<h3 style=\"text-align: center;\"><span class=\"ez-toc-section\" id=\"GIAY_CHUNG_NHAN_CO_%E2%80%93_CQ_NHAP_KHAU_MAT_BANG\"><\/span><span style=\"color: #000080;\"><strong>GI\u1ea4Y CH\u1ee8NG NH\u1eacN CO \u2013 CQ NH\u1eacP KH\u1ea8U M\u1eb6T B\u1ea2NG<\/strong><\/span><span class=\"ez-toc-section-end\"><\/span><\/h3>\n<table>\n<tbody>\n<tr>\n<td><img loading=\"lazy\" decoding=\"async\" class=\"aligncenter size-full wp-image-11241\" src=\"https:\/\/bangvietbavico.edu.vn\/wp-content\/uploads\/2022\/12\/CO-CQ-AN-2023-2.jpg\" sizes=\"auto, (max-width: 1200px) 100vw, 1200px\" srcset=\"https:\/\/bangvietbavico.edu.vn\/wp-content\/uploads\/2022\/12\/CO-CQ-AN-2023-2.jpg 1200w, https:\/\/bangvietbavico.edu.vn\/wp-content\/uploads\/2022\/12\/CO-CQ-AN-2023-2-300x300.jpg 300w, https:\/\/bangvietbavico.edu.vn\/wp-content\/uploads\/2022\/12\/CO-CQ-AN-2023-2-1024x1024.jpg 1024w, https:\/\/bangvietbavico.edu.vn\/wp-content\/uploads\/2022\/12\/CO-CQ-AN-2023-2-150x150.jpg 150w, https:\/\/bangvietbavico.edu.vn\/wp-content\/uploads\/2022\/12\/CO-CQ-AN-2023-2-768x768.jpg 768w, https:\/\/bangvietbavico.edu.vn\/wp-content\/uploads\/2022\/12\/CO-CQ-AN-2023-2-180x180.jpg 180w, https:\/\/bangvietbavico.edu.vn\/wp-content\/uploads\/2022\/12\/CO-CQ-AN-2023-2-600x600.jpg 600w\" alt=\"\" width=\"1200\" height=\"1200\" \/><\/td>\n<td><img loading=\"lazy\" decoding=\"async\" class=\"aligncenter size-full wp-image-11240\" src=\"https:\/\/bangvietbavico.edu.vn\/wp-content\/uploads\/2022\/12\/CO-CQ-AN-2023-1.jpg\" sizes=\"auto, (max-width: 1200px) 100vw, 1200px\" srcset=\"https:\/\/bangvietbavico.edu.vn\/wp-content\/uploads\/2022\/12\/CO-CQ-AN-2023-1.jpg 1200w, https:\/\/bangvietbavico.edu.vn\/wp-content\/uploads\/2022\/12\/CO-CQ-AN-2023-1-300x300.jpg 300w, https:\/\/bangvietbavico.edu.vn\/wp-content\/uploads\/2022\/12\/CO-CQ-AN-2023-1-1024x1024.jpg 1024w, https:\/\/bangvietbavico.edu.vn\/wp-content\/uploads\/2022\/12\/CO-CQ-AN-2023-1-150x150.jpg 150w, https:\/\/bangvietbavico.edu.vn\/wp-content\/uploads\/2022\/12\/CO-CQ-AN-2023-1-768x768.jpg 768w, https:\/\/bangvietbavico.edu.vn\/wp-content\/uploads\/2022\/12\/CO-CQ-AN-2023-1-180x180.jpg 180w, https:\/\/bangvietbavico.edu.vn\/wp-content\/uploads\/2022\/12\/CO-CQ-AN-2023-1-600x600.jpg 600w\" alt=\"\" width=\"1200\" height=\"1200\" \/><\/td>\n<\/tr>\n<\/tbody>\n<\/table>\n<h1><span class=\"ez-toc-section\" id=\"CAC_LOAI_BANG_FLIPCHART_DA_NANG\"><\/span><strong>C\u00c1C LO\u1ea0I B\u1ea2NG FLIPCHART \u0110A N\u0102NG<\/strong><span class=\"ez-toc-section-end\"><\/span><\/h1>\n<h2><span class=\"ez-toc-section\" id=\"Bang_flipchart_chan_Inox\"><\/span><strong>B\u1ea3ng flipchart ch\u00e2n Inox<\/strong><span class=\"ez-toc-section-end\"><\/span><\/h2>\n<table>\n<tbody>\n<tr>\n<td><img loading=\"lazy\" decoding=\"async\" class=\"size-full wp-image-7087 aligncenter\" src=\"https:\/\/bangvietbavicoboard.com\/wp-content\/uploads\/2024\/07\/flipchart_chan_inox-3.jpg\" sizes=\"auto, (max-width: 400px) 100vw, 400px\" srcset=\"https:\/\/bangvietbavicoboard.com\/wp-content\/uploads\/2024\/07\/flipchart_chan_inox-3.jpg 400w, https:\/\/bangvietbavicoboard.com\/wp-content\/uploads\/2024\/07\/flipchart_chan_inox-3-267x400.jpg 267w, https:\/\/bangvietbavicoboard.com\/wp-content\/uploads\/2024\/07\/flipchart_chan_inox-3-8x12.jpg 8w, https:\/\/bangvietbavicoboard.com\/wp-content\/uploads\/2024\/07\/flipchart_chan_inox-3-300x450.jpg 300w\" alt=\"\" width=\"400\" height=\"600\" \/><\/td>\n<td><img loading=\"lazy\" decoding=\"async\" class=\"size-full wp-image-7091 aligncenter\" src=\"https:\/\/bangvietbavicoboard.com\/wp-content\/uploads\/2024\/07\/flipchart_chan_inox-8.jpg\" sizes=\"auto, (max-width: 400px) 100vw, 400px\" srcset=\"https:\/\/bangvietbavicoboard.com\/wp-content\/uploads\/2024\/07\/flipchart_chan_inox-8.jpg 400w, https:\/\/bangvietbavicoboard.com\/wp-content\/uploads\/2024\/07\/flipchart_chan_inox-8-267x400.jpg 267w, https:\/\/bangvietbavicoboard.com\/wp-content\/uploads\/2024\/07\/flipchart_chan_inox-8-8x12.jpg 8w, https:\/\/bangvietbavicoboard.com\/wp-content\/uploads\/2024\/07\/flipchart_chan_inox-8-300x450.jpg 300w\" alt=\"\" width=\"400\" height=\"600\" \/><\/td>\n<\/tr>\n<\/tbody>\n<\/table>\n<div><\/div>\n<div><span id=\"input_part_0\" class=\"\" data-mention=\"Ch\u00e2n b\u1ea3ng \u0111\u01b0\u1ee3c l\u00e0m t\u1eeb inox cao c\u1ea5p v\u1edbi c\u00f4ng ngh\u1ec7 c\u1ee7a \u0110\u1ee9c.\">Ch\u00e2n b\u1ea3ng \u0111\u01b0\u1ee3c l\u00e0m t\u1eeb inox cao c\u1ea5p v\u1edbi c\u00f4ng ngh\u1ec7 c\u1ee7a \u0110\u1ee9c, <\/span><span id=\"input_part_0\" class=\"\" data-mention=\"Ch\u00e2n c\u00f3 th\u1ec3 \u0111i\u1ec1u ch\u1ec9nh \u0111\u1ed9 cao, c\u00f3 ch\u1ed1t \u0111\u1ec3 g\u1ea5p g\u1ecdn ti\u1ec7n l\u1ee3i.\">c\u00f3 th\u1ec3 \u0111i\u1ec1u ch\u1ec9nh \u0111\u1ed9 cao, c\u00f3 ch\u1ed1t \u0111\u1ec3 g\u1ea5p g\u1ecdn ti\u1ec7n l\u1ee3i.<\/span><\/div>\n<div><\/div>\n<div>\n<h2><span class=\"ez-toc-section\" id=\"Bang_flipchart_F2\"><\/span><strong style=\"font-size: 23.04px;\">B\u1ea3ng flipchart F2<\/strong><span class=\"ez-toc-section-end\"><\/span><\/h2>\n<\/div>\n<div>\n<figure id=\"attachment_7953\" aria-describedby=\"caption-attachment-7953\" style=\"width: 1200px\" class=\"wp-caption alignnone\"><img loading=\"lazy\" decoding=\"async\" class=\"size-full wp-image-7953\" src=\"https:\/\/bangvietbavicoboard.com\/wp-content\/uploads\/2024\/11\/bang_flipchart_plus_f2_120x80.png\" alt=\"bang-viet-but-long-co-chan\" width=\"1200\" height=\"800\" srcset=\"https:\/\/bangvietbavicoboard.com\/wp-content\/uploads\/2024\/11\/bang_flipchart_plus_f2_120x80.png 1200w, https:\/\/bangvietbavicoboard.com\/wp-content\/uploads\/2024\/11\/bang_flipchart_plus_f2_120x80-600x400.png 600w, https:\/\/bangvietbavicoboard.com\/wp-content\/uploads\/2024\/11\/bang_flipchart_plus_f2_120x80-768x512.png 768w, https:\/\/bangvietbavicoboard.com\/wp-content\/uploads\/2024\/11\/bang_flipchart_plus_f2_120x80-18x12.png 18w, https:\/\/bangvietbavicoboard.com\/wp-content\/uploads\/2024\/11\/bang_flipchart_plus_f2_120x80-300x200.png 300w\" sizes=\"auto, (max-width: 1200px) 100vw, 1200px\" \/><figcaption id=\"caption-attachment-7953\" class=\"wp-caption-text\"><em>(B\u1ea3ng flipchart F2 cho v\u0103n ph\u00f2ng)<\/em><\/figcaption><\/figure>\n<p><strong>B\u1ea3ng flipchart F2 <\/strong>l\u00e0 d\u00f2ng s\u1ea3n ph\u1ea9m \u0111\u01b0\u1ee3c c\u1ea3i ti\u1ebfn k\u1ef9 thu\u1eadt t\u1ed1i \u01b0u nh\u1ea5t, mang l\u1ea1i cho qu\u00fd kh\u00e1ch h\u00e0ng s\u1ea3n ph\u1ea9m sang tr\u1ecdng, ch\u1eafc ch\u1eafn, r\u1ea5t ph\u00f9 h\u1ee3p s\u1eed d\u1ee5ng m\u1ecdi kh\u00f4ng gian v\u0103n ph\u00f2ng.<\/p>\n<p>Ch\u00e2n b\u1ea3ng: \u0111\u01b0\u1ee3c l\u00e0m b\u1eb1ng s\u1eaft s\u01a1n t\u0129nh \u0111i\u1ec7n m\u00e0u tr\u1eafng s\u1eefa d\u00e0y h\u00ecnh tr\u1ee5 gi\u00fap cho b\u1ea3ng c\u00f3 thi\u1ebft k\u1ebf \u0111\u1eb9p, ch\u1eafc ch\u1eafn v\u00e0 b\u00ean d\u01b0\u1edbi c\u00f3 h\u1ec7 th\u1ed1ng b\u00e1nh xe, ch\u1ed1t h\u00e3m ch\u1ecbu \u0111\u01b0\u1ee3c l\u1ef1c t\u1ed1t, c\u00f3 th\u1ec3 di chuy\u1ec3n d\u1ec5 d\u00e0ng, \u0111i\u1ec1u ch\u1ec9nh \u0111\u1ed9 cao theo y\u00eau c\u1ea7u.<\/p>\n<\/div>\n<h2><span class=\"ez-toc-section\" id=\"Bang_flipchart_F3\"><\/span><strong>B\u1ea3ng flipchart F3<\/strong><span class=\"ez-toc-section-end\"><\/span><\/h2>\n<figure id=\"attachment_7949\" aria-describedby=\"caption-attachment-7949\" style=\"width: 1200px\" class=\"wp-caption alignnone\"><img loading=\"lazy\" decoding=\"async\" class=\"wp-image-7949 size-full\" src=\"https:\/\/bangvietbavicoboard.com\/wp-content\/uploads\/2024\/11\/bang-flipchart-f3-the-he-moi-viet-but-long-120x80-1.png\" alt=\"bang-viet-but-long-co-chan\" width=\"1200\" height=\"799\" srcset=\"https:\/\/bangvietbavicoboard.com\/wp-content\/uploads\/2024\/11\/bang-flipchart-f3-the-he-moi-viet-but-long-120x80-1.png 1200w, https:\/\/bangvietbavicoboard.com\/wp-content\/uploads\/2024\/11\/bang-flipchart-f3-the-he-moi-viet-but-long-120x80-1-601x400.png 601w, https:\/\/bangvietbavicoboard.com\/wp-content\/uploads\/2024\/11\/bang-flipchart-f3-the-he-moi-viet-but-long-120x80-1-768x511.png 768w, https:\/\/bangvietbavicoboard.com\/wp-content\/uploads\/2024\/11\/bang-flipchart-f3-the-he-moi-viet-but-long-120x80-1-18x12.png 18w, https:\/\/bangvietbavicoboard.com\/wp-content\/uploads\/2024\/11\/bang-flipchart-f3-the-he-moi-viet-but-long-120x80-1-300x200.png 300w, https:\/\/bangvietbavicoboard.com\/wp-content\/uploads\/2024\/11\/bang-flipchart-f3-the-he-moi-viet-but-long-120x80-1-600x400.png 600w\" sizes=\"auto, (max-width: 1200px) 100vw, 1200px\" \/><figcaption id=\"caption-attachment-7949\" class=\"wp-caption-text\"><em>(B\u1ea3ng vi\u1ebft b\u00fat l\u00f4ng flipchart F3)<\/em><\/figcaption><\/figure>\n<p>Ch\u00e2n <strong>b\u1ea3ng flipchart F3<\/strong>: B\u1eb1ng s\u1eaft s\u01a1n t\u0129nh \u0111i\u1ec7n ch\u1ed1ng s\u00e9t, ch\u1ed1ng tr\u1ea7y. Ch\u00e2n b\u1ea3ng x\u1ebfp g\u1ecdn \u0111\u01b0\u1ee3c v\u00e0 cho ph\u00e9p \u0111i\u1ec1u ch\u1ec9nh b\u1ea3ng theo chi\u1ec1u cao theo y\u00eau c\u1ea7u s\u1eed d\u1ee5ng. C\u00f3 g\u1eafn 4 b\u00e1nh xe Taiwan di chuy\u1ec3n v\u00e0 c\u1ed1 \u0111\u1ecbnh d\u1ec5 d\u00e0ng.<\/p>\n<h1><span class=\"ez-toc-section\" id=\"Bao_hanh\"><\/span><strong>B\u1ea3o h\u00e0nh<\/strong><span class=\"ez-toc-section-end\"><\/span><\/h1>\n<p>+ Th\u1eddi gian b\u1ea3o h\u00e0nh t\u1eeb 12 &#8211; 36 th\u00e1ng n\u1ebfu do l\u1ed7i c\u1ee7a nh\u00e0 s\u1ea3n xu\u1ea5t.<br \/>\n+ Qu\u00fd kh\u00e1ch h\u00e0ng gi\u1eef l\u1ea1i Gi\u1ea5y giao h\u00e0ng v\u00e0 g\u1ecdi cho s\u1ed1 Hotline <span style=\"color: #0000ff;\"><strong>0938 623 068<\/strong><\/span> ho\u1eb7c kinh doanh tr\u00ean gi\u1ea5y giao h\u00e0ng\/ tr\u00ean website n\u00e0y \u0111\u1ec3 \u0111\u01b0\u1ee3c h\u1ed7 tr\u1ee3 !<\/p>\n<p><img decoding=\"async\" src=\"https:\/\/bangvietbavicoboard.com\/wp-content\/uploads\/2024\/07\/xe-tai.jpg\" \/><\/p>\n<h1><\/h1>\n<h1><span class=\"ez-toc-section\" id=\"Su_dung_bang_viet_but_long_flipchart_sao_cho_dung\"><\/span><strong>S\u1eed d\u1ee5ng b\u1ea3ng vi\u1ebft b\u00fat l\u00f4ng flipchart sao cho \u0111\u00fang?<\/strong><span class=\"ez-toc-section-end\"><\/span><\/h1>\n<p>\u0110\u1ec3 \u0111\u1ea3m b\u1ea3o<strong> Flipchart board<\/strong>\u00a0lu\u00f4n trong t\u00ecnh tr\u1ea1ng t\u1ed1t nh\u1ea5t, b\u1ea1n c\u1ea7n l\u01b0u \u00fd m\u1ed9t s\u1ed1 c\u00e1ch b\u1ea3o qu\u1ea3n sau \u0111\u00e2y:<\/p>\n<ul>\n<li><em>V\u1ec7 Sinh \u0110\u1ecbnh K\u1ef3<\/em>: S\u1eed d\u1ee5ng kh\u0103n m\u1ec1m v\u00e0 dung d\u1ecbch v\u1ec7 sinh nh\u1eb9 nh\u00e0ng \u0111\u1ec3 lau s\u1ea1ch b\u1ec1 m\u1eb7t b\u1ea3ng. Tr\u00e1nh s\u1eed d\u1ee5ng c\u00e1c ch\u1ea5t t\u1ea9y r\u1eeda m\u1ea1nh c\u00f3 th\u1ec3 l\u00e0m h\u1ecfng b\u1ec1 m\u1eb7t b\u1ea3ng.<\/li>\n<li><em>Tr\u00e1nh \u00c1nh N\u1eafng Tr\u1ef1c Ti\u1ebfp<\/em>: \u0110\u1eb7t b\u1ea3ng \u1edf v\u1ecb tr\u00ed kh\u00f4ng b\u1ecb \u00e1nh n\u1eafng m\u1eb7t tr\u1eddi chi\u1ebfu tr\u1ef1c ti\u1ebfp \u0111\u1ec3 tr\u00e1nh t\u00ecnh tr\u1ea1ng phai m\u00e0u v\u00e0 gi\u1ea3m \u0111\u1ed9 b\u1ec1n c\u1ee7a s\u1ea3n ph\u1ea9m.<\/li>\n<li><em>S\u1eed D\u1ee5ng B\u00fat Ch\u1ea5t L\u01b0\u1ee3ng<\/em>: H\u00e3y s\u1eed d\u1ee5ng b\u00fat ch\u1ea5t l\u01b0\u1ee3ng cao, <em><span style=\"color: #ed1c24;\">tuy\u1ec7t \u0111\u1ed1i kh\u00f4ng s\u1eed d\u1ee5ng b\u00fat l\u00f4ng d\u1ea7u<\/span><\/em> tr\u00e1nh l\u00e0m h\u01b0 h\u1ea1i m\u1eb7t b\u1ea3ng khi lau ch\u00f9i.<\/li>\n<li><em>Ki\u1ec3m Tra Khung B\u1ea3ng<\/em>: \u0110\u1ecbnh k\u1ef3 ki\u1ec3m tra khung b\u1ea3ng v\u00e0 c\u00e1c b\u1ed9 ph\u1eadn g\u1eafn t\u01b0\u1eddng \u0111\u1ec3 \u0111\u1ea3m b\u1ea3o ch\u00fang kh\u00f4ng b\u1ecb l\u1ecfng l\u1ebbo ho\u1eb7c h\u01b0 h\u1ecfng.<\/li>\n<li><em>Tr\u00e1nh Va Ch\u1ea1m M\u1ea1nh<\/em>: Khi di chuy\u1ec3n b\u1ea3ng, h\u1ea1n ch\u1ebf va ch\u1ea1m m\u1ea1nh v\u1edbi b\u1ea3ng \u0111\u1ec3 tr\u00e1nh l\u00e0m tr\u1ea7y x\u01b0\u1edbc ho\u1eb7c h\u01b0 h\u1ecfng b\u1ec1 m\u1eb7t.<\/li>\n<\/ul>\n<h2><span class=\"ez-toc-section\" id=\"CONG_TY_TNHH_THIET_BI_GIAO_DUC_BAVICO\"><\/span><a href=\"https:\/\/bangvietbavicoboard.com\/en\/\"><strong>EQUIPMENT CO., EDUCATION BAVICO<\/strong><\/a><span class=\"ez-toc-section-end\"><\/span><\/h2>\n<p><a href=\"https:\/\/www.google.com\/maps\/place\/C%C3%B4ng+Ty+TNHH+Thi%E1%BA%BFt+B%E1%BB%8B+Gi%C3%A1o+D%E1%BB%A5c+BAVICO\/@10.8422711,106.6244102,17z\/data=!3m1!4b1!4m5!3m4!1s0x31752a2a33796a47:0x1e4c184654bd6967!8m2!3d10.8422658!4d106.6265989?hl=vi-VN\" target=\"_blank\" rel=\"noopener\"><strong>Tr\u1ee5 s\u1edf ch\u00ednh: S\u1ed1 26 \u2013 28 \u0110\u01b0\u1eddng DD11 Khu bi\u1ec7t th\u1ef1 An S\u01b0\u01a1ng, Ph\u01b0\u1eddng \u0110\u00f4ng H\u01b0ng Thu\u1eadn, Th\u00e0nh ph\u1ed1 H\u1ed3 Ch\u00ed Minh, Vi\u1ec7t Nam.<\/strong><\/a><\/p>\n<p><a href=\"https:\/\/www.google.com\/maps\/place\/NH%C3%80+M%C3%81Y+B%E1%BA%A2NG+VI%E1%BA%BET+BAVICO\/data=!4m2!3m1!1s0x3174d54b4766c1e1:0x5e7544f8d3754cf8?hl=vi&amp;trk=https%3A%2F%2Fnotifications.google.com%2Fg%2Fp%2FANiao5qxS1Nm-jYR1J2xq7eGKk7sVofQFkONHZn7ZY1zjo26fUdiIedC5c2mAakkpMKjxMsTnB9fPMAbD18GWiRfE5-oXEHRGqQhobyjs_Hj9u2xUtrFgqGeo2BwkZvvFFFONLfFq-_lNqqzAQIbZ-Py-_UWpcdoJrNPOobHtX1hJYMPfYf7R5DJXHySX2mo-h0Loz8brWxA1Hr1nhML\" target=\"_blank\" rel=\"noopener\"><strong>Nh\u00e0 m\u00e1y s\u1ea3n xu\u1ea5t: S\u1ed1 7\/7 \u0111\u01b0\u1eddng s\u1ed1 65, H\u1ed3 V\u0103n T\u1eafng, \u1ea4p X\u00f3m \u0110\u1ed3ng, X\u00e3 C\u1ee7 Chi, Th\u00e0nh Ph\u1ed1 H\u1ed3 Ch\u00ed Minh, Vi\u1ec7t Nam.<\/strong><\/a><\/p>\n<p><strong>MST: 0303030028 \u2013 Ng\u00e0y th\u00e0nh l\u1eadp c\u00f4ng ty: 01\/09\/2003<\/strong><\/p>\n<h2><span class=\"ez-toc-section\" id=\"%3E%3E%3E_Moi_Quy_khach_hang_click_tham_khao_cac_loai_Bang_flipchart_khac\"><\/span><span style=\"text-decoration: underline; color: #800080;\"><a style=\"color: #800080;\" href=\"https:\/\/bangvietbavicoboard.com\/en\/product-category\/bang-flipchart\/\"><em>&gt;&gt;&gt; M\u1eddi Qu\u00fd kh\u00e1ch h\u00e0ng click tham kh\u1ea3o c\u00e1c lo\u1ea1i B\u1ea3ng flipchart kh\u00e1c<\/em><\/a><\/span><span class=\"ez-toc-section-end\"><\/span><\/h2>\n<p>&nbsp;<\/p>\n<p>&nbsp;<\/p>","protected":false},"excerpt":{"rendered":"<p><strong>B\u1ea3ng Flipchart \u0111a n\u0103ng<\/strong> \u0111\u01b0\u1ee3c s\u1eed d\u1ee5ng trong c\u00f4ng t\u00e1c \u0111\u00e0o t\u1ea1o, sang tr\u1ecdng ti\u1ec7n l\u1ee3i, ph\u00f9 h\u1ee3p v\u1edbi m\u1ecdi kh\u00f4ng gian.<\/p>\n<p>Gi\u00e1 \u00e1p d\u1ee5ng t\u1ea1i H\u00f3c M\u00f4n, C\u1ee7 Chi v\u00e0 khu v\u1ef1c n\u1ed9i th\u00e0nh TPHCM (Q1,2,3,4,5,6,7,8,9,10,11,12,T\u00e2n B\u00ecnh, B\u00ecnh T\u00e2n, T\u00e2n Ph\u00fa, Ph\u00fa Nhu\u1eadn, B\u00ecnh Th\u1ea1nh, G\u00f2 V\u1ea5p)<br \/>\nMI\u1ec4N PH\u00cd giao h\u00e0ng &amp; l\u1eafp \u0111\u1eb7t<\/p>\n<p>&nbsp;<\/p>","protected":false},"featured_media":10379,"comment_status":"open","ping_status":"closed","template":"","meta":{"_acf_changed":false},"product_brand":[],"product_cat":[469],"product_tag":[],"class_list":{"0":"post-10377","1":"product","2":"type-product","3":"status-publish","4":"has-post-thumbnail","6":"product_cat-bang-flipchart","8":"first","9":"instock","10":"shipping-taxable","11":"purchasable","12":"product-type-variable"},"acf":[],"_links":{"self":[{"href":"https:\/\/bangvietbavicoboard.com\/en\/wp-json\/wp\/v2\/product\/10377","targetHints":{"allow":["GET"]}}],"collection":[{"href":"https:\/\/bangvietbavicoboard.com\/en\/wp-json\/wp\/v2\/product"}],"about":[{"href":"https:\/\/bangvietbavicoboard.com\/en\/wp-json\/wp\/v2\/types\/product"}],"replies":[{"embeddable":true,"href":"https:\/\/bangvietbavicoboard.com\/en\/wp-json\/wp\/v2\/comments?post=10377"}],"wp:featuredmedia":[{"embeddable":true,"href":"https:\/\/bangvietbavicoboard.com\/en\/wp-json\/wp\/v2\/media\/10379"}],"wp:attachment":[{"href":"https:\/\/bangvietbavicoboard.com\/en\/wp-json\/wp\/v2\/media?parent=10377"}],"wp:term":[{"taxonomy":"product_brand","embeddable":true,"href":"https:\/\/bangvietbavicoboard.com\/en\/wp-json\/wp\/v2\/product_brand?post=10377"},{"taxonomy":"product_cat","embeddable":true,"href":"https:\/\/bangvietbavicoboard.com\/en\/wp-json\/wp\/v2\/product_cat?post=10377"},{"taxonomy":"product_tag","embeddable":true,"href":"https:\/\/bangvietbavicoboard.com\/en\/wp-json\/wp\/v2\/product_tag?post=10377"}],"curies":[{"name":"wp","href":"https:\/\/api.w.org\/{rel}","templated":true}]}}