{"id":10093,"date":"2024-12-16T04:57:43","date_gmt":"2024-12-16T04:57:43","guid":{"rendered":"https:\/\/bangvietbavicoboard.com\/?post_type=product&#038;p=10093"},"modified":"2025-03-29T08:44:05","modified_gmt":"2025-03-29T08:44:05","slug":"bang-di-dong-kinh-ghep-keo-sua-8ly38","status":"publish","type":"product","link":"https:\/\/bangvietbavicoboard.com\/en\/product\/bang-di-dong-kinh-ghep-keo-sua-8ly38\/","title":{"rendered":"B\u1ea3ng di \u0111\u1ed9ng k\u00ednh gh\u00e9p keo s\u1eefa 8ly38"},"content":{"rendered":"<p><strong>B\u1ea3ng di \u0111\u1ed9ng k\u00ednh gh\u00e9p keo s\u1eefa\u00a0<\/strong>c\u00f3 m\u1eb7t b\u1ea3ng g\u1ed3m 2 l\u1edbp k\u00ednh gh\u00e9p l\u1ea1i v\u1edbi nhau b\u1eb1ng l\u1edbp keo s\u1eefa m\u00e0u tr\u1eafng s\u1eefa v\u1edbi \u0111\u1eb7c \u0111i\u1ec3m n\u1ed5i b\u1eadt b\u1ea3ng kh\u00f4ng bao gi\u1edd b\u1ecb lem m\u1ef1c, d\u1ec5 d\u00e0ng lau s\u1ea1ch v\u00e0 t\u00ednh ch\u1ecbu l\u1ef1c t\u1ed1i \u01b0u.<\/p>\n<p>Ch\u00e2n\u00a0<strong>b\u1ea3ng<\/strong>\u00a0k\u00ednh\u00a0b\u1eb1ng s\u1eaft s\u01a1n t\u0129nh \u0111i\u1ec7n c\u00f3 b\u00e1nh xe Taiwan di chuy\u1ec3n v\u00e0 c\u1ed1 \u0111\u1ecbnh d\u1ec5 d\u00e0ng b\u1eb1ng h\u00e3m c\u00f3 ch\u1ed1t kh\u00f3a.<\/p>\n<table>\n<tbody>\n<tr>\n<td><img loading=\"lazy\" decoding=\"async\" class=\"alignnone size-full wp-image-10094\" src=\"https:\/\/bangvietbavicoboard.com\/wp-content\/uploads\/2024\/12\/bang-kinh-cuong-luc-di-dong-1.png\" alt=\"\" width=\"1194\" height=\"1194\" srcset=\"https:\/\/bangvietbavicoboard.com\/wp-content\/uploads\/2024\/12\/bang-kinh-cuong-luc-di-dong-1.png 1194w, https:\/\/bangvietbavicoboard.com\/wp-content\/uploads\/2024\/12\/bang-kinh-cuong-luc-di-dong-1-400x400.png 400w, https:\/\/bangvietbavicoboard.com\/wp-content\/uploads\/2024\/12\/bang-kinh-cuong-luc-di-dong-1-800x800.png 800w, https:\/\/bangvietbavicoboard.com\/wp-content\/uploads\/2024\/12\/bang-kinh-cuong-luc-di-dong-1-280x280.png 280w, https:\/\/bangvietbavicoboard.com\/wp-content\/uploads\/2024\/12\/bang-kinh-cuong-luc-di-dong-1-768x768.png 768w, https:\/\/bangvietbavicoboard.com\/wp-content\/uploads\/2024\/12\/bang-kinh-cuong-luc-di-dong-1-12x12.png 12w, https:\/\/bangvietbavicoboard.com\/wp-content\/uploads\/2024\/12\/bang-kinh-cuong-luc-di-dong-1-300x300.png 300w, https:\/\/bangvietbavicoboard.com\/wp-content\/uploads\/2024\/12\/bang-kinh-cuong-luc-di-dong-1-600x600.png 600w, https:\/\/bangvietbavicoboard.com\/wp-content\/uploads\/2024\/12\/bang-kinh-cuong-luc-di-dong-1-100x100.png 100w, https:\/\/bangvietbavicoboard.com\/wp-content\/uploads\/2024\/12\/bang-kinh-cuong-luc-di-dong-1-96x96.png 96w\" sizes=\"auto, (max-width: 1194px) 100vw, 1194px\" \/><\/td>\n<td><img loading=\"lazy\" decoding=\"async\" class=\"alignnone size-full wp-image-10096\" src=\"https:\/\/bangvietbavicoboard.com\/wp-content\/uploads\/2024\/12\/bang-kinh-cuong-luc-di-dong-3.png\" alt=\"\" width=\"1194\" height=\"1194\" srcset=\"https:\/\/bangvietbavicoboard.com\/wp-content\/uploads\/2024\/12\/bang-kinh-cuong-luc-di-dong-3.png 1194w, https:\/\/bangvietbavicoboard.com\/wp-content\/uploads\/2024\/12\/bang-kinh-cuong-luc-di-dong-3-400x400.png 400w, https:\/\/bangvietbavicoboard.com\/wp-content\/uploads\/2024\/12\/bang-kinh-cuong-luc-di-dong-3-800x800.png 800w, https:\/\/bangvietbavicoboard.com\/wp-content\/uploads\/2024\/12\/bang-kinh-cuong-luc-di-dong-3-280x280.png 280w, https:\/\/bangvietbavicoboard.com\/wp-content\/uploads\/2024\/12\/bang-kinh-cuong-luc-di-dong-3-768x768.png 768w, https:\/\/bangvietbavicoboard.com\/wp-content\/uploads\/2024\/12\/bang-kinh-cuong-luc-di-dong-3-12x12.png 12w, https:\/\/bangvietbavicoboard.com\/wp-content\/uploads\/2024\/12\/bang-kinh-cuong-luc-di-dong-3-300x300.png 300w, https:\/\/bangvietbavicoboard.com\/wp-content\/uploads\/2024\/12\/bang-kinh-cuong-luc-di-dong-3-600x600.png 600w, https:\/\/bangvietbavicoboard.com\/wp-content\/uploads\/2024\/12\/bang-kinh-cuong-luc-di-dong-3-100x100.png 100w, https:\/\/bangvietbavicoboard.com\/wp-content\/uploads\/2024\/12\/bang-kinh-cuong-luc-di-dong-3-96x96.png 96w\" sizes=\"auto, (max-width: 1194px) 100vw, 1194px\" \/><\/td>\n<\/tr>\n<\/tbody>\n<\/table>\n<p><strong>C\u1ea4U T\u1ea0O C\u1ee6A B\u1ea2NG DI \u0110\u1ed8NG KINH GH\u00c9P KEO S\u1eeeA<\/strong><\/p>\n<h4><span class=\"ez-toc-section\" id=\"1_Mat_bang\"><\/span>1. M\u1eb7t\u00a0<strong>b\u1ea3ng:<\/strong><span class=\"ez-toc-section-end\"><\/span><\/h4>\n<p>\u2013\u00a0<strong>Glass table<\/strong>\u00a0g\u1ed3m 2 l\u1edbp k\u00ednh 4ly gh\u00e9p l\u1ea1i v\u1edbi nhau b\u1eb1ng l\u1edbp keo s\u1eefa ch\u00ednh gi\u1eefa n\u00e2ng t\u1ed5ng \u0111\u1ed9 d\u00e0y c\u1ee7a b\u1ea3ng l\u00ean 8ly38.<\/p>\n<p>\u2013 M\u1eb7t<strong>\u00a0b\u1ea3ng k\u00ednh<\/strong>\u00a0vi\u1ebft r\u1ea5t \u00eam v\u00e0 d\u1ec5 d\u00e0ng lau s\u1ea1ch, kh\u00f4ng bao gi\u1edd b\u1ecb lem m\u1ef1c, t\u00ednh ch\u1ecbu l\u1ef1c c\u1ee7a b\u1ea3ng t\u1ed1i \u01b0u.<\/p>\n<h4><span class=\"ez-toc-section\" id=\"2_Khungbo_bang\"><\/span>2. Khung\/bo b\u1ea3ng:<span class=\"ez-toc-section-end\"><\/span><\/h4>\n<p>\u2013 B\u1ea3ng k\u00edch \u0111\u01b0\u1ee3c l\u1eafp v\u00e0o khung b\u1eb1ng b\u00f9 lon inox r\u1ea5t tinh t\u1ebf.<\/p>\n<h4><span class=\"ez-toc-section\" id=\"3_Mang_dung_but\"><\/span>3. M\u00e1ng \u0111\u1ef1ng b\u00fat:<span class=\"ez-toc-section-end\"><\/span><\/h4>\n<p>\u2013 D\u00e0i 50 cm.<\/p>\n<p>\u2013 B\u1eb1ng nh\u00f4m chuy\u00ean d\u1ee5ng.<\/p>\n<p>\u2013 Hai \u0111\u1ea7u c\u00f3 co nh\u1ef1a.<\/p>\n<h4><span class=\"ez-toc-section\" id=\"4_Chan_bang_di_dong_kinh_ghep_keo_sua_8ly38\"><\/span>4. Ch\u00e2n b\u1ea3ng di \u0111\u1ed9ng k\u00ednh gh\u00e9p keo s\u1eefa 8ly38:<span class=\"ez-toc-section-end\"><\/span><\/h4>\n<p>\u2013 B\u1eb1ng s\u1eaft 2\u00d74 cm d\u00e0y 1,2 cm, s\u01a1n t\u0129nh \u0111i\u1ec7n m\u00e0u tr\u1eafng s\u1eefa, l\u1eafp r\u00e1p \u0111\u01b0\u1ee3c.<\/p>\n<p>\u2013 B\u00e1nh xe: 4 b\u00e1nh xe m\u00e0u tr\u1eafng c\u1ee7a Taiwan di chuy\u1ec3n v\u00e0 c\u1ed1 \u0111\u1ecbnh d\u1ec5 d\u00e0ng.<\/p>\n<h2><span class=\"ez-toc-section\" id=\"Uu_diem_cua_bang_kinh_di_dong\"><\/span><strong><span style=\"color: #282828;\">\u01afu \u0111i\u1ec3m c\u1ee7a b\u1ea3ng k\u00ednh di \u0111\u1ed9ng<\/span><\/strong><span class=\"ez-toc-section-end\"><\/span><\/h2>\n<ul>\n<li>M\u1eb7t k\u00ednh c\u01b0\u1eddng l\u1ef1c d\u00e0y, ch\u1ecbu l\u1ef1c c\u1ef1c t\u1ed1t, khi v\u1ee1 s\u1ebd t\u1ea1o ra c\u00e1c h\u1ea1t th\u1ee7y tinh nh\u1ecf gi\u00fap gi\u1ea3m nguy hi\u1ec3m cho ng\u01b0\u1eddi s\u1eed d\u1ee5ng.<\/li>\n<li>M\u1eb7t\u00a0<strong>b\u1ea3ng k\u00ednh<\/strong> r\u1ea5t m\u1ecbn v\u00e0 nh\u1eb5n, d\u1ec5 d\u00e0ng v\u1ec7 sinh m\u00e0 kh\u00f4ng b\u1ecb tr\u1ea7y x\u01b0\u1edbc khi s\u1eed d\u1ee5ng.<\/li>\n<li>B\u1ea3ng vi\u1ebft b\u00e1m m\u1ef1c b\u00fat d\u1ea1 r\u1ea5t t\u1ed1t, ch\u1eef vi\u1ebft \u0111\u1eadm v\u00e0 s\u1eafc n\u00e9t.<\/li>\n<li>Thi\u1ebft k\u1ebf sang tr\u1ecdng, tinh t\u1ebf, ph\u00f9 h\u1ee3p v\u1edbi c\u00e1c ph\u00f2ng h\u1ecdp v\u00e0 v\u0103n ph\u00f2ng, trung t\u00e2m h\u1ed9i th\u1ea3o.<\/li>\n<li>Thi\u1ebft k\u1ebf ch\u00e2n di \u0111\u1ed9ng v\u1eeba thu\u1eadn ti\u1ec7n cho vi\u1ec7c di chuy\u1ec3n, v\u1eeba mang l\u1ea1i t\u00ednh th\u1ea9m m\u1ef9 cao.<\/li>\n<li>S\u1eed d\u1ee5ng thay cho m\u00e0n chi\u1ebfu khi c\u1ea7n thi\u1ebft.<\/li>\n<\/ul>\n<table>\n<tbody>\n<tr>\n<td><img loading=\"lazy\" decoding=\"async\" class=\"alignnone size-full wp-image-10095\" src=\"https:\/\/bangvietbavicoboard.com\/wp-content\/uploads\/2024\/12\/bang-kinh-cuong-luc-di-dong-2.png\" alt=\"\" width=\"1194\" height=\"1194\" srcset=\"https:\/\/bangvietbavicoboard.com\/wp-content\/uploads\/2024\/12\/bang-kinh-cuong-luc-di-dong-2.png 1194w, https:\/\/bangvietbavicoboard.com\/wp-content\/uploads\/2024\/12\/bang-kinh-cuong-luc-di-dong-2-400x400.png 400w, https:\/\/bangvietbavicoboard.com\/wp-content\/uploads\/2024\/12\/bang-kinh-cuong-luc-di-dong-2-800x800.png 800w, https:\/\/bangvietbavicoboard.com\/wp-content\/uploads\/2024\/12\/bang-kinh-cuong-luc-di-dong-2-280x280.png 280w, https:\/\/bangvietbavicoboard.com\/wp-content\/uploads\/2024\/12\/bang-kinh-cuong-luc-di-dong-2-768x768.png 768w, https:\/\/bangvietbavicoboard.com\/wp-content\/uploads\/2024\/12\/bang-kinh-cuong-luc-di-dong-2-12x12.png 12w, https:\/\/bangvietbavicoboard.com\/wp-content\/uploads\/2024\/12\/bang-kinh-cuong-luc-di-dong-2-300x300.png 300w, https:\/\/bangvietbavicoboard.com\/wp-content\/uploads\/2024\/12\/bang-kinh-cuong-luc-di-dong-2-600x600.png 600w, https:\/\/bangvietbavicoboard.com\/wp-content\/uploads\/2024\/12\/bang-kinh-cuong-luc-di-dong-2-100x100.png 100w, https:\/\/bangvietbavicoboard.com\/wp-content\/uploads\/2024\/12\/bang-kinh-cuong-luc-di-dong-2-96x96.png 96w\" sizes=\"auto, (max-width: 1194px) 100vw, 1194px\" \/><\/td>\n<td><img loading=\"lazy\" decoding=\"async\" class=\"alignnone size-full wp-image-10098\" src=\"https:\/\/bangvietbavicoboard.com\/wp-content\/uploads\/2024\/12\/bang-kinh-cuong-luc-di-dong-5.png\" alt=\"\" width=\"1194\" height=\"1194\" srcset=\"https:\/\/bangvietbavicoboard.com\/wp-content\/uploads\/2024\/12\/bang-kinh-cuong-luc-di-dong-5.png 1194w, https:\/\/bangvietbavicoboard.com\/wp-content\/uploads\/2024\/12\/bang-kinh-cuong-luc-di-dong-5-400x400.png 400w, https:\/\/bangvietbavicoboard.com\/wp-content\/uploads\/2024\/12\/bang-kinh-cuong-luc-di-dong-5-800x800.png 800w, https:\/\/bangvietbavicoboard.com\/wp-content\/uploads\/2024\/12\/bang-kinh-cuong-luc-di-dong-5-280x280.png 280w, https:\/\/bangvietbavicoboard.com\/wp-content\/uploads\/2024\/12\/bang-kinh-cuong-luc-di-dong-5-768x768.png 768w, https:\/\/bangvietbavicoboard.com\/wp-content\/uploads\/2024\/12\/bang-kinh-cuong-luc-di-dong-5-12x12.png 12w, https:\/\/bangvietbavicoboard.com\/wp-content\/uploads\/2024\/12\/bang-kinh-cuong-luc-di-dong-5-300x300.png 300w, https:\/\/bangvietbavicoboard.com\/wp-content\/uploads\/2024\/12\/bang-kinh-cuong-luc-di-dong-5-600x600.png 600w, https:\/\/bangvietbavicoboard.com\/wp-content\/uploads\/2024\/12\/bang-kinh-cuong-luc-di-dong-5-100x100.png 100w, https:\/\/bangvietbavicoboard.com\/wp-content\/uploads\/2024\/12\/bang-kinh-cuong-luc-di-dong-5-96x96.png 96w\" sizes=\"auto, (max-width: 1194px) 100vw, 1194px\" \/><\/td>\n<\/tr>\n<\/tbody>\n<\/table>\n<h1><span class=\"ez-toc-section\" id=\"Bao_hanh\"><\/span><strong>B\u1ea3o h\u00e0nh<\/strong><span class=\"ez-toc-section-end\"><\/span><\/h1>\n<p>+ Th\u1eddi gian b\u1ea3o h\u00e0nh t\u1eeb 12-36 th\u00e1ng do l\u1ed7i c\u1ee7a nh\u00e0 s\u1ea3n xu\u1ea5t.<br \/>\n+ Qu\u00fd kh\u00e1ch h\u00e0ng gi\u1eef l\u1ea1i Gi\u1ea5y giao h\u00e0ng v\u00e0 g\u1ecdi cho s\u1ed1 Hotline ho\u1eb7c kinh doanh tr\u00ean gi\u1ea5y giao h\u00e0ng\/ tr\u00ean website n\u00e0y \u0111\u1ec3 \u0111\u01b0\u1ee3c h\u1ed7 tr\u1ee3!<\/p>\n<p><img decoding=\"async\" class=\"lazy-load-active\" src=\"https:\/\/bangvietbavico.edu.vn\/wp-content\/uploads\/2024\/10\/XE-TAI.png\" alt=\"B\u1ea3ng t\u1eeb tr\u1eafng di \u0111\u1ed9ng\" data-src=\"https:\/\/bangvietbavico.edu.vn\/wp-content\/uploads\/2024\/10\/XE-TAI.png\" \/><\/p>\n<h1><span class=\"ez-toc-section\" id=\"LY_DO_NEN_LUA_CHON_BANG_VIET_BAVICO\"><\/span><strong>L\u00dd DO N\u00caN L\u1ef0A CH\u1eccN B\u1ea2NG VI\u1ebeT BAVICO<\/strong><span class=\"ez-toc-section-end\"><\/span><\/h1>\n<ul>\n<li>B\u1ea3ng vi\u1ebft BAVICO l\u00e0 th\u01b0\u01a1ng hi\u1ec7u uy t\u00edn trong l\u0129nh v\u1ef1c s\u1ea3n xu\u1ea5t b\u1ea3ng v\u1edbi h\u01a1n 22 n\u0103m kinh nghi\u1ec7m.<\/li>\n<li>Doanh nghi\u1ec7p \u0111\u1ea7u ti\u00ean trong ng\u00e0nh \u0111\u01b0a b\u1ea3ng t\u1eeb v\u1ec1 Vi\u1ec7t Nam v\u00e0 t\u01b0 v\u1ea5n thay th\u1ebf b\u1ea3ng t\u1eeb cho B\u1ed9 Gi\u00e1o d\u1ee5c v\u00e0 \u0110\u00e0o t\u1ea1o.<\/li>\n<li>C\u00f3 ch\u1ee9ng nh\u1eadn nh\u1eadp kh\u1ea9u h\u00e0ng h\u00f3a theo \u0111\u00fang quy \u0111\u1ecbnh (CO \u2013 CQ).<\/li>\n<li>\u0110\u1ed1i t\u00e1c ngu\u1ed3n nguy\u00ean li\u1ec7u ch\u00ednh (m\u1eb7t b\u1ea3ng) uy t\u00edn tr\u00ean to\u00e0n c\u1ea7u: Polyvision cho b\u1ec1 m\u1eb7t Ceramic v\u00e0 Dongshin cho b\u1ec1 m\u1eb7t th\u00e9p ph\u1ee7 s\u01a1n.<\/li>\n<li>B\u1ea3ng vi\u1ebft BAVICO l\u00e0 C\u00f4ng ty s\u1ea3n xu\u1ea5t v\u00e0 c\u1ea5p cung s\u1ea3n ph\u1ea9m tr\u1ef1c ti\u1ebfp\u00a0 \u2013 \u0110\u1ea3m b\u1ea3o s\u1ea3n ph\u1ea9m ch\u00ednh h\u00e3ng 100%.<\/li>\n<li>B\u1ea3ng vi\u1ebft BAVICO \u0111\u00e3 ph\u1ee5c v\u1ee5 r\u1ea5t nhi\u1ec1u kh\u00e1ch h\u00e0ng l\u1edbn nh\u01b0: T\u1eadp \u0111o\u00e0n Samsung, Viettel, C\u00e1c Tr\u01b0\u1eddng Qu\u1ed1c T\u1ebf \u00c1 Ch\u00e2u, M\u1ef9, Ph\u00e1p, Nh\u1eadt,\u2026<\/li>\n<li>S\u1ea3n ph\u1ea9m \u0111a d\u1ea1ng v\u1edbi nhi\u1ec1u s\u1ef1 l\u1ef1a ch\u1ecdn, thi\u1ebft k\u1ebf v\u00e0 s\u1ea3n xu\u1ea5t theo y\u00eau c\u1ea7u kh\u00e1ch h\u00e0ng.<\/li>\n<li>Ch\u00ednh s\u00e1ch b\u1ea3o h\u00e0nh t\u1eeb 12 th\u00e1ng \u2013 24 th\u00e1ng gi\u00fap kh\u00e1ch h\u00e0ng y\u00ean t\u00e2m khi mua h\u00e0ng.<\/li>\n<\/ul>\n<h2><span class=\"ez-toc-section\" id=\"THONG_TIN_LIEN_HE_MUA_BANG\"><\/span><small><b>TH\u00d4NG TIN LI\u00caN H\u1ec6 MUA B\u1ea2NG\u00a0<\/b><\/small><span class=\"ez-toc-section-end\"><\/span><\/h2>\n<h3><span class=\"ez-toc-section\" id=\"Lien_he_ngay_hotline_0938_623_068_de_duoc_tu_van_mien_phi\"><\/span>Li\u00ean h\u1ec7 ngay hotline\u00a0<span style=\"text-decoration: underline;\"><span style=\"color: #0000ff; text-decoration: underline;\"><a style=\"color: #0000ff; text-decoration: underline;\" href=\"tel:0918598597\">09<\/a>38 623 068<\/span><\/span> \u0111\u1ec3 \u0111\u01b0\u1ee3c t\u01b0 v\u1ea5n mi\u1ec5n ph\u00ed!<span class=\"ez-toc-section-end\"><\/span><\/h3>\n<p><strong>Di \u0110\u1ed9ng: <\/strong><strong>\u00a0\u00a0<\/strong><strong>\u00a0<\/strong><span style=\"color: #0000ff;\"><a style=\"color: #0000ff;\" href=\"..\/..\/..\/..\/Documents\/Zalo%20Received%20Files\"><strong>0938<\/strong><\/a><strong><u> 623 068<\/u><\/strong><\/span><\/p>\n<p><strong>Email: <\/strong><strong>\u00a0\u00a0\u00a0\u00a0\u00a0\u00a0\u00a0<\/strong><a href=\"mailto:csns01@bangvietbavico.vn\"><strong>csns01@bangvietbavico.vn<\/strong><\/a><strong> \u00a0<\/strong><\/p>\n<p><strong>Website: \u00a0\u00a0<\/strong> <a href=\"https:\/\/bangvietbavicoboard.com\/en\/\"><strong>https:\/\/bangvietbavicoboard.com<\/strong><\/a><\/p>\n<h2><span class=\"ez-toc-section\" id=\"CONG_TY_TNHH_THIET_BI_GIAO_DUC_BAVICO\"><\/span><span id=\"CONG_TY_TNHH_THIET_BI_GIAO_DUC_BAVICO\" class=\"ez-toc-section\"><\/span><a href=\"https:\/\/bangvietbavicoboard.com\/en\/\" target=\"_blank\" rel=\"noopener\"><strong>EQUIPMENT CO., EDUCATION BAVICO<\/strong><\/a><span class=\"ez-toc-section-end\"><\/span><\/h2>\n<p><a href=\"https:\/\/www.google.com\/maps\/place\/C%C3%B4ng+Ty+TNHH+Thi%E1%BA%BFt+B%E1%BB%8B+Gi%C3%A1o+D%E1%BB%A5c+BAVICO\/@10.8422711,106.6244102,17z\/data=!3m1!4b1!4m5!3m4!1s0x31752a2a33796a47:0x1e4c184654bd6967!8m2!3d10.8422658!4d106.6265989?hl=vi-VN\" target=\"_blank\" rel=\"noopener\"><strong>Tr\u1ee5 s\u1edf ch\u00ednh: S\u1ed1 26 \u2013 28 \u0110\u01b0\u1eddng DD11 Khu bi\u1ec7t th\u1ef1 An S\u01b0\u01a1ng, Ph\u01b0\u1eddng T\u00e2n H\u01b0ng Thu\u1eadn, Qu\u1eadn 12, Th\u00e0nh ph\u1ed1 H\u1ed3 Ch\u00ed Minh, Vi\u1ec7t Nam.<\/strong><\/a><\/p>\n<p><a href=\"https:\/\/www.google.com\/maps\/place\/NH%C3%80+M%C3%81Y+B%E1%BA%A2NG+VI%E1%BA%BET+BAVICO\/data=!4m2!3m1!1s0x3174d54b4766c1e1:0x5e7544f8d3754cf8?hl=vi&amp;trk=https%3A%2F%2Fnotifications.google.com%2Fg%2Fp%2FANiao5qxS1Nm-jYR1J2xq7eGKk7sVofQFkONHZn7ZY1zjo26fUdiIedC5c2mAakkpMKjxMsTnB9fPMAbD18GWiRfE5-oXEHRGqQhobyjs_Hj9u2xUtrFgqGeo2BwkZvvFFFONLfFq-_lNqqzAQIbZ-Py-_UWpcdoJrNPOobHtX1hJYMPfYf7R5DJXHySX2mo-h0Loz8brWxA1Hr1nhML\" target=\"_blank\" rel=\"noopener\"><strong>Nh\u00e0 m\u00e1y s\u1ea3n xu\u1ea5t: S\u1ed1 7\/7 \u0111\u01b0\u1eddng s\u1ed1 65, H\u1ed3 V\u0103n T\u1eafng, \u1ea4p X\u00f3m \u0110\u1ed3ng, X\u00e3 T\u00e2n Ph\u00fa Trung, Huy\u1ec7n C\u1ee7 Chi, Th\u00e0nh Ph\u1ed1 H\u1ed3 Ch\u00ed Minh, Vi\u1ec7t Nam.<\/strong><\/a><\/p>\n<p><strong>MST: 0303030028 \u2013 Ng\u00e0y th\u00e0nh l\u1eadp c\u00f4ng ty: 01\/09\/2003<\/strong><\/p>\n<h2><span class=\"ez-toc-section\" id=\"%3E%3E%3E_Moi_Quy_khach_hang_click_tham_khao_cac_loai_Bang_viet_but_long_khac\"><\/span><span style=\"color: #800080;\"><a style=\"color: #800080;\" href=\"https:\/\/bangvietbavico.net\/product-category\/bang-viet-but-long\/\" target=\"_blank\" rel=\"noopener\"><em>&gt;&gt;&gt; M\u1eddi Qu\u00fd kh\u00e1ch h\u00e0ng click tham kh\u1ea3o c\u00e1c lo\u1ea1i B\u1ea3ng vi\u1ebft b\u00fat l\u00f4ng kh\u00e1c<\/em><\/a><\/span><span class=\"ez-toc-section-end\"><\/span><\/h2>\n<h2><span class=\"ez-toc-section\" id=\"%3E%3E%3E_Moi_Quy_khach_hang_click_tham_khao_cac_loai_Bang_viet_phan_khac\"><\/span><span style=\"color: #800080;\"><a style=\"color: #800080;\" href=\"http:\/\/bangvietbavico.net\/home\/bangvietphan\/\" target=\"_blank\" rel=\"noopener\"><em>&gt;&gt;&gt; M\u1eddi Qu\u00fd kh\u00e1ch h\u00e0ng click tham kh\u1ea3o c\u00e1c lo\u1ea1i B\u1ea3ng vi\u1ebft ph\u1ea5n kh\u00e1c<\/em><\/a><\/span><span class=\"ez-toc-section-end\"><\/span><\/h2>\n<p>&nbsp;<\/p>\n<h2><\/h2>\n<p>&nbsp;<\/p>","protected":false},"excerpt":{"rendered":"<p><span style=\"color: #000080;\"><em>Gi\u00e1 \u0111\u00e3 bao g\u1ed3m VAT.<br \/>\n<\/em><\/span><em><span style=\"color: #000080;\">\u0110\u1eb7t c\u1ecdc<\/span>\u00a0<strong><span style=\"color: #ed1c24;\">30%<\/span><\/strong>, <span style=\"color: #000080;\">g<\/span><\/em><em><span style=\"color: #000080;\">iao h\u00e0ng sau 03 \u2013 05 ng\u00e0y<\/span>.<\/em><\/p>\n<p><strong>B\u1ea3ng di \u0111\u1ed9ng k\u00ednh gh\u00e9p keo s\u1eefa\u00a0<\/strong> v\u1edbi \u0111\u1eb7c \u0111i\u1ec3m n\u1ed5i b\u1eadt b\u1ea3ng kh\u00f4ng bao gi\u1edd b\u1ecb lem m\u1ef1c, d\u1ec5 d\u00e0ng lau s\u1ea1ch, d\u1ec5 d\u00e0ng di chuy\u1ec3n v\u00e0 t\u00ednh ch\u1ecbu l\u1ef1c t\u1ed1i \u01b0u.<\/p>\n<p>Gi\u00e1 \u00e1p d\u1ee5ng t\u1ea1i H\u00f3c M\u00f4n, C\u1ee7 Chi v\u00e0 khu v\u1ef1c n\u1ed9i th\u00e0nh TPHCM (Q1,2,3,4,5,6,7,8,9,10,11,12,T\u00e2n B\u00ecnh, B\u00ecnh T\u00e2n, T\u00e2n Ph\u00fa, Ph\u00fa Nhu\u1eadn, B\u00ecnh Th\u1ea1nh, G\u00f2 V\u1ea5p)<br \/>\nMI\u1ec4N PH\u00cd giao h\u00e0ng &amp; l\u1eafp \u0111\u1eb7t<\/p>","protected":false},"featured_media":10094,"comment_status":"open","ping_status":"closed","template":"","meta":{"_acf_changed":false},"product_brand":[],"product_cat":[526],"product_tag":[],"class_list":{"0":"post-10093","1":"product","2":"type-product","3":"status-publish","4":"has-post-thumbnail","6":"product_cat-bang-kinh","8":"first","9":"instock","10":"shipping-taxable","11":"purchasable","12":"product-type-variable"},"acf":[],"_links":{"self":[{"href":"https:\/\/bangvietbavicoboard.com\/en\/wp-json\/wp\/v2\/product\/10093","targetHints":{"allow":["GET"]}}],"collection":[{"href":"https:\/\/bangvietbavicoboard.com\/en\/wp-json\/wp\/v2\/product"}],"about":[{"href":"https:\/\/bangvietbavicoboard.com\/en\/wp-json\/wp\/v2\/types\/product"}],"replies":[{"embeddable":true,"href":"https:\/\/bangvietbavicoboard.com\/en\/wp-json\/wp\/v2\/comments?post=10093"}],"wp:featuredmedia":[{"embeddable":true,"href":"https:\/\/bangvietbavicoboard.com\/en\/wp-json\/wp\/v2\/media\/10094"}],"wp:attachment":[{"href":"https:\/\/bangvietbavicoboard.com\/en\/wp-json\/wp\/v2\/media?parent=10093"}],"wp:term":[{"taxonomy":"product_brand","embeddable":true,"href":"https:\/\/bangvietbavicoboard.com\/en\/wp-json\/wp\/v2\/product_brand?post=10093"},{"taxonomy":"product_cat","embeddable":true,"href":"https:\/\/bangvietbavicoboard.com\/en\/wp-json\/wp\/v2\/product_cat?post=10093"},{"taxonomy":"product_tag","embeddable":true,"href":"https:\/\/bangvietbavicoboard.com\/en\/wp-json\/wp\/v2\/product_tag?post=10093"}],"curies":[{"name":"wp","href":"https:\/\/api.w.org\/{rel}","templated":true}]}}