{"id":10061,"date":"2024-12-14T08:23:33","date_gmt":"2024-12-14T08:23:33","guid":{"rendered":"https:\/\/bangvietbavicoboard.com\/?post_type=product&#038;p=10061"},"modified":"2025-03-29T08:52:28","modified_gmt":"2025-03-29T08:52:28","slug":"bang-kinh-tu-cuong-luc-5-ly-ep-pp-trang-sua","status":"publish","type":"product","link":"https:\/\/bangvietbavicoboard.com\/en\/product\/bang-kinh-tu-cuong-luc-5-ly-ep-pp-trang-sua\/","title":{"rendered":"B\u1ea3ng k\u00ednh t\u1eeb c\u01b0\u1eddng l\u1ef1c 5 ly \u00e9p PP tr\u1eafng s\u1eefa"},"content":{"rendered":"<div id=\"input_line_0\"><span id=\"input_part_0\" class=\"\" data-mention=\"B\u1ea3ng k\u00ednh c\u01b0\u1eddng l\u1ef1c 5 ly \u00e9p PP tr\u1eafng s\u1eefa d\u00e1n t\u01b0\u1eddng l\u00e0 d\u00f2ng s\u1ea3n ph\u1ea9m b\u1ea3ng vi\u1ebft b\u00fat l\u00f4ng r\u1ea5t sang tr\u1ecdng hi\u1ec7n nay v\u00e0 r\u1ea5t \u0111\u01b0\u1ee3c nhi\u1ec1u qu\u00fd kh\u00e1ch h\u00e0ng tin d\u00f9ng nhi\u1ec1u nh\u1ea5t v\u00ec nhi\u1ec1u \u0111\u1eb7c t\u00ednh n\u1ed5i b\u1eadt nh\u1ea5t:\"><strong>B\u1ea3ng k\u00ednh t\u1eeb c\u01b0\u1eddng l\u1ef1c 5 ly \u00e9p PP tr\u1eafng s\u1eefa<\/strong> g\u1eafn t\u01b0\u1eddng l\u00e0 d\u00f2ng s\u1ea3n ph\u1ea9m b\u1ea3ng vi\u1ebft b\u00fat l\u00f4ng r\u1ea5t sang tr\u1ecdng hi\u1ec7n nay v\u00e0 r\u1ea5t \u0111\u01b0\u1ee3c nhi\u1ec1u qu\u00fd kh\u00e1ch h\u00e0ng tin d\u00f9ng nhi\u1ec1u nh\u1ea5t v\u00ec nhi\u1ec1u \u0111\u1eb7c t\u00ednh n\u1ed5i b\u1eadt nh\u1ea5t: v<\/span><span id=\"input_part_0\" class=\"\" data-mention=\"- Vi\u1ebft \u00eam.\">i\u1ebft \u00eam, d<\/span><span id=\"input_part_0\" class=\"\" data-mention=\"- D\u1ec5 d\u00e0ng lau s\u1ea1ch.\">\u1ec5 d\u00e0ng lau s\u1ea1ch, \u0111<\/span><span id=\"input_part_0\" class=\"\" data-mention=\"- \u0110\u1eb7c bi\u1ec7t r\u1ea5t sang tr\u1ecdng cho m\u1ecdi kh\u00f4ng gian.\">\u1eb7c bi\u1ec7t r\u1ea5t sang tr\u1ecdng cho m\u1ecdi kh\u00f4ng gian.<\/span><\/div>\n<div>\n<table>\n<tbody>\n<tr>\n<td>\n<div id=\"input_line_4\"><img loading=\"lazy\" decoding=\"async\" class=\"alignnone size-full wp-image-10063\" src=\"https:\/\/bangvietbavicoboard.com\/wp-content\/uploads\/2024\/12\/bang-kinh-cuong-luc-ep-pp-5ly-2.png\" alt=\"\" width=\"1194\" height=\"1194\" srcset=\"https:\/\/bangvietbavicoboard.com\/wp-content\/uploads\/2024\/12\/bang-kinh-cuong-luc-ep-pp-5ly-2.png 1194w, https:\/\/bangvietbavicoboard.com\/wp-content\/uploads\/2024\/12\/bang-kinh-cuong-luc-ep-pp-5ly-2-400x400.png 400w, https:\/\/bangvietbavicoboard.com\/wp-content\/uploads\/2024\/12\/bang-kinh-cuong-luc-ep-pp-5ly-2-800x800.png 800w, https:\/\/bangvietbavicoboard.com\/wp-content\/uploads\/2024\/12\/bang-kinh-cuong-luc-ep-pp-5ly-2-280x280.png 280w, https:\/\/bangvietbavicoboard.com\/wp-content\/uploads\/2024\/12\/bang-kinh-cuong-luc-ep-pp-5ly-2-768x768.png 768w, https:\/\/bangvietbavicoboard.com\/wp-content\/uploads\/2024\/12\/bang-kinh-cuong-luc-ep-pp-5ly-2-12x12.png 12w, https:\/\/bangvietbavicoboard.com\/wp-content\/uploads\/2024\/12\/bang-kinh-cuong-luc-ep-pp-5ly-2-300x300.png 300w, https:\/\/bangvietbavicoboard.com\/wp-content\/uploads\/2024\/12\/bang-kinh-cuong-luc-ep-pp-5ly-2-600x600.png 600w, https:\/\/bangvietbavicoboard.com\/wp-content\/uploads\/2024\/12\/bang-kinh-cuong-luc-ep-pp-5ly-2-100x100.png 100w, https:\/\/bangvietbavicoboard.com\/wp-content\/uploads\/2024\/12\/bang-kinh-cuong-luc-ep-pp-5ly-2-96x96.png 96w\" sizes=\"auto, (max-width: 1194px) 100vw, 1194px\" \/><\/div>\n<\/td>\n<td><img loading=\"lazy\" decoding=\"async\" class=\"alignnone size-full wp-image-10062\" src=\"https:\/\/bangvietbavicoboard.com\/wp-content\/uploads\/2024\/12\/bang-kinh-cuong-luc-ep-pp-5ly-1.png\" alt=\"\" width=\"1194\" height=\"1194\" srcset=\"https:\/\/bangvietbavicoboard.com\/wp-content\/uploads\/2024\/12\/bang-kinh-cuong-luc-ep-pp-5ly-1.png 1194w, https:\/\/bangvietbavicoboard.com\/wp-content\/uploads\/2024\/12\/bang-kinh-cuong-luc-ep-pp-5ly-1-400x400.png 400w, https:\/\/bangvietbavicoboard.com\/wp-content\/uploads\/2024\/12\/bang-kinh-cuong-luc-ep-pp-5ly-1-800x800.png 800w, https:\/\/bangvietbavicoboard.com\/wp-content\/uploads\/2024\/12\/bang-kinh-cuong-luc-ep-pp-5ly-1-280x280.png 280w, https:\/\/bangvietbavicoboard.com\/wp-content\/uploads\/2024\/12\/bang-kinh-cuong-luc-ep-pp-5ly-1-768x768.png 768w, https:\/\/bangvietbavicoboard.com\/wp-content\/uploads\/2024\/12\/bang-kinh-cuong-luc-ep-pp-5ly-1-12x12.png 12w, https:\/\/bangvietbavicoboard.com\/wp-content\/uploads\/2024\/12\/bang-kinh-cuong-luc-ep-pp-5ly-1-300x300.png 300w, https:\/\/bangvietbavicoboard.com\/wp-content\/uploads\/2024\/12\/bang-kinh-cuong-luc-ep-pp-5ly-1-600x600.png 600w, https:\/\/bangvietbavicoboard.com\/wp-content\/uploads\/2024\/12\/bang-kinh-cuong-luc-ep-pp-5ly-1-100x100.png 100w, https:\/\/bangvietbavicoboard.com\/wp-content\/uploads\/2024\/12\/bang-kinh-cuong-luc-ep-pp-5ly-1-96x96.png 96w\" sizes=\"auto, (max-width: 1194px) 100vw, 1194px\" \/><\/td>\n<\/tr>\n<\/tbody>\n<\/table>\n<\/div>\n<h2><span class=\"ez-toc-section\" id=\"CAU_TAO_CUA_SAN_PHAM\"><\/span><b>C\u1ea4U T\u1ea0O C\u1ee6A S\u1ea2N PH\u1ea8M:<\/b><span class=\"ez-toc-section-end\"><\/span><\/h2>\n<h4><span class=\"ez-toc-section\" id=\"1_Mat_bang\"><\/span><strong>1. M\u1eb7t b\u1ea3ng:<\/strong><span class=\"ez-toc-section-end\"><\/span><\/h4>\n<p>Ch\u1ea5t li\u1ec7u b\u1eb1ng k\u00ednh\u00a0<strong>d\u00e0y 5ly<\/strong> cao c\u1ea5p \u0111\u01b0\u1ee3c c\u01b0\u1eddng l\u1ef1c tr\u00ean 1000 \u0111\u1ed9 C, \u0111\u1ea3m b\u1ea3o m\u1eb7t b\u1ea3ng ch\u1ecbu l\u1ef1c t\u1ed1i \u01b0u v\u00e0 an to\u00e0n tuy\u1ec7t \u0111\u1ed1i. M\u1eb7t sau \u0111\u01b0\u1ee3c \u00e9p l\u1edbp PP tr\u1eafng s\u1eefa cao c\u1ea5p.<\/p>\n<p>\u0110\u1eb7c bi\u1ec7t, m\u1eb7t b\u1ea3ng vi\u1ebft lau d\u1ec5 d\u00e0ng v\u00e0 kh\u00f4ng bao gi\u1edd d\u00ednh m\u1ef1c, m\u1eb7t b\u1ea3ng ch\u1ed1ng tr\u1ea7y v\u00e0 ch\u1ed1ng h\u01b0 h\u1ea1i b\u1edfi h\u00f3a ch\u1ea5t.<\/p>\n<h4><span class=\"ez-toc-section\" id=\"2_Canh_bang\"><\/span><strong>2. C\u1ea1nh b\u1ea3ng:<\/strong><span class=\"ez-toc-section-end\"><\/span><\/h4>\n<p>\u0110\u01b0\u1ee3c m\u00e0i l\u00e1ng r\u1ea5t tinh t\u1ebf.<\/p>\n<h4><span class=\"ez-toc-section\" id=\"3_Thi_cong_lap_dat_bang_vao_tuong\"><\/span><strong>3. Thi c\u00f4ng l\u1eafp \u0111\u1eb7t b\u1ea3ng v\u00e0o t\u01b0\u1eddng:<\/strong><span class=\"ez-toc-section-end\"><\/span><\/h4>\n<p>L\u1eafp v\u00e0o t\u01b0\u1eddng b\u1eb1ng c\u00e1c b\u00f9 lon inox.<\/p>\n<div>\n<table>\n<tbody>\n<tr>\n<td>\n<div id=\"input_line_4\"><img loading=\"lazy\" decoding=\"async\" class=\"alignnone size-full wp-image-10066\" src=\"https:\/\/bangvietbavicoboard.com\/wp-content\/uploads\/2024\/12\/bang-kinh-cuong-luc-ep-pp-5ly-5.png\" alt=\"\" width=\"1194\" height=\"1194\" srcset=\"https:\/\/bangvietbavicoboard.com\/wp-content\/uploads\/2024\/12\/bang-kinh-cuong-luc-ep-pp-5ly-5.png 1194w, https:\/\/bangvietbavicoboard.com\/wp-content\/uploads\/2024\/12\/bang-kinh-cuong-luc-ep-pp-5ly-5-400x400.png 400w, https:\/\/bangvietbavicoboard.com\/wp-content\/uploads\/2024\/12\/bang-kinh-cuong-luc-ep-pp-5ly-5-800x800.png 800w, https:\/\/bangvietbavicoboard.com\/wp-content\/uploads\/2024\/12\/bang-kinh-cuong-luc-ep-pp-5ly-5-280x280.png 280w, https:\/\/bangvietbavicoboard.com\/wp-content\/uploads\/2024\/12\/bang-kinh-cuong-luc-ep-pp-5ly-5-768x768.png 768w, https:\/\/bangvietbavicoboard.com\/wp-content\/uploads\/2024\/12\/bang-kinh-cuong-luc-ep-pp-5ly-5-12x12.png 12w, https:\/\/bangvietbavicoboard.com\/wp-content\/uploads\/2024\/12\/bang-kinh-cuong-luc-ep-pp-5ly-5-300x300.png 300w, https:\/\/bangvietbavicoboard.com\/wp-content\/uploads\/2024\/12\/bang-kinh-cuong-luc-ep-pp-5ly-5-600x600.png 600w, https:\/\/bangvietbavicoboard.com\/wp-content\/uploads\/2024\/12\/bang-kinh-cuong-luc-ep-pp-5ly-5-100x100.png 100w, https:\/\/bangvietbavicoboard.com\/wp-content\/uploads\/2024\/12\/bang-kinh-cuong-luc-ep-pp-5ly-5-96x96.png 96w\" sizes=\"auto, (max-width: 1194px) 100vw, 1194px\" \/><\/div>\n<\/td>\n<td><img loading=\"lazy\" decoding=\"async\" class=\"alignnone size-full wp-image-10065\" src=\"https:\/\/bangvietbavicoboard.com\/wp-content\/uploads\/2024\/12\/bang-kinh-cuong-luc-ep-pp-5ly-4.png\" alt=\"\" width=\"1194\" height=\"1194\" srcset=\"https:\/\/bangvietbavicoboard.com\/wp-content\/uploads\/2024\/12\/bang-kinh-cuong-luc-ep-pp-5ly-4.png 1194w, https:\/\/bangvietbavicoboard.com\/wp-content\/uploads\/2024\/12\/bang-kinh-cuong-luc-ep-pp-5ly-4-400x400.png 400w, https:\/\/bangvietbavicoboard.com\/wp-content\/uploads\/2024\/12\/bang-kinh-cuong-luc-ep-pp-5ly-4-800x800.png 800w, https:\/\/bangvietbavicoboard.com\/wp-content\/uploads\/2024\/12\/bang-kinh-cuong-luc-ep-pp-5ly-4-280x280.png 280w, https:\/\/bangvietbavicoboard.com\/wp-content\/uploads\/2024\/12\/bang-kinh-cuong-luc-ep-pp-5ly-4-768x768.png 768w, https:\/\/bangvietbavicoboard.com\/wp-content\/uploads\/2024\/12\/bang-kinh-cuong-luc-ep-pp-5ly-4-12x12.png 12w, https:\/\/bangvietbavicoboard.com\/wp-content\/uploads\/2024\/12\/bang-kinh-cuong-luc-ep-pp-5ly-4-300x300.png 300w, https:\/\/bangvietbavicoboard.com\/wp-content\/uploads\/2024\/12\/bang-kinh-cuong-luc-ep-pp-5ly-4-600x600.png 600w, https:\/\/bangvietbavicoboard.com\/wp-content\/uploads\/2024\/12\/bang-kinh-cuong-luc-ep-pp-5ly-4-100x100.png 100w, https:\/\/bangvietbavicoboard.com\/wp-content\/uploads\/2024\/12\/bang-kinh-cuong-luc-ep-pp-5ly-4-96x96.png 96w\" sizes=\"auto, (max-width: 1194px) 100vw, 1194px\" \/><\/td>\n<\/tr>\n<\/tbody>\n<\/table>\n<\/div>\n<figure style=\"width: 1055px\" class=\"wp-caption alignnone\"><img loading=\"lazy\" decoding=\"async\" class=\"\" src=\"https:\/\/bangvietbavico.com\/vnt_upload\/product\/06_2023\/bang_kinh_tu_dan_tuong.jpg\" alt=\"bang_kinh_tu_dan_tuong\" width=\"1055\" height=\"785\" \/><figcaption class=\"wp-caption-text\"><em>(B\u1ea3ng k\u00ednh t\u1eeb c\u01b0\u1eddng l\u1ef1c d\u00e1n t\u01b0\u1eddng)<\/em><\/figcaption><\/figure>\n<h2><span class=\"ez-toc-section\" id=\"Cach_buoc_tien_hanh_de_gan_bang_vao_tuong\"><\/span><strong>C\u00e1ch b\u01b0\u1edbc ti\u1ebfn h\u00e0nh \u0111\u1ec3 g\u00e1n b\u1ea3ng v\u00e0o t\u01b0\u1eddng:<\/strong><span class=\"ez-toc-section-end\"><\/span><\/h2>\n<p>B\u01b0\u1edbc 1: X\u00e1c \u0111\u1ecbnh c\u00e1c v\u1ecb tr\u00ed l\u1ed7 \u0111\u00e3 \u0111\u1ee5c tr\u01b0\u1edbc tr\u00ean m\u1eb7t b\u1ea3ng \u0111\u1ec3 \u0111o v\u1ecb tr\u00ed c\u00e1c l\u1ed7 tr\u00ean t\u01b0\u1eddng<\/p>\n<p>B\u01b0\u1edbc 2: Khoan c\u00e1c l\u1ed7 tr\u00ean t\u01b0\u1eddng b\u1eb1ng khoan b\u00ea t\u00f4ng<\/p>\n<p>B\u01b0\u1edbc 3: B\u1eaft 1 ph\u1ea7n tr\u1ee5 inox l\u00ean tr\u00ean t\u01b0\u1eddng<\/p>\n<p>B\u01b0\u1edbc 4: \u0110\u1eb7t b\u1ea3ng l\u00ean v\u1ecb tr\u00ed c\u00e1c tr\u1ee5 inox v\u00e0 d\u00f9ng ph\u1ea7n c\u00f2n l\u1ea1i c\u1ee7a tr\u1ee5 inox v\u1eb7n ch\u1eb7t \u0111\u1ec3 gi\u1eef b\u1ea3ng.<\/p>\n<h2 id=\"input_line_5\"><span class=\"ez-toc-section\" id=\"4_ly_do_nen_su_dung_bang_kinh_cho_van_phong\"><\/span><strong><span id=\"input_part_0\" class=\"\" data-mention=\"4 l\u00fd do n\u00ean s\u1eed d\u1ee5ng b\u1ea3ng k\u00ednh cho v\u0103n ph\u00f2ng:\">4 l\u00fd do n\u00ean s\u1eed d\u1ee5ng b\u1ea3ng k\u00ednh cho v\u0103n ph\u00f2ng:<\/span><\/strong><span class=\"ez-toc-section-end\"><\/span><\/h2>\n<div id=\"input_line_6\"><span id=\"input_part_0\" class=\"\" data-mention=\"- H\u1ed7 tr\u1ee3 qu\u1ea3n l\u00fd c\u00f4ng vi\u1ec7c hi\u1ec7u qu\u1ea3.\">\u2013 H\u1ed7 tr\u1ee3 qu\u1ea3n l\u00fd c\u00f4ng vi\u1ec7c hi\u1ec7u qu\u1ea3.<\/span><\/div>\n<div id=\"input_line_7\"><span id=\"input_part_0\" class=\"\" data-mention=\"- Gi\u00fap ghi l\u1ea1i m\u1ecdi c\u00f4ng vi\u1ec7c trong ng\u00e0y.\">\u2013 Gi\u00fap ghi l\u1ea1i m\u1ecdi c\u00f4ng vi\u1ec7c trong ng\u00e0y.<\/span><\/div>\n<div id=\"input_line_8\"><span id=\"input_part_0\" class=\"\" data-mention=\"- Ph\u00f9 h\u1ee3p v\u1edbi m\u1ecdi kh\u00f4ng gian.\">\u2013 Ph\u00f9 h\u1ee3p v\u1edbi m\u1ecdi kh\u00f4ng gian.<\/span><\/div>\n<div id=\"input_line_9\"><span id=\"input_part_0\" class=\"\" data-mention=\"- T\u00ednh th\u1ea9m m\u0129 v\u00e0 \u0111\u1ed9 an to\u00e0n cao, d\u1ec5 s\u1eed d\u1ee5ng.\">\u2013 T\u00ednh th\u1ea9m m\u0129 v\u00e0 \u0111\u1ed9 an to\u00e0n cao, d\u1ec5 s\u1eed d\u1ee5ng.<\/span><\/div>\n<div><\/div>\n<div>\n<h1><span class=\"ez-toc-section\" id=\"Bao_hanh\"><\/span><strong>B\u1ea3o h\u00e0nh<\/strong><span class=\"ez-toc-section-end\"><\/span><\/h1>\n<p>+ Th\u1eddi gian b\u1ea3o h\u00e0nh t\u1eeb 12-36 th\u00e1ng do l\u1ed7i c\u1ee7a nh\u00e0 s\u1ea3n xu\u1ea5t.<br \/>\n+ Qu\u00fd kh\u00e1ch h\u00e0ng gi\u1eef l\u1ea1i Gi\u1ea5y giao h\u00e0ng v\u00e0 g\u1ecdi cho s\u1ed1 Hotline ho\u1eb7c kinh doanh tr\u00ean gi\u1ea5y giao h\u00e0ng\/ tr\u00ean website n\u00e0y \u0111\u1ec3 \u0111\u01b0\u1ee3c h\u1ed7 tr\u1ee3!<\/p>\n<p><img decoding=\"async\" class=\"lazy-load-active\" src=\"https:\/\/bangvietbavico.edu.vn\/wp-content\/uploads\/2024\/10\/XE-TAI.png\" alt=\"B\u1ea3ng t\u1eeb tr\u1eafng di \u0111\u1ed9ng\" data-src=\"https:\/\/bangvietbavico.edu.vn\/wp-content\/uploads\/2024\/10\/XE-TAI.png\" \/><\/p>\n<h1><span class=\"ez-toc-section\" id=\"LY_DO_NEN_LUA_CHON_BANG_VIET_BAVICO\"><\/span><strong>L\u00dd DO N\u00caN L\u1ef0A CH\u1eccN B\u1ea2NG VI\u1ebeT BAVICO<\/strong><span class=\"ez-toc-section-end\"><\/span><\/h1>\n<ul>\n<li>B\u1ea3ng vi\u1ebft BAVICO l\u00e0 th\u01b0\u01a1ng hi\u1ec7u uy t\u00edn trong l\u0129nh v\u1ef1c s\u1ea3n xu\u1ea5t b\u1ea3ng v\u1edbi h\u01a1n 22 n\u0103m kinh nghi\u1ec7m.<\/li>\n<li>Doanh nghi\u1ec7p \u0111\u1ea7u ti\u00ean trong ng\u00e0nh \u0111\u01b0a b\u1ea3ng t\u1eeb v\u1ec1 Vi\u1ec7t Nam v\u00e0 t\u01b0 v\u1ea5n thay th\u1ebf b\u1ea3ng t\u1eeb cho B\u1ed9 Gi\u00e1o d\u1ee5c v\u00e0 \u0110\u00e0o t\u1ea1o.<\/li>\n<li>C\u00f3 ch\u1ee9ng nh\u1eadn nh\u1eadp kh\u1ea9u h\u00e0ng h\u00f3a theo \u0111\u00fang quy \u0111\u1ecbnh (CO \u2013 CQ).<\/li>\n<li>\u0110\u1ed1i t\u00e1c ngu\u1ed3n nguy\u00ean li\u1ec7u ch\u00ednh (m\u1eb7t b\u1ea3ng) uy t\u00edn tr\u00ean to\u00e0n c\u1ea7u: Polyvision cho b\u1ec1 m\u1eb7t Ceramic v\u00e0 Dongshin cho b\u1ec1 m\u1eb7t th\u00e9p ph\u1ee7 s\u01a1n.<\/li>\n<li>B\u1ea3ng vi\u1ebft BAVICO l\u00e0 C\u00f4ng ty s\u1ea3n xu\u1ea5t v\u00e0 c\u1ea5p cung s\u1ea3n ph\u1ea9m tr\u1ef1c ti\u1ebfp\u00a0 \u2013 \u0110\u1ea3m b\u1ea3o s\u1ea3n ph\u1ea9m ch\u00ednh h\u00e3ng 100%.<\/li>\n<li>B\u1ea3ng vi\u1ebft BAVICO \u0111\u00e3 ph\u1ee5c v\u1ee5 r\u1ea5t nhi\u1ec1u kh\u00e1ch h\u00e0ng l\u1edbn nh\u01b0: T\u1eadp \u0111o\u00e0n Samsung, Viettel, C\u00e1c Tr\u01b0\u1eddng Qu\u1ed1c T\u1ebf \u00c1 Ch\u00e2u, M\u1ef9, Ph\u00e1p, Nh\u1eadt,\u2026<\/li>\n<li>S\u1ea3n ph\u1ea9m \u0111a d\u1ea1ng v\u1edbi nhi\u1ec1u s\u1ef1 l\u1ef1a ch\u1ecdn, thi\u1ebft k\u1ebf v\u00e0 s\u1ea3n xu\u1ea5t theo y\u00eau c\u1ea7u kh\u00e1ch h\u00e0ng.<\/li>\n<li>Ch\u00ednh s\u00e1ch b\u1ea3o h\u00e0nh t\u1eeb 12 th\u00e1ng \u2013 24 th\u00e1ng gi\u00fap kh\u00e1ch h\u00e0ng y\u00ean t\u00e2m khi mua h\u00e0ng.<\/li>\n<\/ul>\n<h2><span class=\"ez-toc-section\" id=\"THONG_TIN_LIEN_HE_MUA_BANG\"><\/span><small><b>TH\u00d4NG TIN LI\u00caN H\u1ec6 MUA B\u1ea2NG\u00a0<\/b><\/small><span class=\"ez-toc-section-end\"><\/span><\/h2>\n<h3><span class=\"ez-toc-section\" id=\"Lien_he_ngay_hotline_0938_623_068_de_duoc_tu_van_mien_phi\"><\/span>Li\u00ean h\u1ec7 ngay hotline\u00a0<span style=\"text-decoration: underline;\"><span style=\"color: #0000ff; text-decoration: underline;\"><a style=\"color: #0000ff; text-decoration: underline;\" href=\"tel:0918598597\">09<\/a>38 623 068<\/span><\/span> \u0111\u1ec3 \u0111\u01b0\u1ee3c t\u01b0 v\u1ea5n mi\u1ec5n ph\u00ed!<span class=\"ez-toc-section-end\"><\/span><\/h3>\n<p><strong>Di \u0110\u1ed9ng: <\/strong><strong>\u00a0\u00a0<\/strong><strong>\u00a0<\/strong><span style=\"color: #0000ff;\"><a style=\"color: #0000ff;\" href=\"..\/..\/..\/..\/Documents\/Zalo%20Received%20Files\"><strong>0938<\/strong><\/a><strong><u> 623 068<\/u><\/strong><\/span><\/p>\n<p><strong>Email: <\/strong><strong>\u00a0\u00a0\u00a0\u00a0\u00a0\u00a0\u00a0<\/strong><a href=\"mailto:csns01@bangvietbavico.vn\"><strong>csns01@bangvietbavico.vn<\/strong><\/a><strong> \u00a0<\/strong><\/p>\n<p><strong>Website: \u00a0\u00a0<\/strong> <a href=\"https:\/\/bangvietbavicoboard.com\/en\/\"><strong>https:\/\/bangvietbavicoboard.com<\/strong><\/a><\/p>\n<h2><span class=\"ez-toc-section\" id=\"CONG_TY_TNHH_THIET_BI_GIAO_DUC_BAVICO\"><\/span><span id=\"CONG_TY_TNHH_THIET_BI_GIAO_DUC_BAVICO\" class=\"ez-toc-section\"><\/span><a href=\"https:\/\/bangvietbavicoboard.com\/en\/\" target=\"_blank\" rel=\"noopener\"><strong>EQUIPMENT CO., EDUCATION BAVICO<\/strong><\/a><span class=\"ez-toc-section-end\"><\/span><\/h2>\n<p><a href=\"https:\/\/www.google.com\/maps\/place\/C%C3%B4ng+Ty+TNHH+Thi%E1%BA%BFt+B%E1%BB%8B+Gi%C3%A1o+D%E1%BB%A5c+BAVICO\/@10.8422711,106.6244102,17z\/data=!3m1!4b1!4m5!3m4!1s0x31752a2a33796a47:0x1e4c184654bd6967!8m2!3d10.8422658!4d106.6265989?hl=vi-VN\" target=\"_blank\" rel=\"noopener\"><strong>Tr\u1ee5 s\u1edf ch\u00ednh: S\u1ed1 26 \u2013 28 \u0110\u01b0\u1eddng DD11 Khu bi\u1ec7t th\u1ef1 An S\u01b0\u01a1ng, Ph\u01b0\u1eddng T\u00e2n H\u01b0ng Thu\u1eadn, Qu\u1eadn 12, Th\u00e0nh ph\u1ed1 H\u1ed3 Ch\u00ed Minh, Vi\u1ec7t Nam.<\/strong><\/a><\/p>\n<p><a href=\"https:\/\/www.google.com\/maps\/place\/NH%C3%80+M%C3%81Y+B%E1%BA%A2NG+VI%E1%BA%BET+BAVICO\/data=!4m2!3m1!1s0x3174d54b4766c1e1:0x5e7544f8d3754cf8?hl=vi&amp;trk=https%3A%2F%2Fnotifications.google.com%2Fg%2Fp%2FANiao5qxS1Nm-jYR1J2xq7eGKk7sVofQFkONHZn7ZY1zjo26fUdiIedC5c2mAakkpMKjxMsTnB9fPMAbD18GWiRfE5-oXEHRGqQhobyjs_Hj9u2xUtrFgqGeo2BwkZvvFFFONLfFq-_lNqqzAQIbZ-Py-_UWpcdoJrNPOobHtX1hJYMPfYf7R5DJXHySX2mo-h0Loz8brWxA1Hr1nhML\" target=\"_blank\" rel=\"noopener\"><strong>Nh\u00e0 m\u00e1y s\u1ea3n xu\u1ea5t: S\u1ed1 7\/7 \u0111\u01b0\u1eddng s\u1ed1 65, H\u1ed3 V\u0103n T\u1eafng, \u1ea4p X\u00f3m \u0110\u1ed3ng, X\u00e3 T\u00e2n Ph\u00fa Trung, Huy\u1ec7n C\u1ee7 Chi, Th\u00e0nh Ph\u1ed1 H\u1ed3 Ch\u00ed Minh, Vi\u1ec7t Nam.<\/strong><\/a><\/p>\n<p><strong>MST: 0303030028 \u2013 Ng\u00e0y th\u00e0nh l\u1eadp c\u00f4ng ty: 01\/09\/2003<\/strong><\/p>\n<h2><span class=\"ez-toc-section\" id=\"%3E%3E%3E_Moi_Quy_khach_hang_click_tham_khao_cac_loai_Bang_viet_but_long_khac\"><\/span><span style=\"color: #800080;\"><a style=\"color: #800080;\" href=\"https:\/\/bangvietbavico.net\/product-category\/bang-viet-but-long\/\" target=\"_blank\" rel=\"noopener\"><em>&gt;&gt;&gt; M\u1eddi Qu\u00fd kh\u00e1ch h\u00e0ng click tham kh\u1ea3o c\u00e1c lo\u1ea1i B\u1ea3ng vi\u1ebft b\u00fat l\u00f4ng kh\u00e1c<\/em><\/a><\/span><span class=\"ez-toc-section-end\"><\/span><\/h2>\n<h2><span class=\"ez-toc-section\" id=\"%3E%3E%3E_Moi_Quy_khach_hang_click_tham_khao_cac_loai_Bang_viet_phan_khac\"><\/span><span style=\"color: #800080;\"><a style=\"color: #800080;\" href=\"http:\/\/bangvietbavico.net\/home\/bangvietphan\/\" target=\"_blank\" rel=\"noopener\"><em>&gt;&gt;&gt; M\u1eddi Qu\u00fd kh\u00e1ch h\u00e0ng click tham kh\u1ea3o c\u00e1c lo\u1ea1i B\u1ea3ng vi\u1ebft ph\u1ea5n kh\u00e1c<\/em><\/a><\/span><span class=\"ez-toc-section-end\"><\/span><\/h2>\n<h2><span class=\"ez-toc-section\" id=\"%3E%3E%3E_Moi_Quy_khach_hang_click_tham_khao_cac_loai_Bang_kinh_khac\"><\/span><span style=\"font-family: arial, helvetica, sans-serif; color: #008000;\"><a style=\"color: #008000;\" href=\"https:\/\/bangvietbavicoboard.com\/en\/product-category\/bang-kinh\/\"><em>&gt;&gt;&gt; M\u1eddi Qu\u00fd kh\u00e1ch h\u00e0ng click tham kh\u1ea3o c\u00e1c lo\u1ea1i B\u1ea3ng k\u00ednh kh\u00e1c<\/em><\/a><\/span><span class=\"ez-toc-section-end\"><\/span><\/h2>\n<\/div>\n<div><\/div>\n<p>&nbsp;<\/p>","protected":false},"excerpt":{"rendered":"<p><span style=\"color: #000080;\"><em>Gi\u00e1 \u0111\u00e3 bao g\u1ed3m VAT.<br \/>\n<\/em><\/span><em><span style=\"color: #000080;\">\u0110\u1eb7t c\u1ecdc<\/span>\u00a0<strong><span style=\"color: #ed1c24;\">30%<\/span><\/strong>, <span style=\"color: #000080;\">g<\/span><\/em><em><span style=\"color: #000080;\">iao h\u00e0ng sau 03 \u2013 05 ng\u00e0y<\/span>.<\/em><\/p>\n<p><strong>B\u1ea3ng k\u00ednh t\u1eeb c\u01b0\u1eddng l\u1ef1c 5 ly \u00e9p PP<\/strong> tr\u1eafng s\u1eefa g\u1eafn t\u01b0\u1eddng l\u00e0 d\u00f2ng s\u1ea3n ph\u1ea9m sang tr\u1ecdng \u0111\u01b0\u1ee3c nhi\u1ec1u v\u0103n ph\u00f2ng v\u00e0 tr\u01b0\u1eddng h\u1ecdc tin d\u00f9ng nh\u1ea5t hi\u1ec7n nay.<\/p>\n<p>Gi\u00e1 \u00e1p d\u1ee5ng t\u1ea1i H\u00f3c M\u00f4n, C\u1ee7 Chi v\u00e0 khu v\u1ef1c n\u1ed9i th\u00e0nh TPHCM (Q1,2,3,4,5,6,7,8,9,10,11,12,T\u00e2n B\u00ecnh, B\u00ecnh T\u00e2n, T\u00e2n Ph\u00fa, Ph\u00fa Nhu\u1eadn, B\u00ecnh Th\u1ea1nh, G\u00f2 V\u1ea5p)<br \/>\nMI\u1ec4N PH\u00cd giao h\u00e0ng &amp; l\u1eafp \u0111\u1eb7t<\/p>","protected":false},"featured_media":10065,"comment_status":"open","ping_status":"closed","template":"","meta":{"_acf_changed":false},"product_brand":[],"product_cat":[526],"product_tag":[],"class_list":{"0":"post-10061","1":"product","2":"type-product","3":"status-publish","4":"has-post-thumbnail","6":"product_cat-bang-kinh","8":"first","9":"instock","10":"shipping-taxable","11":"purchasable","12":"product-type-variable"},"acf":[],"_links":{"self":[{"href":"https:\/\/bangvietbavicoboard.com\/en\/wp-json\/wp\/v2\/product\/10061","targetHints":{"allow":["GET"]}}],"collection":[{"href":"https:\/\/bangvietbavicoboard.com\/en\/wp-json\/wp\/v2\/product"}],"about":[{"href":"https:\/\/bangvietbavicoboard.com\/en\/wp-json\/wp\/v2\/types\/product"}],"replies":[{"embeddable":true,"href":"https:\/\/bangvietbavicoboard.com\/en\/wp-json\/wp\/v2\/comments?post=10061"}],"wp:featuredmedia":[{"embeddable":true,"href":"https:\/\/bangvietbavicoboard.com\/en\/wp-json\/wp\/v2\/media\/10065"}],"wp:attachment":[{"href":"https:\/\/bangvietbavicoboard.com\/en\/wp-json\/wp\/v2\/media?parent=10061"}],"wp:term":[{"taxonomy":"product_brand","embeddable":true,"href":"https:\/\/bangvietbavicoboard.com\/en\/wp-json\/wp\/v2\/product_brand?post=10061"},{"taxonomy":"product_cat","embeddable":true,"href":"https:\/\/bangvietbavicoboard.com\/en\/wp-json\/wp\/v2\/product_cat?post=10061"},{"taxonomy":"product_tag","embeddable":true,"href":"https:\/\/bangvietbavicoboard.com\/en\/wp-json\/wp\/v2\/product_tag?post=10061"}],"curies":[{"name":"wp","href":"https:\/\/api.w.org\/{rel}","templated":true}]}}