{"id":10045,"date":"2024-12-14T01:31:07","date_gmt":"2024-12-14T01:31:07","guid":{"rendered":"https:\/\/bangvietbavicoboard.com\/?post_type=product&#038;p=10045"},"modified":"2025-03-31T03:20:48","modified_gmt":"2025-03-31T03:20:48","slug":"bang-2-mat-ghim-vai-bo-va-mat-but-long-cao-cap","status":"publish","type":"product","link":"https:\/\/bangvietbavicoboard.com\/en\/product\/bang-2-mat-ghim-vai-bo-va-mat-but-long-cao-cap\/","title":{"rendered":"B\u1ea3ng 2 m\u1eb7t ghim v\u1ea3i b\u1ed1 v\u00e0 m\u1eb7t b\u00fat l\u00f4ng cao c\u1ea5p"},"content":{"rendered":"<p><strong>B\u1ea3ng 2 m\u1eb7t ghim v\u1ea3i b\u1ed1 v\u00e0 m\u1eb7t b\u00fat l\u00f4ng cao c\u1ea5p\u00a0<\/strong>l\u00e0 s\u1ea3n ph\u1ea9m \u0111a n\u0103ng b\u1ea3ng ghim r\u1ea5t \u0111\u01b0\u1ee3c nhi\u1ec1u v\u0103n ph\u00f2ng, tr\u01b0\u1eddng h\u1ecdc hay gia \u0111\u00ecnh \u01b0a chu\u1ed9ng hi\u1ec7n nay. D\u00f9ng \u0111\u1ec3 ghim \u0111\u00ednh h\u00ecnh \u1ea3nh t\u00e0i li\u1ec7u r\u1ea5t th\u1ea9m m\u1ef9 v\u00e0 sang tr\u1ecdng. K\u1ebft h\u1ee3p v\u1edbi m\u1eb7t b\u1ea3ng b\u00fat l\u00f4ng cao c\u1ea5p s\u1eed d\u1ee5ng \u0111\u1ec3 vi\u1ebft. Gi\u00fap cho b\u1ea3ng t\u0103ng t\u1ed1i \u0111a \u0111\u01b0\u1ee3c c\u00f4ng d\u1ee5ng c\u1ee7a b\u1ea3ng.<\/p>\n<table>\n<tbody>\n<tr>\n<td style=\"text-align: center;\"><strong>M\u1eb6T B\u1ea2NG B\u00daT L\u00d4NG CAO C\u1ea4P<\/strong><\/td>\n<td style=\"text-align: center;\"><strong>M\u1eb6T B\u1ea2NG GHIM V\u1ea2I B\u1ed0<\/strong><\/td>\n<\/tr>\n<tr>\n<td><img loading=\"lazy\" decoding=\"async\" class=\"alignnone size-full wp-image-10048\" src=\"https:\/\/bangvietbavicoboard.com\/wp-content\/uploads\/2024\/12\/bang-2-mat-ghim-bo-blcc-3.png\" alt=\"\" width=\"1194\" height=\"1194\" srcset=\"https:\/\/bangvietbavicoboard.com\/wp-content\/uploads\/2024\/12\/bang-2-mat-ghim-bo-blcc-3.png 1194w, https:\/\/bangvietbavicoboard.com\/wp-content\/uploads\/2024\/12\/bang-2-mat-ghim-bo-blcc-3-400x400.png 400w, https:\/\/bangvietbavicoboard.com\/wp-content\/uploads\/2024\/12\/bang-2-mat-ghim-bo-blcc-3-800x800.png 800w, https:\/\/bangvietbavicoboard.com\/wp-content\/uploads\/2024\/12\/bang-2-mat-ghim-bo-blcc-3-280x280.png 280w, https:\/\/bangvietbavicoboard.com\/wp-content\/uploads\/2024\/12\/bang-2-mat-ghim-bo-blcc-3-768x768.png 768w, https:\/\/bangvietbavicoboard.com\/wp-content\/uploads\/2024\/12\/bang-2-mat-ghim-bo-blcc-3-12x12.png 12w, https:\/\/bangvietbavicoboard.com\/wp-content\/uploads\/2024\/12\/bang-2-mat-ghim-bo-blcc-3-300x300.png 300w, https:\/\/bangvietbavicoboard.com\/wp-content\/uploads\/2024\/12\/bang-2-mat-ghim-bo-blcc-3-600x600.png 600w, https:\/\/bangvietbavicoboard.com\/wp-content\/uploads\/2024\/12\/bang-2-mat-ghim-bo-blcc-3-100x100.png 100w, https:\/\/bangvietbavicoboard.com\/wp-content\/uploads\/2024\/12\/bang-2-mat-ghim-bo-blcc-3-96x96.png 96w\" sizes=\"auto, (max-width: 1194px) 100vw, 1194px\" \/><\/td>\n<td><img loading=\"lazy\" decoding=\"async\" class=\"alignnone size-full wp-image-10049\" src=\"https:\/\/bangvietbavicoboard.com\/wp-content\/uploads\/2024\/12\/bang-2-mat-ghim-bo-blcc-4.png\" alt=\"\" width=\"1194\" height=\"1194\" srcset=\"https:\/\/bangvietbavicoboard.com\/wp-content\/uploads\/2024\/12\/bang-2-mat-ghim-bo-blcc-4.png 1194w, https:\/\/bangvietbavicoboard.com\/wp-content\/uploads\/2024\/12\/bang-2-mat-ghim-bo-blcc-4-400x400.png 400w, https:\/\/bangvietbavicoboard.com\/wp-content\/uploads\/2024\/12\/bang-2-mat-ghim-bo-blcc-4-800x800.png 800w, https:\/\/bangvietbavicoboard.com\/wp-content\/uploads\/2024\/12\/bang-2-mat-ghim-bo-blcc-4-280x280.png 280w, https:\/\/bangvietbavicoboard.com\/wp-content\/uploads\/2024\/12\/bang-2-mat-ghim-bo-blcc-4-768x768.png 768w, https:\/\/bangvietbavicoboard.com\/wp-content\/uploads\/2024\/12\/bang-2-mat-ghim-bo-blcc-4-12x12.png 12w, https:\/\/bangvietbavicoboard.com\/wp-content\/uploads\/2024\/12\/bang-2-mat-ghim-bo-blcc-4-300x300.png 300w, https:\/\/bangvietbavicoboard.com\/wp-content\/uploads\/2024\/12\/bang-2-mat-ghim-bo-blcc-4-600x600.png 600w, https:\/\/bangvietbavicoboard.com\/wp-content\/uploads\/2024\/12\/bang-2-mat-ghim-bo-blcc-4-100x100.png 100w, https:\/\/bangvietbavicoboard.com\/wp-content\/uploads\/2024\/12\/bang-2-mat-ghim-bo-blcc-4-96x96.png 96w\" sizes=\"auto, (max-width: 1194px) 100vw, 1194px\" \/><\/td>\n<\/tr>\n<\/tbody>\n<\/table>\n<h2><span class=\"ez-toc-section\" id=\"Bang_co_cau_tao_nhu_sau\"><\/span><strong>B\u1ea3ng c\u00f3 c\u1ea5u t\u1ea1o nh\u01b0 sau:<\/strong><span class=\"ez-toc-section-end\"><\/span><\/h2>\n<p><strong><em>1. M\u1eb7t b\u1ea3ng:<\/em><\/strong><\/p>\n<p>\u2013 M\u1eb7t\u00a0<strong><em>b\u1ea3ng ghim v\u1ea3i b\u1ed1<\/em><\/strong>: v\u1edbi m\u1eb7t v\u1ea3i b\u1ed1 nhi\u1ec1u m\u00e0u: xanh bi\u1ec3n, xanh l\u00e1, \u0111\u1ecf, x\u00e1m, \u0111en, \u0111\u01b0\u1ee3c nh\u1eadp kh\u1ea9u t\u1eeb H\u1ed3ng K\u00f4ng. Ph\u00eda sau m\u1eb7t v\u1ea3i l\u00e0 l\u1edbp m\u1ed1p cao c\u1ea5p, ghim \u0111\u01b0\u1ee3c nhi\u1ec1u l\u1ea7n kh\u00f4ng \u0111\u1ec3 l\u1ea1i d\u1ea5u.<\/p>\n<p>\u2013 M\u1eb7t\u00a0<strong>b\u1ea3ng b\u00fat l\u00f4ng cao c\u1ea5p<\/strong>: v\u1edbi m\u1eb7t b\u1ea3ng v\u1edbi ch\u1ea5t li\u1ec7u ch\u00ednh b\u1eb1ng Greelam nh\u1eadp kh\u1ea9u t\u1eeb \u1ea4n \u0110\u1ed9. M\u1eb7t b\u1ea3ng m\u00e0u tr\u1eafng, vi\u1ebft \u00eam, kh\u00f4ng lem m\u1ef1c, \u0111\u1eb7c bi\u1ec7t lau d\u1ec5 d\u00e0ng m\u00e0 kh\u00f4ng \u0111\u1ec3 l\u1ea1i d\u1ea5u. Qu\u00fd kh\u00e1ch h\u00e0ng c\u00f3 th\u1ec3 l\u1ef1a ch\u1ecdn m\u1eb7t\u00a0<strong>b\u1ea3ng\u00a0<\/strong>tr\u1eafng tr\u01a1n ho\u1eb7c k\u1ebb \u00f4 ly vu\u00f4ng 5cm theo y\u00eau c\u1ea7u.<\/p>\n<p><strong><em>2. T\u1ea5m l\u00f3t b\u1ea3ng:<\/em><\/strong><\/p>\n<p>\u2013 B\u1eb1ng x\u1ed1p \u0111\u1ecbnh l\u01b0\u1ee3ng cao d\u00e0y 10mm.<\/p>\n<p>\u2013 \u0110\u1eb7c bi\u1ec7t ghim kh\u00f4ng \u0111\u1ec3 l\u1ea1i d\u1ea5u.<\/p>\n<p><strong><em>3. Khung\/bo b\u1ea3ng:<\/em><\/strong>\u00a0b\u1eb1ng g\u1ed7 th\u00f4ng ngo\u1ea1i nh\u1eadp ch\u1ed1ng cong v\u00eanh..<\/p>\n<p>To\u00e0n b\u1ed9\u00a0<strong>b\u1ea3ng\u00a0<\/strong>\u0111\u01b0\u1ee3c thi\u1ebft k\u1ebf m\u1ed9t c\u00e1ch sang tr\u1ecdng hi\u1ec7n \u0111\u1ea1i ph\u00f9 h\u1ee3p v\u1edbi m\u1ecdi kh\u00f4ng gian<\/p>\n<p>\u0110\u1ed9 b\u1ec1n cao, giao h\u00e0ng nhanh ch\u00f3ng v\u00e0 thu\u1eadn ti\u1ec7n, b\u1ea3o h\u00e0nh 12 th\u00e1ng.<\/p>\n<h3 style=\"text-align: center;\"><span class=\"ez-toc-section\" id=\"BANG_GIA_TAI_TPHO_CHI_MINH\"><\/span><span style=\"color: #000080;\"><strong>B\u1ea2NG GI\u00c1 T\u1ea0I TP.H\u1ed2 CH\u00cd MINH<\/strong><\/span><span class=\"ez-toc-section-end\"><\/span><\/h3>\n<table style=\"width: 94.8407%;\">\n<tbody>\n<tr>\n<td style=\"width: 77.8485%; text-align: center;\"><strong>B\u1ea2NG 2 M\u1eb6T GHIM V\u1ea2I B\u1ed0 V\u00c0 M\u1eb6T B\u00daT L\u00d4NG CAO C\u1ea4P<\/strong><br \/>\n<strong><span id=\"input_part_0\" class=\"\" data-mention=\"MI\u1ec4N PH\u00cd giao h\u00e0ng &amp; l\u1eafp \u0111\u1eb7t\">(MI\u1ec4N PH\u00cd giao h\u00e0ng &amp; l\u1eafp \u0111\u1eb7t)<\/span><\/strong><\/td>\n<td style=\"width: 12.5189%; text-align: center;\"><strong>K\u00cdCH TH\u01af\u1edaC<\/strong><br \/>\n<strong>Cao x Ngang (CM)<\/strong><\/td>\n<td style=\"width: 14.3803%; text-align: center;\"><strong>\u0110\u01a0N GI\u00c1<\/strong><br \/>\n<strong>(VN\u0110)<\/strong><\/td>\n<\/tr>\n<tr>\n<td style=\"width: 77.8485%;\" rowspan=\"10\"><strong><span id=\"input_part_0\" class=\"\" data-mention=\"Gi\u00e1 \u00e1p d\u1ee5ng t\u1ea1i H\u00f3c M\u00f4n, C\u1ee7 Chi v\u00e0 khu v\u1ef1c n\u1ed9i th\u00e0nh TPHCM (Q1,2,3,4,5,6,7,8,9,10,11,12,T\u00e2n B\u00ecnh, B\u00ecnh T\u00e2n, T\u00e2n Ph\u00fa, Ph\u00fa Nhu\u1eadn, B\u00ecnh Th\u1ea1nh, G\u00f2 V\u1ea5p)\"><img loading=\"lazy\" decoding=\"async\" class=\"alignnone size-full wp-image-10046\" src=\"https:\/\/bangvietbavicoboard.com\/wp-content\/uploads\/2024\/12\/bang-2-mat-ghim-bo-blcc-1.png\" alt=\"\" width=\"1194\" height=\"1194\" srcset=\"https:\/\/bangvietbavicoboard.com\/wp-content\/uploads\/2024\/12\/bang-2-mat-ghim-bo-blcc-1.png 1194w, https:\/\/bangvietbavicoboard.com\/wp-content\/uploads\/2024\/12\/bang-2-mat-ghim-bo-blcc-1-400x400.png 400w, https:\/\/bangvietbavicoboard.com\/wp-content\/uploads\/2024\/12\/bang-2-mat-ghim-bo-blcc-1-800x800.png 800w, https:\/\/bangvietbavicoboard.com\/wp-content\/uploads\/2024\/12\/bang-2-mat-ghim-bo-blcc-1-280x280.png 280w, https:\/\/bangvietbavicoboard.com\/wp-content\/uploads\/2024\/12\/bang-2-mat-ghim-bo-blcc-1-768x768.png 768w, https:\/\/bangvietbavicoboard.com\/wp-content\/uploads\/2024\/12\/bang-2-mat-ghim-bo-blcc-1-12x12.png 12w, https:\/\/bangvietbavicoboard.com\/wp-content\/uploads\/2024\/12\/bang-2-mat-ghim-bo-blcc-1-300x300.png 300w, https:\/\/bangvietbavicoboard.com\/wp-content\/uploads\/2024\/12\/bang-2-mat-ghim-bo-blcc-1-600x600.png 600w, https:\/\/bangvietbavicoboard.com\/wp-content\/uploads\/2024\/12\/bang-2-mat-ghim-bo-blcc-1-100x100.png 100w, https:\/\/bangvietbavicoboard.com\/wp-content\/uploads\/2024\/12\/bang-2-mat-ghim-bo-blcc-1-96x96.png 96w\" sizes=\"auto, (max-width: 1194px) 100vw, 1194px\" \/><\/span><\/strong><\/p>\n<p><strong><span id=\"input_part_0\" class=\"\" data-mention=\"Gi\u00e1 \u00e1p d\u1ee5ng t\u1ea1i H\u00f3c M\u00f4n, C\u1ee7 Chi v\u00e0 khu v\u1ef1c n\u1ed9i th\u00e0nh TPHCM (Q1,2,3,4,5,6,7,8,9,10,11,12,T\u00e2n B\u00ecnh, B\u00ecnh T\u00e2n, T\u00e2n Ph\u00fa, Ph\u00fa Nhu\u1eadn, B\u00ecnh Th\u1ea1nh, G\u00f2 V\u1ea5p)\">(Gi\u00e1 \u00e1p d\u1ee5ng t\u1ea1i H\u00f3c M\u00f4n, C\u1ee7 Chi v\u00e0 khu v\u1ef1c n\u1ed9i th\u00e0nh TP.HCM (Q1,2,3,4,5,6,7,8,9,10,11,12,T\u00e2n B\u00ecnh, B\u00ecnh T\u00e2n, T\u00e2n Ph\u00fa, Ph\u00fa Nhu\u1eadn, B\u00ecnh Th\u1ea1nh, G\u00f2 V\u1ea5p)<\/span><\/strong><\/td>\n<td style=\"width: 12.5189%; text-align: center;\"><strong>40\u00d760<\/strong><\/td>\n<td style=\"width: 14.3803%; text-align: center;\"><strong>385,000<\/strong><\/td>\n<\/tr>\n<tr>\n<td style=\"width: 12.5189%; text-align: center;\"><strong>60\u00d780<\/strong><\/td>\n<td style=\"width: 14.3803%; text-align: center;\"><strong>508,000<\/strong><\/td>\n<\/tr>\n<tr>\n<td style=\"width: 12.5189%; text-align: center;\"><strong>60\u00d7100<\/strong><\/td>\n<td style=\"width: 14.3803%; text-align: center;\"><strong>598,000<\/strong><\/td>\n<\/tr>\n<tr>\n<td style=\"width: 12.5189%; text-align: center;\"><strong>80\u00d7120<\/strong><\/td>\n<td style=\"width: 14.3803%; text-align: center;\">\n<div class=\"productInfo bb\">\n<div class=\"productPrice\">\n<div id=\"productPrice\">\n<div class=\"red\"><strong>721,000<\/strong><\/div>\n<\/div>\n<\/div>\n<\/div>\n<\/td>\n<\/tr>\n<tr>\n<td style=\"width: 12.5189%; text-align: center;\"><strong>100\u00d7120<\/strong><\/td>\n<td style=\"width: 14.3803%; text-align: center;\"><strong>1,340,000<\/strong><\/td>\n<\/tr>\n<tr>\n<td style=\"width: 12.5189%; text-align: center;\"><strong>120\u00d7140<\/strong><\/td>\n<td style=\"width: 14.3803%; text-align: center;\"><strong>1,485,000<\/strong><\/td>\n<\/tr>\n<tr>\n<td style=\"width: 12.5189%; text-align: center;\"><strong>120\u00d7160<\/strong><\/td>\n<td style=\"width: 14.3803%; text-align: center;\"><strong>1,783,000<\/strong><\/td>\n<\/tr>\n<tr>\n<td style=\"width: 12.5189%; text-align: center;\"><strong>120\u00d7180<\/strong><\/td>\n<td style=\"width: 14.3803%; text-align: center;\"><strong>1,988,000<\/strong><\/td>\n<\/tr>\n<tr>\n<td style=\"width: 12.5189%; text-align: center;\"><strong>120\u00d7200<\/strong><\/td>\n<td style=\"width: 14.3803%; text-align: center;\"><strong>2,074,000<\/strong><\/td>\n<\/tr>\n<tr>\n<td style=\"width: 12.5189%; text-align: center;\"><strong>120\u00d7240<\/strong><\/td>\n<td style=\"width: 14.3803%; text-align: center;\"><strong>2,231,000<\/strong><\/td>\n<\/tr>\n<\/tbody>\n<\/table>\n<h1><span class=\"ez-toc-section\" id=\"Li_do_nen_mua_san_pham_cua_Bang_viet_Bavico\"><\/span><strong>L\u00ed do n\u00ean mua s\u1ea3n ph\u1ea9m c\u1ee7a B\u1ea3ng vi\u1ebft Bavico:<\/strong><span class=\"ez-toc-section-end\"><\/span><\/h1>\n<ul>\n<li><span style=\"font-family: arial, helvetica, sans-serif; color: #000080;\">B\u1ea3ng vi\u1ebft BAVICO l\u00e0 th\u01b0\u01a1ng hi\u1ec7u uy t\u00edn trong l\u0129nh v\u1ef1c s\u1ea3n xu\u1ea5t b\u1ea3ng v\u1edbi h\u01a1n 22 n\u0103m kinh nghi\u1ec7m.<\/span><\/li>\n<li><span style=\"font-family: arial, helvetica, sans-serif; color: #000080;\">Doanh nghi\u1ec7p \u0111\u1ea7u ti\u00ean trong ng\u00e0nh \u0111\u01b0a b\u1ea3ng t\u1eeb v\u1ec1 Vi\u1ec7t Nam v\u00e0 t\u01b0 v\u1ea5n thay th\u1ebf b\u1ea3ng t\u1eeb trong tr\u01b0\u1eddng h\u1ecdc cho B\u1ed9 Gi\u00e1o d\u1ee5c v\u00e0 \u0110\u00e0o t\u1ea1o.<\/span><\/li>\n<li><span style=\"font-family: arial, helvetica, sans-serif; color: #000080;\">C\u00f3 ch\u1ee9ng nh\u1eadn nh\u1eadp kh\u1ea9u h\u00e0ng h\u00f3a theo \u0111\u00fang quy \u0111\u1ecbnh (CO \u2013 CQ).<\/span><\/li>\n<li><span style=\"font-family: arial, helvetica, sans-serif; color: #000080;\">\u0110\u1ed1i t\u00e1c ngu\u1ed3n nguy\u00ean li\u1ec7u ch\u00ednh (m\u1eb7t b\u1ea3ng) uy t\u00edn tr\u00ean to\u00e0n c\u1ea7u: Polyvion cho b\u1ec1 m\u1eb7t Ceramic v\u00e0 Dongshin cho b\u1ec1 m\u1eb7t th\u00e9p ph\u1ee7 s\u01a1n.<\/span><\/li>\n<li><span style=\"font-family: arial, helvetica, sans-serif; color: #000080;\">BAVICO t\u1ef1 h\u00e0o C\u00f4ng ty s\u1ea3n xu\u1ea5t v\u00e0 c\u1ea5p cung s\u1ea3n ph\u1ea9m tr\u1ef1c ti\u1ebfp\u00a0 \u2013 \u0110\u1ea3m b\u1ea3o s\u1ea3n ph\u1ea9m ch\u00ednh h\u00e3ng 100%.<\/span><\/li>\n<li><span style=\"font-family: arial, helvetica, sans-serif; color: #000080;\">B\u1ea3ng vi\u1ebft BAVICO \u0111\u00e3 ph\u1ee5c v\u1ee5 r\u1ea5t nhi\u1ec1u kh\u00e1ch h\u00e0ng l\u1edbn nh\u01b0: T\u1eadp \u0111o\u00e0n Samsung, Viettel, C\u00e1c Tr\u01b0\u1eddng Qu\u1ed1c T\u1ebf \u00c1 Ch\u00e2u, M\u1ef9, Ph\u00e1p, Nh\u1eadt,\u2026<\/span><\/li>\n<li><span style=\"font-family: arial, helvetica, sans-serif; color: #000080;\">S\u1ea3n ph\u1ea9m \u0111a d\u1ea1ng v\u1edbi nhi\u1ec1u s\u1ef1 l\u1ef1a ch\u1ecdn, thi\u1ebft k\u1ebf v\u00e0 s\u1ea3n xu\u1ea5t theo y\u00eau c\u1ea7u kh\u00e1ch h\u00e0ng.<\/span><\/li>\n<li><span style=\"font-family: arial, helvetica, sans-serif; color: #000080;\">Ch\u00ednh s\u00e1ch b\u1ea3o h\u00e0nh t\u1eeb 12 th\u00e1ng \u2013 36 th\u00e1ng gi\u00fap kh\u00e1ch h\u00e0ng y\u00ean t\u00e2m khi mua h\u00e0ng.<\/span><\/li>\n<\/ul>\n<h2><span class=\"ez-toc-section\" id=\"%3E%3E%3E_Moi_Quy_khach_hang_click_tham_khao_cac_loai_Bang_viet_but_long_khac\"><\/span><span style=\"font-family: arial, helvetica, sans-serif; color: #008000;\"><a style=\"color: #008000;\" href=\"https:\/\/bangvietbavicoboard.com\/en\/product-category\/bang-viet-but-long\/\"><em>&gt;&gt;&gt; M\u1eddi Qu\u00fd kh\u00e1ch h\u00e0ng click tham kh\u1ea3o c\u00e1c lo\u1ea1i B\u1ea3ng vi\u1ebft b\u00fat l\u00f4ng kh\u00e1c<\/em><\/a><\/span><span class=\"ez-toc-section-end\"><\/span><\/h2>\n<p>&nbsp;<\/p>","protected":false},"excerpt":{"rendered":"<p><strong>B\u1ea3ng 2 m\u1eb7t ghim v\u1ea3i b\u1ed1 v\u00e0 m\u1eb7t b\u00fat l\u00f4ng cao c\u1ea5p <\/strong>l\u00e0 s\u1ea3n ph\u1ea9m \u0111a n\u0103ng b\u1ea3ng ghim r\u1ea5t \u0111\u01b0\u1ee3c nhi\u1ec1u v\u0103n ph\u00f2ng, tr\u01b0\u1eddng h\u1ecdc hay gia \u0111\u00ecnh \u01b0a chu\u1ed9ng hi\u1ec7n nay.<\/p>\n<p>Gi\u00e1 \u00e1p d\u1ee5ng t\u1ea1i H\u00f3c M\u00f4n, C\u1ee7 Chi v\u00e0 khu v\u1ef1c n\u1ed9i th\u00e0nh TPHCM (Q1,2,3,4,5,6,7,8,9,10,11,12,T\u00e2n B\u00ecnh, B\u00ecnh T\u00e2n, T\u00e2n Ph\u00fa, Ph\u00fa Nhu\u1eadn, B\u00ecnh Th\u1ea1nh, G\u00f2 V\u1ea5p)<br \/>\nMI\u1ec4N PH\u00cd giao h\u00e0ng &amp; l\u1eafp \u0111\u1eb7t.<\/p>\n<p>&nbsp;<\/p>","protected":false},"featured_media":10046,"comment_status":"open","ping_status":"closed","template":"","meta":{"_acf_changed":false},"product_brand":[],"product_cat":[490],"product_tag":[],"class_list":{"0":"post-10045","1":"product","2":"type-product","3":"status-publish","4":"has-post-thumbnail","6":"product_cat-bang-treo-tuong","8":"first","9":"instock","10":"shipping-taxable","11":"purchasable","12":"product-type-variable"},"acf":[],"_links":{"self":[{"href":"https:\/\/bangvietbavicoboard.com\/en\/wp-json\/wp\/v2\/product\/10045","targetHints":{"allow":["GET"]}}],"collection":[{"href":"https:\/\/bangvietbavicoboard.com\/en\/wp-json\/wp\/v2\/product"}],"about":[{"href":"https:\/\/bangvietbavicoboard.com\/en\/wp-json\/wp\/v2\/types\/product"}],"replies":[{"embeddable":true,"href":"https:\/\/bangvietbavicoboard.com\/en\/wp-json\/wp\/v2\/comments?post=10045"}],"wp:featuredmedia":[{"embeddable":true,"href":"https:\/\/bangvietbavicoboard.com\/en\/wp-json\/wp\/v2\/media\/10046"}],"wp:attachment":[{"href":"https:\/\/bangvietbavicoboard.com\/en\/wp-json\/wp\/v2\/media?parent=10045"}],"wp:term":[{"taxonomy":"product_brand","embeddable":true,"href":"https:\/\/bangvietbavicoboard.com\/en\/wp-json\/wp\/v2\/product_brand?post=10045"},{"taxonomy":"product_cat","embeddable":true,"href":"https:\/\/bangvietbavicoboard.com\/en\/wp-json\/wp\/v2\/product_cat?post=10045"},{"taxonomy":"product_tag","embeddable":true,"href":"https:\/\/bangvietbavicoboard.com\/en\/wp-json\/wp\/v2\/product_tag?post=10045"}],"curies":[{"name":"wp","href":"https:\/\/api.w.org\/{rel}","templated":true}]}}