{"id":2325,"date":"2024-03-06T09:05:06","date_gmt":"2024-03-06T09:05:06","guid":{"rendered":"https:\/\/bavico.layoutwebdemo.com\/?page_id=2325"},"modified":"2024-03-06T09:41:27","modified_gmt":"2024-03-06T09:41:27","slug":"dai-ly","status":"publish","type":"page","link":"https:\/\/bangvietbavicoboard.com\/en\/dai-ly\/","title":{"rendered":"Agent"},"content":{"rendered":"<section class=\"section daily\" id=\"section_650132530\">\n\t\t<div class=\"bg section-bg fill bg-fill  bg-loaded\" >\n\n\t\t\t\n\t\t\t\n\t\t\t\n\n\t\t<\/div>\n\n\t\t\n\n\t\t<div class=\"section-content relative\">\n\t\t\t\n<div class=\"row\"  id=\"row-8757830\">\n\n\t<div id=\"col-220475371\" class=\"col small-12 large-12\"  >\n\t\t\t\t<div class=\"col-inner\"  >\n\t\t\t\n\t\t\t\n\t<div id=\"text-1582765516\" class=\"text title-text\">\n\t\t\n<p>\u0110\u1ea0I L\u00dd C\u00d4NG TY<\/p>\n\t\t\t<\/div>\n\t\n\t\t<\/div>\n\t\t\t\t\t<\/div>\n\n\t\n<\/div>\n<div class=\"row\"  id=\"row-910799874\">\n\n\t<div id=\"col-2135166914\" class=\"col medium-6 small-12 large-6\"  >\n\t\t\t\t<div class=\"col-inner\"  >\n\t\t\t\n\t\t\t\n\t<div id=\"text-2161571389\" class=\"text title-name\">\n\t\t\n<p>EQUIPMENT CO., EDUCATION BAVICO<\/p>\n\t\t\t<\/div>\n\t\n\t<div id=\"text-1964604672\" class=\"text be\">\n\t\t\n<p><span>\u0110\u1ecba ch\u1ec9:<\/span>S\u1ed1 26 &#8211; 28 \u0110\u01b0\u1eddng DD11, Khu Bi\u1ec7t Th\u1ef1 An S\u01b0\u01a1ng, P. T\u00e2n H\u01b0ng Thu\u1eadn, Q. 12, TP.HCM<\/p>\n\t\t\t<\/div>\n\t\n\t<div id=\"text-2539430510\" class=\"text be\">\n\t\t\n<p><span>TEL:&nbsp;<\/span>028 5427 5356 &#8211; 028 3592 4085 &#8211; 0903 392 443<\/p>\n\t\t\t<\/div>\n\t\n\t<div id=\"text-2947528335\" class=\"text be\">\n\t\t\n<p><span>Email: <\/span><a href=\"mailto:sale07@bangviet.layoutwebdemo.com\">sale07@bangviet.layoutwebdemo.com<\/a><\/p>\n\t\t\t<\/div>\n\t\n\t<div id=\"text-3837390745\" class=\"text be\">\n\t\t\n<p><span>Di \u0110\u1ed9ng:&nbsp;<\/span><a href=\"http:\/\/tel:0918549547\">0918 549&nbsp;547<\/a><\/p>\n\t\t\t<\/div>\n\t\n\t<div id=\"text-3407758555\" class=\"text be\">\n\t\t\n<p><span>Fax: <\/span>+84 3 592 4110<\/p>\n\t\t\t<\/div>\n\t\n\t<div id=\"text-3353281648\" class=\"text title-name\">\n\t\t\n<p>Nh\u00e0 ph\u00e2n ph\u1ed1i h\u1ec7 th\u1ed1ng METRO tr\u00ean to\u00e0n qu\u1ed1c<\/p>\n\t\t\t<\/div>\n\t\n\t<div id=\"text-2666088322\" class=\"text be\">\n\t\t\n<p><span>\u0110\u1ecba ch\u1ec9:<\/span>Khu B, Khu \u0110\u00f4 Th\u1ecb M\u1edbi An Ph\u00fa &#8211; An Kh\u00e1nh, Ph\u01b0\u1eddng An Ph\u00fa, Qu\u1eadn 2, TP.HCM<\/p>\n\t\t\t<\/div>\n\t\n\t<div id=\"text-3614259001\" class=\"text be\">\n\t\t\n<p><span>TEL:&nbsp;<\/span>028 5427 5356 &#8211; 028 3592 4085 &#8211; 0903 392 443<\/p>\n\t\t\t<\/div>\n\t\n\t<div id=\"text-1042118793\" class=\"text be1\">\n\t\t\n<p><span>Di \u0110\u1ed9ng:&nbsp;<\/span><a href=\"http:\/\/tel:0918549547\">0918 549&nbsp;547<\/a><\/p>\n\t\t\t<\/div>\n\t\n\t<div id=\"text-1937336856\" class=\"text be1\">\n\t\t\n<p><span>Fax: <\/span>+84 3 592 4110<\/p>\n\t\t\t<\/div>\n\t\n\t<div id=\"text-483349374\" class=\"text be1\">\n\t\t\n<p><span>Email: <\/span><a href=\"mailto:sale07@bangviet.layoutwebdemo.com\">sale07@bangviet.layoutwebdemo.com<\/a><\/p>\n\t\t\t<\/div>\n\t\n\t\t<\/div>\n\t\t\t\t\t<\/div>\n\n\t\n\n\t<div id=\"col-1749459411\" class=\"col medium-6 small-12 large-6\"  >\n\t\t\t\t<div class=\"col-inner\"  >\n\t\t\t\n\t\t\t\n\t<div id=\"text-2356373694\" class=\"text title-name\">\n\t\t\n<p>NH\u00c0 M\u00c1Y&nbsp;C\u00d4NG TY TNHH THI\u1ebeT B\u1eca GI\u00c1O D\u1ee4C BAVICO<\/p>\n\t\t\t<\/div>\n\t\n\t<div id=\"text-3762407217\" class=\"text be\">\n\t\t\n<p><span>\u0110\u1ecba ch\u1ec9:<\/span>S\u1ed1 80 H\u1ed3 V\u0103n T\u1eafng, X\u00e3 T\u00e2n Ph\u00fa Trung, Huy\u1ec7n C\u1ee7 Chi, TP.HCM<\/p>\n\t\t\t<\/div>\n\t\n\t<div id=\"text-2290715500\" class=\"text be\">\n\t\t\n<p><span>TEL:&nbsp;<\/span>028 5427 5356 &#8211; 028 3592 4085 &#8211; 0903 392 443<\/p>\n\t\t\t<\/div>\n\t\n\t<div id=\"text-1063986937\" class=\"text be\">\n\t\t\n<p><span>Di \u0110\u1ed9ng:&nbsp;<\/span><a href=\"http:\/\/tel:0918549547\">0918 549&nbsp;547<\/a><\/p>\n\t\t\t<\/div>\n\t\n\t<div id=\"text-2152858766\" class=\"text be\">\n\t\t\n<p><span>Fax: <\/span>+84 3 592 4110<\/p>\n\t\t\t<\/div>\n\t\n\t<div id=\"text-2172823356\" class=\"text be\">\n\t\t\n<p><span>Email: <\/span><a href=\"mailto:sale07@bangviet.layoutwebdemo.com\">sale07@bangviet.layoutwebdemo.com<\/a><\/p>\n\t\t\t<\/div>\n\t\n\t<div id=\"text-3883361344\" class=\"text title-name\">\n\t\t\n<p>Nh\u00e0 ph\u00e2n ph\u1ed1i c\u1ee7a h\u1ec7 th\u1ed1ng nh\u00e0 s\u00e1ch FAHASA tr\u00ean to\u00e0n qu\u1ed1c<\/p>\n\t\t\t<\/div>\n\t\n\t<div id=\"text-3814804396\" class=\"text be\">\n\t\t\n<p><span>\u0110\u1ecba ch\u1ec9:<\/span>60-62 L\u00ea L\u01a1\u0323i, Ph\u01b0\u01a1\u0300ng B\u00ea\u0301n Nghe\u0301, Qu\u00e2\u0323n 1, Tha\u0300nh ph\u00f4\u0301 H\u00f4\u0300 Chi\u0301 Minh<\/p>\n\t\t\t<\/div>\n\t\n\t<div id=\"text-427839119\" class=\"text be\">\n\t\t\n<p><span>TEL:&nbsp;<\/span>028 5427 5356 &#8211; 028 3592 4085 &#8211; 0903 392 443<\/p>\n\t\t\t<\/div>\n\t\n\t<div id=\"text-2165865744\" class=\"text be\">\n\t\t\n<p><span>Di \u0110\u1ed9ng:&nbsp;<\/span><a href=\"http:\/\/tel:0918549547\">0918 549&nbsp;547<\/a><\/p>\n\t\t\t<\/div>\n\t\n\t<div id=\"text-247610057\" class=\"text be\">\n\t\t\n<p><span>Fax: <\/span>+84 3 592 4110<\/p>\n\t\t\t<\/div>\n\t\n\t<div id=\"text-2125537728\" class=\"text be\">\n\t\t\n<p><span>Email: <\/span><a href=\"mailto:sale07@bangviet.layoutwebdemo.com\">sale07@bangviet.layoutwebdemo.com<\/a><\/p>\n\t\t\t<\/div>\n\t\n\t\t<\/div>\n\t\t\t\t\t<\/div>\n\n\t\n<\/div>\n<div class=\"row\"  id=\"row-49642525\">\n\n\t<div id=\"col-855603525\" class=\"col small-12 large-12\"  >\n\t\t\t\t<div class=\"col-inner\"  >\n\t\t\t\n\t\t\t\n\t<div id=\"text-3996668240\" class=\"text title-name\">\n\t\t\n<p>H\u1ec6 TH\u1ed0NG AEON MALL<\/p>\n\t\t\t<\/div>\n\t\n<p><strong>Aeon Mall T\u00e2n Ph\u00fa:<\/strong> 30 \u0110\u01b0\u1eddng B\u1edd Bao T\u00e2n Th\u1eafng, Q.T\u00e2n Ph\u00fa, TP.HCM (T\u1ea7ng 2)<\/p>\n<p><strong>Aeon Mall B\u00ecnh T\u00e2n:<\/strong> S\u1ed1 1 \u0111\u01b0\u1eddng s\u1ed1 17A, Khu ph\u1ed1 11, Ph\u01b0\u1eddng B\u00ecnh Tr\u1ecb \u0110\u00f4ng B, Qu\u1eadn B\u00ecnh T\u00e2n (T\u1ea7ng 2)<\/p>\n<p><strong>Aeon Mall B\u00ecnh D\u01b0\u01a1ng:<\/strong> 1 \u0110\u1ea1i L\u1ed9 B\u00ecnh D\u01b0\u01a1ng, KP. B\u00ecnh Giao, P.Thu\u1eadn Giao, Th\u1ecb X\u00e3 Thu\u1eadn An, B\u00ecnh D\u01b0\u01a1ng (T\u1ea7ng 2)<\/p>\n<p><strong>Aeon Mall Long Bi\u00ean:<\/strong> S\u1ed1 27 \u0111\u01b0\u1eddng C\u1ed5 Linh, Ph\u01b0\u1eddng Long Bi\u00ean, Qu\u1eadn Long Bi\u00ean, Th\u00e0nh Ph\u1ed1 H\u00e0 N\u1ed9i (T\u1ea7ng 2)<\/p>\n\t\t<\/div>\n\t\t\t\t\t<\/div>\n\n\t\n<\/div>\n\t\t<\/div>\n\n\t\t\n<style>\n#section_650132530 {\n  padding-top: 0px;\n  padding-bottom: 0px;\n}\n#section_650132530 .ux-shape-divider--top svg {\n  height: 150px;\n  --divider-top-width: 100%;\n}\n#section_650132530 .ux-shape-divider--bottom svg {\n  height: 150px;\n  --divider-width: 100%;\n}\n<\/style>\n\t<\/section>","protected":false},"excerpt":{"rendered":"","protected":false},"author":1,"featured_media":0,"parent":0,"menu_order":0,"comment_status":"closed","ping_status":"closed","template":"","meta":{"_acf_changed":false,"footnotes":""},"class_list":["post-2325","page","type-page","status-publish","hentry"],"acf":[],"_links":{"self":[{"href":"https:\/\/bangvietbavicoboard.com\/en\/wp-json\/wp\/v2\/pages\/2325","targetHints":{"allow":["GET"]}}],"collection":[{"href":"https:\/\/bangvietbavicoboard.com\/en\/wp-json\/wp\/v2\/pages"}],"about":[{"href":"https:\/\/bangvietbavicoboard.com\/en\/wp-json\/wp\/v2\/types\/page"}],"author":[{"embeddable":true,"href":"https:\/\/bangvietbavicoboard.com\/en\/wp-json\/wp\/v2\/users\/1"}],"replies":[{"embeddable":true,"href":"https:\/\/bangvietbavicoboard.com\/en\/wp-json\/wp\/v2\/comments?post=2325"}],"version-history":[{"count":3,"href":"https:\/\/bangvietbavicoboard.com\/en\/wp-json\/wp\/v2\/pages\/2325\/revisions"}],"predecessor-version":[{"id":2333,"href":"https:\/\/bangvietbavicoboard.com\/en\/wp-json\/wp\/v2\/pages\/2325\/revisions\/2333"}],"wp:attachment":[{"href":"https:\/\/bangvietbavicoboard.com\/en\/wp-json\/wp\/v2\/media?parent=2325"}],"curies":[{"name":"wp","href":"https:\/\/api.w.org\/{rel}","templated":true}]}}